{"id":16866,"date":"2024-05-03T06:30:22","date_gmt":"2024-05-03T06:30:22","guid":{"rendered":"https:\/\/elfsight.com\/de\/?page_id=16866"},"modified":"2025-07-08T10:14:30","modified_gmt":"2025-07-08T10:14:30","slug":"iframe","status":"publish","type":"page","link":"https:\/\/elfsight.com\/de\/before-and-after-slider-widget\/iframe\/","title":{"rendered":"Before and After Slider &#8211; iFrame"},"content":{"rendered":"<div class=\"application-platform-content-item-description application-platform-content-item\" id=\"description\" data-nav-section=\"description\"> <h2>Betten Sie den Vorher-Nachher-Slider mit dem Elfsight-Widget in iFrame ein<\/h2> <p>Mit dem Vorher-Nachher-Slider von Elfsight k\u00f6nnen Sie erstaunliche Werbung erstellen Bilder f\u00fcr Ihre Website. Kunden k\u00f6nnen alle Ergebnisse erkunden, die Ihre Produkte oder Dienstleistungen erzielen. Laden Sie einfach Vorher- und Nachher-Fotos in den Vorher- und Nachher-Slider f\u00fcr iFrame hoch und sie werden mit einer beweglichen Trennwand angezeigt, um die \u00c4nderung zu sehen. Sie k\u00f6nnen eine unbegrenzte Anzahl von Fotopaaren erstellen, jedes mit einer eigenen Bildunterschrift. Die Teilerrichtung kann horizontal oder vertikal sein, und Sie k\u00f6nnen das beste Bildverh\u00e4ltnis einstellen. Ihre Benutzer werden einem Kauf nicht entgehen, sobald sie das tats\u00e4chliche Ergebnis erfassen| Ihrer Angebote! <\/p> <p><b>Mit dem Vorher-Nachher-Schieberegler erleben Sie ein solides Gesch\u00e4ftswachstum und mehr Umsatz. <\/b><\/p> <\/div> <div class=\"application-platform-content-item-features application-platform-content-item\" id=\"features\" data-nav-section=\"features\"> <h2>Dies sind nur einige davon der leistungsstarken Widget-Funktionen: <\/h2> <ul><li>Demonstrieren Sie unbegrenzte Vorher- und Nachher-Bilds\u00e4tze<\/li> <li>F\u00fcgen Sie Beschriftungen mit Textformatierungseinstellungen zu jedem Satz hinzu<\/li><li>Zwei Layouts: Liste und Karussell<\/li><li>Horizontales oder vertikales Verschieben des Teilers<\/li><li>Klicken und Ziehen oder einfaches Bewegen des Mauszeigers, um den Teiler zu verschieben<\/li><li>Wischen auf Touchscreen-Ger\u00e4ten<\/li> <\/ul><p><a href=\"#demo\">Hier k\u00f6nnen Sie die gesamten Funktionen des Widgets in der Demo erkunden<\/a><\/p> <\/div> <div class=\"application-platform-content-item-installation application-platform-content-item\" id=\"installation\" data-nav-section=\"installation\"> <h2>Wie kann ich einen Vorher-Nachher-Slider in meine iFrame-Website einf\u00fcgen? <\/h2> <p>Befolgen Sie einfach die nachstehenden Anweisungen, um das Tool hinzuzuf\u00fcgen. <\/p> <ol><li><b>Starten Sie unseren kostenlosen Editor und beginnen Sie mit der Erstellung Ihres einzigartigen Plugins. <\/b><br> Geben Sie das benutzerdefinierte Formular und die Parameter des Plugins an und wenden Sie die \u00c4nderungen an. <\/li> <li><b>Sie erhalten Ihren pers\u00f6nlichen Code, der in der Box auf Elfsight Apps angezeigt wird.<\/b><br> Nachdem die Einrichtung Ihres pers\u00f6nlichen Plugins abgeschlossen ist, kopieren Sie den pers\u00f6nlichen Code aus der Box, die angezeigt wird, und bewahren Sie ihn auf zur sp\u00e4teren Verwendung. <\/li> <li><b>Geben Sie die Verwendung des Widgets auf Ihrer iFrame-Website ein<\/b><br> F\u00fcgen Sie den Code, den Sie k\u00fcrzlich in Ihrer Website gespeichert haben, ein und \u00fcbernehmen Sie die \u00c4nderungen. <\/li> <li><b>Das Setup ist vollst\u00e4ndig beendet<\/b><br> Besuchen Sie Ihre Website, um die Leistung des Widgets zu \u00fcberpr\u00fcfen. <\/li><\/ol> <p>Wenn Sie Fragen haben oder auf Komplikationen sto\u00dfen, z\u00f6gern Sie nicht, unserem Kundenservice zu schreiben. Unsere Spezialisten sind bestrebt, alle Schwierigkeiten zu l\u00f6sen, die Sie m\u00f6glicherweise mit dem Plugin haben. <\/p> <div class=\"faq\" data-component=\"FAQ\"><div class=\"faq-item\">\r\n\t\t\t\t\t<div class=\"faq-item-question\">\r\n\t\t\t\t\t\t<h3 class=\"faq-item-question-text\">Wie kann ich ohne Programmierkenntnisse einen Vorher- und Nachher-Schieberegler zu meiner iFrame-Website hinzuf\u00fcgen?<\/h3>\r\n\r\n\t\t\t\t\t\t<div class=\"faq-item-question-icon\"><\/div>\r\n\t\t\t\t\t<\/div>\r\n\r\n\t\t\t\t\t<div class=\"faq-item-answer\">\r\n\t\t\t\t\t\t<div class=\"faq-item-answer-text\"> <p>Elfsight bietet eine SaaS-L\u00f6sung, mit der Sie selbst ein Vorher- und Nachher-Schieberegler-Widget erstellen k\u00f6nnen Sehen Sie, wie einfach der Vorgang ist: Erstellen Sie direkt im Online-Editor ein Vorher-Nachher-Schieberegler-Widget, das Sie gerne auf Ihrer iFrame-Website sehen m\u00f6chten. W\u00e4hlen Sie eine der vorgefertigten Vorlagen aus und passen Sie die Einstellungen des Vorher- und Nachher-Schiebereglers an, f\u00fcgen Sie Ihre Inhalte hinzu, \u00e4ndern Sie das Layout und die Farben ohne Programmierkenntnisse. Speichern Sie den Vorher-Nachher-Schieberegler und kopieren Sie den Installationscode, den Sie problemlos in Ihre iFrame-Website einf\u00fcgen k\u00f6nnen, ohne ein kostenpflichtiges Abonnement zu kaufen. Mit unserem intuitiven Editor kann jeder Internetnutzer online ein Vorher-Nachher-Slider-Widget erstellen und es einfach in seine iFrame-Website einbetten. Um auf den Service zuzugreifen, m\u00fcssen Sie weder bezahlen noch Ihre Kartendaten eingeben. Sollten bei irgendeinem Schritt Probleme auftreten, wenden Sie sich bitte an unser technisches Support-Team.<\/p> <\/div>\r\n\t\t\t\t\t<\/div>\r\n\t\t\t\t<\/div> <\/div><\/div>","protected":false},"excerpt":{"rendered":"","protected":false},"author":9,"featured_media":0,"parent":1269,"menu_order":0,"comment_status":"closed","ping_status":"closed","template":"templates\/template-application-platform.php","meta":{"publish_to_discourse":"","publish_post_category":"","wpdc_auto_publish_overridden":"","wpdc_topic_tags":"","wpdc_pin_topic":"","wpdc_pin_until":"","discourse_post_id":"","discourse_permalink":"","wpdc_publishing_response":"","wpdc_publishing_error":"","footnotes":""},"class_list":["post-16866","page","type-page","status-publish","hentry"],"yoast_head":"<!-- This site is optimized with the Yoast SEO plugin v25.3.1 - https:\/\/yoast.com\/wordpress\/plugins\/seo\/ -->\n<title>Responsiver Vorher-Nachher-Bild-Slider f\u00fcr die iFrame-Website<\/title>\n<meta name=\"description\" content=\"F\u00fcgen Sie ein ansprechendes Vorher-Nachher-Slider-Widget auf Ihrer iFrame-Website ein. Schauen Sie sich die kostenlose Elfsight-Demo an und entwerfen Sie Ihr individuelles Widget in nur 2 Sekunden\" \/>\n<meta name=\"robots\" content=\"index, follow, max-snippet:-1, max-image-preview:large, max-video-preview:-1\" \/>\n<link rel=\"canonical\" href=\"https:\/\/elfsight.com\/de\/before-and-after-slider-widget\/iframe\/\" \/>\n<meta property=\"og:locale\" content=\"de_DE\" \/>\n<meta property=\"og:type\" content=\"article\" \/>\n<meta property=\"og:title\" content=\"Responsiver Vorher-Nachher-Bild-Slider f\u00fcr die iFrame-Website\" \/>\n<meta property=\"og:description\" content=\"F\u00fcgen Sie ein ansprechendes Vorher-Nachher-Slider-Widget auf Ihrer iFrame-Website ein. Schauen Sie sich die kostenlose Elfsight-Demo an und entwerfen Sie Ihr individuelles Widget in nur 2 Sekunden\" \/>\n<meta property=\"og:url\" content=\"https:\/\/elfsight.com\/de\/before-and-after-slider-widget\/iframe\/\" \/>\n<meta property=\"og:site_name\" content=\"Elfsight DE\" \/>\n<meta property=\"article:modified_time\" content=\"2025-07-08T10:14:30+00:00\" \/>\n<meta name=\"twitter:card\" content=\"summary_large_image\" \/>\n<meta name=\"twitter:label1\" content=\"Gesch\u00e4tzte Lesezeit\" \/>\n\t<meta name=\"twitter:data1\" content=\"3\u00a0Minuten\" \/>\n<!-- \/ Yoast SEO plugin. -->","yoast_head_json":{"title":"Responsiver Vorher-Nachher-Bild-Slider f\u00fcr die iFrame-Website","description":"F\u00fcgen Sie ein ansprechendes Vorher-Nachher-Slider-Widget auf Ihrer iFrame-Website ein. Schauen Sie sich die kostenlose Elfsight-Demo an und entwerfen Sie Ihr individuelles Widget in nur 2 Sekunden","robots":{"index":"index","follow":"follow","max-snippet":"max-snippet:-1","max-image-preview":"max-image-preview:large","max-video-preview":"max-video-preview:-1"},"canonical":"https:\/\/elfsight.com\/de\/before-and-after-slider-widget\/iframe\/","og_locale":"de_DE","og_type":"article","og_title":"Responsiver Vorher-Nachher-Bild-Slider f\u00fcr die iFrame-Website","og_description":"F\u00fcgen Sie ein ansprechendes Vorher-Nachher-Slider-Widget auf Ihrer iFrame-Website ein. Schauen Sie sich die kostenlose Elfsight-Demo an und entwerfen Sie Ihr individuelles Widget in nur 2 Sekunden","og_url":"https:\/\/elfsight.com\/de\/before-and-after-slider-widget\/iframe\/","og_site_name":"Elfsight DE","article_modified_time":"2025-07-08T10:14:30+00:00","twitter_card":"summary_large_image","twitter_misc":{"Gesch\u00e4tzte Lesezeit":"3\u00a0Minuten"},"schema":{"@context":"https:\/\/schema.org","@graph":[{"@type":"WebPage","@id":"https:\/\/elfsight.com\/de\/before-and-after-slider-widget\/iframe\/","url":"https:\/\/elfsight.com\/de\/before-and-after-slider-widget\/iframe\/","name":"Responsiver Vorher-Nachher-Bild-Slider f\u00fcr die iFrame-Website","isPartOf":{"@id":"https:\/\/elfsight.com\/de\/#website"},"datePublished":"2024-05-03T06:30:22+00:00","dateModified":"2025-07-08T10:14:30+00:00","description":"F\u00fcgen Sie ein ansprechendes Vorher-Nachher-Slider-Widget auf Ihrer iFrame-Website ein. Schauen Sie sich die kostenlose Elfsight-Demo an und entwerfen Sie Ihr individuelles Widget in nur 2 Sekunden","breadcrumb":{"@id":"https:\/\/elfsight.com\/de\/before-and-after-slider-widget\/iframe\/#breadcrumb"},"inLanguage":"de","potentialAction":[{"@type":"ReadAction","target":["https:\/\/elfsight.com\/de\/before-and-after-slider-widget\/iframe\/"]}]},{"@type":"BreadcrumbList","@id":"https:\/\/elfsight.com\/de\/before-and-after-slider-widget\/iframe\/#breadcrumb","itemListElement":[{"@type":"ListItem","position":1,"name":"Home","item":"https:\/\/elfsight.com\/de\/"},{"@type":"ListItem","position":2,"name":"Before and After Slider","item":"https:\/\/elfsight.com\/de\/before-and-after-slider-widget\/"},{"@type":"ListItem","position":3,"name":"Before and After Slider &#8211; iFrame"}]},{"@type":"WebSite","@id":"https:\/\/elfsight.com\/de\/#website","url":"https:\/\/elfsight.com\/de\/","name":"Elfsight DE","description":"Just another Elfsight Sites site","potentialAction":[{"@type":"SearchAction","target":{"@type":"EntryPoint","urlTemplate":"https:\/\/elfsight.com\/de\/?s={search_term_string}"},"query-input":{"@type":"PropertyValueSpecification","valueRequired":true,"valueName":"search_term_string"}}],"inLanguage":"de"}]}},"meta_box":{"industry":"","seo_heading":"","heading":"","description":"","cta_heading":"","cta_description":"","application":"504","h1":"Vorher-Nachher-Slider f\u00fcr iFrame","h1_caption":"Pr\u00e4sentieren Sie Vergleiche zwischen zwei Bildern, ideal, um Transformationen hervorzuheben oder Produktvorteile m\u00fchelos auf Ihrer iFrame-Website zu pr\u00e4sentieren.","application_category":[],"applications_title":"","applications_request_title":"","applications_request_button_text":"","hero_text":"","hero_video":"","hero_video_schema_markup":"","selling_points_title":"","selling_points_caption":"","selling_points":[],"selling_points_cta_text":"","features_title":"","features":"","ed_cta_examples_text":"","ed_cta_examples_hidden":"","ed_cta_demo_text":"","ed_cta_demo_hidden":"","why_caption":"","why_editor_title":"","why_editor_text":"","why_team_title":"","why_team_text":"","why_service_title":"","why_service_text":"","template_catalog_visible":"","template_catalog_title":"","template_catalog_text":"","template_catalog_categories_visible":"","demo_title":"Erstellen Sie Ihr Vorher-Nachher-Slider-Widget","demo_caption":"Konfigurieren Sie Ihren Vorher-Nachher-Slider und f\u00fcgen Sie ihn kostenlos zu Ihrer iFrame-Website hinzu!","default_faq_hidden":"","app_template_category":[],"platform":"240","template_public_id":"","codecanyon_url":"","codecanyon_item_id":"","codecanyon_price":"","pricing_caption":"","pricing_elfsight_apps_hide_column":"","pricing_elfsight_apps_url":"","pricing_codecanyon_price_caption":"","integration_category":[],"integration_request_title":"","integration_request_cta":"","integration_platform":"","integrations":[],"platform_category":[],"video_schema_markup":"","price":"ab 0 $ \/ Monat","trial":"","benefits":[{"text":"Kostenlose Installationshilfe"},{"text":"Kompetenter Kundenservice"},{"text":"14-t\u00e4gige R\u00fcckerstattungsgarantie"},{"text":"Zuk\u00fcnftige kostenlose Verbesserungen"}],"button_url":"#demo","button_target_blank":"","button_nofollow":"","attributes":[{"name":"Installiert","content":"10,000 - 100,000"},{"name":"Reaktionsfreudig","content":"Ja"},{"name":"Kompatible Browser","content":"Edge, Chrome, Firefox, Safari, Opera"}],"tags":[],"tags_disable_links":"","hide_more_platforms":"","video_object":"","demo_hide_cta":"","demo_hide_cloud_options":"","pricing_title":"","pricing":[{"pricing_icon":"platform","pricing_title":"Elfsight Apps","pricing_title_caption":"Plattform\u00fcbergreifende Version","pricing_price":"ab 0 $ \/ Monat","pricing_price_caption":"Beginnen Sie mit einem kostenlosen Plan","pricing_benefits":[{"text":"Unbegrenzte Websites"},{"text":"Professioneller Kundensupport"},{"text":"Kostenlose Installationsunterst\u00fctzung"},{"text":"Sonderangebot f\u00fcr mehrere Apps"}],"pricing_button_text":"Zur Website hinzuf\u00fcgen","pricing_button_url":"#demo"}],"related_apps_title":"","related_apps_hidden":"","author":"","image":[],"title":"","job":"","social_networks":[]},"_links":{"self":[{"href":"https:\/\/elfsight.com\/de\/wp-json\/wp\/v2\/pages\/16866","targetHints":{"allow":["GET"]}}],"collection":[{"href":"https:\/\/elfsight.com\/de\/wp-json\/wp\/v2\/pages"}],"about":[{"href":"https:\/\/elfsight.com\/de\/wp-json\/wp\/v2\/types\/page"}],"author":[{"embeddable":true,"href":"https:\/\/elfsight.com\/de\/wp-json\/wp\/v2\/users\/9"}],"replies":[{"embeddable":true,"href":"https:\/\/elfsight.com\/de\/wp-json\/wp\/v2\/comments?post=16866"}],"version-history":[{"count":2,"href":"https:\/\/elfsight.com\/de\/wp-json\/wp\/v2\/pages\/16866\/revisions"}],"predecessor-version":[{"id":21336,"href":"https:\/\/elfsight.com\/de\/wp-json\/wp\/v2\/pages\/16866\/revisions\/21336"}],"up":[{"embeddable":true,"href":"https:\/\/elfsight.com\/de\/wp-json\/wp\/v2\/pages\/1269"}],"wp:attachment":[{"href":"https:\/\/elfsight.com\/de\/wp-json\/wp\/v2\/media?parent=16866"}],"curies":[{"name":"wp","href":"https:\/\/api.w.org\/{rel}","templated":true}]}}