{"id":16856,"date":"2024-05-03T06:30:16","date_gmt":"2024-05-03T06:30:16","guid":{"rendered":"https:\/\/elfsight.com\/de\/?page_id=16856"},"modified":"2025-02-20T14:09:14","modified_gmt":"2025-02-20T14:09:14","slug":"squarespace","status":"publish","type":"page","link":"https:\/\/elfsight.com\/de\/before-and-after-slider-widget\/squarespace\/","title":{"rendered":"Before and After Slider &#8211; Squarespace"},"content":{"rendered":"\n<div class=\"application-platform-content-item-description application-platform-content-item\" id=\"description\" data-nav-section=\"description\"> <h2>Betten Sie den Vorher-Nachher-Slider auf Squarespace mit dem Elfsight-Widget ein<\/h2> <p>Der Vorher-Nachher-Slider von Elfsight hilft Ihnen bei der Konfiguration Werbebilder f\u00fcr Ihre Website. Benutzer k\u00f6nnen alle \u00c4nderungen erkunden, die Ihre Produkte oder Dienstleistungen mit sich bringen. Laden Sie einfach zwei Bilder in den Vorher-Nachher-Slider f\u00fcr Squarespace hoch und sie werden mit einem Teiler angezeigt, der verschoben werden kann, um die \u00c4nderung zu \u00fcberpr\u00fcfen. Sie k\u00f6nnen unbegrenzt viele Fotopaare erstellen sowie Bildunterschriften und Beschriftungen schreiben. Die Schieberichtung bietet zwei M\u00f6glichkeiten: horizontal oder vertikal, und Sie k\u00f6nnen das am besten geeignete Bildverh\u00e4ltnis frei w\u00e4hlen. Ihre Kunden werden dazu verdammt sein, zu bestellen, sobald sie die tats\u00e4chliche Effizienz erkennen| Ihrer Produkte! <\/p> <p><b>Machen Sie Ihre Website mit Hilfe von Vorher- und Nachher-Fotos erfolgreicher f\u00fcr E-Commerce-Ziele<\/b><\/p> <\/div> <div class=\"application-platform-content-item-features application-platform-content-item\" id=\"features\" data-nav-section=\"features\"> <h2>Entdecken Sie die Liste der besten Funktionen: <\/h2> <ul><li>Betten Sie beliebig viele Vorher- und Nachher-Bildpaare ein<\/li> <li>F\u00fcgen Sie zu jedem Foto Bildunterschriften mit Textformatierungsoptionen ein<\/li> <li>Zwei Layouts: Liste und Karussell<\/li><li>Horizontale oder vertikale Richtung der Trennlinie<\/li><li>Klicken und ziehen oder einfach den Mauszeiger bewegen, um die Trennlinie zu verschieben<\/li><li>Wischen Sie bei Ber\u00fchrung Ger\u00e4te<\/li><\/ul><p><a href=\"#demo\">Probieren Sie einfach diese Demo aus, um zu sehen, wie es funktioniert<\/a><\/p> <\/div> <div class=\"application-platform-content-item-installation application-platform-content-item\" id=\"installation\" data-nav-section=\"installation\"> <h2>Wie bette ich den Vorher-Nachher-Slider auf meiner Squarespace-Website ein? <\/h2> <div class=\"video-container\"><iframe width=\"560\" height=\"315\" src=\"https:\/\/www.youtube.com\/embed\/SfZFLX1CzJU?si=Yp_5XhVpcAotOZT1\" frameborder=\"0\" allow=\"accelerometer; autoplay; clipboard-write; encrypted-media; gyroscope; picture-in-picture; web-share\" allowfullscreen><\/iframe><\/div><p>Befolgen Sie einfach die nachstehenden Anweisungen, um das Tool zu integrieren. <\/p> <ol><li><b>\u00d6ffnen Sie unseren kostenlosen Konfigurator und beginnen Sie mit der Erstellung Ihres eigenen Plugins. <\/b><br> Bestimmen Sie die benutzerdefinierte Form und Eigenschaften des Plugins und speichern Sie die Korrekturen. <\/li> <li><b>Erhalten Sie Ihren individuellen Code in einem speziellen Formular auf Elfsight Apps<\/b><br> Kopieren Sie direkt nach Abschluss der Generierung Ihres Plugins den pers\u00f6nlichen Code aus dem angezeigten Popup und speichern Sie ihn es f\u00fcr weiteren Bedarf. <\/li> <li><b>Beginnen Sie mit der Verwendung des Tools auf Ihrer Squarespace-Homepage<\/b><br> Platzieren Sie den zuvor kopierten Code auf Ihrer Website und wenden Sie die Verbesserungen an. <\/li> <li><b>Das Setup ist vollst\u00e4ndig ausgef\u00fchrt<\/b><br> Besuchen Sie Ihre Seite, um in Aktion zu sehen, wie das Widget funktioniert. <\/li><\/ol> <p>Wenn Sie auf Anfragen sto\u00dfen oder auf Hindernisse sto\u00dfen, scheuen Sie sich nicht, sich an unsere Kundendienstmitarbeiter zu wenden. Unsere Mitarbeiter l\u00f6sen gerne alle Probleme, die Sie mit dem Widget haben k\u00f6nnten. <\/p> <div class=\"faq\" data-component=\"FAQ\"><div class=\"faq-item\">\r\n\t\t\t\t\t<div class=\"faq-item-question\">\r\n\t\t\t\t\t\t<h3 class=\"faq-item-question-text\">Wie kann ich ohne Programmierkenntnisse einen Vorher- und Nachher-Schieberegler zu meiner Squarespace-Website hinzuf\u00fcgen?<\/h3>\r\n\r\n\t\t\t\t\t\t<div class=\"faq-item-question-icon\"><\/div>\r\n\t\t\t\t\t<\/div>\r\n\r\n\t\t\t\t\t<div class=\"faq-item-answer\">\r\n\t\t\t\t\t\t<div class=\"faq-item-answer-text\"> <p>Elfsight bietet eine SaaS-L\u00f6sung, mit der Sie selbst ein Vorher- und Nachher-Schieberegler-Widget erstellen k\u00f6nnen Sehen Sie, wie einfach der Vorgang ist: Arbeiten Sie direkt im Online-Editor, um ein Vorher-Nachher-Schieberegler-Widget zu erstellen, das Sie gerne auf Ihrer Squarespace-Website sehen w\u00fcrden. W\u00e4hlen Sie eine der vorgefertigten Vorlagen aus und passen Sie die Einstellungen des Vorher- und Nachher-Schiebereglers an, f\u00fcgen Sie Ihre Inhalte hinzu, \u00e4ndern Sie das Layout und die Farben ohne Programmierkenntnisse. Speichern Sie den Vorher-Nachher-Schieberegler und kopieren Sie den Installationscode, den Sie problemlos in Ihre Squarespace-Website einf\u00fcgen k\u00f6nnen, ohne ein kostenpflichtiges Abonnement zu kaufen. Mit unserem intuitiven Editor kann jeder Internetnutzer online ein Vorher-Nachher-Slider-Widget erstellen und es ganz einfach in seine Squarespace-Website einbetten. Sie m\u00fcssen weder bezahlen noch Ihre Kartendaten eingeben, um auf den Service zuzugreifen. Sollten bei irgendeinem Schritt Probleme auftreten, wenden Sie sich bitte an unser technisches Support-Team.<\/p> <\/div>\r\n\t\t\t\t\t<\/div>\r\n\t\t\t\t<\/div> <\/div><\/div>\n","protected":false},"excerpt":{"rendered":"","protected":false},"author":9,"featured_media":0,"parent":1269,"menu_order":0,"comment_status":"closed","ping_status":"closed","template":"templates\/template-application-platform.php","meta":{"publish_to_discourse":"","publish_post_category":"","wpdc_auto_publish_overridden":"","wpdc_topic_tags":"","wpdc_pin_topic":"","wpdc_pin_until":"","discourse_post_id":"","discourse_permalink":"","wpdc_publishing_response":"","wpdc_publishing_error":"","footnotes":""},"class_list":["post-16856","page","type-page","status-publish","hentry"],"yoast_head":"<!-- This site is optimized with the Yoast SEO plugin v25.3.1 - https:\/\/yoast.com\/wordpress\/plugins\/seo\/ -->\n<title>Vorher-Nachher-Slider f\u00fcr die Squarespace-Website (kostenlos und schnell!)<\/title>\n<meta name=\"description\" content=\"Gestalten Sie das Vorher-Nachher-Slider-Widget auf Ihrer Squarespace-Website. Testen Sie die kostenlose Elfsight-Demo und entwerfen Sie Ihren Vergleichs-Slider in nur wenigen Sekunden.\" \/>\n<meta name=\"robots\" content=\"index, follow, max-snippet:-1, max-image-preview:large, max-video-preview:-1\" \/>\n<link rel=\"canonical\" href=\"https:\/\/elfsight.com\/de\/before-and-after-slider-widget\/squarespace\/\" \/>\n<meta property=\"og:locale\" content=\"de_DE\" \/>\n<meta property=\"og:type\" content=\"article\" \/>\n<meta property=\"og:title\" content=\"Vorher-Nachher-Slider f\u00fcr die Squarespace-Website (kostenlos und schnell!)\" \/>\n<meta property=\"og:description\" content=\"Gestalten Sie das Vorher-Nachher-Slider-Widget auf Ihrer Squarespace-Website. Testen Sie die kostenlose Elfsight-Demo und entwerfen Sie Ihren Vergleichs-Slider in nur wenigen Sekunden.\" \/>\n<meta property=\"og:url\" content=\"https:\/\/elfsight.com\/de\/before-and-after-slider-widget\/squarespace\/\" \/>\n<meta property=\"og:site_name\" content=\"Elfsight DE\" \/>\n<meta property=\"article:modified_time\" content=\"2025-02-20T14:09:14+00:00\" \/>\n<meta name=\"twitter:card\" content=\"summary_large_image\" \/>\n<meta name=\"twitter:label1\" content=\"Gesch\u00e4tzte Lesezeit\" \/>\n\t<meta name=\"twitter:data1\" content=\"3\u00a0Minuten\" \/>\n<!-- \/ Yoast SEO plugin. -->","yoast_head_json":{"title":"Vorher-Nachher-Slider f\u00fcr die Squarespace-Website (kostenlos und schnell!)","description":"Gestalten Sie das Vorher-Nachher-Slider-Widget auf Ihrer Squarespace-Website. Testen Sie die kostenlose Elfsight-Demo und entwerfen Sie Ihren Vergleichs-Slider in nur wenigen Sekunden.","robots":{"index":"index","follow":"follow","max-snippet":"max-snippet:-1","max-image-preview":"max-image-preview:large","max-video-preview":"max-video-preview:-1"},"canonical":"https:\/\/elfsight.com\/de\/before-and-after-slider-widget\/squarespace\/","og_locale":"de_DE","og_type":"article","og_title":"Vorher-Nachher-Slider f\u00fcr die Squarespace-Website (kostenlos und schnell!)","og_description":"Gestalten Sie das Vorher-Nachher-Slider-Widget auf Ihrer Squarespace-Website. Testen Sie die kostenlose Elfsight-Demo und entwerfen Sie Ihren Vergleichs-Slider in nur wenigen Sekunden.","og_url":"https:\/\/elfsight.com\/de\/before-and-after-slider-widget\/squarespace\/","og_site_name":"Elfsight DE","article_modified_time":"2025-02-20T14:09:14+00:00","twitter_card":"summary_large_image","twitter_misc":{"Gesch\u00e4tzte Lesezeit":"3\u00a0Minuten"},"schema":{"@context":"https:\/\/schema.org","@graph":[{"@type":"WebPage","@id":"https:\/\/elfsight.com\/de\/before-and-after-slider-widget\/squarespace\/","url":"https:\/\/elfsight.com\/de\/before-and-after-slider-widget\/squarespace\/","name":"Vorher-Nachher-Slider f\u00fcr die Squarespace-Website (kostenlos und schnell!)","isPartOf":{"@id":"https:\/\/elfsight.com\/de\/#website"},"datePublished":"2024-05-03T06:30:16+00:00","dateModified":"2025-02-20T14:09:14+00:00","description":"Gestalten Sie das Vorher-Nachher-Slider-Widget auf Ihrer Squarespace-Website. Testen Sie die kostenlose Elfsight-Demo und entwerfen Sie Ihren Vergleichs-Slider in nur wenigen Sekunden.","breadcrumb":{"@id":"https:\/\/elfsight.com\/de\/before-and-after-slider-widget\/squarespace\/#breadcrumb"},"inLanguage":"de","potentialAction":[{"@type":"ReadAction","target":["https:\/\/elfsight.com\/de\/before-and-after-slider-widget\/squarespace\/"]}]},{"@type":"BreadcrumbList","@id":"https:\/\/elfsight.com\/de\/before-and-after-slider-widget\/squarespace\/#breadcrumb","itemListElement":[{"@type":"ListItem","position":1,"name":"Home","item":"https:\/\/elfsight.com\/de\/"},{"@type":"ListItem","position":2,"name":"Before and After Slider","item":"https:\/\/elfsight.com\/de\/before-and-after-slider-widget\/"},{"@type":"ListItem","position":3,"name":"Before and After Slider &#8211; Squarespace"}]},{"@type":"WebSite","@id":"https:\/\/elfsight.com\/de\/#website","url":"https:\/\/elfsight.com\/de\/","name":"Elfsight DE","description":"Just another Elfsight Sites site","potentialAction":[{"@type":"SearchAction","target":{"@type":"EntryPoint","urlTemplate":"https:\/\/elfsight.com\/de\/?s={search_term_string}"},"query-input":{"@type":"PropertyValueSpecification","valueRequired":true,"valueName":"search_term_string"}}],"inLanguage":"de"}]}},"meta_box":{"industry":"","seo_heading":"","heading":"","description":"","cta_heading":"","cta_description":"","application":"504","h1":"Vorher-Nachher-Slider f\u00fcr Squarespace","h1_caption":"Pr\u00e4sentieren Sie Vergleiche zwischen zwei Bildern, ideal, um Ver\u00e4nderungen hervorzuheben oder Produktvorteile m\u00fchelos auf Ihrer Squarespace-Website zu pr\u00e4sentieren.","application_category":[],"applications_title":"","applications_request_title":"","applications_request_button_text":"","hero_text":"","hero_video":"","hero_video_schema_markup":"","selling_points_title":"","selling_points_caption":"","selling_points":[],"selling_points_cta_text":"","features_title":"","features":"","ed_cta_examples_text":"","ed_cta_examples_hidden":"","ed_cta_demo_text":"","ed_cta_demo_hidden":"","why_caption":"","why_editor_title":"","why_editor_text":"","why_team_title":"","why_team_text":"","why_service_title":"","why_service_text":"","template_catalog_visible":"0","template_catalog_title":"","template_catalog_text":"","template_catalog_categories_visible":"","demo_title":"Erstellen Sie Ihr Vorher-Nachher-Slider-Plugin","demo_caption":"Konfigurieren Sie Ihren Vorher-Nachher-Slider und f\u00fcgen Sie ihn kostenlos zu Ihrer Squarespace-Website hinzu!","default_faq_hidden":"","app_template_category":[],"platform":"252","template_public_id":"","codecanyon_url":"","codecanyon_item_id":"","codecanyon_price":"","pricing_caption":"","pricing_elfsight_apps_hide_column":"","pricing_elfsight_apps_url":"","pricing_codecanyon_price_caption":"","integration_category":[],"integration_request_title":"","integration_request_cta":"","integration_platform":"","integrations":[],"platform_category":[],"video_schema_markup":"","price":"ab 0 $ \/ Monat","trial":"","benefits":[{"text":"Kostenlose Installationshilfe"},{"text":"Professioneller Kundenservice"},{"text":"14-t\u00e4gige R\u00fcckerstattungsgarantie"},{"text":"Laufende kostenlose Verbesserungen"}],"button_url":"#demo","button_target_blank":"0","button_nofollow":"0","attributes":[{"name":"Installiert","content":"10,000 - 100,000"},{"name":"Reaktionsfreudig","content":"Ja"},{"name":"Kompatible Browser","content":"Firefox, Safari, Opera, Chrome, Edge"}],"tags":[],"tags_disable_links":"0","hide_more_platforms":"0","video_object":"","demo_hide_cta":"0","demo_hide_cloud_options":"0","pricing_title":"","pricing":[{"pricing_icon":"platform","pricing_title":"Elfsight Apps","pricing_title_caption":"Plattformunabh\u00e4ngige Software, die f\u00fcr jede Site geeignet ist","pricing_price":"ab 0 $ \/ Monat","pricing_price_caption":"Beginnen Sie mit einem kostenlosen Plan","pricing_benefits":[{"text":"Unbegrenzte Domains"},{"text":"Professionelle Kundenbetreuung und gut dokumentiert"},{"text":"Kostenlose Installationshilfe"},{"text":"100 % anpassbar"}],"pricing_button_text":"Zur Website hinzuf\u00fcgen","pricing_button_url":"#demo"}],"related_apps_title":"","related_apps_hidden":"0","author":"","image":[],"title":"","job":"","social_networks":[]},"_links":{"self":[{"href":"https:\/\/elfsight.com\/de\/wp-json\/wp\/v2\/pages\/16856","targetHints":{"allow":["GET"]}}],"collection":[{"href":"https:\/\/elfsight.com\/de\/wp-json\/wp\/v2\/pages"}],"about":[{"href":"https:\/\/elfsight.com\/de\/wp-json\/wp\/v2\/types\/page"}],"author":[{"embeddable":true,"href":"https:\/\/elfsight.com\/de\/wp-json\/wp\/v2\/users\/9"}],"replies":[{"embeddable":true,"href":"https:\/\/elfsight.com\/de\/wp-json\/wp\/v2\/comments?post=16856"}],"version-history":[{"count":3,"href":"https:\/\/elfsight.com\/de\/wp-json\/wp\/v2\/pages\/16856\/revisions"}],"predecessor-version":[{"id":24592,"href":"https:\/\/elfsight.com\/de\/wp-json\/wp\/v2\/pages\/16856\/revisions\/24592"}],"up":[{"embeddable":true,"href":"https:\/\/elfsight.com\/de\/wp-json\/wp\/v2\/pages\/1269"}],"wp:attachment":[{"href":"https:\/\/elfsight.com\/de\/wp-json\/wp\/v2\/media?parent=16856"}],"curies":[{"name":"wp","href":"https:\/\/api.w.org\/{rel}","templated":true}]}}