{"id":16850,"date":"2024-05-03T06:30:14","date_gmt":"2024-05-03T06:30:14","guid":{"rendered":"https:\/\/elfsight.com\/de\/?page_id=16850"},"modified":"2025-07-08T10:15:44","modified_gmt":"2025-07-08T10:15:44","slug":"webnode","status":"publish","type":"page","link":"https:\/\/elfsight.com\/de\/before-and-after-slider-widget\/webnode\/","title":{"rendered":"Before and After Slider &#8211; Webnode"},"content":{"rendered":"<div class=\"application-platform-content-item-description application-platform-content-item\" id=\"description\" data-nav-section=\"description\"> <h2>Beschreibung<\/h2> <p> Mit dem Vorher-Nachher-Slider von Elfsight k\u00f6nnen Sie beeindruckende, verkaufseffiziente Bilder f\u00fcr Ihre Website anzeigen. Kunden k\u00f6nnen alle \u00c4nderungen erkunden, die Ihre Waren oder Dienstleistungen mit sich bringen. Laden Sie einfach zwei Fotos auf den Vorher-Nachher-Slider f\u00fcr Webnode hoch und sie werden mit einer Trennwand ausgestattet, die verschoben werden kann, um den Unterschied zu sehen. Sie k\u00f6nnen eine unbegrenzte Anzahl von Folien ver\u00f6ffentlichen und Bildunterschriften und Beschriftungen schreiben. Die Schiebeausrichtung kann horizontal oder vertikal sein, und Sie k\u00f6nnen das am besten passende Bildverh\u00e4ltnis w\u00e4hlen. Ihre Kunden werden auf jeden Fall einen Kauf t\u00e4tigen, wenn sie das tats\u00e4chliche Ergebnis erfassen Ihrer Angebote! <\/p> <p><b>Vor &amp; einf\u00fcgen nach dem Slider, um Ihre E-Commerce-Ziele mit weniger Aufwand zu erreichen! <\/b><\/p> <\/div> <div class=\"application-platform-content-item-features application-platform-content-item\" id=\"features\" data-nav-section=\"features\"> <h2>Die beliebtesten Widget-Funktionen umfassen<\/h2> <ul><li>Unbegrenzt viele Vorher- und Nachher-Fotos anzeigen<\/li> <li>F\u00fcgen Sie in jeden Satz Beschriftungen mit Textformatierungsoptionen ein<\/li><li>Zwei integrierte Layouts: Liste und Karussell<\/li><li>Horizontales oder vertikales Verschieben der Trennlinie<\/li><li>Klicken Sie auf und Ziehen oder bewegen Sie einfach den Mauszeiger, um die Trennlinie zu verschieben<\/li><li>Wischen Sie auf Touchscreens<\/li><\/ul><p><a href=\"#demo\">Sie k\u00f6nnen sich die vollst\u00e4ndigen Funktionen des Widgets ansehen die Demo auf dieser Seite<\/a><\/p> <\/div> <div class=\"application-platform-content-item-installation application-platform-content-item\" id=\"installation\" data-nav-section=\"installation\"> <h2>Wie kann ich Vorher- und Nachher-Slider auf meiner Webnode-Website hinzuf\u00fcgen? <\/h2> <p>F\u00fchren Sie einfach die folgenden Richtlinien aus, um das Plugin einzuf\u00fcgen. <\/p> <ol><li><b>Verwalten Sie unseren kostenlosen Konfigurator und beginnen Sie mit der Erstellung Ihres ma\u00dfgeschneiderten Instruments. <\/b><br> Geben Sie das bevorzugte Aussehen und die Optionen des Widgets an und speichern Sie die \u00c4nderungen. <\/li> <li><b>Lassen Sie sich Ihren einzigartigen Code in der speziellen Form auf Elfsight Apps anzeigen<\/b><br> Wenn die Anpassung Ihres pers\u00f6nlichen Plugins abgeschlossen ist, kopieren Sie den exklusiven Code im angezeigten Fenster und speichern Sie ihn f\u00fcr weiteren Bedarf. <\/li> <li><b>Geben Sie die Verwendung des Tools auf Ihrer Webnode-Website ein<\/b><br> Betten Sie den k\u00fcrzlich gespeicherten Code in Ihre Seite ein und \u00fcbernehmen Sie die Korrekturen. <\/li> <li><b>Die Installation ist vollst\u00e4ndig abgeschlossen<\/b><br> Besuchen Sie Ihre Webseite, um zu sehen, wie das Plugin funktioniert. <\/li><\/ol> <p>Wenn Sie Fragen stellen oder auf Probleme sto\u00dfen, k\u00f6nnen Sie sich gerne an unsere Support-Mitarbeiter wenden. Unsere Mitarbeiter sind bestrebt, alle Ihre Fragen zum Widget zu beantworten. <\/p> <div class=\"faq\" data-component=\"FAQ\"><div class=\"faq-item\">\r\n\t\t\t\t\t<div class=\"faq-item-question\">\r\n\t\t\t\t\t\t<h3 class=\"faq-item-question-text\">Wie f\u00fcge ich ohne Programmierkenntnisse einen Vorher- und Nachher-Schieberegler zu meiner Webnode-Website hinzu?<\/h3>\r\n\r\n\t\t\t\t\t\t<div class=\"faq-item-question-icon\"><\/div>\r\n\t\t\t\t\t<\/div>\r\n\r\n\t\t\t\t\t<div class=\"faq-item-answer\">\r\n\t\t\t\t\t\t<div class=\"faq-item-answer-text\"> <p>Elfsight bietet eine SaaS-L\u00f6sung, mit der Sie selbst ein Vorher- und Nachher-Schieberegler-Widget erstellen k\u00f6nnen. Sehen Sie, wie einfach der Vorgang ist: Erstellen Sie direkt im Online-Editor ein Vorher-Nachher-Slider-Widget, das Sie gerne auf Ihrer Webnode-Website sehen w\u00fcrden. W\u00e4hlen Sie eine der vorgefertigten Vorlagen aus und passen Sie die Einstellungen des Vorher- und Nachher-Schiebereglers an, f\u00fcgen Sie Ihre Inhalte hinzu, \u00e4ndern Sie das Layout und die Farben ohne Programmierkenntnisse. Speichern Sie den Vorher-Nachher-Schieberegler und kopieren Sie den Installationscode, den Sie auf Ihrer Webnode-Website hinzuf\u00fcgen k\u00f6nnen, ohne ein kostenpflichtiges Abonnement kaufen zu m\u00fcssen. Mit unserem intuitiven Editor kann jeder Internetnutzer online ein Vorher-Nachher-Slider-Widget erstellen und es einfach in seine Webnode-Website einbetten. Sie m\u00fcssen weder bezahlen noch Ihre Kartendaten eingeben, um auf den Service zuzugreifen. Sollten bei irgendeinem Schritt Probleme auftreten, wenden Sie sich bitte an unser technisches Support-Team.<\/p> <\/div>\r\n\t\t\t\t\t<\/div>\r\n\t\t\t\t<\/div> <\/div><\/div>","protected":false},"excerpt":{"rendered":"","protected":false},"author":9,"featured_media":0,"parent":1269,"menu_order":0,"comment_status":"closed","ping_status":"closed","template":"templates\/template-application-platform.php","meta":{"publish_to_discourse":"","publish_post_category":"","wpdc_auto_publish_overridden":"","wpdc_topic_tags":"","wpdc_pin_topic":"","wpdc_pin_until":"","discourse_post_id":"","discourse_permalink":"","wpdc_publishing_response":"","wpdc_publishing_error":"","footnotes":""},"class_list":["post-16850","page","type-page","status-publish","hentry"],"yoast_head":"<!-- This site is optimized with the Yoast SEO plugin v25.3.1 - https:\/\/yoast.com\/wordpress\/plugins\/seo\/ -->\n<title>Responsiver Vorher-Nachher-Bild-Slider f\u00fcr die Muse-Website<\/title>\n<meta name=\"description\" content=\"Erstellen Sie ein Vorher-Nachher-Slider-Widget auf Ihrer Webnode-Website. Testen Sie die kostenlose Elfsight-Demo und entwerfen Sie Ihr personalisiertes Widget in nur wenigen Sekunden\" \/>\n<meta name=\"robots\" content=\"index, follow, max-snippet:-1, max-image-preview:large, max-video-preview:-1\" \/>\n<link rel=\"canonical\" href=\"https:\/\/elfsight.com\/de\/before-and-after-slider-widget\/webnode\/\" \/>\n<meta property=\"og:locale\" content=\"de_DE\" \/>\n<meta property=\"og:type\" content=\"article\" \/>\n<meta property=\"og:title\" content=\"Responsiver Vorher-Nachher-Bild-Slider f\u00fcr die Muse-Website\" \/>\n<meta property=\"og:description\" content=\"Erstellen Sie ein Vorher-Nachher-Slider-Widget auf Ihrer Webnode-Website. Testen Sie die kostenlose Elfsight-Demo und entwerfen Sie Ihr personalisiertes Widget in nur wenigen Sekunden\" \/>\n<meta property=\"og:url\" content=\"https:\/\/elfsight.com\/de\/before-and-after-slider-widget\/webnode\/\" \/>\n<meta property=\"og:site_name\" content=\"Elfsight DE\" \/>\n<meta property=\"article:modified_time\" content=\"2025-07-08T10:15:44+00:00\" \/>\n<meta name=\"twitter:card\" content=\"summary_large_image\" \/>\n<meta name=\"twitter:label1\" content=\"Gesch\u00e4tzte Lesezeit\" \/>\n\t<meta name=\"twitter:data1\" content=\"3\u00a0Minuten\" \/>\n<!-- \/ Yoast SEO plugin. -->","yoast_head_json":{"title":"Responsiver Vorher-Nachher-Bild-Slider f\u00fcr die Muse-Website","description":"Erstellen Sie ein Vorher-Nachher-Slider-Widget auf Ihrer Webnode-Website. Testen Sie die kostenlose Elfsight-Demo und entwerfen Sie Ihr personalisiertes Widget in nur wenigen Sekunden","robots":{"index":"index","follow":"follow","max-snippet":"max-snippet:-1","max-image-preview":"max-image-preview:large","max-video-preview":"max-video-preview:-1"},"canonical":"https:\/\/elfsight.com\/de\/before-and-after-slider-widget\/webnode\/","og_locale":"de_DE","og_type":"article","og_title":"Responsiver Vorher-Nachher-Bild-Slider f\u00fcr die Muse-Website","og_description":"Erstellen Sie ein Vorher-Nachher-Slider-Widget auf Ihrer Webnode-Website. Testen Sie die kostenlose Elfsight-Demo und entwerfen Sie Ihr personalisiertes Widget in nur wenigen Sekunden","og_url":"https:\/\/elfsight.com\/de\/before-and-after-slider-widget\/webnode\/","og_site_name":"Elfsight DE","article_modified_time":"2025-07-08T10:15:44+00:00","twitter_card":"summary_large_image","twitter_misc":{"Gesch\u00e4tzte Lesezeit":"3\u00a0Minuten"},"schema":{"@context":"https:\/\/schema.org","@graph":[{"@type":"WebPage","@id":"https:\/\/elfsight.com\/de\/before-and-after-slider-widget\/webnode\/","url":"https:\/\/elfsight.com\/de\/before-and-after-slider-widget\/webnode\/","name":"Responsiver Vorher-Nachher-Bild-Slider f\u00fcr die Muse-Website","isPartOf":{"@id":"https:\/\/elfsight.com\/de\/#website"},"datePublished":"2024-05-03T06:30:14+00:00","dateModified":"2025-07-08T10:15:44+00:00","description":"Erstellen Sie ein Vorher-Nachher-Slider-Widget auf Ihrer Webnode-Website. Testen Sie die kostenlose Elfsight-Demo und entwerfen Sie Ihr personalisiertes Widget in nur wenigen Sekunden","breadcrumb":{"@id":"https:\/\/elfsight.com\/de\/before-and-after-slider-widget\/webnode\/#breadcrumb"},"inLanguage":"de","potentialAction":[{"@type":"ReadAction","target":["https:\/\/elfsight.com\/de\/before-and-after-slider-widget\/webnode\/"]}]},{"@type":"BreadcrumbList","@id":"https:\/\/elfsight.com\/de\/before-and-after-slider-widget\/webnode\/#breadcrumb","itemListElement":[{"@type":"ListItem","position":1,"name":"Home","item":"https:\/\/elfsight.com\/de\/"},{"@type":"ListItem","position":2,"name":"Before and After Slider","item":"https:\/\/elfsight.com\/de\/before-and-after-slider-widget\/"},{"@type":"ListItem","position":3,"name":"Before and After Slider &#8211; Webnode"}]},{"@type":"WebSite","@id":"https:\/\/elfsight.com\/de\/#website","url":"https:\/\/elfsight.com\/de\/","name":"Elfsight DE","description":"Just another Elfsight Sites site","potentialAction":[{"@type":"SearchAction","target":{"@type":"EntryPoint","urlTemplate":"https:\/\/elfsight.com\/de\/?s={search_term_string}"},"query-input":{"@type":"PropertyValueSpecification","valueRequired":true,"valueName":"search_term_string"}}],"inLanguage":"de"}]}},"meta_box":{"industry":"","seo_heading":"","heading":"","description":"","cta_heading":"","cta_description":"","application":"504","h1":"Vorher-Nachher-Slider f\u00fcr Webnode","h1_caption":"Pr\u00e4sentieren Sie Vergleiche zwischen zwei Bildern, ideal, um Ver\u00e4nderungen hervorzuheben oder Produktvorteile m\u00fchelos auf Ihrer Webnode-Website zu pr\u00e4sentieren.","application_category":[],"applications_title":"","applications_request_title":"","applications_request_button_text":"","hero_text":"","hero_video":"","hero_video_schema_markup":"","selling_points_title":"","selling_points_caption":"","selling_points":[],"selling_points_cta_text":"","features_title":"","features":"","ed_cta_examples_text":"","ed_cta_examples_hidden":"","ed_cta_demo_text":"","ed_cta_demo_hidden":"","why_caption":"","why_editor_title":"","why_editor_text":"","why_team_title":"","why_team_text":"","why_service_title":"","why_service_text":"","template_catalog_visible":"","template_catalog_title":"","template_catalog_text":"","template_catalog_categories_visible":"","demo_title":"Erstellen Sie Ihr Vorher-Nachher-Slider-Widget","demo_caption":"Konfigurieren Sie Ihren Vorher-Nachher-Slider und f\u00fcgen Sie ihn kostenlos zu Ihrer Webnode-Website hinzu!","default_faq_hidden":"","app_template_category":[],"platform":"248","template_public_id":"","codecanyon_url":"","codecanyon_item_id":"","codecanyon_price":"","pricing_caption":"","pricing_elfsight_apps_hide_column":"","pricing_elfsight_apps_url":"","pricing_codecanyon_price_caption":"","integration_category":[],"integration_request_title":"","integration_request_cta":"","integration_platform":"","integrations":[],"platform_category":[],"video_schema_markup":"","price":"ab 0 $ \/ Monat","trial":"","benefits":[{"text":"Kostenlose Installationsunterst\u00fctzung"},{"text":"Kompetenter Kundenservice"},{"text":"14-t\u00e4gige Geld-zur\u00fcck-Garantie"},{"text":"Zuk\u00fcnftige Verbesserungen"}],"button_url":"#demo","button_target_blank":"","button_nofollow":"","attributes":[{"name":"Installiert","content":"10,000 - 100,000"},{"name":"Reaktionsfreudig","content":"Ja"},{"name":"Kompatible Browser","content":"Firefox, Safari, Opera, Chrome, Edge"}],"tags":[],"tags_disable_links":"","hide_more_platforms":"","video_object":"","demo_hide_cta":"","demo_hide_cloud_options":"","pricing_title":"","pricing":[{"pricing_icon":"platform","pricing_title":"Elfsight Apps","pricing_title_caption":"Plattformunabh\u00e4ngige L\u00f6sung, die auf jeder Site funktioniert","pricing_price":"ab 0 $ \/ Monat","pricing_price_caption":"Beginnen Sie mit einem kostenlosen Plan","pricing_benefits":[{"text":"Unbegrenzte Websites"},{"text":"Schneller und p\u00fcnktlicher Support"},{"text":"Kostenlose Installationsunterst\u00fctzung"},{"text":"Sonderangebot f\u00fcr mehrere Apps"}],"pricing_button_text":"Zur Website hinzuf\u00fcgen","pricing_button_url":"#demo"}],"related_apps_title":"","related_apps_hidden":"","author":"","image":[],"title":"","job":"","social_networks":[]},"_links":{"self":[{"href":"https:\/\/elfsight.com\/de\/wp-json\/wp\/v2\/pages\/16850","targetHints":{"allow":["GET"]}}],"collection":[{"href":"https:\/\/elfsight.com\/de\/wp-json\/wp\/v2\/pages"}],"about":[{"href":"https:\/\/elfsight.com\/de\/wp-json\/wp\/v2\/types\/page"}],"author":[{"embeddable":true,"href":"https:\/\/elfsight.com\/de\/wp-json\/wp\/v2\/users\/9"}],"replies":[{"embeddable":true,"href":"https:\/\/elfsight.com\/de\/wp-json\/wp\/v2\/comments?post=16850"}],"version-history":[{"count":2,"href":"https:\/\/elfsight.com\/de\/wp-json\/wp\/v2\/pages\/16850\/revisions"}],"predecessor-version":[{"id":21328,"href":"https:\/\/elfsight.com\/de\/wp-json\/wp\/v2\/pages\/16850\/revisions\/21328"}],"up":[{"embeddable":true,"href":"https:\/\/elfsight.com\/de\/wp-json\/wp\/v2\/pages\/1269"}],"wp:attachment":[{"href":"https:\/\/elfsight.com\/de\/wp-json\/wp\/v2\/media?parent=16850"}],"curies":[{"name":"wp","href":"https:\/\/api.w.org\/{rel}","templated":true}]}}