{"id":16848,"date":"2024-05-03T06:30:12","date_gmt":"2024-05-03T06:30:12","guid":{"rendered":"https:\/\/elfsight.com\/de\/?page_id=16848"},"modified":"2025-02-20T14:12:40","modified_gmt":"2025-02-20T14:12:40","slug":"wix","status":"publish","type":"page","link":"https:\/\/elfsight.com\/de\/before-and-after-slider-widget\/wix\/","title":{"rendered":"Before and After Slider &#8211; Wix"},"content":{"rendered":"\n<div class=\"application-platform-content-item-description application-platform-content-item\" id=\"description\" data-nav-section=\"description\"> <h2>Beschreibung<\/h2> <p> Mit dem Vorher-Nachher-Slider von Elfsight k\u00f6nnen Sie erstaunliche Werbebilder f\u00fcr Ihre Website konfigurieren. Kunden haben die M\u00f6glichkeit, alle Auswirkungen Ihrer Produkte oder Dienstleistungen zu entdecken. Laden Sie einfach zwei Fotos auf \u201eVorher-Nachher-Slider\u201c f\u00fcr Wix hoch und sie werden mit einer Trennlinie angezeigt, die Benutzer verschieben k\u00f6nnen, um einen Vergleich zu erm\u00f6glichen. Sie k\u00f6nnen eine unbegrenzte Anzahl von Folien erstellen, jede mit einer eigenen Beschriftung. Die Teilerausrichtung bietet zwei Optionen: horizontal oder vertikal, und Sie k\u00f6nnen das am besten geeignete Bildverh\u00e4ltnis ausw\u00e4hlen. Ihre Benutzer werden dazu verdammt sein, zu bestellen, sobald sie die tats\u00e4chliche Effizienz sehen Ihrer Angebote! <\/p> <p><b>Mit dem Vorher-Nachher-Schieberegler sehen Sie eine solide Gesch\u00e4ftsentwicklung und steigern den Umsatz <\/b><\/p> <\/div> <div class=\"application-platform-content-item-features application-platform-content-item\" id=\"features\" data-nav-section=\"features\"> <h2>Hier sind wesentliche Funktionen des Widgets: <\/h2> <ul><li>F\u00fcgen Sie eine beliebige Anzahl von Vorher- und Nachher-Bildpaaren hinzu<\/li> <li>F\u00fcgen Sie Beschriftungen mit Textformatierung zu jedem Bild ein<\/li><li>Zwei Layouts: Liste und Karussell<\/li><li>Horizontales oder vertikales Verschieben des Teilers<\/li><li>Klicken und ziehen oder einfach den Mauszeiger bewegen, um den Teiler zu verschieben<\/li><li>Wischen auf Touchscreen-Ger\u00e4ten<\/li><\/ul><p><a href=\"#demo\">Probieren Sie alle Anpassungsoptionen in einer Demo mit 100 Funktionen aus<\/a><\/p> <\/div> <div class=\"application-platform-content-item-installation application-platform-content-item\" id=\"installation\" data-nav-section=\"installation\"> <h2>Einbettung Vorher-Nachher-Slider auf meinem Wix? <\/h2> <div class=\"video-container\"><iframe width=\"560\" height=\"315\" src=\"https:\/\/www.youtube.com\/embed\/LN99dag1Tcc?si=b-QelwNCQCJB6A8s\" frameborder=\"0\" allow=\"accelerometer; autoplay; clipboard-write; encrypted-media; gyroscope; picture-in-picture; web-share\" allowfullscreen><\/iframe><\/div><p>F\u00fchren Sie einfach die unten aufgef\u00fchrten Schritte aus, um das Plugin zu aktivieren. <\/p> <ol><li><b>Wenden Sie unseren kostenlosen Konfigurator an und beginnen Sie mit der Erstellung Ihres individuellen Plugins. <\/b><br> Bestimmen Sie die ausgew\u00e4hlte Schnittstelle und Aspekte des Plugins und \u00fcbernehmen Sie die \u00c4nderungen. <\/li> <li><b>Kopieren Sie Ihren einzigartigen Code, der in der Witwe von Elfsight Apps angezeigt wird.<\/b><br> Wenn die Einrichtung Ihres Plugins abgeschlossen ist, kopieren Sie den exklusiven Code aus dem angezeigten Feld und bewahren Sie ihn auf sp\u00e4terer Bedarf. <\/li> <li><b>Initiieren Sie die Nutzung des Plugins auf Ihrer Wix-Webseite<\/b><br> F\u00fcgen Sie den k\u00fcrzlich gespeicherten Code auf Ihrer Seite hinzu und \u00fcbernehmen Sie die \u00c4nderungen. <\/li> <li><b>Die Installation wurde erfolgreich durchgef\u00fchrt<\/b><br> Besuchen Sie Ihre Website, um zu sehen, wie das Widget funktioniert. <\/li><\/ol> <p>Wenn Sie Fragen haben oder auf Komplikationen sto\u00dfen, k\u00f6nnen Sie sich gerne an unser Support-Team wenden. Unsere Berater beantworten gerne alle Fragen, die Sie zum Plugin haben. <\/p> <div class=\"faq\" data-component=\"FAQ\"><div class=\"faq-item\">\r\n\t\t\t\t\t<div class=\"faq-item-question\">\r\n\t\t\t\t\t\t<h3 class=\"faq-item-question-text\">Wie kann ich ohne Programmierkenntnisse einen Vorher- und Nachher-Schieberegler zu meiner Wix-Website hinzuf\u00fcgen?<\/h3>\r\n\r\n\t\t\t\t\t\t<div class=\"faq-item-question-icon\"><\/div>\r\n\t\t\t\t\t<\/div>\r\n\r\n\t\t\t\t\t<div class=\"faq-item-answer\">\r\n\t\t\t\t\t\t<div class=\"faq-item-answer-text\"> <p>Elfsight bietet eine SaaS-L\u00f6sung, mit der Sie selbst ein Vorher- und Nachher-Schieberegler-Widget erstellen k\u00f6nnen Sehen Sie, wie einfach der Vorgang ist: Arbeiten Sie direkt im Online-Editor, um ein Vorher-Nachher-Schieberegler-Widget zu erstellen, das Sie gerne auf Ihrer Website von Wix sehen w\u00fcrden. W\u00e4hlen Sie eine der vorgefertigten Vorlagen aus und passen Sie die Einstellungen des Vorher- und Nachher-Schiebereglers an, f\u00fcgen Sie Ihre Inhalte hinzu, \u00e4ndern Sie das Layout und die Farben ohne Programmierkenntnisse. Speichern Sie den Vorher-Nachher-Schieberegler und kopieren Sie seinen Installationscode, damit Sie ihn zu Ihrer Wix-Website hinzuf\u00fcgen k\u00f6nnen, ohne eine kostenpflichtige Version kaufen zu m\u00fcssen. Mit unserem intuitiven Editor kann jeder Internetnutzer online ein Vorher-Nachher-Slider-Widget erstellen und es einfach in seine Wix-Website einbetten. Um auf den Service zuzugreifen, m\u00fcssen Sie weder bezahlen noch Ihre Kartendaten eingeben. Sollten bei irgendeinem Schritt Probleme auftreten, wenden Sie sich bitte an unser technisches Support-Team.<\/p> <\/div>\r\n\t\t\t\t\t<\/div>\r\n\t\t\t\t<\/div> <\/div><\/div>\n","protected":false},"excerpt":{"rendered":"","protected":false},"author":9,"featured_media":0,"parent":1269,"menu_order":0,"comment_status":"closed","ping_status":"closed","template":"templates\/template-application-platform.php","meta":{"publish_to_discourse":"","publish_post_category":"","wpdc_auto_publish_overridden":"","wpdc_topic_tags":"","wpdc_pin_topic":"","wpdc_pin_until":"","discourse_post_id":"","discourse_permalink":"","wpdc_publishing_response":"","wpdc_publishing_error":"","footnotes":""},"class_list":["post-16848","page","type-page","status-publish","hentry"],"yoast_head":"<!-- This site is optimized with the Yoast SEO plugin v25.3.1 - https:\/\/yoast.com\/wordpress\/plugins\/seo\/ -->\n<title>Vorher-Nachher-Slider f\u00fcr die Website von Wix (kostenlos und schnell!)<\/title>\n<meta name=\"description\" content=\"Betten Sie das Vorher-Nachher-Slider-Widget auf Ihrer Website von Wix ein. Testen Sie die umfassende Elfsight-Demo und entwerfen Sie Ihren pers\u00f6nlichen Vergleichs-Slider.\" \/>\n<meta name=\"robots\" content=\"index, follow, max-snippet:-1, max-image-preview:large, max-video-preview:-1\" \/>\n<link rel=\"canonical\" href=\"https:\/\/elfsight.com\/de\/before-and-after-slider-widget\/wix\/\" \/>\n<meta property=\"og:locale\" content=\"de_DE\" \/>\n<meta property=\"og:type\" content=\"article\" \/>\n<meta property=\"og:title\" content=\"Vorher-Nachher-Slider f\u00fcr die Website von Wix (kostenlos und schnell!)\" \/>\n<meta property=\"og:description\" content=\"Betten Sie das Vorher-Nachher-Slider-Widget auf Ihrer Website von Wix ein. Testen Sie die umfassende Elfsight-Demo und entwerfen Sie Ihren pers\u00f6nlichen Vergleichs-Slider.\" \/>\n<meta property=\"og:url\" content=\"https:\/\/elfsight.com\/de\/before-and-after-slider-widget\/wix\/\" \/>\n<meta property=\"og:site_name\" content=\"Elfsight DE\" \/>\n<meta property=\"article:modified_time\" content=\"2025-02-20T14:12:40+00:00\" \/>\n<meta name=\"twitter:card\" content=\"summary_large_image\" \/>\n<meta name=\"twitter:label1\" content=\"Gesch\u00e4tzte Lesezeit\" \/>\n\t<meta name=\"twitter:data1\" content=\"3\u00a0Minuten\" \/>\n<!-- \/ Yoast SEO plugin. -->","yoast_head_json":{"title":"Vorher-Nachher-Slider f\u00fcr die Website von Wix (kostenlos und schnell!)","description":"Betten Sie das Vorher-Nachher-Slider-Widget auf Ihrer Website von Wix ein. Testen Sie die umfassende Elfsight-Demo und entwerfen Sie Ihren pers\u00f6nlichen Vergleichs-Slider.","robots":{"index":"index","follow":"follow","max-snippet":"max-snippet:-1","max-image-preview":"max-image-preview:large","max-video-preview":"max-video-preview:-1"},"canonical":"https:\/\/elfsight.com\/de\/before-and-after-slider-widget\/wix\/","og_locale":"de_DE","og_type":"article","og_title":"Vorher-Nachher-Slider f\u00fcr die Website von Wix (kostenlos und schnell!)","og_description":"Betten Sie das Vorher-Nachher-Slider-Widget auf Ihrer Website von Wix ein. Testen Sie die umfassende Elfsight-Demo und entwerfen Sie Ihren pers\u00f6nlichen Vergleichs-Slider.","og_url":"https:\/\/elfsight.com\/de\/before-and-after-slider-widget\/wix\/","og_site_name":"Elfsight DE","article_modified_time":"2025-02-20T14:12:40+00:00","twitter_card":"summary_large_image","twitter_misc":{"Gesch\u00e4tzte Lesezeit":"3\u00a0Minuten"},"schema":{"@context":"https:\/\/schema.org","@graph":[{"@type":"WebPage","@id":"https:\/\/elfsight.com\/de\/before-and-after-slider-widget\/wix\/","url":"https:\/\/elfsight.com\/de\/before-and-after-slider-widget\/wix\/","name":"Vorher-Nachher-Slider f\u00fcr die Website von Wix (kostenlos und schnell!)","isPartOf":{"@id":"https:\/\/elfsight.com\/de\/#website"},"datePublished":"2024-05-03T06:30:12+00:00","dateModified":"2025-02-20T14:12:40+00:00","description":"Betten Sie das Vorher-Nachher-Slider-Widget auf Ihrer Website von Wix ein. Testen Sie die umfassende Elfsight-Demo und entwerfen Sie Ihren pers\u00f6nlichen Vergleichs-Slider.","breadcrumb":{"@id":"https:\/\/elfsight.com\/de\/before-and-after-slider-widget\/wix\/#breadcrumb"},"inLanguage":"de","potentialAction":[{"@type":"ReadAction","target":["https:\/\/elfsight.com\/de\/before-and-after-slider-widget\/wix\/"]}]},{"@type":"BreadcrumbList","@id":"https:\/\/elfsight.com\/de\/before-and-after-slider-widget\/wix\/#breadcrumb","itemListElement":[{"@type":"ListItem","position":1,"name":"Home","item":"https:\/\/elfsight.com\/de\/"},{"@type":"ListItem","position":2,"name":"Before and After Slider","item":"https:\/\/elfsight.com\/de\/before-and-after-slider-widget\/"},{"@type":"ListItem","position":3,"name":"Before and After Slider &#8211; Wix"}]},{"@type":"WebSite","@id":"https:\/\/elfsight.com\/de\/#website","url":"https:\/\/elfsight.com\/de\/","name":"Elfsight DE","description":"Just another Elfsight Sites site","potentialAction":[{"@type":"SearchAction","target":{"@type":"EntryPoint","urlTemplate":"https:\/\/elfsight.com\/de\/?s={search_term_string}"},"query-input":{"@type":"PropertyValueSpecification","valueRequired":true,"valueName":"search_term_string"}}],"inLanguage":"de"}]}},"meta_box":{"industry":"","seo_heading":"","heading":"","description":"","cta_heading":"","cta_description":"","application":"504","h1":"Vorher-Nachher-Slider f\u00fcr Wix","h1_caption":"Pr\u00e4sentieren Sie Vergleiche zwischen zwei Bildern, ideal, um Ver\u00e4nderungen hervorzuheben oder Produktvorteile m\u00fchelos auf Ihrer Wix-Website zu pr\u00e4sentieren.","application_category":[],"applications_title":"","applications_request_title":"","applications_request_button_text":"","hero_text":"","hero_video":"","hero_video_schema_markup":"","selling_points_title":"","selling_points_caption":"","selling_points":[],"selling_points_cta_text":"","features_title":"","features":"","ed_cta_examples_text":"","ed_cta_examples_hidden":"","ed_cta_demo_text":"","ed_cta_demo_hidden":"","why_caption":"","why_editor_title":"","why_editor_text":"","why_team_title":"","why_team_text":"","why_service_title":"","why_service_text":"","template_catalog_visible":"0","template_catalog_title":"","template_catalog_text":"","template_catalog_categories_visible":"","demo_title":"Erstellen Sie Ihre Vorher-Nachher-Slider-App","demo_caption":"Konfigurieren Sie Ihren Vorher-Nachher-Slider und f\u00fcgen Sie ihn kostenlos zu Ihrer Wix-Website hinzu!","default_faq_hidden":"","app_template_category":[],"platform":"265","template_public_id":"","codecanyon_url":"","codecanyon_item_id":"","codecanyon_price":"","pricing_caption":"","pricing_elfsight_apps_hide_column":"","pricing_elfsight_apps_url":"","pricing_codecanyon_price_caption":"","integration_category":[],"integration_request_title":"","integration_request_cta":"","integration_platform":"","integrations":[],"platform_category":[],"video_schema_markup":"","price":"ab 0 $ \/ Monat","trial":"","benefits":[{"text":"Kostenloser Installationsservice"},{"text":"Au\u00dfergew\u00f6hnliche Unterst\u00fctzung"},{"text":"14-t\u00e4gige R\u00fcckerstattungsgarantie"},{"text":"Fortlaufende Entwicklung"}],"button_url":"#demo","button_target_blank":"0","button_nofollow":"0","attributes":[{"name":"Installiert","content":"10,000 - 100,000"},{"name":"Reaktionsfreudig","content":"Ja"},{"name":"Kompatible Browser","content":"Chrome, Safari, Firefox, Edge, Opera"}],"tags":[],"tags_disable_links":"0","hide_more_platforms":"0","video_object":"","demo_hide_cta":"0","demo_hide_cloud_options":"0","pricing_title":"","pricing":[{"pricing_icon":"platform","pricing_title":"Elfsight Apps","pricing_title_caption":"Plattform\u00fcbergreifende Version","pricing_price":"ab 0 $ \/ Monat","pricing_price_caption":"Beginnen Sie mit einem kostenlosen Plan","pricing_benefits":[{"text":"Unbegrenzte Domains"},{"text":"Professioneller Kundensupport"},{"text":"Kostenloser Installationsservice"},{"text":"Sonderpreis f\u00fcr mehrere Apps"}],"pricing_button_text":"Zur Website hinzuf\u00fcgen","pricing_button_url":"#demo"}],"related_apps_title":"","related_apps_hidden":"0","author":"","image":[],"title":"","job":"","social_networks":[]},"_links":{"self":[{"href":"https:\/\/elfsight.com\/de\/wp-json\/wp\/v2\/pages\/16848","targetHints":{"allow":["GET"]}}],"collection":[{"href":"https:\/\/elfsight.com\/de\/wp-json\/wp\/v2\/pages"}],"about":[{"href":"https:\/\/elfsight.com\/de\/wp-json\/wp\/v2\/types\/page"}],"author":[{"embeddable":true,"href":"https:\/\/elfsight.com\/de\/wp-json\/wp\/v2\/users\/9"}],"replies":[{"embeddable":true,"href":"https:\/\/elfsight.com\/de\/wp-json\/wp\/v2\/comments?post=16848"}],"version-history":[{"count":3,"href":"https:\/\/elfsight.com\/de\/wp-json\/wp\/v2\/pages\/16848\/revisions"}],"predecessor-version":[{"id":24595,"href":"https:\/\/elfsight.com\/de\/wp-json\/wp\/v2\/pages\/16848\/revisions\/24595"}],"up":[{"embeddable":true,"href":"https:\/\/elfsight.com\/de\/wp-json\/wp\/v2\/pages\/1269"}],"wp:attachment":[{"href":"https:\/\/elfsight.com\/de\/wp-json\/wp\/v2\/media?parent=16848"}],"curies":[{"name":"wp","href":"https:\/\/api.w.org\/{rel}","templated":true}]}}