{"id":16847,"date":"2024-05-03T06:30:11","date_gmt":"2024-05-03T06:30:11","guid":{"rendered":"https:\/\/elfsight.com\/de\/?page_id=16847"},"modified":"2025-02-20T14:15:26","modified_gmt":"2025-02-20T14:15:26","slug":"woocommerce","status":"publish","type":"page","link":"https:\/\/elfsight.com\/de\/before-and-after-slider-widget\/woocommerce\/","title":{"rendered":"Before and After Slider &#8211; WooCommerce"},"content":{"rendered":"\n<div class=\"application-platform-content-item-description application-platform-content-item\" id=\"description\" data-nav-section=\"description\"><h2>Beschreibung<\/h2><p>Mit dem Vergleichs-Slider von Elfsight k\u00f6nnen Sie erstaunliche Werbefotos f\u00fcr Ihre Website pr\u00e4sentieren. Kunden haben die M\u00f6glichkeit, alle Auswirkungen Ihrer Produkte oder Dienstleistungen zu \u00fcberpr\u00fcfen. Laden Sie einfach zwei Fotos auf den Vorher-Nachher-Slider f\u00fcr WooCommerce hoch und Sie erhalten eine Trennwand, die sich bewegt, um den Unterschied zu erkennen. Sie k\u00f6nnen eine unbegrenzte Anzahl von Fotos\u00e4tzen ver\u00f6ffentlichen und Bildunterschriften und Beschriftungen hinzuf\u00fcgen. Die Schiebeausrichtung kann horizontal oder vertikal sein, und Sie k\u00f6nnen das beste Bildverh\u00e4ltnis ausw\u00e4hlen.<\/p> <p><b>Mit dem Vorher-Nachher-Schieberegler erleben Sie nachhaltiges Gesch\u00e4ftswachstum und steigern den Umsatz!<\/b><\/p> <\/div> <div class=\"application-platform-content-item-features application-platform-content-item\" id=\"features\" data-nav-section=\"features\"><h2>Im Folgenden sind die Grundfunktionen des Widgets aufgef\u00fchrt:<\/h2><ul><li>Unbegrenzte Form vor und nach Bildpaaren<\/li> <li>Untertitel erstellen mit Textformatierung f\u00fcr jeden Satz<\/li><li>Zwei vorgefertigte Layouts: Liste und Karussell<\/li><li>Horizontales oder vertikales Verschieben der Trennlinie<\/li><li>Klicken und Ziehen oder einfach mit der Maus bewegen, um die zu verschieben Divider<\/li><li>Swipe auf Touchscreen-Ger\u00e4ten<\/li><\/ul><p><a href=\"#demo\">Mit der Demo k\u00f6nnen Sie pr\u00fcfen, ob das Widget f\u00fcr Sie geeignet ist<\/a><\/p><\/div><div class=\"application-platform-content-item-installation application-platform-content-item\" id=\"installation\" data-nav-section=\"installation\"><h2>Wie kann ich einen Vorher- und Nachher-Slider auf meiner WooCommerce-Website hinzuf\u00fcgen?<\/h2><p>F\u00fchren Sie einfach die unten beschriebenen Schritte aus, um das Tool zu integrieren.<\/p><ol><li><b>Verwalten Sie unseren kostenlosen Editor und beginnen Sie mit der Erstellung Ihres eigenen Instruments.<\/b><br>Suchen Sie das ausgew\u00e4hlte Layout und die Parameter des Widgets und \u00fcbernehmen Sie die \u00c4nderungen.<\/li><li><b>Holen Sie sich den individuellen Code, der im Fenster von Elfsight Apps angezeigt wird.<\/b><br>Wenn die Einrichtung Ihres Tools abgeschlossen ist, kopieren Sie den exklusiven Code im angezeigten Popup und speichern Sie ihn f\u00fcr einen sp\u00e4teren Anlass.<\/li><li><b>Verwenden Sie jetzt das Vergleichs-Plugin auf der WooCommerce-Website.<\/b><br>F\u00fcgen Sie den Code hinzu, den Sie k\u00fcrzlich in Ihre Seite kopiert haben, und speichern Sie die \u00c4nderungen.<\/li><li><b> Du bist fertig! Die Integration ist vollst\u00e4ndig abgeschlossen.<\/b><br>Besuchen Sie Ihre Website, um zu sehen, wie das Widget funktioniert.<\/li><\/ol><p>Wenn Sie Fragen haben oder auf Schwierigkeiten sto\u00dfen, k\u00f6nnen Sie sich jederzeit an uns wenden Unser Support-Team. Unsere Mitarbeiter m\u00f6chten alle Fragen beantworten, die Sie m\u00f6glicherweise mit dem Plugin haben.<\/p><\/div><div class=\"faq\" data-component=\"FAQ\"><div class=\"faq-item\">\r\n\t\t\t\t\t<div class=\"faq-item-question\">\r\n\t\t\t\t\t\t<h3 class=\"faq-item-question-text\">Wie kann ich einen Vorher-Nachher-Slider zu meiner WooCommerce-Website einbetten?<\/h3>\r\n\r\n\t\t\t\t\t\t<div class=\"faq-item-question-icon\"><\/div>\r\n\t\t\t\t\t<\/div>\r\n\r\n\t\t\t\t\t<div class=\"faq-item-answer\">\r\n\t\t\t\t\t\t<div class=\"faq-item-answer-text\"><p>Die Erstellung des Tools erfolgt auf den Elfsight-Seiten und Sie m\u00fcssen nicht lernen, wie man programmiert. Nutzen Sie die Live-Demo, um Ihre pers\u00f6nliche App zu entwerfen, den Code zu erhalten und ihn in Ihre Website einzuf\u00fcgen. <\/p><\/div>\r\n\t\t\t\t\t<\/div>\r\n\t\t\t\t<\/div><div class=\"faq-item\">\r\n\t\t\t\t\t<div class=\"faq-item-question\">\r\n\t\t\t\t\t\t<h3 class=\"faq-item-question-text\">Die besten Anwendungsbeispiele f\u00fcr die Integration von Compare Sliders<\/h3>\r\n\r\n\t\t\t\t\t\t<div class=\"faq-item-question-icon\"><\/div>\r\n\t\t\t\t\t<\/div>\r\n\r\n\t\t\t\t\t<div class=\"faq-item-answer\">\r\n\t\t\t\t\t\t<div class=\"faq-item-answer-text\"><p>Wir bieten viele Personalisierungsm\u00f6glichkeiten: Widgets in voller L\u00e4nge zum Einbetten in den Inhaltsbereich, schwebende Plugins mit Scrollfunktion, Miniaturansichten f\u00fcr die Fu\u00dfzeile, den Kopfbereich und allerlei vertikale Optionen f\u00fcr Seitenleisten und Men\u00fcs. <\/p><\/div>\r\n\t\t\t\t\t<\/div>\r\n\t\t\t\t<\/div><div class=\"faq-item\">\r\n\t\t\t\t\t<div class=\"faq-item-question\">\r\n\t\t\t\t\t\t<h3 class=\"faq-item-question-text\">Darf ich mit dem Editor einen einfachen Vergleichs- oder Retuschierschieberegler erstellen?<\/h3>\r\n\r\n\t\t\t\t\t\t<div class=\"faq-item-question-icon\"><\/div>\r\n\t\t\t\t\t<\/div>\r\n\r\n\t\t\t\t\t<div class=\"faq-item-answer\">\r\n\t\t\t\t\t\t<div class=\"faq-item-answer-text\"><p>Sie k\u00f6nnen die \u00c4nderungen jedes Widgets gestalten. Es gibt eine Reihe von Layouts, die im Editor anwendbar sind und alle leicht nach Bedarf angepasst werden k\u00f6nnen. <\/p><\/div>\r\n\t\t\t\t\t<\/div>\r\n\t\t\t\t<\/div><\/div>\n","protected":false},"excerpt":{"rendered":"","protected":false},"author":9,"featured_media":0,"parent":1269,"menu_order":0,"comment_status":"closed","ping_status":"closed","template":"templates\/template-application-platform.php","meta":{"publish_to_discourse":"","publish_post_category":"","wpdc_auto_publish_overridden":"","wpdc_topic_tags":"","wpdc_pin_topic":"","wpdc_pin_until":"","discourse_post_id":"","discourse_permalink":"","wpdc_publishing_response":"","wpdc_publishing_error":"","footnotes":""},"class_list":["post-16847","page","type-page","status-publish","hentry"],"yoast_head":"<!-- This site is optimized with the Yoast SEO plugin v25.3.1 - https:\/\/yoast.com\/wordpress\/plugins\/seo\/ -->\n<title>WooCommerce Vorher-Nachher-Slider-Plugin f\u00fcr Ihre Website (2025)<\/title>\n<meta name=\"description\" content=\"Nutzen Sie die Chance, das Vorher-Nachher-Slider-Plugin im Editor anzupassen und direkt \u00fcber die Live-Demo in Ihre WooCommerce-Website zu integrieren.\" \/>\n<meta name=\"robots\" content=\"index, follow, max-snippet:-1, max-image-preview:large, max-video-preview:-1\" \/>\n<link rel=\"canonical\" href=\"https:\/\/elfsight.com\/de\/before-and-after-slider-widget\/woocommerce\/\" \/>\n<meta property=\"og:locale\" content=\"de_DE\" \/>\n<meta property=\"og:type\" content=\"article\" \/>\n<meta property=\"og:title\" content=\"WooCommerce Vorher-Nachher-Slider-Plugin f\u00fcr Ihre Website (2025)\" \/>\n<meta property=\"og:description\" content=\"Nutzen Sie die Chance, das Vorher-Nachher-Slider-Plugin im Editor anzupassen und direkt \u00fcber die Live-Demo in Ihre WooCommerce-Website zu integrieren.\" \/>\n<meta property=\"og:url\" content=\"https:\/\/elfsight.com\/de\/before-and-after-slider-widget\/woocommerce\/\" \/>\n<meta property=\"og:site_name\" content=\"Elfsight DE\" \/>\n<meta property=\"article:modified_time\" content=\"2025-02-20T14:15:26+00:00\" \/>\n<meta name=\"twitter:card\" content=\"summary_large_image\" \/>\n<meta name=\"twitter:label1\" content=\"Gesch\u00e4tzte Lesezeit\" \/>\n\t<meta name=\"twitter:data1\" content=\"3\u00a0Minuten\" \/>\n<!-- \/ Yoast SEO plugin. -->","yoast_head_json":{"title":"WooCommerce Vorher-Nachher-Slider-Plugin f\u00fcr Ihre Website (2025)","description":"Nutzen Sie die Chance, das Vorher-Nachher-Slider-Plugin im Editor anzupassen und direkt \u00fcber die Live-Demo in Ihre WooCommerce-Website zu integrieren.","robots":{"index":"index","follow":"follow","max-snippet":"max-snippet:-1","max-image-preview":"max-image-preview:large","max-video-preview":"max-video-preview:-1"},"canonical":"https:\/\/elfsight.com\/de\/before-and-after-slider-widget\/woocommerce\/","og_locale":"de_DE","og_type":"article","og_title":"WooCommerce Vorher-Nachher-Slider-Plugin f\u00fcr Ihre Website (2025)","og_description":"Nutzen Sie die Chance, das Vorher-Nachher-Slider-Plugin im Editor anzupassen und direkt \u00fcber die Live-Demo in Ihre WooCommerce-Website zu integrieren.","og_url":"https:\/\/elfsight.com\/de\/before-and-after-slider-widget\/woocommerce\/","og_site_name":"Elfsight DE","article_modified_time":"2025-02-20T14:15:26+00:00","twitter_card":"summary_large_image","twitter_misc":{"Gesch\u00e4tzte Lesezeit":"3\u00a0Minuten"},"schema":{"@context":"https:\/\/schema.org","@graph":[{"@type":"WebPage","@id":"https:\/\/elfsight.com\/de\/before-and-after-slider-widget\/woocommerce\/","url":"https:\/\/elfsight.com\/de\/before-and-after-slider-widget\/woocommerce\/","name":"WooCommerce Vorher-Nachher-Slider-Plugin f\u00fcr Ihre Website (2025)","isPartOf":{"@id":"https:\/\/elfsight.com\/de\/#website"},"datePublished":"2024-05-03T06:30:11+00:00","dateModified":"2025-02-20T14:15:26+00:00","description":"Nutzen Sie die Chance, das Vorher-Nachher-Slider-Plugin im Editor anzupassen und direkt \u00fcber die Live-Demo in Ihre WooCommerce-Website zu integrieren.","breadcrumb":{"@id":"https:\/\/elfsight.com\/de\/before-and-after-slider-widget\/woocommerce\/#breadcrumb"},"inLanguage":"de","potentialAction":[{"@type":"ReadAction","target":["https:\/\/elfsight.com\/de\/before-and-after-slider-widget\/woocommerce\/"]}]},{"@type":"BreadcrumbList","@id":"https:\/\/elfsight.com\/de\/before-and-after-slider-widget\/woocommerce\/#breadcrumb","itemListElement":[{"@type":"ListItem","position":1,"name":"Home","item":"https:\/\/elfsight.com\/de\/"},{"@type":"ListItem","position":2,"name":"Before and After Slider","item":"https:\/\/elfsight.com\/de\/before-and-after-slider-widget\/"},{"@type":"ListItem","position":3,"name":"Before and After Slider &#8211; WooCommerce"}]},{"@type":"WebSite","@id":"https:\/\/elfsight.com\/de\/#website","url":"https:\/\/elfsight.com\/de\/","name":"Elfsight DE","description":"Just another Elfsight Sites site","potentialAction":[{"@type":"SearchAction","target":{"@type":"EntryPoint","urlTemplate":"https:\/\/elfsight.com\/de\/?s={search_term_string}"},"query-input":{"@type":"PropertyValueSpecification","valueRequired":true,"valueName":"search_term_string"}}],"inLanguage":"de"}]}},"meta_box":{"industry":"","seo_heading":"","heading":"","description":"","cta_heading":"","cta_description":"","application":"504","h1":"WooCommerce Vorher-Nachher-Slider","h1_caption":"Pr\u00e4sentieren Sie Vergleiche zwischen zwei Bildern, ideal, um Ver\u00e4nderungen hervorzuheben oder Produktvorteile m\u00fchelos auf Ihrer WooCommerce-Website zu pr\u00e4sentieren.","application_category":[],"applications_title":"","applications_request_title":"","applications_request_button_text":"","hero_text":"","hero_video":"","hero_video_schema_markup":"","selling_points_title":"","selling_points_caption":"","selling_points":[],"selling_points_cta_text":"","features_title":"","features":"","ed_cta_examples_text":"","ed_cta_examples_hidden":"","ed_cta_demo_text":"","ed_cta_demo_hidden":"","why_caption":"","why_editor_title":"","why_editor_text":"","why_team_title":"","why_team_text":"","why_service_title":"","why_service_text":"","template_catalog_visible":"0","template_catalog_title":"","template_catalog_text":"","template_catalog_categories_visible":"","demo_title":"Erstellen Sie Ihre Vorher-Nachher-Slider-App","demo_caption":"Konfigurieren Sie Ihren Vorher-Nachher-Slider und f\u00fcgen Sie ihn kostenlos zu Ihrer WooCommerce-Website hinzu!","default_faq_hidden":"","app_template_category":[],"platform":"200","template_public_id":"","codecanyon_url":"","codecanyon_item_id":"","codecanyon_price":"","pricing_caption":"","pricing_elfsight_apps_hide_column":"","pricing_elfsight_apps_url":"","pricing_codecanyon_price_caption":"","integration_category":[],"integration_request_title":"","integration_request_cta":"","integration_platform":"","integrations":[],"platform_category":[],"video_schema_markup":"","price":"ab 0 $ \/ Monat","trial":"","benefits":[{"text":"Kostenlose Installationsunterst\u00fctzung"},{"text":"Kompetenter Kundenservice"},{"text":"14-t\u00e4gige Geld-zur\u00fcck-Garantie"},{"text":"Regelm\u00e4\u00dfige Verbesserungen"}],"button_url":"#demo","button_target_blank":"0","button_nofollow":"0","attributes":[{"name":"Installiert","content":"10,000 - 100,000"},{"name":"Reaktionsfreudig","content":"Ja"},{"name":"Kompatible Browser","content":"Firefox, Safari, Opera, Chrome, Edge"}],"tags":[],"tags_disable_links":"0","hide_more_platforms":"0","video_object":"","demo_hide_cta":"0","demo_hide_cloud_options":"0","pricing_title":"","pricing":[{"pricing_icon":"platform","pricing_title":"Elfsight Apps","pricing_title_caption":"Plattformunabh\u00e4ngige Version","pricing_price":"ab 0 $ \/ Monat","pricing_price_caption":"Beginnen Sie mit einem kostenlosen Plan","pricing_benefits":[{"text":"Unbegrenzte Websites"},{"text":"Engagierte Unternehmensunterst\u00fctzung und gut dokumentiert"},{"text":"Kostenloser Installationssupport"},{"text":"Vollst\u00e4ndig anpassbar"}],"pricing_button_text":"Zur Website hinzuf\u00fcgen","pricing_button_url":"#demo"}],"related_apps_title":"","related_apps_hidden":"0","author":"","image":[],"title":"","job":"","social_networks":[]},"_links":{"self":[{"href":"https:\/\/elfsight.com\/de\/wp-json\/wp\/v2\/pages\/16847","targetHints":{"allow":["GET"]}}],"collection":[{"href":"https:\/\/elfsight.com\/de\/wp-json\/wp\/v2\/pages"}],"about":[{"href":"https:\/\/elfsight.com\/de\/wp-json\/wp\/v2\/types\/page"}],"author":[{"embeddable":true,"href":"https:\/\/elfsight.com\/de\/wp-json\/wp\/v2\/users\/9"}],"replies":[{"embeddable":true,"href":"https:\/\/elfsight.com\/de\/wp-json\/wp\/v2\/comments?post=16847"}],"version-history":[{"count":3,"href":"https:\/\/elfsight.com\/de\/wp-json\/wp\/v2\/pages\/16847\/revisions"}],"predecessor-version":[{"id":24598,"href":"https:\/\/elfsight.com\/de\/wp-json\/wp\/v2\/pages\/16847\/revisions\/24598"}],"up":[{"embeddable":true,"href":"https:\/\/elfsight.com\/de\/wp-json\/wp\/v2\/pages\/1269"}],"wp:attachment":[{"href":"https:\/\/elfsight.com\/de\/wp-json\/wp\/v2\/media?parent=16847"}],"curies":[{"name":"wp","href":"https:\/\/api.w.org\/{rel}","templated":true}]}}