{"id":16840,"date":"2024-05-03T06:30:08","date_gmt":"2024-05-03T06:30:08","guid":{"rendered":"https:\/\/elfsight.com\/de\/?page_id=16840"},"modified":"2025-02-20T13:58:09","modified_gmt":"2025-02-20T13:58:09","slug":"google-sites","status":"publish","type":"page","link":"https:\/\/elfsight.com\/de\/before-and-after-slider-widget\/google-sites\/","title":{"rendered":"Before and after slider &#8211; Google Sites"},"content":{"rendered":"\n<div class=\"application-platform-content-item-description application-platform-content-item\" id=\"description\" data-nav-section=\"description\"> <h2>Vorher-\/Nachher-Schieberegler auf Google Sites mit dem Elfsight-Widget einbetten<\/h2> <p>Vorher-\/Nachher-Widget von Elfsight erm\u00f6glicht Ihnen die Konfiguration erstaunliche Verkaufsbilder f\u00fcr Ihre Website. Kunden k\u00f6nnen sofort alle \u00c4nderungen sehen, die Ihre Produkte oder Dienstleistungen vornehmen. Laden Sie einfach zwei Bilder in den Vergleichsschieberegler f\u00fcr Google Site hoch und Sie erhalten eine Trennlinie, die sich bewegt, um den Unterschied zu erkennen. Sie k\u00f6nnen eine unbegrenzte Anzahl von Folien ver\u00f6ffentlichen, jede mit einer eigenen Beschriftung. Die Ausrichtung des Teilers kann horizontal oder vertikal sein, und Sie k\u00f6nnen das am besten passende Bildverh\u00e4ltnis w\u00e4hlen. Ihre Nutzer werden einer Bestellung nicht entkommen, sobald sie das tats\u00e4chliche Ergebnis Ihrer Angebote erfahren! <\/p> <p><b>Holen Sie sich das Beste aus dem Vorherigen &amp; After-Plugin, um Ihre E-Commerce-Herausforderungen schneller zu meistern! <\/b><\/p> <\/div><div class=\"application-platform-content-item-features application-platform-content-item\" id=\"features\" data-nav-section=\"features\"> <h2>Dies sind nur einige der verschiedenen Widget-Funktionen: <\/h2> <ul><li>Betten Sie unbegrenzt viele Vorher- und Nachher-Paare ein Bilder<\/li> <li>F\u00fcgen Sie zu jedem Foto Bildunterschriften mit Textformatierung hinzu<\/li><li>Zwei fertige Layouts: Liste und Karussell<\/li><li>Horizontale oder vertikale Ausrichtung der Trennlinie<\/li><li> Klicken und ziehen Sie oder bewegen Sie einfach den Mauszeiger, um die Trennlinie zu verschieben<\/li><li>Wischen Sie auf Touchscreens<\/li><\/ul><p><a href=\"#demo\">Probieren Sie alle Einstellungen in 100 Funktionsdemos aus<\/a><\/p> <\/div><div class=\"application-platform-content-item-installation application-platform-content-item\" id=\"installation\" data-nav-section=\"installation\"> <h2>Wie f\u00fcge ich einen Vorher- und Nachher-Schieberegler auf meinen Google Sites hinzu? <\/h2><div class=\"video-container\"><iframe width=\"560\" height=\"315\" src=\"https:\/\/www.youtube.com\/embed\/6Y9Kc_G2vxA?si=StjAkFHxO2m0-ldy\" frameborder=\"0\" allow=\"accelerometer; autoplay; clipboard-write; encrypted-media; gyroscope; picture-in-picture; web-share\" allowfullscreen><\/iframe><\/div><p>Befolgen Sie einfach die unten aufgef\u00fchrten Schritte, um das Vergleichs-Widget zu integrieren. <\/p> <ol><li><b>F\u00fchren Sie unseren kostenlosen Editor aus und beginnen Sie mit der Erstellung Ihres personalisierten Instruments.<\/b><br> Bestimmen Sie die geeignete Form und Spezifikationen des Tools und speichern Sie die \u00c4nderungen.<\/li> <li><b>Erhalten Sie den pers\u00f6nlichen Code, der im Fenster von Elfsight Apps angezeigt wird.<\/b><br> Nachdem die Anpassung Ihres pers\u00f6nlichen Plugins abgeschlossen ist, kopieren Sie den individuellen Code aus dem angezeigten Fenster und bewahren Sie ihn zur weiteren Verwendung auf.<\/li> <li><b>Beginnen Sie mit der Verwendung des Vergleichsschiebereglers auf Ihren Google Sites<\/b><br> Geben Sie den Code ein, den Sie k\u00fcrzlich in Ihre Website kopiert haben, und \u00fcbernehmen Sie die \u00c4nderungen.<\/li> <li><b> Du bist fertig! Die Einrichtung wurde erfolgreich abgeschlossen<\/b><br> Gehen Sie auf Ihre Website, um die Funktionsweise des Widgets anzuzeigen.<\/li><\/ol> <div class=\"tip-yellow tip\"><b>Aufgrund der Besonderheiten der Google Sites-Funktion funktioniert das Widget m\u00f6glicherweise nicht sieht anders aus als in der Online-Demo. Wir entschuldigen uns f\u00fcr etwaige Unannehmlichkeiten.<\/b><\/div><p>Wenn Sie Fragen haben oder auf Probleme sto\u00dfen, z\u00f6gern Sie nicht, sich an unsere Kundendienstmitarbeiter zu wenden. Unsere Berater werden sich freuen, alle Probleme zu l\u00f6sen, die Sie m\u00f6glicherweise mit dem Tool haben.<\/p> <div class=\"faq\" data-component=\"FAQ\"><div class=\"faq-item\">\r\n\t\t\t\t\t<div class=\"faq-item-question\">\r\n\t\t\t\t\t\t<h3 class=\"faq-item-question-text\">Wie f\u00fcge ich ohne Programmierkenntnisse einen Vorher-Nachher-Schieberegler zu meiner Google Sites-Website hinzu?<\/h3>\r\n\r\n\t\t\t\t\t\t<div class=\"faq-item-question-icon\"><\/div>\r\n\t\t\t\t\t<\/div>\r\n\r\n\t\t\t\t\t<div class=\"faq-item-answer\">\r\n\t\t\t\t\t\t<div class=\"faq-item-answer-text\"> <p>Elfsight bietet eine SaaS-L\u00f6sung, mit der Sie selbst ein Vorher-\/Nachher-Schieberegler-Widget erstellen k\u00f6nnen. Sehen Sie, wie einfach der Vorgang ist: Arbeiten Sie direkt im Online-Editor, um ein Vorher-\/Nachher-Schieberegler-Widget zu erstellen, das Sie gerne auf Ihrer Google Sites-Website sehen w\u00fcrden. W\u00e4hlen Sie eine der vorgefertigten Vorlagen aus und passen Sie die Einstellungen des Vorher- und Nachher-Schiebereglers an, f\u00fcgen Sie Ihre Inhalte hinzu, \u00e4ndern Sie das Layout und die Farben ohne Programmierkenntnisse. Speichern Sie den Vorher-Nachher-Schieberegler und kopieren Sie den Installationscode, den Sie problemlos in Ihre Google Sites-Website einbetten k\u00f6nnen, ohne eine kostenpflichtige Version kaufen zu m\u00fcssen. Mit unserem intuitiven Editor kann jeder Internetnutzer online ein Vorher-Nachher-Slider-Widget erstellen und es einfach in seine Google Sites-Website einbetten. Um auf den Service zuzugreifen, m\u00fcssen Sie weder bezahlen noch Ihre Kartendaten eingeben. Sollten bei irgendeinem Schritt Probleme auftreten, wenden Sie sich bitte an unser technisches Support-Team.<\/p> <\/div>\r\n\t\t\t\t\t<\/div>\r\n\t\t\t\t<\/div> <\/div><\/div>\n\n\n\n<p><\/p>\n","protected":false},"excerpt":{"rendered":"","protected":false},"author":9,"featured_media":0,"parent":1269,"menu_order":0,"comment_status":"closed","ping_status":"closed","template":"templates\/template-application-platform.php","meta":{"publish_to_discourse":"","publish_post_category":"","wpdc_auto_publish_overridden":"","wpdc_topic_tags":"","wpdc_pin_topic":"","wpdc_pin_until":"","discourse_post_id":"","discourse_permalink":"","wpdc_publishing_response":"","wpdc_publishing_error":"","footnotes":""},"class_list":["post-16840","page","type-page","status-publish","hentry"],"yoast_head":"<!-- This site is optimized with the Yoast SEO plugin v25.3.1 - https:\/\/yoast.com\/wordpress\/plugins\/seo\/ -->\n<title>Vorher-Nachher-Slider \u2013 Vergleichs-Widget zu Google Sites hinzuf\u00fcgen (2025)<\/title>\n<meta name=\"description\" content=\"F\u00fcgen Sie Ihren Google Sites ein anpassbares Vorher-Nachher-Slider-Widget hinzu. Schauen Sie sich die umfassende Demo an und erstellen Sie Ihr personalisiertes Vergleichs-Widget.\" \/>\n<meta name=\"robots\" content=\"index, follow, max-snippet:-1, max-image-preview:large, max-video-preview:-1\" \/>\n<link rel=\"canonical\" href=\"https:\/\/elfsight.com\/de\/before-and-after-slider-widget\/google-sites\/\" \/>\n<meta property=\"og:locale\" content=\"de_DE\" \/>\n<meta property=\"og:type\" content=\"article\" \/>\n<meta property=\"og:title\" content=\"Vorher-Nachher-Slider \u2013 Vergleichs-Widget zu Google Sites hinzuf\u00fcgen (2025)\" \/>\n<meta property=\"og:description\" content=\"F\u00fcgen Sie Ihren Google Sites ein anpassbares Vorher-Nachher-Slider-Widget hinzu. Schauen Sie sich die umfassende Demo an und erstellen Sie Ihr personalisiertes Vergleichs-Widget.\" \/>\n<meta property=\"og:url\" content=\"https:\/\/elfsight.com\/de\/before-and-after-slider-widget\/google-sites\/\" \/>\n<meta property=\"og:site_name\" content=\"Elfsight DE\" \/>\n<meta property=\"article:modified_time\" content=\"2025-02-20T13:58:09+00:00\" \/>\n<meta name=\"twitter:card\" content=\"summary_large_image\" \/>\n<meta name=\"twitter:label1\" content=\"Gesch\u00e4tzte Lesezeit\" \/>\n\t<meta name=\"twitter:data1\" content=\"4\u00a0Minuten\" \/>\n<!-- \/ Yoast SEO plugin. -->","yoast_head_json":{"title":"Vorher-Nachher-Slider \u2013 Vergleichs-Widget zu Google Sites hinzuf\u00fcgen (2025)","description":"F\u00fcgen Sie Ihren Google Sites ein anpassbares Vorher-Nachher-Slider-Widget hinzu. Schauen Sie sich die umfassende Demo an und erstellen Sie Ihr personalisiertes Vergleichs-Widget.","robots":{"index":"index","follow":"follow","max-snippet":"max-snippet:-1","max-image-preview":"max-image-preview:large","max-video-preview":"max-video-preview:-1"},"canonical":"https:\/\/elfsight.com\/de\/before-and-after-slider-widget\/google-sites\/","og_locale":"de_DE","og_type":"article","og_title":"Vorher-Nachher-Slider \u2013 Vergleichs-Widget zu Google Sites hinzuf\u00fcgen (2025)","og_description":"F\u00fcgen Sie Ihren Google Sites ein anpassbares Vorher-Nachher-Slider-Widget hinzu. Schauen Sie sich die umfassende Demo an und erstellen Sie Ihr personalisiertes Vergleichs-Widget.","og_url":"https:\/\/elfsight.com\/de\/before-and-after-slider-widget\/google-sites\/","og_site_name":"Elfsight DE","article_modified_time":"2025-02-20T13:58:09+00:00","twitter_card":"summary_large_image","twitter_misc":{"Gesch\u00e4tzte Lesezeit":"4\u00a0Minuten"},"schema":{"@context":"https:\/\/schema.org","@graph":[{"@type":"WebPage","@id":"https:\/\/elfsight.com\/de\/before-and-after-slider-widget\/google-sites\/","url":"https:\/\/elfsight.com\/de\/before-and-after-slider-widget\/google-sites\/","name":"Vorher-Nachher-Slider \u2013 Vergleichs-Widget zu Google Sites hinzuf\u00fcgen (2025)","isPartOf":{"@id":"https:\/\/elfsight.com\/de\/#website"},"datePublished":"2024-05-03T06:30:08+00:00","dateModified":"2025-02-20T13:58:09+00:00","description":"F\u00fcgen Sie Ihren Google Sites ein anpassbares Vorher-Nachher-Slider-Widget hinzu. Schauen Sie sich die umfassende Demo an und erstellen Sie Ihr personalisiertes Vergleichs-Widget.","breadcrumb":{"@id":"https:\/\/elfsight.com\/de\/before-and-after-slider-widget\/google-sites\/#breadcrumb"},"inLanguage":"de","potentialAction":[{"@type":"ReadAction","target":["https:\/\/elfsight.com\/de\/before-and-after-slider-widget\/google-sites\/"]}]},{"@type":"BreadcrumbList","@id":"https:\/\/elfsight.com\/de\/before-and-after-slider-widget\/google-sites\/#breadcrumb","itemListElement":[{"@type":"ListItem","position":1,"name":"Home","item":"https:\/\/elfsight.com\/de\/"},{"@type":"ListItem","position":2,"name":"Before and After Slider","item":"https:\/\/elfsight.com\/de\/before-and-after-slider-widget\/"},{"@type":"ListItem","position":3,"name":"Before and after slider &#8211; Google Sites"}]},{"@type":"WebSite","@id":"https:\/\/elfsight.com\/de\/#website","url":"https:\/\/elfsight.com\/de\/","name":"Elfsight DE","description":"Just another Elfsight Sites site","potentialAction":[{"@type":"SearchAction","target":{"@type":"EntryPoint","urlTemplate":"https:\/\/elfsight.com\/de\/?s={search_term_string}"},"query-input":{"@type":"PropertyValueSpecification","valueRequired":true,"valueName":"search_term_string"}}],"inLanguage":"de"}]}},"meta_box":{"industry":"","seo_heading":"","heading":"","description":"","cta_heading":"","cta_description":"","application":"504","h1":"Google Sites Vorher-Nachher-Slider-Widget","h1_caption":"Pr\u00e4sentieren Sie Vergleiche zwischen zwei Bildern, ideal, um Transformationen hervorzuheben oder Produktvorteile m\u00fchelos auf Ihren Google Sites zu pr\u00e4sentieren.","application_category":[],"applications_title":"","applications_request_title":"","applications_request_button_text":"","hero_text":"","hero_video":"","hero_video_schema_markup":"","selling_points_title":"","selling_points_caption":"","selling_points":[],"selling_points_cta_text":"","features_title":"","features":"","ed_cta_examples_text":"","ed_cta_examples_hidden":"","ed_cta_demo_text":"","ed_cta_demo_hidden":"","why_caption":"","why_editor_title":"","why_editor_text":"","why_team_title":"","why_team_text":"","why_service_title":"","why_service_text":"","template_catalog_visible":"0","template_catalog_title":"","template_catalog_text":"","template_catalog_categories_visible":"","demo_title":"Erstellen Sie Ihr Vorher-Nachher-Slider-Widget","demo_caption":"Konfigurieren Sie Ihren Vorher-Nachher-Schieberegler und f\u00fcgen Sie ihn kostenlos zu Ihrer Google Sites-Website hinzu!","default_faq_hidden":"","app_template_category":[],"platform":"3000","template_public_id":"","codecanyon_url":"","codecanyon_item_id":"","codecanyon_price":"","pricing_caption":"","pricing_elfsight_apps_hide_column":"","pricing_elfsight_apps_url":"","pricing_codecanyon_price_caption":"","integration_category":[],"integration_request_title":"","integration_request_cta":"","integration_platform":"","integrations":[],"platform_category":[],"video_schema_markup":"","price":"ab 0 $ \/ Monat","trial":"","benefits":[{"text":"Kostenlose Installationshilfe"},{"text":"Au\u00dfergew\u00f6hnliche Unterst\u00fctzung"},{"text":"14-t\u00e4gige Geld-zur\u00fcck-Garantie"},{"text":"St\u00e4ndige Aktualisierung"}],"button_url":"#demo","button_target_blank":"0","button_nofollow":"0","attributes":[{"name":"Installiert","content":"10,000 - 100,000"},{"name":"Reaktionsfreudig","content":"Ja"},{"name":"Kompatible Browser","content":"Chrome, Edge, Safari, Firefox, Opera"}],"tags":[],"tags_disable_links":"0","hide_more_platforms":"0","video_object":"","demo_hide_cta":"0","demo_hide_cloud_options":"0","pricing_title":"","pricing":[{"pricing_icon":"platform","pricing_title":"Elfsight Apps","pricing_title_caption":"Plattform\u00fcbergreifende Version, die auf jeder Website funktioniert","pricing_price":"ab 0 $ \/ Monat","pricing_price_caption":"Beginnen Sie mit einem kostenlosen Plan","pricing_benefits":[{"text":"Unbegrenzte Anzahl an Websites"},{"text":"Kostenloser und p\u00fcnktlicher Support"},{"text":"Kostenlose Installationshilfe"},{"text":"Sonderpreis f\u00fcr mehrere Apps"}],"pricing_button_text":"Zur Website hinzuf\u00fcgen","pricing_button_url":"#demo"}],"related_apps_title":"","related_apps_hidden":"0","author":"","image":[],"title":"","job":"","social_networks":[]},"_links":{"self":[{"href":"https:\/\/elfsight.com\/de\/wp-json\/wp\/v2\/pages\/16840","targetHints":{"allow":["GET"]}}],"collection":[{"href":"https:\/\/elfsight.com\/de\/wp-json\/wp\/v2\/pages"}],"about":[{"href":"https:\/\/elfsight.com\/de\/wp-json\/wp\/v2\/types\/page"}],"author":[{"embeddable":true,"href":"https:\/\/elfsight.com\/de\/wp-json\/wp\/v2\/users\/9"}],"replies":[{"embeddable":true,"href":"https:\/\/elfsight.com\/de\/wp-json\/wp\/v2\/comments?post=16840"}],"version-history":[{"count":3,"href":"https:\/\/elfsight.com\/de\/wp-json\/wp\/v2\/pages\/16840\/revisions"}],"predecessor-version":[{"id":24586,"href":"https:\/\/elfsight.com\/de\/wp-json\/wp\/v2\/pages\/16840\/revisions\/24586"}],"up":[{"embeddable":true,"href":"https:\/\/elfsight.com\/de\/wp-json\/wp\/v2\/pages\/1269"}],"wp:attachment":[{"href":"https:\/\/elfsight.com\/de\/wp-json\/wp\/v2\/media?parent=16840"}],"curies":[{"name":"wp","href":"https:\/\/api.w.org\/{rel}","templated":true}]}}