{"id":16839,"date":"2024-05-03T06:30:07","date_gmt":"2024-05-03T06:30:07","guid":{"rendered":"https:\/\/elfsight.com\/de\/?page_id=16839"},"modified":"2025-07-08T10:14:23","modified_gmt":"2025-07-08T10:14:23","slug":"godaddy","status":"publish","type":"page","link":"https:\/\/elfsight.com\/de\/before-and-after-slider-widget\/godaddy\/","title":{"rendered":"Before and After Slider &#8211; GoDaddy"},"content":{"rendered":"<div class=\"application-platform-content-item-description application-platform-content-item\" id=\"description\" data-nav-section=\"description\"> <h2>Betten Sie den Vorher- und Nachher-Slider auf GoDaddy mit dem Elfsight-Widget ein<\/h2> <p>Mit dem Vorher- und Nachher-Slider von Elfsight k\u00f6nnen Sie beeindruckende Werbung konfigurieren Bilder f\u00fcr Ihre Website. Benutzer k\u00f6nnen alle \u00c4nderungen \u00fcberpr\u00fcfen, die Ihre Produkte oder Dienstleistungen mit sich bringen. Laden Sie einfach zwei Bilder in den Vorher-Nachher-Slider f\u00fcr GoDaddy hoch und sie werden mit einer Trennwand ausgestattet, die sich bewegt, um die \u00c4nderung zu erkennen. Sie k\u00f6nnen eine unbegrenzte Anzahl von Fotos\u00e4tzen ver\u00f6ffentlichen, jeweils mit einer eigenen Bildunterschrift. Die Schiebeausrichtung kann horizontal oder vertikal sein, und Sie k\u00f6nnen das am besten passende Bildverh\u00e4ltnis frei w\u00e4hlen. Ihre Benutzer werden nicht umhin k\u00f6nnen, einen Kauf zu t\u00e4tigen, wenn sie die tats\u00e4chliche Effizienz sehen| Ihrer Angebote! <\/p> <p><b>Machen Sie Ihre Website f\u00fcr Gesch\u00e4ftsaufgaben effektiver mit Fotos von Vorher und Nachher<\/b><\/p> <\/div> <div class=\"application-platform-content-item-features application-platform-content-item\" id=\"features\" data-nav-section=\"features\"> <h2>Dies sind nur einige der umfangreichen Plugin-Funktionen: <\/h2> <ul><li>Zeigen Sie eine beliebige Anzahl von Vorher- und Nachher-Bildpaaren<\/li> <li>F\u00fcgen Sie zu jedem Bild Beschriftungen mit Textformatierungseinstellungen hinzu<\/li><li> Zwei gebrauchsfertige Layouts: Liste und Karussell<\/li><li>Horizontale oder vertikale Ausrichtung der Trennlinie<\/li><li>Klicken und Ziehen oder einfach den Mauszeiger bewegen, um die Trennlinie zu verschieben<\/li><li>Weiterwischen Touch-Ger\u00e4te<\/li><\/ul><p><a href=\"#demo\">Probieren Sie einfach diese Demo aus, um zu sehen, was das Plugin wert ist<\/a><\/p> <\/div> <div class=\"application-platform-content-item-\u201eInstallation\u201c application-platform-content-item\" id=\"\u201eInstallation\u201c\" data-nav-section=\"\u201eInstallation\u201c\"> <h2>Wie kann ich einen Vorher- und Nachher-Slider auf meinem GoDaddy hinzuf\u00fcgen? <\/h2> <p>Befolgen Sie einfach die nachstehenden Anweisungen, um das Werkzeug einzusetzen. <\/p> <ol><li><b>Nutzen Sie unsere kostenlose Demo und beginnen Sie mit der Gestaltung Ihres ma\u00dfgeschneiderten Plugins. <\/b><br> W\u00e4hlen Sie das ausgew\u00e4hlte Layout und die Parameter des Plugins und speichern Sie die \u00c4nderungen. <\/li> <li><b>Ihr pers\u00f6nlicher Code erscheint im Fenster von Elfsight Apps<\/b><br> Nachdem die Anpassung Ihres Plugins abgeschlossen ist, kopieren Sie den exklusiven Code aus dem erscheinenden Fenster und speichern Sie ihn zuk\u00fcnftiger Anlass. <\/li> <li><b>Beginn der Verwendung des Tools auf der GoDaddy-Website<\/b><br> Implementieren Sie den Code, den Sie zuvor kopiert haben, auf Ihrer Homepage und speichern Sie die \u00c4nderungen. <\/li> <li><b>Fertig! Die Einbettung ist vollst\u00e4ndig abgeschlossen<\/b><br> Besuchen Sie Ihre Webseite, um die Funktionsweise des Tools zu beobachten. <\/li><\/ol> <p>Wenn Sie Fragen haben oder auf Probleme sto\u00dfen, z\u00f6gern Sie nicht, sich an unsere Support-Mitarbeiter zu wenden. Unsere Mitarbeiter helfen Ihnen gerne bei allen Schwierigkeiten, die Sie mit dem Produkt haben k\u00f6nnten. <\/p> <div class=\"faq\" data-component=\"FAQ\"><div class=\"faq-item\">\r\n\t\t\t\t\t<div class=\"faq-item-question\">\r\n\t\t\t\t\t\t<h3 class=\"faq-item-question-text\">Wie f\u00fcge ich ohne Programmierkenntnisse einen Vorher- und Nachher-Schieberegler zu meiner GoDaddy-Website hinzu?<\/h3>\r\n\r\n\t\t\t\t\t\t<div class=\"faq-item-question-icon\"><\/div>\r\n\t\t\t\t\t<\/div>\r\n\r\n\t\t\t\t\t<div class=\"faq-item-answer\">\r\n\t\t\t\t\t\t<div class=\"faq-item-answer-text\"> <p>Elfsight bietet eine SaaS-L\u00f6sung, mit der Sie selbst ein Vorher- und Nachher-Schieberegler-Widget erstellen k\u00f6nnen. Sehen Sie, wie einfach der Vorgang ist: Erstellen Sie direkt im Online-Editor ein Vorher-Nachher-Schieberegler-Widget, das Sie gerne auf Ihrer GoDaddy-Website sehen w\u00fcrden. W\u00e4hlen Sie eine der vorgefertigten Vorlagen aus und passen Sie die Einstellungen des Vorher- und Nachher-Schiebereglers an, f\u00fcgen Sie Ihre Inhalte hinzu, \u00e4ndern Sie das Layout und die Farben ohne Programmierkenntnisse. Speichern Sie den Vorher-Nachher-Schieberegler und kopieren Sie den Installationscode, den Sie in Ihre GoDaddy-Website einbetten k\u00f6nnen, ohne einen kostenpflichtigen Plan kaufen zu m\u00fcssen. Mit unserem intuitiven Editor kann jeder Internetnutzer online ein Vorher-Nachher-Slider-Widget erstellen und es ganz einfach in seine GoDaddy-Website einbetten. Um auf den Service zuzugreifen, m\u00fcssen Sie weder bezahlen noch Ihre Kartendaten eingeben. Sollten bei irgendeinem Schritt Probleme auftreten, wenden Sie sich bitte an unser technisches Support-Team.<\/p> <\/div>\r\n\t\t\t\t\t<\/div>\r\n\t\t\t\t<\/div> <\/div><\/div>","protected":false},"excerpt":{"rendered":"","protected":false},"author":9,"featured_media":0,"parent":1269,"menu_order":0,"comment_status":"closed","ping_status":"closed","template":"templates\/template-application-platform.php","meta":{"publish_to_discourse":"","publish_post_category":"","wpdc_auto_publish_overridden":"","wpdc_topic_tags":"","wpdc_pin_topic":"","wpdc_pin_until":"","discourse_post_id":"","discourse_permalink":"","wpdc_publishing_response":"","wpdc_publishing_error":"","footnotes":""},"class_list":["post-16839","page","type-page","status-publish","hentry"],"yoast_head":"<!-- This site is optimized with the Yoast SEO plugin v25.3.1 - https:\/\/yoast.com\/wordpress\/plugins\/seo\/ -->\n<title>Plugin \u201eBuchungsbewertungen\u201c \u2013 F\u00fcgen Sie das Plugin \u201eBewertungen\u201c zur GoDaddy-Website hinzu!<\/title>\n<meta name=\"description\" content=\"F\u00fcgen Sie ein interaktives Vorher-Nachher-Slider-Plugin auf Ihrer GoDaddy-Website ein. Testen Sie die kostenlose Elfsight-Demo mit wenigen Klicks!\" \/>\n<meta name=\"robots\" content=\"index, follow, max-snippet:-1, max-image-preview:large, max-video-preview:-1\" \/>\n<link rel=\"canonical\" href=\"https:\/\/elfsight.com\/de\/before-and-after-slider-widget\/godaddy\/\" \/>\n<meta property=\"og:locale\" content=\"de_DE\" \/>\n<meta property=\"og:type\" content=\"article\" \/>\n<meta property=\"og:title\" content=\"Plugin \u201eBuchungsbewertungen\u201c \u2013 F\u00fcgen Sie das Plugin \u201eBewertungen\u201c zur GoDaddy-Website hinzu!\" \/>\n<meta property=\"og:description\" content=\"F\u00fcgen Sie ein interaktives Vorher-Nachher-Slider-Plugin auf Ihrer GoDaddy-Website ein. Testen Sie die kostenlose Elfsight-Demo mit wenigen Klicks!\" \/>\n<meta property=\"og:url\" content=\"https:\/\/elfsight.com\/de\/before-and-after-slider-widget\/godaddy\/\" \/>\n<meta property=\"og:site_name\" content=\"Elfsight DE\" \/>\n<meta property=\"article:modified_time\" content=\"2025-07-08T10:14:23+00:00\" \/>\n<meta name=\"twitter:card\" content=\"summary_large_image\" \/>\n<meta name=\"twitter:label1\" content=\"Gesch\u00e4tzte Lesezeit\" \/>\n\t<meta name=\"twitter:data1\" content=\"3\u00a0Minuten\" \/>\n<!-- \/ Yoast SEO plugin. -->","yoast_head_json":{"title":"Plugin \u201eBuchungsbewertungen\u201c \u2013 F\u00fcgen Sie das Plugin \u201eBewertungen\u201c zur GoDaddy-Website hinzu!","description":"F\u00fcgen Sie ein interaktives Vorher-Nachher-Slider-Plugin auf Ihrer GoDaddy-Website ein. Testen Sie die kostenlose Elfsight-Demo mit wenigen Klicks!","robots":{"index":"index","follow":"follow","max-snippet":"max-snippet:-1","max-image-preview":"max-image-preview:large","max-video-preview":"max-video-preview:-1"},"canonical":"https:\/\/elfsight.com\/de\/before-and-after-slider-widget\/godaddy\/","og_locale":"de_DE","og_type":"article","og_title":"Plugin \u201eBuchungsbewertungen\u201c \u2013 F\u00fcgen Sie das Plugin \u201eBewertungen\u201c zur GoDaddy-Website hinzu!","og_description":"F\u00fcgen Sie ein interaktives Vorher-Nachher-Slider-Plugin auf Ihrer GoDaddy-Website ein. Testen Sie die kostenlose Elfsight-Demo mit wenigen Klicks!","og_url":"https:\/\/elfsight.com\/de\/before-and-after-slider-widget\/godaddy\/","og_site_name":"Elfsight DE","article_modified_time":"2025-07-08T10:14:23+00:00","twitter_card":"summary_large_image","twitter_misc":{"Gesch\u00e4tzte Lesezeit":"3\u00a0Minuten"},"schema":{"@context":"https:\/\/schema.org","@graph":[{"@type":"WebPage","@id":"https:\/\/elfsight.com\/de\/before-and-after-slider-widget\/godaddy\/","url":"https:\/\/elfsight.com\/de\/before-and-after-slider-widget\/godaddy\/","name":"Plugin \u201eBuchungsbewertungen\u201c \u2013 F\u00fcgen Sie das Plugin \u201eBewertungen\u201c zur GoDaddy-Website hinzu!","isPartOf":{"@id":"https:\/\/elfsight.com\/de\/#website"},"datePublished":"2024-05-03T06:30:07+00:00","dateModified":"2025-07-08T10:14:23+00:00","description":"F\u00fcgen Sie ein interaktives Vorher-Nachher-Slider-Plugin auf Ihrer GoDaddy-Website ein. Testen Sie die kostenlose Elfsight-Demo mit wenigen Klicks!","breadcrumb":{"@id":"https:\/\/elfsight.com\/de\/before-and-after-slider-widget\/godaddy\/#breadcrumb"},"inLanguage":"de","potentialAction":[{"@type":"ReadAction","target":["https:\/\/elfsight.com\/de\/before-and-after-slider-widget\/godaddy\/"]}]},{"@type":"BreadcrumbList","@id":"https:\/\/elfsight.com\/de\/before-and-after-slider-widget\/godaddy\/#breadcrumb","itemListElement":[{"@type":"ListItem","position":1,"name":"Home","item":"https:\/\/elfsight.com\/de\/"},{"@type":"ListItem","position":2,"name":"Before and After Slider","item":"https:\/\/elfsight.com\/de\/before-and-after-slider-widget\/"},{"@type":"ListItem","position":3,"name":"Before and After Slider &#8211; GoDaddy"}]},{"@type":"WebSite","@id":"https:\/\/elfsight.com\/de\/#website","url":"https:\/\/elfsight.com\/de\/","name":"Elfsight DE","description":"Just another Elfsight Sites site","potentialAction":[{"@type":"SearchAction","target":{"@type":"EntryPoint","urlTemplate":"https:\/\/elfsight.com\/de\/?s={search_term_string}"},"query-input":{"@type":"PropertyValueSpecification","valueRequired":true,"valueName":"search_term_string"}}],"inLanguage":"de"}]}},"meta_box":{"industry":"","seo_heading":"","heading":"","description":"","cta_heading":"","cta_description":"","application":"504","h1":"GoDaddy Vorher-Nachher-Slider-Plugin","h1_caption":"Pr\u00e4sentieren Sie Vergleiche zwischen zwei Bildern, ideal, um Ver\u00e4nderungen hervorzuheben oder Produktvorteile m\u00fchelos auf Ihrer GoDaddy-Website zu pr\u00e4sentieren.","application_category":[],"applications_title":"","applications_request_title":"","applications_request_button_text":"","hero_text":"","hero_video":"","hero_video_schema_markup":"","selling_points_title":"","selling_points_caption":"","selling_points":[],"selling_points_cta_text":"","features_title":"","features":"","ed_cta_examples_text":"","ed_cta_examples_hidden":"","ed_cta_demo_text":"","ed_cta_demo_hidden":"","why_caption":"","why_editor_title":"","why_editor_text":"","why_team_title":"","why_team_text":"","why_service_title":"","why_service_text":"","template_catalog_visible":"","template_catalog_title":"","template_catalog_text":"","template_catalog_categories_visible":"","demo_title":"Erstellen Sie Ihr Vorher-Nachher-Slider-Plugin","demo_caption":"Konfigurieren Sie Ihren Vorher-Nachher-Slider und f\u00fcgen Sie ihn kostenlos zu Ihrer GoDaddy-Website hinzu!","default_faq_hidden":"","app_template_category":[],"platform":"241","template_public_id":"","codecanyon_url":"","codecanyon_item_id":"","codecanyon_price":"","pricing_caption":"","pricing_elfsight_apps_hide_column":"","pricing_elfsight_apps_url":"","pricing_codecanyon_price_caption":"","integration_category":[],"integration_request_title":"","integration_request_cta":"","integration_platform":"","integrations":[],"platform_category":[],"video_schema_markup":"","price":"ab 0 $ \/ Monat","trial":"","benefits":[{"text":"Kostenlose Installationsunterst\u00fctzung"},{"text":"Au\u00dfergew\u00f6hnlicher Support"},{"text":"14-t\u00e4gige R\u00fcckerstattungsgarantie"},{"text":"Regelm\u00e4\u00dfige Verbesserungen"}],"button_url":"#demo","button_target_blank":"","button_nofollow":"","attributes":[{"name":"Installiert","content":"10,000 - 100,000"},{"name":"Reaktionsfreudig","content":"Ja"},{"name":"Kompatible Browser","content":"IE11, Firefox, Safari, Opera, Chrome, Edge"}],"tags":[],"tags_disable_links":"","hide_more_platforms":"","video_object":"","demo_hide_cta":"","demo_hide_cloud_options":"","pricing_title":"","pricing":[{"pricing_icon":"platform","pricing_title":"Elfsight Apps","pricing_title_caption":"Plattformunabh\u00e4ngige digitale L\u00f6sung, die auf jeder Website funktioniert","pricing_price":"ab 0 $ \/ Monat","pricing_price_caption":"Beginnen Sie mit einem kostenlosen Plan","pricing_benefits":[{"text":"Unbegrenzte Websites"},{"text":"Schneller und p\u00fcnktlicher Support"},{"text":"Kostenlose Installationshilfe"},{"text":"Vollst\u00e4ndig anpassbar"}],"pricing_button_text":"Zur Website hinzuf\u00fcgen","pricing_button_url":"#demo"}],"related_apps_title":"","related_apps_hidden":"","author":"","image":[],"title":"","job":"","social_networks":[]},"_links":{"self":[{"href":"https:\/\/elfsight.com\/de\/wp-json\/wp\/v2\/pages\/16839","targetHints":{"allow":["GET"]}}],"collection":[{"href":"https:\/\/elfsight.com\/de\/wp-json\/wp\/v2\/pages"}],"about":[{"href":"https:\/\/elfsight.com\/de\/wp-json\/wp\/v2\/types\/page"}],"author":[{"embeddable":true,"href":"https:\/\/elfsight.com\/de\/wp-json\/wp\/v2\/users\/9"}],"replies":[{"embeddable":true,"href":"https:\/\/elfsight.com\/de\/wp-json\/wp\/v2\/comments?post=16839"}],"version-history":[{"count":2,"href":"https:\/\/elfsight.com\/de\/wp-json\/wp\/v2\/pages\/16839\/revisions"}],"predecessor-version":[{"id":21322,"href":"https:\/\/elfsight.com\/de\/wp-json\/wp\/v2\/pages\/16839\/revisions\/21322"}],"up":[{"embeddable":true,"href":"https:\/\/elfsight.com\/de\/wp-json\/wp\/v2\/pages\/1269"}],"wp:attachment":[{"href":"https:\/\/elfsight.com\/de\/wp-json\/wp\/v2\/media?parent=16839"}],"curies":[{"name":"wp","href":"https:\/\/api.w.org\/{rel}","templated":true}]}}