{"id":16833,"date":"2024-05-03T06:30:05","date_gmt":"2024-05-03T06:30:05","guid":{"rendered":"https:\/\/elfsight.com\/de\/?page_id=16833"},"modified":"2025-07-08T10:15:08","modified_gmt":"2025-07-08T10:15:08","slug":"jimdo","status":"publish","type":"page","link":"https:\/\/elfsight.com\/de\/before-and-after-slider-widget\/jimdo\/","title":{"rendered":"Before and After Slider &#8211; Jimdo"},"content":{"rendered":"<div class=\"application-platform-content-item-description application-platform-content-item\" id=\"description\" data-nav-section=\"description\"> <h2>Beschreibung<\/h2> <p>Vorher-Nachher-Slider von Elfsight hilft Ihnen, faszinierende Werbefotos f\u00fcr Ihre Website zu ver\u00f6ffentlichen. Besucher k\u00f6nnen alle \u00c4nderungen erkunden, die Ihre Waren oder Dienstleistungen mit sich bringen. Laden Sie einfach Vorher- und Nachher-Fotos in den Vorher- und Nachher-Slider f\u00fcr Jimdo hoch und Sie erhalten eine Trennwand, die verschiebbar ist, um den Unterschied zu erkennen. Sie k\u00f6nnen Ihre Angebote haben! <\/p> <p><b>Erzielen Sie mit dem Vorher-Nachher-Schieberegler nachhaltiges Gesch\u00e4ftswachstum und mehr Umsatz <\/b><\/p><\/div> <div class=\"application-platform-content-item-features application-platform-content-item\" id=\"features\" data-nav-section=\"features\"> <h2>Dies sind nur einige davon Zu den wertvollen Widget-Funktionen geh\u00f6ren: <\/h2> <ul><li>Demonstrieren Sie eine beliebige Anzahl von Vorher- und Nachher-Fotopaaren<\/li> <li>Erstellen Sie Bildunterschriften mit Textformatierung f\u00fcr jedes Foto<\/li><li>Zwei integrierte Layouts: Liste und Karussell<\/li><li>Horizontales oder vertikales Verschieben des Teilers<\/li><li>Klicken und ziehen oder einfach mit der Maus bewegen, um den Teiler zu verschieben<\/li><li>Wischen auf Touchscreen-Ger\u00e4ten<\/li><\/ul><p><a href=\"#demo\">Sie k\u00f6nnen mithilfe der Demo \u00fcberpr\u00fcfen, was das Widget bietet<\/a><\/p> <\/div> <div class=\"application-platform-content-item-installation application-platform-content-item\" id=\"installation\" data-nav-section=\"installation\"> <h2>Wie bette ich den Vorher-Nachher-Slider auf einer Jimdo-Site ein? <\/h2> <p>F\u00fchren Sie einfach die unten beschriebenen Schritte aus, um das Werkzeug einzusetzen. <\/p> <ol><li><b>Nutzen Sie unseren kostenlosen Konfigurator und beginnen Sie mit der Erstellung Ihres individuellen Instruments. <\/b><br> Bestimmen Sie das bevorzugte Design und die Parameter des Widgets und \u00fcbernehmen Sie die \u00c4nderungen. <\/li> <li><b>Lassen Sie sich Ihren pers\u00f6nlichen Code im Feld von Elfsight Apps anzeigen. <\/b><br> Wenn die Anpassung Ihres pers\u00f6nlichen Widgets abgeschlossen ist, kopieren Sie den individuellen Code aus dem angezeigten Feld und bewahren Sie ihn f\u00fcr eine sp\u00e4tere Gelegenheit auf. <\/li> <li><b>Verwenden Sie jetzt das Widget auf der Jimdo-Startseite. <\/b><br> Platzieren Sie den Code, den Sie k\u00fcrzlich gespeichert haben, auf Ihrer Seite und \u00fcbernehmen Sie die \u00c4nderungen. <\/li> <li><b>Die Installation ist vollst\u00e4ndig durchgef\u00fchrt. <\/b><br> Gehen Sie zu Ihrer Seite, um die Leistung des Tools anzuzeigen. <\/li><\/ol> <p>Wenn Sie Fragen haben oder auf Schwierigkeiten sto\u00dfen, k\u00f6nnen Sie sich gerne an unser Support-Team wenden. Unsere Spezialisten beantworten gerne alle Fragen, die Sie zum Widget haben. <\/p> <div class=\"faq\" data-component=\"FAQ\"><div class=\"faq-item\">\r\n\t\t\t\t\t<div class=\"faq-item-question\">\r\n\t\t\t\t\t\t<h3 class=\"faq-item-question-text\">Wie kann ich ohne Programmierkenntnisse einen Vorher- und Nachher-Slider zu meiner Jimdo-Website hinzuf\u00fcgen?<\/h3>\r\n\r\n\t\t\t\t\t\t<div class=\"faq-item-question-icon\"><\/div>\r\n\t\t\t\t\t<\/div>\r\n\r\n\t\t\t\t\t<div class=\"faq-item-answer\">\r\n\t\t\t\t\t\t<div class=\"faq-item-answer-text\"> <p>Elfsight bietet eine SaaS-L\u00f6sung, mit der Sie selbst ein Vorher- und Nachher-Slider-Widget erstellen k\u00f6nnen Sehen Sie, wie einfach der Vorgang ist: Erstellen Sie direkt im Online-Editor ein Vorher-Nachher-Slider-Widget, das Sie gerne auf Ihrer Jimdo-Website sehen w\u00fcrden. W\u00e4hlen Sie eine der vorgefertigten Vorlagen aus und passen Sie die Einstellungen des Vorher- und Nachher-Schiebereglers an, f\u00fcgen Sie Ihre Inhalte hinzu, \u00e4ndern Sie das Layout und die Farben ohne Programmierkenntnisse. Speichern Sie den Vorher-Nachher-Schieberegler und kopieren Sie den Installationscode, den Sie einfach in Ihre Jimdo-Website einbetten k\u00f6nnen, ohne einen kostenpflichtigen Plan zu kaufen. Mit unserem intuitiven Editor kann jeder Internetnutzer online ein Vorher-Nachher-Slider-Widget erstellen und es ganz einfach in seine Jimdo-Website einbetten. Um auf den Service zuzugreifen, m\u00fcssen Sie weder bezahlen noch Ihre Kartendaten eingeben. Sollten bei irgendeinem Schritt Probleme auftreten, wenden Sie sich bitte an unser technisches Support-Team.<\/p> <\/div>\r\n\t\t\t\t\t<\/div>\r\n\t\t\t\t<\/div> <\/div><\/div>","protected":false},"excerpt":{"rendered":"","protected":false},"author":9,"featured_media":0,"parent":1269,"menu_order":0,"comment_status":"closed","ping_status":"closed","template":"templates\/template-application-platform.php","meta":{"publish_to_discourse":"","publish_post_category":"","wpdc_auto_publish_overridden":"","wpdc_topic_tags":"","wpdc_pin_topic":"","wpdc_pin_until":"","discourse_post_id":"","discourse_permalink":"","wpdc_publishing_response":"","wpdc_publishing_error":"","footnotes":""},"class_list":["post-16833","page","type-page","status-publish","hentry"],"yoast_head":"<!-- This site is optimized with the Yoast SEO plugin v25.3.1 - https:\/\/yoast.com\/wordpress\/plugins\/seo\/ -->\n<title>Vorher-Nachher-Slider f\u00fcr die Jimdo-Website (kostenlos und schnell!)<\/title>\n<meta name=\"description\" content=\"Gestalten Sie das Vorher-Nachher-Slider-Widget auf Ihrer Jimdo-Website. Testen Sie die kostenlose Elfsight-Demo und entwerfen Sie Ihren Vergleichs-Slider in nur wenigen Sekunden.\" \/>\n<meta name=\"robots\" content=\"index, follow, max-snippet:-1, max-image-preview:large, max-video-preview:-1\" \/>\n<link rel=\"canonical\" href=\"https:\/\/elfsight.com\/de\/before-and-after-slider-widget\/jimdo\/\" \/>\n<meta property=\"og:locale\" content=\"de_DE\" \/>\n<meta property=\"og:type\" content=\"article\" \/>\n<meta property=\"og:title\" content=\"Vorher-Nachher-Slider f\u00fcr die Jimdo-Website (kostenlos und schnell!)\" \/>\n<meta property=\"og:description\" content=\"Gestalten Sie das Vorher-Nachher-Slider-Widget auf Ihrer Jimdo-Website. Testen Sie die kostenlose Elfsight-Demo und entwerfen Sie Ihren Vergleichs-Slider in nur wenigen Sekunden.\" \/>\n<meta property=\"og:url\" content=\"https:\/\/elfsight.com\/de\/before-and-after-slider-widget\/jimdo\/\" \/>\n<meta property=\"og:site_name\" content=\"Elfsight DE\" \/>\n<meta property=\"article:modified_time\" content=\"2025-07-08T10:15:08+00:00\" \/>\n<meta name=\"twitter:card\" content=\"summary_large_image\" \/>\n<meta name=\"twitter:label1\" content=\"Gesch\u00e4tzte Lesezeit\" \/>\n\t<meta name=\"twitter:data1\" content=\"3\u00a0Minuten\" \/>\n<!-- \/ Yoast SEO plugin. -->","yoast_head_json":{"title":"Vorher-Nachher-Slider f\u00fcr die Jimdo-Website (kostenlos und schnell!)","description":"Gestalten Sie das Vorher-Nachher-Slider-Widget auf Ihrer Jimdo-Website. Testen Sie die kostenlose Elfsight-Demo und entwerfen Sie Ihren Vergleichs-Slider in nur wenigen Sekunden.","robots":{"index":"index","follow":"follow","max-snippet":"max-snippet:-1","max-image-preview":"max-image-preview:large","max-video-preview":"max-video-preview:-1"},"canonical":"https:\/\/elfsight.com\/de\/before-and-after-slider-widget\/jimdo\/","og_locale":"de_DE","og_type":"article","og_title":"Vorher-Nachher-Slider f\u00fcr die Jimdo-Website (kostenlos und schnell!)","og_description":"Gestalten Sie das Vorher-Nachher-Slider-Widget auf Ihrer Jimdo-Website. Testen Sie die kostenlose Elfsight-Demo und entwerfen Sie Ihren Vergleichs-Slider in nur wenigen Sekunden.","og_url":"https:\/\/elfsight.com\/de\/before-and-after-slider-widget\/jimdo\/","og_site_name":"Elfsight DE","article_modified_time":"2025-07-08T10:15:08+00:00","twitter_card":"summary_large_image","twitter_misc":{"Gesch\u00e4tzte Lesezeit":"3\u00a0Minuten"},"schema":{"@context":"https:\/\/schema.org","@graph":[{"@type":"WebPage","@id":"https:\/\/elfsight.com\/de\/before-and-after-slider-widget\/jimdo\/","url":"https:\/\/elfsight.com\/de\/before-and-after-slider-widget\/jimdo\/","name":"Vorher-Nachher-Slider f\u00fcr die Jimdo-Website (kostenlos und schnell!)","isPartOf":{"@id":"https:\/\/elfsight.com\/de\/#website"},"datePublished":"2024-05-03T06:30:05+00:00","dateModified":"2025-07-08T10:15:08+00:00","description":"Gestalten Sie das Vorher-Nachher-Slider-Widget auf Ihrer Jimdo-Website. Testen Sie die kostenlose Elfsight-Demo und entwerfen Sie Ihren Vergleichs-Slider in nur wenigen Sekunden.","breadcrumb":{"@id":"https:\/\/elfsight.com\/de\/before-and-after-slider-widget\/jimdo\/#breadcrumb"},"inLanguage":"de","potentialAction":[{"@type":"ReadAction","target":["https:\/\/elfsight.com\/de\/before-and-after-slider-widget\/jimdo\/"]}]},{"@type":"BreadcrumbList","@id":"https:\/\/elfsight.com\/de\/before-and-after-slider-widget\/jimdo\/#breadcrumb","itemListElement":[{"@type":"ListItem","position":1,"name":"Home","item":"https:\/\/elfsight.com\/de\/"},{"@type":"ListItem","position":2,"name":"Before and After Slider","item":"https:\/\/elfsight.com\/de\/before-and-after-slider-widget\/"},{"@type":"ListItem","position":3,"name":"Before and After Slider &#8211; Jimdo"}]},{"@type":"WebSite","@id":"https:\/\/elfsight.com\/de\/#website","url":"https:\/\/elfsight.com\/de\/","name":"Elfsight DE","description":"Just another Elfsight Sites site","potentialAction":[{"@type":"SearchAction","target":{"@type":"EntryPoint","urlTemplate":"https:\/\/elfsight.com\/de\/?s={search_term_string}"},"query-input":{"@type":"PropertyValueSpecification","valueRequired":true,"valueName":"search_term_string"}}],"inLanguage":"de"}]}},"meta_box":{"industry":"","seo_heading":"","heading":"","description":"","cta_heading":"","cta_description":"","application":"504","h1":"Vorher-Nachher-Slider f\u00fcr Jimdo","h1_caption":"Pr\u00e4sentieren Sie Vergleiche zwischen zwei Bildern, ideal, um Ver\u00e4nderungen hervorzuheben oder Produktvorteile m\u00fchelos auf Ihrer Jimdo-Website zu pr\u00e4sentieren.","application_category":[],"applications_title":"","applications_request_title":"","applications_request_button_text":"","hero_text":"","hero_video":"","hero_video_schema_markup":"","selling_points_title":"","selling_points_caption":"","selling_points":[],"selling_points_cta_text":"","features_title":"","features":"","ed_cta_examples_text":"","ed_cta_examples_hidden":"","ed_cta_demo_text":"","ed_cta_demo_hidden":"","why_caption":"","why_editor_title":"","why_editor_text":"","why_team_title":"","why_team_text":"","why_service_title":"","why_service_text":"","template_catalog_visible":"","template_catalog_title":"","template_catalog_text":"","template_catalog_categories_visible":"","demo_title":"Erstellen Sie Ihr Vorher-Nachher-Slider-Widget","demo_caption":"Konfigurieren Sie Ihren Vorher-Nachher-Slider und f\u00fcgen Sie ihn kostenlos zu Ihrer Jimdo-Website hinzu!","default_faq_hidden":"","app_template_category":[],"platform":"239","template_public_id":"","codecanyon_url":"","codecanyon_item_id":"","codecanyon_price":"","pricing_caption":"","pricing_elfsight_apps_hide_column":"","pricing_elfsight_apps_url":"","pricing_codecanyon_price_caption":"","integration_category":[],"integration_request_title":"","integration_request_cta":"","integration_platform":"","integrations":[],"platform_category":[],"video_schema_markup":"","price":"ab 0 $ \/ Monat","trial":"","benefits":[{"text":"Kostenloser Installationsservice"},{"text":"Premium-Support"},{"text":"14-t\u00e4gige Geld-zur\u00fcck-Garantie"},{"text":"Fortlaufende Entwicklung"}],"button_url":"#demo","button_target_blank":"","button_nofollow":"","attributes":[{"name":"Installiert","content":"10,000 - 100,000"},{"name":"Reaktionsfreudig","content":"Ja"},{"name":"Kompatible Browser","content":"Firefox, Safari, Opera, Chrome, Edge"}],"tags":[],"tags_disable_links":"","hide_more_platforms":"","video_object":"","demo_hide_cta":"","demo_hide_cloud_options":"","pricing_title":"","pricing":[{"pricing_icon":"platform","pricing_title":"Elfsight Apps","pricing_title_caption":"Plattformunabh\u00e4ngige Version","pricing_price":"ab 0 $ \/ Monat","pricing_price_caption":"Beginnen Sie mit einem kostenlosen Plan","pricing_benefits":[{"text":"Unbegrenzte Websites"},{"text":"Unternehmensunterst\u00fctzung rund um die Uhr"},{"text":"Kostenloser Installationsservice"},{"text":"Flexibles Design"}],"pricing_button_text":"Zur Website hinzuf\u00fcgen","pricing_button_url":"#demo"}],"related_apps_title":"","related_apps_hidden":"","author":"","image":[],"title":"","job":"","social_networks":[]},"_links":{"self":[{"href":"https:\/\/elfsight.com\/de\/wp-json\/wp\/v2\/pages\/16833","targetHints":{"allow":["GET"]}}],"collection":[{"href":"https:\/\/elfsight.com\/de\/wp-json\/wp\/v2\/pages"}],"about":[{"href":"https:\/\/elfsight.com\/de\/wp-json\/wp\/v2\/types\/page"}],"author":[{"embeddable":true,"href":"https:\/\/elfsight.com\/de\/wp-json\/wp\/v2\/users\/9"}],"replies":[{"embeddable":true,"href":"https:\/\/elfsight.com\/de\/wp-json\/wp\/v2\/comments?post=16833"}],"version-history":[{"count":2,"href":"https:\/\/elfsight.com\/de\/wp-json\/wp\/v2\/pages\/16833\/revisions"}],"predecessor-version":[{"id":21320,"href":"https:\/\/elfsight.com\/de\/wp-json\/wp\/v2\/pages\/16833\/revisions\/21320"}],"up":[{"embeddable":true,"href":"https:\/\/elfsight.com\/de\/wp-json\/wp\/v2\/pages\/1269"}],"wp:attachment":[{"href":"https:\/\/elfsight.com\/de\/wp-json\/wp\/v2\/media?parent=16833"}],"curies":[{"name":"wp","href":"https:\/\/api.w.org\/{rel}","templated":true}]}}