{"id":16832,"date":"2024-05-03T06:29:19","date_gmt":"2024-05-03T06:29:19","guid":{"rendered":"https:\/\/elfsight.com\/de\/?page_id=16832"},"modified":"2025-02-14T08:22:04","modified_gmt":"2025-02-14T08:22:04","slug":"wordpress","status":"publish","type":"page","link":"https:\/\/elfsight.com\/de\/background-music-widget\/wordpress\/","title":{"rendered":"Background Music &#8211; WordPress"},"content":{"rendered":"\n<div class=\"application-platform-content-item-description application-platform-content-item\" id=\"description\" data-nav-section=\"description\"> <h2>Einbetten von Hintergrundmusik in WordPress mit dem Elfsight-Widget<\/h2> <p>Elfsight Background Audio Player ist ein unkompliziertes Plugin f\u00fcr WordPress, das Ihnen eine M\u00f6glichkeit, Musiktitel direkt auf den Seiten Ihrer Website abzuspielen. Das Tool ist \u00e4u\u00dferst anpassbar: Sie k\u00f6nnen seine Position \u00e4ndern, es an einer beliebigen Stelle auf der Seite einbetten, seine Gr\u00f6\u00dfe \u00e4ndern, den Hintergrund und alle anderen Elemente neu einf\u00e4rben, um es mit dem Stil Ihrer Website zu kombinieren, ein dunkles Farbschema verwenden, Cover zeigen und ein- oder ausblenden 4 zus\u00e4tzliche Spielerelemente wie Fortschrittsbalken, \u00dcberschrift und vieles mehr. Laden Sie so viele Titel hoch, wie Sie ben\u00f6tigen, um Ihre Besucher anzusprechen, schalten Sie die automatische Wiedergabe ein und haben Sie keinen Zweifel \u2013 Ihre Besucher werden Ihre Webseite nicht so schnell verlassen!<\/p> <p><b>Mit dem Elfsight-Hintergrundmusik-Player Starten Sie eine aktive Gesch\u00e4ftsentwicklung und steigern Sie den Umsatz <\/b><\/p> <\/div> <div class=\"application-platform-content-item-features application-platform-content-item\" id=\"features\" data-nav-section=\"features\"> <h2>Wir bieten leistungsstarke und unkomplizierte Funktionen, sehen Sie sich einige davon an: <\/h2> <ul><li>Verschiedene Farbvarianten<\/li><li>Dunkles\/helles Farbthema<\/li><li>Responsives Design<\/li><li>2 sofort einsatzbereite Layouts<\/li><li>Eine M\u00f6glichkeit, Hintergrund hinzuzuf\u00fcgen Bild<\/li><\/ul><p><a href=\"#demo\">Probieren Sie alle Einstellungen in der Demo mit vollem Funktionsumfang aus<\/a><\/p> <\/div> <div class=\"application-platform-content-item-installation application-platform-content-item\" id=\"installation\" data-nav-section=\"installation\"> <h2>Wie bette ich den Player f\u00fcr Hintergrundmusik in mein WordPress ein?<\/h2> <div class=\"video-container\"><iframe width=\"560\" height=\"315\" src=\"https:\/\/www.youtube.com\/embed\/BULXWklwzNc?si=oFiNd69-mSkdhPLB\" frameborder=\"0\" allow=\"accelerometer; autoplay; clipboard-write; encrypted-media; gyroscope; picture-in-picture; web-share\" allowfullscreen><\/iframe><\/div><p>Befolgen Sie einfach die unten beschriebenen Schritte, um das Plugin einzuf\u00fcgen. <\/p> <ol><li><b>Nutzen Sie unsere kostenlose Demo und beginnen Sie mit der Gestaltung Ihres individuellen Plugins. <\/b><br> W\u00e4hlen Sie das bevorzugte Aussehen und die bevorzugten Aspekte des Plugins aus und wenden Sie alle \u00c4nderungen an. <\/li> <li><b>Lassen Sie sich Ihren einzigartigen Code im Fenster von Elfsight Apps vorf\u00fchren. <\/b><br> Kopieren Sie direkt nach Abschluss der Anpassung Ihres Plugins Ihren Code aus dem angezeigten Popup und bewahren Sie ihn zur weiteren Verwendung auf. <\/li> <li><b>Beginnen Sie mit der Verwendung des Plugins auf Ihrer WordPress-Site. <\/b><br> Platzieren Sie den Code, den Sie k\u00fcrzlich kopiert haben, auf Ihrer Seite und speichern Sie die Korrekturen. <\/li> <li><b>Die Einrichtung wurde erfolgreich abgeschlossen. <\/b><br> Besuchen Sie Ihre Webseite, um zu \u00fcberpr\u00fcfen, wie das Plugin funktioniert. <\/li><\/ol><p>Wenn Sie auf Anfragen sto\u00dfen oder auf Schwierigkeiten sto\u00dfen, k\u00f6nnen Sie sich gerne an unser Kundendienstteam wenden. Unsere Berater helfen Ihnen gerne bei allen Fragen rund um das Produkt weiter. <\/p> <\/div><div class=\"faq\" data-component=\"FAQ\"><div class=\"faq-item\">\r\n\t\t\t\t\t<div class=\"faq-item-question\">\r\n\t\t\t\t\t\t<h3 class=\"faq-item-question-text\">Wie kann ich meiner WordPress-Site eine Hintergrundmusik hinzuf\u00fcgen?<\/h3>\r\n\r\n\t\t\t\t\t\t<div class=\"faq-item-question-icon\"><\/div>\r\n\t\t\t\t\t<\/div>\r\n\r\n\t\t\t\t\t<div class=\"faq-item-answer\">\r\n\t\t\t\t\t\t<div class=\"faq-item-answer-text\"><p>Die Erstellung des Tools erfolgt innerhalb die Elfsight-Site und Sie m\u00fcssen nicht programmieren. Nutzen Sie unsere aktive Demo, um Ihr Tool zu erstellen, den Code zu erhalten und ihn in Ihre Website einzuf\u00fcgen. <\/p><\/div>\r\n\t\t\t\t\t<\/div>\r\n\t\t\t\t<\/div><div class=\"faq-item\">\r\n\t\t\t\t\t<div class=\"faq-item-question\">\r\n\t\t\t\t\t\t<h3 class=\"faq-item-question-text\">Die besten M\u00f6glichkeiten, die Hintergrundmusik-Integration zu nutzen<\/h3>\r\n\r\n\t\t\t\t\t\t<div class=\"faq-item-question-icon\"><\/div>\r\n\t\t\t\t\t<\/div>\r\n\r\n\t\t\t\t\t<div class=\"faq-item-answer\">\r\n\t\t\t\t\t\t<div class=\"faq-item-answer-text\"><p>Wir bieten jede Menge Anpassungsm\u00f6glichkeiten: vollwertige Widgets zur Implementierung im Inhaltsbereich, schwebend Widgets mit Scrollfunktionen, Miniaturansichten f\u00fcr die Fu\u00dfzeile, den Kopfbereich und alle m\u00f6glichen vertikalen M\u00f6glichkeiten f\u00fcr Website-Seitenleisten und Men\u00fcs. <\/p><\/div>\r\n\t\t\t\t\t<\/div>\r\n\t\t\t\t<\/div><div class=\"faq-item\">\r\n\t\t\t\t\t<div class=\"faq-item-question\">\r\n\t\t\t\t\t\t<h3 class=\"faq-item-question-text\">Kann ich mit Hilfe Ihres Redakteurs einen Halloween- oder SPA-Musikplayer erstellen?<\/h3>\r\n\r\n\t\t\t\t\t\t<div class=\"faq-item-question-icon\"><\/div>\r\n\t\t\t\t\t<\/div>\r\n\r\n\t\t\t\t\t<div class=\"faq-item-answer\">\r\n\t\t\t\t\t\t<div class=\"faq-item-answer-text\"><p>Sie k\u00f6nnen die Variationen jedes Widgets gestalten. Im Editor stehen zahlreiche Layouts zur Verf\u00fcgung, die alle schnell an Ihre Bed\u00fcrfnisse angepasst werden k\u00f6nnen. <\/p><\/div>\r\n\t\t\t\t\t<\/div>\r\n\t\t\t\t<\/div><\/div>\n","protected":false},"excerpt":{"rendered":"","protected":false},"author":9,"featured_media":0,"parent":2301,"menu_order":0,"comment_status":"closed","ping_status":"closed","template":"templates\/template-application-platform.php","meta":{"publish_to_discourse":"","publish_post_category":"","wpdc_auto_publish_overridden":"","wpdc_topic_tags":"","wpdc_pin_topic":"","wpdc_pin_until":"","discourse_post_id":"","discourse_permalink":"","wpdc_publishing_response":"","wpdc_publishing_error":"","footnotes":""},"class_list":["post-16832","page","type-page","status-publish","hentry"],"yoast_head":"<!-- This site is optimized with the Yoast SEO plugin v25.3.1 - https:\/\/yoast.com\/wordpress\/plugins\/seo\/ -->\n<title>Hintergrundmusik-Plugin f\u00fcr WordPress-Website (kostenlos und schnell)<\/title>\n<meta name=\"description\" content=\"Betten Sie ein Hintergrundmusik-Player-Plugin in Ihre WordPress-Website ein. Wenden Sie die Demo an und erstellen Sie in 2 Minuten Ihren individuellen Hintergrund-Audioplayer.\" \/>\n<meta name=\"robots\" content=\"index, follow, max-snippet:-1, max-image-preview:large, max-video-preview:-1\" \/>\n<link rel=\"canonical\" href=\"https:\/\/elfsight.com\/de\/background-music-widget\/wordpress\/\" \/>\n<meta property=\"og:locale\" content=\"de_DE\" \/>\n<meta property=\"og:type\" content=\"article\" \/>\n<meta property=\"og:title\" content=\"Hintergrundmusik-Plugin f\u00fcr WordPress-Website (kostenlos und schnell)\" \/>\n<meta property=\"og:description\" content=\"Betten Sie ein Hintergrundmusik-Player-Plugin in Ihre WordPress-Website ein. Wenden Sie die Demo an und erstellen Sie in 2 Minuten Ihren individuellen Hintergrund-Audioplayer.\" \/>\n<meta property=\"og:url\" content=\"https:\/\/elfsight.com\/de\/background-music-widget\/wordpress\/\" \/>\n<meta property=\"og:site_name\" content=\"Elfsight DE\" \/>\n<meta property=\"article:modified_time\" content=\"2025-02-14T08:22:04+00:00\" \/>\n<meta name=\"twitter:card\" content=\"summary_large_image\" \/>\n<meta name=\"twitter:label1\" content=\"Gesch\u00e4tzte Lesezeit\" \/>\n\t<meta name=\"twitter:data1\" content=\"3\u00a0Minuten\" \/>\n<!-- \/ Yoast SEO plugin. -->","yoast_head_json":{"title":"Hintergrundmusik-Plugin f\u00fcr WordPress-Website (kostenlos und schnell)","description":"Betten Sie ein Hintergrundmusik-Player-Plugin in Ihre WordPress-Website ein. Wenden Sie die Demo an und erstellen Sie in 2 Minuten Ihren individuellen Hintergrund-Audioplayer.","robots":{"index":"index","follow":"follow","max-snippet":"max-snippet:-1","max-image-preview":"max-image-preview:large","max-video-preview":"max-video-preview:-1"},"canonical":"https:\/\/elfsight.com\/de\/background-music-widget\/wordpress\/","og_locale":"de_DE","og_type":"article","og_title":"Hintergrundmusik-Plugin f\u00fcr WordPress-Website (kostenlos und schnell)","og_description":"Betten Sie ein Hintergrundmusik-Player-Plugin in Ihre WordPress-Website ein. Wenden Sie die Demo an und erstellen Sie in 2 Minuten Ihren individuellen Hintergrund-Audioplayer.","og_url":"https:\/\/elfsight.com\/de\/background-music-widget\/wordpress\/","og_site_name":"Elfsight DE","article_modified_time":"2025-02-14T08:22:04+00:00","twitter_card":"summary_large_image","twitter_misc":{"Gesch\u00e4tzte Lesezeit":"3\u00a0Minuten"},"schema":{"@context":"https:\/\/schema.org","@graph":[{"@type":"WebPage","@id":"https:\/\/elfsight.com\/de\/background-music-widget\/wordpress\/","url":"https:\/\/elfsight.com\/de\/background-music-widget\/wordpress\/","name":"Hintergrundmusik-Plugin f\u00fcr WordPress-Website (kostenlos und schnell)","isPartOf":{"@id":"https:\/\/elfsight.com\/de\/#website"},"datePublished":"2024-05-03T06:29:19+00:00","dateModified":"2025-02-14T08:22:04+00:00","description":"Betten Sie ein Hintergrundmusik-Player-Plugin in Ihre WordPress-Website ein. Wenden Sie die Demo an und erstellen Sie in 2 Minuten Ihren individuellen Hintergrund-Audioplayer.","breadcrumb":{"@id":"https:\/\/elfsight.com\/de\/background-music-widget\/wordpress\/#breadcrumb"},"inLanguage":"de","potentialAction":[{"@type":"ReadAction","target":["https:\/\/elfsight.com\/de\/background-music-widget\/wordpress\/"]}]},{"@type":"BreadcrumbList","@id":"https:\/\/elfsight.com\/de\/background-music-widget\/wordpress\/#breadcrumb","itemListElement":[{"@type":"ListItem","position":1,"name":"Home","item":"https:\/\/elfsight.com\/de\/"},{"@type":"ListItem","position":2,"name":"Background Music","item":"https:\/\/elfsight.com\/de\/background-music-widget\/"},{"@type":"ListItem","position":3,"name":"Background Music &#8211; WordPress"}]},{"@type":"WebSite","@id":"https:\/\/elfsight.com\/de\/#website","url":"https:\/\/elfsight.com\/de\/","name":"Elfsight DE","description":"Just another Elfsight Sites site","potentialAction":[{"@type":"SearchAction","target":{"@type":"EntryPoint","urlTemplate":"https:\/\/elfsight.com\/de\/?s={search_term_string}"},"query-input":{"@type":"PropertyValueSpecification","valueRequired":true,"valueName":"search_term_string"}}],"inLanguage":"de"}]}},"meta_box":{"industry":"","seo_heading":"","heading":"","description":"","cta_heading":"","cta_description":"","application":"2274","h1":"WordPress-Hintergrundmusik-Plugin","h1_caption":"F\u00fcgen Sie Hintergrundmusik zu Ihrer Website hinzu und schaffen Sie so m\u00fchelos ein immersives Erlebnis f\u00fcr Ihre Besucher auf Ihrer WordPress-Website.","application_category":[],"applications_title":"","applications_request_title":"","applications_request_button_text":"","hero_text":"","hero_video":"","hero_video_schema_markup":"","selling_points_title":"","selling_points_caption":"","selling_points":[],"selling_points_cta_text":"","features_title":"","features":"","ed_cta_examples_text":"","ed_cta_examples_hidden":"","ed_cta_demo_text":"","ed_cta_demo_hidden":"","why_caption":"","why_editor_title":"","why_editor_text":"","why_team_title":"","why_team_text":"","why_service_title":"","why_service_text":"","template_catalog_visible":"0","template_catalog_title":"","template_catalog_text":"","template_catalog_categories_visible":"","demo_title":"Erstellen Sie Ihr Hintergrundmusik-Plugin","demo_caption":"Konfigurieren Sie Ihre Hintergrundmusik und f\u00fcgen Sie sie kostenlos zu Ihrer WordPress-Website hinzu!","default_faq_hidden":"","app_template_category":[],"platform":"266","template_public_id":"","codecanyon_url":"","codecanyon_item_id":"","codecanyon_price":"","pricing_caption":"","pricing_elfsight_apps_hide_column":"","pricing_elfsight_apps_url":"","pricing_codecanyon_price_caption":"","integration_category":[],"integration_request_title":"","integration_request_cta":"","integration_platform":"","integrations":[],"platform_category":[],"video_schema_markup":"","price":"ab 0 $ \/ Monat","trial":"","benefits":[{"text":"Kostenlose Installationsunterst\u00fctzung"},{"text":"Effektiver Kundenservice"},{"text":"14-t\u00e4gige R\u00fcckerstattungsgarantie"},{"text":"Lebenslange Updates"}],"button_url":"#demo","button_target_blank":"0","button_nofollow":"0","attributes":[{"name":"Installiert","content":"10,000 - 100,000"},{"name":"Reaktionsfreudig","content":"Ja"},{"name":"Kompatible Browser","content":"Firefox, Safari, Opera, Chrome, Edge"}],"tags":[],"tags_disable_links":"0","hide_more_platforms":"0","video_object":"","demo_hide_cta":"0","demo_hide_cloud_options":"0","pricing_title":"","pricing":[{"pricing_icon":"platform","pricing_title":"Elfsight Apps","pricing_title_caption":"Plattform\u00fcbergreifende digitale L\u00f6sung, die f\u00fcr jeden Standort geeignet ist","pricing_price":"ab 0 $ \/ Monat","pricing_price_caption":"Beginnen Sie mit einem kostenlosen Plan","pricing_benefits":[{"text":"Unbegrenzte Domains"},{"text":"Schnelle Unterst\u00fctzung"},{"text":"Kostenlose Installationsunterst\u00fctzung"},{"text":"Sonderpreis f\u00fcr mehrere Apps"}],"pricing_button_text":"Zur Website hinzuf\u00fcgen","pricing_button_url":"#demo"}],"related_apps_title":"","related_apps_hidden":"0","author":"","image":[],"title":"","job":"","social_networks":[]},"_links":{"self":[{"href":"https:\/\/elfsight.com\/de\/wp-json\/wp\/v2\/pages\/16832","targetHints":{"allow":["GET"]}}],"collection":[{"href":"https:\/\/elfsight.com\/de\/wp-json\/wp\/v2\/pages"}],"about":[{"href":"https:\/\/elfsight.com\/de\/wp-json\/wp\/v2\/types\/page"}],"author":[{"embeddable":true,"href":"https:\/\/elfsight.com\/de\/wp-json\/wp\/v2\/users\/9"}],"replies":[{"embeddable":true,"href":"https:\/\/elfsight.com\/de\/wp-json\/wp\/v2\/comments?post=16832"}],"version-history":[{"count":3,"href":"https:\/\/elfsight.com\/de\/wp-json\/wp\/v2\/pages\/16832\/revisions"}],"predecessor-version":[{"id":24180,"href":"https:\/\/elfsight.com\/de\/wp-json\/wp\/v2\/pages\/16832\/revisions\/24180"}],"up":[{"embeddable":true,"href":"https:\/\/elfsight.com\/de\/wp-json\/wp\/v2\/pages\/2301"}],"wp:attachment":[{"href":"https:\/\/elfsight.com\/de\/wp-json\/wp\/v2\/media?parent=16832"}],"curies":[{"name":"wp","href":"https:\/\/api.w.org\/{rel}","templated":true}]}}