{"id":16826,"date":"2024-05-03T06:28:46","date_gmt":"2024-05-03T06:28:46","guid":{"rendered":"https:\/\/elfsight.com\/de\/?page_id=16826"},"modified":"2025-01-14T06:05:50","modified_gmt":"2025-01-14T06:05:50","slug":"blogger","status":"publish","type":"page","link":"https:\/\/elfsight.com\/de\/audio-player-widget\/blogger\/","title":{"rendered":"Audio Player &#8211; Blogger"},"content":{"rendered":"\n<div class=\"application-platform-content-item-description application-platform-content-item\" id=\"description\" data-nav-section=\"description\"> <h2>Beschreibung<\/h2> <p>Elfsight Audio Player ist ein einfaches Widget f\u00fcr Blogger-Websites, das Ihnen die M\u00f6glichkeit gibt, Audiotitel direkt auf Ihrem Ger\u00e4t zu streamen Website. Das Tool ist \u00e4u\u00dferst anpassbar: Sie k\u00f6nnen seine Platzierung \u00e4ndern, es an einer beliebigen Stelle auf der Seite platzieren, seine Gr\u00f6\u00dfe skalieren, den Hintergrund und alle anderen Teile \u00fcberarbeiten, um es mit dem Design Ihrer Website zu kombinieren, ein dunkles Thema verwenden, Bilder anzeigen und anzeigen oder 4 weitere Spielerdetails wie Fortschrittsbalken, \u00dcberschrift und andere ausblenden. F\u00fcgen Sie so viele Titel hinzu, wie Sie m\u00f6chten, um Ihre Benutzer zu begeistern, schalten Sie die Autoplay-Option ein und z\u00f6gern Sie nicht \u2013 Ihre Besucher werden Ihre Webseite nicht so schnell verlassen!<\/p><p><b>Holen Sie sich das Beste daraus Elfsight Music-Widget, um Ihre E-Commerce-Ziele effizienter zu erreichen!<\/b><\/p> <\/div> <div class=\"application-platform-content-item-features application-platform-content-item\" id=\"features\" data-nav-section=\"features\"> <h2>Dies sind nur einige der wertvollen Widget-Funktionen:<\/h2> <ul> <li>Zahlreiche Farbvarianten<\/li> <li>Dunkles\/helles Farbthema<\/li> <li>Responsives Design<\/li> <li>Zwei Layouts sofort einsatzbereit<\/li> <li>M\u00f6glichkeit um ein Hintergrundbild hinzuzuf\u00fcgen<\/li> <\/ul><p><a href=\"#demo\">Sie k\u00f6nnen sich die vollst\u00e4ndigen Funktionen des Widgets in der Demo auf dieser Seite ansehen<\/a><\/p> <\/div> <div class=\"application-platform-content-item-installation application-platform-content-item\" id=\"installation\" data-nav-section=\"installation\"> <h2>Wie kann ich Elfsight Music Player zu meiner Blogger-Website hinzuf\u00fcgen?<\/h2> <div class=\"video-container\"><iframe width=\"560\" height=\"315\" src=\"https:\/\/www.youtube.com\/embed\/ZZxJiM2rCf4?si=2I5oXLlg3sC0VT2v\" frameborder=\"0\" allow=\"accelerometer; autoplay; clipboard-write; encrypted-media; gyroscope; picture-in-picture; web-share\" allowfullscreen><\/iframe><\/div><p>Befolgen Sie einfach die unten beschriebenen Schritte, um das Widget einzubetten. <\/p> <ol><li><b>Nutzen Sie unsere kostenlose Demo und beginnen Sie mit der Erstellung Ihres individuellen Widgets.<\/b><br> Geben Sie das gew\u00fcnschte Aussehen und die gew\u00fcnschten Aspekte des Tools an und speichern Sie die Korrekturen.<\/li> <li><b>Erwerben Sie den pers\u00f6nlichen Code, der in der speziellen Form auf Elfsight Apps angezeigt wird.<\/b><br> Nachdem die Generierung Ihres pers\u00f6nlichen Tools abgeschlossen ist, kopieren Sie den exklusiven Code aus dem erscheinenden Fenster und bewahren Sie ihn f\u00fcr die sp\u00e4tere Verwendung auf. <\/li> <li><b>Beginnen Sie mit der Nutzung des Audio-Widgets auf Ihrer Blogger-Startseite.<\/b><br> F\u00fcgen Sie den zuvor gespeicherten Code in Ihre Seite ein und \u00fcbernehmen Sie die \u00c4nderungen.<\/li> <li><b> Die Installation wurde erfolgreich abgeschlossen.<\/b><br> Besuchen Sie Ihre Website, um die Funktion des Widgets zu \u00fcberpr\u00fcfen.<\/li> <\/ol> <p>Wenn Sie Fragen haben oder auf Schwierigkeiten sto\u00dfen, z\u00f6gern Sie nicht, dies zu tun Wenden Sie sich an unser Support-Team. Unsere Mitarbeiter l\u00f6sen gerne alle Probleme, die Sie mit dem Tool haben. <\/p> <\/div>\n","protected":false},"excerpt":{"rendered":"","protected":false},"author":9,"featured_media":0,"parent":1315,"menu_order":0,"comment_status":"closed","ping_status":"closed","template":"templates\/template-application-platform.php","meta":{"publish_to_discourse":"","publish_post_category":"","wpdc_auto_publish_overridden":"","wpdc_topic_tags":"","wpdc_pin_topic":"","wpdc_pin_until":"","discourse_post_id":"","discourse_permalink":"","wpdc_publishing_response":"","wpdc_publishing_error":"","footnotes":""},"class_list":["post-16826","page","type-page","status-publish","hentry"],"yoast_head":"<!-- This site is optimized with the Yoast SEO plugin v25.3.1 - https:\/\/yoast.com\/wordpress\/plugins\/seo\/ -->\n<title>Musik-Player \u2013 Audio-Widget zur Blogger-Website hinzuf\u00fcgen (schnell und kostenlos)<\/title>\n<meta name=\"description\" content=\"Implementieren Sie einen responsiven Audio-Player in Ihre Blogger-Site. Nutzen Sie die hilfreiche Demo und erstellen Sie Ihr personalisiertes Musik-Widget in nur 2 Minuten.\" \/>\n<meta name=\"robots\" content=\"index, follow, max-snippet:-1, max-image-preview:large, max-video-preview:-1\" \/>\n<link rel=\"canonical\" href=\"https:\/\/elfsight.com\/de\/audio-player-widget\/blogger\/\" \/>\n<meta property=\"og:locale\" content=\"de_DE\" \/>\n<meta property=\"og:type\" content=\"article\" \/>\n<meta property=\"og:title\" content=\"Musik-Player \u2013 Audio-Widget zur Blogger-Website hinzuf\u00fcgen (schnell und kostenlos)\" \/>\n<meta property=\"og:description\" content=\"Implementieren Sie einen responsiven Audio-Player in Ihre Blogger-Site. Nutzen Sie die hilfreiche Demo und erstellen Sie Ihr personalisiertes Musik-Widget in nur 2 Minuten.\" \/>\n<meta property=\"og:url\" content=\"https:\/\/elfsight.com\/de\/audio-player-widget\/blogger\/\" \/>\n<meta property=\"og:site_name\" content=\"Elfsight DE\" \/>\n<meta property=\"article:modified_time\" content=\"2025-01-14T06:05:50+00:00\" \/>\n<meta name=\"twitter:card\" content=\"summary_large_image\" \/>\n<meta name=\"twitter:label1\" content=\"Gesch\u00e4tzte Lesezeit\" \/>\n\t<meta name=\"twitter:data1\" content=\"2\u00a0Minuten\" \/>\n<!-- \/ Yoast SEO plugin. -->","yoast_head_json":{"title":"Musik-Player \u2013 Audio-Widget zur Blogger-Website hinzuf\u00fcgen (schnell und kostenlos)","description":"Implementieren Sie einen responsiven Audio-Player in Ihre Blogger-Site. Nutzen Sie die hilfreiche Demo und erstellen Sie Ihr personalisiertes Musik-Widget in nur 2 Minuten.","robots":{"index":"index","follow":"follow","max-snippet":"max-snippet:-1","max-image-preview":"max-image-preview:large","max-video-preview":"max-video-preview:-1"},"canonical":"https:\/\/elfsight.com\/de\/audio-player-widget\/blogger\/","og_locale":"de_DE","og_type":"article","og_title":"Musik-Player \u2013 Audio-Widget zur Blogger-Website hinzuf\u00fcgen (schnell und kostenlos)","og_description":"Implementieren Sie einen responsiven Audio-Player in Ihre Blogger-Site. Nutzen Sie die hilfreiche Demo und erstellen Sie Ihr personalisiertes Musik-Widget in nur 2 Minuten.","og_url":"https:\/\/elfsight.com\/de\/audio-player-widget\/blogger\/","og_site_name":"Elfsight DE","article_modified_time":"2025-01-14T06:05:50+00:00","twitter_card":"summary_large_image","twitter_misc":{"Gesch\u00e4tzte Lesezeit":"2\u00a0Minuten"},"schema":{"@context":"https:\/\/schema.org","@graph":[{"@type":"WebPage","@id":"https:\/\/elfsight.com\/de\/audio-player-widget\/blogger\/","url":"https:\/\/elfsight.com\/de\/audio-player-widget\/blogger\/","name":"Musik-Player \u2013 Audio-Widget zur Blogger-Website hinzuf\u00fcgen (schnell und kostenlos)","isPartOf":{"@id":"https:\/\/elfsight.com\/de\/#website"},"datePublished":"2024-05-03T06:28:46+00:00","dateModified":"2025-01-14T06:05:50+00:00","description":"Implementieren Sie einen responsiven Audio-Player in Ihre Blogger-Site. Nutzen Sie die hilfreiche Demo und erstellen Sie Ihr personalisiertes Musik-Widget in nur 2 Minuten.","breadcrumb":{"@id":"https:\/\/elfsight.com\/de\/audio-player-widget\/blogger\/#breadcrumb"},"inLanguage":"de","potentialAction":[{"@type":"ReadAction","target":["https:\/\/elfsight.com\/de\/audio-player-widget\/blogger\/"]}]},{"@type":"BreadcrumbList","@id":"https:\/\/elfsight.com\/de\/audio-player-widget\/blogger\/#breadcrumb","itemListElement":[{"@type":"ListItem","position":1,"name":"Home","item":"https:\/\/elfsight.com\/de\/"},{"@type":"ListItem","position":2,"name":"Audio Player","item":"https:\/\/elfsight.com\/de\/audio-player-widget\/"},{"@type":"ListItem","position":3,"name":"Audio Player &#8211; Blogger"}]},{"@type":"WebSite","@id":"https:\/\/elfsight.com\/de\/#website","url":"https:\/\/elfsight.com\/de\/","name":"Elfsight DE","description":"Just another Elfsight Sites site","potentialAction":[{"@type":"SearchAction","target":{"@type":"EntryPoint","urlTemplate":"https:\/\/elfsight.com\/de\/?s={search_term_string}"},"query-input":{"@type":"PropertyValueSpecification","valueRequired":true,"valueName":"search_term_string"}}],"inLanguage":"de"}]}},"meta_box":{"industry":"","seo_heading":"","heading":"","description":"","cta_heading":"","cta_description":"","application":"505","h1":"Blogger Audio Player-Widget","h1_caption":"F\u00fcgen Sie Audiotracks m\u00fchelos direkt auf Ihrer Website hinzu und pr\u00e4sentieren Sie sie mit einem eleganten, anpassbaren Player auf Ihrer Blogger-Website.","application_category":[],"applications_title":"","applications_request_title":"","applications_request_button_text":"","hero_text":"","hero_video":"","hero_video_schema_markup":"","selling_points_title":"","selling_points_caption":"","selling_points":[],"selling_points_cta_text":"","features_title":"","features":"","ed_cta_examples_text":"","ed_cta_examples_hidden":"","ed_cta_demo_text":"","ed_cta_demo_hidden":"","why_caption":"","why_editor_title":"","why_editor_text":"","why_team_title":"","why_team_text":"","why_service_title":"","why_service_text":"","template_catalog_visible":"0","template_catalog_title":"","template_catalog_text":"","template_catalog_categories_visible":"","demo_title":"Erstellen Sie Ihr Audio-Player-Widget","demo_caption":"Konfigurieren Sie Ihren Audio-Player und f\u00fcgen Sie ihn kostenlos zu Ihrer Blogger-Website hinzu!","default_faq_hidden":"","app_template_category":[],"platform":"262","template_public_id":"","codecanyon_url":"","codecanyon_item_id":"","codecanyon_price":"","pricing_caption":"","pricing_elfsight_apps_hide_column":"","pricing_elfsight_apps_url":"","pricing_codecanyon_price_caption":"","integration_category":[],"integration_request_title":"","integration_request_cta":"","integration_platform":"","integrations":[],"platform_category":[],"video_schema_markup":"","price":"ab 0 $ \/ Monat","trial":"","benefits":[{"text":"Kostenlose Installationsunterst\u00fctzung"},{"text":"Kompetenter Kundenservice"},{"text":"14-t\u00e4gige Geld-zur\u00fcck-Garantie"},{"text":"Kontinuierliche Updates"}],"button_url":"#demo","button_target_blank":"0","button_nofollow":"0","attributes":[{"name":"Installiert","content":"100,000 - 500,000"},{"name":"Reaktionsfreudig","content":"Ja"},{"name":"Kompatible Browser","content":"Firefox, Safari, Opera, Chrome, Edge"}],"tags":[],"tags_disable_links":"0","hide_more_platforms":"","video_object":"","demo_hide_cta":"0","demo_hide_cloud_options":"0","pricing_title":"","pricing":[{"pricing_icon":"platform","pricing_title":"Elfsight Apps","pricing_title_caption":"Plattform\u00fcbergreifende Software, die auf jeder Website funktioniert","pricing_price":"ab 0 $ \/ Monat","pricing_price_caption":"Beginnen Sie mit einem kostenlosen Plan","pricing_benefits":[{"text":"Unbegrenzte Domains"},{"text":"Professionelle und p\u00fcnktliche Unterst\u00fctzung und gut dokumentiert"},{"text":"Kostenloser Installationssupport"},{"text":"Vollst\u00e4ndig anpassbar"}],"pricing_button_text":"Zur Website hinzuf\u00fcgen","pricing_button_url":"#demo"}],"related_apps_title":"","related_apps_hidden":"0","author":"","image":[],"title":"","job":"","social_networks":[]},"_links":{"self":[{"href":"https:\/\/elfsight.com\/de\/wp-json\/wp\/v2\/pages\/16826","targetHints":{"allow":["GET"]}}],"collection":[{"href":"https:\/\/elfsight.com\/de\/wp-json\/wp\/v2\/pages"}],"about":[{"href":"https:\/\/elfsight.com\/de\/wp-json\/wp\/v2\/types\/page"}],"author":[{"embeddable":true,"href":"https:\/\/elfsight.com\/de\/wp-json\/wp\/v2\/users\/9"}],"replies":[{"embeddable":true,"href":"https:\/\/elfsight.com\/de\/wp-json\/wp\/v2\/comments?post=16826"}],"version-history":[{"count":3,"href":"https:\/\/elfsight.com\/de\/wp-json\/wp\/v2\/pages\/16826\/revisions"}],"predecessor-version":[{"id":23550,"href":"https:\/\/elfsight.com\/de\/wp-json\/wp\/v2\/pages\/16826\/revisions\/23550"}],"up":[{"embeddable":true,"href":"https:\/\/elfsight.com\/de\/wp-json\/wp\/v2\/pages\/1315"}],"wp:attachment":[{"href":"https:\/\/elfsight.com\/de\/wp-json\/wp\/v2\/media?parent=16826"}],"curies":[{"name":"wp","href":"https:\/\/api.w.org\/{rel}","templated":true}]}}