{"id":16823,"date":"2024-05-03T06:28:43","date_gmt":"2024-05-03T06:28:43","guid":{"rendered":"https:\/\/elfsight.com\/de\/?page_id=16823"},"modified":"2025-12-01T11:19:36","modified_gmt":"2025-12-01T11:19:36","slug":"elementor","status":"publish","type":"page","link":"https:\/\/elfsight.com\/de\/audio-player-widget\/elementor\/","title":{"rendered":"Audio Player &#8211; Elementor"},"content":{"rendered":"\n<div class=\"application-platform-content-item-description application-platform-content-item\" id=\"description\" data-nav-section=\"description\"> <h2>Audio Player mit dem Elfsight-Widget in Elementor einbetten<\/h2> <p>Elfsight Music Player ist ein unkompliziertes Tool f\u00fcr Elementor-Websites, mit dem Sie dies tun k\u00f6nnen Wiedergabe von Audiotiteln direkt auf den Seiten Ihrer Website. Das Tool ist \u00e4u\u00dferst ver\u00e4nderbar: Sie k\u00f6nnen seine Platzierung \u00e4ndern, es an einer beliebigen Stelle auf der Seite platzieren, seine Gr\u00f6\u00dfe \u00e4ndern, den Hintergrund und andere Teile neu streichen, um es mit dem Layout Ihrer Website zu vermischen, ein dunkles Farbschema verwenden, Bilder einblenden und anzeigen oder ausblenden vier zus\u00e4tzliche Spielerelemente wie Fortschrittsbalken, Titel und andere. Sie k\u00f6nnen so viele Titel hochladen, wie Sie zur Unterhaltung Ihrer Besucher ben\u00f6tigen, schalten die Autoplay-Option ein und haben keinen Zweifel \u2013 Ihre Benutzer werden Ihre Website nicht so schnell verlassen!<\/p><p><b>Verwenden Sie das Elfsight Audio-Widget um Ihre E-Commerce-Spitzen effizienter zu bew\u00e4ltigen!<\/b><\/p> <\/div> <div class=\"application-platform-content-item-features application-platform-content-item\" id=\"features\" data-nav-section=\"features\"> <h2>Die grundlegenden Widget-Funktionen enthalten<\/h2> <ul><li>Verschiedene Farben Variationen<\/li> <li>Dunkles\/helles Farbschema<\/li> <li>Responsives Design<\/li> <li>2 Layouts anwendbar<\/li> <li>Eine Option zum Anh\u00e4ngen eines Hintergrundbilds<\/li> <\/ul><p><a href=\"#demo\">Was das Widget wert ist, k\u00f6nnen Sie mit Hilfe der Demo pr\u00fcfen<\/a><\/p> <\/div> <div class=\"application-platform-content-item-installation application-platform-content-item\" id=\"installation\" data-nav-section=\"installation\"> <h2>Wie kann ich den Audio Player in meine Elementor-Website einbetten? <\/h2> <div class=\"video-container\">\n<iframe width=\"720\" height=\"405\" src=\"https:\/\/www.youtube.com\/embed\/MXCCpmruVMc?si=l-hs6FeAWCHOMcfW\" frameborder=\"0\" allowfullscreen=\"\"><\/iframe>\n<\/div><p>F\u00fchren Sie einfach die unten aufgef\u00fchrten Schritte aus, um das Widget einzuf\u00fcgen.<\/p> <ol><li><b>Verwalten Sie unseren kostenlosen Konfigurator und beginnen Sie mit der Zusammenstellung Ihres eigenen Instruments.<\/b><br>W\u00e4hlen Sie die passende Schnittstelle und Funktionalit\u00e4t des Tools und speichern Sie die Korrekturen.<\/li> <li><b>Sie erhalten den individuellen Code, der in der Box auf Elfsight Apps angezeigt wird<\/b><br> Sobald die Erstellung Ihres Widgets abgeschlossen ist, kopieren Sie den pers\u00f6nlichen Code in das angezeigte Feld und speichern Sie ihn f\u00fcr einen sp\u00e4teren Zeitpunkt.<\/li> <li><b>Betreten Sie die Verwendung des Musik-Widgets auf Elementor<\/b><br> F\u00fcgen Sie den zuvor gespeicherten Code auf Ihrer Seite hinzu und speichern Sie die Korrekturen. <\/li> <li><b>Du bist fertig! Die Einbettung wurde erfolgreich beendet.<\/b><br> Besuchen Sie Ihre Seite, um die Leistung des Tools zu \u00fcberpr\u00fcfen.<\/li> <\/ol> <p>Wenn Sie Anfragen bearbeiten oder auf Probleme sto\u00dfen, z\u00f6gern Sie nicht, uns zu schreiben an unser Kundenservice-Team. Unsere Berater l\u00f6sen gerne alle Probleme, die Sie mit dem Widget haben. <\/p> <\/div><div class=\"faq\" data-component=\"FAQ\"><div class=\"faq-item\">\r\n\t\t\t\t\t<div class=\"faq-item-question\">\r\n\t\t\t\t\t\t<h3 class=\"faq-item-question-text\">Wie f\u00fcge ich einen Audioplayer zur Elementor-Website hinzu?<\/h3>\r\n\r\n\t\t\t\t\t\t<div class=\"faq-item-question-icon\"><\/div>\r\n\t\t\t\t\t<\/div>\r\n\r\n\t\t\t\t\t<div class=\"faq-item-answer\">\r\n\t\t\t\t\t\t<div class=\"faq-item-answer-text\"><p>Der Aufbau des Tools erfolgt innerhalb des Elfsight-Dienstes und Sie m\u00fcssen nicht programmieren. Nutzen Sie unsere Live-Demo, um Ihr Tool zu personalisieren, den Code zu erwerben und ihn in Ihre Website zu integrieren. <\/p><\/div>\r\n\t\t\t\t\t<\/div>\r\n\t\t\t\t<\/div><div class=\"faq-item\">\r\n\t\t\t\t\t<div class=\"faq-item-question\">\r\n\t\t\t\t\t\t<h3 class=\"faq-item-question-text\">Die besten M\u00f6glichkeiten, die Musik-Player-Integration zu nutzen<\/h3>\r\n\r\n\t\t\t\t\t\t<div class=\"faq-item-question-icon\"><\/div>\r\n\t\t\t\t\t<\/div>\r\n\r\n\t\t\t\t\t<div class=\"faq-item-answer\">\r\n\t\t\t\t\t\t<div class=\"faq-item-answer-text\"><p>Wir stellen Ihnen viele Anpassungsoptionen zur Verf\u00fcgung: Widgets in voller L\u00e4nge zur Implementierung in Content-Zone, schwebende Plugins mit Scroll-Optionen, Layouts f\u00fcr die Fu\u00dfzeile, den Kopfbereich und alle Variationen vertikaler M\u00f6glichkeiten f\u00fcr Seitenleisten und Men\u00fcs. <\/p><\/div>\r\n\t\t\t\t\t<\/div>\r\n\t\t\t\t<\/div><div class=\"faq-item\">\r\n\t\t\t\t\t<div class=\"faq-item-question\">\r\n\t\t\t\t\t\t<h3 class=\"faq-item-question-text\">Kann ich mit Ihrem Editor eine Musik-Playlist oder einen H\u00f6rbuch-Player erstellen?<\/h3>\r\n\r\n\t\t\t\t\t\t<div class=\"faq-item-question-icon\"><\/div>\r\n\t\t\t\t\t<\/div>\r\n\r\n\t\t\t\t\t<div class=\"faq-item-answer\">\r\n\t\t\t\t\t\t<div class=\"faq-item-answer-text\"><p>Es steht Ihnen frei, Variationen jedes Widgets zu erstellen. Im Editor stehen zahlreiche Layouts zur Verf\u00fcgung, die alle schnell nach Ihren W\u00fcnschen personalisiert werden k\u00f6nnen. <\/p><\/div>\r\n\t\t\t\t\t<\/div>\r\n\t\t\t\t<\/div><\/div>\n","protected":false},"excerpt":{"rendered":"","protected":false},"author":9,"featured_media":0,"parent":1315,"menu_order":0,"comment_status":"closed","ping_status":"closed","template":"templates\/template-application-platform.php","meta":{"publish_to_discourse":"","publish_post_category":"","wpdc_auto_publish_overridden":"","wpdc_topic_tags":"","wpdc_pin_topic":"","wpdc_pin_until":"","discourse_post_id":"","discourse_permalink":"","wpdc_publishing_response":"","wpdc_publishing_error":"","footnotes":""},"class_list":["post-16823","page","type-page","status-publish","hentry"],"yoast_head":"<!-- This site is optimized with the Yoast SEO plugin v25.3.1 - https:\/\/yoast.com\/wordpress\/plugins\/seo\/ -->\n<title>Audio-Player \u2013 Musik-Widget zur Elementor-Website hinzuf\u00fcgen (einfach und kostenlos)<\/title>\n<meta name=\"description\" content=\"Betten Sie einen beeindruckenden Audioplayer in Ihre Elementor-Website ein. F\u00fchren Sie die hilfreiche Demo aus und erstellen Sie in nur wenigen Minuten Ihr personalisiertes Musik-Widget.\" \/>\n<meta name=\"robots\" content=\"index, follow, max-snippet:-1, max-image-preview:large, max-video-preview:-1\" \/>\n<link rel=\"canonical\" href=\"https:\/\/elfsight.com\/de\/audio-player-widget\/elementor\/\" \/>\n<meta property=\"og:locale\" content=\"de_DE\" \/>\n<meta property=\"og:type\" content=\"article\" \/>\n<meta property=\"og:title\" content=\"Audio-Player \u2013 Musik-Widget zur Elementor-Website hinzuf\u00fcgen (einfach und kostenlos)\" \/>\n<meta property=\"og:description\" content=\"Betten Sie einen beeindruckenden Audioplayer in Ihre Elementor-Website ein. F\u00fchren Sie die hilfreiche Demo aus und erstellen Sie in nur wenigen Minuten Ihr personalisiertes Musik-Widget.\" \/>\n<meta property=\"og:url\" content=\"https:\/\/elfsight.com\/de\/audio-player-widget\/elementor\/\" \/>\n<meta property=\"og:site_name\" content=\"Elfsight DE\" \/>\n<meta property=\"article:modified_time\" content=\"2025-12-01T11:19:36+00:00\" \/>\n<meta name=\"twitter:card\" content=\"summary_large_image\" \/>\n<meta name=\"twitter:label1\" content=\"Gesch\u00e4tzte Lesezeit\" \/>\n\t<meta name=\"twitter:data1\" content=\"3\u00a0Minuten\" \/>\n<!-- \/ Yoast SEO plugin. -->","yoast_head_json":{"title":"Audio-Player \u2013 Musik-Widget zur Elementor-Website hinzuf\u00fcgen (einfach und kostenlos)","description":"Betten Sie einen beeindruckenden Audioplayer in Ihre Elementor-Website ein. F\u00fchren Sie die hilfreiche Demo aus und erstellen Sie in nur wenigen Minuten Ihr personalisiertes Musik-Widget.","robots":{"index":"index","follow":"follow","max-snippet":"max-snippet:-1","max-image-preview":"max-image-preview:large","max-video-preview":"max-video-preview:-1"},"canonical":"https:\/\/elfsight.com\/de\/audio-player-widget\/elementor\/","og_locale":"de_DE","og_type":"article","og_title":"Audio-Player \u2013 Musik-Widget zur Elementor-Website hinzuf\u00fcgen (einfach und kostenlos)","og_description":"Betten Sie einen beeindruckenden Audioplayer in Ihre Elementor-Website ein. F\u00fchren Sie die hilfreiche Demo aus und erstellen Sie in nur wenigen Minuten Ihr personalisiertes Musik-Widget.","og_url":"https:\/\/elfsight.com\/de\/audio-player-widget\/elementor\/","og_site_name":"Elfsight DE","article_modified_time":"2025-12-01T11:19:36+00:00","twitter_card":"summary_large_image","twitter_misc":{"Gesch\u00e4tzte Lesezeit":"3\u00a0Minuten"},"schema":{"@context":"https:\/\/schema.org","@graph":[{"@type":"WebPage","@id":"https:\/\/elfsight.com\/de\/audio-player-widget\/elementor\/","url":"https:\/\/elfsight.com\/de\/audio-player-widget\/elementor\/","name":"Audio-Player \u2013 Musik-Widget zur Elementor-Website hinzuf\u00fcgen (einfach und kostenlos)","isPartOf":{"@id":"https:\/\/elfsight.com\/de\/#website"},"datePublished":"2024-05-03T06:28:43+00:00","dateModified":"2025-12-01T11:19:36+00:00","description":"Betten Sie einen beeindruckenden Audioplayer in Ihre Elementor-Website ein. F\u00fchren Sie die hilfreiche Demo aus und erstellen Sie in nur wenigen Minuten Ihr personalisiertes Musik-Widget.","breadcrumb":{"@id":"https:\/\/elfsight.com\/de\/audio-player-widget\/elementor\/#breadcrumb"},"inLanguage":"de","potentialAction":[{"@type":"ReadAction","target":["https:\/\/elfsight.com\/de\/audio-player-widget\/elementor\/"]}]},{"@type":"BreadcrumbList","@id":"https:\/\/elfsight.com\/de\/audio-player-widget\/elementor\/#breadcrumb","itemListElement":[{"@type":"ListItem","position":1,"name":"Home","item":"https:\/\/elfsight.com\/de\/"},{"@type":"ListItem","position":2,"name":"Audio Player","item":"https:\/\/elfsight.com\/de\/audio-player-widget\/"},{"@type":"ListItem","position":3,"name":"Audio Player &#8211; Elementor"}]},{"@type":"WebSite","@id":"https:\/\/elfsight.com\/de\/#website","url":"https:\/\/elfsight.com\/de\/","name":"Elfsight DE","description":"Just another Elfsight Sites site","potentialAction":[{"@type":"SearchAction","target":{"@type":"EntryPoint","urlTemplate":"https:\/\/elfsight.com\/de\/?s={search_term_string}"},"query-input":{"@type":"PropertyValueSpecification","valueRequired":true,"valueName":"search_term_string"}}],"inLanguage":"de"}]}},"meta_box":{"industry":"","seo_heading":"","heading":"","description":"","cta_heading":"","cta_description":"","application":"505","h1":"Elementor Audio Player-Widget","h1_caption":"F\u00fcgen Sie Audiotitel m\u00fchelos direkt auf Ihrer Website hinzu und pr\u00e4sentieren Sie sie mit einem eleganten, anpassbaren Player auf Ihrer Elementor-Website.","application_category":[],"applications_title":"","applications_request_title":"","applications_request_button_text":"","hero_text":"","hero_video":"","hero_video_schema_markup":"","selling_points_title":"","selling_points_caption":"","selling_points":[],"selling_points_cta_text":"","features_title":"","features":"","ed_cta_examples_text":"","ed_cta_examples_hidden":"","ed_cta_demo_text":"","ed_cta_demo_hidden":"","why_caption":"","why_editor_title":"","why_editor_text":"","why_team_title":"","why_team_text":"","why_service_title":"","why_service_text":"","template_catalog_visible":"0","template_catalog_title":"","template_catalog_text":"","template_catalog_categories_visible":"","demo_title":"Erstellen Sie Ihr Audio-Player-Widget","demo_caption":"Konfigurieren Sie Ihren Audio-Player und f\u00fcgen Sie ihn kostenlos zu Ihrer Elementor-Website hinzu!","default_faq_hidden":"","app_template_category":[],"platform":"223","template_public_id":"","codecanyon_url":"","codecanyon_item_id":"","codecanyon_price":"","pricing_caption":"","pricing_elfsight_apps_hide_column":"","pricing_elfsight_apps_url":"","pricing_codecanyon_price_caption":"","integration_category":[],"integration_request_title":"","integration_request_cta":"","integration_platform":"","integrations":[],"platform_category":[],"video_schema_markup":"","price":"ab 0 $ \/ Monat","trial":"","benefits":[{"text":"Kostenlose Installationsunterst\u00fctzung"},{"text":"Premium-Support"},{"text":"14-t\u00e4gige Geld-zur\u00fcck-Garantie"},{"text":"Laufende Updates"}],"button_url":"#demo","button_target_blank":"0","button_nofollow":"0","attributes":[{"name":"Installiert","content":"100,000 - 500,000"},{"name":"Reaktionsfreudig","content":"Ja"},{"name":"Kompatible Browser","content":"Firefox, Safari, Opera, Chrome, Edge"}],"tags":[],"tags_disable_links":"0","hide_more_platforms":"0","video_object":"","demo_hide_cta":"0","demo_hide_cloud_options":"0","pricing_title":"","pricing":[{"pricing_icon":"platform","pricing_title":"Elfsight Apps","pricing_title_caption":"Multiplattform-Version, die auf jeder Site funktioniert","pricing_price":"ab 0 $ \/ Monat","pricing_price_caption":"Beginnen Sie mit einem kostenlosen Plan","pricing_benefits":[{"text":"Unbegrenzte Websites"},{"text":"Erstklassiger Unternehmenssupport und gut dokumentiert"},{"text":"Kostenlose Installationsunterst\u00fctzung"},{"text":"Sonderangebot f\u00fcr mehrere Apps"}],"pricing_button_text":"Zur Website hinzuf\u00fcgen","pricing_button_url":"#demo"}],"related_apps_title":"","related_apps_hidden":"0","author":"","image":[],"title":"","job":"","social_networks":[]},"_links":{"self":[{"href":"https:\/\/elfsight.com\/de\/wp-json\/wp\/v2\/pages\/16823","targetHints":{"allow":["GET"]}}],"collection":[{"href":"https:\/\/elfsight.com\/de\/wp-json\/wp\/v2\/pages"}],"about":[{"href":"https:\/\/elfsight.com\/de\/wp-json\/wp\/v2\/types\/page"}],"author":[{"embeddable":true,"href":"https:\/\/elfsight.com\/de\/wp-json\/wp\/v2\/users\/9"}],"replies":[{"embeddable":true,"href":"https:\/\/elfsight.com\/de\/wp-json\/wp\/v2\/comments?post=16823"}],"version-history":[{"count":4,"href":"https:\/\/elfsight.com\/de\/wp-json\/wp\/v2\/pages\/16823\/revisions"}],"predecessor-version":[{"id":25571,"href":"https:\/\/elfsight.com\/de\/wp-json\/wp\/v2\/pages\/16823\/revisions\/25571"}],"up":[{"embeddable":true,"href":"https:\/\/elfsight.com\/de\/wp-json\/wp\/v2\/pages\/1315"}],"wp:attachment":[{"href":"https:\/\/elfsight.com\/de\/wp-json\/wp\/v2\/media?parent=16823"}],"curies":[{"name":"wp","href":"https:\/\/api.w.org\/{rel}","templated":true}]}}