{"id":16817,"date":"2024-05-03T06:28:41","date_gmt":"2024-05-03T06:28:41","guid":{"rendered":"https:\/\/elfsight.com\/de\/?page_id=16817"},"modified":"2025-01-14T06:20:13","modified_gmt":"2025-01-14T06:20:13","slug":"jquery","status":"publish","type":"page","link":"https:\/\/elfsight.com\/de\/audio-player-widget\/jquery\/","title":{"rendered":"Audio Player &#8211; jQuery"},"content":{"rendered":"\n<div class=\"application-platform-content-item-description application-platform-content-item\" id=\"description\" data-nav-section=\"description\"> <h2>Beschreibung<\/h2> <p>Elfsight Audio Player mit Wiedergabeliste ist ein einfaches Plugin f\u00fcr jQuery, mit dem Sie Audiotitel direkt auf den Seiten streamen k\u00f6nnen Ihrer Website. Das Widget ist umfassend anpassbar: Sie k\u00f6nnen seine Position \u00e4ndern, es an einer beliebigen Stelle auf der Seite einbetten, seine Gr\u00f6\u00dfe \u00e4ndern, den Hintergrund und alle anderen Elemente neu einf\u00e4rben, um es mit dem Stil Ihrer Website zu kombinieren, ein dunkles Farbschema verwenden, Cover anzeigen und demonstrieren oder 4 weitere Spielerkomponenten verbergen, zum Beispiel Fortschrittsbalken, \u00dcberschrift und andere. Sie k\u00f6nnen so viele Titel hochladen, wie Sie m\u00f6chten, um Ihre Benutzer zu begeistern, schalten Sie die automatische Wiedergabe ein und haben Sie keinen Zweifel \u2013 Ihre Benutzer werden Ihre Homepage nicht so schnell verlassen! <\/p><p><b>Sehen Sie mit Elfsight Audio Player ein solides Gesch\u00e4ftswachstum und steigern Sie den Umsatz<\/b><\/p> <\/div> <div class=\"application-platform-content-item-features application-platform-content-item\" id=\"features\" data-nav-section=\"features\"> <h2>Dies sind nur einige davon Das breite Widget verf\u00fcgt \u00fcber folgende Funktionen:<\/h2> <ul><li>Verschiedene Farb\u00e4nderungen<\/li> <li>Dunkles\/helles Farbthema<\/li> <li>Responsives Design<\/li> <li>Zwei Layouts anwendbar<\/li> <li>M\u00f6glichkeit, ein Hintergrundbild zu verwenden<\/li> <\/ul><p><a href=\"#demo\">Sie k\u00f6nnen anhand der Demo ausprobieren, was das Widget bietet<\/a><\/p> <\/div> <div class=\"application-platform-content-item-installation application-platform-content-item\" id=\"installation\" data-nav-section=\"installation\"> <h2>Wie bette ich den Audio Player in meine jQuery-Website ein? <\/h2> <p>Befolgen Sie einfach die unten aufgef\u00fchrten Schritte, um das Plugin einzubetten.<\/p> <ol><li><b>Nutzen Sie unseren kostenlosen Editor und beginnen Sie mit der Erstellung Ihres ma\u00dfgeschneiderten Plugins. <\/b><br> Finden Sie die bevorzugte Benutzeroberfl\u00e4che und die bevorzugten Funktionen des Widgets und speichern Sie die \u00c4nderungen. <\/li> <li><b>Sie erhalten Ihren individuellen Code, der im Fenster von Elfsight Apps angezeigt wird.<\/b><br> Unmittelbar nachdem die Anpassung Ihres pers\u00f6nlichen Widgets abgeschlossen ist, kopieren Sie den individuellen Code im erscheinenden Popup und Bewahren Sie es f\u00fcr zuk\u00fcnftige Gelegenheiten auf.<\/li> <li><b>Beginnen Sie mit der Verwendung des Music Players auf der jQuery-Website.<\/b><br> F\u00fcgen Sie den Code, den Sie k\u00fcrzlich gespeichert haben, auf Ihrer Seite ein und speichern Sie die \u00c4nderungen. <\/li> <li><b>Du bist fertig! Die Einbettung ist vollst\u00e4ndig abgeschlossen.<\/b><br> Besuchen Sie Ihre Website, um zu pr\u00fcfen, wie das Tool funktioniert.<\/li> <\/ol> <p>Wenn Sie auf Anfragen sto\u00dfen oder auf Hindernisse sto\u00dfen, z\u00f6gern Sie nicht um sich f\u00fcr unser Kundenservice-Team zu bewerben. Unsere Spezialisten helfen Ihnen gerne bei allen Problemen mit dem Produkt weiter. <\/p> <\/div><div class=\"faq\" data-component=\"FAQ\"><div class=\"faq-item\">\r\n\t\t\t\t\t<div class=\"faq-item-question\">\r\n\t\t\t\t\t\t<h3 class=\"faq-item-question-text\">Wie f\u00fcge ich der jQuery-Site einen Audio-Player hinzu?<\/h3>\r\n\r\n\t\t\t\t\t\t<div class=\"faq-item-question-icon\"><\/div>\r\n\t\t\t\t\t<\/div>\r\n\r\n\t\t\t\t\t<div class=\"faq-item-answer\">\r\n\t\t\t\t\t\t<div class=\"faq-item-answer-text\"><p>Die Erstellung des Widgets erfolgt innerhalb der Elfsight-Website und Sie m\u00fcssen nicht lernen, wie man programmiert. Nutzen Sie die Online-Demo, um Ihre pers\u00f6nliche App zu erstellen, erhalten Sie den Code und betten Sie ihn in Ihre Website ein. <\/p><\/div>\r\n\t\t\t\t\t<\/div>\r\n\t\t\t\t<\/div><div class=\"faq-item\">\r\n\t\t\t\t\t<div class=\"faq-item-question\">\r\n\t\t\t\t\t\t<h3 class=\"faq-item-question-text\">Die besten M\u00f6glichkeiten, eine Music Player-Integration zu nutzen<\/h3>\r\n\r\n\t\t\t\t\t\t<div class=\"faq-item-question-icon\"><\/div>\r\n\t\t\t\t\t<\/div>\r\n\r\n\t\t\t\t\t<div class=\"faq-item-answer\">\r\n\t\t\t\t\t\t<div class=\"faq-item-answer-text\"><p>Wir bieten eine F\u00fclle von Anpassungsm\u00f6glichkeiten: Widgets in voller L\u00e4nge zum Einbetten in den Inhaltsbereich, schwebende Widgets mit Scrollm\u00f6glichkeiten, Miniaturansichten f\u00fcr die Fu\u00dfzeile Ihrer Website, den Kopfbereich und alle Variationen vertikaler M\u00f6glichkeiten f\u00fcr Seitenleisten und Men\u00fcs. <\/p><\/div>\r\n\t\t\t\t\t<\/div>\r\n\t\t\t\t<\/div><div class=\"faq-item\">\r\n\t\t\t\t\t<div class=\"faq-item-question\">\r\n\t\t\t\t\t\t<h3 class=\"faq-item-question-text\">Wie erstelle ich mit dem Editor einen Naturger\u00e4usch- oder Einzelspur-Audioplayer?<\/h3>\r\n\r\n\t\t\t\t\t\t<div class=\"faq-item-question-icon\"><\/div>\r\n\t\t\t\t\t<\/div>\r\n\r\n\t\t\t\t\t<div class=\"faq-item-answer\">\r\n\t\t\t\t\t\t<div class=\"faq-item-answer-text\"><p>Sie k\u00f6nnen gerne \u00c4nderungen an jedem Widget vornehmen. Im Editor stehen Ihnen zahlreiche Layouts zur Verf\u00fcgung, die Sie alle ganz einfach an Ihre Bed\u00fcrfnisse anpassen k\u00f6nnen. <\/p><\/div>\r\n\t\t\t\t\t<\/div>\r\n\t\t\t\t<\/div><\/div>\n","protected":false},"excerpt":{"rendered":"","protected":false},"author":9,"featured_media":0,"parent":1315,"menu_order":0,"comment_status":"closed","ping_status":"closed","template":"templates\/template-application-platform.php","meta":{"publish_to_discourse":"","publish_post_category":"","wpdc_auto_publish_overridden":"","wpdc_topic_tags":"","wpdc_pin_topic":"","wpdc_pin_until":"","discourse_post_id":"","discourse_permalink":"","wpdc_publishing_response":"","wpdc_publishing_error":"","footnotes":""},"class_list":["post-16817","page","type-page","status-publish","hentry"],"yoast_head":"<!-- This site is optimized with the Yoast SEO plugin v25.3.1 - https:\/\/yoast.com\/wordpress\/plugins\/seo\/ -->\n<title>Audio-Player \u2013 Musik-App zur jQuery-Website hinzuf\u00fcgen (schnell und kostenlos)<\/title>\n<meta name=\"description\" content=\"Betten Sie einen einfachen Audio-Player in Ihre jQuery-Website ein. F\u00fchren Sie unsere praktische Demo aus und erstellen Sie in nur 2 Minuten Ihr eigenes Music Player-Plugin.\" \/>\n<meta name=\"robots\" content=\"index, follow, max-snippet:-1, max-image-preview:large, max-video-preview:-1\" \/>\n<link rel=\"canonical\" href=\"https:\/\/elfsight.com\/de\/audio-player-widget\/jquery\/\" \/>\n<meta property=\"og:locale\" content=\"de_DE\" \/>\n<meta property=\"og:type\" content=\"article\" \/>\n<meta property=\"og:title\" content=\"Audio-Player \u2013 Musik-App zur jQuery-Website hinzuf\u00fcgen (schnell und kostenlos)\" \/>\n<meta property=\"og:description\" content=\"Betten Sie einen einfachen Audio-Player in Ihre jQuery-Website ein. F\u00fchren Sie unsere praktische Demo aus und erstellen Sie in nur 2 Minuten Ihr eigenes Music Player-Plugin.\" \/>\n<meta property=\"og:url\" content=\"https:\/\/elfsight.com\/de\/audio-player-widget\/jquery\/\" \/>\n<meta property=\"og:site_name\" content=\"Elfsight DE\" \/>\n<meta property=\"article:modified_time\" content=\"2025-01-14T06:20:13+00:00\" \/>\n<meta name=\"twitter:card\" content=\"summary_large_image\" \/>\n<meta name=\"twitter:label1\" content=\"Gesch\u00e4tzte Lesezeit\" \/>\n\t<meta name=\"twitter:data1\" content=\"3\u00a0Minuten\" \/>\n<!-- \/ Yoast SEO plugin. -->","yoast_head_json":{"title":"Audio-Player \u2013 Musik-App zur jQuery-Website hinzuf\u00fcgen (schnell und kostenlos)","description":"Betten Sie einen einfachen Audio-Player in Ihre jQuery-Website ein. F\u00fchren Sie unsere praktische Demo aus und erstellen Sie in nur 2 Minuten Ihr eigenes Music Player-Plugin.","robots":{"index":"index","follow":"follow","max-snippet":"max-snippet:-1","max-image-preview":"max-image-preview:large","max-video-preview":"max-video-preview:-1"},"canonical":"https:\/\/elfsight.com\/de\/audio-player-widget\/jquery\/","og_locale":"de_DE","og_type":"article","og_title":"Audio-Player \u2013 Musik-App zur jQuery-Website hinzuf\u00fcgen (schnell und kostenlos)","og_description":"Betten Sie einen einfachen Audio-Player in Ihre jQuery-Website ein. F\u00fchren Sie unsere praktische Demo aus und erstellen Sie in nur 2 Minuten Ihr eigenes Music Player-Plugin.","og_url":"https:\/\/elfsight.com\/de\/audio-player-widget\/jquery\/","og_site_name":"Elfsight DE","article_modified_time":"2025-01-14T06:20:13+00:00","twitter_card":"summary_large_image","twitter_misc":{"Gesch\u00e4tzte Lesezeit":"3\u00a0Minuten"},"schema":{"@context":"https:\/\/schema.org","@graph":[{"@type":"WebPage","@id":"https:\/\/elfsight.com\/de\/audio-player-widget\/jquery\/","url":"https:\/\/elfsight.com\/de\/audio-player-widget\/jquery\/","name":"Audio-Player \u2013 Musik-App zur jQuery-Website hinzuf\u00fcgen (schnell und kostenlos)","isPartOf":{"@id":"https:\/\/elfsight.com\/de\/#website"},"datePublished":"2024-05-03T06:28:41+00:00","dateModified":"2025-01-14T06:20:13+00:00","description":"Betten Sie einen einfachen Audio-Player in Ihre jQuery-Website ein. F\u00fchren Sie unsere praktische Demo aus und erstellen Sie in nur 2 Minuten Ihr eigenes Music Player-Plugin.","breadcrumb":{"@id":"https:\/\/elfsight.com\/de\/audio-player-widget\/jquery\/#breadcrumb"},"inLanguage":"de","potentialAction":[{"@type":"ReadAction","target":["https:\/\/elfsight.com\/de\/audio-player-widget\/jquery\/"]}]},{"@type":"BreadcrumbList","@id":"https:\/\/elfsight.com\/de\/audio-player-widget\/jquery\/#breadcrumb","itemListElement":[{"@type":"ListItem","position":1,"name":"Home","item":"https:\/\/elfsight.com\/de\/"},{"@type":"ListItem","position":2,"name":"Audio Player","item":"https:\/\/elfsight.com\/de\/audio-player-widget\/"},{"@type":"ListItem","position":3,"name":"Audio Player &#8211; jQuery"}]},{"@type":"WebSite","@id":"https:\/\/elfsight.com\/de\/#website","url":"https:\/\/elfsight.com\/de\/","name":"Elfsight DE","description":"Just another Elfsight Sites site","potentialAction":[{"@type":"SearchAction","target":{"@type":"EntryPoint","urlTemplate":"https:\/\/elfsight.com\/de\/?s={search_term_string}"},"query-input":{"@type":"PropertyValueSpecification","valueRequired":true,"valueName":"search_term_string"}}],"inLanguage":"de"}]}},"meta_box":{"industry":"","seo_heading":"","heading":"","description":"","cta_heading":"","cta_description":"","application":"505","h1":"jQuery Audio Player-Plugin","h1_caption":"F\u00fcgen Sie Audiotracks m\u00fchelos direkt auf Ihrer Website hinzu und pr\u00e4sentieren Sie sie mit einem eleganten, anpassbaren Player in Ihrer jQuery-Website.","application_category":[],"applications_title":"","applications_request_title":"","applications_request_button_text":"","hero_text":"","hero_video":"","hero_video_schema_markup":"","selling_points_title":"","selling_points_caption":"","selling_points":[],"selling_points_cta_text":"","features_title":"","features":"","ed_cta_examples_text":"","ed_cta_examples_hidden":"","ed_cta_demo_text":"","ed_cta_demo_hidden":"","why_caption":"","why_editor_title":"","why_editor_text":"","why_team_title":"","why_team_text":"","why_service_title":"","why_service_text":"","template_catalog_visible":"0","template_catalog_title":"","template_catalog_text":"","template_catalog_categories_visible":"","demo_title":"Erstellen Sie Ihr Audio-Player-Plugin","demo_caption":"Konfigurieren Sie Ihren Audio-Player und f\u00fcgen Sie ihn kostenlos zu Ihrer jQuery-Website hinzu!","default_faq_hidden":"","app_template_category":[],"platform":"258","template_public_id":"","codecanyon_url":"","codecanyon_item_id":"","codecanyon_price":"","pricing_caption":"","pricing_elfsight_apps_hide_column":"","pricing_elfsight_apps_url":"","pricing_codecanyon_price_caption":"","integration_category":[],"integration_request_title":"","integration_request_cta":"","integration_platform":"","integrations":[],"platform_category":[],"video_schema_markup":"","price":"ab 0 $ \/ Monat","trial":"","benefits":[{"text":"Kostenlose Installationsunterst\u00fctzung"},{"text":"Professioneller Kundenservice"},{"text":"14-t\u00e4gige Geld-zur\u00fcck-Garantie"},{"text":"St\u00e4ndige Aktualisierung"}],"button_url":"#demo","button_target_blank":"0","button_nofollow":"0","attributes":[{"name":"Installiert","content":"100,000 - 500,000"},{"name":"Reaktionsfreudig","content":"Ja"},{"name":"Kompatible Browser","content":"Firefox, Safari, Opera, Chrome, Edge"}],"tags":[],"tags_disable_links":"0","hide_more_platforms":"","video_object":"","demo_hide_cta":"0","demo_hide_cloud_options":"0","pricing_title":"","pricing":[{"pricing_icon":"platform","pricing_title":"Elfsight Apps","pricing_title_caption":"Plattform\u00fcbergreifende Version, die auf jeder Site funktioniert","pricing_price":"ab 0 $ \/ Monat","pricing_price_caption":"Beginnen Sie mit einem kostenlosen Plan","pricing_benefits":[{"text":"Unbegrenzte Domains"},{"text":"Engagierter und p\u00fcnktlicher Support und gut dokumentiert"},{"text":"Kostenlose Installationsunterst\u00fctzung"},{"text":"100 % anpassbar"}],"pricing_button_text":"Zur Website hinzuf\u00fcgen","pricing_button_url":"#demo"}],"related_apps_title":"","related_apps_hidden":"0","author":"","image":[],"title":"","job":"","social_networks":[]},"_links":{"self":[{"href":"https:\/\/elfsight.com\/de\/wp-json\/wp\/v2\/pages\/16817","targetHints":{"allow":["GET"]}}],"collection":[{"href":"https:\/\/elfsight.com\/de\/wp-json\/wp\/v2\/pages"}],"about":[{"href":"https:\/\/elfsight.com\/de\/wp-json\/wp\/v2\/types\/page"}],"author":[{"embeddable":true,"href":"https:\/\/elfsight.com\/de\/wp-json\/wp\/v2\/users\/9"}],"replies":[{"embeddable":true,"href":"https:\/\/elfsight.com\/de\/wp-json\/wp\/v2\/comments?post=16817"}],"version-history":[{"count":3,"href":"https:\/\/elfsight.com\/de\/wp-json\/wp\/v2\/pages\/16817\/revisions"}],"predecessor-version":[{"id":23558,"href":"https:\/\/elfsight.com\/de\/wp-json\/wp\/v2\/pages\/16817\/revisions\/23558"}],"up":[{"embeddable":true,"href":"https:\/\/elfsight.com\/de\/wp-json\/wp\/v2\/pages\/1315"}],"wp:attachment":[{"href":"https:\/\/elfsight.com\/de\/wp-json\/wp\/v2\/media?parent=16817"}],"curies":[{"name":"wp","href":"https:\/\/api.w.org\/{rel}","templated":true}]}}