{"id":16816,"date":"2024-05-03T06:28:40","date_gmt":"2024-05-03T06:28:40","guid":{"rendered":"https:\/\/elfsight.com\/de\/?page_id=16816"},"modified":"2025-01-14T06:35:48","modified_gmt":"2025-01-14T06:35:48","slug":"iframe","status":"publish","type":"page","link":"https:\/\/elfsight.com\/de\/audio-player-widget\/iframe\/","title":{"rendered":"Audio Player &#8211; iFrame"},"content":{"rendered":"\n<div class=\"application-platform-content-item-description application-platform-content-item\" id=\"description\" data-nav-section=\"description\"> <h2>Audio Player mit dem Elfsight-Widget in iFrame einbetten<\/h2> <p>Elfsight Music Player ist ein einfaches Widget f\u00fcr iFrame-Websites, mit dem Sie dies tun k\u00f6nnen Streamen Sie Audiotitel direkt auf Ihrer Homepage. Das Tool ist enorm anpassbar: Sie k\u00f6nnen die Platzierung \u00e4ndern, es an einer beliebigen Stelle auf der Seite platzieren, seine Gr\u00f6\u00dfe \u00e4ndern, den Hintergrund und alle anderen Teile neu streichen, um es mit dem Layout Ihrer Website zu vermischen, ein dunkles Farbschema verwenden, Cover anzeigen und demonstrieren oder verbergen vier zus\u00e4tzliche Player-Komponenten, zum Beispiel Fortschrittsbalken, \u00dcberschrift und andere. Laden Sie so viele Titel hoch, wie Sie m\u00f6chten, um Ihre Besucher anzusprechen, schalten Sie die automatische Wiedergabe ein und haben Sie keinen Zweifel \u2013 Ihre Besucher werden Ihre Website nicht so schnell verlassen!<\/p> <p><b>Mit dem Elfsight Audio-Widget erreichen Sie schnellere Ergebnisse Unternehmenswachstum und Umsatzsteigerung.<\/b><\/p> <\/div> <div class=\"application-platform-content-item-features application-platform-content-item\" id=\"features\" data-nav-section=\"features\"> <h2>Das Widget bietet praktische und unkomplizierte Funktionen, sehen Sie sich einige davon an: <\/h2> <ul><li>Verschiedene Farbvarianten<\/li> <li>Dunkles\/helles Farbthema<\/li> <li>Responsives Design<\/li> <li>2 Layouts anwendbar<\/li> <li>Eine M\u00f6glichkeit, ein Hintergrundbild hinzuzuf\u00fcgen<\/li> <\/ul><p><a href=\"#demo\">Schauen Sie sich einfach diese Demo an, um zu sehen, was das Widget wert ist<\/a><\/p> <\/div> <div class=\"application-platform-content-item-installation application-platform-content-item\" id=\"installation\" data-nav-section=\"installation\"> <h2>Wie kann ich Music Player zu meiner iFrame-Website hinzuf\u00fcgen?<\/h2> <p>F\u00fchren Sie einfach die unten beschriebenen Schritte aus, um das Tool zu integrieren.<\/p> <ol><li><b>Verwenden Sie unsere kostenlose Demo und Beginnen Sie mit der Gestaltung Ihres ma\u00dfgeschneiderten Widgets.<\/b><br> Bestimmen Sie das geeignete Layout und die Optionen des Tools und wenden Sie die \u00c4nderungen an.<\/li><li><b>Kopieren Sie Ihren individuellen Code, der in der Box auf Elfsight angezeigt wird Apps<\/b><br> Sobald die Einrichtung Ihres Tools abgeschlossen ist, kopieren Sie den pers\u00f6nlichen Code im angezeigten Popup und speichern Sie ihn f\u00fcr eine sp\u00e4tere Gelegenheit.<\/li><li><b>Beginnen Sie mit der Verwendung des Audios Widget auf Ihrer iFrame-Site<\/b><br> F\u00fcgen Sie den k\u00fcrzlich kopierten Code in Ihre Homepage ein und speichern Sie die \u00c4nderungen.<\/li><li><b>Die Einrichtung ist vollst\u00e4ndig abgeschlossen<\/b><br> Gehen Sie zu Ihrer Site um die Arbeit des Widgets anzuzeigen.<\/li><\/ol> <p>Wenn Sie Fragen haben oder auf Hindernisse sto\u00dfen, scheuen Sie sich nicht, die Hilfe unseres Support-Teams in Anspruch zu nehmen. Unsere Mitarbeiter helfen Ihnen gerne bei allen Problemen, die Sie m\u00f6glicherweise mit dem Produkt haben. <\/p> <\/div>\n","protected":false},"excerpt":{"rendered":"","protected":false},"author":9,"featured_media":0,"parent":1315,"menu_order":0,"comment_status":"closed","ping_status":"closed","template":"templates\/template-application-platform.php","meta":{"publish_to_discourse":"","publish_post_category":"","wpdc_auto_publish_overridden":"","wpdc_topic_tags":"","wpdc_pin_topic":"","wpdc_pin_until":"","discourse_post_id":"","discourse_permalink":"","wpdc_publishing_response":"","wpdc_publishing_error":"","footnotes":""},"class_list":["post-16816","page","type-page","status-publish","hentry"],"yoast_head":"<!-- This site is optimized with the Yoast SEO plugin v25.3.1 - https:\/\/yoast.com\/wordpress\/plugins\/seo\/ -->\n<title>Audio-Player \u2013 Musik-Player zur iFrame-Website hinzuf\u00fcgen (kostenlos und schnell)<\/title>\n<meta name=\"description\" content=\"Integrieren Sie einen beeindruckenden Audioplayer in Ihre iFrame-Seite. Nutzen Sie unsere praktische Demo und erstellen Sie Ihren individuellen Musik-Player in nur 2 Minuten.\" \/>\n<meta name=\"robots\" content=\"index, follow, max-snippet:-1, max-image-preview:large, max-video-preview:-1\" \/>\n<link rel=\"canonical\" href=\"https:\/\/elfsight.com\/de\/audio-player-widget\/iframe\/\" \/>\n<meta property=\"og:locale\" content=\"de_DE\" \/>\n<meta property=\"og:type\" content=\"article\" \/>\n<meta property=\"og:title\" content=\"Audio-Player \u2013 Musik-Player zur iFrame-Website hinzuf\u00fcgen (kostenlos und schnell)\" \/>\n<meta property=\"og:description\" content=\"Integrieren Sie einen beeindruckenden Audioplayer in Ihre iFrame-Seite. Nutzen Sie unsere praktische Demo und erstellen Sie Ihren individuellen Musik-Player in nur 2 Minuten.\" \/>\n<meta property=\"og:url\" content=\"https:\/\/elfsight.com\/de\/audio-player-widget\/iframe\/\" \/>\n<meta property=\"og:site_name\" content=\"Elfsight DE\" \/>\n<meta property=\"article:modified_time\" content=\"2025-01-14T06:35:48+00:00\" \/>\n<meta name=\"twitter:card\" content=\"summary_large_image\" \/>\n<meta name=\"twitter:label1\" content=\"Gesch\u00e4tzte Lesezeit\" \/>\n\t<meta name=\"twitter:data1\" content=\"2\u00a0Minuten\" \/>\n<!-- \/ Yoast SEO plugin. -->","yoast_head_json":{"title":"Audio-Player \u2013 Musik-Player zur iFrame-Website hinzuf\u00fcgen (kostenlos und schnell)","description":"Integrieren Sie einen beeindruckenden Audioplayer in Ihre iFrame-Seite. Nutzen Sie unsere praktische Demo und erstellen Sie Ihren individuellen Musik-Player in nur 2 Minuten.","robots":{"index":"index","follow":"follow","max-snippet":"max-snippet:-1","max-image-preview":"max-image-preview:large","max-video-preview":"max-video-preview:-1"},"canonical":"https:\/\/elfsight.com\/de\/audio-player-widget\/iframe\/","og_locale":"de_DE","og_type":"article","og_title":"Audio-Player \u2013 Musik-Player zur iFrame-Website hinzuf\u00fcgen (kostenlos und schnell)","og_description":"Integrieren Sie einen beeindruckenden Audioplayer in Ihre iFrame-Seite. Nutzen Sie unsere praktische Demo und erstellen Sie Ihren individuellen Musik-Player in nur 2 Minuten.","og_url":"https:\/\/elfsight.com\/de\/audio-player-widget\/iframe\/","og_site_name":"Elfsight DE","article_modified_time":"2025-01-14T06:35:48+00:00","twitter_card":"summary_large_image","twitter_misc":{"Gesch\u00e4tzte Lesezeit":"2\u00a0Minuten"},"schema":{"@context":"https:\/\/schema.org","@graph":[{"@type":"WebPage","@id":"https:\/\/elfsight.com\/de\/audio-player-widget\/iframe\/","url":"https:\/\/elfsight.com\/de\/audio-player-widget\/iframe\/","name":"Audio-Player \u2013 Musik-Player zur iFrame-Website hinzuf\u00fcgen (kostenlos und schnell)","isPartOf":{"@id":"https:\/\/elfsight.com\/de\/#website"},"datePublished":"2024-05-03T06:28:40+00:00","dateModified":"2025-01-14T06:35:48+00:00","description":"Integrieren Sie einen beeindruckenden Audioplayer in Ihre iFrame-Seite. Nutzen Sie unsere praktische Demo und erstellen Sie Ihren individuellen Musik-Player in nur 2 Minuten.","breadcrumb":{"@id":"https:\/\/elfsight.com\/de\/audio-player-widget\/iframe\/#breadcrumb"},"inLanguage":"de","potentialAction":[{"@type":"ReadAction","target":["https:\/\/elfsight.com\/de\/audio-player-widget\/iframe\/"]}]},{"@type":"BreadcrumbList","@id":"https:\/\/elfsight.com\/de\/audio-player-widget\/iframe\/#breadcrumb","itemListElement":[{"@type":"ListItem","position":1,"name":"Home","item":"https:\/\/elfsight.com\/de\/"},{"@type":"ListItem","position":2,"name":"Audio Player","item":"https:\/\/elfsight.com\/de\/audio-player-widget\/"},{"@type":"ListItem","position":3,"name":"Audio Player &#8211; iFrame"}]},{"@type":"WebSite","@id":"https:\/\/elfsight.com\/de\/#website","url":"https:\/\/elfsight.com\/de\/","name":"Elfsight DE","description":"Just another Elfsight Sites site","potentialAction":[{"@type":"SearchAction","target":{"@type":"EntryPoint","urlTemplate":"https:\/\/elfsight.com\/de\/?s={search_term_string}"},"query-input":{"@type":"PropertyValueSpecification","valueRequired":true,"valueName":"search_term_string"}}],"inLanguage":"de"}]}},"meta_box":{"industry":"","seo_heading":"","heading":"","description":"","cta_heading":"","cta_description":"","application":"505","h1":"iFrame Audio Player-Widget","h1_caption":"F\u00fcgen Sie Audiotitel m\u00fchelos direkt auf Ihrer Website hinzu und pr\u00e4sentieren Sie sie mit einem eleganten, anpassbaren Player in Ihrer iFrame-Website.","application_category":[],"applications_title":"","applications_request_title":"","applications_request_button_text":"","hero_text":"","hero_video":"","hero_video_schema_markup":"","selling_points_title":"","selling_points_caption":"","selling_points":[],"selling_points_cta_text":"","features_title":"","features":"","ed_cta_examples_text":"","ed_cta_examples_hidden":"","ed_cta_demo_text":"","ed_cta_demo_hidden":"","why_caption":"","why_editor_title":"","why_editor_text":"","why_team_title":"","why_team_text":"","why_service_title":"","why_service_text":"","template_catalog_visible":"0","template_catalog_title":"","template_catalog_text":"","template_catalog_categories_visible":"","demo_title":"Erstellen Sie Ihr Audio-Player-Widget","demo_caption":"Konfigurieren Sie Ihren Audio-Player und f\u00fcgen Sie ihn kostenlos zu Ihrer iFrame-Website hinzu!","default_faq_hidden":"","app_template_category":[],"platform":"240","template_public_id":"","codecanyon_url":"","codecanyon_item_id":"","codecanyon_price":"","pricing_caption":"","pricing_elfsight_apps_hide_column":"","pricing_elfsight_apps_url":"","pricing_codecanyon_price_caption":"","integration_category":[],"integration_request_title":"","integration_request_cta":"","integration_platform":"","integrations":[],"platform_category":[],"video_schema_markup":"","price":"ab 0 $ \/ Monat","trial":"","benefits":[{"text":"Kostenlose Installationshilfe"},{"text":"Au\u00dfergew\u00f6hnliche Unterst\u00fctzung"},{"text":"14-t\u00e4gige R\u00fcckerstattungsgarantie"},{"text":"Lebenslange Updates"}],"button_url":"#demo","button_target_blank":"0","button_nofollow":"0","attributes":[{"name":"Installiert","content":"100,000 - 500,000"},{"name":"Reaktionsfreudig","content":"Ja"},{"name":"Kompatible Browser","content":"Firefox, Chrome, Safari, Edge, Opera"}],"tags":[],"tags_disable_links":"0","hide_more_platforms":"","video_object":"","demo_hide_cta":"0","demo_hide_cloud_options":"0","pricing_title":"","pricing":[{"pricing_icon":"platform","pricing_title":"Elfsight Apps","pricing_title_caption":"Plattformunabh\u00e4ngige Software, die auf jeder Website funktioniert","pricing_price":"ab 0 $ \/ Monat","pricing_price_caption":"Beginnen Sie mit einem kostenlosen Plan","pricing_benefits":[{"text":"Unbegrenzte Anzahl an Websites"},{"text":"Professionelle und p\u00fcnktliche Unterst\u00fctzung"},{"text":"Kostenloser Installationsservice"},{"text":"Sonderpreis f\u00fcr mehrere Apps"}],"pricing_button_text":"Zur Website hinzuf\u00fcgen","pricing_button_url":"#demo"}],"related_apps_title":"","related_apps_hidden":"0","author":"","image":[],"title":"","job":"","social_networks":[]},"_links":{"self":[{"href":"https:\/\/elfsight.com\/de\/wp-json\/wp\/v2\/pages\/16816","targetHints":{"allow":["GET"]}}],"collection":[{"href":"https:\/\/elfsight.com\/de\/wp-json\/wp\/v2\/pages"}],"about":[{"href":"https:\/\/elfsight.com\/de\/wp-json\/wp\/v2\/types\/page"}],"author":[{"embeddable":true,"href":"https:\/\/elfsight.com\/de\/wp-json\/wp\/v2\/users\/9"}],"replies":[{"embeddable":true,"href":"https:\/\/elfsight.com\/de\/wp-json\/wp\/v2\/comments?post=16816"}],"version-history":[{"count":3,"href":"https:\/\/elfsight.com\/de\/wp-json\/wp\/v2\/pages\/16816\/revisions"}],"predecessor-version":[{"id":23562,"href":"https:\/\/elfsight.com\/de\/wp-json\/wp\/v2\/pages\/16816\/revisions\/23562"}],"up":[{"embeddable":true,"href":"https:\/\/elfsight.com\/de\/wp-json\/wp\/v2\/pages\/1315"}],"wp:attachment":[{"href":"https:\/\/elfsight.com\/de\/wp-json\/wp\/v2\/media?parent=16816"}],"curies":[{"name":"wp","href":"https:\/\/api.w.org\/{rel}","templated":true}]}}