{"id":16810,"date":"2024-05-03T06:28:38","date_gmt":"2024-05-03T06:28:38","guid":{"rendered":"https:\/\/elfsight.com\/de\/?page_id=16810"},"modified":"2025-01-14T06:42:03","modified_gmt":"2025-01-14T06:42:03","slug":"html","status":"publish","type":"page","link":"https:\/\/elfsight.com\/de\/audio-player-widget\/html\/","title":{"rendered":"Audio Player &#8211; HTML"},"content":{"rendered":"\n<div class=\"application-platform-content-item-description application-platform-content-item\" id=\"description\" data-nav-section=\"description\"> <h2>Beschreibung<\/h2> <p>Elfsight Music Player mit Wiedergabeliste ist ein unkompliziertes Tool f\u00fcr HTML-Websites, das Ihnen die M\u00f6glichkeit gibt, Audiotitel direkt abzuspielen auf den Seiten. Das Widget ist bemerkenswert modifizierbar: Sie k\u00f6nnen seine Platzierung \u00e4ndern, indem Sie es an einer beliebigen Stelle auf der Seite platzieren, seine Gr\u00f6\u00dfe \u00e4ndern, den Hintergrund und andere Elemente neu zeichnen, um es mit dem Layout Ihrer Website zu verschmelzen, ein dunkles Design verwenden, Cover anzeigen und vier zus\u00e4tzliche Player anzeigen oder ausblenden Komponenten wie Fortschrittsbalken, Titel und vieles mehr. Laden Sie so viele Titel hoch, wie Sie m\u00f6chten, um Ihr Publikum anzusprechen, schalten Sie die automatische Wiedergabe ein und z\u00f6gern Sie nicht \u2013 Ihr Publikum wird Ihre Website nicht sofort verlassen!<\/p><p><b>Machen Sie Ihre Website f\u00fcr Ihre Gesch\u00e4ftsziele erfolgreicher mit Hilfe des benutzerdefinierten Elfsight Audio Players<\/b><\/p> <\/div> <div class=\"application-platform-content-item-features application-platform-content-item\" id=\"features\" data-nav-section=\"features\"> <h2>Die wesentlichen Funktionen des Musik-Widgets enthalten<\/h2> <ul><li>Verschiedene Farbvarianten <\/li> <li>Dunkles\/helles Farbschema<\/li> <li>Responsives Design<\/li> <li>2 Layouts anwendbar<\/li> <li>Eine M\u00f6glichkeit, ein Hintergrundbild hinzuzuf\u00fcgen<\/li> <\/ul><p><a href=\"#demo\">Hier k\u00f6nnen Sie die volle Funktionalit\u00e4t des Widgets in der Demo ausprobieren<\/a><\/p> <\/div> <div class=\"application-platform-content-item-installation application-platform-content-item\" id=\"installation\" data-nav-section=\"installation\"> <h2>Wie bette ich Audio-Player-Code in meine HTML-Website ein?<\/h2><div class=\"video-container\"><iframe width=\"560\" height=\"315\" src=\"https:\/\/www.youtube.com\/embed\/QMvtw1fdz04?si=FaYnM0rAFvGlLnZ5\" frameborder=\"0\" allow=\"accelerometer; autoplay; clipboard-write; encrypted-media; gyroscope; picture-in-picture; web-share\" allowfullscreen><\/iframe><\/div><p>F\u00fchren Sie einfach die unten beschriebenen Schritte aus, um den HTML-Audioplayer mit Musik-Widget und Wiedergabeliste hinzuzuf\u00fcgen.<\/p> <ol><li><b>Verwalten Sie unsere kostenlose Demo und beginnen Sie mit der Gestaltung Ihrer benutzerdefinierten Vorlage.<\/b><br> W\u00e4hlen Sie die benutzerdefinierte Form und die Eigenschaften des Widgets und speichern Sie die \u00c4nderungen. <\/li> <li><b>Erhalten Sie den pers\u00f6nlichen Code, der im speziellen Formular auf Elfsight Apps angezeigt wird.<\/b><br> Wenn die Erstellung Ihrer Musikvorlage abgeschlossen ist, kopieren Sie den individuellen Code im erscheinenden Popup und behalten Sie ihn es f\u00fcr die zuk\u00fcnftige Verwendung.<\/li> <li><b>Beginnen Sie mit der Verwendung des Widgets auf Ihrer HTML-Site.<\/b><br> Betten Sie den k\u00fcrzlich gespeicherten Musik-Player-Code in Ihre Seite ein und wenden Sie die Verbesserungen an. <\/li> <li><b>Die Installation wurde erfolgreich abgeschlossen.<\/b><br> Besuchen Sie Ihre Website, um einen Blick auf die Leistung des Widgets zu werfen. <\/li> <\/ol> <p>Wenn Sie Fragen haben oder auf Probleme sto\u00dfen, k\u00f6nnen Sie sich gerne an unser Support-Team wenden. Unsere Mitarbeiter werden sich freuen, alle Probleme zu l\u00f6sen, die Sie m\u00f6glicherweise mit dem Plugin haben. <\/p> <\/div><div class=\"faq\" data-component=\"FAQ\"><div class=\"faq-item\">\r\n\t\t\t\t\t<div class=\"faq-item-question\">\r\n\t\t\t\t\t\t<h3 class=\"faq-item-question-text\">Wie kann ich der HTML-Site einen Audioplayer hinzuf\u00fcgen?<\/h3>\r\n\r\n\t\t\t\t\t\t<div class=\"faq-item-question-icon\"><\/div>\r\n\t\t\t\t\t<\/div>\r\n\r\n\t\t\t\t\t<div class=\"faq-item-answer\">\r\n\t\t\t\t\t\t<div class=\"faq-item-answer-text\"><p>Der Aufbau des Widgets erfolgt weiter die Elfsight-Seiten und es besteht keine Notwendigkeit, zu programmieren. \u00d6ffnen Sie die aktive Demo, um Ihr pers\u00f6nliches Widget anzupassen, den Code abzurufen und ihn auf Ihrer Website einzuf\u00fcgen. <\/p><\/div>\r\n\t\t\t\t\t<\/div>\r\n\t\t\t\t<\/div><div class=\"faq-item\">\r\n\t\t\t\t\t<div class=\"faq-item-question\">\r\n\t\t\t\t\t\t<h3 class=\"faq-item-question-text\">Die besten M\u00f6glichkeiten, die Player-Integration zu nutzen<\/h3>\r\n\r\n\t\t\t\t\t\t<div class=\"faq-item-question-icon\"><\/div>\r\n\t\t\t\t\t<\/div>\r\n\r\n\t\t\t\t\t<div class=\"faq-item-answer\">\r\n\t\t\t\t\t\t<div class=\"faq-item-answer-text\"><p>Wir stellen Ihnen eine F\u00fclle von Personalisierungsoptionen zur Verf\u00fcgung: Widgets in voller L\u00e4nge zum Einf\u00fcgen in die Inhaltsbereich, schwebende Plugins mit Scrollm\u00f6glichkeiten, Layouts f\u00fcr die Fu\u00dfzeile, den Kopfbereich und alle Variationen vertikaler M\u00f6glichkeiten f\u00fcr Seitenleisten und Men\u00fcs. <\/p><\/div>\r\n\t\t\t\t\t<\/div>\r\n\t\t\t\t<\/div><div class=\"faq-item\">\r\n\t\t\t\t\t<div class=\"faq-item-question\">\r\n\t\t\t\t\t\t<h3 class=\"faq-item-question-text\">Gibt es eine Option, mit Hilfe des Editors einen Einzeltitel oder einen Meditationsplayer zu erstellen?<\/h3>\r\n\r\n\t\t\t\t\t\t<div class=\"faq-item-question-icon\"><\/div>\r\n\t\t\t\t\t<\/div>\r\n\r\n\t\t\t\t\t<div class=\"faq-item-answer\">\r\n\t\t\t\t\t\t<div class=\"faq-item-answer-text\"><p>Sie k\u00f6nnen die \u00c4nderungen jedes Widgets frei gestalten . Im Editor stehen zahlreiche Layouts zur Verf\u00fcgung, die alle schnell an Ihre Bed\u00fcrfnisse angepasst werden k\u00f6nnen. <\/p><\/div>\r\n\t\t\t\t\t<\/div>\r\n\t\t\t\t<\/div><\/div>\n","protected":false},"excerpt":{"rendered":"","protected":false},"author":9,"featured_media":0,"parent":1315,"menu_order":0,"comment_status":"closed","ping_status":"closed","template":"templates\/template-application-platform.php","meta":{"publish_to_discourse":"","publish_post_category":"","wpdc_auto_publish_overridden":"","wpdc_topic_tags":"","wpdc_pin_topic":"","wpdc_pin_until":"","discourse_post_id":"","discourse_permalink":"","wpdc_publishing_response":"","wpdc_publishing_error":"","footnotes":""},"class_list":["post-16810","page","type-page","status-publish","hentry"],"yoast_head":"<!-- This site is optimized with the Yoast SEO plugin v25.3.1 - https:\/\/yoast.com\/wordpress\/plugins\/seo\/ -->\n<title>Audio Player \u2013 Musik-Player-Code zur HTML-Website (schnell und kostenlos)<\/title>\n<meta name=\"description\" content=\"F\u00fcgen Sie Ihrer HTML-Webseite einen flexiblen Audio-Player-Code hinzu. Nutzen Sie die \u00fcbersichtliche Demo und erstellen Sie in nur wenigen Minuten Ihr einzigartiges Musik-Widget.\" \/>\n<meta name=\"robots\" content=\"index, follow, max-snippet:-1, max-image-preview:large, max-video-preview:-1\" \/>\n<link rel=\"canonical\" href=\"https:\/\/elfsight.com\/de\/audio-player-widget\/html\/\" \/>\n<meta property=\"og:locale\" content=\"de_DE\" \/>\n<meta property=\"og:type\" content=\"article\" \/>\n<meta property=\"og:title\" content=\"Audio Player \u2013 Musik-Player-Code zur HTML-Website (schnell und kostenlos)\" \/>\n<meta property=\"og:description\" content=\"F\u00fcgen Sie Ihrer HTML-Webseite einen flexiblen Audio-Player-Code hinzu. Nutzen Sie die \u00fcbersichtliche Demo und erstellen Sie in nur wenigen Minuten Ihr einzigartiges Musik-Widget.\" \/>\n<meta property=\"og:url\" content=\"https:\/\/elfsight.com\/de\/audio-player-widget\/html\/\" \/>\n<meta property=\"og:site_name\" content=\"Elfsight DE\" \/>\n<meta property=\"article:modified_time\" content=\"2025-01-14T06:42:03+00:00\" \/>\n<meta name=\"twitter:card\" content=\"summary_large_image\" \/>\n<meta name=\"twitter:label1\" content=\"Gesch\u00e4tzte Lesezeit\" \/>\n\t<meta name=\"twitter:data1\" content=\"3\u00a0Minuten\" \/>\n<!-- \/ Yoast SEO plugin. -->","yoast_head_json":{"title":"Audio Player \u2013 Musik-Player-Code zur HTML-Website (schnell und kostenlos)","description":"F\u00fcgen Sie Ihrer HTML-Webseite einen flexiblen Audio-Player-Code hinzu. Nutzen Sie die \u00fcbersichtliche Demo und erstellen Sie in nur wenigen Minuten Ihr einzigartiges Musik-Widget.","robots":{"index":"index","follow":"follow","max-snippet":"max-snippet:-1","max-image-preview":"max-image-preview:large","max-video-preview":"max-video-preview:-1"},"canonical":"https:\/\/elfsight.com\/de\/audio-player-widget\/html\/","og_locale":"de_DE","og_type":"article","og_title":"Audio Player \u2013 Musik-Player-Code zur HTML-Website (schnell und kostenlos)","og_description":"F\u00fcgen Sie Ihrer HTML-Webseite einen flexiblen Audio-Player-Code hinzu. Nutzen Sie die \u00fcbersichtliche Demo und erstellen Sie in nur wenigen Minuten Ihr einzigartiges Musik-Widget.","og_url":"https:\/\/elfsight.com\/de\/audio-player-widget\/html\/","og_site_name":"Elfsight DE","article_modified_time":"2025-01-14T06:42:03+00:00","twitter_card":"summary_large_image","twitter_misc":{"Gesch\u00e4tzte Lesezeit":"3\u00a0Minuten"},"schema":{"@context":"https:\/\/schema.org","@graph":[{"@type":"WebPage","@id":"https:\/\/elfsight.com\/de\/audio-player-widget\/html\/","url":"https:\/\/elfsight.com\/de\/audio-player-widget\/html\/","name":"Audio Player \u2013 Musik-Player-Code zur HTML-Website (schnell und kostenlos)","isPartOf":{"@id":"https:\/\/elfsight.com\/de\/#website"},"datePublished":"2024-05-03T06:28:38+00:00","dateModified":"2025-01-14T06:42:03+00:00","description":"F\u00fcgen Sie Ihrer HTML-Webseite einen flexiblen Audio-Player-Code hinzu. Nutzen Sie die \u00fcbersichtliche Demo und erstellen Sie in nur wenigen Minuten Ihr einzigartiges Musik-Widget.","breadcrumb":{"@id":"https:\/\/elfsight.com\/de\/audio-player-widget\/html\/#breadcrumb"},"inLanguage":"de","potentialAction":[{"@type":"ReadAction","target":["https:\/\/elfsight.com\/de\/audio-player-widget\/html\/"]}]},{"@type":"BreadcrumbList","@id":"https:\/\/elfsight.com\/de\/audio-player-widget\/html\/#breadcrumb","itemListElement":[{"@type":"ListItem","position":1,"name":"Home","item":"https:\/\/elfsight.com\/de\/"},{"@type":"ListItem","position":2,"name":"Audio Player","item":"https:\/\/elfsight.com\/de\/audio-player-widget\/"},{"@type":"ListItem","position":3,"name":"Audio Player &#8211; HTML"}]},{"@type":"WebSite","@id":"https:\/\/elfsight.com\/de\/#website","url":"https:\/\/elfsight.com\/de\/","name":"Elfsight DE","description":"Just another Elfsight Sites site","potentialAction":[{"@type":"SearchAction","target":{"@type":"EntryPoint","urlTemplate":"https:\/\/elfsight.com\/de\/?s={search_term_string}"},"query-input":{"@type":"PropertyValueSpecification","valueRequired":true,"valueName":"search_term_string"}}],"inLanguage":"de"}]}},"meta_box":{"industry":"","seo_heading":"","heading":"","description":"","cta_heading":"","cta_description":"","application":"505","h1":"HTML-Audio-Player-Widget","h1_caption":"F\u00fcgen Sie Audiotracks m\u00fchelos direkt auf Ihrer Website hinzu und pr\u00e4sentieren Sie sie mit einem eleganten, anpassbaren Player in Ihrer HTML-Website.","application_category":[],"applications_title":"","applications_request_title":"","applications_request_button_text":"","hero_text":"","hero_video":"","hero_video_schema_markup":"","selling_points_title":"","selling_points_caption":"","selling_points":[],"selling_points_cta_text":"","features_title":"","features":"","ed_cta_examples_text":"","ed_cta_examples_hidden":"","ed_cta_demo_text":"","ed_cta_demo_hidden":"","why_caption":"","why_editor_title":"","why_editor_text":"","why_team_title":"","why_team_text":"","why_service_title":"","why_service_text":"","template_catalog_visible":"0","template_catalog_title":"","template_catalog_text":"","template_catalog_categories_visible":"","demo_title":"Erstellen Sie Ihr Audio-Player-Widget","demo_caption":"Konfigurieren Sie Ihren Audioplayer und f\u00fcgen Sie ihn kostenlos zu Ihrer HTML-Website hinzu!","default_faq_hidden":"","app_template_category":[],"platform":"260","template_public_id":"","codecanyon_url":"","codecanyon_item_id":"","codecanyon_price":"","pricing_caption":"","pricing_elfsight_apps_hide_column":"","pricing_elfsight_apps_url":"","pricing_codecanyon_price_caption":"","integration_category":[],"integration_request_title":"","integration_request_cta":"","integration_platform":"","integrations":[],"platform_category":[],"video_schema_markup":"","price":"ab 0 $ \/ Monat","trial":"","benefits":[{"text":"Kostenlose Installationshilfe"},{"text":"Kompetenter Kundenservice"},{"text":"14-t\u00e4gige R\u00fcckerstattungsgarantie"},{"text":"Lebenslange Verbesserungen"}],"button_url":"#demo","button_target_blank":"0","button_nofollow":"0","attributes":[{"name":"Installiert","content":"100,000 - 500,000"},{"name":"Reaktionsfreudig","content":"Ja"},{"name":"Kompatible Browser","content":"Firefox, Safari, Opera, Chrome, Edge"}],"tags":[],"tags_disable_links":"0","hide_more_platforms":"","video_object":"","demo_hide_cta":"0","demo_hide_cloud_options":"0","pricing_title":"","pricing":[{"pricing_icon":"platform","pricing_title":"Elfsight Apps","pricing_title_caption":"Multiplattform-Software","pricing_price":"ab 0 $ \/ Monat","pricing_price_caption":"Beginnen Sie mit einem kostenlosen Plan","pricing_benefits":[{"text":"Unbegrenzte Websites"},{"text":"Kundensupport rund um die Uhr"},{"text":"Kostenloser Installationsservice"},{"text":"Zeitlich begrenztes Angebot f\u00fcr mehrere Apps"}],"pricing_button_text":"Zur Website hinzuf\u00fcgen","pricing_button_url":"#demo"}],"related_apps_title":"","related_apps_hidden":"0","author":"","image":[],"title":"","job":"","social_networks":[]},"_links":{"self":[{"href":"https:\/\/elfsight.com\/de\/wp-json\/wp\/v2\/pages\/16810","targetHints":{"allow":["GET"]}}],"collection":[{"href":"https:\/\/elfsight.com\/de\/wp-json\/wp\/v2\/pages"}],"about":[{"href":"https:\/\/elfsight.com\/de\/wp-json\/wp\/v2\/types\/page"}],"author":[{"embeddable":true,"href":"https:\/\/elfsight.com\/de\/wp-json\/wp\/v2\/users\/9"}],"replies":[{"embeddable":true,"href":"https:\/\/elfsight.com\/de\/wp-json\/wp\/v2\/comments?post=16810"}],"version-history":[{"count":3,"href":"https:\/\/elfsight.com\/de\/wp-json\/wp\/v2\/pages\/16810\/revisions"}],"predecessor-version":[{"id":23564,"href":"https:\/\/elfsight.com\/de\/wp-json\/wp\/v2\/pages\/16810\/revisions\/23564"}],"up":[{"embeddable":true,"href":"https:\/\/elfsight.com\/de\/wp-json\/wp\/v2\/pages\/1315"}],"wp:attachment":[{"href":"https:\/\/elfsight.com\/de\/wp-json\/wp\/v2\/media?parent=16810"}],"curies":[{"name":"wp","href":"https:\/\/api.w.org\/{rel}","templated":true}]}}