{"id":16807,"date":"2024-05-03T06:28:35","date_gmt":"2024-05-03T06:28:35","guid":{"rendered":"https:\/\/elfsight.com\/de\/?page_id=16807"},"modified":"2025-01-14T06:48:58","modified_gmt":"2025-01-14T06:48:58","slug":"shopify","status":"publish","type":"page","link":"https:\/\/elfsight.com\/de\/audio-player-widget\/shopify\/","title":{"rendered":"Audio Player &#8211; Shopify"},"content":{"rendered":"\n<div class=\"application-platform-content-item-description application-platform-content-item\" id=\"description\" data-nav-section=\"description\"> <h2>Audio Player in Shopify mit dem Elfsight-Widget einbetten<\/h2> <p>Elfsight Audio Player ist ein unkompliziertes Widget f\u00fcr Shopify-Websites, mit dem Sie um Audiotracks auf Ihrer Website zu streamen. Das Tool ist \u00e4u\u00dferst anpassbar: Sie k\u00f6nnen seine Position \u00e4ndern, es an einer beliebigen Stelle auf der Seite platzieren, seine Gr\u00f6\u00dfe \u00e4ndern, den Hintergrund und alle anderen Teile neu zeichnen, um es mit dem Layout Ihrer Website zu kombinieren, ein dunkles Thema verwenden, Bilder anzeigen und vier weitere anzeigen oder ausblenden Spielerteile wie Fortschrittsbalken, Titel und andere. Sie k\u00f6nnen so viele Titel hochladen, wie Sie m\u00f6chten, um Ihre Benutzer zu unterhalten, schalten Sie die automatische Wiedergabe ein und haben Sie keinen Zweifel \u2013 Ihre Besucher werden Ihre Website nicht so schnell verlassen!<\/p> <p><b>Mit der Elfsight Music App Erleben Sie eine aktive Gesch\u00e4ftsentwicklung und steigern Sie den Umsatz.<\/b><\/p> <div class=\"faq\" data-component=\"FAQ\"> <div class=\"faq-item\">\r\n\t\t\t\t\t<div class=\"faq-item-question\">\r\n\t\t\t\t\t\t<h3 class=\"faq-item-question-text\">Welche anderen Tools f\u00fcr Shopify k\u00f6nnen meiner Website hinzugef\u00fcgt werden?<\/h3>\r\n\r\n\t\t\t\t\t\t<div class=\"faq-item-question-icon\"><\/div>\r\n\t\t\t\t\t<\/div>\r\n\r\n\t\t\t\t\t<div class=\"faq-item-answer\">\r\n\t\t\t\t\t\t<div class=\"faq-item-answer-text\"> <p>Sie k\u00f6nnen eine Vielzahl von Widgets ausprobieren f\u00fcr beliebige Zwecke auf Ihrer Website, unabh\u00e4ngig von Ihrem Gesch\u00e4ftszweig. Wenn Sie beispielsweise ein E-Commerce-Unternehmen betreiben, k\u00f6nnen Sie gerne unsere <a href=\"https:\/\/elfsight.com\/google-reviews-widget\/shopify\/\">Google-Bewertungen<\/a> oder <a href=\"https:\/\/elfsight.com\/logo-showcase-widget\/shopify\/\">Logo-Showcase<\/a>. Sie k\u00f6nnen Ihre Shopify-Site auch mit dem <a href=\"https:\/\/elfsight.com\/slider-widget\/shopify\/\">Slider-Widget<\/a>, <a href=\"https:\/\/elfsight.com\/instagram-feed-instashow\/shopify\/\">Instagram-Feed<\/a> und <a href=\"https:\/\/elfsight.com\/pdf-embed-widget\/shopify\/\">PDF-Einbettung<\/a>.<\/p> <\/div>\r\n\t\t\t\t\t<\/div>\r\n\t\t\t\t<\/div> <div class=\"faq-item\">\r\n\t\t\t\t\t<div class=\"faq-item-question\">\r\n\t\t\t\t\t\t<h3 class=\"faq-item-question-text\">Wie f\u00fcge ich die Shopify Music Player-App zu meiner Website hinzu? <\/h3>\r\n\r\n\t\t\t\t\t\t<div class=\"faq-item-question-icon\"><\/div>\r\n\t\t\t\t\t<\/div>\r\n\r\n\t\t\t\t\t<div class=\"faq-item-answer\">\r\n\t\t\t\t\t\t<div class=\"faq-item-answer-text\"> <p>Sie k\u00f6nnen die Music Player-App ganz einfach in Ihre Shopify-Site einbetten. \u00d6ffnen Sie einfach das Administrator-Board und befolgen Sie diese Schritte: <\/p><ol><li>W\u00e4hlen Sie die Designeinstellungen aus. <\/li><li>W\u00e4hlen Sie den Block aus, in den Sie den Musik-Player integrieren m\u00f6chten. <\/li><li>F\u00fcgen Sie den Code von Elfsight Apps zu Ihrer Shopify-Site hinzu und speichern Sie die \u00c4nderungen. <\/li><li>So einfach ist das. <\/li><\/ol><p>Au\u00dferdem k\u00f6nnen Sie sich die detailliertere Installationsanleitung auf <a href=\"https:\/\/elfsight.com\/tutorials\/how-to-embed-audio-player-on-any-website\/\">dieser Seite<\/a>. Und lassen Sie uns wissen, wenn etwas schief geht.<\/p><\/div>\r\n\t\t\t\t\t<\/div>\r\n\t\t\t\t<\/div> <div class=\"faq-item\">\r\n\t\t\t\t\t<div class=\"faq-item-question\">\r\n\t\t\t\t\t\t<h3 class=\"faq-item-question-text\">Wie kann ich Ihre Shopify Music Player-App in der Hand testen?<\/h3>\r\n\r\n\t\t\t\t\t\t<div class=\"faq-item-question-icon\"><\/div>\r\n\t\t\t\t\t<\/div>\r\n\r\n\t\t\t\t\t<div class=\"faq-item-answer\">\r\n\t\t\t\t\t\t<div class=\"faq-item-answer-text\"> <p>Nutzen Sie einfach unsere kostenlose Demo, die Sie beobachten und testen k\u00f6nnen <a href=\"https:\/\/elfsight.com\/audio-player-widget\/#demo\">genau hier<\/a>. Au\u00dferdem k\u00f6nnen Sie die Demo verwenden, um den Musik-Player zu Ihrer Shopify-Site hinzuzuf\u00fcgen! <\/p><\/div>\r\n\t\t\t\t\t<\/div>\r\n\t\t\t\t<\/div> <\/div><\/div> <div class=\"application-platform-content-item-features application-platform-content-item\" id=\"features\" data-nav-section=\"features\"> <h2>Dies sind nur einige der zahlreichen Widget-Funktionen:<\/h2> <ul><li>Unbegrenzte Farb\u00e4nderungen <\/li> <li>Dunkel\/Hell-Farbschema<\/li> <li>Responsives Design<\/li> <li>Zwei einsatzbereite Layouts<\/li> <li>Eine M\u00f6glichkeit, ein Hintergrundbild zu verwenden<\/li> <\/ul><p><a href=\"#demo\">Untersuchen Sie alle Einstellungen in einer voll funktionsf\u00e4higen Demo<\/a><\/p> <\/div><div class=\"application-platform-content-item-installation application-platform-content-item\" id=\"installation\" data-nav-section=\"installation\"> <h2>So f\u00fcgen Sie hinzu Musik-Player zu meiner Shopify-Website?<\/h2> <div class=\"video-container\"><iframe width=\"560\" height=\"315\" src=\"https:\/\/www.youtube.com\/embed\/URs1MB-Benw?si=pbpE4Gk-aboioNYR\" frameborder=\"0\" allow=\"accelerometer; autoplay; clipboard-write; encrypted-media; gyroscope; picture-in-picture; web-share\" allowfullscreen><\/iframe><\/div><p>Befolgen Sie einfach die unten aufgef\u00fchrten Schritte, um die Audio-App zu aktivieren.<\/p> <ol><li><b> Verwalten Sie unsere kostenlose Demo und beginnen Sie mit der Entwicklung Ihrer einzigartigen App. <\/b><br> Finden Sie die benutzerdefinierte Form und die funktionalen Merkmale der App und wenden Sie alle Korrekturen an. <\/li> <li><b>Holen Sie sich den einzigartigen Code, der in der Box von Elfsight Apps angezeigt wird. <\/b><br> Gleich nachdem die Anpassung Ihrer pers\u00f6nlichen App abgeschlossen ist, kopieren Sie Ihren Code aus dem erscheinenden Popup und speichern Sie ihn zur sp\u00e4teren Verwendung. <\/li> <li><b>Geben Sie an, die App auf Ihrer Shopify-Website zu verwenden. <\/b><br> Integrieren Sie den zuletzt gespeicherten Code in Ihre Seite und speichern Sie die Korrekturen. <\/li> <li><b>Du bist fertig! Die Einbettung wurde erfolgreich durchgef\u00fchrt. <\/b><br> Besuchen Sie Ihre Website, um zu sehen, wie die App funktioniert. <\/li><\/ol><p>Wenn Sie Fragen haben oder auf Schwierigkeiten sto\u00dfen, z\u00f6gern Sie nicht, sich an unser Kundendienstpersonal zu wenden. Unsere Berater helfen Ihnen gerne bei allen Fragen, die Sie zum Tool haben.<\/p> <\/div>\n","protected":false},"excerpt":{"rendered":"","protected":false},"author":9,"featured_media":0,"parent":1315,"menu_order":0,"comment_status":"closed","ping_status":"closed","template":"templates\/template-application-platform.php","meta":{"publish_to_discourse":"","publish_post_category":"","wpdc_auto_publish_overridden":"","wpdc_topic_tags":"","wpdc_pin_topic":"","wpdc_pin_until":"","discourse_post_id":"","discourse_permalink":"","wpdc_publishing_response":"","wpdc_publishing_error":"","footnotes":""},"class_list":["post-16807","page","type-page","status-publish","hentry"],"yoast_head":"<!-- This site is optimized with the Yoast SEO plugin v25.3.1 - https:\/\/yoast.com\/wordpress\/plugins\/seo\/ -->\n<title>Audio-Player \u2013 Musik-Player-App zur Shopify-Website hinzuf\u00fcgen (schnell und kostenlos)<\/title>\n<meta name=\"description\" content=\"Implementieren Sie ein adaptives Audio-Player-Tool in Ihre Shopify-Website. Nutzen Sie die \u00fcbersichtliche Demo und erstellen Sie in nur 2 Minuten Ihr eigenes Widget.\" \/>\n<meta name=\"robots\" content=\"index, follow, max-snippet:-1, max-image-preview:large, max-video-preview:-1\" \/>\n<link rel=\"canonical\" href=\"https:\/\/elfsight.com\/de\/audio-player-widget\/shopify\/\" \/>\n<meta property=\"og:locale\" content=\"de_DE\" \/>\n<meta property=\"og:type\" content=\"article\" \/>\n<meta property=\"og:title\" content=\"Audio-Player \u2013 Musik-Player-App zur Shopify-Website hinzuf\u00fcgen (schnell und kostenlos)\" \/>\n<meta property=\"og:description\" content=\"Implementieren Sie ein adaptives Audio-Player-Tool in Ihre Shopify-Website. Nutzen Sie die \u00fcbersichtliche Demo und erstellen Sie in nur 2 Minuten Ihr eigenes Widget.\" \/>\n<meta property=\"og:url\" content=\"https:\/\/elfsight.com\/de\/audio-player-widget\/shopify\/\" \/>\n<meta property=\"og:site_name\" content=\"Elfsight DE\" \/>\n<meta property=\"article:modified_time\" content=\"2025-01-14T06:48:58+00:00\" \/>\n<meta name=\"twitter:card\" content=\"summary_large_image\" \/>\n<meta name=\"twitter:label1\" content=\"Gesch\u00e4tzte Lesezeit\" \/>\n\t<meta name=\"twitter:data1\" content=\"3\u00a0Minuten\" \/>\n<!-- \/ Yoast SEO plugin. -->","yoast_head_json":{"title":"Audio-Player \u2013 Musik-Player-App zur Shopify-Website hinzuf\u00fcgen (schnell und kostenlos)","description":"Implementieren Sie ein adaptives Audio-Player-Tool in Ihre Shopify-Website. Nutzen Sie die \u00fcbersichtliche Demo und erstellen Sie in nur 2 Minuten Ihr eigenes Widget.","robots":{"index":"index","follow":"follow","max-snippet":"max-snippet:-1","max-image-preview":"max-image-preview:large","max-video-preview":"max-video-preview:-1"},"canonical":"https:\/\/elfsight.com\/de\/audio-player-widget\/shopify\/","og_locale":"de_DE","og_type":"article","og_title":"Audio-Player \u2013 Musik-Player-App zur Shopify-Website hinzuf\u00fcgen (schnell und kostenlos)","og_description":"Implementieren Sie ein adaptives Audio-Player-Tool in Ihre Shopify-Website. Nutzen Sie die \u00fcbersichtliche Demo und erstellen Sie in nur 2 Minuten Ihr eigenes Widget.","og_url":"https:\/\/elfsight.com\/de\/audio-player-widget\/shopify\/","og_site_name":"Elfsight DE","article_modified_time":"2025-01-14T06:48:58+00:00","twitter_card":"summary_large_image","twitter_misc":{"Gesch\u00e4tzte Lesezeit":"3\u00a0Minuten"},"schema":{"@context":"https:\/\/schema.org","@graph":[{"@type":"WebPage","@id":"https:\/\/elfsight.com\/de\/audio-player-widget\/shopify\/","url":"https:\/\/elfsight.com\/de\/audio-player-widget\/shopify\/","name":"Audio-Player \u2013 Musik-Player-App zur Shopify-Website hinzuf\u00fcgen (schnell und kostenlos)","isPartOf":{"@id":"https:\/\/elfsight.com\/de\/#website"},"datePublished":"2024-05-03T06:28:35+00:00","dateModified":"2025-01-14T06:48:58+00:00","description":"Implementieren Sie ein adaptives Audio-Player-Tool in Ihre Shopify-Website. Nutzen Sie die \u00fcbersichtliche Demo und erstellen Sie in nur 2 Minuten Ihr eigenes Widget.","breadcrumb":{"@id":"https:\/\/elfsight.com\/de\/audio-player-widget\/shopify\/#breadcrumb"},"inLanguage":"de","potentialAction":[{"@type":"ReadAction","target":["https:\/\/elfsight.com\/de\/audio-player-widget\/shopify\/"]}]},{"@type":"BreadcrumbList","@id":"https:\/\/elfsight.com\/de\/audio-player-widget\/shopify\/#breadcrumb","itemListElement":[{"@type":"ListItem","position":1,"name":"Home","item":"https:\/\/elfsight.com\/de\/"},{"@type":"ListItem","position":2,"name":"Audio Player","item":"https:\/\/elfsight.com\/de\/audio-player-widget\/"},{"@type":"ListItem","position":3,"name":"Audio Player &#8211; Shopify"}]},{"@type":"WebSite","@id":"https:\/\/elfsight.com\/de\/#website","url":"https:\/\/elfsight.com\/de\/","name":"Elfsight DE","description":"Just another Elfsight Sites site","potentialAction":[{"@type":"SearchAction","target":{"@type":"EntryPoint","urlTemplate":"https:\/\/elfsight.com\/de\/?s={search_term_string}"},"query-input":{"@type":"PropertyValueSpecification","valueRequired":true,"valueName":"search_term_string"}}],"inLanguage":"de"}]}},"meta_box":{"industry":"","seo_heading":"","heading":"","description":"","cta_heading":"","cta_description":"","application":"505","h1":"Shopify Audio Player-App","h1_caption":"F\u00fcgen Sie Audiotitel m\u00fchelos direkt auf Ihrer Website hinzu und pr\u00e4sentieren Sie sie mit einem eleganten, anpassbaren Player auf Ihrer Shopify-Website.","application_category":[],"applications_title":"","applications_request_title":"","applications_request_button_text":"","hero_text":"","hero_video":"","hero_video_schema_markup":"","selling_points_title":"","selling_points_caption":"","selling_points":[],"selling_points_cta_text":"","features_title":"","features":"","ed_cta_examples_text":"","ed_cta_examples_hidden":"","ed_cta_demo_text":"","ed_cta_demo_hidden":"","why_caption":"","why_editor_title":"","why_editor_text":"","why_team_title":"","why_team_text":"","why_service_title":"","why_service_text":"","template_catalog_visible":"0","template_catalog_title":"","template_catalog_text":"","template_catalog_categories_visible":"","demo_title":"Erstellen Sie Ihre Audio-Player-App","demo_caption":"Konfigurieren Sie Ihren Audio-Player und f\u00fcgen Sie ihn kostenlos zu Ihrer Shopify-Website hinzu!","default_faq_hidden":"","app_template_category":[],"platform":"253","template_public_id":"","codecanyon_url":"","codecanyon_item_id":"","codecanyon_price":"","pricing_caption":"","pricing_elfsight_apps_hide_column":"","pricing_elfsight_apps_url":"","pricing_codecanyon_price_caption":"","integration_category":[],"integration_request_title":"","integration_request_cta":"","integration_platform":"","integrations":[],"platform_category":[],"video_schema_markup":"","price":"ab 0 $ \/ Monat","trial":"","benefits":[{"text":"Kostenloser Installationsservice"},{"text":"Premium-Support"},{"text":"14-t\u00e4gige Geld-zur\u00fcck-Garantie"},{"text":"Kontinuierliche kostenlose Updates"}],"button_url":"#demo","button_target_blank":"0","button_nofollow":"0","attributes":[{"name":"Installiert","content":"100,000 - 500,000"},{"name":"Reaktionsfreudig","content":"Ja"},{"name":"Kompatible Browser","content":"Firefox, Safari, Opera, Chrome, Edge"}],"tags":[],"tags_disable_links":"0","hide_more_platforms":"","video_object":"","demo_hide_cta":"0","demo_hide_cloud_options":"0","pricing_title":"","pricing":[{"pricing_icon":"platform","pricing_title":"Elfsight Apps","pricing_title_caption":"Plattform\u00fcbergreifende Version, die auf jeder Site funktioniert","pricing_price":"ab 0 $ \/ Monat","pricing_price_caption":"Beginnen Sie mit einem kostenlosen Plan","pricing_benefits":[{"text":"Unbegrenzte Websites"},{"text":"Premium-Support"},{"text":"Kostenloser Installationsservice"},{"text":"Sonderangebot f\u00fcr mehrere Apps"}],"pricing_button_text":"Zur Website hinzuf\u00fcgen","pricing_button_url":"#demo"}],"related_apps_title":"","related_apps_hidden":"0","author":"","image":[],"title":"","job":"","social_networks":[]},"_links":{"self":[{"href":"https:\/\/elfsight.com\/de\/wp-json\/wp\/v2\/pages\/16807","targetHints":{"allow":["GET"]}}],"collection":[{"href":"https:\/\/elfsight.com\/de\/wp-json\/wp\/v2\/pages"}],"about":[{"href":"https:\/\/elfsight.com\/de\/wp-json\/wp\/v2\/types\/page"}],"author":[{"embeddable":true,"href":"https:\/\/elfsight.com\/de\/wp-json\/wp\/v2\/users\/9"}],"replies":[{"embeddable":true,"href":"https:\/\/elfsight.com\/de\/wp-json\/wp\/v2\/comments?post=16807"}],"version-history":[{"count":5,"href":"https:\/\/elfsight.com\/de\/wp-json\/wp\/v2\/pages\/16807\/revisions"}],"predecessor-version":[{"id":23565,"href":"https:\/\/elfsight.com\/de\/wp-json\/wp\/v2\/pages\/16807\/revisions\/23565"}],"up":[{"embeddable":true,"href":"https:\/\/elfsight.com\/de\/wp-json\/wp\/v2\/pages\/1315"}],"wp:attachment":[{"href":"https:\/\/elfsight.com\/de\/wp-json\/wp\/v2\/media?parent=16807"}],"curies":[{"name":"wp","href":"https:\/\/api.w.org\/{rel}","templated":true}]}}