{"id":16802,"date":"2024-05-03T06:28:34","date_gmt":"2024-05-03T06:28:34","guid":{"rendered":"https:\/\/elfsight.com\/de\/?page_id=16802"},"modified":"2025-01-14T06:51:16","modified_gmt":"2025-01-14T06:51:16","slug":"squarespace","status":"publish","type":"page","link":"https:\/\/elfsight.com\/de\/audio-player-widget\/squarespace\/","title":{"rendered":"Audio Player &#8211; Squarespace"},"content":{"rendered":"\n<div class=\"application-platform-content-item-description application-platform-content-item\" id=\"description\" data-nav-section=\"description\"> \n<h2>Audio Player mit dem Elfsight-Widget in Squarespace einbetten<\/h2> \n<p>Elfsight Audio Player ist ein benutzerdefiniertes Plugin f\u00fcr Squarespace-Websites, mit dem Sie dies tun k\u00f6nnen Wiedergabe von Audiotiteln auf Ihrer Website. Das Tool ist vollst\u00e4ndig anpassbar: Sie k\u00f6nnen seine Position \u00e4ndern, es an einer beliebigen Stelle auf der Seite platzieren, seine Gr\u00f6\u00dfe \u00e4ndern, den Hintergrund und alle anderen Elemente \u00fcberarbeiten, um es mit dem Stil Ihrer Website zu mischen, ein dunkles Design anwenden, Cover anzeigen und ein- oder ausblenden 4 zus\u00e4tzliche Spielerteile, zum Beispiel Fortschrittsbalken, Titel und andere. Sie k\u00f6nnen so viele Titel hochladen, wie Sie m\u00f6chten, um Ihre Benutzer zu begeistern, schalten Sie die Autoplay-Option ein und stellen Sie sicher, dass Ihre Besucher Ihre Homepage nicht so schnell verlassen!<\/p> \n<p><b>Machen Sie Ihre Website erfolgreicher f\u00fcr gesch\u00e4ftliche Aufgaben mit Hilfe des Elfsight Music-Plugins<\/b><\/p> \n<div class=\"faq\" data-component=\"FAQ\"> \n<div class=\"faq-item\">\r\n\t\t\t\t\t<div class=\"faq-item-question\">\r\n\t\t\t\t\t\t<h3 class=\"faq-item-question-text\">Welche anderen Widgets f\u00fcr Squarespace haben Sie?<\/h3>\r\n\r\n\t\t\t\t\t\t<div class=\"faq-item-question-icon\"><\/div>\r\n\t\t\t\t\t<\/div>\r\n\r\n\t\t\t\t\t<div class=\"faq-item-answer\">\r\n\t\t\t\t\t\t<div class=\"faq-item-answer-text\"> <p>Sie k\u00f6nnen gerne zahlreiche Apps f\u00fcr alle verwenden Zweck auf Ihrer Website, unabh\u00e4ngig von Ihrem Unternehmen. Besitzer von E-Commerce-Websites k\u00f6nnen beispielsweise gerne unsere <a href=\"https:\/\/elfsight.com\/de\/google-reviews-widget\/squarespace\/\" target=\"_blank\" rel=\"noopener\">Google-Bewertungen<\/a>, <a href=\"https:\/\/elfsight.com\/de\/countdown-timer-widget\/squarespace\/\" target=\"_blank\" rel=\"noopener\">Countdown-Timer<\/a> und <a href=\"https:\/\/elfsight.com\/de\/qr-code-widget\/squarespace\/\" target=\"_blank\" rel=\"noopener\">QR-Code<\/a> f\u00fcr mehrere Aufgaben. Und es gibt auch <a href=\"https:\/\/elfsight.com\/de\/whatsapp-chat-widget\/squarespace\/\" target=\"_blank\" rel=\"noopener\">WhatsApp Chat<\/a> und <a href=\"https:\/\/elfsight.com\/de\/event-calendar-widget\/squarespace\/\" target=\"_blank\" rel=\"noopener\">Veranstaltungskalender<\/a>.<\/p> <\/div>\r\n\t\t\t\t\t<\/div>\r\n\t\t\t\t<\/div> \n\n<div class=\"faq-item\">\r\n\t\t\t\t\t<div class=\"faq-item-question\">\r\n\t\t\t\t\t\t<h3 class=\"faq-item-question-text\">Wie bette ich das Music Player Plugin in meine Squarespace-Website ein?<\/h3>\r\n\r\n\t\t\t\t\t\t<div class=\"faq-item-question-icon\"><\/div>\r\n\t\t\t\t\t<\/div>\r\n\r\n\t\t\t\t\t<div class=\"faq-item-answer\">\r\n\t\t\t\t\t\t<div class=\"faq-item-answer-text\"> <p>Sie k\u00f6nnen das hinzuf\u00fcgen Laden Sie das Music Player Plugin auf Ihrer Squarespace-Website herunter, indem Sie einfach zum Admin-Board gehen und die folgenden Aktionen ausf\u00fchren: <\/p><ol><li>W\u00e4hlen Sie die Designeinstellungen aus. <\/li><li>W\u00e4hlen Sie das Element aus, in das Sie das Squarespace-Plugin integrieren m\u00f6chten. <\/li><li>F\u00fcgen Sie Ihren Code aus Elfsight Apps ein und speichern Sie Ihre \u00c4nderungen. <\/li><li>So einfach ist das. <\/li><\/ol><p>Und vergessen Sie nicht, unsere ausf\u00fchrliche Installationsanleitung zu lesen <a href=\"https:\/\/elfsight.com\/tutorials\/how-to-embed-audio-player-on-any-website\/#how-to-add-music-player-to-squarespace\" target=\"_blank\" rel=\"noopener\">hier<\/a>.<\/p><\/div>\r\n\t\t\t\t\t<\/div>\r\n\t\t\t\t<\/div> \n<div class=\"faq-item\">\r\n\t\t\t\t\t<div class=\"faq-item-question\">\r\n\t\t\t\t\t\t<h3 class=\"faq-item-question-text\">Kann ich Ihr Squarespace Music Player-Plugin in der Hand sehen?<\/h3>\r\n\r\n\t\t\t\t\t\t<div class=\"faq-item-question-icon\"><\/div>\r\n\t\t\t\t\t<\/div>\r\n\r\n\t\t\t\t\t<div class=\"faq-item-answer\">\r\n\t\t\t\t\t\t<div class=\"faq-item-answer-text\"> <p>Ja, und es ist wirklich einfach, da Ihnen eine Live-<a href=\"https:\/\/elfsight.com\/de\/audio-player-widget\/#demo\">Demo<\/a> zur Verf\u00fcgung steht! Denken Sie daran, dass Sie damit auch den Musik-Player zu Ihrer Squarespace-Website hinzuf\u00fcgen k\u00f6nnen!<\/p><\/div>\r\n\t\t\t\t\t<\/div>\r\n\t\t\t\t<\/div> \n<\/div>\n<\/div> <div class=\"application-platform-content-item-features application-platform-content-item\" id=\"features\" data-nav-section=\"features\"> \n<h2>Das Widget enth\u00e4lt praktische Funktionen und schnelle Funktionen, sehen Sie sich einige davon an:<\/h2> \n<ul><li>Zahlreiche Farbvarianten<\/li> <li>Dunkel\/Hell-Farbschema<\/li> <li>Responsives Design<\/li> <li> Zwei einsatzbereite Layouts<\/li> <li>Eine M\u00f6glichkeit, ein Hintergrundbild hinzuzuf\u00fcgen<\/li> <\/ul><p><a href=\"#demo\">Entdecken Sie alle Personalisierungsfunktionen in einer 100% funktionsf\u00e4higen Demo<\/a><\/p> <\/div> \n<div class=\"application-platform-content-item-installation application-platform-content-item\" id=\"installation\" data-nav-section=\"installation\"> <h2>Wie bette ich einen benutzerdefinierten Musik-Player auf meiner Squarespace-Website ein?<\/h2><div class=\"video-container\"><iframe width=\"560\" height=\"315\" src=\"https:\/\/www.youtube.com\/embed\/jGJ5GCRqc9U?si=rFxxTGdvh_gk51qA\" frameborder=\"0\" allow=\"accelerometer; autoplay; clipboard-write; encrypted-media; gyroscope; picture-in-picture; web-share\" allowfullscreen><\/iframe><\/div><p>Folgen Sie einfach den Anweisungen unten zum Hinzuf\u00fcgen des Audio-Pugins.<\/p> <ol><li><b>Wenden Sie unsere kostenlose Demo an und beginnen Sie mit der Erstellung Ihres einzigartigen Plugins.<\/b><br> Bestimmen Sie das bevorzugte Design und die funktionalen Merkmale des Widgets und Wenden Sie die Korrekturen an.<\/li> <li><b>Sie erhalten Ihren einzigartigen Code, der in der speziellen Form auf Elfsight Apps erscheint.<\/b><br> Sobald die Anpassung Ihres pers\u00f6nlichen Tools abgeschlossen ist, kopieren Sie den exklusiven Code aus dem angezeigten Popup und bewahren Sie es f\u00fcr zuk\u00fcnftige Gelegenheiten auf.<\/li> <li><b>Erste Schritte mit der Verwendung des Audio-Players auf Squarespace.<\/b><br> F\u00fcgen Sie den k\u00fcrzlich auf Ihrer Webseite gespeicherten Code hinzu und wenden Sie ihn an Anpassungen.<\/li> <li><b>Fertig! Die Einbettung ist vollst\u00e4ndig abgeschlossen.<\/b><br> Besuchen Sie Ihre Website, um zu sehen, wie das Widget funktioniert.<\/li> <\/ol> <p>Wenn Sie Fragen haben oder auf Probleme sto\u00dfen, wenden Sie sich bitte an unseren Kundendienst. Unsere Berater beantworten gerne alle Fragen, die Sie zum Plugin haben.<\/p> <\/div>\n","protected":false},"excerpt":{"rendered":"","protected":false},"author":9,"featured_media":0,"parent":1315,"menu_order":0,"comment_status":"closed","ping_status":"closed","template":"templates\/template-application-platform.php","meta":{"publish_to_discourse":"","publish_post_category":"","wpdc_auto_publish_overridden":"","wpdc_topic_tags":"","wpdc_pin_topic":"","wpdc_pin_until":"","discourse_post_id":"","discourse_permalink":"","wpdc_publishing_response":"","wpdc_publishing_error":"","footnotes":""},"class_list":["post-16802","page","type-page","status-publish","hentry"],"yoast_head":"<!-- This site is optimized with the Yoast SEO plugin v25.3.1 - https:\/\/yoast.com\/wordpress\/plugins\/seo\/ -->\n<title>Audio-Player \u2013 Musik-Player zur Squarespace-Website hinzuf\u00fcgen (schnell und kostenlos)<\/title>\n<meta name=\"description\" content=\"F\u00fcgen Sie der Squarespace-Website eine responsive Audio-Player-App hinzu. Wenden Sie die praktische Demo an und erstellen Sie in nur wenigen Minuten Ihr eigenes Musik-Widget.\" \/>\n<meta name=\"robots\" content=\"index, follow, max-snippet:-1, max-image-preview:large, max-video-preview:-1\" \/>\n<link rel=\"canonical\" href=\"https:\/\/elfsight.com\/de\/audio-player-widget\/squarespace\/\" \/>\n<meta property=\"og:locale\" content=\"de_DE\" \/>\n<meta property=\"og:type\" content=\"article\" \/>\n<meta property=\"og:title\" content=\"Audio-Player \u2013 Musik-Player zur Squarespace-Website hinzuf\u00fcgen (schnell und kostenlos)\" \/>\n<meta property=\"og:description\" content=\"F\u00fcgen Sie der Squarespace-Website eine responsive Audio-Player-App hinzu. Wenden Sie die praktische Demo an und erstellen Sie in nur wenigen Minuten Ihr eigenes Musik-Widget.\" \/>\n<meta property=\"og:url\" content=\"https:\/\/elfsight.com\/de\/audio-player-widget\/squarespace\/\" \/>\n<meta property=\"og:site_name\" content=\"Elfsight DE\" \/>\n<meta property=\"article:modified_time\" content=\"2025-01-14T06:51:16+00:00\" \/>\n<meta name=\"twitter:card\" content=\"summary_large_image\" \/>\n<meta name=\"twitter:label1\" content=\"Gesch\u00e4tzte Lesezeit\" \/>\n\t<meta name=\"twitter:data1\" content=\"3\u00a0Minuten\" \/>\n<!-- \/ Yoast SEO plugin. -->","yoast_head_json":{"title":"Audio-Player \u2013 Musik-Player zur Squarespace-Website hinzuf\u00fcgen (schnell und kostenlos)","description":"F\u00fcgen Sie der Squarespace-Website eine responsive Audio-Player-App hinzu. Wenden Sie die praktische Demo an und erstellen Sie in nur wenigen Minuten Ihr eigenes Musik-Widget.","robots":{"index":"index","follow":"follow","max-snippet":"max-snippet:-1","max-image-preview":"max-image-preview:large","max-video-preview":"max-video-preview:-1"},"canonical":"https:\/\/elfsight.com\/de\/audio-player-widget\/squarespace\/","og_locale":"de_DE","og_type":"article","og_title":"Audio-Player \u2013 Musik-Player zur Squarespace-Website hinzuf\u00fcgen (schnell und kostenlos)","og_description":"F\u00fcgen Sie der Squarespace-Website eine responsive Audio-Player-App hinzu. Wenden Sie die praktische Demo an und erstellen Sie in nur wenigen Minuten Ihr eigenes Musik-Widget.","og_url":"https:\/\/elfsight.com\/de\/audio-player-widget\/squarespace\/","og_site_name":"Elfsight DE","article_modified_time":"2025-01-14T06:51:16+00:00","twitter_card":"summary_large_image","twitter_misc":{"Gesch\u00e4tzte Lesezeit":"3\u00a0Minuten"},"schema":{"@context":"https:\/\/schema.org","@graph":[{"@type":"WebPage","@id":"https:\/\/elfsight.com\/de\/audio-player-widget\/squarespace\/","url":"https:\/\/elfsight.com\/de\/audio-player-widget\/squarespace\/","name":"Audio-Player \u2013 Musik-Player zur Squarespace-Website hinzuf\u00fcgen (schnell und kostenlos)","isPartOf":{"@id":"https:\/\/elfsight.com\/de\/#website"},"datePublished":"2024-05-03T06:28:34+00:00","dateModified":"2025-01-14T06:51:16+00:00","description":"F\u00fcgen Sie der Squarespace-Website eine responsive Audio-Player-App hinzu. Wenden Sie die praktische Demo an und erstellen Sie in nur wenigen Minuten Ihr eigenes Musik-Widget.","breadcrumb":{"@id":"https:\/\/elfsight.com\/de\/audio-player-widget\/squarespace\/#breadcrumb"},"inLanguage":"de","potentialAction":[{"@type":"ReadAction","target":["https:\/\/elfsight.com\/de\/audio-player-widget\/squarespace\/"]}]},{"@type":"BreadcrumbList","@id":"https:\/\/elfsight.com\/de\/audio-player-widget\/squarespace\/#breadcrumb","itemListElement":[{"@type":"ListItem","position":1,"name":"Home","item":"https:\/\/elfsight.com\/de\/"},{"@type":"ListItem","position":2,"name":"Audio Player","item":"https:\/\/elfsight.com\/de\/audio-player-widget\/"},{"@type":"ListItem","position":3,"name":"Audio Player &#8211; Squarespace"}]},{"@type":"WebSite","@id":"https:\/\/elfsight.com\/de\/#website","url":"https:\/\/elfsight.com\/de\/","name":"Elfsight DE","description":"Just another Elfsight Sites site","potentialAction":[{"@type":"SearchAction","target":{"@type":"EntryPoint","urlTemplate":"https:\/\/elfsight.com\/de\/?s={search_term_string}"},"query-input":{"@type":"PropertyValueSpecification","valueRequired":true,"valueName":"search_term_string"}}],"inLanguage":"de"}]}},"meta_box":{"industry":"","seo_heading":"","heading":"","description":"","cta_heading":"","cta_description":"","application":"505","h1":"Squarespace Music Player-Plugin","h1_caption":"F\u00fcgen Sie Audiotitel m\u00fchelos direkt auf Ihrer Website hinzu und pr\u00e4sentieren Sie sie mit einem eleganten, anpassbaren Player auf Ihrer Squarespace-Website.","application_category":[],"applications_title":"","applications_request_title":"","applications_request_button_text":"","hero_text":"","hero_video":"","hero_video_schema_markup":"","selling_points_title":"","selling_points_caption":"","selling_points":[],"selling_points_cta_text":"","features_title":"","features":"","ed_cta_examples_text":"","ed_cta_examples_hidden":"","ed_cta_demo_text":"","ed_cta_demo_hidden":"","why_caption":"","why_editor_title":"","why_editor_text":"","why_team_title":"","why_team_text":"","why_service_title":"","why_service_text":"","template_catalog_visible":"0","template_catalog_title":"","template_catalog_text":"","template_catalog_categories_visible":"","demo_title":"Erstellen Sie Ihr Audio-Player-Plugin","demo_caption":"Konfigurieren Sie Ihren Audio-Player und f\u00fcgen Sie ihn kostenlos zu Ihrer Squarespace-Website hinzu!","default_faq_hidden":"","app_template_category":[],"platform":"252","template_public_id":"","codecanyon_url":"","codecanyon_item_id":"","codecanyon_price":"","pricing_caption":"","pricing_elfsight_apps_hide_column":"","pricing_elfsight_apps_url":"","pricing_codecanyon_price_caption":"","integration_category":[],"integration_request_title":"","integration_request_cta":"","integration_platform":"","integrations":[],"platform_category":[],"video_schema_markup":"","price":"ab 0 $ \/ Monat","trial":"","benefits":[{"text":"Kostenloser Installationsservice"},{"text":"Erfahrener Kundensupport"},{"text":"14-t\u00e4gige R\u00fcckerstattungsgarantie"},{"text":"Kontinuierliche kostenlose Updates"}],"button_url":"#demo","button_target_blank":"0","button_nofollow":"0","attributes":[{"name":"Installiert","content":"100,000 - 500,000"},{"name":"Reaktionsfreudig","content":"Ja"},{"name":"Kompatible Browser","content":"Firefox, Safari, Opera, Chrome, Edge"}],"tags":[],"tags_disable_links":"0","hide_more_platforms":"","video_object":"","demo_hide_cta":"0","demo_hide_cloud_options":"0","pricing_title":"","pricing":[{"pricing_icon":"platform","pricing_title":"Elfsight Apps","pricing_title_caption":"Plattformunabh\u00e4ngige L\u00f6sung, die f\u00fcr jede Website geeignet ist","pricing_price":"ab 0 $ \/ Monat","pricing_price_caption":"Beginnen Sie mit einem kostenlosen Plan","pricing_benefits":[{"text":"Unbegrenzte Domains"},{"text":"Schneller und p\u00fcnktlicher Support"},{"text":"Kostenlose Installationsunterst\u00fctzung"},{"text":"Flexibles Design"}],"pricing_button_text":"Zur Website hinzuf\u00fcgen","pricing_button_url":"#demo"}],"related_apps_title":"","related_apps_hidden":"0","author":"","image":[],"title":"","job":"","social_networks":[]},"_links":{"self":[{"href":"https:\/\/elfsight.com\/de\/wp-json\/wp\/v2\/pages\/16802","targetHints":{"allow":["GET"]}}],"collection":[{"href":"https:\/\/elfsight.com\/de\/wp-json\/wp\/v2\/pages"}],"about":[{"href":"https:\/\/elfsight.com\/de\/wp-json\/wp\/v2\/types\/page"}],"author":[{"embeddable":true,"href":"https:\/\/elfsight.com\/de\/wp-json\/wp\/v2\/users\/9"}],"replies":[{"embeddable":true,"href":"https:\/\/elfsight.com\/de\/wp-json\/wp\/v2\/comments?post=16802"}],"version-history":[{"count":5,"href":"https:\/\/elfsight.com\/de\/wp-json\/wp\/v2\/pages\/16802\/revisions"}],"predecessor-version":[{"id":23567,"href":"https:\/\/elfsight.com\/de\/wp-json\/wp\/v2\/pages\/16802\/revisions\/23567"}],"up":[{"embeddable":true,"href":"https:\/\/elfsight.com\/de\/wp-json\/wp\/v2\/pages\/1315"}],"wp:attachment":[{"href":"https:\/\/elfsight.com\/de\/wp-json\/wp\/v2\/media?parent=16802"}],"curies":[{"name":"wp","href":"https:\/\/api.w.org\/{rel}","templated":true}]}}