{"id":16800,"date":"2024-05-03T06:28:32","date_gmt":"2024-05-03T06:28:32","guid":{"rendered":"https:\/\/elfsight.com\/de\/?page_id=16800"},"modified":"2025-07-08T09:53:13","modified_gmt":"2025-07-08T09:53:13","slug":"webnode","status":"publish","type":"page","link":"https:\/\/elfsight.com\/de\/audio-player-widget\/webnode\/","title":{"rendered":"Audio Player &#8211; Webnode"},"content":{"rendered":"<div class=\"application-platform-content-item-description application-platform-content-item\" id=\"description\" data-nav-section=\"description\"> <h2>Beschreibung<\/h2> <p>Elfsight Music Player ist ein unkompliziertes Plugin f\u00fcr Webnode-Sites, mit dem Sie Audiotitel direkt auf Ihrer Website streamen k\u00f6nnen Seite. Das Widget ist vollst\u00e4ndig anpassbar: Sie k\u00f6nnen seine Position \u00e4ndern, es an einer beliebigen Stelle auf der Seite platzieren, seine Gr\u00f6\u00dfe skalieren, den Hintergrund und andere Elemente \u00fcberarbeiten, um es mit dem Stil Ihrer Website zu kombinieren, ein dunkles Farbschema verwenden, Bilder anzeigen usw vier weitere Spielerteile wie Fortschrittsbalken, \u00dcberschrift und viele mehr ein- oder ausblenden. Laden Sie so viele Titel hoch, wie Sie m\u00f6chten, um Ihr Publikum zu unterhalten, schalten Sie die automatische Wiedergabe ein und stellen Sie sicher, dass Ihre Benutzer Ihre Website nicht sofort verlassen! <\/p>. <p><b>Erzielen Sie mit dem Elfsight Audio-Widget eine nachhaltige Gesch\u00e4ftsentwicklung und gesteigerte Ums\u00e4tze <\/b><\/p> <\/div> <div class=\"application-platform-content-item-features application-platform-content-item\" id=\"features\" data-nav-section=\"features\"> <h2>Das Widget verf\u00fcgt \u00fcber praktische und einfache Funktionen, siehe einige davon: <\/h2> <ul><li>Verschiedene Farbvarianten<\/li> <li>Dunkles\/helles Farbthema<\/li> <li>Responsives Design<\/li> <li>Zwei Layouts verf\u00fcgbar<\/li> <li>Eine M\u00f6glichkeit, ein Hintergrundbild anzuh\u00e4ngen<\/li> <\/ul><p><a href=\"#demo\">Sie k\u00f6nnen sehen, wie das Widget funktioniert, indem Sie die Demo ausprobieren<\/a><\/p> <\/div> <div class=\"application-platform-content-item-installation application-platform-content-item\" id=\"installation\" data-nav-section=\"installation\"> <h2>Wie kann ich den Audio Player zu meiner Webnode-Site hinzuf\u00fcgen?<\/h2> <p>Befolgen Sie einfach die folgenden Richtlinien, um das Musik-Plugin zu integrieren.<\/p> <ol><li><b>Wenden Sie unsere kostenlose Demo an und beginnen Sie mit der Gestaltung Ihres personalisierten Instruments.<\/b><br> Geben Sie das individuelle Design und die Optionen des Plugins an und speichern Sie die \u00c4nderungen.<\/li> <li><b>Empfangen Ihr individueller Code erscheint im Fenster von Elfsight Apps.<\/b><br> Nachdem die Generierung Ihres Plugins abgeschlossen ist, kopieren Sie den pers\u00f6nlichen Code im angezeigten Fenster und speichern Sie ihn zur sp\u00e4teren Verwendung.<\/li> <li><b>Beginnen Sie mit der Anwendung des Music Players auf Ihrer Webnode-Homepage.<\/b><br> Implementieren Sie den k\u00fcrzlich kopierten Code auf Ihrer Homepage und \u00fcbernehmen Sie die Anpassungen.<\/li> <li><b>Die Einrichtung ist erfolgreich ausgef\u00fchrt.<\/b><br> Besuchen Sie Ihre Website, um in Aktion zu sehen, wie das Plugin funktioniert.<\/li> <\/ol> <p>Bei Anfragen oder Problemen k\u00f6nnen Sie sich gerne an unseren Kunden wenden Service Personal. Unsere Berater helfen Ihnen gerne bei allen Problemen, die Sie mit dem Plugin haben k\u00f6nnten. <\/p> <\/div>","protected":false},"excerpt":{"rendered":"","protected":false},"author":9,"featured_media":0,"parent":1315,"menu_order":0,"comment_status":"closed","ping_status":"closed","template":"templates\/template-application-platform.php","meta":{"publish_to_discourse":"","publish_post_category":"","wpdc_auto_publish_overridden":"","wpdc_topic_tags":"","wpdc_pin_topic":"","wpdc_pin_until":"","discourse_post_id":"","discourse_permalink":"","wpdc_publishing_response":"","wpdc_publishing_error":"","footnotes":""},"class_list":["post-16800","page","type-page","status-publish","hentry"],"yoast_head":"<!-- This site is optimized with the Yoast SEO plugin v25.3.1 - https:\/\/yoast.com\/wordpress\/plugins\/seo\/ -->\n<title>Elfsight Audio Player f\u00fcr die Webnode-Website (schnell und kostenlos)<\/title>\n<meta name=\"description\" content=\"F\u00fcgen Sie ein adaptives Audio-Player-Tool auf Ihrer Webnode-Seite hinzu. Nutzen Sie die \u00fcberschaubare Elfsight-Demo und erstellen Sie Ihr eigenes Plugin in nur 2 Minuten.\" \/>\n<meta name=\"robots\" content=\"index, follow, max-snippet:-1, max-image-preview:large, max-video-preview:-1\" \/>\n<link rel=\"canonical\" href=\"https:\/\/elfsight.com\/de\/audio-player-widget\/webnode\/\" \/>\n<meta property=\"og:locale\" content=\"de_DE\" \/>\n<meta property=\"og:type\" content=\"article\" \/>\n<meta property=\"og:title\" content=\"Elfsight Audio Player f\u00fcr die Webnode-Website (schnell und kostenlos)\" \/>\n<meta property=\"og:description\" content=\"F\u00fcgen Sie ein adaptives Audio-Player-Tool auf Ihrer Webnode-Seite hinzu. Nutzen Sie die \u00fcberschaubare Elfsight-Demo und erstellen Sie Ihr eigenes Plugin in nur 2 Minuten.\" \/>\n<meta property=\"og:url\" content=\"https:\/\/elfsight.com\/de\/audio-player-widget\/webnode\/\" \/>\n<meta property=\"og:site_name\" content=\"Elfsight DE\" \/>\n<meta property=\"article:modified_time\" content=\"2025-07-08T09:53:13+00:00\" \/>\n<meta name=\"twitter:card\" content=\"summary_large_image\" \/>\n<meta name=\"twitter:label1\" content=\"Gesch\u00e4tzte Lesezeit\" \/>\n\t<meta name=\"twitter:data1\" content=\"2\u00a0Minuten\" \/>\n<!-- \/ Yoast SEO plugin. -->","yoast_head_json":{"title":"Elfsight Audio Player f\u00fcr die Webnode-Website (schnell und kostenlos)","description":"F\u00fcgen Sie ein adaptives Audio-Player-Tool auf Ihrer Webnode-Seite hinzu. Nutzen Sie die \u00fcberschaubare Elfsight-Demo und erstellen Sie Ihr eigenes Plugin in nur 2 Minuten.","robots":{"index":"index","follow":"follow","max-snippet":"max-snippet:-1","max-image-preview":"max-image-preview:large","max-video-preview":"max-video-preview:-1"},"canonical":"https:\/\/elfsight.com\/de\/audio-player-widget\/webnode\/","og_locale":"de_DE","og_type":"article","og_title":"Elfsight Audio Player f\u00fcr die Webnode-Website (schnell und kostenlos)","og_description":"F\u00fcgen Sie ein adaptives Audio-Player-Tool auf Ihrer Webnode-Seite hinzu. Nutzen Sie die \u00fcberschaubare Elfsight-Demo und erstellen Sie Ihr eigenes Plugin in nur 2 Minuten.","og_url":"https:\/\/elfsight.com\/de\/audio-player-widget\/webnode\/","og_site_name":"Elfsight DE","article_modified_time":"2025-07-08T09:53:13+00:00","twitter_card":"summary_large_image","twitter_misc":{"Gesch\u00e4tzte Lesezeit":"2\u00a0Minuten"},"schema":{"@context":"https:\/\/schema.org","@graph":[{"@type":"WebPage","@id":"https:\/\/elfsight.com\/de\/audio-player-widget\/webnode\/","url":"https:\/\/elfsight.com\/de\/audio-player-widget\/webnode\/","name":"Elfsight Audio Player f\u00fcr die Webnode-Website (schnell und kostenlos)","isPartOf":{"@id":"https:\/\/elfsight.com\/de\/#website"},"datePublished":"2024-05-03T06:28:32+00:00","dateModified":"2025-07-08T09:53:13+00:00","description":"F\u00fcgen Sie ein adaptives Audio-Player-Tool auf Ihrer Webnode-Seite hinzu. Nutzen Sie die \u00fcberschaubare Elfsight-Demo und erstellen Sie Ihr eigenes Plugin in nur 2 Minuten.","breadcrumb":{"@id":"https:\/\/elfsight.com\/de\/audio-player-widget\/webnode\/#breadcrumb"},"inLanguage":"de","potentialAction":[{"@type":"ReadAction","target":["https:\/\/elfsight.com\/de\/audio-player-widget\/webnode\/"]}]},{"@type":"BreadcrumbList","@id":"https:\/\/elfsight.com\/de\/audio-player-widget\/webnode\/#breadcrumb","itemListElement":[{"@type":"ListItem","position":1,"name":"Home","item":"https:\/\/elfsight.com\/de\/"},{"@type":"ListItem","position":2,"name":"Audio Player","item":"https:\/\/elfsight.com\/de\/audio-player-widget\/"},{"@type":"ListItem","position":3,"name":"Audio Player &#8211; Webnode"}]},{"@type":"WebSite","@id":"https:\/\/elfsight.com\/de\/#website","url":"https:\/\/elfsight.com\/de\/","name":"Elfsight DE","description":"Just another Elfsight Sites site","potentialAction":[{"@type":"SearchAction","target":{"@type":"EntryPoint","urlTemplate":"https:\/\/elfsight.com\/de\/?s={search_term_string}"},"query-input":{"@type":"PropertyValueSpecification","valueRequired":true,"valueName":"search_term_string"}}],"inLanguage":"de"}]}},"meta_box":{"industry":"","seo_heading":"","heading":"","description":"","cta_heading":"","cta_description":"","application":"505","h1":"Webnode Audio Player-Widget","h1_caption":"F\u00fcgen Sie Audiotitel m\u00fchelos direkt auf Ihrer Website hinzu und pr\u00e4sentieren Sie sie mit einem eleganten, anpassbaren Player auf Ihrer Webnode-Website.","application_category":[],"applications_title":"","applications_request_title":"","applications_request_button_text":"","hero_text":"","hero_video":"","hero_video_schema_markup":"","selling_points_title":"","selling_points_caption":"","selling_points":[],"selling_points_cta_text":"","features_title":"","features":"","ed_cta_examples_text":"","ed_cta_examples_hidden":"","ed_cta_demo_text":"","ed_cta_demo_hidden":"","why_caption":"","why_editor_title":"","why_editor_text":"","why_team_title":"","why_team_text":"","why_service_title":"","why_service_text":"","template_catalog_visible":"","template_catalog_title":"","template_catalog_text":"","template_catalog_categories_visible":"","demo_title":"Erstellen Sie Ihr Audio-Player-Widget","demo_caption":"Konfigurieren Sie Ihren Audioplayer und f\u00fcgen Sie ihn kostenlos zu Ihrer Webnode-Website hinzu!","default_faq_hidden":"","app_template_category":[],"platform":"248","template_public_id":"","codecanyon_url":"","codecanyon_item_id":"","codecanyon_price":"","pricing_caption":"","pricing_elfsight_apps_hide_column":"","pricing_elfsight_apps_url":"","pricing_codecanyon_price_caption":"","integration_category":[],"integration_request_title":"","integration_request_cta":"","integration_platform":"","integrations":[],"platform_category":[],"video_schema_markup":"","price":"ab 0 $ \/ Monat","trial":"","benefits":[{"text":"Kostenloser Installationsservice"},{"text":"Erfahrener Kundensupport"},{"text":"14-t\u00e4gige R\u00fcckerstattungsgarantie"},{"text":"Fortlaufende Entwicklung"}],"button_url":"#demo","button_target_blank":"","button_nofollow":"","attributes":[{"name":"Installiert","content":"100,000 - 500,000"},{"name":"Reaktionsfreudig","content":"Ja"},{"name":"Kompatible Browser","content":"Firefox, Safari, Opera, Chrome, Edge"}],"tags":[],"tags_disable_links":"","hide_more_platforms":"","video_object":"","demo_hide_cta":"","demo_hide_cloud_options":"","pricing_title":"","pricing":[{"pricing_icon":"platform","pricing_title":"Elfsight Apps","pricing_title_caption":"Multiplattform-Software, die f\u00fcr jede Website geeignet ist","pricing_price":"ab 0 $ \/ Monat","pricing_price_caption":"Beginnen Sie mit einem kostenlosen Plan","pricing_benefits":[{"text":"Unbegrenzte Domains"},{"text":"Professioneller Kundensupport"},{"text":"Kostenloser Installationssupport"},{"text":"Sonderangebot f\u00fcr mehrere Apps"}],"pricing_button_text":"Zur Website hinzuf\u00fcgen","pricing_button_url":"#demo"}],"related_apps_title":"","related_apps_hidden":"","author":"","image":[],"title":"","job":"","social_networks":[]},"_links":{"self":[{"href":"https:\/\/elfsight.com\/de\/wp-json\/wp\/v2\/pages\/16800","targetHints":{"allow":["GET"]}}],"collection":[{"href":"https:\/\/elfsight.com\/de\/wp-json\/wp\/v2\/pages"}],"about":[{"href":"https:\/\/elfsight.com\/de\/wp-json\/wp\/v2\/types\/page"}],"author":[{"embeddable":true,"href":"https:\/\/elfsight.com\/de\/wp-json\/wp\/v2\/users\/9"}],"replies":[{"embeddable":true,"href":"https:\/\/elfsight.com\/de\/wp-json\/wp\/v2\/comments?post=16800"}],"version-history":[{"count":1,"href":"https:\/\/elfsight.com\/de\/wp-json\/wp\/v2\/pages\/16800\/revisions"}],"predecessor-version":[{"id":16804,"href":"https:\/\/elfsight.com\/de\/wp-json\/wp\/v2\/pages\/16800\/revisions\/16804"}],"up":[{"embeddable":true,"href":"https:\/\/elfsight.com\/de\/wp-json\/wp\/v2\/pages\/1315"}],"wp:attachment":[{"href":"https:\/\/elfsight.com\/de\/wp-json\/wp\/v2\/media?parent=16800"}],"curies":[{"name":"wp","href":"https:\/\/api.w.org\/{rel}","templated":true}]}}