{"id":168,"date":"2020-02-19T12:30:22","date_gmt":"2020-02-19T12:30:22","guid":{"rendered":"https:\/\/elfsight.com\/de\/?page_id=168"},"modified":"2020-09-27T18:16:40","modified_gmt":"2020-09-27T18:16:40","slug":"create","status":"publish","type":"page","link":"https:\/\/elfsight.com\/de\/whatsapp-chat-widget\/create\/","title":{"rendered":"WhatsApp Chat &#8211; Create"},"content":{"rendered":"\n<div class=\"faq\" data-component=\"FAQ\">\n<div class=\"faq-item\">\r\n\t\t\t\t\t<div class=\"faq-item-question\">\r\n\t\t\t\t\t\t<h3 class=\"faq-item-question-text\">Was ist ein WhatsApp Chat Widget f\u00fcr Website? <\/h3>\r\n\r\n\t\t\t\t\t\t<div class=\"faq-item-question-icon\"><\/div>\r\n\t\t\t\t\t<\/div>\r\n\r\n\t\t\t\t\t<div class=\"faq-item-answer\">\r\n\t\t\t\t\t\t<div class=\"faq-item-answer-text\">\nDas WhatsApp Chat Widget ist ein responsives Mittel, das ist nutzbar, um die Leistung Ihrer Webseite zu f\u00f6rdern. Es dient zur Verkaufsf\u00f6rderung, Nutzerbindung und Verbesserung der Benutzerfreundlichkeit auf Ihrer Web-Seite. \n<\/div>\r\n\t\t\t\t\t<\/div>\r\n\t\t\t\t<\/div>\n<div class=\"faq-item\">\r\n\t\t\t\t\t<div class=\"faq-item-question\">\r\n\t\t\t\t\t\t<h3 class=\"faq-item-question-text\">Ist es m\u00f6glich, der Stil des Plugin zu ver\u00e4ndern?<\/h3>\r\n\r\n\t\t\t\t\t\t<div class=\"faq-item-question-icon\"><\/div>\r\n\t\t\t\t\t<\/div>\r\n\r\n\t\t\t\t\t<div class=\"faq-item-answer\">\r\n\t\t\t\t\t\t<div class=\"faq-item-answer-text\">\nSicher! Gehen Sie zu Tab Stil unseres Live-Konfigurators und umstellen Sie die Elemente des Plugins. Sie werden alle \u00c4nderungen in Live-Zeit sehen. \n<\/div>\r\n\t\t\t\t\t<\/div>\r\n\t\t\t\t<\/div>\n<div class=\"faq-item\">\r\n\t\t\t\t\t<div class=\"faq-item-question\">\r\n\t\t\t\t\t\t<h3 class=\"faq-item-question-text\">Wie wird das WhatsApp Chat Widget auf meiner Webseite-Vorlage integrieren?<\/h3>\r\n\r\n\t\t\t\t\t\t<div class=\"faq-item-question-icon\"><\/div>\r\n\t\t\t\t\t<\/div>\r\n\r\n\t\t\t\t\t<div class=\"faq-item-answer\">\r\n\t\t\t\t\t\t<div class=\"faq-item-answer-text\">\nAlles, was Sie tun m\u00fcssen, ist nur noch zu unserem Online-Editor gehen und da erstens ein Widget zu entwickeln. Dann speichern Sie Ihre benutzerdefinierten \u00c4nderungen. Nehmen Sie den Widget-Code aus dem \u00f6ffnenden Fenster. Setzen Sie dann den Code in erforderlichen Inhaltszone Ihrer Seite-Vorlage. Falls Sie w\u00e4hrend Widgets Installieren irgendwelche Fragen haben, wenden Sie sich einfach unser Support-Team. \n<\/div>\r\n\t\t\t\t\t<\/div>\r\n\t\t\t\t<\/div>\n<div class=\"faq-item\">\r\n\t\t\t\t\t<div class=\"faq-item-question\">\r\n\t\t\t\t\t\t<h3 class=\"faq-item-question-text\">Wie Kann man die Gr\u00f6\u00dfe und Farbe eines Widget ver\u00e4ndern?<\/h3>\r\n\r\n\t\t\t\t\t\t<div class=\"faq-item-question-icon\"><\/div>\r\n\t\t\t\t\t<\/div>\r\n\r\n\t\t\t\t\t<div class=\"faq-item-answer\">\r\n\t\t\t\t\t\t<div class=\"faq-item-answer-text\">\nElfsight Live-Editor beschert Ihnen absolute Freiheit f\u00fcr die Anpassung Ihres Plugins. Sie k\u00f6nnen die Gr\u00f6\u00dfe des Widgets in Bildpunkten einstellen, oder nutzen Sie eine automatische Gr\u00f6\u00dfeneinstellung. Folglich k\u00f6nnen Sie jede Farbt\u00f6ne aus der Palette w\u00e4hlen oder einer von standard Farbschemen verwenden. \n<\/div>\r\n\t\t\t\t\t<\/div>\r\n\t\t\t\t<\/div>\n<\/div>\n","protected":false},"excerpt":{"rendered":"","protected":false},"author":11,"featured_media":0,"parent":146,"menu_order":0,"comment_status":"closed","ping_status":"closed","template":"templates\/template-application-create.php","meta":{"publish_to_discourse":"","publish_post_category":"","wpdc_auto_publish_overridden":"","wpdc_topic_tags":"","wpdc_pin_topic":"","wpdc_pin_until":"","discourse_post_id":"","discourse_permalink":"","wpdc_publishing_response":"","wpdc_publishing_error":"","footnotes":""},"class_list":["post-168","page","type-page","status-publish","hentry"],"yoast_head":"<!-- This site is optimized with the Yoast SEO plugin v25.3.1 - https:\/\/yoast.com\/wordpress\/plugins\/seo\/ -->\n<title>Kostenlos WhatsApp Chat Plugin auf Ihrer Website hinzuf\u00fcgen<\/title>\n<meta name=\"description\" content=\"Live Chat Support zum WhatsApp Chat in Webseite, Erstellen Sie WhatsApp Widget von Elfsight. Es ist kostenlos und schnell! Hilfreiche Support f\u00fcr Widget.\" \/>\n<meta name=\"robots\" content=\"index, follow, max-snippet:-1, max-image-preview:large, max-video-preview:-1\" \/>\n<link rel=\"canonical\" href=\"https:\/\/elfsight.com\/de\/whatsapp-chat-widget\/create\/\" \/>\n<meta property=\"og:locale\" content=\"de_DE\" \/>\n<meta property=\"og:type\" content=\"article\" \/>\n<meta property=\"og:title\" content=\"Kostenlos WhatsApp Chat Plugin auf Ihrer Website hinzuf\u00fcgen\" \/>\n<meta property=\"og:description\" content=\"Live Chat Support zum WhatsApp Chat in Webseite, Erstellen Sie WhatsApp Widget von Elfsight. Es ist kostenlos und schnell! Hilfreiche Support f\u00fcr Widget.\" \/>\n<meta property=\"og:url\" content=\"https:\/\/elfsight.com\/de\/whatsapp-chat-widget\/create\/\" \/>\n<meta property=\"og:site_name\" content=\"Elfsight DE\" \/>\n<meta property=\"article:modified_time\" content=\"2020-09-27T18:16:40+00:00\" \/>\n<meta name=\"twitter:card\" content=\"summary_large_image\" \/>\n<meta name=\"twitter:label1\" content=\"Gesch\u00e4tzte Lesezeit\" \/>\n\t<meta name=\"twitter:data1\" content=\"1\u00a0Minute\" \/>\n<!-- \/ Yoast SEO plugin. -->","yoast_head_json":{"title":"Kostenlos WhatsApp Chat Plugin auf Ihrer Website hinzuf\u00fcgen","description":"Live Chat Support zum WhatsApp Chat in Webseite, Erstellen Sie WhatsApp Widget von Elfsight. Es ist kostenlos und schnell! Hilfreiche Support f\u00fcr Widget.","robots":{"index":"index","follow":"follow","max-snippet":"max-snippet:-1","max-image-preview":"max-image-preview:large","max-video-preview":"max-video-preview:-1"},"canonical":"https:\/\/elfsight.com\/de\/whatsapp-chat-widget\/create\/","og_locale":"de_DE","og_type":"article","og_title":"Kostenlos WhatsApp Chat Plugin auf Ihrer Website hinzuf\u00fcgen","og_description":"Live Chat Support zum WhatsApp Chat in Webseite, Erstellen Sie WhatsApp Widget von Elfsight. Es ist kostenlos und schnell! Hilfreiche Support f\u00fcr Widget.","og_url":"https:\/\/elfsight.com\/de\/whatsapp-chat-widget\/create\/","og_site_name":"Elfsight DE","article_modified_time":"2020-09-27T18:16:40+00:00","twitter_card":"summary_large_image","twitter_misc":{"Gesch\u00e4tzte Lesezeit":"1\u00a0Minute"},"schema":{"@context":"https:\/\/schema.org","@graph":[{"@type":"WebPage","@id":"https:\/\/elfsight.com\/de\/whatsapp-chat-widget\/create\/","url":"https:\/\/elfsight.com\/de\/whatsapp-chat-widget\/create\/","name":"Kostenlos WhatsApp Chat Plugin auf Ihrer Website hinzuf\u00fcgen","isPartOf":{"@id":"https:\/\/elfsight.com\/de\/#website"},"datePublished":"2020-02-19T12:30:22+00:00","dateModified":"2020-09-27T18:16:40+00:00","description":"Live Chat Support zum WhatsApp Chat in Webseite, Erstellen Sie WhatsApp Widget von Elfsight. Es ist kostenlos und schnell! Hilfreiche Support f\u00fcr Widget.","breadcrumb":{"@id":"https:\/\/elfsight.com\/de\/whatsapp-chat-widget\/create\/#breadcrumb"},"inLanguage":"de","potentialAction":[{"@type":"ReadAction","target":["https:\/\/elfsight.com\/de\/whatsapp-chat-widget\/create\/"]}]},{"@type":"BreadcrumbList","@id":"https:\/\/elfsight.com\/de\/whatsapp-chat-widget\/create\/#breadcrumb","itemListElement":[{"@type":"ListItem","position":1,"name":"Home","item":"https:\/\/elfsight.com\/de\/"},{"@type":"ListItem","position":2,"name":"WhatsApp Chat","item":"https:\/\/elfsight.com\/de\/whatsapp-chat-widget\/"},{"@type":"ListItem","position":3,"name":"WhatsApp Chat &#8211; Create"}]},{"@type":"WebSite","@id":"https:\/\/elfsight.com\/de\/#website","url":"https:\/\/elfsight.com\/de\/","name":"Elfsight DE","description":"Just another Elfsight Sites site","potentialAction":[{"@type":"SearchAction","target":{"@type":"EntryPoint","urlTemplate":"https:\/\/elfsight.com\/de\/?s={search_term_string}"},"query-input":{"@type":"PropertyValueSpecification","valueRequired":true,"valueName":"search_term_string"}}],"inLanguage":"de"}]}},"meta_box":{"industry":"","seo_heading":"","heading":"","description":"","cta_heading":"","cta_description":"","application":"139","h1":"Erstellen Sie WhatsApp Chat Widget","h1_caption":"","application_category":[],"applications_title":"","applications_request_title":"","applications_request_button_text":"","hero_text":"","hero_video":"","hero_video_schema_markup":"","selling_points_title":"","selling_points_caption":"","selling_points":[],"selling_points_cta_text":"","features_title":"","features":"","ed_cta_examples_text":"","ed_cta_examples_hidden":"","ed_cta_demo_text":"","ed_cta_demo_hidden":"","why_caption":"","why_editor_title":"","why_editor_text":"","why_team_title":"","why_team_text":"","why_service_title":"","why_service_text":"","template_catalog_visible":"","template_catalog_title":"","template_catalog_text":"","template_catalog_categories_visible":"","demo_title":"","demo_caption":"","default_faq_hidden":"","app_template_category":[],"platform":"","template_public_id":"","codecanyon_url":"","codecanyon_item_id":"","codecanyon_price":"","pricing_caption":"","pricing_elfsight_apps_hide_column":"","pricing_elfsight_apps_url":"","pricing_codecanyon_price_caption":"","integration_category":[],"integration_request_title":"","integration_request_cta":"","integration_platform":"","integrations":[],"platform_category":[],"video_schema_markup":"","price":"","trial":"","benefits":[],"button_url":"","button_target_blank":"","button_nofollow":"","attributes":[],"tags":[],"tags_disable_links":"","hide_more_platforms":"","video_object":"","demo_hide_cta":"","demo_hide_cloud_options":"","pricing_title":"","pricing":[],"related_apps_title":"","related_apps_hidden":"","author":"","image":[],"title":"","job":"","social_networks":[]},"_links":{"self":[{"href":"https:\/\/elfsight.com\/de\/wp-json\/wp\/v2\/pages\/168","targetHints":{"allow":["GET"]}}],"collection":[{"href":"https:\/\/elfsight.com\/de\/wp-json\/wp\/v2\/pages"}],"about":[{"href":"https:\/\/elfsight.com\/de\/wp-json\/wp\/v2\/types\/page"}],"author":[{"embeddable":true,"href":"https:\/\/elfsight.com\/de\/wp-json\/wp\/v2\/users\/11"}],"replies":[{"embeddable":true,"href":"https:\/\/elfsight.com\/de\/wp-json\/wp\/v2\/comments?post=168"}],"version-history":[{"count":6,"href":"https:\/\/elfsight.com\/de\/wp-json\/wp\/v2\/pages\/168\/revisions"}],"predecessor-version":[{"id":2840,"href":"https:\/\/elfsight.com\/de\/wp-json\/wp\/v2\/pages\/168\/revisions\/2840"}],"up":[{"embeddable":true,"href":"https:\/\/elfsight.com\/de\/wp-json\/wp\/v2\/pages\/146"}],"wp:attachment":[{"href":"https:\/\/elfsight.com\/de\/wp-json\/wp\/v2\/media?parent=168"}],"curies":[{"name":"wp","href":"https:\/\/api.w.org\/{rel}","templated":true}]}}