{"id":16799,"date":"2024-05-03T06:28:31","date_gmt":"2024-05-03T06:28:31","guid":{"rendered":"https:\/\/elfsight.com\/de\/?page_id=16799"},"modified":"2025-01-14T06:56:51","modified_gmt":"2025-01-14T06:56:51","slug":"weebly","status":"publish","type":"page","link":"https:\/\/elfsight.com\/de\/audio-player-widget\/weebly\/","title":{"rendered":"Audio Player &#8211; Weebly"},"content":{"rendered":"\n<div class=\"application-platform-content-item-description application-platform-content-item\" id=\"description\" data-nav-section=\"description\"> <h2>Beschreibung<\/h2> <p>Elfsight Music Player ist ein unkompliziertes Plugin f\u00fcr Weebly-Websites, mit dem Sie Audiotitel direkt auf den Seiten von streamen k\u00f6nnen deine Website. Das Tool ist enorm anpassbar: Sie k\u00f6nnen seine Position \u00e4ndern, es an einer beliebigen Stelle auf der Seite einbetten, seine Gr\u00f6\u00dfe \u00e4ndern, den Hintergrund und alle anderen Teile neu einf\u00e4rben, um es mit dem Layout Ihrer Website zu mischen, ein dunkles Farbschema anwenden, Cover freilegen und ein- oder ausblenden 4 zus\u00e4tzliche Player-Komponenten, zum Beispiel Fortschrittsbalken, Titel und andere. F\u00fcgen Sie so viele Titel hinzu, wie Sie m\u00f6chten, um Ihre Benutzer anzusprechen, schalten Sie die automatische Wiedergabe ein und haben Sie keinen Zweifel \u2013 Ihre Besucher werden Ihre Website nicht sofort verlassen!<\/p> <p><b>Erleben Sie mit dem Elfsight Audio-Widget eine nachhaltige Gesch\u00e4ftsentwicklung und h\u00f6here Ums\u00e4tze<\/b><\/p> <\/div> <div class=\"application-platform-content-item-features application-platform-content-item\" id=\"features\" data-nav-section=\"features\"> <h2>Im Folgenden sind grundlegende Funktionen des Widgets aufgef\u00fchrt:<\/h2> <ul><li>Zahlreiche Farb\u00e4nderungen<\/li> <li>Dunkles\/helles Farbschema<\/li> <li>Responsives Design<\/li> <li>2 Layouts anwendbar<\/li> <li>Eine Option zur Verwendung eines Hintergrundbilds<\/li> <\/ul><p><a href=\"#demo\">Probieren Sie einfach diese Demo aus, um zu sehen, wie es funktioniert<\/a><\/p> <\/div> <div class=\"application-platform-content-item-installation application-platform-content-item\" id=\"installation\" data-nav-section=\"installation\"> <h2>So f\u00fcgen Sie Music Player hinzu meine Weebly-Website?<\/h2> <div class=\"video-container\"><iframe width=\"560\" height=\"315\" src=\"https:\/\/www.youtube.com\/embed\/A0HaztCho8Q?si=2b2-Ycd4gc9Y_iTa\" frameborder=\"0\" allow=\"accelerometer; autoplay; clipboard-write; encrypted-media; gyroscope; picture-in-picture; web-share\" allowfullscreen><\/iframe><\/div><p>F\u00fchren Sie einfach die unten aufgef\u00fchrten Schritte aus, um mit der Arbeit mit dem Musik-Widget zu beginnen.<\/p> <ol><li><b>Verwalten Sie unser kostenloses Editor und beginnen Sie mit der Erstellung Ihrer personalisierten App. <\/b><br> W\u00e4hlen Sie die bevorzugten Design- und Funktionsmerkmale der App und speichern Sie alle \u00c4nderungen. <\/li> <li><b>Erwerben Sie den individuellen Code, der im speziellen Formular auf Elfsight Apps erscheint. <\/b><br> Sobald die Anpassung Ihrer App abgeschlossen ist, kopieren Sie den einzelnen Code im angezeigten Fenster und speichern Sie ihn f\u00fcr eine sp\u00e4tere Gelegenheit. <\/li> <li><b>Initiieren Sie die Nutzung der App auf Ihrer Weebly-Website. <\/b><br> Betten Sie den zuvor gespeicherten Code in Ihre Webseite ein und speichern Sie die \u00c4nderungen. <\/li> <li><b>Du bist fertig! Das Setup ist vollst\u00e4ndig durchgef\u00fchrt. <\/b><br> \u00d6ffnen Sie Ihre Website, um die Funktion der App zu \u00fcberpr\u00fcfen. <\/li><\/ol><p>Scheuen Sie sich nicht, sich an unser Support-Team zu wenden, wenn Sie Anfragen bearbeiten oder auf Probleme sto\u00dfen. Unsere Leute werden sich freuen, alle Schwierigkeiten zu l\u00f6sen, die Sie mit dem Plugin haben k\u00f6nnten.<\/p> <\/div>\n","protected":false},"excerpt":{"rendered":"","protected":false},"author":9,"featured_media":0,"parent":1315,"menu_order":0,"comment_status":"closed","ping_status":"closed","template":"templates\/template-application-platform.php","meta":{"publish_to_discourse":"","publish_post_category":"","wpdc_auto_publish_overridden":"","wpdc_topic_tags":"","wpdc_pin_topic":"","wpdc_pin_until":"","discourse_post_id":"","discourse_permalink":"","wpdc_publishing_response":"","wpdc_publishing_error":"","footnotes":""},"class_list":["post-16799","page","type-page","status-publish","hentry"],"yoast_head":"<!-- This site is optimized with the Yoast SEO plugin v25.3.1 - https:\/\/yoast.com\/wordpress\/plugins\/seo\/ -->\n<title>Audio-Player \u2013 Musik-Player zur Weebly-Website hinzuf\u00fcgen (schnell und kostenlos)<\/title>\n<meta name=\"description\" content=\"Integrieren Sie ein adaptives Audio-Player-Widget auf Ihrer Weebly-Website. Nutzen Sie unsere praktische Demo und erstellen Sie Ihr individuelles Widget in nur wenigen Minuten.\" \/>\n<meta name=\"robots\" content=\"index, follow, max-snippet:-1, max-image-preview:large, max-video-preview:-1\" \/>\n<link rel=\"canonical\" href=\"https:\/\/elfsight.com\/de\/audio-player-widget\/weebly\/\" \/>\n<meta property=\"og:locale\" content=\"de_DE\" \/>\n<meta property=\"og:type\" content=\"article\" \/>\n<meta property=\"og:title\" content=\"Audio-Player \u2013 Musik-Player zur Weebly-Website hinzuf\u00fcgen (schnell und kostenlos)\" \/>\n<meta property=\"og:description\" content=\"Integrieren Sie ein adaptives Audio-Player-Widget auf Ihrer Weebly-Website. Nutzen Sie unsere praktische Demo und erstellen Sie Ihr individuelles Widget in nur wenigen Minuten.\" \/>\n<meta property=\"og:url\" content=\"https:\/\/elfsight.com\/de\/audio-player-widget\/weebly\/\" \/>\n<meta property=\"og:site_name\" content=\"Elfsight DE\" \/>\n<meta property=\"article:modified_time\" content=\"2025-01-14T06:56:51+00:00\" \/>\n<meta name=\"twitter:card\" content=\"summary_large_image\" \/>\n<meta name=\"twitter:label1\" content=\"Gesch\u00e4tzte Lesezeit\" \/>\n\t<meta name=\"twitter:data1\" content=\"2\u00a0Minuten\" \/>\n<!-- \/ Yoast SEO plugin. -->","yoast_head_json":{"title":"Audio-Player \u2013 Musik-Player zur Weebly-Website hinzuf\u00fcgen (schnell und kostenlos)","description":"Integrieren Sie ein adaptives Audio-Player-Widget auf Ihrer Weebly-Website. Nutzen Sie unsere praktische Demo und erstellen Sie Ihr individuelles Widget in nur wenigen Minuten.","robots":{"index":"index","follow":"follow","max-snippet":"max-snippet:-1","max-image-preview":"max-image-preview:large","max-video-preview":"max-video-preview:-1"},"canonical":"https:\/\/elfsight.com\/de\/audio-player-widget\/weebly\/","og_locale":"de_DE","og_type":"article","og_title":"Audio-Player \u2013 Musik-Player zur Weebly-Website hinzuf\u00fcgen (schnell und kostenlos)","og_description":"Integrieren Sie ein adaptives Audio-Player-Widget auf Ihrer Weebly-Website. Nutzen Sie unsere praktische Demo und erstellen Sie Ihr individuelles Widget in nur wenigen Minuten.","og_url":"https:\/\/elfsight.com\/de\/audio-player-widget\/weebly\/","og_site_name":"Elfsight DE","article_modified_time":"2025-01-14T06:56:51+00:00","twitter_card":"summary_large_image","twitter_misc":{"Gesch\u00e4tzte Lesezeit":"2\u00a0Minuten"},"schema":{"@context":"https:\/\/schema.org","@graph":[{"@type":"WebPage","@id":"https:\/\/elfsight.com\/de\/audio-player-widget\/weebly\/","url":"https:\/\/elfsight.com\/de\/audio-player-widget\/weebly\/","name":"Audio-Player \u2013 Musik-Player zur Weebly-Website hinzuf\u00fcgen (schnell und kostenlos)","isPartOf":{"@id":"https:\/\/elfsight.com\/de\/#website"},"datePublished":"2024-05-03T06:28:31+00:00","dateModified":"2025-01-14T06:56:51+00:00","description":"Integrieren Sie ein adaptives Audio-Player-Widget auf Ihrer Weebly-Website. Nutzen Sie unsere praktische Demo und erstellen Sie Ihr individuelles Widget in nur wenigen Minuten.","breadcrumb":{"@id":"https:\/\/elfsight.com\/de\/audio-player-widget\/weebly\/#breadcrumb"},"inLanguage":"de","potentialAction":[{"@type":"ReadAction","target":["https:\/\/elfsight.com\/de\/audio-player-widget\/weebly\/"]}]},{"@type":"BreadcrumbList","@id":"https:\/\/elfsight.com\/de\/audio-player-widget\/weebly\/#breadcrumb","itemListElement":[{"@type":"ListItem","position":1,"name":"Home","item":"https:\/\/elfsight.com\/de\/"},{"@type":"ListItem","position":2,"name":"Audio Player","item":"https:\/\/elfsight.com\/de\/audio-player-widget\/"},{"@type":"ListItem","position":3,"name":"Audio Player &#8211; Weebly"}]},{"@type":"WebSite","@id":"https:\/\/elfsight.com\/de\/#website","url":"https:\/\/elfsight.com\/de\/","name":"Elfsight DE","description":"Just another Elfsight Sites site","potentialAction":[{"@type":"SearchAction","target":{"@type":"EntryPoint","urlTemplate":"https:\/\/elfsight.com\/de\/?s={search_term_string}"},"query-input":{"@type":"PropertyValueSpecification","valueRequired":true,"valueName":"search_term_string"}}],"inLanguage":"de"}]}},"meta_box":{"industry":"","seo_heading":"","heading":"","description":"","cta_heading":"","cta_description":"","application":"505","h1":"Weebly Audio Player-App","h1_caption":"F\u00fcgen Sie Audiotitel m\u00fchelos direkt auf Ihrer Website hinzu und pr\u00e4sentieren Sie sie mit einem eleganten, anpassbaren Player auf Ihrer Weebly-Website.","application_category":[],"applications_title":"","applications_request_title":"","applications_request_button_text":"","hero_text":"","hero_video":"","hero_video_schema_markup":"","selling_points_title":"","selling_points_caption":"","selling_points":[],"selling_points_cta_text":"","features_title":"","features":"","ed_cta_examples_text":"","ed_cta_examples_hidden":"","ed_cta_demo_text":"","ed_cta_demo_hidden":"","why_caption":"","why_editor_title":"","why_editor_text":"","why_team_title":"","why_team_text":"","why_service_title":"","why_service_text":"","template_catalog_visible":"0","template_catalog_title":"","template_catalog_text":"","template_catalog_categories_visible":"","demo_title":"Erstellen Sie Ihre Audio-Player-App","demo_caption":"Konfigurieren Sie Ihren Audio-Player und f\u00fcgen Sie ihn kostenlos zu Ihrer Weebly-Website hinzu!","default_faq_hidden":"","app_template_category":[],"platform":"249","template_public_id":"","codecanyon_url":"","codecanyon_item_id":"","codecanyon_price":"","pricing_caption":"","pricing_elfsight_apps_hide_column":"","pricing_elfsight_apps_url":"","pricing_codecanyon_price_caption":"","integration_category":[],"integration_request_title":"","integration_request_cta":"","integration_platform":"","integrations":[],"platform_category":[],"video_schema_markup":"","price":"ab 0 $ \/ Monat","trial":"","benefits":[{"text":"Kostenlose Installationsunterst\u00fctzung"},{"text":"Erfahrener Kundensupport"},{"text":"14-t\u00e4gige R\u00fcckerstattungsgarantie"},{"text":"St\u00e4ndige Aktualisierung"}],"button_url":"#demo","button_target_blank":"0","button_nofollow":"0","attributes":[{"name":"Installiert","content":"100,000 - 500,000"},{"name":"Reaktionsfreudig","content":"Ja"},{"name":"Kompatible Browser","content":"Firefox, Safari, Opera, Chrome, Edge"}],"tags":[],"tags_disable_links":"0","hide_more_platforms":"","video_object":"","demo_hide_cta":"0","demo_hide_cloud_options":"0","pricing_title":"","pricing":[{"pricing_icon":"platform","pricing_title":"Elfsight Apps","pricing_title_caption":"Plattformunabh\u00e4ngige Version","pricing_price":"ab 0 $ \/ Monat","pricing_price_caption":"Beginnen Sie mit einem kostenlosen Plan","pricing_benefits":[{"text":"Unbegrenzte Websites"},{"text":"Engagierter und p\u00fcnktlicher Support"},{"text":"Kostenlose Installationsunterst\u00fctzung"},{"text":"Flexibles Design"}],"pricing_button_text":"Zur Website hinzuf\u00fcgen","pricing_button_url":"#demo"}],"related_apps_title":"","related_apps_hidden":"0","author":"","image":[],"title":"","job":"","social_networks":[]},"_links":{"self":[{"href":"https:\/\/elfsight.com\/de\/wp-json\/wp\/v2\/pages\/16799","targetHints":{"allow":["GET"]}}],"collection":[{"href":"https:\/\/elfsight.com\/de\/wp-json\/wp\/v2\/pages"}],"about":[{"href":"https:\/\/elfsight.com\/de\/wp-json\/wp\/v2\/types\/page"}],"author":[{"embeddable":true,"href":"https:\/\/elfsight.com\/de\/wp-json\/wp\/v2\/users\/9"}],"replies":[{"embeddable":true,"href":"https:\/\/elfsight.com\/de\/wp-json\/wp\/v2\/comments?post=16799"}],"version-history":[{"count":3,"href":"https:\/\/elfsight.com\/de\/wp-json\/wp\/v2\/pages\/16799\/revisions"}],"predecessor-version":[{"id":23570,"href":"https:\/\/elfsight.com\/de\/wp-json\/wp\/v2\/pages\/16799\/revisions\/23570"}],"up":[{"embeddable":true,"href":"https:\/\/elfsight.com\/de\/wp-json\/wp\/v2\/pages\/1315"}],"wp:attachment":[{"href":"https:\/\/elfsight.com\/de\/wp-json\/wp\/v2\/media?parent=16799"}],"curies":[{"name":"wp","href":"https:\/\/api.w.org\/{rel}","templated":true}]}}