{"id":16794,"date":"2024-05-03T06:28:30","date_gmt":"2024-05-03T06:28:30","guid":{"rendered":"https:\/\/elfsight.com\/de\/?page_id=16794"},"modified":"2025-01-14T07:08:18","modified_gmt":"2025-01-14T07:08:18","slug":"wix","status":"publish","type":"page","link":"https:\/\/elfsight.com\/de\/audio-player-widget\/wix\/","title":{"rendered":"Audio Player &#8211; Wix"},"content":{"rendered":"\n<div class=\"application-platform-content-item-description application-platform-content-item\" id=\"description\" data-nav-section=\"description\"> <h2>Beschreibung<\/h2> <p>Elfsight Audio Player ist ein einfaches Tool f\u00fcr Wix, mit dem Sie Audiotitel direkt auf Ihrer Webseite wiedergeben k\u00f6nnen. Das Widget ist bemerkenswert anpassbar: Sie k\u00f6nnen seine Platzierung \u00e4ndern, es an einer beliebigen Stelle auf der Seite platzieren, seine Gr\u00f6\u00dfe \u00e4ndern, den Hintergrund und andere Teile neu einf\u00e4rben, um es mit dem Design Ihrer Website zu verschmelzen, ein dunkles Thema verwenden, Cover zeigen und vier zus\u00e4tzliche Player anzeigen oder verbergen Details wie Fortschrittsbalken, Titel und vieles mehr. Sie k\u00f6nnen so viele Titel hochladen, wie Sie m\u00f6chten, um Ihr Publikum anzusprechen, schalten Sie die Autoplay-Option ein und z\u00f6gern Sie nicht \u2013 Ihr Publikum wird Ihre Website nicht so schnell verlassen!<\/p> <p><b>Mit Elfsight Music App, erzielen Sie aktives Gesch\u00e4ftswachstum und steigern Sie den Umsatz<\/b><\/p> <div class=\"faq\" data-component=\"FAQ\"> <div class=\"faq-item\">\r\n\t\t\t\t\t<div class=\"faq-item-question\">\r\n\t\t\t\t\t\t<h3 class=\"faq-item-question-text\">Welche genauen anderen Plugins f\u00fcr Wix haben Sie?<\/h3>\r\n\r\n\t\t\t\t\t\t<div class=\"faq-item-question-icon\"><\/div>\r\n\t\t\t\t\t<\/div>\r\n\r\n\t\t\t\t\t<div class=\"faq-item-answer\">\r\n\t\t\t\t\t\t<div class=\"faq-item-answer-text\"> <p>Wir k\u00f6nnen Ihnen eine Reihe von Widgets zur Verf\u00fcgung stellen Erreichen Sie jedes Ziel auf Ihrer Website. Dies sind: <a href=\"https:\/\/elfsight.com\/pdf-embed-widget\/wix\/\">PDF Embed<\/a>, <a href=\"https:\/\/elfsight.com\/instagram-feed- instashow\/wix\/\">Instagram-Feed<\/a>, <a href=\"https:\/\/elfsight.com\/google-reviews-widget\/wix\/\">Google-Bewertungen<\/a>, <a href=\"https:\/\/elfsight.com\/whatsapp-chat-widget\/wix\/\">WhatsApp-Chat<\/a>, <a href=\"https:\/\/elfsight.com\/popup-widget\/wix\/\">Popup<\/a>. Sie alle k\u00f6nnen Ihnen dabei helfen, eine wirklich attraktive und hochfunktionale Website zu erstellen!<\/p> <\/div>\r\n\t\t\t\t\t<\/div>\r\n\t\t\t\t<\/div> <div class=\"faq-item\">\r\n\t\t\t\t\t<div class=\"faq-item-question\">\r\n\t\t\t\t\t\t<h3 class=\"faq-item-question-text\">Wie kann ich das Wix Music Player-Widget zu meiner Website hinzuf\u00fcgen?<\/h3>\r\n\r\n\t\t\t\t\t\t<div class=\"faq-item-question-icon\"><\/div>\r\n\t\t\t\t\t<\/div>\r\n\r\n\t\t\t\t\t<div class=\"faq-item-answer\">\r\n\t\t\t\t\t\t<div class=\"faq-item-answer-text\"> <p>Sie k\u00f6nnen es einbetten Sie k\u00f6nnen den Musik-Player auf Ihrer Wix-Website \u00f6ffnen, indem Sie einfach zum Administratorbereich gehen und die folgenden Aktionen ausf\u00fchren: <\/p><ol><li>Klicken Sie auf Designeinstellungen. <\/li><li>Suchen Sie das Element, an dem Sie den Musik-Player einf\u00fcgen m\u00f6chten. <\/li><li>F\u00fcgen Sie den Code aus den Elfsight Apps ein und \u00fcbernehmen Sie die Anpassungen. <\/li><li>Alles ist erledigt. <\/li><\/ol><p>Vergessen Sie nicht, unsere detaillierte Anleitung zur Installation des Widgets zu lesen <a href=\"https:\/\/elfsight.com\/tutorials\/how-to-embed-audio-player-on-any-website\/#how-to-add-music-player-to-wix\">hier<\/a>.<\/p><\/div>\r\n\t\t\t\t\t<\/div>\r\n\t\t\t\t<\/div> <div class=\"faq-item\">\r\n\t\t\t\t\t<div class=\"faq-item-question\">\r\n\t\t\t\t\t\t<h3 class=\"faq-item-question-text\">Wie kann ich Ihr Wix Music Player-Widget testen?<\/h3>\r\n\r\n\t\t\t\t\t\t<div class=\"faq-item-question-icon\"><\/div>\r\n\t\t\t\t\t<\/div>\r\n\r\n\t\t\t\t\t<div class=\"faq-item-answer\">\r\n\t\t\t\t\t\t<div class=\"faq-item-answer-text\"> <p>Sie k\u00f6nnen das Musik-Player-Widget in wenigen einfachen Schritten nicht nur testen, sondern auch zu Ihrer Website hinzuf\u00fcgen! Dies kann durch die Verwendung unserer <a href=\"https:\/\/elfsight.com\/audio-player-widget\/#demo\">Live-Demo<\/a>!<\/p><\/div>\r\n\t\t\t\t\t<\/div>\r\n\t\t\t\t<\/div> <\/div><\/div> <div class=\"application-platform-content-item-features application-platform-content-item\" id=\"features\" data-nav-section=\"features\"> <h2>Im Folgenden sind die wichtigsten Funktionen des Widgets aufgef\u00fchrt: <\/h2> <ul><li>Verschiedene Farb\u00e4nderungen<\/li> <li>Dunkles\/helles Farbthema<\/li> <li>Responsives Design<\/li> <li>Zwei sofort einsatzbereite Layouts<\/li> <li>M\u00f6glichkeit zur Verwendung eines Hintergrundbilds<\/li> <\/ul><p><a href=\"#demo \">Testen Sie alle Personalisierungsfunktionen in einer Demo mit vollem Funktionsumfang<\/a><\/p> <\/div> <div class=\"application-platform-content-item-installation application-platform-content-item\" id=\"installation\" data-nav-section=\"installation\"> <h2>Wie f\u00fcge ich den Music Player zu meiner Wix-Website hinzu?<\/h2> <div class=\"video-container\"><iframe width=\"720\" height=\"405\" src=\"https:\/\/www.youtube.com\/embed\/ereM6gi3XyI\"><\/iframe><\/div><p>F\u00fchren Sie einfach die unten aufgef\u00fchrten Schritte aus, um das Tool einzubetten.<\/p> <ol><li><b>Verwenden Sie unseren kostenlosen Editor und beginnen Sie mit der Erstellung Ihrer einzigartigen App.<\/b><br> Finden Sie die bevorzugte Form und die Parameter der App und \u00fcbernehmen Sie die \u00c4nderungen.<\/li> <li><b>Lassen Sie Ihren eindeutigen Code in der speziellen Form auf Elfsight Apps erscheinen.<\/b><br> Direkt nach der Konfiguration von Wenn Ihre pers\u00f6nliche App fertig ist, kopieren Sie den pers\u00f6nlichen Code im angezeigten Fenster und bewahren Sie ihn f\u00fcr einen sp\u00e4teren Anlass auf.<\/li> <li><b>Beginnen Sie mit der Verwendung des Audio-Players auf der Website von Wix.<\/b><br> Ort Kopieren Sie den k\u00fcrzlich kopierten Code auf Ihre Webseite und \u00fcbernehmen Sie die Anpassungen. <\/li> <li><b>Das Setup wurde erfolgreich abgeschlossen.<\/b><br> Besuchen Sie Ihre Website, um die Leistung der App zu \u00fcberpr\u00fcfen.<\/li> <\/ol> <p>Falls Sie damit zu tun haben Wenn Sie Fragen haben oder auf Hindernisse sto\u00dfen, z\u00f6gern Sie nicht, sich an unsere Support-Mitarbeiter zu wenden. Unsere Spezialisten sind bestrebt, alle Schwierigkeiten zu l\u00f6sen, die Sie mit dem Produkt haben k\u00f6nnten. <\/p> <\/div><div class=\"faq\" data-component=\"FAQ\"><div class=\"faq-item\">\r\n\t\t\t\t\t<div class=\"faq-item-question\">\r\n\t\t\t\t\t\t<h3 class=\"faq-item-question-text\">Die besten Anwendungsbeispiele der Player-Integration<\/h3>\r\n\r\n\t\t\t\t\t\t<div class=\"faq-item-question-icon\"><\/div>\r\n\t\t\t\t\t<\/div>\r\n\r\n\t\t\t\t\t<div class=\"faq-item-answer\">\r\n\t\t\t\t\t\t<div class=\"faq-item-answer-text\"><p>Wir bieten jede Menge Anpassungsm\u00f6glichkeiten: vollwertige Widgets f\u00fcr Einbettung in die Inhaltszone, schwebende Plugins mit Scrollm\u00f6glichkeiten, Miniaturansichten f\u00fcr die Fu\u00dfzeile Ihrer Website, Kopfzeile und alle Arten vertikaler M\u00f6glichkeiten f\u00fcr Seitenleisten und Men\u00fcs Ihrer Website. <\/p><\/div>\r\n\t\t\t\t\t<\/div>\r\n\t\t\t\t<\/div><div class=\"faq-item\">\r\n\t\t\t\t\t<div class=\"faq-item-question\">\r\n\t\t\t\t\t\t<h3 class=\"faq-item-question-text\">Darf ich mit Hilfe Ihres Editors mehrere Titel oder einen H\u00f6rbuch-Player erstellen?<\/h3>\r\n\r\n\t\t\t\t\t\t<div class=\"faq-item-question-icon\"><\/div>\r\n\t\t\t\t\t<\/div>\r\n\r\n\t\t\t\t\t<div class=\"faq-item-answer\">\r\n\t\t\t\t\t\t<div class=\"faq-item-answer-text\"><p>Sie k\u00f6nnen gerne die Variationen jedes Widgets gestalten. Im Editor stehen zahlreiche Layouts zur Verf\u00fcgung, die alle schnell an Ihre Bed\u00fcrfnisse angepasst werden k\u00f6nnen. <\/p><\/div>\r\n\t\t\t\t\t<\/div>\r\n\t\t\t\t<\/div><\/div>\n","protected":false},"excerpt":{"rendered":"","protected":false},"author":9,"featured_media":0,"parent":1315,"menu_order":0,"comment_status":"closed","ping_status":"closed","template":"templates\/template-application-platform.php","meta":{"publish_to_discourse":"","publish_post_category":"","wpdc_auto_publish_overridden":"","wpdc_topic_tags":"","wpdc_pin_topic":"","wpdc_pin_until":"","discourse_post_id":"","discourse_permalink":"","wpdc_publishing_response":"","wpdc_publishing_error":"","footnotes":""},"class_list":["post-16794","page","type-page","status-publish","hentry"],"yoast_head":"<!-- This site is optimized with the Yoast SEO plugin v25.3.1 - https:\/\/yoast.com\/wordpress\/plugins\/seo\/ -->\n<title>Audio-Player \u2013 Musik-App zur Website von Wix hinzuf\u00fcgen (schnell und kostenlos)<\/title>\n<meta name=\"description\" content=\"Implementieren Sie ein adaptives Music Player-Plugin auf Ihrer Website von Wix. Nutzen Sie unsere praktische Demo und erstellen Sie Ihr eigenes Tool in nur 2 Minuten.\" \/>\n<meta name=\"robots\" content=\"index, follow, max-snippet:-1, max-image-preview:large, max-video-preview:-1\" \/>\n<link rel=\"canonical\" href=\"https:\/\/elfsight.com\/de\/audio-player-widget\/wix\/\" \/>\n<meta property=\"og:locale\" content=\"de_DE\" \/>\n<meta property=\"og:type\" content=\"article\" \/>\n<meta property=\"og:title\" content=\"Audio-Player \u2013 Musik-App zur Website von Wix hinzuf\u00fcgen (schnell und kostenlos)\" \/>\n<meta property=\"og:description\" content=\"Implementieren Sie ein adaptives Music Player-Plugin auf Ihrer Website von Wix. Nutzen Sie unsere praktische Demo und erstellen Sie Ihr eigenes Tool in nur 2 Minuten.\" \/>\n<meta property=\"og:url\" content=\"https:\/\/elfsight.com\/de\/audio-player-widget\/wix\/\" \/>\n<meta property=\"og:site_name\" content=\"Elfsight DE\" \/>\n<meta property=\"article:modified_time\" content=\"2025-01-14T07:08:18+00:00\" \/>\n<meta name=\"twitter:card\" content=\"summary_large_image\" \/>\n<meta name=\"twitter:label1\" content=\"Gesch\u00e4tzte Lesezeit\" \/>\n\t<meta name=\"twitter:data1\" content=\"4\u00a0Minuten\" \/>\n<!-- \/ Yoast SEO plugin. -->","yoast_head_json":{"title":"Audio-Player \u2013 Musik-App zur Website von Wix hinzuf\u00fcgen (schnell und kostenlos)","description":"Implementieren Sie ein adaptives Music Player-Plugin auf Ihrer Website von Wix. Nutzen Sie unsere praktische Demo und erstellen Sie Ihr eigenes Tool in nur 2 Minuten.","robots":{"index":"index","follow":"follow","max-snippet":"max-snippet:-1","max-image-preview":"max-image-preview:large","max-video-preview":"max-video-preview:-1"},"canonical":"https:\/\/elfsight.com\/de\/audio-player-widget\/wix\/","og_locale":"de_DE","og_type":"article","og_title":"Audio-Player \u2013 Musik-App zur Website von Wix hinzuf\u00fcgen (schnell und kostenlos)","og_description":"Implementieren Sie ein adaptives Music Player-Plugin auf Ihrer Website von Wix. Nutzen Sie unsere praktische Demo und erstellen Sie Ihr eigenes Tool in nur 2 Minuten.","og_url":"https:\/\/elfsight.com\/de\/audio-player-widget\/wix\/","og_site_name":"Elfsight DE","article_modified_time":"2025-01-14T07:08:18+00:00","twitter_card":"summary_large_image","twitter_misc":{"Gesch\u00e4tzte Lesezeit":"4\u00a0Minuten"},"schema":{"@context":"https:\/\/schema.org","@graph":[{"@type":"WebPage","@id":"https:\/\/elfsight.com\/de\/audio-player-widget\/wix\/","url":"https:\/\/elfsight.com\/de\/audio-player-widget\/wix\/","name":"Audio-Player \u2013 Musik-App zur Website von Wix hinzuf\u00fcgen (schnell und kostenlos)","isPartOf":{"@id":"https:\/\/elfsight.com\/de\/#website"},"datePublished":"2024-05-03T06:28:30+00:00","dateModified":"2025-01-14T07:08:18+00:00","description":"Implementieren Sie ein adaptives Music Player-Plugin auf Ihrer Website von Wix. Nutzen Sie unsere praktische Demo und erstellen Sie Ihr eigenes Tool in nur 2 Minuten.","breadcrumb":{"@id":"https:\/\/elfsight.com\/de\/audio-player-widget\/wix\/#breadcrumb"},"inLanguage":"de","potentialAction":[{"@type":"ReadAction","target":["https:\/\/elfsight.com\/de\/audio-player-widget\/wix\/"]}]},{"@type":"BreadcrumbList","@id":"https:\/\/elfsight.com\/de\/audio-player-widget\/wix\/#breadcrumb","itemListElement":[{"@type":"ListItem","position":1,"name":"Home","item":"https:\/\/elfsight.com\/de\/"},{"@type":"ListItem","position":2,"name":"Audio Player","item":"https:\/\/elfsight.com\/de\/audio-player-widget\/"},{"@type":"ListItem","position":3,"name":"Audio Player &#8211; Wix"}]},{"@type":"WebSite","@id":"https:\/\/elfsight.com\/de\/#website","url":"https:\/\/elfsight.com\/de\/","name":"Elfsight DE","description":"Just another Elfsight Sites site","potentialAction":[{"@type":"SearchAction","target":{"@type":"EntryPoint","urlTemplate":"https:\/\/elfsight.com\/de\/?s={search_term_string}"},"query-input":{"@type":"PropertyValueSpecification","valueRequired":true,"valueName":"search_term_string"}}],"inLanguage":"de"}]}},"meta_box":{"industry":"","seo_heading":"","heading":"","description":"","cta_heading":"","cta_description":"","application":"505","h1":"Wix Audio Player-App","h1_caption":"F\u00fcgen Sie Audiotitel m\u00fchelos direkt auf Ihrer Website hinzu und pr\u00e4sentieren Sie sie mit einem eleganten, anpassbaren Player auf Ihrer Website von Wix.","application_category":[],"applications_title":"","applications_request_title":"","applications_request_button_text":"","hero_text":"","hero_video":"","hero_video_schema_markup":"","selling_points_title":"","selling_points_caption":"","selling_points":[],"selling_points_cta_text":"","features_title":"","features":"","ed_cta_examples_text":"","ed_cta_examples_hidden":"","ed_cta_demo_text":"","ed_cta_demo_hidden":"","why_caption":"","why_editor_title":"","why_editor_text":"","why_team_title":"","why_team_text":"","why_service_title":"","why_service_text":"","template_catalog_visible":"0","template_catalog_title":"","template_catalog_text":"","template_catalog_categories_visible":"","demo_title":"Erstellen Sie Ihre Audio-Player-App","demo_caption":"Konfigurieren Sie Ihren Audio-Player und f\u00fcgen Sie ihn kostenlos zu Ihrer Wix-Website hinzu!","default_faq_hidden":"","app_template_category":[],"platform":"265","template_public_id":"","codecanyon_url":"","codecanyon_item_id":"","codecanyon_price":"","pricing_caption":"","pricing_elfsight_apps_hide_column":"","pricing_elfsight_apps_url":"","pricing_codecanyon_price_caption":"","integration_category":[],"integration_request_title":"","integration_request_cta":"","integration_platform":"","integrations":[],"platform_category":[],"video_schema_markup":"","price":"ab 0 $ \/ Monat","trial":"","benefits":[{"text":"Kostenlose Installationshilfe"},{"text":"Professioneller Kundenservice"},{"text":"14-t\u00e4gige R\u00fcckerstattungsgarantie"},{"text":"St\u00e4ndige Aktualisierung"}],"button_url":"#demo","button_target_blank":"0","button_nofollow":"0","attributes":[{"name":"Installiert","content":"100,000 - 500,000"},{"name":"Reaktionsfreudig","content":"Ja"},{"name":"Kompatible Browser","content":"Edge, Safari, Chrome, Firefox, Opera"}],"tags":[],"tags_disable_links":"0","hide_more_platforms":"","video_object":"","demo_hide_cta":"0","demo_hide_cloud_options":"0","pricing_title":"","pricing":[{"pricing_icon":"platform","pricing_title":"Elfsight Apps","pricing_title_caption":"Plattform\u00fcbergreifende digitale L\u00f6sung, die auf jeder Website funktioniert","pricing_price":"ab 0 $ \/ Monat","pricing_price_caption":"Beginnen Sie mit einem kostenlosen Plan","pricing_benefits":[{"text":"Unbegrenzte Anzahl an Domains"},{"text":"Erstklassiger und p\u00fcnktlicher Support"},{"text":"Kostenlose Installationsunterst\u00fctzung"},{"text":"100 % anpassbar"}],"pricing_button_text":"Zur Website hinzuf\u00fcgen","pricing_button_url":"#demo"}],"related_apps_title":"","related_apps_hidden":"0","author":"","image":[],"title":"","job":"","social_networks":[]},"_links":{"self":[{"href":"https:\/\/elfsight.com\/de\/wp-json\/wp\/v2\/pages\/16794","targetHints":{"allow":["GET"]}}],"collection":[{"href":"https:\/\/elfsight.com\/de\/wp-json\/wp\/v2\/pages"}],"about":[{"href":"https:\/\/elfsight.com\/de\/wp-json\/wp\/v2\/types\/page"}],"author":[{"embeddable":true,"href":"https:\/\/elfsight.com\/de\/wp-json\/wp\/v2\/users\/9"}],"replies":[{"embeddable":true,"href":"https:\/\/elfsight.com\/de\/wp-json\/wp\/v2\/comments?post=16794"}],"version-history":[{"count":5,"href":"https:\/\/elfsight.com\/de\/wp-json\/wp\/v2\/pages\/16794\/revisions"}],"predecessor-version":[{"id":23573,"href":"https:\/\/elfsight.com\/de\/wp-json\/wp\/v2\/pages\/16794\/revisions\/23573"}],"up":[{"embeddable":true,"href":"https:\/\/elfsight.com\/de\/wp-json\/wp\/v2\/pages\/1315"}],"wp:attachment":[{"href":"https:\/\/elfsight.com\/de\/wp-json\/wp\/v2\/media?parent=16794"}],"curies":[{"name":"wp","href":"https:\/\/api.w.org\/{rel}","templated":true}]}}