{"id":16792,"date":"2024-05-03T06:28:28","date_gmt":"2024-05-03T06:28:28","guid":{"rendered":"https:\/\/elfsight.com\/de\/?page_id=16792"},"modified":"2025-01-14T05:59:07","modified_gmt":"2025-01-14T05:59:07","slug":"bigcommerce","status":"publish","type":"page","link":"https:\/\/elfsight.com\/de\/audio-player-widget\/bigcommerce\/","title":{"rendered":"Audio Player &#8211; BigCommerce"},"content":{"rendered":"\n<div class=\"application-platform-content-item-description application-platform-content-item\" id=\"description\" data-nav-section=\"description\"> \n<h2>AudioPlayer in BigCommerce mit einer Elfsight-App einbinden<\/h2> \n<p>Die Elfsight Audio Player-App ist f\u00fcr die Wiedergabe von Audioinhalten aller Art entwickelt. Teilen Sie Ihre Lieblingssongs oder die neuesten Ver\u00f6ffentlichungen, bauen Sie eine Audiothek auf, senden Sie Ihre Audioshows oder unterrichten Sie Ihr Publikum mit Audio-Vorlesungen und Artikeln.<\/p>\n<p>Mit dieser einfachen L\u00f6sung k\u00f6nnen Sie eine Playlist erstellen, die Ihr Publikum garantiert nicht verpassen wird! Binden Sie eine unbegrenzte Anzahl von Tracks per URL oder direkt von Ihrem Ger\u00e4t ein, wiederholen und mischen Sie Ihre Audioinhalte, aktivieren Sie die Autoplay-Funktion, um den Besuchern Ihrer Website einen bleibenden Eindruck zu hinterlassen, und platzieren Sie den Player \u00fcberall auf der Seite.<\/p>\n<p><b>Erstellen Sie m\u00fchelos Ihre individuellen Playlists und setzen Sie die Stimmung Ihrer Kunden, um deren Navigationserlebnis auf Ihrer Website zu verbessern!<\/b><\/p>\n<\/div> \n\n<div class=\"application-platform-content-item-features application-platform-content-item\" id=\"features\" data-nav-section=\"features\"> \n<h2>Wichtige Funktionen der App:<\/h2>\n<ul>\n<li><b>Wiedergabe aller Audioinhalte.<\/b> Die Musik-App von Elfsight erm\u00f6glicht das Hinzuf\u00fcgen verschiedener Tracks in jedem g\u00e4ngigen Format f\u00fcr solche Inhalte.<\/li>\n<li><b>Unterst\u00fctzung vieler Quellen.<\/b> Sie k\u00f6nnen Ihre Tracks per Link bereitstellen oder direkt von Ihrem Ger\u00e4t oder Cloud-Diensten hochladen.<\/li>\n<li><b>Wiederholen und Mischen von Tracks.<\/b> Benutzer k\u00f6nnen die Wiedergabe nach ihren W\u00fcnschen anpassen: die Tracks in der Playlist mischen oder jeden einzelnen wiederholen.<\/li>\n<li><b>Details des Players und der Playlist teilen.<\/b> Zeigen Sie Ihre schaltbare Playlist und alle Informationen dazu sowie zu den Tracks auf der Liste an.<\/li>\n<li><b>Autoplay-Option aktivieren.<\/b> Schalten Sie die Autoplay-Option ein, damit Besucher die Musik h\u00f6ren, sobald sie die Website \u00f6ffnen.<\/li>\n<\/ul>\n<p><a href=\"#demo\">Der benutzerfreundliche Editor zeigt Ihnen, wie die Funktionen und Optionen direkt auf dieser Seite funktionieren<\/a><\/p>\n<\/div> \n\n<div class=\"application-platform-content-item-installation application-platform-content-item\" id=\"installation\" data-nav-section=\"installation\"> \n<h2>Wie kann ich den Audio Player in meine BigCommerce-Website einbinden?<\/h2>\n<p>Folgen Sie dieser einfachen Anleitung, um die App auf Ihrer BigCommerce-Website zu integrieren. Es dauert nur ein paar Minuten und erfordert keine Programmierkenntnisse.<\/p>\n<ol>\n<li><strong>Erstellen Sie Ihre benutzerdefinierte Audio Player-App<\/strong><br>\nBeginnen Sie mit einer beliebigen Vorlage im Editor, arbeiten Sie mit den benutzerfreundlichen Elementen des Editors und passen Sie die App nach Ihrem gew\u00fcnschten Stil und den gew\u00fcnschten Optionen an.<\/li>\n<li><strong>Holen Sie sich den pers\u00f6nlichen Code zur Einbindung der App<\/strong><br>\nNachdem Sie Ihre App erstellt haben, erhalten Sie einen individuellen HTML-Code in Ihrem Dashboard. Kopieren Sie diesen, der alle Details zu Ihren Einstellungen enth\u00e4lt.<\/li>\n<li><strong>Zeigen Sie die App auf Ihrer BigCommerce-Website an<\/strong><br>\nW\u00e4hlen Sie die Bereiche Ihrer Website aus, auf denen Sie den Audio Player pr\u00e4sentieren m\u00f6chten, und f\u00fcgen Sie den Code dort ein. Speichern Sie Ihre \u00c4nderungen.<\/li>\n<\/ol>\n<p>Fertig! Jetzt sehen Sie, wie die App auf Ihrer Website funktioniert.<\/p>\n<p>Falls Sie auf Schwierigkeiten sto\u00dfen, w\u00e4hrend Sie die App auf Ihrer Website einbinden, z\u00f6gern Sie nicht, unseren Kundendienst zu kontaktieren. Wir beraten Sie gerne beim Hinzuf\u00fcgen und Anpassen Ihres Players.<\/p>\n<\/div>\n\n\n<p><iframe width=\"720\" height=\"405\" src=\"https:\/\/www.youtube.com\/embed\/OheXTE8Ffbw\" frameborder=\"0\" allowfullscreen=\"\"><\/iframe><\/p>","protected":false},"excerpt":{"rendered":"","protected":false},"author":9,"featured_media":0,"parent":1315,"menu_order":0,"comment_status":"closed","ping_status":"closed","template":"templates\/template-application-platform.php","meta":{"publish_to_discourse":"","publish_post_category":"","wpdc_auto_publish_overridden":"","wpdc_topic_tags":"","wpdc_pin_topic":"","wpdc_pin_until":"","discourse_post_id":"","discourse_permalink":"","wpdc_publishing_response":"","wpdc_publishing_error":"","footnotes":""},"class_list":["post-16792","page","type-page","status-publish","hentry"],"yoast_head":"<!-- This site is optimized with the Yoast SEO plugin v25.3.1 - https:\/\/yoast.com\/wordpress\/plugins\/seo\/ -->\n<title>Audio-Player \u2013 Musik-App zur BigCommerce-Website hinzuf\u00fcgen (schnell und kostenlos)<\/title>\n<meta name=\"description\" content=\"F\u00fcgen Sie Ihrer BigCommerce-Site eine responsive Audio-Player-App hinzu. Wenden Sie die praktische Demo an und erstellen Sie in nur wenigen Minuten Ihr eigenes Musik-Widget.\" \/>\n<meta name=\"robots\" content=\"index, follow, max-snippet:-1, max-image-preview:large, max-video-preview:-1\" \/>\n<link rel=\"canonical\" href=\"https:\/\/elfsight.com\/de\/audio-player-widget\/bigcommerce\/\" \/>\n<meta property=\"og:locale\" content=\"de_DE\" \/>\n<meta property=\"og:type\" content=\"article\" \/>\n<meta property=\"og:title\" content=\"Audio-Player \u2013 Musik-App zur BigCommerce-Website hinzuf\u00fcgen (schnell und kostenlos)\" \/>\n<meta property=\"og:description\" content=\"F\u00fcgen Sie Ihrer BigCommerce-Site eine responsive Audio-Player-App hinzu. Wenden Sie die praktische Demo an und erstellen Sie in nur wenigen Minuten Ihr eigenes Musik-Widget.\" \/>\n<meta property=\"og:url\" content=\"https:\/\/elfsight.com\/de\/audio-player-widget\/bigcommerce\/\" \/>\n<meta property=\"og:site_name\" content=\"Elfsight DE\" \/>\n<meta property=\"article:modified_time\" content=\"2025-01-14T05:59:07+00:00\" \/>\n<meta name=\"twitter:card\" content=\"summary_large_image\" \/>\n<meta name=\"twitter:label1\" content=\"Gesch\u00e4tzte Lesezeit\" \/>\n\t<meta name=\"twitter:data1\" content=\"3\u00a0Minuten\" \/>\n<!-- \/ Yoast SEO plugin. -->","yoast_head_json":{"title":"Audio-Player \u2013 Musik-App zur BigCommerce-Website hinzuf\u00fcgen (schnell und kostenlos)","description":"F\u00fcgen Sie Ihrer BigCommerce-Site eine responsive Audio-Player-App hinzu. Wenden Sie die praktische Demo an und erstellen Sie in nur wenigen Minuten Ihr eigenes Musik-Widget.","robots":{"index":"index","follow":"follow","max-snippet":"max-snippet:-1","max-image-preview":"max-image-preview:large","max-video-preview":"max-video-preview:-1"},"canonical":"https:\/\/elfsight.com\/de\/audio-player-widget\/bigcommerce\/","og_locale":"de_DE","og_type":"article","og_title":"Audio-Player \u2013 Musik-App zur BigCommerce-Website hinzuf\u00fcgen (schnell und kostenlos)","og_description":"F\u00fcgen Sie Ihrer BigCommerce-Site eine responsive Audio-Player-App hinzu. Wenden Sie die praktische Demo an und erstellen Sie in nur wenigen Minuten Ihr eigenes Musik-Widget.","og_url":"https:\/\/elfsight.com\/de\/audio-player-widget\/bigcommerce\/","og_site_name":"Elfsight DE","article_modified_time":"2025-01-14T05:59:07+00:00","twitter_card":"summary_large_image","twitter_misc":{"Gesch\u00e4tzte Lesezeit":"3\u00a0Minuten"},"schema":{"@context":"https:\/\/schema.org","@graph":[{"@type":"WebPage","@id":"https:\/\/elfsight.com\/de\/audio-player-widget\/bigcommerce\/","url":"https:\/\/elfsight.com\/de\/audio-player-widget\/bigcommerce\/","name":"Audio-Player \u2013 Musik-App zur BigCommerce-Website hinzuf\u00fcgen (schnell und kostenlos)","isPartOf":{"@id":"https:\/\/elfsight.com\/de\/#website"},"datePublished":"2024-05-03T06:28:28+00:00","dateModified":"2025-01-14T05:59:07+00:00","description":"F\u00fcgen Sie Ihrer BigCommerce-Site eine responsive Audio-Player-App hinzu. Wenden Sie die praktische Demo an und erstellen Sie in nur wenigen Minuten Ihr eigenes Musik-Widget.","breadcrumb":{"@id":"https:\/\/elfsight.com\/de\/audio-player-widget\/bigcommerce\/#breadcrumb"},"inLanguage":"de","potentialAction":[{"@type":"ReadAction","target":["https:\/\/elfsight.com\/de\/audio-player-widget\/bigcommerce\/"]}]},{"@type":"BreadcrumbList","@id":"https:\/\/elfsight.com\/de\/audio-player-widget\/bigcommerce\/#breadcrumb","itemListElement":[{"@type":"ListItem","position":1,"name":"Home","item":"https:\/\/elfsight.com\/de\/"},{"@type":"ListItem","position":2,"name":"Audio Player","item":"https:\/\/elfsight.com\/de\/audio-player-widget\/"},{"@type":"ListItem","position":3,"name":"Audio Player &#8211; BigCommerce"}]},{"@type":"WebSite","@id":"https:\/\/elfsight.com\/de\/#website","url":"https:\/\/elfsight.com\/de\/","name":"Elfsight DE","description":"Just another Elfsight Sites site","potentialAction":[{"@type":"SearchAction","target":{"@type":"EntryPoint","urlTemplate":"https:\/\/elfsight.com\/de\/?s={search_term_string}"},"query-input":{"@type":"PropertyValueSpecification","valueRequired":true,"valueName":"search_term_string"}}],"inLanguage":"de"}]}},"meta_box":{"industry":"","seo_heading":"","heading":"","description":"","cta_heading":"","cta_description":"","application":"505","h1":"BigCommerce Audio Player-App","h1_caption":"F\u00fcgen Sie Audiotracks m\u00fchelos direkt auf Ihrer Website hinzu und pr\u00e4sentieren Sie sie mit einem eleganten, anpassbaren Player auf Ihrer BigCommerce-Website.","application_category":[],"applications_title":"","applications_request_title":"","applications_request_button_text":"","hero_text":"","hero_video":"","hero_video_schema_markup":"","selling_points_title":"","selling_points_caption":"","selling_points":[],"selling_points_cta_text":"","features_title":"","features":"","ed_cta_examples_text":"","ed_cta_examples_hidden":"","ed_cta_demo_text":"","ed_cta_demo_hidden":"","why_caption":"","why_editor_title":"","why_editor_text":"","why_team_title":"","why_team_text":"","why_service_title":"","why_service_text":"","template_catalog_visible":"0","template_catalog_title":"","template_catalog_text":"","template_catalog_categories_visible":"","demo_title":"Erstellen Sie Ihre Audio-Player-App","demo_caption":"Konfigurieren Sie Ihren Audio-Player und f\u00fcgen Sie ihn kostenlos zu Ihrer BigCommerce-Website hinzu!","default_faq_hidden":"","app_template_category":[],"platform":"268","template_public_id":"","codecanyon_url":"","codecanyon_item_id":"","codecanyon_price":"","pricing_caption":"","pricing_elfsight_apps_hide_column":"","pricing_elfsight_apps_url":"","pricing_codecanyon_price_caption":"","integration_category":[],"integration_request_title":"","integration_request_cta":"","integration_platform":"","integrations":[],"platform_category":[],"video_schema_markup":"","price":"ab 0 $ \/ Monat","trial":"","benefits":[{"text":"Kostenlose Installationshilfe"},{"text":"Erfahrener Kundensupport"},{"text":"14-t\u00e4gige Geld-zur\u00fcck-Garantie"},{"text":"Zuk\u00fcnftige kostenlose Updates"}],"button_url":"#demo","button_target_blank":"0","button_nofollow":"0","attributes":[{"name":"Installiert","content":"100,000 - 500,000"},{"name":"Reaktionsfreudig","content":"Ja"},{"name":"Kompatible Browser","content":"Firefox, Safari, Opera, Chrome, Edge"}],"tags":[],"tags_disable_links":"0","hide_more_platforms":"","video_object":"","demo_hide_cta":"0","demo_hide_cloud_options":"0","pricing_title":"","pricing":[{"pricing_icon":"platform","pricing_title":"Elfsight Apps","pricing_title_caption":"Plattform\u00fcbergreifende Version, die auf jeder Site funktioniert","pricing_price":"ab 0 $ \/ Monat","pricing_price_caption":"Beginnen Sie mit einem kostenlosen Plan","pricing_benefits":[{"text":"Unbegrenzte Websites"},{"text":"Schneller Kundensupport und gut dokumentiert"},{"text":"Kostenloser Installationssupport"},{"text":"Vollst\u00e4ndig anpassbar"}],"pricing_button_text":"Zur Website hinzuf\u00fcgen","pricing_button_url":"#demo"}],"related_apps_title":"","related_apps_hidden":"0","author":"","image":[],"title":"","job":"","social_networks":[]},"_links":{"self":[{"href":"https:\/\/elfsight.com\/de\/wp-json\/wp\/v2\/pages\/16792","targetHints":{"allow":["GET"]}}],"collection":[{"href":"https:\/\/elfsight.com\/de\/wp-json\/wp\/v2\/pages"}],"about":[{"href":"https:\/\/elfsight.com\/de\/wp-json\/wp\/v2\/types\/page"}],"author":[{"embeddable":true,"href":"https:\/\/elfsight.com\/de\/wp-json\/wp\/v2\/users\/9"}],"replies":[{"embeddable":true,"href":"https:\/\/elfsight.com\/de\/wp-json\/wp\/v2\/comments?post=16792"}],"version-history":[{"count":3,"href":"https:\/\/elfsight.com\/de\/wp-json\/wp\/v2\/pages\/16792\/revisions"}],"predecessor-version":[{"id":23549,"href":"https:\/\/elfsight.com\/de\/wp-json\/wp\/v2\/pages\/16792\/revisions\/23549"}],"up":[{"embeddable":true,"href":"https:\/\/elfsight.com\/de\/wp-json\/wp\/v2\/pages\/1315"}],"wp:attachment":[{"href":"https:\/\/elfsight.com\/de\/wp-json\/wp\/v2\/media?parent=16792"}],"curies":[{"name":"wp","href":"https:\/\/api.w.org\/{rel}","templated":true}]}}