{"id":16791,"date":"2024-05-03T06:28:27","date_gmt":"2024-05-03T06:28:27","guid":{"rendered":"https:\/\/elfsight.com\/de\/?page_id=16791"},"modified":"2025-01-14T08:19:36","modified_gmt":"2025-01-14T08:19:36","slug":"wordpress","status":"publish","type":"page","link":"https:\/\/elfsight.com\/de\/audio-player-widget\/wordpress\/","title":{"rendered":"Audio Player &#8211; WordPress"},"content":{"rendered":"\n<div class=\"application-platform-content-item-description application-platform-content-item\" id=\"description\" data-nav-section=\"description\"> <h2>Audio Player mit dem Elfsight-Widget in WordPress einbetten<\/h2> <p>Elfsight Music Player ist das beste Plugin f\u00fcr WordPress, das Ihnen die Wiedergabe erm\u00f6glicht Audiospuren direkt auf den Seiten Ihrer Website. Das Tool ist vollst\u00e4ndig anpassbar: Sie k\u00f6nnen seine Platzierung \u00e4ndern, es an einer beliebigen Stelle auf der Seite platzieren, seine Gr\u00f6\u00dfe skalieren, den Hintergrund und alle anderen Elemente neu einf\u00e4rben, um es mit dem Stil Ihrer Website zu vermischen, ein dunkles Farbschema verwenden, Bilder freigeben usw 4 zus\u00e4tzliche Player-Teile wie Fortschrittsbalken, \u00dcberschrift und andere anzeigen oder ausblenden. F\u00fcgen Sie so viele Titel hinzu, wie Sie m\u00f6chten, um Ihr Publikum zu begeistern, schalten Sie die automatische Wiedergabe ein und stellen Sie sicher, dass Ihre Besucher Ihre Homepage nicht sofort verlassen!<\/p><p><b>Starten Sie mit dem Elfsight Audio-Plugin ein schnelleres Gesch\u00e4ftswachstum und Umsatz steigern<\/b><\/p> <div class=\"faq\" data-component=\"FAQ\"> <div class=\"faq-item\">\r\n\t\t\t\t\t<div class=\"faq-item-question\">\r\n\t\t\t\t\t\t<h3 class=\"faq-item-question-text\">Gibt es noch andere Tools f\u00fcr WordPress, die ich auf meiner Website einf\u00fcgen kann? <\/h3>\r\n\r\n\t\t\t\t\t\t<div class=\"faq-item-question-icon\"><\/div>\r\n\t\t\t\t\t<\/div>\r\n\r\n\t\t\t\t\t<div class=\"faq-item-answer\">\r\n\t\t\t\t\t\t<div class=\"faq-item-answer-text\"> <p>Wir m\u00fcssen eine riesige Auswahl an verschiedenen Tools f\u00fcr Sie anbieten um jedes Ziel auf Ihrer Website zu erreichen. \u00dcberzeugen Sie sich selbst: <a href=\"https:\/\/elfsight.com\/whatsapp-chat-widget\/wordpress\/\">WhatsApp Chat<\/a>, <a href=\"https:\/\/elfsight.com\/facebook-chat -widget\/wordpress\/\">Facebook-Chat<\/a>, <a href=\"https:\/\/elfsight.com\/google-reviews-widget\/wordpress\/\">Google-Bewertungen<\/a>, <a href=\"https:\/\/elfsight.com\/testimonials-slider-widget\/wordpress\/\">Testimonials-Slider<\/a>, <a href=\"https:\/\/elfsight.com\/youtube-channel-plugin-yottie\/wordpress\/\">YouTube Futter<\/a>. W\u00e4hlen Sie Ihr Tool oder f\u00fcgen Sie sie alle zu Ihrer Website hinzu \u2013 Sie haben die Wahl! <\/p> <\/div>\r\n\t\t\t\t\t<\/div>\r\n\t\t\t\t<\/div> <div class=\"faq-item\">\r\n\t\t\t\t\t<div class=\"faq-item-question\">\r\n\t\t\t\t\t\t<h3 class=\"faq-item-question-text\">Wie bette ich das Music Player-Plugin in meine WordPress-Website ein? <\/h3>\r\n\r\n\t\t\t\t\t\t<div class=\"faq-item-question-icon\"><\/div>\r\n\t\t\t\t\t<\/div>\r\n\r\n\t\t\t\t\t<div class=\"faq-item-answer\">\r\n\t\t\t\t\t\t<div class=\"faq-item-answer-text\"> <p>Sie k\u00f6nnen Ihr Music Player-Plugin ganz einfach zu Ihrer WordPress-Website hinzuf\u00fcgen. Gehen Sie einfach zum Admin-Bereich und befolgen Sie diese Schritte: <\/p><ol><li>W\u00e4hlen Sie die Designeinstellungen aus. <\/li><li>W\u00e4hlen Sie den Teil aus, in dem Sie Ihr WordPress-Plugin hinzuf\u00fcgen m\u00f6chten. <\/li><li>F\u00fcgen Sie Ihren Code vom Elfsight Apps-Dienst ein und \u00fcbernehmen Sie Ihre \u00c4nderungen. <\/li><li>So einfach ist das. <\/li><\/ol><p>Au\u00dferdem k\u00f6nnen Sie <a href=\"https:\/\/elfsight.com\/tutorials\/how-to-embed-audio-player-on-any-website\/#how- to-add-music%20player-to-wordpress\">diese Anleitung<\/a>, wenn Sie noch weitere Fragen zur Funktionsweise unseres WordPress-Widgets haben.<\/p><\/div>\r\n\t\t\t\t\t<\/div>\r\n\t\t\t\t<\/div> <div class=\"faq-item\">\r\n\t\t\t\t\t<div class=\"faq-item-question\">\r\n\t\t\t\t\t\t<h3 class=\"faq-item-question-text\">Kann ich testen Ihre WordPress Music Player-App bei Verwendung? <\/h3>\r\n\r\n\t\t\t\t\t\t<div class=\"faq-item-question-icon\"><\/div>\r\n\t\t\t\t\t<\/div>\r\n\r\n\t\t\t\t\t<div class=\"faq-item-answer\">\r\n\t\t\t\t\t\t<div class=\"faq-item-answer-text\"> <p>Sie k\u00f6nnen den Music Player nicht nur verwenden, sondern auch zu Ihrer WordPress-Site hinzuf\u00fcgen, und das alles mithilfe unserer Live-Demo! \u00dcberpr\u00fcfen Sie es <a href=\"https:\/\/elfsight.com\/audio-player-widget\/#demo\">hier<\/a>.<\/p><\/div>\r\n\t\t\t\t\t<\/div>\r\n\t\t\t\t<\/div> <\/div><\/div> <div class=\"application-platform-content-item-features application-platform-content-item\" id=\"features\" data-nav-section=\"features\"> <h2>Das Plugin enth\u00e4lt praktische und einfache Funktionen, hier sind einige davon:<\/h2> <ul><li>Zahlreiche Farb\u00e4nderungen<\/li> <li>Dunkles\/helles Farbthema<\/li> <li>Responsives Design<\/li> <li>Zwei Layouts anwendbar<\/li> <li>M\u00f6glichkeit, ein Hintergrundbild zu verwenden<\/li> <\/ul><p><a href=\"#demo\">Probieren Sie es einfach aus Sehen Sie sich diese Demo an, um einen vollst\u00e4ndigen \u00dcberblick zu erhalten<\/a><\/p> <\/div> <div class=\"application-platform-content-item-installation application-platform-content-item\" id=\"installation\" data-nav-section=\"installation\"> <h2>Wie f\u00fcge ich den Audio Player zu meiner WordPress-Website hinzu?<\/h2> <div class=\"video-container\"><iframe width=\"560\" height=\"315\" src=\"https:\/\/www.youtube.com\/embed\/_BP9Fh7-wOg?si=pN1E12Wqv2_fAGg2\" frameborder=\"0\" allow=\"accelerometer; autoplay; clipboard-write; encrypted-media; gyroscope; picture-in-picture; web-share\" allowfullscreen><\/iframe><\/div><p> F\u00fchren Sie einfach die unten beschriebenen Schritte aus, um mit der Arbeit mit dem Musik-Player-Plugin zu beginnen.<\/p> <ol><li><b>Starten Sie unseren kostenlosen Editor und beginnen Sie mit der Erstellung Ihres einzigartigen Plugins. <\/b><br> Finden Sie das bevorzugte Layout und die bevorzugten Aspekte des Plugins und speichern Sie alle \u00c4nderungen. <\/li> <li><b>Erhalten Sie Ihren pers\u00f6nlichen Code, der im speziellen Formular auf Elfsight Apps angezeigt wird. <\/b><br> Nachdem die Einrichtung Ihres Plugins abgeschlossen ist, kopieren Sie den einzelnen Code aus dem erscheinenden Popup und bewahren Sie ihn f\u00fcr einen sp\u00e4teren Anlass auf. <\/li> <li><b>Beginnen Sie mit der Verwendung des Plugins auf der WordPress-Site. <\/b><br> F\u00fcgen Sie den zuvor kopierten Code in Ihre Website ein und speichern Sie die Korrekturen. <\/li> <li><b>Du bist fertig! Die Einbettung ist vollst\u00e4ndig durchgef\u00fchrt. <\/b><br> Besuchen Sie Ihre Website, um die Funktionsweise des Plugins in Aktion zu sehen. <\/li><\/ol><p>Wenn Sie Fragen haben oder auf Hindernisse sto\u00dfen, scheuen Sie sich nicht, sich an unsere Support-Mitarbeiter zu wenden. Unsere Spezialisten l\u00f6sen gerne alle Probleme, die Sie mit dem Produkt haben k\u00f6nnten. <\/p> <\/div><div class=\"faq\" data-component=\"FAQ\"><div class=\"faq-item\">\r\n\t\t\t\t\t<div class=\"faq-item-question\">\r\n\t\t\t\t\t\t<h3 class=\"faq-item-question-text\">Die besten M\u00f6glichkeiten zur Verwendung der Audio-Player-Integration<\/h3>\r\n\r\n\t\t\t\t\t\t<div class=\"faq-item-question-icon\"><\/div>\r\n\t\t\t\t\t<\/div>\r\n\r\n\t\t\t\t\t<div class=\"faq-item-answer\">\r\n\t\t\t\t\t\t<div class=\"faq-item-answer-text\"><p>Wir gew\u00e4hren Ihnen viele Anpassungsoptionen: Widgets in voller L\u00e4nge f\u00fcr F\u00fcgen Sie im Inhaltsbereich schwebende Plugins f\u00fcr Scrollm\u00f6glichkeiten, Miniaturansichten f\u00fcr die Fu\u00dfzeile Ihrer Website, die Kopfzeile und alle m\u00f6glichen vertikalen M\u00f6glichkeiten f\u00fcr Seitenleisten und Men\u00fcs hinzu. <\/p><\/div>\r\n\t\t\t\t\t<\/div>\r\n\t\t\t\t<\/div><div class=\"faq-item\">\r\n\t\t\t\t\t<div class=\"faq-item-question\">\r\n\t\t\t\t\t\t<h3 class=\"faq-item-question-text\">Darf ich mit dem Editor ein neues Album oder einen Single-Track-Player erstellen?<\/h3>\r\n\r\n\t\t\t\t\t\t<div class=\"faq-item-question-icon\"><\/div>\r\n\t\t\t\t\t<\/div>\r\n\r\n\t\t\t\t\t<div class=\"faq-item-answer\">\r\n\t\t\t\t\t\t<div class=\"faq-item-answer-text\"><p>Sie k\u00f6nnen die Modifikationen jedes Widgets erstellen. Im Editor steht eine gro\u00dfe Auswahl an Layouts zur Verf\u00fcgung, die alle leicht an Ihre Bed\u00fcrfnisse angepasst werden k\u00f6nnen. <\/p><\/div>\r\n\t\t\t\t\t<\/div>\r\n\t\t\t\t<\/div><\/div>\n","protected":false},"excerpt":{"rendered":"","protected":false},"author":9,"featured_media":0,"parent":1315,"menu_order":0,"comment_status":"closed","ping_status":"closed","template":"templates\/template-application-platform.php","meta":{"publish_to_discourse":"","publish_post_category":"","wpdc_auto_publish_overridden":"","wpdc_topic_tags":"","wpdc_pin_topic":"","wpdc_pin_until":"","discourse_post_id":"","discourse_permalink":"","wpdc_publishing_response":"","wpdc_publishing_error":"","footnotes":""},"class_list":["post-16791","page","type-page","status-publish","hentry"],"yoast_head":"<!-- This site is optimized with the Yoast SEO plugin v25.3.1 - https:\/\/yoast.com\/wordpress\/plugins\/seo\/ -->\n<title>Audio-Player \u2013 Musik-App zur WordPress-Website hinzuf\u00fcgen (schnell und kostenlos)<\/title>\n<meta name=\"description\" content=\"F\u00fcgen Sie Ihrer WordPress-Website ein flexibles Musik-Player-Widget hinzu. Nutzen Sie unsere praktische Demo und erstellen Sie Ihr personalisiertes Plugin in nur 2 Minuten.\" \/>\n<meta name=\"robots\" content=\"index, follow, max-snippet:-1, max-image-preview:large, max-video-preview:-1\" \/>\n<link rel=\"canonical\" href=\"https:\/\/elfsight.com\/de\/audio-player-widget\/wordpress\/\" \/>\n<meta property=\"og:locale\" content=\"de_DE\" \/>\n<meta property=\"og:type\" content=\"article\" \/>\n<meta property=\"og:title\" content=\"Audio-Player \u2013 Musik-App zur WordPress-Website hinzuf\u00fcgen (schnell und kostenlos)\" \/>\n<meta property=\"og:description\" content=\"F\u00fcgen Sie Ihrer WordPress-Website ein flexibles Musik-Player-Widget hinzu. Nutzen Sie unsere praktische Demo und erstellen Sie Ihr personalisiertes Plugin in nur 2 Minuten.\" \/>\n<meta property=\"og:url\" content=\"https:\/\/elfsight.com\/de\/audio-player-widget\/wordpress\/\" \/>\n<meta property=\"og:site_name\" content=\"Elfsight DE\" \/>\n<meta property=\"article:modified_time\" content=\"2025-01-14T08:19:36+00:00\" \/>\n<meta name=\"twitter:card\" content=\"summary_large_image\" \/>\n<meta name=\"twitter:label1\" content=\"Gesch\u00e4tzte Lesezeit\" \/>\n\t<meta name=\"twitter:data1\" content=\"4\u00a0Minuten\" \/>\n<!-- \/ Yoast SEO plugin. -->","yoast_head_json":{"title":"Audio-Player \u2013 Musik-App zur WordPress-Website hinzuf\u00fcgen (schnell und kostenlos)","description":"F\u00fcgen Sie Ihrer WordPress-Website ein flexibles Musik-Player-Widget hinzu. Nutzen Sie unsere praktische Demo und erstellen Sie Ihr personalisiertes Plugin in nur 2 Minuten.","robots":{"index":"index","follow":"follow","max-snippet":"max-snippet:-1","max-image-preview":"max-image-preview:large","max-video-preview":"max-video-preview:-1"},"canonical":"https:\/\/elfsight.com\/de\/audio-player-widget\/wordpress\/","og_locale":"de_DE","og_type":"article","og_title":"Audio-Player \u2013 Musik-App zur WordPress-Website hinzuf\u00fcgen (schnell und kostenlos)","og_description":"F\u00fcgen Sie Ihrer WordPress-Website ein flexibles Musik-Player-Widget hinzu. Nutzen Sie unsere praktische Demo und erstellen Sie Ihr personalisiertes Plugin in nur 2 Minuten.","og_url":"https:\/\/elfsight.com\/de\/audio-player-widget\/wordpress\/","og_site_name":"Elfsight DE","article_modified_time":"2025-01-14T08:19:36+00:00","twitter_card":"summary_large_image","twitter_misc":{"Gesch\u00e4tzte Lesezeit":"4\u00a0Minuten"},"schema":{"@context":"https:\/\/schema.org","@graph":[{"@type":"WebPage","@id":"https:\/\/elfsight.com\/de\/audio-player-widget\/wordpress\/","url":"https:\/\/elfsight.com\/de\/audio-player-widget\/wordpress\/","name":"Audio-Player \u2013 Musik-App zur WordPress-Website hinzuf\u00fcgen (schnell und kostenlos)","isPartOf":{"@id":"https:\/\/elfsight.com\/de\/#website"},"datePublished":"2024-05-03T06:28:27+00:00","dateModified":"2025-01-14T08:19:36+00:00","description":"F\u00fcgen Sie Ihrer WordPress-Website ein flexibles Musik-Player-Widget hinzu. Nutzen Sie unsere praktische Demo und erstellen Sie Ihr personalisiertes Plugin in nur 2 Minuten.","breadcrumb":{"@id":"https:\/\/elfsight.com\/de\/audio-player-widget\/wordpress\/#breadcrumb"},"inLanguage":"de","potentialAction":[{"@type":"ReadAction","target":["https:\/\/elfsight.com\/de\/audio-player-widget\/wordpress\/"]}]},{"@type":"BreadcrumbList","@id":"https:\/\/elfsight.com\/de\/audio-player-widget\/wordpress\/#breadcrumb","itemListElement":[{"@type":"ListItem","position":1,"name":"Home","item":"https:\/\/elfsight.com\/de\/"},{"@type":"ListItem","position":2,"name":"Audio Player","item":"https:\/\/elfsight.com\/de\/audio-player-widget\/"},{"@type":"ListItem","position":3,"name":"Audio Player &#8211; WordPress"}]},{"@type":"WebSite","@id":"https:\/\/elfsight.com\/de\/#website","url":"https:\/\/elfsight.com\/de\/","name":"Elfsight DE","description":"Just another Elfsight Sites site","potentialAction":[{"@type":"SearchAction","target":{"@type":"EntryPoint","urlTemplate":"https:\/\/elfsight.com\/de\/?s={search_term_string}"},"query-input":{"@type":"PropertyValueSpecification","valueRequired":true,"valueName":"search_term_string"}}],"inLanguage":"de"}]}},"meta_box":{"industry":"","seo_heading":"","heading":"","description":"","cta_heading":"","cta_description":"","application":"505","h1":"WordPress Audio Player-Plugin","h1_caption":"F\u00fcgen Sie Audiotitel m\u00fchelos direkt auf Ihrer Website hinzu und pr\u00e4sentieren Sie sie mit einem eleganten, anpassbaren Player in Ihrer WordPress-Website.","application_category":[],"applications_title":"","applications_request_title":"","applications_request_button_text":"","hero_text":"","hero_video":"","hero_video_schema_markup":"","selling_points_title":"","selling_points_caption":"","selling_points":[],"selling_points_cta_text":"","features_title":"","features":"","ed_cta_examples_text":"","ed_cta_examples_hidden":"","ed_cta_demo_text":"","ed_cta_demo_hidden":"","why_caption":"","why_editor_title":"","why_editor_text":"","why_team_title":"","why_team_text":"","why_service_title":"","why_service_text":"","template_catalog_visible":"0","template_catalog_title":"","template_catalog_text":"","template_catalog_categories_visible":"","demo_title":"Erstellen Sie Ihr Audio-Player-Plugin","demo_caption":"Konfigurieren Sie Ihren Audio-Player und f\u00fcgen Sie ihn kostenlos zu Ihrer WordPress-Website hinzu!","default_faq_hidden":"","app_template_category":[],"platform":"266","template_public_id":"","codecanyon_url":"","codecanyon_item_id":"","codecanyon_price":"","pricing_caption":"","pricing_elfsight_apps_hide_column":"","pricing_elfsight_apps_url":"","pricing_codecanyon_price_caption":"","integration_category":[],"integration_request_title":"","integration_request_cta":"","integration_platform":"","integrations":[],"platform_category":[],"video_schema_markup":"","price":"ab 0 $ \/ Monat","trial":"","benefits":[{"text":"Kostenloser Installationsservice"},{"text":"Au\u00dfergew\u00f6hnlicher Support"},{"text":"14-t\u00e4gige Geld-zur\u00fcck-Garantie"},{"text":"Fortlaufende Entwicklung"}],"button_url":"#demo","button_target_blank":"0","button_nofollow":"0","attributes":[{"name":"Installiert","content":"100,000 - 500,000"},{"name":"Reaktionsfreudig","content":"Ja"},{"name":"Kompatible Browser","content":"Firefox, Safari, Opera, Chrome, Edge"}],"tags":[],"tags_disable_links":"0","hide_more_platforms":"","video_object":"","demo_hide_cta":"0","demo_hide_cloud_options":"0","pricing_title":"","pricing":[{"pricing_icon":"platform","pricing_title":"Elfsight Apps","pricing_title_caption":"Plattform\u00fcbergreifende Software","pricing_price":"ab 0 $ \/ Monat","pricing_price_caption":"Beginnen Sie mit einem kostenlosen Plan","pricing_benefits":[{"text":"Unbegrenzte Domains"},{"text":"24\/7 und p\u00fcnktlicher Support"},{"text":"Zeitlich begrenztes Angebot f\u00fcr mehrere Apps"},{"text":"Sonderangebot f\u00fcr mehrere Apps"}],"pricing_button_text":"Zur Website hinzuf\u00fcgen","pricing_button_url":"#demo"}],"related_apps_title":"","related_apps_hidden":"0","author":"","image":[],"title":"","job":"","social_networks":[]},"_links":{"self":[{"href":"https:\/\/elfsight.com\/de\/wp-json\/wp\/v2\/pages\/16791","targetHints":{"allow":["GET"]}}],"collection":[{"href":"https:\/\/elfsight.com\/de\/wp-json\/wp\/v2\/pages"}],"about":[{"href":"https:\/\/elfsight.com\/de\/wp-json\/wp\/v2\/types\/page"}],"author":[{"embeddable":true,"href":"https:\/\/elfsight.com\/de\/wp-json\/wp\/v2\/users\/9"}],"replies":[{"embeddable":true,"href":"https:\/\/elfsight.com\/de\/wp-json\/wp\/v2\/comments?post=16791"}],"version-history":[{"count":4,"href":"https:\/\/elfsight.com\/de\/wp-json\/wp\/v2\/pages\/16791\/revisions"}],"predecessor-version":[{"id":23577,"href":"https:\/\/elfsight.com\/de\/wp-json\/wp\/v2\/pages\/16791\/revisions\/23577"}],"up":[{"embeddable":true,"href":"https:\/\/elfsight.com\/de\/wp-json\/wp\/v2\/pages\/1315"}],"wp:attachment":[{"href":"https:\/\/elfsight.com\/de\/wp-json\/wp\/v2\/media?parent=16791"}],"curies":[{"name":"wp","href":"https:\/\/api.w.org\/{rel}","templated":true}]}}