{"id":16786,"date":"2024-05-03T06:28:26","date_gmt":"2024-05-03T06:28:26","guid":{"rendered":"https:\/\/elfsight.com\/de\/?page_id=16786"},"modified":"2025-01-14T08:22:24","modified_gmt":"2025-01-14T08:22:24","slug":"woocommerce","status":"publish","type":"page","link":"https:\/\/elfsight.com\/de\/audio-player-widget\/woocommerce\/","title":{"rendered":"Audio Player &#8211; WooCommerce"},"content":{"rendered":"\n<div class=\"application-platform-content-item-description application-platform-content-item\" id=\"description\" data-nav-section=\"description\"><h2>Beschreibung<\/h2><p>Elfsight Audio Player ist ein einfaches Plugin f\u00fcr WooCommerce, mit dem Sie Audiotitel direkt auf Ihrer Website wiedergeben k\u00f6nnen. Das Widget ist \u00e4u\u00dferst ver\u00e4nderbar: Sie k\u00f6nnen seine Position \u00e4ndern, es an einer beliebigen Stelle auf der Seite platzieren, seine Gr\u00f6\u00dfe \u00e4ndern, den Hintergrund und alle anderen Teile neu einf\u00e4rben, um es mit dem Stil Ihrer Website zu vermischen, ein dunkles Design verwenden, Bilder anzeigen und vier weitere anzeigen oder ausblenden Player-Elemente wie Fortschrittsbalken, Titel und andere. F\u00fcgen Sie so viele Titel hinzu, wie Sie m\u00f6chten, um Ihr Publikum zu unterhalten, schalten Sie die automatische Wiedergabe ein und z\u00f6gern Sie nicht \u2013 Ihre Benutzer werden Ihre Webseite nicht sofort verlassen!<\/p>.<p><b>Machen Sie Ihre Website effizienter E-Commerce-Ziele mit Elfsight Audio Player<\/b><\/p><div class=\"faq\" data-component=\"FAQ\"> <div class=\"faq-item\">\r\n\t\t\t\t\t<div class=\"faq-item-question\">\r\n\t\t\t\t\t\t<h3 class=\"faq-item-question-text\">Welche genauen anderen Widgets f\u00fcr WooCommerce haben Sie anzubieten?<\/h3>\r\n\r\n\t\t\t\t\t\t<div class=\"faq-item-question-icon\"><\/div>\r\n\t\t\t\t\t<\/div>\r\n\r\n\t\t\t\t\t<div class=\"faq-item-answer\">\r\n\t\t\t\t\t\t<div class=\"faq-item-answer-text\"> <p>Wir k\u00f6nnen Ihnen eine gro\u00dfe Auswahl an Widgets zur Verf\u00fcgung stellen, die Sie erreichen k\u00f6nnen jede Art von Aufgabe auf Ihrer Website. Sie k\u00f6nnen beispielsweise <a href=\"https:\/\/elfsight.com\/instagram-feed-instashow\/woocommerce\/\">Instagram-Feed<\/a> w\u00e4hlen, um Ihr Unternehmen \u00fcber einen interaktiven Feed zu pr\u00e4sentieren, oder <a href=\"https:\/\/elfsight.com\/whatsapp-chat-widget\/woocommerce\/\">WhatsApp Chat<\/a>, um Ihrem Publikum ein benutzerfreundliches und vertrautes Tool zur Kontaktaufnahme mit Ihnen zu bieten. Oder es kann eine <a href=\"https:\/\/elfsight.com\/pricing-table-plugin\/woocommerce\/\">Preistabelle<\/a> sein, mit der Sie Ihre Preispolitik pr\u00e4sentieren k\u00f6nnen, und <a href=\"https:\/\/elfsight.com\/amazon-reviews-widget\/woocommerce\/\">Amazon-Bewertungen<\/a> mit Bewertungen Ihres Unternehmens von begeisterten Kunden. Und nat\u00fcrlich gibt es immer einen Platz f\u00fcr das <a href=\"https:\/\/elfsight.com\/qr-code-widget\/woocommerce\/\">QR-Code<\/a>-Widget.<\/p> <\/div>\r\n\t\t\t\t\t<\/div>\r\n\t\t\t\t<\/div> <div class=\"faq-item\">\r\n\t\t\t\t\t<div class=\"faq-item-question\">\r\n\t\t\t\t\t\t<h3 class=\"faq-item-question-text\">Wie kann ich das WooCommerce Music Player-Plugin in meine Website einbetten?<\/h3>\r\n\r\n\t\t\t\t\t\t<div class=\"faq-item-question-icon\"><\/div>\r\n\t\t\t\t\t<\/div>\r\n\r\n\t\t\t\t\t<div class=\"faq-item-answer\">\r\n\t\t\t\t\t\t<div class=\"faq-item-answer-text\"> <p>Es steht Ihnen frei, das Music Player-Plugin in Ihr WooCommerce-Website-Theme einzuf\u00fcgen. \u00d6ffnen Sie einfach das Admin-Board und f\u00fchren Sie die folgenden Aktionen aus: <\/p><ol><li>Klicken Sie auf Designeinstellungen. <\/li><li>W\u00e4hlen Sie den Teil aus, zu dem Sie den Musik-Player hinzuf\u00fcgen m\u00f6chten. <\/li><li>Betten Sie den Code von Elfsight Apps ein und speichern Sie Ihre \u00c4nderungen. <\/li><li>Fertig. <\/li><\/ol><p>Au\u00dferdem k\u00f6nnen Sie sich gerne <a href=\"https:\/\/elfsight.com\/tutorials\/how-to-embed-audio-player-on-any-website\/# ansehen. how-to-add-music-player-to-woocommerce\">diese Anleitung<\/a>, wenn Sie eine detailliertere Anleitung zur Installation des WooCommerce-Plugins ben\u00f6tigen.<\/p><p><\/div>\r\n\t\t\t\t\t<\/div>\r\n\t\t\t\t<\/div> <div class=\"faq-item\">\r\n\t\t\t\t\t<div class=\"faq-item-question\">\r\n\t\t\t\t\t\t<h3 class=\"faq-item-question-text\"> Gibt es eine M\u00f6glichkeit, Ihr WooCommerce Music Player-Plugin in Aktion zu sehen? <\/h3>\r\n\r\n\t\t\t\t\t\t<div class=\"faq-item-question-icon\"><\/div>\r\n\t\t\t\t\t<\/div>\r\n\r\n\t\t\t\t\t<div class=\"faq-item-answer\">\r\n\t\t\t\t\t\t<div class=\"faq-item-answer-text\"> <\/p><p>Ja, Sie k\u00f6nnen dies gerne direkt in der Demo des Widgets tun. Denken Sie daran, dass Sie das Widget direkt aus der <a href=\"https:\/\/elfsight.com\/audio-player-widget\/#demo\">Demo<\/a> erstellen und dann zu Ihrer WooCommerce-Site hinzuf\u00fcgen k\u00f6nnen!<\/p><\/div>\r\n\t\t\t\t\t<\/div>\r\n\t\t\t\t<\/div> <\/div><\/div> <div class=\"application-platform-content-item-features application-platform-content-item\" id=\"features\" data-nav-section=\"features\"><h2>Dies sind nur einige der umfangreichen Widget-Funktionen:<\/h2><ul><li>Unbegrenzte Farbvariationen<\/li> <li>Dunkles\/helles Farbthema<\/li> <li>Responsives Design<\/li> <li>2 Layouts verf\u00fcgbar<\/li> <li>Eine Option zum Hinzuf\u00fcgen eines Hintergrundbilds<\/li> <\/ul> <p><a href=\"#demo\">Sie k\u00f6nnen die volle Funktionalit\u00e4t des Widgets in der Demo ausprobieren<\/a><\/p><\/div><div class=\"application-platform-content-item-installation application-platform-content-item\" id=\"installation\" data-nav-section=\"installation\"><h2>Wie kann ich Audio Player in meine WooCommerce-Website einbetten?<\/h2><p>F\u00fchren Sie einfach die unten aufgef\u00fchrten Schritte aus, um das Plugin zu integrieren.<\/p><ol><li><b>Verwalten Sie unseren kostenlosen Editor und beginnen Sie mit der Gestaltung Ihres benutzerdefinierten Widgets. <\/b><br>Geben Sie die benutzerdefinierte Form und die Spezifikationen des Tools an und wenden Sie die \u00c4nderungen an.<\/li><li><b>Holen Sie sich den eindeutigen Code, der im speziellen Formular auf Elfsight Apps angezeigt wird.<\/b><br>Sobald die Anpassung Ihres Plugins abgeschlossen ist, kopieren Sie den exklusiven Code aus dem angezeigten Fenster und speichern Sie ihn zur sp\u00e4teren Verwendung.<\/li><li><b>Beginnen Sie mit der Verwendung des Tools auf der WooCommerce-Seite.<\/b><br>F\u00fcgen Sie den k\u00fcrzlich kopierten Code auf Ihrer Homepage hinzu und \u00fcbernehmen Sie die Korrekturen.<\/li><li><b>Fertig! Die Einbettung wurde erfolgreich abgeschlossen.<\/b><br>Gehen Sie auf Ihre Seite, um die Arbeit des Widgets zu sehen.<\/li><\/ol><p>Wenn Sie auf Probleme sto\u00dfen, wenden Sie sich bitte an unseren Support Team. Unsere Spezialisten sind bestrebt, alle Schwierigkeiten zu l\u00f6sen, die Sie m\u00f6glicherweise mit dem Widget haben.<\/p><\/div>\n","protected":false},"excerpt":{"rendered":"","protected":false},"author":9,"featured_media":0,"parent":1315,"menu_order":0,"comment_status":"closed","ping_status":"closed","template":"templates\/template-application-platform.php","meta":{"publish_to_discourse":"","publish_post_category":"","wpdc_auto_publish_overridden":"","wpdc_topic_tags":"","wpdc_pin_topic":"","wpdc_pin_until":"","discourse_post_id":"","discourse_permalink":"","wpdc_publishing_response":"","wpdc_publishing_error":"","footnotes":""},"class_list":["post-16786","page","type-page","status-publish","hentry"],"yoast_head":"<!-- This site is optimized with the Yoast SEO plugin v25.3.1 - https:\/\/yoast.com\/wordpress\/plugins\/seo\/ -->\n<title>Musik-Player | Audio-Plugin zur WooCommerce-Website hinzuf\u00fcgen (schnell und kostenlos)<\/title>\n<meta name=\"description\" content=\"Sie k\u00f6nnen das Audio-Player-Plugin mit wenigen Klicks anpassen und direkt aus der Live-Demo in Ihre WooCommerce-Website einf\u00fcgen.\" \/>\n<meta name=\"robots\" content=\"index, follow, max-snippet:-1, max-image-preview:large, max-video-preview:-1\" \/>\n<link rel=\"canonical\" href=\"https:\/\/elfsight.com\/de\/audio-player-widget\/woocommerce\/\" \/>\n<meta property=\"og:locale\" content=\"de_DE\" \/>\n<meta property=\"og:type\" content=\"article\" \/>\n<meta property=\"og:title\" content=\"Musik-Player | Audio-Plugin zur WooCommerce-Website hinzuf\u00fcgen (schnell und kostenlos)\" \/>\n<meta property=\"og:description\" content=\"Sie k\u00f6nnen das Audio-Player-Plugin mit wenigen Klicks anpassen und direkt aus der Live-Demo in Ihre WooCommerce-Website einf\u00fcgen.\" \/>\n<meta property=\"og:url\" content=\"https:\/\/elfsight.com\/de\/audio-player-widget\/woocommerce\/\" \/>\n<meta property=\"og:site_name\" content=\"Elfsight DE\" \/>\n<meta property=\"article:modified_time\" content=\"2025-01-14T08:22:24+00:00\" \/>\n<meta name=\"twitter:card\" content=\"summary_large_image\" \/>\n<meta name=\"twitter:label1\" content=\"Gesch\u00e4tzte Lesezeit\" \/>\n\t<meta name=\"twitter:data1\" content=\"4\u00a0Minuten\" \/>\n<!-- \/ Yoast SEO plugin. -->","yoast_head_json":{"title":"Musik-Player | Audio-Plugin zur WooCommerce-Website hinzuf\u00fcgen (schnell und kostenlos)","description":"Sie k\u00f6nnen das Audio-Player-Plugin mit wenigen Klicks anpassen und direkt aus der Live-Demo in Ihre WooCommerce-Website einf\u00fcgen.","robots":{"index":"index","follow":"follow","max-snippet":"max-snippet:-1","max-image-preview":"max-image-preview:large","max-video-preview":"max-video-preview:-1"},"canonical":"https:\/\/elfsight.com\/de\/audio-player-widget\/woocommerce\/","og_locale":"de_DE","og_type":"article","og_title":"Musik-Player | Audio-Plugin zur WooCommerce-Website hinzuf\u00fcgen (schnell und kostenlos)","og_description":"Sie k\u00f6nnen das Audio-Player-Plugin mit wenigen Klicks anpassen und direkt aus der Live-Demo in Ihre WooCommerce-Website einf\u00fcgen.","og_url":"https:\/\/elfsight.com\/de\/audio-player-widget\/woocommerce\/","og_site_name":"Elfsight DE","article_modified_time":"2025-01-14T08:22:24+00:00","twitter_card":"summary_large_image","twitter_misc":{"Gesch\u00e4tzte Lesezeit":"4\u00a0Minuten"},"schema":{"@context":"https:\/\/schema.org","@graph":[{"@type":"WebPage","@id":"https:\/\/elfsight.com\/de\/audio-player-widget\/woocommerce\/","url":"https:\/\/elfsight.com\/de\/audio-player-widget\/woocommerce\/","name":"Musik-Player | Audio-Plugin zur WooCommerce-Website hinzuf\u00fcgen (schnell und kostenlos)","isPartOf":{"@id":"https:\/\/elfsight.com\/de\/#website"},"datePublished":"2024-05-03T06:28:26+00:00","dateModified":"2025-01-14T08:22:24+00:00","description":"Sie k\u00f6nnen das Audio-Player-Plugin mit wenigen Klicks anpassen und direkt aus der Live-Demo in Ihre WooCommerce-Website einf\u00fcgen.","breadcrumb":{"@id":"https:\/\/elfsight.com\/de\/audio-player-widget\/woocommerce\/#breadcrumb"},"inLanguage":"de","potentialAction":[{"@type":"ReadAction","target":["https:\/\/elfsight.com\/de\/audio-player-widget\/woocommerce\/"]}]},{"@type":"BreadcrumbList","@id":"https:\/\/elfsight.com\/de\/audio-player-widget\/woocommerce\/#breadcrumb","itemListElement":[{"@type":"ListItem","position":1,"name":"Home","item":"https:\/\/elfsight.com\/de\/"},{"@type":"ListItem","position":2,"name":"Audio Player","item":"https:\/\/elfsight.com\/de\/audio-player-widget\/"},{"@type":"ListItem","position":3,"name":"Audio Player &#8211; WooCommerce"}]},{"@type":"WebSite","@id":"https:\/\/elfsight.com\/de\/#website","url":"https:\/\/elfsight.com\/de\/","name":"Elfsight DE","description":"Just another Elfsight Sites site","potentialAction":[{"@type":"SearchAction","target":{"@type":"EntryPoint","urlTemplate":"https:\/\/elfsight.com\/de\/?s={search_term_string}"},"query-input":{"@type":"PropertyValueSpecification","valueRequired":true,"valueName":"search_term_string"}}],"inLanguage":"de"}]}},"meta_box":{"industry":"","seo_heading":"","heading":"","description":"","cta_heading":"","cta_description":"","application":"505","h1":"WooCommerce Audio Player-Plugin","h1_caption":"F\u00fcgen Sie Audiotracks m\u00fchelos direkt auf Ihrer Website hinzu und pr\u00e4sentieren Sie sie mit einem eleganten, anpassbaren Player auf Ihrer WooCommerce-Website.","application_category":[],"applications_title":"","applications_request_title":"","applications_request_button_text":"","hero_text":"","hero_video":"","hero_video_schema_markup":"","selling_points_title":"","selling_points_caption":"","selling_points":[],"selling_points_cta_text":"","features_title":"","features":"","ed_cta_examples_text":"","ed_cta_examples_hidden":"","ed_cta_demo_text":"","ed_cta_demo_hidden":"","why_caption":"","why_editor_title":"","why_editor_text":"","why_team_title":"","why_team_text":"","why_service_title":"","why_service_text":"","template_catalog_visible":"0","template_catalog_title":"","template_catalog_text":"","template_catalog_categories_visible":"","demo_title":"Erstellen Sie Ihre Audio-Player-App","demo_caption":"Konfigurieren Sie Ihren Audio-Player und f\u00fcgen Sie ihn kostenlos zu Ihrer WooCommerce-Website hinzu!","default_faq_hidden":"","app_template_category":[],"platform":"200","template_public_id":"","codecanyon_url":"","codecanyon_item_id":"","codecanyon_price":"","pricing_caption":"","pricing_elfsight_apps_hide_column":"","pricing_elfsight_apps_url":"","pricing_codecanyon_price_caption":"","integration_category":[],"integration_request_title":"","integration_request_cta":"","integration_platform":"","integrations":[],"platform_category":[],"video_schema_markup":"","price":"ab 0 $ \/ Monat","trial":"","benefits":[{"text":"Kostenlose Installationshilfe"},{"text":"Premium-Support"},{"text":"14-t\u00e4gige Geld-zur\u00fcck-Garantie"},{"text":"Fortlaufende Entwicklung"}],"button_url":"#demo","button_target_blank":"0","button_nofollow":"0","attributes":[{"name":"Installiert","content":"100,000 - 500,000"},{"name":"Reaktionsfreudig","content":"Ja"},{"name":"Kompatible Browser","content":"Firefox, Safari, Opera, Chrome, Edge"}],"tags":[],"tags_disable_links":"0","hide_more_platforms":"","video_object":"","demo_hide_cta":"0","demo_hide_cloud_options":"0","pricing_title":"","pricing":[{"pricing_icon":"platform","pricing_title":"Elfsight Apps","pricing_title_caption":"Plattform\u00fcbergreifende digitale L\u00f6sung, die f\u00fcr jeden Standort geeignet ist","pricing_price":"ab 0 $ \/ Monat","pricing_price_caption":"Beginnen Sie mit einem kostenlosen Plan","pricing_benefits":[{"text":"Unbegrenzte Websites"},{"text":"Schneller Kundensupport und gut dokumentiert"},{"text":"Kostenloser Installationssupport"},{"text":"Flexibles Design"}],"pricing_button_text":"Zur Website hinzuf\u00fcgen","pricing_button_url":"#demo"}],"related_apps_title":"","related_apps_hidden":"0","author":"","image":[],"title":"","job":"","social_networks":[]},"_links":{"self":[{"href":"https:\/\/elfsight.com\/de\/wp-json\/wp\/v2\/pages\/16786","targetHints":{"allow":["GET"]}}],"collection":[{"href":"https:\/\/elfsight.com\/de\/wp-json\/wp\/v2\/pages"}],"about":[{"href":"https:\/\/elfsight.com\/de\/wp-json\/wp\/v2\/types\/page"}],"author":[{"embeddable":true,"href":"https:\/\/elfsight.com\/de\/wp-json\/wp\/v2\/users\/9"}],"replies":[{"embeddable":true,"href":"https:\/\/elfsight.com\/de\/wp-json\/wp\/v2\/comments?post=16786"}],"version-history":[{"count":3,"href":"https:\/\/elfsight.com\/de\/wp-json\/wp\/v2\/pages\/16786\/revisions"}],"predecessor-version":[{"id":23578,"href":"https:\/\/elfsight.com\/de\/wp-json\/wp\/v2\/pages\/16786\/revisions\/23578"}],"up":[{"embeddable":true,"href":"https:\/\/elfsight.com\/de\/wp-json\/wp\/v2\/pages\/1315"}],"wp:attachment":[{"href":"https:\/\/elfsight.com\/de\/wp-json\/wp\/v2\/media?parent=16786"}],"curies":[{"name":"wp","href":"https:\/\/api.w.org\/{rel}","templated":true}]}}