{"id":16784,"date":"2024-05-03T06:28:24","date_gmt":"2024-05-03T06:28:24","guid":{"rendered":"https:\/\/elfsight.com\/de\/?page_id=16784"},"modified":"2025-01-14T06:13:53","modified_gmt":"2025-01-14T06:13:53","slug":"google-sites","status":"publish","type":"page","link":"https:\/\/elfsight.com\/de\/audio-player-widget\/google-sites\/","title":{"rendered":"Audio Player &#8211; Google Sites"},"content":{"rendered":"\n<div class=\"application-platform-content-item-description application-platform-content-item\" id=\"description\" data-nav-section=\"description\"> <h2>Einbetten des Audio Players in Google Sites mit dem Elfsight-Widget<\/h2> <p>Das Elfsight Music Player-Widget ist ein einfaches Tool, das Google Site erm\u00f6glicht Sie k\u00f6nnen Audiotitel direkt auf den Seiten Ihrer Website abspielen. Das Plugin ist bemerkenswert anpassbar: Sie k\u00f6nnen seine Position \u00e4ndern, es an einer beliebigen Stelle auf der Seite einf\u00fcgen, seine Gr\u00f6\u00dfe \u00e4ndern, den Hintergrund und andere Elemente neu zeichnen, um es mit dem Layout Ihrer Website zu mischen, ein dunkles Thema anwenden, Bilder anzeigen und 4 andere Player ein- oder ausblenden Details wie Fortschrittsbalken, \u00dcberschrift und vieles mehr. F\u00fcgen Sie so viele Titel hinzu, wie Sie m\u00f6chten, um Ihre Besucher zu begeistern, schalten Sie die automatische Wiedergabe ein und z\u00f6gern Sie nicht \u2013 Ihr Publikum wird Ihre Homepage nicht sofort verlassen! <\/p><p><b>Holen Sie sich das Beste aus dem Elfsight Music Player-Widget, um Ihre Gesch\u00e4ftsziele schneller zu erreichen! <\/b><\/p> <\/div> <div class=\"application-platform-content-item-features application-platform-content-item\" id=\"features\" data-nav-section=\"features\"> <h2>Hier sind grundlegende Funktionen des Widgets: <\/h2> <ul><li>Unbegrenzte Farb\u00e4nderungen<\/li><li>Dunkles\/helles Farbschema<\/li><li>Responsives Design<\/li><li>Zwei Layouts anwendbar<\/li><li>Eine M\u00f6glichkeit, ein Hintergrundbild zu verwenden<\/li><\/ul><p><a href=\"#demo\">Sie k\u00f6nnen die vollst\u00e4ndigen Funktionen des Widgets in der Demo unten entdecken<\/a><\/p> <\/div> <div class=\"application-platform-content-item-installation application-platform-content-item\" id=\"installation\" data-nav-section=\"installation\"> <h2>Wie f\u00fcge ich einen Audio-Player hinzu? zu meinen Google Sites?<\/h2> <div class=\"video-container\"><iframe width=\"560\" height=\"315\" src=\"https:\/\/www.youtube.com\/embed\/8Y50XDEq9S8?si=Dzx-bfDf3BrmVuNl\" frameborder=\"0\" allow=\"accelerometer; autoplay; clipboard-write; encrypted-media; gyroscope; picture-in-picture; web-share\" allowfullscreen><\/iframe><\/div><p>Befolgen Sie einfach die unten aufgef\u00fchrten Schritte, um das Tool hinzuzuf\u00fcgen.<\/p> <ol><li><b>Verwalten Sie unsere kostenlose Demo und Beginnen Sie mit der Gestaltung Ihres benutzerdefinierten Instruments.<\/b><br> Bestimmen Sie das bevorzugte Design und die funktionalen Merkmale des Widgets und speichern Sie die \u00c4nderungen.<\/li> <li><b>Kopieren Sie den individuellen Code, der im speziellen Formular auf Elfsight Apps angezeigt wird <\/b><br> Kopieren Sie unmittelbar nach der Erstellung Ihres pers\u00f6nlichen Audio-Widgets den individuellen Code aus dem angezeigten Feld und bewahren Sie ihn f\u00fcr zuk\u00fcnftige Gelegenheiten auf. <\/li> <li><b>Initiieren Sie den Einsatz des Musik-Widgets auf Ihrer Google-Site<\/b><br> Implementieren Sie den Code, den Sie k\u00fcrzlich in Ihrer Homepage gespeichert haben, und speichern Sie die Korrekturen.<\/li> <li> <b>Die Installation wurde erfolgreich abgeschlossen.<\/b><br> Besuchen Sie Ihre Website, um die Leistung des Plugins zu \u00fcberpr\u00fcfen.<\/li><\/ol> <div class=\"tip-yellow tip\"><b>Aufgrund der Besonderheiten der Funktionsweise von Google Sites , sieht das Widget m\u00f6glicherweise anders aus als die Online-Demo. Wir entschuldigen uns f\u00fcr etwaige Unannehmlichkeiten.<\/b><\/div><p>Wenn Sie Fragen haben oder auf Schwierigkeiten sto\u00dfen, z\u00f6gern Sie nicht, sich an unsere Kundendienstmitarbeiter zu wenden. Unsere Spezialisten l\u00f6sen gerne alle Probleme, die Sie mit dem Werkzeug haben. <\/p> <\/div>\n","protected":false},"excerpt":{"rendered":"","protected":false},"author":9,"featured_media":0,"parent":1315,"menu_order":0,"comment_status":"closed","ping_status":"closed","template":"templates\/template-application-platform.php","meta":{"publish_to_discourse":"","publish_post_category":"","wpdc_auto_publish_overridden":"","wpdc_topic_tags":"","wpdc_pin_topic":"","wpdc_pin_until":"","discourse_post_id":"","discourse_permalink":"","wpdc_publishing_response":"","wpdc_publishing_error":"","footnotes":""},"class_list":["post-16784","page","type-page","status-publish","hentry"],"yoast_head":"<!-- This site is optimized with the Yoast SEO plugin v25.3.1 - https:\/\/yoast.com\/wordpress\/plugins\/seo\/ -->\n<title>Audio Player \u2013 Musik- und Audio-Widget zu Google Sites hinzuf\u00fcgen (kostenlos und schnell)<\/title>\n<meta name=\"description\" content=\"Betten Sie ein responsives Music Player-Gadget in Ihre Google Sites-Website ein. Nutzen Sie die praktische Demo von Elfsight und erstellen Sie Ihr einzigartiges Musik-Widget in nur 2 Minuten.\" \/>\n<meta name=\"robots\" content=\"index, follow, max-snippet:-1, max-image-preview:large, max-video-preview:-1\" \/>\n<link rel=\"canonical\" href=\"https:\/\/elfsight.com\/de\/audio-player-widget\/google-sites\/\" \/>\n<meta property=\"og:locale\" content=\"de_DE\" \/>\n<meta property=\"og:type\" content=\"article\" \/>\n<meta property=\"og:title\" content=\"Audio Player \u2013 Musik- und Audio-Widget zu Google Sites hinzuf\u00fcgen (kostenlos und schnell)\" \/>\n<meta property=\"og:description\" content=\"Betten Sie ein responsives Music Player-Gadget in Ihre Google Sites-Website ein. Nutzen Sie die praktische Demo von Elfsight und erstellen Sie Ihr einzigartiges Musik-Widget in nur 2 Minuten.\" \/>\n<meta property=\"og:url\" content=\"https:\/\/elfsight.com\/de\/audio-player-widget\/google-sites\/\" \/>\n<meta property=\"og:site_name\" content=\"Elfsight DE\" \/>\n<meta property=\"article:modified_time\" content=\"2025-01-14T06:13:53+00:00\" \/>\n<meta name=\"twitter:card\" content=\"summary_large_image\" \/>\n<meta name=\"twitter:label1\" content=\"Gesch\u00e4tzte Lesezeit\" \/>\n\t<meta name=\"twitter:data1\" content=\"3\u00a0Minuten\" \/>\n<!-- \/ Yoast SEO plugin. -->","yoast_head_json":{"title":"Audio Player \u2013 Musik- und Audio-Widget zu Google Sites hinzuf\u00fcgen (kostenlos und schnell)","description":"Betten Sie ein responsives Music Player-Gadget in Ihre Google Sites-Website ein. Nutzen Sie die praktische Demo von Elfsight und erstellen Sie Ihr einzigartiges Musik-Widget in nur 2 Minuten.","robots":{"index":"index","follow":"follow","max-snippet":"max-snippet:-1","max-image-preview":"max-image-preview:large","max-video-preview":"max-video-preview:-1"},"canonical":"https:\/\/elfsight.com\/de\/audio-player-widget\/google-sites\/","og_locale":"de_DE","og_type":"article","og_title":"Audio Player \u2013 Musik- und Audio-Widget zu Google Sites hinzuf\u00fcgen (kostenlos und schnell)","og_description":"Betten Sie ein responsives Music Player-Gadget in Ihre Google Sites-Website ein. Nutzen Sie die praktische Demo von Elfsight und erstellen Sie Ihr einzigartiges Musik-Widget in nur 2 Minuten.","og_url":"https:\/\/elfsight.com\/de\/audio-player-widget\/google-sites\/","og_site_name":"Elfsight DE","article_modified_time":"2025-01-14T06:13:53+00:00","twitter_card":"summary_large_image","twitter_misc":{"Gesch\u00e4tzte Lesezeit":"3\u00a0Minuten"},"schema":{"@context":"https:\/\/schema.org","@graph":[{"@type":"WebPage","@id":"https:\/\/elfsight.com\/de\/audio-player-widget\/google-sites\/","url":"https:\/\/elfsight.com\/de\/audio-player-widget\/google-sites\/","name":"Audio Player \u2013 Musik- und Audio-Widget zu Google Sites hinzuf\u00fcgen (kostenlos und schnell)","isPartOf":{"@id":"https:\/\/elfsight.com\/de\/#website"},"datePublished":"2024-05-03T06:28:24+00:00","dateModified":"2025-01-14T06:13:53+00:00","description":"Betten Sie ein responsives Music Player-Gadget in Ihre Google Sites-Website ein. Nutzen Sie die praktische Demo von Elfsight und erstellen Sie Ihr einzigartiges Musik-Widget in nur 2 Minuten.","breadcrumb":{"@id":"https:\/\/elfsight.com\/de\/audio-player-widget\/google-sites\/#breadcrumb"},"inLanguage":"de","potentialAction":[{"@type":"ReadAction","target":["https:\/\/elfsight.com\/de\/audio-player-widget\/google-sites\/"]}]},{"@type":"BreadcrumbList","@id":"https:\/\/elfsight.com\/de\/audio-player-widget\/google-sites\/#breadcrumb","itemListElement":[{"@type":"ListItem","position":1,"name":"Home","item":"https:\/\/elfsight.com\/de\/"},{"@type":"ListItem","position":2,"name":"Audio Player","item":"https:\/\/elfsight.com\/de\/audio-player-widget\/"},{"@type":"ListItem","position":3,"name":"Audio Player &#8211; Google Sites"}]},{"@type":"WebSite","@id":"https:\/\/elfsight.com\/de\/#website","url":"https:\/\/elfsight.com\/de\/","name":"Elfsight DE","description":"Just another Elfsight Sites site","potentialAction":[{"@type":"SearchAction","target":{"@type":"EntryPoint","urlTemplate":"https:\/\/elfsight.com\/de\/?s={search_term_string}"},"query-input":{"@type":"PropertyValueSpecification","valueRequired":true,"valueName":"search_term_string"}}],"inLanguage":"de"}]}},"meta_box":{"industry":"","seo_heading":"","heading":"","description":"","cta_heading":"","cta_description":"","application":"505","h1":"Google Sites Audio Player-Widget","h1_caption":"F\u00fcgen Sie Audiotitel m\u00fchelos direkt auf Ihrer Website hinzu und pr\u00e4sentieren Sie sie mit einem eleganten, anpassbaren Player in Ihren Google Sites.","application_category":[],"applications_title":"","applications_request_title":"","applications_request_button_text":"","hero_text":"","hero_video":"","hero_video_schema_markup":"","selling_points_title":"","selling_points_caption":"","selling_points":[],"selling_points_cta_text":"","features_title":"","features":"","ed_cta_examples_text":"","ed_cta_examples_hidden":"","ed_cta_demo_text":"","ed_cta_demo_hidden":"","why_caption":"","why_editor_title":"","why_editor_text":"","why_team_title":"","why_team_text":"","why_service_title":"","why_service_text":"","template_catalog_visible":"0","template_catalog_title":"","template_catalog_text":"","template_catalog_categories_visible":"","demo_title":"Erstellen Sie Ihr Audio-Player-Widget","demo_caption":"Konfigurieren Sie Ihren Audio-Player und f\u00fcgen Sie ihn kostenlos zu Ihrer Google Sites-Website hinzu!","default_faq_hidden":"","app_template_category":[],"platform":"3000","template_public_id":"","codecanyon_url":"","codecanyon_item_id":"","codecanyon_price":"","pricing_caption":"","pricing_elfsight_apps_hide_column":"","pricing_elfsight_apps_url":"","pricing_codecanyon_price_caption":"","integration_category":[],"integration_request_title":"","integration_request_cta":"","integration_platform":"","integrations":[],"platform_category":[],"video_schema_markup":"","price":"ab 0 $ \/ Monat","trial":"","benefits":[{"text":"Kostenloser Installationsservice"},{"text":"Kompetenter Kundenservice"},{"text":"14-t\u00e4gige R\u00fcckerstattungsgarantie"},{"text":"Kontinuierliche kostenlose Verbesserungen"}],"button_url":"#demo","button_target_blank":"0","button_nofollow":"0","attributes":[{"name":"Installiert","content":"100,000 - 500,000"},{"name":"Reaktionsfreudig","content":"Am besten f\u00fcr Handys"},{"name":"Kompatible Browser","content":"Edge, Chrome, Safari, Opera, Firefox"}],"tags":[],"tags_disable_links":"0","hide_more_platforms":"","video_object":"","demo_hide_cta":"0","demo_hide_cloud_options":"0","pricing_title":"","pricing":[{"pricing_icon":"platform","pricing_title":"Elfsight Apps","pricing_title_caption":"Plattformunabh\u00e4ngige digitale L\u00f6sung","pricing_price":"ab 0 $ \/ Monat","pricing_price_caption":"Beginnen Sie mit einem kostenlosen Plan","pricing_benefits":[{"text":"Unbegrenzte Anzahl an Domains"},{"text":"Professionelle und p\u00fcnktliche Unterst\u00fctzung"},{"text":"Kostenloser Installationsservice"},{"text":"Sonderpreis f\u00fcr mehrere Apps"}],"pricing_button_text":"Zur Website hinzuf\u00fcgen","pricing_button_url":"#demo"}],"related_apps_title":"","related_apps_hidden":"0","author":"","image":[],"title":"","job":"","social_networks":[]},"_links":{"self":[{"href":"https:\/\/elfsight.com\/de\/wp-json\/wp\/v2\/pages\/16784","targetHints":{"allow":["GET"]}}],"collection":[{"href":"https:\/\/elfsight.com\/de\/wp-json\/wp\/v2\/pages"}],"about":[{"href":"https:\/\/elfsight.com\/de\/wp-json\/wp\/v2\/types\/page"}],"author":[{"embeddable":true,"href":"https:\/\/elfsight.com\/de\/wp-json\/wp\/v2\/users\/9"}],"replies":[{"embeddable":true,"href":"https:\/\/elfsight.com\/de\/wp-json\/wp\/v2\/comments?post=16784"}],"version-history":[{"count":6,"href":"https:\/\/elfsight.com\/de\/wp-json\/wp\/v2\/pages\/16784\/revisions"}],"predecessor-version":[{"id":23556,"href":"https:\/\/elfsight.com\/de\/wp-json\/wp\/v2\/pages\/16784\/revisions\/23556"}],"up":[{"embeddable":true,"href":"https:\/\/elfsight.com\/de\/wp-json\/wp\/v2\/pages\/1315"}],"wp:attachment":[{"href":"https:\/\/elfsight.com\/de\/wp-json\/wp\/v2\/media?parent=16784"}],"curies":[{"name":"wp","href":"https:\/\/api.w.org\/{rel}","templated":true}]}}