{"id":16783,"date":"2024-05-03T06:28:23","date_gmt":"2024-05-03T06:28:23","guid":{"rendered":"https:\/\/elfsight.com\/de\/?page_id=16783"},"modified":"2025-07-08T09:52:32","modified_gmt":"2025-07-08T09:52:32","slug":"godaddy","status":"publish","type":"page","link":"https:\/\/elfsight.com\/de\/audio-player-widget\/godaddy\/","title":{"rendered":"Audio Player &#8211; GoDaddy"},"content":{"rendered":"<div class=\"application-platform-content-item-description application-platform-content-item\" id=\"description\" data-nav-section=\"description\"> <h2>Einbetten des Audio Players in GoDaddy mit dem Elfsight-Widget<\/h2> <p>Elfsight Audio Player ist ein einfaches Tool f\u00fcr GoDaddy, das Ihnen eine M\u00f6glichkeit bietet zum Abspielen von Audiotiteln auf Ihrer Website. Das Tool ist vollst\u00e4ndig modifizierbar: Sie k\u00f6nnen seine Position \u00e4ndern, es an einer beliebigen Stelle auf der Seite platzieren, seine Gr\u00f6\u00dfe \u00e4ndern, den Hintergrund und alle anderen Teile \u00fcberarbeiten, um es mit dem Stil Ihrer Website zu mischen, ein dunkles Farbschema anwenden, Bilder demonstrieren und demonstrieren oder verbergen Sie vier zus\u00e4tzliche Player-Komponenten wie Fortschrittsbalken, \u00dcberschrift und viele mehr. F\u00fcgen Sie so viele Titel hinzu, wie Sie ben\u00f6tigen, um Ihr Publikum anzusprechen, schalten Sie die automatische Wiedergabe ein und stellen Sie sicher, dass Ihre Besucher Ihre Webseite nicht in Eile verlassen! <\/p>. <p><b>Integrieren Sie den Elfsight Audio Player, um Ihre Gesch\u00e4ftsspitzen schneller zu erreichen! <\/b><\/p> <\/div> <div class=\"application-platform-content-item-features application-platform-content-item\" id=\"features\" data-nav-section=\"features\"> <h2>Dies sind nur einige der umfangreichen Plugin-Funktionen: <\/h2> <ul><li>Verschiedene Farb\u00e4nderungen<\/li> <li>Dunkles\/helles Farbthema<\/li><li>Responsives Design<\/li><li>2 Layouts anwendbar<\/li><li>Eine M\u00f6glichkeit, ein Hintergrundbild hinzuzuf\u00fcgen<\/li><\/ul><p><a href=\"#demo\">Probieren Sie einfach diese Demo aus, um die Funktionalit\u00e4t des Plugins zu verstehen<\/a><\/p> <\/div> <div class=\"application-platform-content-item-installation application-platform-content-item\" id=\"installation\" data-nav-section=\"installation\"> <h2>So f\u00fcgen Sie Elfsight Audio Player hinzu in meinen GoDaddy? <\/h2> <p>F\u00fchren Sie einfach die unten aufgef\u00fchrten Schritte aus, um das Tool hinzuzuf\u00fcgen. <\/p> <ol><li><b>Nutzen Sie unseren kostenlosen Konfigurator und beginnen Sie mit der Erstellung Ihres ma\u00dfgeschneiderten Instruments. <\/b><br> Geben Sie die ausgew\u00e4hlte Form und die Funktionsmerkmale des Werkzeugs an und speichern Sie die \u00c4nderungen. <\/li> <li><b>Erhalten Sie den individuellen Code, der im Feld auf Elfsight Apps angezeigt wird.<\/b><br> Wenn die Einrichtung Ihres Werkzeugs abgeschlossen ist, kopieren Sie den pers\u00f6nlichen Code im angezeigten Feld und speichern Sie ihn zur weiteren Verwendung. <\/li> <li><b>Initiieren Sie die Anwendung des Plugins auf der GoDaddy-Site<\/b><br> Implementieren Sie den k\u00fcrzlich kopierten Code auf Ihrer Homepage und wenden Sie die \u00c4nderungen an. <\/li> <li><b>Das Setup ist vollst\u00e4ndig abgeschlossen<\/b><br> Besuchen Sie Ihre Website, um die Funktionsweise des Plugins anzuzeigen. <\/li><\/ol> <p>Wenn Sie auf Anfragen oder Komplikationen sto\u00dfen, z\u00f6gern Sie nicht, sich an unsere Kundendienstmitarbeiter zu wenden. Unsere Spezialisten beantworten gerne alle Fragen, die Sie zum Plugin haben. <\/p> <div class=\"faq\" data-component=\"FAQ\"><div class=\"faq-item\">\r\n\t\t\t\t\t<div class=\"faq-item-question\">\r\n\t\t\t\t\t\t<h3 class=\"faq-item-question-text\">Wie kann ich das GoDaddy Audio Player-Plugin ohne Programmierkenntnisse in meine Website einbetten?<\/h3>\r\n\r\n\t\t\t\t\t\t<div class=\"faq-item-question-icon\"><\/div>\r\n\t\t\t\t\t<\/div>\r\n\r\n\t\t\t\t\t<div class=\"faq-item-answer\">\r\n\t\t\t\t\t\t<div class=\"faq-item-answer-text\"><p>Elfsight bietet eine cloudbasierte L\u00f6sung, die es Benutzern erm\u00f6glicht, ein GoDaddy Audio Player-Plugin zu erstellen alleine. Erleben Sie, wie unkompliziert der Prozess ist:<\/p><ul><li>Greifen Sie auf den Online-Editor zu, um einen GoDaddy Audio Player-Plugin-Bereich zu erstellen, den Sie in Ihre Website integrieren m\u00f6chten.<\/li><li>W\u00e4hlen Sie einen unserer aus Erstellen Sie vorgefertigte Vorlagen und passen Sie die Einstellungen des GoDaddy Audio Player-Plugins an, \u00e4ndern Sie das Layout und das Farbschema und f\u00fcgen Sie Ihre Inhalte ein, ohne dass eine Codierung erforderlich ist.<\/li><li>Behalten Sie die Einstellungen bei, die Sie f\u00fcr das GoDaddy Audio Player-Plugin konfiguriert haben Erhalten Sie den Code zum Einbetten, der m\u00fchelos und kostenlos in Ihre Website eingef\u00fcgt werden kann.<\/li><\/ul><p>Durch die Arbeit im benutzerfreundlichen Editor kann jeder Internetnutzer einen GoDaddy Audio Player-Plugin-Bereich erstellen und betten Sie es in ihre Website ein. F\u00fcr den Zugriff auf den Elfsight-Editor ist keine Zahlung oder Offenlegung Ihrer Karteninformationen erforderlich. Sollten Sie zu irgendeinem Zeitpunkt auf Schwierigkeiten sto\u00dfen, wenden Sie sich bitte an unseren Kundensupport.<\/p><\/div>\r\n\t\t\t\t\t<\/div>\r\n\t\t\t\t<\/div><\/div><\/div>","protected":false},"excerpt":{"rendered":"","protected":false},"author":9,"featured_media":0,"parent":1315,"menu_order":0,"comment_status":"closed","ping_status":"closed","template":"templates\/template-application-platform.php","meta":{"publish_to_discourse":"","publish_post_category":"","wpdc_auto_publish_overridden":"","wpdc_topic_tags":"","wpdc_pin_topic":"","wpdc_pin_until":"","discourse_post_id":"","discourse_permalink":"","wpdc_publishing_response":"","wpdc_publishing_error":"","footnotes":""},"class_list":["post-16783","page","type-page","status-publish","hentry"],"yoast_head":"<!-- This site is optimized with the Yoast SEO plugin v25.3.1 - https:\/\/yoast.com\/wordpress\/plugins\/seo\/ -->\n<title>Audio Player \u2013 F\u00fcgen Sie das Audio Player-Plugin zur GoDaddy-Website hinzu!<\/title>\n<meta name=\"description\" content=\"F\u00fcgen Sie Ihrer GoDaddy-Website ein beeindruckendes Audio-Player-Plugin hinzu. F\u00fchren Sie unsere praktische Demo aus und erstellen Sie Ihr Tool in nur 2 Minuten.\" \/>\n<meta name=\"robots\" content=\"index, follow, max-snippet:-1, max-image-preview:large, max-video-preview:-1\" \/>\n<link rel=\"canonical\" href=\"https:\/\/elfsight.com\/de\/audio-player-widget\/godaddy\/\" \/>\n<meta property=\"og:locale\" content=\"de_DE\" \/>\n<meta property=\"og:type\" content=\"article\" \/>\n<meta property=\"og:title\" content=\"Audio Player \u2013 F\u00fcgen Sie das Audio Player-Plugin zur GoDaddy-Website hinzu!\" \/>\n<meta property=\"og:description\" content=\"F\u00fcgen Sie Ihrer GoDaddy-Website ein beeindruckendes Audio-Player-Plugin hinzu. F\u00fchren Sie unsere praktische Demo aus und erstellen Sie Ihr Tool in nur 2 Minuten.\" \/>\n<meta property=\"og:url\" content=\"https:\/\/elfsight.com\/de\/audio-player-widget\/godaddy\/\" \/>\n<meta property=\"og:site_name\" content=\"Elfsight DE\" \/>\n<meta property=\"article:modified_time\" content=\"2025-07-08T09:52:32+00:00\" \/>\n<meta name=\"twitter:card\" content=\"summary_large_image\" \/>\n<meta name=\"twitter:label1\" content=\"Gesch\u00e4tzte Lesezeit\" \/>\n\t<meta name=\"twitter:data1\" content=\"3\u00a0Minuten\" \/>\n<!-- \/ Yoast SEO plugin. -->","yoast_head_json":{"title":"Audio Player \u2013 F\u00fcgen Sie das Audio Player-Plugin zur GoDaddy-Website hinzu!","description":"F\u00fcgen Sie Ihrer GoDaddy-Website ein beeindruckendes Audio-Player-Plugin hinzu. F\u00fchren Sie unsere praktische Demo aus und erstellen Sie Ihr Tool in nur 2 Minuten.","robots":{"index":"index","follow":"follow","max-snippet":"max-snippet:-1","max-image-preview":"max-image-preview:large","max-video-preview":"max-video-preview:-1"},"canonical":"https:\/\/elfsight.com\/de\/audio-player-widget\/godaddy\/","og_locale":"de_DE","og_type":"article","og_title":"Audio Player \u2013 F\u00fcgen Sie das Audio Player-Plugin zur GoDaddy-Website hinzu!","og_description":"F\u00fcgen Sie Ihrer GoDaddy-Website ein beeindruckendes Audio-Player-Plugin hinzu. F\u00fchren Sie unsere praktische Demo aus und erstellen Sie Ihr Tool in nur 2 Minuten.","og_url":"https:\/\/elfsight.com\/de\/audio-player-widget\/godaddy\/","og_site_name":"Elfsight DE","article_modified_time":"2025-07-08T09:52:32+00:00","twitter_card":"summary_large_image","twitter_misc":{"Gesch\u00e4tzte Lesezeit":"3\u00a0Minuten"},"schema":{"@context":"https:\/\/schema.org","@graph":[{"@type":"WebPage","@id":"https:\/\/elfsight.com\/de\/audio-player-widget\/godaddy\/","url":"https:\/\/elfsight.com\/de\/audio-player-widget\/godaddy\/","name":"Audio Player \u2013 F\u00fcgen Sie das Audio Player-Plugin zur GoDaddy-Website hinzu!","isPartOf":{"@id":"https:\/\/elfsight.com\/de\/#website"},"datePublished":"2024-05-03T06:28:23+00:00","dateModified":"2025-07-08T09:52:32+00:00","description":"F\u00fcgen Sie Ihrer GoDaddy-Website ein beeindruckendes Audio-Player-Plugin hinzu. F\u00fchren Sie unsere praktische Demo aus und erstellen Sie Ihr Tool in nur 2 Minuten.","breadcrumb":{"@id":"https:\/\/elfsight.com\/de\/audio-player-widget\/godaddy\/#breadcrumb"},"inLanguage":"de","potentialAction":[{"@type":"ReadAction","target":["https:\/\/elfsight.com\/de\/audio-player-widget\/godaddy\/"]}]},{"@type":"BreadcrumbList","@id":"https:\/\/elfsight.com\/de\/audio-player-widget\/godaddy\/#breadcrumb","itemListElement":[{"@type":"ListItem","position":1,"name":"Home","item":"https:\/\/elfsight.com\/de\/"},{"@type":"ListItem","position":2,"name":"Audio Player","item":"https:\/\/elfsight.com\/de\/audio-player-widget\/"},{"@type":"ListItem","position":3,"name":"Audio Player &#8211; GoDaddy"}]},{"@type":"WebSite","@id":"https:\/\/elfsight.com\/de\/#website","url":"https:\/\/elfsight.com\/de\/","name":"Elfsight DE","description":"Just another Elfsight Sites site","potentialAction":[{"@type":"SearchAction","target":{"@type":"EntryPoint","urlTemplate":"https:\/\/elfsight.com\/de\/?s={search_term_string}"},"query-input":{"@type":"PropertyValueSpecification","valueRequired":true,"valueName":"search_term_string"}}],"inLanguage":"de"}]}},"meta_box":{"industry":"","seo_heading":"","heading":"","description":"","cta_heading":"","cta_description":"","application":"505","h1":"GoDaddy Audio Player-Plugin","h1_caption":"F\u00fcgen Sie Audiotitel m\u00fchelos direkt auf Ihrer Website hinzu und pr\u00e4sentieren Sie sie mit einem eleganten, anpassbaren Player auf Ihrer GoDaddy-Website.","application_category":[],"applications_title":"","applications_request_title":"","applications_request_button_text":"","hero_text":"","hero_video":"","hero_video_schema_markup":"","selling_points_title":"","selling_points_caption":"","selling_points":[],"selling_points_cta_text":"","features_title":"","features":"","ed_cta_examples_text":"","ed_cta_examples_hidden":"","ed_cta_demo_text":"","ed_cta_demo_hidden":"","why_caption":"","why_editor_title":"","why_editor_text":"","why_team_title":"","why_team_text":"","why_service_title":"","why_service_text":"","template_catalog_visible":"","template_catalog_title":"","template_catalog_text":"","template_catalog_categories_visible":"","demo_title":"Erstellen Sie Ihr Audio-Player-Plugin","demo_caption":"Konfigurieren Sie Ihren Audio-Player und f\u00fcgen Sie ihn kostenlos zu Ihrer GoDaddy-Website hinzu!","default_faq_hidden":"","app_template_category":[],"platform":"241","template_public_id":"","codecanyon_url":"","codecanyon_item_id":"","codecanyon_price":"","pricing_caption":"","pricing_elfsight_apps_hide_column":"","pricing_elfsight_apps_url":"","pricing_codecanyon_price_caption":"","integration_category":[],"integration_request_title":"","integration_request_cta":"","integration_platform":"","integrations":[],"platform_category":[],"video_schema_markup":"","price":"ab 0 $ \/ Monat","trial":"","benefits":[{"text":"Kostenloser Installationsservice"},{"text":"Erfahrener Kundensupport"},{"text":"14-t\u00e4gige Geld-zur\u00fcck-Garantie"},{"text":"Fortlaufende Entwicklung"}],"button_url":"#demo","button_target_blank":"","button_nofollow":"","attributes":[{"name":"Installiert","content":"100,000 - 500,000"},{"name":"Reaktionsfreudig","content":"Ja"},{"name":"Kompatible Browser","content":"IE11, Firefox, Safari, Opera, Chrome, Edge"}],"tags":[],"tags_disable_links":"","hide_more_platforms":"","video_object":"","demo_hide_cta":"","demo_hide_cloud_options":"","pricing_title":"","pricing":[{"pricing_icon":"platform","pricing_title":"Elfsight Apps","pricing_title_caption":"Multiplattform-Software","pricing_price":"ab 0 $ \/ Monat","pricing_price_caption":"Beginnen Sie mit einem kostenlosen Plan","pricing_benefits":[{"text":"Unbegrenzte Websites"},{"text":"Schneller Kundensupport"},{"text":"Kostenloser Installationsservice"},{"text":"Flexibles Design"}],"pricing_button_text":"Zur Website hinzuf\u00fcgen","pricing_button_url":"#demo"}],"related_apps_title":"","related_apps_hidden":"","author":"","image":[],"title":"","job":"","social_networks":[]},"_links":{"self":[{"href":"https:\/\/elfsight.com\/de\/wp-json\/wp\/v2\/pages\/16783","targetHints":{"allow":["GET"]}}],"collection":[{"href":"https:\/\/elfsight.com\/de\/wp-json\/wp\/v2\/pages"}],"about":[{"href":"https:\/\/elfsight.com\/de\/wp-json\/wp\/v2\/types\/page"}],"author":[{"embeddable":true,"href":"https:\/\/elfsight.com\/de\/wp-json\/wp\/v2\/users\/9"}],"replies":[{"embeddable":true,"href":"https:\/\/elfsight.com\/de\/wp-json\/wp\/v2\/comments?post=16783"}],"version-history":[{"count":2,"href":"https:\/\/elfsight.com\/de\/wp-json\/wp\/v2\/pages\/16783\/revisions"}],"predecessor-version":[{"id":21248,"href":"https:\/\/elfsight.com\/de\/wp-json\/wp\/v2\/pages\/16783\/revisions\/21248"}],"up":[{"embeddable":true,"href":"https:\/\/elfsight.com\/de\/wp-json\/wp\/v2\/pages\/1315"}],"wp:attachment":[{"href":"https:\/\/elfsight.com\/de\/wp-json\/wp\/v2\/media?parent=16783"}],"curies":[{"name":"wp","href":"https:\/\/api.w.org\/{rel}","templated":true}]}}