{"id":16778,"date":"2024-05-03T06:28:22","date_gmt":"2024-05-03T06:28:22","guid":{"rendered":"https:\/\/elfsight.com\/de\/?page_id=16778"},"modified":"2025-07-08T09:53:06","modified_gmt":"2025-07-08T09:53:06","slug":"prestashop","status":"publish","type":"page","link":"https:\/\/elfsight.com\/de\/audio-player-widget\/prestashop\/","title":{"rendered":"Audio Player &#8211; PrestaShop"},"content":{"rendered":"<div class=\"application-platform-content-item-description application-platform-content-item\" id=\"description\" data-nav-section=\"description\"> <h2>Beschreibung<\/h2> <p>Elfsight Audio Player ist ein einfaches Widget, mit dem Sie Audiotitel auf Ihrer Website streamen k\u00f6nnen. Das Widget ist vollst\u00e4ndig anpassbar: Sie k\u00f6nnen seine Position \u00e4ndern, es an einer beliebigen Stelle auf der Seite platzieren, seine Gr\u00f6\u00dfe \u00e4ndern, den Hintergrund und alle anderen Teile \u00fcberarbeiten, um es mit dem Stil Ihrer Website zu kombinieren, ein dunkles Farbschema verwenden, Bilder anzeigen und anzeigen oder ausblenden drei weitere Player-Komponenten wie Fortschrittsbalken und viele mehr. F\u00fcgen Sie so viele Titel hinzu, wie Sie ben\u00f6tigen, um Ihre Benutzer anzusprechen, schalten Sie die automatische Wiedergabe ein und z\u00f6gern Sie nicht \u2013 Ihr Publikum wird Ihre Webseite nicht so schnell verlassen! <\/p> <p><b>Mit Audio Player sehen Sie aktives Gesch\u00e4ftswachstum und steigern den Umsatz <\/b><\/p> <\/div> <div class=\"application-platform-content-item-features application-platform-content-item\" id=\"features\" data-nav-section=\"features\"> <h2>Zu den wesentlichen Widget-Funktionen geh\u00f6ren<\/h2> <ul><li>Unbegrenzte Farb\u00e4nderungen<\/li><li>Dunkles\/helles Farbschema<\/li><li>Responsives Design<\/li><li>2 Layouts anwendbar<\/li><li> Eine Option zum Hinzuf\u00fcgen eines Hintergrundbilds<\/li><li>F\u00fcgen Sie eine unbegrenzte Anzahl von Titeln hinzu<\/li><li>Eine M\u00f6glichkeit, Ihr personalisiertes Farbthema zu entwerfen<\/li><li>Unterst\u00fctzte Formate: DASH (mpd), webm, mp4, ogv, HLS (m3u8), mp3<\/li><li>Autoplay-Option<\/li><li>Titel per URL oder direkt von Ihrem Ger\u00e4t hinzuf\u00fcgen<\/li><\/ul><p><a href=\"#demo\">Untersuchen Sie alle Einstellungen in der Demo mit vollem Funktionsumfang<\/a><\/p> <\/div> <div class=\"application-platform-content-item-installation application-platform-content-item\" id=\"installation\" data-nav-section=\"installation\"> <h2>Wie bette ich den Audio Player in meine PrestaShop-Website ein? <\/h2> <p>Erf\u00fcllen Sie einfach die folgenden Richtlinien, um das Add-on zu integrieren. <\/p> <ol><li><b>Verwalten Sie unsere kostenlose Demo und beginnen Sie mit der Erstellung Ihres eigenen Add-ons. <\/b><br> Bestimmen Sie das geeignete Layout und die Eigenschaften des Widgets und nehmen Sie die \u00c4nderungen vor. <\/li> <li><b>Erhalten Sie den pers\u00f6nlichen Code, der in der Box auf Elfsight Apps angezeigt wird. <\/b><br> Kopieren Sie unmittelbar nach Abschluss der Generierung Ihres pers\u00f6nlichen Tools den exklusiven Code im angezeigten Feld und speichern Sie ihn f\u00fcr die zuk\u00fcnftige Verwendung. <\/li> <li><b>Beginnen Sie mit der Nutzung des Add-ons auf der PrestaShop-Website. <\/b><br> F\u00fcgen Sie den zuvor gespeicherten Code in Ihre Website ein und speichern Sie die Verbesserungen. <\/li> <li><b>Das Setup wurde erfolgreich beendet. <\/b><br> Besuchen Sie Ihre Webseite, um zu sehen, wie das Widget funktioniert. <\/li><\/ol> <p>Sollten Sie auf Schwierigkeiten sto\u00dfen, wenden Sie sich gerne an unser Kundendienstteam. Unsere Spezialisten sind bestrebt, alle Probleme zu l\u00f6sen, die Sie m\u00f6glicherweise mit dem Widget haben. <\/p> <\/div><p><\/p>","protected":false},"excerpt":{"rendered":"","protected":false},"author":9,"featured_media":0,"parent":1315,"menu_order":0,"comment_status":"closed","ping_status":"closed","template":"templates\/template-application-platform.php","meta":{"publish_to_discourse":"","publish_post_category":"","wpdc_auto_publish_overridden":"","wpdc_topic_tags":"","wpdc_pin_topic":"","wpdc_pin_until":"","discourse_post_id":"","discourse_permalink":"","wpdc_publishing_response":"","wpdc_publishing_error":"","footnotes":""},"class_list":["post-16778","page","type-page","status-publish","hentry"],"yoast_head":"<!-- This site is optimized with the Yoast SEO plugin v25.3.1 - https:\/\/yoast.com\/wordpress\/plugins\/seo\/ -->\n<title>Audio-Player \u2013 Musik-Player zur PrestaShop-Website hinzuf\u00fcgen (schnell und kostenlos)<\/title>\n<meta name=\"description\" content=\"F\u00fcgen Sie der PrestaShop-Site eine reaktionsf\u00e4hige Audio-Player-App hinzu. Wenden Sie die praktische Demo an und erstellen Sie in nur wenigen Minuten Ihr eigenes Musik-Widget.\" \/>\n<meta name=\"robots\" content=\"index, follow, max-snippet:-1, max-image-preview:large, max-video-preview:-1\" \/>\n<link rel=\"canonical\" href=\"https:\/\/elfsight.com\/de\/audio-player-widget\/prestashop\/\" \/>\n<meta property=\"og:locale\" content=\"de_DE\" \/>\n<meta property=\"og:type\" content=\"article\" \/>\n<meta property=\"og:title\" content=\"Audio-Player \u2013 Musik-Player zur PrestaShop-Website hinzuf\u00fcgen (schnell und kostenlos)\" \/>\n<meta property=\"og:description\" content=\"F\u00fcgen Sie der PrestaShop-Site eine reaktionsf\u00e4hige Audio-Player-App hinzu. Wenden Sie die praktische Demo an und erstellen Sie in nur wenigen Minuten Ihr eigenes Musik-Widget.\" \/>\n<meta property=\"og:url\" content=\"https:\/\/elfsight.com\/de\/audio-player-widget\/prestashop\/\" \/>\n<meta property=\"og:site_name\" content=\"Elfsight DE\" \/>\n<meta property=\"article:modified_time\" content=\"2025-07-08T09:53:06+00:00\" \/>\n<meta name=\"twitter:card\" content=\"summary_large_image\" \/>\n<meta name=\"twitter:label1\" content=\"Gesch\u00e4tzte Lesezeit\" \/>\n\t<meta name=\"twitter:data1\" content=\"2\u00a0Minuten\" \/>\n<!-- \/ Yoast SEO plugin. -->","yoast_head_json":{"title":"Audio-Player \u2013 Musik-Player zur PrestaShop-Website hinzuf\u00fcgen (schnell und kostenlos)","description":"F\u00fcgen Sie der PrestaShop-Site eine reaktionsf\u00e4hige Audio-Player-App hinzu. Wenden Sie die praktische Demo an und erstellen Sie in nur wenigen Minuten Ihr eigenes Musik-Widget.","robots":{"index":"index","follow":"follow","max-snippet":"max-snippet:-1","max-image-preview":"max-image-preview:large","max-video-preview":"max-video-preview:-1"},"canonical":"https:\/\/elfsight.com\/de\/audio-player-widget\/prestashop\/","og_locale":"de_DE","og_type":"article","og_title":"Audio-Player \u2013 Musik-Player zur PrestaShop-Website hinzuf\u00fcgen (schnell und kostenlos)","og_description":"F\u00fcgen Sie der PrestaShop-Site eine reaktionsf\u00e4hige Audio-Player-App hinzu. Wenden Sie die praktische Demo an und erstellen Sie in nur wenigen Minuten Ihr eigenes Musik-Widget.","og_url":"https:\/\/elfsight.com\/de\/audio-player-widget\/prestashop\/","og_site_name":"Elfsight DE","article_modified_time":"2025-07-08T09:53:06+00:00","twitter_card":"summary_large_image","twitter_misc":{"Gesch\u00e4tzte Lesezeit":"2\u00a0Minuten"},"schema":{"@context":"https:\/\/schema.org","@graph":[{"@type":"WebPage","@id":"https:\/\/elfsight.com\/de\/audio-player-widget\/prestashop\/","url":"https:\/\/elfsight.com\/de\/audio-player-widget\/prestashop\/","name":"Audio-Player \u2013 Musik-Player zur PrestaShop-Website hinzuf\u00fcgen (schnell und kostenlos)","isPartOf":{"@id":"https:\/\/elfsight.com\/de\/#website"},"datePublished":"2024-05-03T06:28:22+00:00","dateModified":"2025-07-08T09:53:06+00:00","description":"F\u00fcgen Sie der PrestaShop-Site eine reaktionsf\u00e4hige Audio-Player-App hinzu. Wenden Sie die praktische Demo an und erstellen Sie in nur wenigen Minuten Ihr eigenes Musik-Widget.","breadcrumb":{"@id":"https:\/\/elfsight.com\/de\/audio-player-widget\/prestashop\/#breadcrumb"},"inLanguage":"de","potentialAction":[{"@type":"ReadAction","target":["https:\/\/elfsight.com\/de\/audio-player-widget\/prestashop\/"]}]},{"@type":"BreadcrumbList","@id":"https:\/\/elfsight.com\/de\/audio-player-widget\/prestashop\/#breadcrumb","itemListElement":[{"@type":"ListItem","position":1,"name":"Home","item":"https:\/\/elfsight.com\/de\/"},{"@type":"ListItem","position":2,"name":"Audio Player","item":"https:\/\/elfsight.com\/de\/audio-player-widget\/"},{"@type":"ListItem","position":3,"name":"Audio Player &#8211; PrestaShop"}]},{"@type":"WebSite","@id":"https:\/\/elfsight.com\/de\/#website","url":"https:\/\/elfsight.com\/de\/","name":"Elfsight DE","description":"Just another Elfsight Sites site","potentialAction":[{"@type":"SearchAction","target":{"@type":"EntryPoint","urlTemplate":"https:\/\/elfsight.com\/de\/?s={search_term_string}"},"query-input":{"@type":"PropertyValueSpecification","valueRequired":true,"valueName":"search_term_string"}}],"inLanguage":"de"}]}},"meta_box":{"industry":"","seo_heading":"","heading":"","description":"","cta_heading":"","cta_description":"","application":"505","h1":"PrestaShop Music Player-Add-on","h1_caption":"F\u00fcgen Sie Audiotitel m\u00fchelos direkt auf Ihrer Website hinzu und pr\u00e4sentieren Sie sie mit einem eleganten, anpassbaren Player auf Ihrer Prestashop-Website.","application_category":[],"applications_title":"","applications_request_title":"","applications_request_button_text":"","hero_text":"","hero_video":"","hero_video_schema_markup":"","selling_points_title":"","selling_points_caption":"","selling_points":[],"selling_points_cta_text":"","features_title":"","features":"","ed_cta_examples_text":"","ed_cta_examples_hidden":"","ed_cta_demo_text":"","ed_cta_demo_hidden":"","why_caption":"","why_editor_title":"","why_editor_text":"","why_team_title":"","why_team_text":"","why_service_title":"","why_service_text":"","template_catalog_visible":"","template_catalog_title":"","template_catalog_text":"","template_catalog_categories_visible":"","demo_title":"Erstellen Sie Ihr Audio-Player-Add-on","demo_caption":"Konfigurieren Sie Ihren Audio-Player und f\u00fcgen Sie ihn kostenlos zu Ihrer PrestaShop-Website hinzu!","default_faq_hidden":"","app_template_category":[],"platform":"3811","template_public_id":"","codecanyon_url":"","codecanyon_item_id":"","codecanyon_price":"","pricing_caption":"","pricing_elfsight_apps_hide_column":"","pricing_elfsight_apps_url":"","pricing_codecanyon_price_caption":"","integration_category":[],"integration_request_title":"","integration_request_cta":"","integration_platform":"","integrations":[],"platform_category":[],"video_schema_markup":"","price":"ab 0 $ \/ Monat","trial":"","benefits":[{"text":"Kostenlose Installationsunterst\u00fctzung"},{"text":"Au\u00dfergew\u00f6hnlicher Support"},{"text":"14-t\u00e4gige Geld-zur\u00fcck-Garantie"},{"text":"Lebenslange kostenlose Verbesserungen"}],"button_url":"#demo","button_target_blank":"","button_nofollow":"","attributes":[{"name":"Installiert","content":"100,000 - 500,000"},{"name":"Reaktionsfreudig","content":"Ja"},{"name":"Kompatible Browser","content":"Firefox, Safari, Opera, Chrome, Edge"}],"tags":[],"tags_disable_links":"","hide_more_platforms":"","video_object":"","demo_hide_cta":"","demo_hide_cloud_options":"","pricing_title":"","pricing":[{"pricing_icon":"platform","pricing_title":"Elfsight Apps","pricing_title_caption":"Multiplattform-Software, die auf jeder Website funktioniert","pricing_price":"ab 0 $ \/ Monat","pricing_price_caption":"Beginnen Sie mit einem kostenlosen Plan","pricing_benefits":[{"text":"Unbegrenzte Websites"},{"text":"Kostenloser Unternehmenssupport"},{"text":"Kostenloser Installationssupport"},{"text":"Vollst\u00e4ndig anpassbar"}],"pricing_button_text":"Zur Website hinzuf\u00fcgen","pricing_button_url":"#demo"}],"related_apps_title":"","related_apps_hidden":"","author":"","image":[],"title":"","job":"","social_networks":[]},"_links":{"self":[{"href":"https:\/\/elfsight.com\/de\/wp-json\/wp\/v2\/pages\/16778","targetHints":{"allow":["GET"]}}],"collection":[{"href":"https:\/\/elfsight.com\/de\/wp-json\/wp\/v2\/pages"}],"about":[{"href":"https:\/\/elfsight.com\/de\/wp-json\/wp\/v2\/types\/page"}],"author":[{"embeddable":true,"href":"https:\/\/elfsight.com\/de\/wp-json\/wp\/v2\/users\/9"}],"replies":[{"embeddable":true,"href":"https:\/\/elfsight.com\/de\/wp-json\/wp\/v2\/comments?post=16778"}],"version-history":[{"count":1,"href":"https:\/\/elfsight.com\/de\/wp-json\/wp\/v2\/pages\/16778\/revisions"}],"predecessor-version":[{"id":16782,"href":"https:\/\/elfsight.com\/de\/wp-json\/wp\/v2\/pages\/16778\/revisions\/16782"}],"up":[{"embeddable":true,"href":"https:\/\/elfsight.com\/de\/wp-json\/wp\/v2\/pages\/1315"}],"wp:attachment":[{"href":"https:\/\/elfsight.com\/de\/wp-json\/wp\/v2\/media?parent=16778"}],"curies":[{"name":"wp","href":"https:\/\/api.w.org\/{rel}","templated":true}]}}