{"id":16777,"date":"2024-05-03T06:28:21","date_gmt":"2024-05-03T06:28:21","guid":{"rendered":"https:\/\/elfsight.com\/de\/?page_id=16777"},"modified":"2025-01-14T06:27:24","modified_gmt":"2025-01-14T06:27:24","slug":"jimdo","status":"publish","type":"page","link":"https:\/\/elfsight.com\/de\/audio-player-widget\/jimdo\/","title":{"rendered":"Audio Player &#8211; Jimdo"},"content":{"rendered":"\n<div class=\"application-platform-content-item-description application-platform-content-item\" id=\"description\" data-nav-section=\"description\"> <h2>Beschreibung<\/h2> <p>Elfsight Audio Player ist ein unkompliziertes Tool, mit dem Sie Audiotracks auf den Seiten Ihrer Website streamen k\u00f6nnen. Das Tool ist bemerkenswert anpassbar: Sie k\u00f6nnen seine Position \u00e4ndern, es an einer beliebigen Stelle auf der Seite einbetten, seine Gr\u00f6\u00dfe \u00e4ndern, den Hintergrund und alle anderen Teile neu zeichnen, um es mit dem Design Ihrer Website zu kombinieren, ein dunkles Thema verwenden, Cover anzeigen und anzeigen oder verbergen drei zus\u00e4tzliche Player-Komponenten wie Fortschrittsbalken und vieles mehr. Laden Sie so viele Titel hoch, wie Sie m\u00f6chten, um Ihre Besucher zu unterhalten, schalten Sie die automatische Wiedergabe ein und haben Sie keine Zweifel \u2013 Ihre Benutzer werden Ihre Homepage nicht so schnell verlassen! <\/p><p><b>Verwenden Sie den Audio Player, um Ihre E-Commerce-Ziele einfacher zu erreichen! <\/b><\/p> <\/div> <div class=\"application-platform-content-item-features application-platform-content-item\" id=\"features\" data-nav-section=\"features\"> <h2>Dies sind nur einige der umfangreichen Widget-Funktionen: <\/h2> <ul><li>Unbegrenzte Farb\u00e4nderungen<\/li> <li>Dunkles\/helles Farbschema<\/li><li>Responsives Design<\/li><li>Zwei Layouts verf\u00fcgbar<\/li><li>Eine Option zum Hinzuf\u00fcgen eines Hintergrundbilds<\/li><li>Eine unbegrenzte Anzahl von Titeln<\/li><li>Eine M\u00f6glichkeit, Ihr personalisiertes Farbthema zu erstellen<\/li><li>Unterst\u00fctzte Formate: HLS (m3u8), ogv, DASH (mpd), mpThree, webm, mp4<\/li><li>Autoplay-Option<\/li><li>F\u00fcgen Sie Titel per URL oder direkt von Ihrem Ger\u00e4t hinzu<\/li><\/ul><p><a href=\"#demo\">Untersuchen Sie alle Anpassungsoptionen in einer voll funktionsf\u00e4higen Demo<\/a><\/div> <div class=\"application-platform-content-item-installation application-platform-content-item\" id=\"installation\" data-nav-section=\"installation\"> <h2>Wie bette ich den Audio Player auf meiner Jimdo-Site ein? <\/h2> <p>Befolgen Sie einfach die unten aufgef\u00fchrten Schritte, um das Widget zu integrieren. <\/p> <ol><li><b>\u00d6ffnen Sie unseren kostenlosen Konfigurator und beginnen Sie mit der Gestaltung Ihres personalisierten Widgets. <\/b><br> Geben Sie die bevorzugte Form und Funktionen des Widgets an und speichern Sie die Korrekturen. <\/li> <li><b>Erhalten Sie Ihren individuellen Code, der im speziellen Formular auf Elfsight Apps erscheint. <\/b><br> Wenn die Einrichtung Ihres Widgets abgeschlossen ist, kopieren Sie den exklusiven Code aus dem angezeigten Feld und bewahren Sie ihn f\u00fcr die zuk\u00fcnftige Verwendung auf. <\/li> <li><b>Beginnen Sie mit der Anwendung des Tools auf der Jimdo-Website. <\/b><br> F\u00fcgen Sie den Code, den Sie k\u00fcrzlich gespeichert haben, auf Ihrer Homepage ein und speichern Sie die \u00c4nderungen. <\/li> <li><b>Du bist fertig! Das Setup wurde erfolgreich durchgef\u00fchrt. <\/b><br> Besuchen Sie Ihre Website, um die Funktionsweise des Tools zu \u00fcberpr\u00fcfen. <\/li><\/ol> <p>Wenn Sie Fragen haben oder auf Hindernisse sto\u00dfen, z\u00f6gern Sie nicht, sich an unser Kundendienstteam zu wenden. Unsere Spezialisten l\u00f6sen gerne alle Probleme, die Sie mit dem Widget haben. <\/p> <\/div>\n","protected":false},"excerpt":{"rendered":"","protected":false},"author":9,"featured_media":0,"parent":1315,"menu_order":0,"comment_status":"closed","ping_status":"closed","template":"templates\/template-application-platform.php","meta":{"publish_to_discourse":"","publish_post_category":"","wpdc_auto_publish_overridden":"","wpdc_topic_tags":"","wpdc_pin_topic":"","wpdc_pin_until":"","discourse_post_id":"","discourse_permalink":"","wpdc_publishing_response":"","wpdc_publishing_error":"","footnotes":""},"class_list":["post-16777","page","type-page","status-publish","hentry"],"yoast_head":"<!-- This site is optimized with the Yoast SEO plugin v25.3.1 - https:\/\/yoast.com\/wordpress\/plugins\/seo\/ -->\n<title>Audio-Player \u2013 Musik-Player zur Jimdo-Website hinzuf\u00fcgen (schnell und kostenlos)<\/title>\n<meta name=\"description\" content=\"F\u00fcgen Sie der Jimdo-Site ein responsives Audio-Player-Widget hinzu. Wenden Sie die praktische Demo an und erstellen Sie in nur wenigen Minuten Ihr eigenes Musik-Widget.\" \/>\n<meta name=\"robots\" content=\"index, follow, max-snippet:-1, max-image-preview:large, max-video-preview:-1\" \/>\n<link rel=\"canonical\" href=\"https:\/\/elfsight.com\/de\/audio-player-widget\/jimdo\/\" \/>\n<meta property=\"og:locale\" content=\"de_DE\" \/>\n<meta property=\"og:type\" content=\"article\" \/>\n<meta property=\"og:title\" content=\"Audio-Player \u2013 Musik-Player zur Jimdo-Website hinzuf\u00fcgen (schnell und kostenlos)\" \/>\n<meta property=\"og:description\" content=\"F\u00fcgen Sie der Jimdo-Site ein responsives Audio-Player-Widget hinzu. Wenden Sie die praktische Demo an und erstellen Sie in nur wenigen Minuten Ihr eigenes Musik-Widget.\" \/>\n<meta property=\"og:url\" content=\"https:\/\/elfsight.com\/de\/audio-player-widget\/jimdo\/\" \/>\n<meta property=\"og:site_name\" content=\"Elfsight DE\" \/>\n<meta property=\"article:modified_time\" content=\"2025-01-14T06:27:24+00:00\" \/>\n<meta name=\"twitter:card\" content=\"summary_large_image\" \/>\n<meta name=\"twitter:label1\" content=\"Gesch\u00e4tzte Lesezeit\" \/>\n\t<meta name=\"twitter:data1\" content=\"3\u00a0Minuten\" \/>\n<!-- \/ Yoast SEO plugin. -->","yoast_head_json":{"title":"Audio-Player \u2013 Musik-Player zur Jimdo-Website hinzuf\u00fcgen (schnell und kostenlos)","description":"F\u00fcgen Sie der Jimdo-Site ein responsives Audio-Player-Widget hinzu. Wenden Sie die praktische Demo an und erstellen Sie in nur wenigen Minuten Ihr eigenes Musik-Widget.","robots":{"index":"index","follow":"follow","max-snippet":"max-snippet:-1","max-image-preview":"max-image-preview:large","max-video-preview":"max-video-preview:-1"},"canonical":"https:\/\/elfsight.com\/de\/audio-player-widget\/jimdo\/","og_locale":"de_DE","og_type":"article","og_title":"Audio-Player \u2013 Musik-Player zur Jimdo-Website hinzuf\u00fcgen (schnell und kostenlos)","og_description":"F\u00fcgen Sie der Jimdo-Site ein responsives Audio-Player-Widget hinzu. Wenden Sie die praktische Demo an und erstellen Sie in nur wenigen Minuten Ihr eigenes Musik-Widget.","og_url":"https:\/\/elfsight.com\/de\/audio-player-widget\/jimdo\/","og_site_name":"Elfsight DE","article_modified_time":"2025-01-14T06:27:24+00:00","twitter_card":"summary_large_image","twitter_misc":{"Gesch\u00e4tzte Lesezeit":"3\u00a0Minuten"},"schema":{"@context":"https:\/\/schema.org","@graph":[{"@type":"WebPage","@id":"https:\/\/elfsight.com\/de\/audio-player-widget\/jimdo\/","url":"https:\/\/elfsight.com\/de\/audio-player-widget\/jimdo\/","name":"Audio-Player \u2013 Musik-Player zur Jimdo-Website hinzuf\u00fcgen (schnell und kostenlos)","isPartOf":{"@id":"https:\/\/elfsight.com\/de\/#website"},"datePublished":"2024-05-03T06:28:21+00:00","dateModified":"2025-01-14T06:27:24+00:00","description":"F\u00fcgen Sie der Jimdo-Site ein responsives Audio-Player-Widget hinzu. Wenden Sie die praktische Demo an und erstellen Sie in nur wenigen Minuten Ihr eigenes Musik-Widget.","breadcrumb":{"@id":"https:\/\/elfsight.com\/de\/audio-player-widget\/jimdo\/#breadcrumb"},"inLanguage":"de","potentialAction":[{"@type":"ReadAction","target":["https:\/\/elfsight.com\/de\/audio-player-widget\/jimdo\/"]}]},{"@type":"BreadcrumbList","@id":"https:\/\/elfsight.com\/de\/audio-player-widget\/jimdo\/#breadcrumb","itemListElement":[{"@type":"ListItem","position":1,"name":"Home","item":"https:\/\/elfsight.com\/de\/"},{"@type":"ListItem","position":2,"name":"Audio Player","item":"https:\/\/elfsight.com\/de\/audio-player-widget\/"},{"@type":"ListItem","position":3,"name":"Audio Player &#8211; Jimdo"}]},{"@type":"WebSite","@id":"https:\/\/elfsight.com\/de\/#website","url":"https:\/\/elfsight.com\/de\/","name":"Elfsight DE","description":"Just another Elfsight Sites site","potentialAction":[{"@type":"SearchAction","target":{"@type":"EntryPoint","urlTemplate":"https:\/\/elfsight.com\/de\/?s={search_term_string}"},"query-input":{"@type":"PropertyValueSpecification","valueRequired":true,"valueName":"search_term_string"}}],"inLanguage":"de"}]}},"meta_box":{"industry":"","seo_heading":"","heading":"","description":"","cta_heading":"","cta_description":"","application":"505","h1":"Jimdo Music Player-Widget","h1_caption":"F\u00fcgen Sie Audiotracks m\u00fchelos direkt auf Ihrer Website hinzu und pr\u00e4sentieren Sie sie mit einem eleganten, anpassbaren Player auf Ihrer Jimdo-Website.","application_category":[],"applications_title":"","applications_request_title":"","applications_request_button_text":"","hero_text":"","hero_video":"","hero_video_schema_markup":"","selling_points_title":"","selling_points_caption":"","selling_points":[],"selling_points_cta_text":"","features_title":"","features":"","ed_cta_examples_text":"","ed_cta_examples_hidden":"","ed_cta_demo_text":"","ed_cta_demo_hidden":"","why_caption":"","why_editor_title":"","why_editor_text":"","why_team_title":"","why_team_text":"","why_service_title":"","why_service_text":"","template_catalog_visible":"0","template_catalog_title":"","template_catalog_text":"","template_catalog_categories_visible":"","demo_title":"Erstellen Sie Ihr Audio-Player-Widget","demo_caption":"Konfigurieren Sie Ihren Audioplayer und f\u00fcgen Sie ihn kostenlos zu Ihrer Jimdo-Website hinzu!","default_faq_hidden":"","app_template_category":[],"platform":"239","template_public_id":"","codecanyon_url":"","codecanyon_item_id":"","codecanyon_price":"","pricing_caption":"","pricing_elfsight_apps_hide_column":"","pricing_elfsight_apps_url":"","pricing_codecanyon_price_caption":"","integration_category":[],"integration_request_title":"","integration_request_cta":"","integration_platform":"","integrations":[],"platform_category":[],"video_schema_markup":"","price":"ab 0 $ \/ Monat","trial":"","benefits":[{"text":"Kostenloser Installationsservice"},{"text":"Premium-Support"},{"text":"14-t\u00e4gige Geld-zur\u00fcck-Garantie"},{"text":"Laufende Updates"}],"button_url":"#demo","button_target_blank":"0","button_nofollow":"0","attributes":[{"name":"Installiert","content":"100,000 - 500,000"},{"name":"Reaktionsfreudig","content":"Ja"},{"name":"Kompatible Browser","content":"Firefox, Safari, Opera, Chrome, Edge"}],"tags":[],"tags_disable_links":"0","hide_more_platforms":"","video_object":"","demo_hide_cta":"0","demo_hide_cloud_options":"0","pricing_title":"","pricing":[{"pricing_icon":"platform","pricing_title":"Elfsight Apps","pricing_title_caption":"Multiplattform-L\u00f6sung, die f\u00fcr jeden Standort geeignet ist","pricing_price":"ab 0 $ \/ Monat","pricing_price_caption":"Beginnen Sie mit einem kostenlosen Plan","pricing_benefits":[{"text":"Unbegrenzte Domains"},{"text":"Schneller und p\u00fcnktlicher Support"},{"text":"Kostenloser Installationsservice"},{"text":"Vollst\u00e4ndig anpassbar"}],"pricing_button_text":"Zur Website hinzuf\u00fcgen","pricing_button_url":"#demo"}],"related_apps_title":"","related_apps_hidden":"0","author":"","image":[],"title":"","job":"","social_networks":[]},"_links":{"self":[{"href":"https:\/\/elfsight.com\/de\/wp-json\/wp\/v2\/pages\/16777","targetHints":{"allow":["GET"]}}],"collection":[{"href":"https:\/\/elfsight.com\/de\/wp-json\/wp\/v2\/pages"}],"about":[{"href":"https:\/\/elfsight.com\/de\/wp-json\/wp\/v2\/types\/page"}],"author":[{"embeddable":true,"href":"https:\/\/elfsight.com\/de\/wp-json\/wp\/v2\/users\/9"}],"replies":[{"embeddable":true,"href":"https:\/\/elfsight.com\/de\/wp-json\/wp\/v2\/comments?post=16777"}],"version-history":[{"count":2,"href":"https:\/\/elfsight.com\/de\/wp-json\/wp\/v2\/pages\/16777\/revisions"}],"predecessor-version":[{"id":23560,"href":"https:\/\/elfsight.com\/de\/wp-json\/wp\/v2\/pages\/16777\/revisions\/23560"}],"up":[{"embeddable":true,"href":"https:\/\/elfsight.com\/de\/wp-json\/wp\/v2\/pages\/1315"}],"wp:attachment":[{"href":"https:\/\/elfsight.com\/de\/wp-json\/wp\/v2\/media?parent=16777"}],"curies":[{"name":"wp","href":"https:\/\/api.w.org\/{rel}","templated":true}]}}