{"id":16776,"date":"2024-05-03T06:28:02","date_gmt":"2024-05-03T06:28:02","guid":{"rendered":"https:\/\/elfsight.com\/de\/?page_id=16776"},"modified":"2025-02-17T11:51:41","modified_gmt":"2025-02-17T11:51:41","slug":"wordpress","status":"publish","type":"page","link":"https:\/\/elfsight.com\/de\/apple-app-store-reviews-widget\/wordpress\/","title":{"rendered":"Apple App Store Reviews &#8211; WordPress"},"content":{"rendered":"\n<div class=\"application-platform-content-item-description application-platform-content-item\" id=\"description\" data-nav-section=\"description\"><h2>Einbetten von Apple App Store Reviews auf WordPress mit dem Elfsight-Widget<\/h2> <p>Elfsight Apple App Store Reviews ist ein praktisches Widget, das verwendet wird Pr\u00e4sentieren Sie die Bewertungen zu Ihrem Unternehmen direkt auf Ihrer Website. Mit diesem Widget k\u00f6nnen Sie Filter verwenden, um unerw\u00fcnschte Bewertungen zu verschleiern, Ihre Sterne- und Zahlenbewertung anzuzeigen, Daten \u00fcber die Autoren der Bewertungen hinzuzuf\u00fcgen und einen CTA hinzuzuf\u00fcgen, der Benutzer dazu motivieren soll, ihren Kommentar zu posten. Mit Elfsight Apple Reviews k\u00f6nnen Sie Ihren hohen Social Proof auf Ihrer Website pr\u00e4sentieren und neue Verk\u00e4ufe anlocken. <\/p><p><b>Steigern Sie Verk\u00e4ufe, indem Sie bemerkenswerte Bewertungen und Kundenwertsch\u00e4tzung zeigen<\/b><\/p><\/div> <div class=\"application-platform-content-item-features application-platform-content-item\" id=\"features\" data-nav-section=\"features\"><h2>Hauptfunktionen der Apple App Store Reviews widget<\/h2> <p>Hier ist eine Liste aller Funktionen des Produkts. Sie k\u00f6nnen sie direkt im Editor verwalten und sie helfen Ihnen dabei, das f\u00fcr Ihre Anforderungen am besten geeignete Widget zu erstellen. <\/p> <ul> <li>Auswahl der Foliengeschwindigkeit und der Autoplay-Geschwindigkeit; <\/li> <li>Eine Option zur Auswahl des Paginierungstyps im Slider-Layout; <\/li> <li>Responsive Breite und H\u00f6he des Widgets; <\/li> <li>Umschaltbarer Header des Tools; <\/li> <\/ul> <p><a href=\"#demo\">\u00dcberpr\u00fcfen Sie in unserer Demo, wie alle Funktionen funktionieren<\/a><\/p> <\/div> <div class=\"application-platform-content-item-installation application-platform-content-item\" id=\"installation\" data-nav-section=\"installation\"> <h2>Wie kann ich Apple Store-Bewertungen zu WordPress hinzuf\u00fcgen? <\/h2> <p>Um das Widget zu integrieren, befolgen Sie die folgenden Richtlinien. <\/p> <ol><li><b>Starten Sie unseren kostenlosen Konfigurator und beginnen Sie mit der Arbeit mit Ihrem einzigartigen Plugin. <\/b><br> Bestimmen Sie die bevorzugte Schnittstelle und die Funktionen des Plugins und \u00fcbernehmen Sie alle \u00c4nderungen. <\/li> <li><b>Kopieren Sie Ihren pers\u00f6nlichen Code, der im Feld auf Elfsight Apps angezeigt wird. <\/b><br> Sobald die Einrichtung Ihres pers\u00f6nlichen Plugins abgeschlossen ist, kopieren Sie Ihren Code aus dem angezeigten Feld und bewahren Sie ihn f\u00fcr zuk\u00fcnftige Zwecke auf. <\/li> <li><b>Initiieren Sie die Verwendung des Plugins auf Ihrer WordPress-Seite. <\/b><br> Integrieren Sie den Code, den Sie k\u00fcrzlich kopiert haben, in Ihre Website und speichern Sie die \u00c4nderungen. <\/li> <li><b>Fertig! Die Einbettung wurde erfolgreich durchgef\u00fchrt. <\/b><br> Besuchen Sie Ihre Website, um die Arbeit des Plugins zu \u00fcberpr\u00fcfen. <\/li><\/ol><p>Wenn Sie Hilfe ben\u00f6tigen oder Fragen haben, k\u00f6nnen Sie sich gerne an unseren Kundenservice wenden. Unsere Spezialisten helfen Ihnen gerne bei jeder Anfrage weiter. <\/p> <div class=\"faq\" data-component=\"FAQ\"><div class=\"faq-item\">\r\n\t\t\t\t\t<div class=\"faq-item-question\">\r\n\t\t\t\t\t\t<h3 class=\"faq-item-question-text\">Wie kann ich das Apple App Store Reviews Plugin ohne Programmierkenntnisse in meine WordPress-Website einbetten?<\/h3>\r\n\r\n\t\t\t\t\t\t<div class=\"faq-item-question-icon\"><\/div>\r\n\t\t\t\t\t<\/div>\r\n\r\n\t\t\t\t\t<div class=\"faq-item-answer\">\r\n\t\t\t\t\t\t<div class=\"faq-item-answer-text\"><p>Elfsight bietet eine cloudbasierte L\u00f6sung, mit der Benutzer selbst ein Apple App Store Reviews Plugin erstellen k\u00f6nnen. Sehen Sie, wie einfach der Prozess ist:\n<ol>\n<li>Greifen Sie auf den Online-Editor zu, um einen Abschnitt mit dem Apple App Store Reviews Plugin zu erstellen, den Sie in Ihre WordPress-Website integrieren m\u00f6chten.<\/li>\n\n<li>W\u00e4hlen Sie eine unserer fertigen Vorlagen und passen Sie die Einstellungen des Apple App Store Reviews Plugins an. \u00c4ndern Sie das Layout und das Farbschema und f\u00fcgen Sie Ihre Inhalte hinzu \u2013 ganz ohne Programmierung.<\/li>\n\n<li>Speichern Sie die konfigurierten Einstellungen f\u00fcr das Apple App Store Reviews Plugin und erhalten Sie den Code, um das Plugin problemlos und kostenlos in Ihre WordPress-Website einzuf\u00fcgen.<\/li>\n<\/ol>\nDurch die Arbeit im benutzerfreundlichen Editor k\u00f6nnen Sie jederzeit einloggen. Jeder Internetnutzer kann einen Abschnitt mit dem Apple App Store Reviews Plugin erstellen und ihn in seine WordPress-Website einbetten. Der Zugriff auf den Elfsight-Editor erfordert keine Zahlung oder Offenlegung Ihrer Kreditkarteninformationen. Sollten Sie auf Schwierigkeiten sto\u00dfen, wenden Sie sich bitte an unseren Kundensupport.<\/p><\/div>\r\n\t\t\t\t\t<\/div>\r\n\t\t\t\t<\/div><\/div><\/div>\n","protected":false},"excerpt":{"rendered":"","protected":false},"author":9,"featured_media":0,"parent":1843,"menu_order":0,"comment_status":"closed","ping_status":"closed","template":"templates\/template-application-platform.php","meta":{"publish_to_discourse":"","publish_post_category":"","wpdc_auto_publish_overridden":"","wpdc_topic_tags":"","wpdc_pin_topic":"","wpdc_pin_until":"","discourse_post_id":"","discourse_permalink":"","wpdc_publishing_response":"","wpdc_publishing_error":"","footnotes":""},"class_list":["post-16776","page","type-page","status-publish","hentry"],"yoast_head":"<!-- This site is optimized with the Yoast SEO plugin v25.3.1 - https:\/\/yoast.com\/wordpress\/plugins\/seo\/ -->\n<title>Betten Sie Apple Reviews auf Ihrer WordPress-Website ein (einfach und schnell)<\/title>\n<meta name=\"description\" content=\"Es ist ein unkomplizierter Prozess, Ihr eigenes Apple Reviews-Widget zu erstellen und es auf Ihrer WordPress-Website zu ver\u00f6ffentlichen. Der Kundendienst von Elfsight ist kostenlos.\" \/>\n<meta name=\"robots\" content=\"index, follow, max-snippet:-1, max-image-preview:large, max-video-preview:-1\" \/>\n<link rel=\"canonical\" href=\"https:\/\/elfsight.com\/de\/apple-app-store-reviews-widget\/wordpress\/\" \/>\n<meta property=\"og:locale\" content=\"de_DE\" \/>\n<meta property=\"og:type\" content=\"article\" \/>\n<meta property=\"og:title\" content=\"Betten Sie Apple Reviews auf Ihrer WordPress-Website ein (einfach und schnell)\" \/>\n<meta property=\"og:description\" content=\"Es ist ein unkomplizierter Prozess, Ihr eigenes Apple Reviews-Widget zu erstellen und es auf Ihrer WordPress-Website zu ver\u00f6ffentlichen. Der Kundendienst von Elfsight ist kostenlos.\" \/>\n<meta property=\"og:url\" content=\"https:\/\/elfsight.com\/de\/apple-app-store-reviews-widget\/wordpress\/\" \/>\n<meta property=\"og:site_name\" content=\"Elfsight DE\" \/>\n<meta property=\"article:modified_time\" content=\"2025-02-17T11:51:41+00:00\" \/>\n<meta name=\"twitter:card\" content=\"summary_large_image\" \/>\n<meta name=\"twitter:label1\" content=\"Gesch\u00e4tzte Lesezeit\" \/>\n\t<meta name=\"twitter:data1\" content=\"3\u00a0Minuten\" \/>\n<!-- \/ Yoast SEO plugin. -->","yoast_head_json":{"title":"Betten Sie Apple Reviews auf Ihrer WordPress-Website ein (einfach und schnell)","description":"Es ist ein unkomplizierter Prozess, Ihr eigenes Apple Reviews-Widget zu erstellen und es auf Ihrer WordPress-Website zu ver\u00f6ffentlichen. Der Kundendienst von Elfsight ist kostenlos.","robots":{"index":"index","follow":"follow","max-snippet":"max-snippet:-1","max-image-preview":"max-image-preview:large","max-video-preview":"max-video-preview:-1"},"canonical":"https:\/\/elfsight.com\/de\/apple-app-store-reviews-widget\/wordpress\/","og_locale":"de_DE","og_type":"article","og_title":"Betten Sie Apple Reviews auf Ihrer WordPress-Website ein (einfach und schnell)","og_description":"Es ist ein unkomplizierter Prozess, Ihr eigenes Apple Reviews-Widget zu erstellen und es auf Ihrer WordPress-Website zu ver\u00f6ffentlichen. Der Kundendienst von Elfsight ist kostenlos.","og_url":"https:\/\/elfsight.com\/de\/apple-app-store-reviews-widget\/wordpress\/","og_site_name":"Elfsight DE","article_modified_time":"2025-02-17T11:51:41+00:00","twitter_card":"summary_large_image","twitter_misc":{"Gesch\u00e4tzte Lesezeit":"3\u00a0Minuten"},"schema":{"@context":"https:\/\/schema.org","@graph":[{"@type":"WebPage","@id":"https:\/\/elfsight.com\/de\/apple-app-store-reviews-widget\/wordpress\/","url":"https:\/\/elfsight.com\/de\/apple-app-store-reviews-widget\/wordpress\/","name":"Betten Sie Apple Reviews auf Ihrer WordPress-Website ein (einfach und schnell)","isPartOf":{"@id":"https:\/\/elfsight.com\/de\/#website"},"datePublished":"2024-05-03T06:28:02+00:00","dateModified":"2025-02-17T11:51:41+00:00","description":"Es ist ein unkomplizierter Prozess, Ihr eigenes Apple Reviews-Widget zu erstellen und es auf Ihrer WordPress-Website zu ver\u00f6ffentlichen. Der Kundendienst von Elfsight ist kostenlos.","breadcrumb":{"@id":"https:\/\/elfsight.com\/de\/apple-app-store-reviews-widget\/wordpress\/#breadcrumb"},"inLanguage":"de","potentialAction":[{"@type":"ReadAction","target":["https:\/\/elfsight.com\/de\/apple-app-store-reviews-widget\/wordpress\/"]}]},{"@type":"BreadcrumbList","@id":"https:\/\/elfsight.com\/de\/apple-app-store-reviews-widget\/wordpress\/#breadcrumb","itemListElement":[{"@type":"ListItem","position":1,"name":"Home","item":"https:\/\/elfsight.com\/de\/"},{"@type":"ListItem","position":2,"name":"Apple App Store Reviews","item":"https:\/\/elfsight.com\/de\/apple-app-store-reviews-widget\/"},{"@type":"ListItem","position":3,"name":"Apple App Store Reviews &#8211; WordPress"}]},{"@type":"WebSite","@id":"https:\/\/elfsight.com\/de\/#website","url":"https:\/\/elfsight.com\/de\/","name":"Elfsight DE","description":"Just another Elfsight Sites site","potentialAction":[{"@type":"SearchAction","target":{"@type":"EntryPoint","urlTemplate":"https:\/\/elfsight.com\/de\/?s={search_term_string}"},"query-input":{"@type":"PropertyValueSpecification","valueRequired":true,"valueName":"search_term_string"}}],"inLanguage":"de"}]}},"meta_box":{"industry":"","seo_heading":"","heading":"","description":"","cta_heading":"","cta_description":"","application":"501","h1":"WordPress Apple App Store Reviews Plugin","h1_caption":"Betten Sie Bewertungen aus Ihrem Apple-Plugin-Store-Plugin ein, um Glaubw\u00fcrdigkeit aufzubauen und m\u00fchelos mehr Downloads auf Ihrer WordPress-Website zu f\u00f6rdern.","application_category":[],"applications_title":"","applications_request_title":"","applications_request_button_text":"","hero_text":"","hero_video":"","hero_video_schema_markup":"","selling_points_title":"","selling_points_caption":"","selling_points":[],"selling_points_cta_text":"","features_title":"","features":"","ed_cta_examples_text":"","ed_cta_examples_hidden":"","ed_cta_demo_text":"","ed_cta_demo_hidden":"","why_caption":"","why_editor_title":"","why_editor_text":"","why_team_title":"","why_team_text":"","why_service_title":"","why_service_text":"","template_catalog_visible":"0","template_catalog_title":"","template_catalog_text":"","template_catalog_categories_visible":"","demo_title":"Erstellen Sie Ihr Apple App Store Reviews-Plugin","demo_caption":"Konfigurieren Sie Ihre Apple App Store-Bewertungen und f\u00fcgen Sie sie kostenlos zu Ihrer WordPress-Website hinzu!","default_faq_hidden":"","app_template_category":[],"platform":"266","template_public_id":"","codecanyon_url":"","codecanyon_item_id":"","codecanyon_price":"","pricing_caption":"","pricing_elfsight_apps_hide_column":"","pricing_elfsight_apps_url":"","pricing_codecanyon_price_caption":"","integration_category":[],"integration_request_title":"","integration_request_cta":"","integration_platform":"","integrations":[],"platform_category":[],"video_schema_markup":"","price":"ab 0 $ \/ Monat","trial":"","benefits":[{"text":"Kostenlose Installationshilfe"},{"text":"Kompetenter Kundenservice"},{"text":"14-t\u00e4gige Geld-zur\u00fcck-Garantie"},{"text":"Zuk\u00fcnftige kostenlose Verbesserungen"}],"button_url":"#demo","button_target_blank":"0","button_nofollow":"0","attributes":[{"name":"Installiert","content":"10,000 - 100,000"},{"name":"Reaktionsfreudig","content":"Ja"},{"name":"Kompatible Browser","content":"Firefox, Safari, Opera, Chrome, Edge"}],"tags":[],"tags_disable_links":"0","hide_more_platforms":"0","video_object":"","demo_hide_cta":"0","demo_hide_cloud_options":"0","pricing_title":"","pricing":[{"pricing_icon":"platform","pricing_title":"Elfsight Apps","pricing_title_caption":"Plattformunabh\u00e4ngige Software, die auf jeder Website funktioniert","pricing_price":"ab 0 $ \/ Monat","pricing_price_caption":"Beginnen Sie mit einem kostenlosen Plan","pricing_benefits":[{"text":"Unbegrenzte Websites"},{"text":"Schnelle Unternehmensunterst\u00fctzung und gut dokumentiert"},{"text":"Kostenloser Installationsservice"},{"text":"Preis f\u00fcr mehrere Apps"}],"pricing_button_text":"Zur Website hinzuf\u00fcgen","pricing_button_url":"#demo"}],"related_apps_title":"","related_apps_hidden":"0","author":"","image":[],"title":"","job":"","social_networks":[]},"_links":{"self":[{"href":"https:\/\/elfsight.com\/de\/wp-json\/wp\/v2\/pages\/16776","targetHints":{"allow":["GET"]}}],"collection":[{"href":"https:\/\/elfsight.com\/de\/wp-json\/wp\/v2\/pages"}],"about":[{"href":"https:\/\/elfsight.com\/de\/wp-json\/wp\/v2\/types\/page"}],"author":[{"embeddable":true,"href":"https:\/\/elfsight.com\/de\/wp-json\/wp\/v2\/users\/9"}],"replies":[{"embeddable":true,"href":"https:\/\/elfsight.com\/de\/wp-json\/wp\/v2\/comments?post=16776"}],"version-history":[{"count":4,"href":"https:\/\/elfsight.com\/de\/wp-json\/wp\/v2\/pages\/16776\/revisions"}],"predecessor-version":[{"id":24253,"href":"https:\/\/elfsight.com\/de\/wp-json\/wp\/v2\/pages\/16776\/revisions\/24253"}],"up":[{"embeddable":true,"href":"https:\/\/elfsight.com\/de\/wp-json\/wp\/v2\/pages\/1843"}],"wp:attachment":[{"href":"https:\/\/elfsight.com\/de\/wp-json\/wp\/v2\/media?parent=16776"}],"curies":[{"name":"wp","href":"https:\/\/api.w.org\/{rel}","templated":true}]}}