{"id":16770,"date":"2024-05-03T06:27:53","date_gmt":"2024-05-03T06:27:53","guid":{"rendered":"https:\/\/elfsight.com\/de\/?page_id=16770"},"modified":"2025-02-18T08:29:24","modified_gmt":"2025-02-18T08:29:24","slug":"bigcommerce","status":"publish","type":"page","link":"https:\/\/elfsight.com\/de\/amazon-reviews-widget\/bigcommerce\/","title":{"rendered":"Amazon Reviews &#8211; BigCommerce"},"content":{"rendered":"\n<div class=\"application-platform-content-item-description application-platform-content-item\" id=\"description\" data-nav-section=\"description\"><h2>Beschreibung<\/h2><p>Die Elfsight Bewertungen von Amazon-App ist die einfachste M\u00f6glichkeit, das Image Ihres Unternehmens zu pr\u00e4gen, indem Sie die Bewertungen echter Kunden anzeigen Ihre Waren. Zeigen Sie nur die besten oder aussagekr\u00e4ftigsten Bewertungen an und ordnen Sie sie nach Ihren W\u00fcnschen an. Erzielen Sie Ergebnisse mit Social Proof, indem Sie Ihren Kunden zeigen, dass Sie ein zuverl\u00e4ssiger Partner sind.<\/p><p><b>Inspirieren Sie Benutzer dazu, neue Bewertungen zu Ihren Waren zu ver\u00f6ffentlichen und verbessern Sie die Kundengespr\u00e4che!<\/b><\/p><div class=\"faq\" data-component=\"FAQ\"><div class=\"faq-item\">\r\n\t\t\t\t\t<div class=\"faq-item-question\">\r\n\t\t\t\t\t\t<h3 class=\"faq-item-question-text\">Kann ich meine Amazon-Kundenrezensionen in meine BigCommerce-Website einbetten?<\/h3>\r\n\r\n\t\t\t\t\t\t<div class=\"faq-item-question-icon\"><\/div>\r\n\t\t\t\t\t<\/div>\r\n\r\n\t\t\t\t\t<div class=\"faq-item-answer\">\r\n\t\t\t\t\t\t<div class=\"faq-item-answer-text\"><p>Erstellen Sie einfach Ihr Plugin, \u00e4ndern Sie dann seinen Stil und speichern Sie Ihre \u00c4nderungen. Kopieren Sie den Code des gerade erstellten Widgets und f\u00fcgen Sie ihn in das aktuelle Layout ein. <\/p><\/div>\r\n\t\t\t\t\t<\/div>\r\n\t\t\t\t<\/div><div class=\"faq-item\">\r\n\t\t\t\t\t<div class=\"faq-item-question\">\r\n\t\t\t\t\t\t<h3 class=\"faq-item-question-text\">Wie erhalte ich Bewertungen von Amazon-Kunden f\u00fcr meine Produktseiten?<\/h3>\r\n\r\n\t\t\t\t\t\t<div class=\"faq-item-question-icon\"><\/div>\r\n\t\t\t\t\t<\/div>\r\n\r\n\t\t\t\t\t<div class=\"faq-item-answer\">\r\n\t\t\t\t\t\t<div class=\"faq-item-answer-text\"><p>Alles, was Sie tun m\u00fcssen, ist die Schaltfl\u00e4che \u201eBewertung schreiben\u201c zu verwenden. Per Mausklick wird das Website-Publikum direkt auf Ihr Profil \u00fcbertragen. <\/p><\/div>\r\n\t\t\t\t\t<\/div>\r\n\t\t\t\t<\/div><div class=\"faq-item\">\r\n\t\t\t\t\t<div class=\"faq-item-question\">\r\n\t\t\t\t\t\t<h3 class=\"faq-item-question-text\">Wie gestalte ich ein Amazon-Bewertungs-Plugin\/eine Badge-Vorlage?<\/h3>\r\n\r\n\t\t\t\t\t\t<div class=\"faq-item-question-icon\"><\/div>\r\n\t\t\t\t\t<\/div>\r\n\r\n\t\t\t\t\t<div class=\"faq-item-answer\">\r\n\t\t\t\t\t\t<div class=\"faq-item-answer-text\"><p>Lesen Sie alle Punkte aus der unkomplizierten Anleitung unten: <\/p><ol><li>Verwalten Sie unseren Konfigurator und beginnen Sie mit der Erstellung Ihres eigenen Widgets. <\/li> <li>Konfigurieren Sie die Widget-Funktionen und speichern Sie die erforderlichen Anpassungen. <\/li><li>Erhalten Sie Ihren individuellen Code, der in der Benachrichtigung angezeigt wird. <\/li> <li>Integrieren Sie den Widget-Code in Ihre Webseite und speichern Sie ihn. <\/li><li> Sie haben das Tool problemlos auf der Website installiert. <\/li><\/div>\r\n\t\t\t\t\t<\/div>\r\n\t\t\t\t<\/div><\/div><\/div><div class=\"application-platform-content-item-features application-platform-content-item\" id=\"features\" data-nav-section=\"features\"><h2>Funktionen<\/h2><p>Um ein klares Verst\u00e4ndnis der Bewertungen von Amazon zu erlangen, schauen Sie sich die Liste der an wertvollsten Funktionen. Sie machen unser Widget f\u00fcr Sie wirklich effektiv:<\/p><ul><li>3 gebrauchsfertige Filter: nach Typ, Ausschlie\u00dfen nach und Anzahl der anzuzeigenden Bewertungen;<\/li><li>Vier verf\u00fcgbare Layouts : Liste, Raster, Mauerwerk und Schieberegler;<\/li><li>Eine M\u00f6glichkeit, die Kopfzeile des Widgets anzuzeigen oder auszublenden;<\/li><li>Die Schaltfl\u00e4che zum Anfordern einer Bewertung f\u00fchrt Leute auf Ihre Amazon-Seite;<\/li><li>Sechs flexible Elemente der Rezensionen: Name und Bild des Autors, Empfehlungstext, Datum, Amazon-Symbol und Sternebewertung;<\/li><li>Zwei m\u00f6gliche Szenarien nach der Ablehnung einer Rezensionsanfrage: Zeigen Sie Ihre Nachricht oder entfernen Sie sie die Schaltfl\u00e4che;<\/li><\/ul><p><a href=\"#demo\">Eine vollst\u00e4ndige Liste der Funktionen finden Sie in unserer Demo<\/a><\/p><\/div><div class=\"application-platform-content-item-installation  application-platform-content-item\" id=\"installation \" data-nav-section=\"installation \"><h2>So f\u00fcgen Sie die Bewertungen von Amazon-App zur BigCommerce-Website hinzu<\/h2><p>Befolgen Sie einfach die nachstehenden Anweisungen, um mit der Verwendung des Widgets auf BigCommerce zu beginnen.<\/p> <ol><li><b>Nutzen Sie unseren kostenlosen Konfigurator und beginnen Sie mit der Erstellung Ihrer ma\u00dfgeschneiderten App. <\/b><br> Geben Sie die gew\u00fcnschte Form und Optionen des Tools an und wenden Sie die Korrekturen an. <\/li> <li><b>Erhalten Sie Ihren individuellen Code, der im Fenster von Elfsight Apps angezeigt wird. <\/b><br> Kopieren Sie direkt nach Abschluss der Generierung Ihres Amazon-Rezensions-Widgets den pers\u00f6nlichen Code in das angezeigte Feld und speichern Sie ihn zur sp\u00e4teren Verwendung. <\/li> <li><b>Beginnen Sie mit der Verwendung des Widgets auf Ihrer BigCommerce-Website. <\/b><br> Integrieren Sie den zuvor gespeicherten Code in Ihre Website und wenden Sie die Verbesserungen an. <\/li> <li><b>Die Installation ist vollst\u00e4ndig beendet. <\/b><br> Besuchen Sie Ihre Website, um zu sehen, wie das Widget funktioniert. <\/li><\/ol><p>Haben Sie noch Zweifel? Oder \u00fcber irgendetwas gestolpert? Senden Sie einfach eine Anfrage an unseren Kundenservice. Wir werden jedes Problem l\u00f6sen.<\/p><\/div>\n","protected":false},"excerpt":{"rendered":"","protected":false},"author":9,"featured_media":0,"parent":1614,"menu_order":0,"comment_status":"closed","ping_status":"closed","template":"templates\/template-application-platform.php","meta":{"publish_to_discourse":"","publish_post_category":"","wpdc_auto_publish_overridden":"","wpdc_topic_tags":"","wpdc_pin_topic":"","wpdc_pin_until":"","discourse_post_id":"","discourse_permalink":"","wpdc_publishing_response":"","wpdc_publishing_error":"","footnotes":""},"class_list":["post-16770","page","type-page","status-publish","hentry"],"yoast_head":"<!-- This site is optimized with the Yoast SEO plugin v25.3.1 - https:\/\/yoast.com\/wordpress\/plugins\/seo\/ -->\n<title>Bewertungen von Amazon | F\u00fcgen Sie die Bewertungen von Amazon-App auf der BigCommerce-Website hinzu<\/title>\n<meta name=\"description\" content=\"Gestalten Sie mit Elfsight Ihr Amazon-Bewertungs-Widget und ver\u00f6ffentlichen Sie es schnell auf Ihrer BigCommerce-Website. Wir bieten kostenlosen Kundensupport und andere Boni.\" \/>\n<meta name=\"robots\" content=\"index, follow, max-snippet:-1, max-image-preview:large, max-video-preview:-1\" \/>\n<link rel=\"canonical\" href=\"https:\/\/elfsight.com\/de\/amazon-reviews-widget\/bigcommerce\/\" \/>\n<meta property=\"og:locale\" content=\"de_DE\" \/>\n<meta property=\"og:type\" content=\"article\" \/>\n<meta property=\"og:title\" content=\"Bewertungen von Amazon | F\u00fcgen Sie die Bewertungen von Amazon-App auf der BigCommerce-Website hinzu\" \/>\n<meta property=\"og:description\" content=\"Gestalten Sie mit Elfsight Ihr Amazon-Bewertungs-Widget und ver\u00f6ffentlichen Sie es schnell auf Ihrer BigCommerce-Website. Wir bieten kostenlosen Kundensupport und andere Boni.\" \/>\n<meta property=\"og:url\" content=\"https:\/\/elfsight.com\/de\/amazon-reviews-widget\/bigcommerce\/\" \/>\n<meta property=\"og:site_name\" content=\"Elfsight DE\" \/>\n<meta property=\"article:modified_time\" content=\"2025-02-18T08:29:24+00:00\" \/>\n<meta name=\"twitter:card\" content=\"summary_large_image\" \/>\n<meta name=\"twitter:label1\" content=\"Gesch\u00e4tzte Lesezeit\" \/>\n\t<meta name=\"twitter:data1\" content=\"3\u00a0Minuten\" \/>\n<!-- \/ Yoast SEO plugin. -->","yoast_head_json":{"title":"Bewertungen von Amazon | F\u00fcgen Sie die Bewertungen von Amazon-App auf der BigCommerce-Website hinzu","description":"Gestalten Sie mit Elfsight Ihr Amazon-Bewertungs-Widget und ver\u00f6ffentlichen Sie es schnell auf Ihrer BigCommerce-Website. Wir bieten kostenlosen Kundensupport und andere Boni.","robots":{"index":"index","follow":"follow","max-snippet":"max-snippet:-1","max-image-preview":"max-image-preview:large","max-video-preview":"max-video-preview:-1"},"canonical":"https:\/\/elfsight.com\/de\/amazon-reviews-widget\/bigcommerce\/","og_locale":"de_DE","og_type":"article","og_title":"Bewertungen von Amazon | F\u00fcgen Sie die Bewertungen von Amazon-App auf der BigCommerce-Website hinzu","og_description":"Gestalten Sie mit Elfsight Ihr Amazon-Bewertungs-Widget und ver\u00f6ffentlichen Sie es schnell auf Ihrer BigCommerce-Website. Wir bieten kostenlosen Kundensupport und andere Boni.","og_url":"https:\/\/elfsight.com\/de\/amazon-reviews-widget\/bigcommerce\/","og_site_name":"Elfsight DE","article_modified_time":"2025-02-18T08:29:24+00:00","twitter_card":"summary_large_image","twitter_misc":{"Gesch\u00e4tzte Lesezeit":"3\u00a0Minuten"},"schema":{"@context":"https:\/\/schema.org","@graph":[{"@type":"WebPage","@id":"https:\/\/elfsight.com\/de\/amazon-reviews-widget\/bigcommerce\/","url":"https:\/\/elfsight.com\/de\/amazon-reviews-widget\/bigcommerce\/","name":"Bewertungen von Amazon | F\u00fcgen Sie die Bewertungen von Amazon-App auf der BigCommerce-Website hinzu","isPartOf":{"@id":"https:\/\/elfsight.com\/de\/#website"},"datePublished":"2024-05-03T06:27:53+00:00","dateModified":"2025-02-18T08:29:24+00:00","description":"Gestalten Sie mit Elfsight Ihr Amazon-Bewertungs-Widget und ver\u00f6ffentlichen Sie es schnell auf Ihrer BigCommerce-Website. Wir bieten kostenlosen Kundensupport und andere Boni.","breadcrumb":{"@id":"https:\/\/elfsight.com\/de\/amazon-reviews-widget\/bigcommerce\/#breadcrumb"},"inLanguage":"de","potentialAction":[{"@type":"ReadAction","target":["https:\/\/elfsight.com\/de\/amazon-reviews-widget\/bigcommerce\/"]}]},{"@type":"BreadcrumbList","@id":"https:\/\/elfsight.com\/de\/amazon-reviews-widget\/bigcommerce\/#breadcrumb","itemListElement":[{"@type":"ListItem","position":1,"name":"Home","item":"https:\/\/elfsight.com\/de\/"},{"@type":"ListItem","position":2,"name":"Amazon Reviews","item":"https:\/\/elfsight.com\/de\/amazon-reviews-widget\/"},{"@type":"ListItem","position":3,"name":"Amazon Reviews &#8211; BigCommerce"}]},{"@type":"WebSite","@id":"https:\/\/elfsight.com\/de\/#website","url":"https:\/\/elfsight.com\/de\/","name":"Elfsight DE","description":"Just another Elfsight Sites site","potentialAction":[{"@type":"SearchAction","target":{"@type":"EntryPoint","urlTemplate":"https:\/\/elfsight.com\/de\/?s={search_term_string}"},"query-input":{"@type":"PropertyValueSpecification","valueRequired":true,"valueName":"search_term_string"}}],"inLanguage":"de"}]}},"meta_box":{"industry":"","seo_heading":"","heading":"","description":"","cta_heading":"","cta_description":"","application":"496","h1":"Bewertungen von Amazon-App f\u00fcr BigCommerce","h1_caption":"Zeigen Sie Produktbewertungen von Amazon an, um Ihren Website-Besuchern m\u00fchelos zus\u00e4tzliche soziale Beweise f\u00fcr Ihre BigCommerce-Website zu bieten.","application_category":[],"applications_title":"","applications_request_title":"","applications_request_button_text":"","hero_text":"","hero_video":"","hero_video_schema_markup":"","selling_points_title":"","selling_points_caption":"","selling_points":[],"selling_points_cta_text":"","features_title":"","features":"","ed_cta_examples_text":"","ed_cta_examples_hidden":"","ed_cta_demo_text":"","ed_cta_demo_hidden":"","why_caption":"","why_editor_title":"","why_editor_text":"","why_team_title":"","why_team_text":"","why_service_title":"","why_service_text":"","template_catalog_visible":"0","template_catalog_title":"","template_catalog_text":"","template_catalog_categories_visible":"","demo_title":"Erstellen Sie Ihre Bewertungen von Amazon-App","demo_caption":"Konfigurieren Sie Ihre Bewertungen von Amazon und f\u00fcgen Sie sie kostenlos zu Ihrer BigCommerce-Website hinzu!","default_faq_hidden":"","app_template_category":[],"platform":"268","template_public_id":"","codecanyon_url":"","codecanyon_item_id":"","codecanyon_price":"","pricing_caption":"","pricing_elfsight_apps_hide_column":"","pricing_elfsight_apps_url":"","pricing_codecanyon_price_caption":"","integration_category":[],"integration_request_title":"","integration_request_cta":"","integration_platform":"","integrations":[],"platform_category":[],"video_schema_markup":"","price":"ab 0 $ \/ Monat","trial":"","benefits":[{"text":"Kostenlose Installationshilfe"},{"text":"Erfahrener Kundensupport"},{"text":"14-t\u00e4gige R\u00fcckerstattungsgarantie"},{"text":"Kontinuierliche Updates"}],"button_url":"#demo","button_target_blank":"0","button_nofollow":"0","attributes":[{"name":"Installiert","content":"10,000 - 100,000"},{"name":"Reaktionsfreudig","content":"Ja"},{"name":"Kompatible Browser","content":"Firefox, Safari, Opera, Chrome, Edge"}],"tags":[],"tags_disable_links":"0","hide_more_platforms":"0","video_object":"","demo_hide_cta":"0","demo_hide_cloud_options":"0","pricing_title":"","pricing":[{"pricing_icon":"platform","pricing_title":"Elfsight Apps","pricing_title_caption":"Plattform\u00fcbergreifende digitale L\u00f6sung, die f\u00fcr jede Website geeignet ist","pricing_price":"ab 0 $ \/ Monat","pricing_price_caption":"Beginnen Sie mit einem kostenlosen Plan","pricing_benefits":[{"text":"Unbegrenzte Domains"},{"text":"Schneller und p\u00fcnktlicher Support"},{"text":"Kostenloser Installationsservice"},{"text":"100 % anpassbar"}],"pricing_button_text":"Zur Website hinzuf\u00fcgen","pricing_button_url":"#demo"}],"related_apps_title":"","related_apps_hidden":"0","author":"","image":[],"title":"","job":"","social_networks":[]},"_links":{"self":[{"href":"https:\/\/elfsight.com\/de\/wp-json\/wp\/v2\/pages\/16770","targetHints":{"allow":["GET"]}}],"collection":[{"href":"https:\/\/elfsight.com\/de\/wp-json\/wp\/v2\/pages"}],"about":[{"href":"https:\/\/elfsight.com\/de\/wp-json\/wp\/v2\/types\/page"}],"author":[{"embeddable":true,"href":"https:\/\/elfsight.com\/de\/wp-json\/wp\/v2\/users\/9"}],"replies":[{"embeddable":true,"href":"https:\/\/elfsight.com\/de\/wp-json\/wp\/v2\/comments?post=16770"}],"version-history":[{"count":4,"href":"https:\/\/elfsight.com\/de\/wp-json\/wp\/v2\/pages\/16770\/revisions"}],"predecessor-version":[{"id":24316,"href":"https:\/\/elfsight.com\/de\/wp-json\/wp\/v2\/pages\/16770\/revisions\/24316"}],"up":[{"embeddable":true,"href":"https:\/\/elfsight.com\/de\/wp-json\/wp\/v2\/pages\/1614"}],"wp:attachment":[{"href":"https:\/\/elfsight.com\/de\/wp-json\/wp\/v2\/media?parent=16770"}],"curies":[{"name":"wp","href":"https:\/\/api.w.org\/{rel}","templated":true}]}}