{"id":16767,"date":"2024-05-03T06:27:50","date_gmt":"2024-05-03T06:27:50","guid":{"rendered":"https:\/\/elfsight.com\/de\/?page_id=16767"},"modified":"2025-02-18T09:49:58","modified_gmt":"2025-02-18T09:49:58","slug":"elementor","status":"publish","type":"page","link":"https:\/\/elfsight.com\/de\/amazon-reviews-widget\/elementor\/","title":{"rendered":"Amazon Reviews &#8211; Elementor"},"content":{"rendered":"\n<div class=\"application-platform-content-item-description application-platform-content-item\" id=\"description\" data-nav-section=\"description\"><h2>Bewertungen von Amazon auf Elementor mit dem Elfsight-Widget einbetten<\/h2><p>Unser Amazon-Widget ist die praktischste M\u00f6glichkeit, Ihr Markenimage aufzubauen Zeigt echte Besucherkommentare zu Ihren Waren an. Zeigen Sie nur die besten oder aussagekr\u00e4ftigsten Standpunkte an und ordnen Sie sie nach Ihren W\u00fcnschen an. Erzielen Sie Ergebnisse mit Social Proof, indem Sie Ihren Website-Besuchern zeigen, dass Sie vertrauensw\u00fcrdig sind.<\/p><p><b>Bringen Sie Benutzer dazu, neue Bewertungen zu Ihren Produkten zu hinterlassen, und verbessern Sie die Kundengespr\u00e4che!<\/b><\/p><\/div><div class=\"application-platform-content-item-features application-platform-content-item\" id=\"features\" data-nav-section=\"features\"><h2>Hauptfunktionen des Bewertungen von Amazon-Widgets<\/h2><p>Um eine klarere Wahrnehmung von Bewertungen von Amazon zu erhalten, sehen Sie sich die Liste der Hauptfunktionen an. Sie machen das Widget f\u00fcr Sie maximal n\u00fctzlich:<\/p><ul><li>Drei Filteroptionen: nach Typ, Ausschlie\u00dfen nach und Anzahl der Bewertungen;<\/li><li>Vier vordefinierte Layouts: Liste, Raster, Masonry und Slider;<\/li><li>Eine Option zum Ein-\/Ausschalten der Kopfzeile des Widgets;<\/li><li>Die aktive Schaltfl\u00e4che zum Hinzuf\u00fcgen einer neuen Rezension leitet Besucher auf Ihre Amazon-Seite weiter;<\/li><li>6 flexible Elemente des Widgets: Name und Bild des Autors, Empfehlung, Datum, Amazon-Symbol und Sternebewertung;<\/li><li>Zwei Szenariovarianten nach Ablehnung der Rezensionsanfrage: Anzeige einer benutzerdefinierten Nachricht oder Ausblenden der Button;<\/li><\/ul><p><a href=\"#demo\">Unsere Demo zeigt Ihnen alle Funktionen<\/a><\/p><\/div><div class=\"application-platform-content-item-installation application-platform-content-item\" id=\"installation\" data-nav-section=\"installation\"><h2>So f\u00fcgen Sie das Bewertungen von Amazon-Widget zur Elementor-Website hinzu<\/h2><p>Die folgenden Schritte sind das Einzige, was Sie anzeigen m\u00fcssen.<\/p><ol><li><b>Erstellen Sie Ihr pers\u00f6nliches Amazon-Plugin<\/b><br>Erstellen Sie mit unserer kostenlosen Demo ein Plugin mit einem bevorzugten Layout und einer bevorzugten Funktionalit\u00e4t.<\/li> <li><b>Erhalten Sie den individuellen Code zur Anzeige des Plugins<\/b><br>Nachdem Sie Ihr Widget eingerichtet haben, erhalten Sie den Installationscode aus dem Popup-Fenster von Elfsight Apps. Kopieren Sie den Code.<\/li><li><b>Ver\u00f6ffentlichen Sie das Plugin auf Ihrer Elementor-Site<\/b><br>Definieren Sie den Ort, an dem Sie das Plugin anzeigen m\u00f6chten, und f\u00fcgen Sie den kopierten Code dort ein. Wenden Sie die Ergebnisse an.<\/li><li><b>Sie sind fertig!<\/b><br>Betreten Sie die Webseite, um Ihr Plugin anzuzeigen.<\/li><\/ol><p>Immer noch m\u00f6glich&#8216; Du hast dich noch nicht entschieden? Oder Probleme haben? Schreiben Sie einfach eine Anfrage an unseren Kundensupport, der bei Problemen jeglicher Art weiterhilft.<\/p><div class=\"faq\" data-component=\"FAQ\"> <div class=\"faq-item\">\r\n\t\t\t\t\t<div class=\"faq-item-question\">\r\n\t\t\t\t\t\t<h3 class=\"faq-item-question-text\">Wie kann ich ohne Programmierkenntnisse Bewertungen von Amazon zu meiner Elementor-Website hinzuf\u00fcgen?<\/h3>\r\n\r\n\t\t\t\t\t\t<div class=\"faq-item-question-icon\"><\/div>\r\n\t\t\t\t\t<\/div>\r\n\r\n\t\t\t\t\t<div class=\"faq-item-answer\">\r\n\t\t\t\t\t\t<div class=\"faq-item-answer-text\"> <p>Elfsight bietet eine SaaS-L\u00f6sung, mit der Sie selbst ein Amazon-Bewertungs-Widget erstellen k\u00f6nnen. Sehen Sie, wie einfach der Vorgang ist: Arbeiten Sie direkt im Online-Editor, um ein Amazon-Bewertungs-Widget zu erstellen, das Sie gerne auf Ihrer Elementor-Website sehen w\u00fcrden. W\u00e4hlen Sie eine der vorgefertigten Vorlagen aus und passen Sie die Amazon-Bewertungseinstellungen an, f\u00fcgen Sie Ihre Inhalte hinzu, \u00e4ndern Sie das Layout und das Farbschema ohne Programmierkenntnisse. Speichern Sie die Bewertungen von Amazon und kopieren Sie den Installationscode, den Sie problemlos in Ihre Elementor-Website einbetten k\u00f6nnen, ohne eine kostenpflichtige Version kaufen zu m\u00fcssen. Mit unserem intuitiven Editor kann jeder Internetnutzer online ein Amazon-Bewertungs-Widget erstellen und es einfach in seine Elementor-Website einbetten. Sie m\u00fcssen weder bezahlen noch Ihre Kartendaten eingeben, um auf den Service zuzugreifen. Sollten bei irgendeinem Schritt Probleme auftreten, wenden Sie sich bitte an unser technisches Support-Team.<\/p> <\/div>\r\n\t\t\t\t\t<\/div>\r\n\t\t\t\t<\/div> <\/div> <\/div>\n","protected":false},"excerpt":{"rendered":"","protected":false},"author":9,"featured_media":0,"parent":1614,"menu_order":0,"comment_status":"closed","ping_status":"closed","template":"templates\/template-application-platform.php","meta":{"publish_to_discourse":"","publish_post_category":"","wpdc_auto_publish_overridden":"","wpdc_topic_tags":"","wpdc_pin_topic":"","wpdc_pin_until":"","discourse_post_id":"","discourse_permalink":"","wpdc_publishing_response":"","wpdc_publishing_error":"","footnotes":""},"class_list":["post-16767","page","type-page","status-publish","hentry"],"yoast_head":"<!-- This site is optimized with the Yoast SEO plugin v25.3.1 - https:\/\/yoast.com\/wordpress\/plugins\/seo\/ -->\n<title>Einbetten des Amazon-Bewertungs-Widgets auf der Elementor-Website (kostenlos und schnell)<\/title>\n<meta name=\"description\" content=\"Es ist ganz einfach, Ihr Amazon-Bewertungs-Widget zu erstellen und es auf Ihrer Elementor-Website hinzuzuf\u00fcgen. Der Elfsight-Kundendienst ist kostenlos.\" \/>\n<meta name=\"robots\" content=\"index, follow, max-snippet:-1, max-image-preview:large, max-video-preview:-1\" \/>\n<link rel=\"canonical\" href=\"https:\/\/elfsight.com\/de\/amazon-reviews-widget\/elementor\/\" \/>\n<meta property=\"og:locale\" content=\"de_DE\" \/>\n<meta property=\"og:type\" content=\"article\" \/>\n<meta property=\"og:title\" content=\"Einbetten des Amazon-Bewertungs-Widgets auf der Elementor-Website (kostenlos und schnell)\" \/>\n<meta property=\"og:description\" content=\"Es ist ganz einfach, Ihr Amazon-Bewertungs-Widget zu erstellen und es auf Ihrer Elementor-Website hinzuzuf\u00fcgen. Der Elfsight-Kundendienst ist kostenlos.\" \/>\n<meta property=\"og:url\" content=\"https:\/\/elfsight.com\/de\/amazon-reviews-widget\/elementor\/\" \/>\n<meta property=\"og:site_name\" content=\"Elfsight DE\" \/>\n<meta property=\"article:modified_time\" content=\"2025-02-18T09:49:58+00:00\" \/>\n<meta name=\"twitter:card\" content=\"summary_large_image\" \/>\n<meta name=\"twitter:label1\" content=\"Gesch\u00e4tzte Lesezeit\" \/>\n\t<meta name=\"twitter:data1\" content=\"3\u00a0Minuten\" \/>\n<!-- \/ Yoast SEO plugin. -->","yoast_head_json":{"title":"Einbetten des Amazon-Bewertungs-Widgets auf der Elementor-Website (kostenlos und schnell)","description":"Es ist ganz einfach, Ihr Amazon-Bewertungs-Widget zu erstellen und es auf Ihrer Elementor-Website hinzuzuf\u00fcgen. Der Elfsight-Kundendienst ist kostenlos.","robots":{"index":"index","follow":"follow","max-snippet":"max-snippet:-1","max-image-preview":"max-image-preview:large","max-video-preview":"max-video-preview:-1"},"canonical":"https:\/\/elfsight.com\/de\/amazon-reviews-widget\/elementor\/","og_locale":"de_DE","og_type":"article","og_title":"Einbetten des Amazon-Bewertungs-Widgets auf der Elementor-Website (kostenlos und schnell)","og_description":"Es ist ganz einfach, Ihr Amazon-Bewertungs-Widget zu erstellen und es auf Ihrer Elementor-Website hinzuzuf\u00fcgen. Der Elfsight-Kundendienst ist kostenlos.","og_url":"https:\/\/elfsight.com\/de\/amazon-reviews-widget\/elementor\/","og_site_name":"Elfsight DE","article_modified_time":"2025-02-18T09:49:58+00:00","twitter_card":"summary_large_image","twitter_misc":{"Gesch\u00e4tzte Lesezeit":"3\u00a0Minuten"},"schema":{"@context":"https:\/\/schema.org","@graph":[{"@type":"WebPage","@id":"https:\/\/elfsight.com\/de\/amazon-reviews-widget\/elementor\/","url":"https:\/\/elfsight.com\/de\/amazon-reviews-widget\/elementor\/","name":"Einbetten des Amazon-Bewertungs-Widgets auf der Elementor-Website (kostenlos und schnell)","isPartOf":{"@id":"https:\/\/elfsight.com\/de\/#website"},"datePublished":"2024-05-03T06:27:50+00:00","dateModified":"2025-02-18T09:49:58+00:00","description":"Es ist ganz einfach, Ihr Amazon-Bewertungs-Widget zu erstellen und es auf Ihrer Elementor-Website hinzuzuf\u00fcgen. Der Elfsight-Kundendienst ist kostenlos.","breadcrumb":{"@id":"https:\/\/elfsight.com\/de\/amazon-reviews-widget\/elementor\/#breadcrumb"},"inLanguage":"de","potentialAction":[{"@type":"ReadAction","target":["https:\/\/elfsight.com\/de\/amazon-reviews-widget\/elementor\/"]}]},{"@type":"BreadcrumbList","@id":"https:\/\/elfsight.com\/de\/amazon-reviews-widget\/elementor\/#breadcrumb","itemListElement":[{"@type":"ListItem","position":1,"name":"Home","item":"https:\/\/elfsight.com\/de\/"},{"@type":"ListItem","position":2,"name":"Amazon Reviews","item":"https:\/\/elfsight.com\/de\/amazon-reviews-widget\/"},{"@type":"ListItem","position":3,"name":"Amazon Reviews &#8211; Elementor"}]},{"@type":"WebSite","@id":"https:\/\/elfsight.com\/de\/#website","url":"https:\/\/elfsight.com\/de\/","name":"Elfsight DE","description":"Just another Elfsight Sites site","potentialAction":[{"@type":"SearchAction","target":{"@type":"EntryPoint","urlTemplate":"https:\/\/elfsight.com\/de\/?s={search_term_string}"},"query-input":{"@type":"PropertyValueSpecification","valueRequired":true,"valueName":"search_term_string"}}],"inLanguage":"de"}]}},"meta_box":{"industry":"","seo_heading":"","heading":"","description":"","cta_heading":"","cta_description":"","application":"496","h1":"Bewertungen von Amazon-Widget f\u00fcr Elementor","h1_caption":"Zeigen Sie Produktbewertungen von Amazon an, um Ihren Website-Besuchern m\u00fchelos zus\u00e4tzliche soziale Beweise f\u00fcr Ihre Elementor-Website zu bieten.","application_category":[],"applications_title":"","applications_request_title":"","applications_request_button_text":"","hero_text":"","hero_video":"","hero_video_schema_markup":"","selling_points_title":"","selling_points_caption":"","selling_points":[],"selling_points_cta_text":"","features_title":"","features":"","ed_cta_examples_text":"","ed_cta_examples_hidden":"","ed_cta_demo_text":"","ed_cta_demo_hidden":"","why_caption":"","why_editor_title":"","why_editor_text":"","why_team_title":"","why_team_text":"","why_service_title":"","why_service_text":"","template_catalog_visible":"0","template_catalog_title":"","template_catalog_text":"","template_catalog_categories_visible":"","demo_title":"Erstellen Sie Ihr Bewertungen von Amazon-Widget","demo_caption":"Konfigurieren Sie Ihre Bewertungen von Amazon und f\u00fcgen Sie sie kostenlos zu Ihrer Elementor-Website hinzu!","default_faq_hidden":"","app_template_category":[],"platform":"223","template_public_id":"","codecanyon_url":"","codecanyon_item_id":"","codecanyon_price":"","pricing_caption":"","pricing_elfsight_apps_hide_column":"","pricing_elfsight_apps_url":"","pricing_codecanyon_price_caption":"","integration_category":[],"integration_request_title":"","integration_request_cta":"","integration_platform":"","integrations":[],"platform_category":[],"video_schema_markup":"","price":"ab 0 $ \/ Monat","trial":"","benefits":[{"text":"Kostenloser Installationsservice"},{"text":"Au\u00dfergew\u00f6hnlicher Support"},{"text":"14-t\u00e4gige R\u00fcckerstattungsgarantie"},{"text":"Lebenslange kostenlose Verbesserungen"}],"button_url":"#demo","button_target_blank":"0","button_nofollow":"0","attributes":[{"name":"Installiert","content":"10,000 - 100,000"},{"name":"Reaktionsfreudig","content":"Ja"},{"name":"Kompatible Browser","content":"Firefox, Safari, Opera, Chrome, Edge"}],"tags":[],"tags_disable_links":"0","hide_more_platforms":"0","video_object":"","demo_hide_cta":"0","demo_hide_cloud_options":"0","pricing_title":"","pricing":[{"pricing_icon":"platform","pricing_title":"Elfsight Apps","pricing_title_caption":"Plattform\u00fcbergreifende Software, die auf jeder Website funktioniert","pricing_price":"ab 0 $ \/ Monat","pricing_price_caption":"Beginnen Sie mit einem kostenlosen Plan","pricing_benefits":[{"text":"Unbegrenzte Domains"},{"text":"Kostenloser und p\u00fcnktlicher Support und gut dokumentiert"},{"text":"Kostenloser Installationsservice"},{"text":"Sonderpreis f\u00fcr mehrere Apps"}],"pricing_button_text":"Zur Website hinzuf\u00fcgen","pricing_button_url":"#demo"}],"related_apps_title":"","related_apps_hidden":"0","author":"","image":[],"title":"","job":"","social_networks":[]},"_links":{"self":[{"href":"https:\/\/elfsight.com\/de\/wp-json\/wp\/v2\/pages\/16767","targetHints":{"allow":["GET"]}}],"collection":[{"href":"https:\/\/elfsight.com\/de\/wp-json\/wp\/v2\/pages"}],"about":[{"href":"https:\/\/elfsight.com\/de\/wp-json\/wp\/v2\/types\/page"}],"author":[{"embeddable":true,"href":"https:\/\/elfsight.com\/de\/wp-json\/wp\/v2\/users\/9"}],"replies":[{"embeddable":true,"href":"https:\/\/elfsight.com\/de\/wp-json\/wp\/v2\/comments?post=16767"}],"version-history":[{"count":4,"href":"https:\/\/elfsight.com\/de\/wp-json\/wp\/v2\/pages\/16767\/revisions"}],"predecessor-version":[{"id":24324,"href":"https:\/\/elfsight.com\/de\/wp-json\/wp\/v2\/pages\/16767\/revisions\/24324"}],"up":[{"embeddable":true,"href":"https:\/\/elfsight.com\/de\/wp-json\/wp\/v2\/pages\/1614"}],"wp:attachment":[{"href":"https:\/\/elfsight.com\/de\/wp-json\/wp\/v2\/media?parent=16767"}],"curies":[{"name":"wp","href":"https:\/\/api.w.org\/{rel}","templated":true}]}}