{"id":16759,"date":"2024-05-03T06:27:46","date_gmt":"2024-05-03T06:27:46","guid":{"rendered":"https:\/\/elfsight.com\/de\/?page_id=16759"},"modified":"2025-02-18T10:44:22","modified_gmt":"2025-02-18T10:44:22","slug":"magento","status":"publish","type":"page","link":"https:\/\/elfsight.com\/de\/amazon-reviews-widget\/magento\/","title":{"rendered":"Amazon Reviews &#8211; Magento"},"content":{"rendered":"\n<div class=\"application-platform-content-item-description application-platform-content-item\" id=\"description\" data-nav-section=\"description\"><h2>Beschreibung<\/h2><p>Unser Amazon-Plugin ist die einfachste M\u00f6glichkeit, das Image Ihres Unternehmens zu pr\u00e4gen, indem es echte Besuchermeinungen zu Ihren Waren zeigt . Zeigen Sie nur die besten oder aussagekr\u00e4ftigsten Bewertungen an und ordnen Sie sie nach Bedarf an. Erlangen Sie soziale Beweise, indem Sie Ihren Website-Besuchern zeigen, dass Sie vertrauensw\u00fcrdig sind.<\/p><p><b>Bringen Sie Benutzer dazu, neue Kommentare zu Ihren Produkten zu schreiben und regen Sie Kundengespr\u00e4che an!<\/b><\/p><\/div> <div class=\"application-platform-content-item-features application-platform-content-item\" id=\"features\" data-nav-section=\"features\"><h2>Funktionen<\/h2><p>Um ein besseres Verst\u00e4ndnis des Bewertungen von Amazon-Plugins zu erlangen, sehen Sie sich die Liste seiner Hauptmerkmale an. Sie machen das Widget f\u00fcr Sie maximal n\u00fctzlich:<\/p><ul><li>Drei gebrauchsfertige Filter: nach Typ, Ausschlie\u00dfen nach und Anzahl der anzuzeigenden Bewertungen;<\/li><li>4 vordefinierte Layouts: Liste, Raster, Mauerwerk und Schieberegler;<\/li><li>Umschaltbarer Header des Widgets;<\/li><li>\u00dcberpr\u00fcfungsanfrage-Schaltfl\u00e4che f\u00fchrt Benutzer zu Ihrer Amazon-Seite;<\/li><li>Sechs anpassbare Elemente des Widgets: Name und Foto des Autors, Empfehlung, Datum der Ver\u00f6ffentlichung, Amazon-Symbol und Sternebewertung;<\/li><li>Zwei Alternativen f\u00fcr Szenarien der Ablehnung einer Rezensionsanfrage: eine Textnachricht anzeigen oder die Schaltfl\u00e4che ausblenden;<\/li><\/ul><p><a href=\"#demo\">Weitere Funktionen finden Sie in der Live-Demo<\/a><\/p><\/div><div class=\"application-platform-content-item-installation application-platform-content-item\" id=\"installation\" data-nav-section=\"installation\"><h2>Anleitung So f\u00fcgen Sie die Amazon-Erweiterung zur Magento-Website hinzu<\/h2><p>Diese mehreren Schritte sind das Einzige, was Sie zum Einbetten ben\u00f6tigen.<\/p><ol><li><b>Nutzen Sie unseren kostenlosen Editor und beginnen Sie mit der Gestaltung Ihrer personalisierten Verl\u00e4ngerung. <\/b><br> Finden Sie das bevorzugte Aussehen und die Optionen der Reviews-Erweiterung und wenden Sie alle Korrekturen an. <\/li> <li><b>Lassen Sie sich Ihren einzigartigen Code im Fenster von Elfsight Apps vorf\u00fchren. <\/b><br> Wenn die Konfiguration Ihrer pers\u00f6nlichen Nebenstelle abgeschlossen ist, kopieren Sie den individuellen Code im erscheinenden Popup und speichern Sie ihn f\u00fcr eine sp\u00e4tere Gelegenheit. <\/li> <li><b>Initiieren Sie die Anwendung der Erweiterung auf der Magento-Webseite. <\/b><br> Betten Sie den zuvor gespeicherten Code in Ihre Website ein und speichern Sie die Verbesserungen. <\/li> <li><b>Die Installation ist vollst\u00e4ndig beendet. <\/b><br> Besuchen Sie Ihre Website, um die Leistung der Erweiterung in Aktion zu sehen. <\/li><\/ol><p>Sie k\u00f6nnen sich immer noch nicht entscheiden? Oder \u00fcber irgendetwas gestolpert? Unsere Kundendienstabteilung wird alle Probleme l\u00f6sen.<\/p><\/div><div class=\"faq\" data-component=\"FAQ\"><div class=\"faq-item\">\r\n\t\t\t\t\t<div class=\"faq-item-question\">\r\n\t\t\t\t\t\t<h3 class=\"faq-item-question-text\">Kann ich Amazon-Kundenrezensionen auf meiner Magento-Site verwenden?<\/h3>\r\n\r\n\t\t\t\t\t\t<div class=\"faq-item-question-icon\"><\/div>\r\n\t\t\t\t\t<\/div>\r\n\r\n\t\t\t\t\t<div class=\"faq-item-answer\">\r\n\t\t\t\t\t\t<div class=\"faq-item-answer-text\"><p>Entwerfen Sie einfach Ihr Tool , \u00e4ndern Sie dann das Design und speichern Sie Ihre Anpassungen. Kopieren Sie auch Ihren Code und f\u00fcgen Sie ihn in das von Ihnen verwendete Layout ein. <\/p><\/div>\r\n\t\t\t\t\t<\/div>\r\n\t\t\t\t<\/div><div class=\"faq-item\">\r\n\t\t\t\t\t<div class=\"faq-item-question\">\r\n\t\t\t\t\t\t<h3 class=\"faq-item-question-text\">Wie sammle ich die Bewertungen von Amazon-Kunden f\u00fcr meine Produktseiten?<\/h3>\r\n\r\n\t\t\t\t\t\t<div class=\"faq-item-question-icon\"><\/div>\r\n\t\t\t\t\t<\/div>\r\n\r\n\t\t\t\t\t<div class=\"faq-item-answer\">\r\n\t\t\t\t\t\t<div class=\"faq-item-answer-text\"><p>Sie k\u00f6nnen dies ganz einfach \u00fcber den CTA-Button tun. Durch Anklicken werden die Nutzer direkt zu Ihrem Profil weitergeleitet. <\/p><\/div>\r\n\t\t\t\t\t<\/div>\r\n\t\t\t\t<\/div><div class=\"faq-item\">\r\n\t\t\t\t\t<div class=\"faq-item-question\">\r\n\t\t\t\t\t\t<h3 class=\"faq-item-question-text\">Wie gestalte ich mein Amazon-Bewertungs-Widget \/ meine Badge-Vorlage?<\/h3>\r\n\r\n\t\t\t\t\t\t<div class=\"faq-item-question-icon\"><\/div>\r\n\t\t\t\t\t<\/div>\r\n\r\n\t\t\t\t\t<div class=\"faq-item-answer\">\r\n\t\t\t\t\t\t<div class=\"faq-item-answer-text\"><p>F\u00fchren Sie die Schritte des einfachen Tutorials aus: <\/p><ol><li>Ausf\u00fchren Nutzen Sie den Elfsight-Konfigurator und beginnen Sie mit der Gestaltung Ihres eigenen Widgets. <\/li> <li>\u00c4ndern Sie die Funktionsmerkmale des Widgets und speichern Sie die erforderlichen Verbesserungen. <\/li><li>Rufen Sie den individuellen Code ab, der in der Benachrichtigung erscheint. <\/li> <li>F\u00fcgen Sie den App-Code in Ihre Webseite ein und klicken Sie auf die Schaltfl\u00e4che \u201eSpeichern\u201c. <\/li><li>Herzlichen Gl\u00fcckwunsch! Sie haben ein neues Plugin reibungslos auf der Website implementiert. <\/li><\/div>\r\n\t\t\t\t\t<\/div>\r\n\t\t\t\t<\/div><div class=\"faq-item\">\r\n\t\t\t\t\t<div class=\"faq-item-question\">\r\n\t\t\t\t\t\t<h3 class=\"faq-item-question-text\">Wie kann ich ohne Programmierkenntnisse Bewertungen von Amazon zu meiner Magento-Website hinzuf\u00fcgen?<\/h3>\r\n\r\n\t\t\t\t\t\t<div class=\"faq-item-question-icon\"><\/div>\r\n\t\t\t\t\t<\/div>\r\n\r\n\t\t\t\t\t<div class=\"faq-item-answer\">\r\n\t\t\t\t\t\t<div class=\"faq-item-answer-text\"><p>Elfsight bietet eine SaaS-L\u00f6sung, mit der Sie selbst ein Amazon-Bewertungs-Widget erstellen k\u00f6nnen. Sehen Sie, wie einfach es ist Der Prozess ist: Arbeiten Sie direkt im Online-Editor, um ein Amazon-Rezensions-Widget zu erstellen, das Sie gerne auf Ihrer Magento-Website sehen w\u00fcrden. W\u00e4hlen Sie eine der vorgefertigten Vorlagen aus und passen Sie die Amazon-Rezensionseinstellungen an, f\u00fcgen Sie Ihre Inhalte hinzu, \u00e4ndern Sie das Layout und das Farbschema ohne Programmierkenntnisse. Speichern Sie die Bewertungen von Amazon und kopieren Sie den Installationscode, den Sie problemlos in Ihre Magento-Website einf\u00fcgen k\u00f6nnen, ohne ein kostenpflichtiges Abonnement kaufen zu m\u00fcssen. Mit unserem intuitiven Editor kann jeder Internetnutzer online ein Amazon-Bewertungs-Widget erstellen und es einfach in seine Magento-Website einbetten. Sie m\u00fcssen weder bezahlen noch Ihre Kartendaten eingeben, um auf den Service zuzugreifen. Sollten bei irgendeinem Schritt Probleme auftreten, wenden Sie sich bitte an unser technisches Support-Team.<\/p><\/div>\r\n\t\t\t\t\t<\/div>\r\n\t\t\t\t<\/div><\/div>\n","protected":false},"excerpt":{"rendered":"","protected":false},"author":9,"featured_media":0,"parent":1614,"menu_order":0,"comment_status":"closed","ping_status":"closed","template":"templates\/template-application-platform.php","meta":{"publish_to_discourse":"","publish_post_category":"","wpdc_auto_publish_overridden":"","wpdc_topic_tags":"","wpdc_pin_topic":"","wpdc_pin_until":"","discourse_post_id":"","discourse_permalink":"","wpdc_publishing_response":"","wpdc_publishing_error":"","footnotes":""},"class_list":["post-16759","page","type-page","status-publish","hentry"],"yoast_head":"<!-- This site is optimized with the Yoast SEO plugin v25.3.1 - https:\/\/yoast.com\/wordpress\/plugins\/seo\/ -->\n<title>Bewertungen von Amazon | Betten Sie die Amazon-Erweiterung auf der Magento-Website ein<\/title>\n<meta name=\"description\" content=\"Erstellen Sie Ihr Amazon-Plugin und zeigen Sie es schnell und kostenlos auf der Magento-Website an. Steigern Sie das Vertrauen Ihrer Kunden mit Hilfe von Elfsight-Widgets!\" \/>\n<meta name=\"robots\" content=\"index, follow, max-snippet:-1, max-image-preview:large, max-video-preview:-1\" \/>\n<link rel=\"canonical\" href=\"https:\/\/elfsight.com\/de\/amazon-reviews-widget\/magento\/\" \/>\n<meta property=\"og:locale\" content=\"de_DE\" \/>\n<meta property=\"og:type\" content=\"article\" \/>\n<meta property=\"og:title\" content=\"Bewertungen von Amazon | Betten Sie die Amazon-Erweiterung auf der Magento-Website ein\" \/>\n<meta property=\"og:description\" content=\"Erstellen Sie Ihr Amazon-Plugin und zeigen Sie es schnell und kostenlos auf der Magento-Website an. Steigern Sie das Vertrauen Ihrer Kunden mit Hilfe von Elfsight-Widgets!\" \/>\n<meta property=\"og:url\" content=\"https:\/\/elfsight.com\/de\/amazon-reviews-widget\/magento\/\" \/>\n<meta property=\"og:site_name\" content=\"Elfsight DE\" \/>\n<meta property=\"article:modified_time\" content=\"2025-02-18T10:44:22+00:00\" \/>\n<meta name=\"twitter:card\" content=\"summary_large_image\" \/>\n<meta name=\"twitter:label1\" content=\"Gesch\u00e4tzte Lesezeit\" \/>\n\t<meta name=\"twitter:data1\" content=\"4\u00a0Minuten\" \/>\n<!-- \/ Yoast SEO plugin. -->","yoast_head_json":{"title":"Bewertungen von Amazon | Betten Sie die Amazon-Erweiterung auf der Magento-Website ein","description":"Erstellen Sie Ihr Amazon-Plugin und zeigen Sie es schnell und kostenlos auf der Magento-Website an. Steigern Sie das Vertrauen Ihrer Kunden mit Hilfe von Elfsight-Widgets!","robots":{"index":"index","follow":"follow","max-snippet":"max-snippet:-1","max-image-preview":"max-image-preview:large","max-video-preview":"max-video-preview:-1"},"canonical":"https:\/\/elfsight.com\/de\/amazon-reviews-widget\/magento\/","og_locale":"de_DE","og_type":"article","og_title":"Bewertungen von Amazon | Betten Sie die Amazon-Erweiterung auf der Magento-Website ein","og_description":"Erstellen Sie Ihr Amazon-Plugin und zeigen Sie es schnell und kostenlos auf der Magento-Website an. Steigern Sie das Vertrauen Ihrer Kunden mit Hilfe von Elfsight-Widgets!","og_url":"https:\/\/elfsight.com\/de\/amazon-reviews-widget\/magento\/","og_site_name":"Elfsight DE","article_modified_time":"2025-02-18T10:44:22+00:00","twitter_card":"summary_large_image","twitter_misc":{"Gesch\u00e4tzte Lesezeit":"4\u00a0Minuten"},"schema":{"@context":"https:\/\/schema.org","@graph":[{"@type":"WebPage","@id":"https:\/\/elfsight.com\/de\/amazon-reviews-widget\/magento\/","url":"https:\/\/elfsight.com\/de\/amazon-reviews-widget\/magento\/","name":"Bewertungen von Amazon | Betten Sie die Amazon-Erweiterung auf der Magento-Website ein","isPartOf":{"@id":"https:\/\/elfsight.com\/de\/#website"},"datePublished":"2024-05-03T06:27:46+00:00","dateModified":"2025-02-18T10:44:22+00:00","description":"Erstellen Sie Ihr Amazon-Plugin und zeigen Sie es schnell und kostenlos auf der Magento-Website an. Steigern Sie das Vertrauen Ihrer Kunden mit Hilfe von Elfsight-Widgets!","breadcrumb":{"@id":"https:\/\/elfsight.com\/de\/amazon-reviews-widget\/magento\/#breadcrumb"},"inLanguage":"de","potentialAction":[{"@type":"ReadAction","target":["https:\/\/elfsight.com\/de\/amazon-reviews-widget\/magento\/"]}]},{"@type":"BreadcrumbList","@id":"https:\/\/elfsight.com\/de\/amazon-reviews-widget\/magento\/#breadcrumb","itemListElement":[{"@type":"ListItem","position":1,"name":"Home","item":"https:\/\/elfsight.com\/de\/"},{"@type":"ListItem","position":2,"name":"Amazon Reviews","item":"https:\/\/elfsight.com\/de\/amazon-reviews-widget\/"},{"@type":"ListItem","position":3,"name":"Amazon Reviews &#8211; Magento"}]},{"@type":"WebSite","@id":"https:\/\/elfsight.com\/de\/#website","url":"https:\/\/elfsight.com\/de\/","name":"Elfsight DE","description":"Just another Elfsight Sites site","potentialAction":[{"@type":"SearchAction","target":{"@type":"EntryPoint","urlTemplate":"https:\/\/elfsight.com\/de\/?s={search_term_string}"},"query-input":{"@type":"PropertyValueSpecification","valueRequired":true,"valueName":"search_term_string"}}],"inLanguage":"de"}]}},"meta_box":{"industry":"","seo_heading":"","heading":"","description":"","cta_heading":"","cta_description":"","application":"496","h1":"Bewertungen von Amazon-Erweiterung f\u00fcr Magento","h1_caption":"Zeigen Sie Produktbewertungen von Amazon an, um Ihren Website-Besuchern m\u00fchelos zus\u00e4tzliche soziale Beweise f\u00fcr Ihre Magento-Website zu bieten.","application_category":[],"applications_title":"","applications_request_title":"","applications_request_button_text":"","hero_text":"","hero_video":"","hero_video_schema_markup":"","selling_points_title":"","selling_points_caption":"","selling_points":[],"selling_points_cta_text":"","features_title":"","features":"","ed_cta_examples_text":"","ed_cta_examples_hidden":"","ed_cta_demo_text":"","ed_cta_demo_hidden":"","why_caption":"","why_editor_title":"","why_editor_text":"","why_team_title":"","why_team_text":"","why_service_title":"","why_service_text":"","template_catalog_visible":"0","template_catalog_title":"","template_catalog_text":"","template_catalog_categories_visible":"","demo_title":"Erstellen Sie Ihre Bewertungen von Amazon-Erweiterung","demo_caption":"Konfigurieren Sie Ihre Bewertungen von Amazon und f\u00fcgen Sie sie kostenlos zu Ihrer Magento-Website hinzu!","default_faq_hidden":"","app_template_category":[],"platform":"256","template_public_id":"","codecanyon_url":"","codecanyon_item_id":"","codecanyon_price":"","pricing_caption":"","pricing_elfsight_apps_hide_column":"","pricing_elfsight_apps_url":"","pricing_codecanyon_price_caption":"","integration_category":[],"integration_request_title":"","integration_request_cta":"","integration_platform":"","integrations":[],"platform_category":[],"video_schema_markup":"","price":"ab 0 $ \/ Monat","trial":"","benefits":[{"text":"Kostenlose Installationsunterst\u00fctzung"},{"text":"Erfahrener Kundensupport"},{"text":"14-t\u00e4gige R\u00fcckerstattungsgarantie"},{"text":"Fortlaufende Entwicklung"}],"button_url":"#demo","button_target_blank":"0","button_nofollow":"0","attributes":[{"name":"Installiert","content":"10,000 - 100,000"},{"name":"Reaktionsfreudig","content":"Ja"},{"name":"Kompatible Browser","content":"Firefox, Safari, Opera, Chrome, Edge"}],"tags":[],"tags_disable_links":"0","hide_more_platforms":"0","video_object":"","demo_hide_cta":"0","demo_hide_cloud_options":"0","pricing_title":"","pricing":[{"pricing_icon":"platform","pricing_title":"Elfsight Apps","pricing_title_caption":"Plattform\u00fcbergreifende Software, die f\u00fcr jede Website geeignet ist","pricing_price":"ab 0 $ \/ Monat","pricing_price_caption":"Beginnen Sie mit einem kostenlosen Plan","pricing_benefits":[{"text":"Unbegrenzte Domains"},{"text":"Professionelle Unterst\u00fctzung"},{"text":"Kostenloser Installationsservice"},{"text":"Flexibles Design"}],"pricing_button_text":"Zur Website hinzuf\u00fcgen","pricing_button_url":"#demo"}],"related_apps_title":"","related_apps_hidden":"0","author":"","image":[],"title":"","job":"","social_networks":[]},"_links":{"self":[{"href":"https:\/\/elfsight.com\/de\/wp-json\/wp\/v2\/pages\/16759","targetHints":{"allow":["GET"]}}],"collection":[{"href":"https:\/\/elfsight.com\/de\/wp-json\/wp\/v2\/pages"}],"about":[{"href":"https:\/\/elfsight.com\/de\/wp-json\/wp\/v2\/types\/page"}],"author":[{"embeddable":true,"href":"https:\/\/elfsight.com\/de\/wp-json\/wp\/v2\/users\/9"}],"replies":[{"embeddable":true,"href":"https:\/\/elfsight.com\/de\/wp-json\/wp\/v2\/comments?post=16759"}],"version-history":[{"count":4,"href":"https:\/\/elfsight.com\/de\/wp-json\/wp\/v2\/pages\/16759\/revisions"}],"predecessor-version":[{"id":24328,"href":"https:\/\/elfsight.com\/de\/wp-json\/wp\/v2\/pages\/16759\/revisions\/24328"}],"up":[{"embeddable":true,"href":"https:\/\/elfsight.com\/de\/wp-json\/wp\/v2\/pages\/1614"}],"wp:attachment":[{"href":"https:\/\/elfsight.com\/de\/wp-json\/wp\/v2\/media?parent=16759"}],"curies":[{"name":"wp","href":"https:\/\/api.w.org\/{rel}","templated":true}]}}