{"id":16754,"date":"2024-05-03T06:27:45","date_gmt":"2024-05-03T06:27:45","guid":{"rendered":"https:\/\/elfsight.com\/de\/?page_id=16754"},"modified":"2025-02-18T10:55:31","modified_gmt":"2025-02-18T10:55:31","slug":"html","status":"publish","type":"page","link":"https:\/\/elfsight.com\/de\/amazon-reviews-widget\/html\/","title":{"rendered":"Amazon Reviews &#8211; HTML"},"content":{"rendered":"\n<div class=\"application-platform-content-item-description application-platform-content-item\" id=\"description\" data-nav-section=\"description\"><h2>Beschreibung<\/h2><p>Das Amazon-Widget von Elfsight ist die unkomplizierteste Methode, um das Image Ihres Unternehmens aufzubauen, indem Sie die Kommentare echter Besucher zu Ihrem Unternehmen \u00e4u\u00dfern Produkte. Zeigen Sie nur die besten oder aussagekr\u00e4ftigsten Bewertungen an und organisieren Sie sie nach Ihren W\u00fcnschen. Erzielen Sie Ergebnisse mit Social Proof, indem Sie Ihren Kunden zeigen, dass Sie glaubw\u00fcrdig sind.<\/p><p><b>Motivieren Sie Benutzer, neue Kommentare zu Ihren Waren zu hinterlassen und verbessern Sie die Kundengespr\u00e4che!<\/b><\/p><\/div> <div class=\"application-platform-content-item-features application-platform-content-item\" id=\"features\" data-nav-section=\"features\"><h2>Funktionen<\/h2><p>Um sich einen umfassenden \u00dcberblick \u00fcber das Widget zu verschaffen, sehen Sie sich die Liste seiner Hauptfunktionen an. Sie machen dieses Widget f\u00fcr Ihre Website maximal effizient:<\/p><ul><li>Drei Arten von Filtern: nach Typ, Ausschlie\u00dfen nach und Anzahl der anzuzeigenden Bewertungen;<\/li><li>4 vordefinierte Layouts: Liste , Raster, Mauerwerk und Schieberegler;<\/li><li>Eine Option zum Anzeigen oder Ausblenden der Kopfzeile des Widgets;<\/li><li>\u00dcberpr\u00fcfungsanfrage-Schaltfl\u00e4che f\u00fchrt Benutzer zur Amazon-Seite;<\/li><li>Sechs anpassbare Elemente der Benutzeroberfl\u00e4che: Name des Autors und Foto, Empfehlungstext, Datum, Amazon-Symbol und Sternebewertung;<\/li><li>Zwei m\u00f6gliche Szenarien f\u00fcr die Ablehnung einer Rezensionsanfrage: eine benutzerdefinierte Nachricht anzeigen oder die ausblenden button;<\/li><\/ul><p><a href=\"#demo\">Demo zeigt Ihnen alle Funktionen<\/a><\/p><\/div><div class=\"application-platform-content-item-installation application-platform-content-item\" id=\"installation\" data-nav-section=\"installation\"><h2>So f\u00fcgen Sie das Widget Bewertungen von Amazon zur HTML-Website hinzu<\/h2><p>Die folgenden Aktionen sind das Einzige, was Sie zur Integration ben\u00f6tigen.<\/p><ol><li><b>Erstellen Sie Ihr individuelles Amazon-Plugin<\/b><br>Generieren Sie in unserem kostenlosen Editor ein Widget mit einer ausgew\u00e4hlten Benutzeroberfl\u00e4che und Funktionsmerkmalen.<\/li><li><b>Erhalten Sie den individuellen Code zum Einbetten des Plugins<\/b><br>Nachdem Sie Ihr Widget generiert haben, erhalten Sie Ihren Installationscode aus der Popup-Benachrichtigung auf Elfsight Apps. Kopieren Sie es.<\/li><li><b>Das Plugin auf Ihrer HTML-Website<\/b><br>W\u00e4hlen Sie die Stelle aus, an der Sie das Widget anzeigen m\u00f6chten, und f\u00fcgen Sie den gespeicherten Code dort ein. Ver\u00f6ffentlichen Sie die \u00c4nderungen.<\/li><li><b>Herzlichen Gl\u00fcckwunsch! Sie haben das Plugin gerade ver\u00f6ffentlicht!<\/b><br>Gehen Sie in den Store, um sich Ihr Widget anzusehen.<\/li><\/ol><p>Haben Sie noch Zweifel? Oder \u00fcber irgendetwas gestolpert? Mit nur einer einzigen Anfrage an unser Support-Team l\u00e4sst sich jedes Problem l\u00f6sen.<\/p><div class=\"faq\" data-component=\"FAQ\"> <div class=\"faq-item\">\r\n\t\t\t\t\t<div class=\"faq-item-question\">\r\n\t\t\t\t\t\t<h3 class=\"faq-item-question-text\">Wie kann ich ohne Programmierkenntnisse Bewertungen von Amazon zu meiner HTML-Website hinzuf\u00fcgen?<\/h3>\r\n\r\n\t\t\t\t\t\t<div class=\"faq-item-question-icon\"><\/div>\r\n\t\t\t\t\t<\/div>\r\n\r\n\t\t\t\t\t<div class=\"faq-item-answer\">\r\n\t\t\t\t\t\t<div class=\"faq-item-answer-text\"> <p>Elfsight bietet eine SaaS-L\u00f6sung daf\u00fcr k\u00f6nnen Sie selbst ein Bewertungen von Amazon-Widget erstellen. Sehen Sie, wie einfach der Vorgang ist: Arbeiten Sie direkt im Online-Editor, um ein Bewertungen von Amazon-Widget zu erstellen, das Sie gerne auf Ihrer HTML-Website sehen w\u00fcrden. W\u00e4hlen Sie eine der vorgefertigten Vorlagen aus und passen Sie die Amazon-Rezensionseinstellungen an, f\u00fcgen Sie Ihre Inhalte hinzu, \u00e4ndern Sie das Layout und die Farben ohne Programmierkenntnisse. Speichern Sie die Bewertungen von Amazon und kopieren Sie den Installationscode, den Sie in Ihre HTML-Website einf\u00fcgen k\u00f6nnen, ohne ein kostenpflichtiges Abonnement zu kaufen. Mit unserem intuitiven Editor kann jeder Internetnutzer online ein Amazon-Rezensions-Widget erstellen und es einfach in seine HTML-Website einbetten. Sie m\u00fcssen weder bezahlen noch Ihre Kartendaten eingeben, um auf den Service zuzugreifen. Sollten bei irgendeinem Schritt Probleme auftreten, wenden Sie sich bitte an unser technisches Support-Team.<\/p> <\/div>\r\n\t\t\t\t\t<\/div>\r\n\t\t\t\t<\/div> <\/div> <\/div>\n","protected":false},"excerpt":{"rendered":"","protected":false},"author":9,"featured_media":0,"parent":1614,"menu_order":0,"comment_status":"closed","ping_status":"closed","template":"templates\/template-application-platform.php","meta":{"publish_to_discourse":"","publish_post_category":"","wpdc_auto_publish_overridden":"","wpdc_topic_tags":"","wpdc_pin_topic":"","wpdc_pin_until":"","discourse_post_id":"","discourse_permalink":"","wpdc_publishing_response":"","wpdc_publishing_error":"","footnotes":""},"class_list":["post-16754","page","type-page","status-publish","hentry"],"yoast_head":"<!-- This site is optimized with the Yoast SEO plugin v25.3.1 - https:\/\/yoast.com\/wordpress\/plugins\/seo\/ -->\n<title>Bewertungen von Amazon | Amazon-Widget auf HTML-Website hinzuf\u00fcgen (kostenlos und schnell)<\/title>\n<meta name=\"description\" content=\"Erstellen Sie Ihr Bewertungen von Amazon-Widget und f\u00fcgen Sie es schnell auf der HTML-Website ein. Wir bieten kostenlosen Kundenservice und weitere Boni.\" \/>\n<meta name=\"robots\" content=\"index, follow, max-snippet:-1, max-image-preview:large, max-video-preview:-1\" \/>\n<link rel=\"canonical\" href=\"https:\/\/elfsight.com\/de\/amazon-reviews-widget\/html\/\" \/>\n<meta property=\"og:locale\" content=\"de_DE\" \/>\n<meta property=\"og:type\" content=\"article\" \/>\n<meta property=\"og:title\" content=\"Bewertungen von Amazon | Amazon-Widget auf HTML-Website hinzuf\u00fcgen (kostenlos und schnell)\" \/>\n<meta property=\"og:description\" content=\"Erstellen Sie Ihr Bewertungen von Amazon-Widget und f\u00fcgen Sie es schnell auf der HTML-Website ein. Wir bieten kostenlosen Kundenservice und weitere Boni.\" \/>\n<meta property=\"og:url\" content=\"https:\/\/elfsight.com\/de\/amazon-reviews-widget\/html\/\" \/>\n<meta property=\"og:site_name\" content=\"Elfsight DE\" \/>\n<meta property=\"article:modified_time\" content=\"2025-02-18T10:55:31+00:00\" \/>\n<meta name=\"twitter:card\" content=\"summary_large_image\" \/>\n<meta name=\"twitter:label1\" content=\"Gesch\u00e4tzte Lesezeit\" \/>\n\t<meta name=\"twitter:data1\" content=\"3\u00a0Minuten\" \/>\n<!-- \/ Yoast SEO plugin. -->","yoast_head_json":{"title":"Bewertungen von Amazon | Amazon-Widget auf HTML-Website hinzuf\u00fcgen (kostenlos und schnell)","description":"Erstellen Sie Ihr Bewertungen von Amazon-Widget und f\u00fcgen Sie es schnell auf der HTML-Website ein. Wir bieten kostenlosen Kundenservice und weitere Boni.","robots":{"index":"index","follow":"follow","max-snippet":"max-snippet:-1","max-image-preview":"max-image-preview:large","max-video-preview":"max-video-preview:-1"},"canonical":"https:\/\/elfsight.com\/de\/amazon-reviews-widget\/html\/","og_locale":"de_DE","og_type":"article","og_title":"Bewertungen von Amazon | Amazon-Widget auf HTML-Website hinzuf\u00fcgen (kostenlos und schnell)","og_description":"Erstellen Sie Ihr Bewertungen von Amazon-Widget und f\u00fcgen Sie es schnell auf der HTML-Website ein. Wir bieten kostenlosen Kundenservice und weitere Boni.","og_url":"https:\/\/elfsight.com\/de\/amazon-reviews-widget\/html\/","og_site_name":"Elfsight DE","article_modified_time":"2025-02-18T10:55:31+00:00","twitter_card":"summary_large_image","twitter_misc":{"Gesch\u00e4tzte Lesezeit":"3\u00a0Minuten"},"schema":{"@context":"https:\/\/schema.org","@graph":[{"@type":"WebPage","@id":"https:\/\/elfsight.com\/de\/amazon-reviews-widget\/html\/","url":"https:\/\/elfsight.com\/de\/amazon-reviews-widget\/html\/","name":"Bewertungen von Amazon | Amazon-Widget auf HTML-Website hinzuf\u00fcgen (kostenlos und schnell)","isPartOf":{"@id":"https:\/\/elfsight.com\/de\/#website"},"datePublished":"2024-05-03T06:27:45+00:00","dateModified":"2025-02-18T10:55:31+00:00","description":"Erstellen Sie Ihr Bewertungen von Amazon-Widget und f\u00fcgen Sie es schnell auf der HTML-Website ein. Wir bieten kostenlosen Kundenservice und weitere Boni.","breadcrumb":{"@id":"https:\/\/elfsight.com\/de\/amazon-reviews-widget\/html\/#breadcrumb"},"inLanguage":"de","potentialAction":[{"@type":"ReadAction","target":["https:\/\/elfsight.com\/de\/amazon-reviews-widget\/html\/"]}]},{"@type":"BreadcrumbList","@id":"https:\/\/elfsight.com\/de\/amazon-reviews-widget\/html\/#breadcrumb","itemListElement":[{"@type":"ListItem","position":1,"name":"Home","item":"https:\/\/elfsight.com\/de\/"},{"@type":"ListItem","position":2,"name":"Amazon Reviews","item":"https:\/\/elfsight.com\/de\/amazon-reviews-widget\/"},{"@type":"ListItem","position":3,"name":"Amazon Reviews &#8211; HTML"}]},{"@type":"WebSite","@id":"https:\/\/elfsight.com\/de\/#website","url":"https:\/\/elfsight.com\/de\/","name":"Elfsight DE","description":"Just another Elfsight Sites site","potentialAction":[{"@type":"SearchAction","target":{"@type":"EntryPoint","urlTemplate":"https:\/\/elfsight.com\/de\/?s={search_term_string}"},"query-input":{"@type":"PropertyValueSpecification","valueRequired":true,"valueName":"search_term_string"}}],"inLanguage":"de"}]}},"meta_box":{"industry":"","seo_heading":"","heading":"","description":"","cta_heading":"","cta_description":"","application":"496","h1":"Bewertungen von Amazon-Widget f\u00fcr HTML","h1_caption":"Zeigen Sie Produktbewertungen von Amazon an, um Ihren Website-Besuchern m\u00fchelos zus\u00e4tzliche soziale Beweise auf Ihrer HTML-Website zu bieten.","application_category":[],"applications_title":"","applications_request_title":"","applications_request_button_text":"","hero_text":"","hero_video":"","hero_video_schema_markup":"","selling_points_title":"","selling_points_caption":"","selling_points":[],"selling_points_cta_text":"","features_title":"","features":"","ed_cta_examples_text":"","ed_cta_examples_hidden":"","ed_cta_demo_text":"","ed_cta_demo_hidden":"","why_caption":"","why_editor_title":"","why_editor_text":"","why_team_title":"","why_team_text":"","why_service_title":"","why_service_text":"","template_catalog_visible":"0","template_catalog_title":"","template_catalog_text":"","template_catalog_categories_visible":"","demo_title":"Erstellen Sie Ihr Bewertungen von Amazon-Widget","demo_caption":"Konfigurieren Sie Ihre Bewertungen von Amazon und f\u00fcgen Sie sie kostenlos zu Ihrer HTML-Website hinzu!","default_faq_hidden":"","app_template_category":[],"platform":"260","template_public_id":"","codecanyon_url":"","codecanyon_item_id":"","codecanyon_price":"","pricing_caption":"","pricing_elfsight_apps_hide_column":"","pricing_elfsight_apps_url":"","pricing_codecanyon_price_caption":"","integration_category":[],"integration_request_title":"","integration_request_cta":"","integration_platform":"","integrations":[],"platform_category":[],"video_schema_markup":"","price":"ab 0 $ \/ Monat","trial":"","benefits":[{"text":"Kostenlose Installationsunterst\u00fctzung"},{"text":"Effektiver Kundenservice"},{"text":"14-t\u00e4gige Geld-zur\u00fcck-Garantie"},{"text":"Lebenslange Verbesserungen"}],"button_url":"#demo","button_target_blank":"0","button_nofollow":"0","attributes":[{"name":"Installiert","content":"10,000 - 100,000"},{"name":"Reaktionsfreudig","content":"Ja"},{"name":"Kompatible Browser","content":"Firefox, Safari, Opera, Chrome, Edge"}],"tags":[],"tags_disable_links":"0","hide_more_platforms":"0","video_object":"","demo_hide_cta":"0","demo_hide_cloud_options":"0","pricing_title":"","pricing":[{"pricing_icon":"platform","pricing_title":"Elfsight Apps","pricing_title_caption":"Plattform\u00fcbergreifende Version, die f\u00fcr jede Website geeignet ist","pricing_price":"ab 0 $ \/ Monat","pricing_price_caption":"Beginnen Sie mit einem kostenlosen Plan","pricing_benefits":[{"text":"Unbegrenzte Websites"},{"text":"Schneller und p\u00fcnktlicher Support"},{"text":"Kostenlose Installationshilfe"},{"text":"Sonderangebot f\u00fcr mehrere Apps"}],"pricing_button_text":"Zur Website hinzuf\u00fcgen","pricing_button_url":"#demo"}],"related_apps_title":"","related_apps_hidden":"0","author":"","image":[],"title":"","job":"","social_networks":[]},"_links":{"self":[{"href":"https:\/\/elfsight.com\/de\/wp-json\/wp\/v2\/pages\/16754","targetHints":{"allow":["GET"]}}],"collection":[{"href":"https:\/\/elfsight.com\/de\/wp-json\/wp\/v2\/pages"}],"about":[{"href":"https:\/\/elfsight.com\/de\/wp-json\/wp\/v2\/types\/page"}],"author":[{"embeddable":true,"href":"https:\/\/elfsight.com\/de\/wp-json\/wp\/v2\/users\/9"}],"replies":[{"embeddable":true,"href":"https:\/\/elfsight.com\/de\/wp-json\/wp\/v2\/comments?post=16754"}],"version-history":[{"count":4,"href":"https:\/\/elfsight.com\/de\/wp-json\/wp\/v2\/pages\/16754\/revisions"}],"predecessor-version":[{"id":24329,"href":"https:\/\/elfsight.com\/de\/wp-json\/wp\/v2\/pages\/16754\/revisions\/24329"}],"up":[{"embeddable":true,"href":"https:\/\/elfsight.com\/de\/wp-json\/wp\/v2\/pages\/1614"}],"wp:attachment":[{"href":"https:\/\/elfsight.com\/de\/wp-json\/wp\/v2\/media?parent=16754"}],"curies":[{"name":"wp","href":"https:\/\/api.w.org\/{rel}","templated":true}]}}