{"id":16751,"date":"2024-05-03T06:27:42","date_gmt":"2024-05-03T06:27:42","guid":{"rendered":"https:\/\/elfsight.com\/de\/?page_id=16751"},"modified":"2025-01-15T15:27:22","modified_gmt":"2025-01-15T15:27:22","slug":"shopify","status":"publish","type":"page","link":"https:\/\/elfsight.com\/de\/amazon-reviews-widget\/shopify\/","title":{"rendered":"Amazon Reviews &#8211; Shopify"},"content":{"rendered":"\n<div class=\"application-platform-content-item-description application-platform-content-item\" id=\"description\" data-nav-section=\"description\">\n<h2>Bewertungen von Amazon auf Shopify mit dem Elfsight-Widget einbetten<\/h2>\n<p>Das Amazon-Plugin von Elfsight ist der einfachste Weg, Ihr Markenimage zu gestalten, durch die Darstellung echter Besucherkommentare zu Ihrer Produktion. Zeigen Sie nur die besten oder aussagekr\u00e4ftigsten Reaktionen an und ordnen Sie sie nach Bedarf an. Sammeln Sie soziale Beweise, indem Sie Ihren Website-Besuchern zeigen, dass Sie glaubw\u00fcrdig sind.<\/p>\n<p><b>Motivieren Sie Benutzer, neue Bewertungen zu Ihren Waren zu schreiben und regen Sie Kundengespr\u00e4che an!<\/b><\/p>\n<\/div>\n\n<div class=\"application-platform-content-item-features application-platform-content-item\" id=\"features\" data-nav-section=\"features\">\n<h2>Hauptfunktionen des Bewertungen von Amazon-Widgets<\/h2>\n<p>Um das Widget besser zu verstehen, sehen Sie sich die Liste seiner Hauptfunktionen an. Sie machen unser Widget f\u00fcr Ihren Shop unglaublich effektiv:<\/p>\n<ul>\n    <li>3 Filteroptionen: nach Typ, Ausschlie\u00dfen nach und Anzahl der Bewertungen;<\/li>\n    <li>4 Layoutoptionen: Liste, Raster, Mauerwerk und Schieberegler;<\/li>\n    <li>Umschaltbarer Header des Widgets;<\/li>\n    <li>Die Schaltfl\u00e4che zum Anfordern einer Bewertung leitet Benutzer zur Amazon-Seite weiter;<\/li>\n    <li>6 anpassbare Elemente der Rezensionen: Name und Bild des Autors, Empfehlung, Abgangsdatum, Amazon-Symbol und Sternebewertung;<\/li>\n    <li>Zwei Szenariovarianten nach Ablehnung der Rezensionsanfrage: Ihre Nachricht anzeigen oder die Schaltfl\u00e4che ausblenden;<\/li>\n<\/ul>\n<p><a href=\"#demo\">Weitere Funktionen finden Sie in der Live-Demo<\/a><\/p>\n<\/div>\n\n<div class=\"application-platform-content-item-installation application-platform-content-item\" id=\"installation\" data-nav-section=\"installation\">\n<h2>So f\u00fcgen Sie die Bewertungen von Amazon-App zur Shopify-Website hinzu<\/h2>\n<p>Die folgenden Schritte sind das Einzige, was Sie befolgen m\u00fcssen, um das Plugin zu integrieren.<\/p>\n<ol>\n    <li><b>Nutzen Sie unseren kostenlosen Editor und beginnen Sie mit der Gestaltung Ihrer individuellen App.<\/b><br> Finden Sie das benutzerdefinierte Layout und die Spezifikationen der App und \u00fcbernehmen Sie alle \u00c4nderungen.<\/li>\n    <li><b>Kopieren Sie Ihren individuellen Code, der im Feld auf Elfsight Apps angezeigt wird.<\/b><br> Kopieren Sie unmittelbar nach Abschluss der Anpassung Ihrer pers\u00f6nlichen App den exklusiven Code im angezeigten Fenster und speichern Sie ihn f\u00fcr die zuk\u00fcnftige Verwendung.<\/li>\n    <li><b>Beginnen Sie mit der Nutzung der App auf Ihrer Shopify-Website.<\/b><br> Implementieren Sie den Code, den Sie zuvor kopiert haben, in Ihre Webseite und wenden Sie die Korrekturen an.<\/li>\n    <li><b>Fertig! Die Einrichtung ist erfolgreich abgeschlossen.<\/b><br> Besuchen Sie Ihre Website, um einen Blick auf die Funktionsweise der App zu werfen.<\/li>\n<\/ol>\n<p>Immer noch nicht sicher? Oder haben Sie Fragen? Nur eine einzige Anfrage an unser Support-Team l\u00f6st jedes Problem.<\/p>\n<\/div>\n\n<div class=\"faq\" data-component=\"FAQ\">\n<div class=\"faq-item\">\r\n\t\t\t\t\t<div class=\"faq-item-question\">\r\n\t\t\t\t\t\t<h3 class=\"faq-item-question-text\">Wie bette ich Amazon-Kundenrezensionen auf meiner Shopify-Seite ein?<\/h3>\r\n\r\n\t\t\t\t\t\t<div class=\"faq-item-question-icon\"><\/div>\r\n\t\t\t\t\t<\/div>\r\n\r\n\t\t\t\t\t<div class=\"faq-item-answer\">\r\n\t\t\t\t\t\t<div class=\"faq-item-answer-text\">\n<p>Erstellen Sie einfach Ihr Widget, \u00e4ndern Sie dann das Design und speichern Sie Ihre \u00c4nderungen. Kopieren Sie den Code des Plugins, das Sie gerade erstellt haben, und f\u00fcgen Sie ihn in das aktuelle Layout ein.<\/p>\n<\/div>\r\n\t\t\t\t\t<\/div>\r\n\t\t\t\t<\/div>\n\n<div class=\"faq-item\">\r\n\t\t\t\t\t<div class=\"faq-item-question\">\r\n\t\t\t\t\t\t<h3 class=\"faq-item-question-text\">Wie erhalte ich Amazon-Benutzerbewertungen f\u00fcr Produktseiten?<\/h3>\r\n\r\n\t\t\t\t\t\t<div class=\"faq-item-question-icon\"><\/div>\r\n\t\t\t\t\t<\/div>\r\n\r\n\t\t\t\t\t<div class=\"faq-item-answer\">\r\n\t\t\t\t\t\t<div class=\"faq-item-answer-text\">\n<p>Sie m\u00fcssen lediglich auf die Schaltfl\u00e4che \u201eBewertung schreiben\u201c klicken. Durch Klicken darauf erh\u00e4lt das Website-Publikum sofortigen Zugriff auf Ihr Profil.<\/p>\n<\/div>\r\n\t\t\t\t\t<\/div>\r\n\t\t\t\t<\/div>\n\n<div class=\"faq-item\">\r\n\t\t\t\t\t<div class=\"faq-item-question\">\r\n\t\t\t\t\t\t<h3 class=\"faq-item-question-text\">Wie erstelle ich eine Shopify-Bewertungserweiterung\/-Badge-Vorlage?<\/h3>\r\n\r\n\t\t\t\t\t\t<div class=\"faq-item-question-icon\"><\/div>\r\n\t\t\t\t\t<\/div>\r\n\r\n\t\t\t\t\t<div class=\"faq-item-answer\">\r\n\t\t\t\t\t\t<div class=\"faq-item-answer-text\">\n<p>Machen Sie sich mit den Punkten aus der folgenden klaren Anleitung vertraut:<\/p>\n<ol>\n    <li>Verwalten Sie unsere Demo und beginnen Sie mit der Entwicklung Ihrer eigenen App.<\/li>\n    <li>Personalisieren Sie die Plugin-Optionen und klicken Sie, um die wesentlichen Korrekturen zu speichern.<\/li>\n    <li>Kopieren Sie den in der Benachrichtigung angegebenen eindeutigen Code.<\/li>\n    <li>F\u00fcgen Sie den Widget-Code auf Ihrer Homepage ein und speichern Sie die Seite.<\/li>\n    <li>Sie haben die App erfolgreich auf der Website installiert.<\/li>\n<\/ol>\n<\/div>\r\n\t\t\t\t\t<\/div>\r\n\t\t\t\t<\/div>\n<\/div>\n","protected":false},"excerpt":{"rendered":"","protected":false},"author":9,"featured_media":0,"parent":1614,"menu_order":0,"comment_status":"closed","ping_status":"closed","template":"templates\/template-application-platform.php","meta":{"publish_to_discourse":"","publish_post_category":"","wpdc_auto_publish_overridden":"","wpdc_topic_tags":"","wpdc_pin_topic":"","wpdc_pin_until":"","discourse_post_id":"","discourse_permalink":"","wpdc_publishing_response":"","wpdc_publishing_error":"","footnotes":""},"class_list":["post-16751","page","type-page","status-publish","hentry"],"yoast_head":"<!-- This site is optimized with the Yoast SEO plugin v25.3.1 - https:\/\/yoast.com\/wordpress\/plugins\/seo\/ -->\n<title>Bewertungen von Amazon | Amazon-App auf der Shopify-Website hinzuf\u00fcgen (kostenlos und schnell)<\/title>\n<meta name=\"description\" content=\"Es ist ganz einfach, Ihre Bewertungen von Amazon-App zu erstellen und auf der Shopify-Website zu platzieren. Der Elfsight-Kundendienst ist kostenlos.\" \/>\n<meta name=\"robots\" content=\"index, follow, max-snippet:-1, max-image-preview:large, max-video-preview:-1\" \/>\n<link rel=\"canonical\" href=\"https:\/\/elfsight.com\/de\/amazon-reviews-widget\/shopify\/\" \/>\n<meta property=\"og:locale\" content=\"de_DE\" \/>\n<meta property=\"og:type\" content=\"article\" \/>\n<meta property=\"og:title\" content=\"Bewertungen von Amazon | Amazon-App auf der Shopify-Website hinzuf\u00fcgen (kostenlos und schnell)\" \/>\n<meta property=\"og:description\" content=\"Es ist ganz einfach, Ihre Bewertungen von Amazon-App zu erstellen und auf der Shopify-Website zu platzieren. Der Elfsight-Kundendienst ist kostenlos.\" \/>\n<meta property=\"og:url\" content=\"https:\/\/elfsight.com\/de\/amazon-reviews-widget\/shopify\/\" \/>\n<meta property=\"og:site_name\" content=\"Elfsight DE\" \/>\n<meta property=\"article:modified_time\" content=\"2025-01-15T15:27:22+00:00\" \/>\n<meta name=\"twitter:card\" content=\"summary_large_image\" \/>\n<meta name=\"twitter:label1\" content=\"Gesch\u00e4tzte Lesezeit\" \/>\n\t<meta name=\"twitter:data1\" content=\"3\u00a0Minuten\" \/>\n<!-- \/ Yoast SEO plugin. -->","yoast_head_json":{"title":"Bewertungen von Amazon | Amazon-App auf der Shopify-Website hinzuf\u00fcgen (kostenlos und schnell)","description":"Es ist ganz einfach, Ihre Bewertungen von Amazon-App zu erstellen und auf der Shopify-Website zu platzieren. Der Elfsight-Kundendienst ist kostenlos.","robots":{"index":"index","follow":"follow","max-snippet":"max-snippet:-1","max-image-preview":"max-image-preview:large","max-video-preview":"max-video-preview:-1"},"canonical":"https:\/\/elfsight.com\/de\/amazon-reviews-widget\/shopify\/","og_locale":"de_DE","og_type":"article","og_title":"Bewertungen von Amazon | Amazon-App auf der Shopify-Website hinzuf\u00fcgen (kostenlos und schnell)","og_description":"Es ist ganz einfach, Ihre Bewertungen von Amazon-App zu erstellen und auf der Shopify-Website zu platzieren. Der Elfsight-Kundendienst ist kostenlos.","og_url":"https:\/\/elfsight.com\/de\/amazon-reviews-widget\/shopify\/","og_site_name":"Elfsight DE","article_modified_time":"2025-01-15T15:27:22+00:00","twitter_card":"summary_large_image","twitter_misc":{"Gesch\u00e4tzte Lesezeit":"3\u00a0Minuten"},"schema":{"@context":"https:\/\/schema.org","@graph":[{"@type":"WebPage","@id":"https:\/\/elfsight.com\/de\/amazon-reviews-widget\/shopify\/","url":"https:\/\/elfsight.com\/de\/amazon-reviews-widget\/shopify\/","name":"Bewertungen von Amazon | Amazon-App auf der Shopify-Website hinzuf\u00fcgen (kostenlos und schnell)","isPartOf":{"@id":"https:\/\/elfsight.com\/de\/#website"},"datePublished":"2024-05-03T06:27:42+00:00","dateModified":"2025-01-15T15:27:22+00:00","description":"Es ist ganz einfach, Ihre Bewertungen von Amazon-App zu erstellen und auf der Shopify-Website zu platzieren. Der Elfsight-Kundendienst ist kostenlos.","breadcrumb":{"@id":"https:\/\/elfsight.com\/de\/amazon-reviews-widget\/shopify\/#breadcrumb"},"inLanguage":"de","potentialAction":[{"@type":"ReadAction","target":["https:\/\/elfsight.com\/de\/amazon-reviews-widget\/shopify\/"]}]},{"@type":"BreadcrumbList","@id":"https:\/\/elfsight.com\/de\/amazon-reviews-widget\/shopify\/#breadcrumb","itemListElement":[{"@type":"ListItem","position":1,"name":"Home","item":"https:\/\/elfsight.com\/de\/"},{"@type":"ListItem","position":2,"name":"Amazon Reviews","item":"https:\/\/elfsight.com\/de\/amazon-reviews-widget\/"},{"@type":"ListItem","position":3,"name":"Amazon Reviews &#8211; Shopify"}]},{"@type":"WebSite","@id":"https:\/\/elfsight.com\/de\/#website","url":"https:\/\/elfsight.com\/de\/","name":"Elfsight DE","description":"Just another Elfsight Sites site","potentialAction":[{"@type":"SearchAction","target":{"@type":"EntryPoint","urlTemplate":"https:\/\/elfsight.com\/de\/?s={search_term_string}"},"query-input":{"@type":"PropertyValueSpecification","valueRequired":true,"valueName":"search_term_string"}}],"inLanguage":"de"}]}},"meta_box":{"industry":"","seo_heading":"","heading":"","description":"","cta_heading":"","cta_description":"","application":"496","h1":"Bewertungen von Amazon-App f\u00fcr Shopify","h1_caption":"Zeigen Sie Produktbewertungen von Amazon an, um Ihren Website-Besuchern m\u00fchelos zus\u00e4tzliche soziale Beweise f\u00fcr Ihre Shopify-Website zu bieten.","application_category":[],"applications_title":"","applications_request_title":"","applications_request_button_text":"","hero_text":"","hero_video":"","hero_video_schema_markup":"","selling_points_title":"","selling_points_caption":"","selling_points":[],"selling_points_cta_text":"","features_title":"","features":"","ed_cta_examples_text":"","ed_cta_examples_hidden":"","ed_cta_demo_text":"","ed_cta_demo_hidden":"","why_caption":"","why_editor_title":"","why_editor_text":"","why_team_title":"","why_team_text":"","why_service_title":"","why_service_text":"","template_catalog_visible":"0","template_catalog_title":"","template_catalog_text":"","template_catalog_categories_visible":"","demo_title":"Erstellen Sie Ihre Bewertungen von Amazon-App","demo_caption":"Konfigurieren Sie Ihre Bewertungen von Amazon und f\u00fcgen Sie sie kostenlos zu Ihrer Shopify-Website hinzu!","default_faq_hidden":"","app_template_category":[],"platform":"253","template_public_id":"","codecanyon_url":"","codecanyon_item_id":"","codecanyon_price":"","pricing_caption":"","pricing_elfsight_apps_hide_column":"","pricing_elfsight_apps_url":"","pricing_codecanyon_price_caption":"","integration_category":[],"integration_request_title":"","integration_request_cta":"","integration_platform":"","integrations":[],"platform_category":[],"video_schema_markup":"","price":"ab 0 $ \/ Monat","trial":"","benefits":[{"text":"Kostenloser Installationsservice"},{"text":"Premium-Support"},{"text":"14-t\u00e4gige Geld-zur\u00fcck-Garantie"},{"text":"Kontinuierliche kostenlose Updates"}],"button_url":"#demo","button_target_blank":"0","button_nofollow":"0","attributes":[{"name":"Installiert","content":"10,000 - 100,000"},{"name":"Reaktionsfreudig","content":"Ja"},{"name":"Kompatible Browser","content":"Firefox, Safari, Opera, Chrome, Edge"}],"tags":[],"tags_disable_links":"0","hide_more_platforms":"","video_object":"","demo_hide_cta":"0","demo_hide_cloud_options":"0","pricing_title":"","pricing":[{"pricing_icon":"platform","pricing_title":"Elfsight Apps","pricing_title_caption":"Plattform\u00fcbergreifende Version, die auf jeder Website funktioniert","pricing_price":"ab 0 $ \/ Monat","pricing_price_caption":"Beginnen Sie mit einem kostenlosen Plan","pricing_benefits":[{"text":"Unbegrenzte Websites"},{"text":"Premium-Support"},{"text":"Kostenloser Installationsservice"},{"text":"Sonderangebot f\u00fcr mehrere Apps"}],"pricing_button_text":"Zur Website hinzuf\u00fcgen","pricing_button_url":"#demo"}],"related_apps_title":"","related_apps_hidden":"0","author":"","image":[],"title":"","job":"","social_networks":[]},"_links":{"self":[{"href":"https:\/\/elfsight.com\/de\/wp-json\/wp\/v2\/pages\/16751","targetHints":{"allow":["GET"]}}],"collection":[{"href":"https:\/\/elfsight.com\/de\/wp-json\/wp\/v2\/pages"}],"about":[{"href":"https:\/\/elfsight.com\/de\/wp-json\/wp\/v2\/types\/page"}],"author":[{"embeddable":true,"href":"https:\/\/elfsight.com\/de\/wp-json\/wp\/v2\/users\/9"}],"replies":[{"embeddable":true,"href":"https:\/\/elfsight.com\/de\/wp-json\/wp\/v2\/comments?post=16751"}],"version-history":[{"count":6,"href":"https:\/\/elfsight.com\/de\/wp-json\/wp\/v2\/pages\/16751\/revisions"}],"predecessor-version":[{"id":23856,"href":"https:\/\/elfsight.com\/de\/wp-json\/wp\/v2\/pages\/16751\/revisions\/23856"}],"up":[{"embeddable":true,"href":"https:\/\/elfsight.com\/de\/wp-json\/wp\/v2\/pages\/1614"}],"wp:attachment":[{"href":"https:\/\/elfsight.com\/de\/wp-json\/wp\/v2\/media?parent=16751"}],"curies":[{"name":"wp","href":"https:\/\/api.w.org\/{rel}","templated":true}]}}