{"id":16746,"date":"2024-05-03T06:27:41","date_gmt":"2024-05-03T06:27:41","guid":{"rendered":"https:\/\/elfsight.com\/de\/?page_id=16746"},"modified":"2025-02-18T11:00:21","modified_gmt":"2025-02-18T11:00:21","slug":"squarespace","status":"publish","type":"page","link":"https:\/\/elfsight.com\/de\/amazon-reviews-widget\/squarespace\/","title":{"rendered":"Amazon Reviews &#8211; Squarespace"},"content":{"rendered":"\n<div class=\"application-platform-content-item-description application-platform-content-item\" id=\"description\" data-nav-section=\"description\"><h2>Produkt auf der Plattform mit dem Elfsight-Widget einbetten<\/h2><p>Das Amazon-Plugin von Elfsight ist die unkomplizierteste M\u00f6glichkeit, Ihr Markenimage zu verbessern \u00c4u\u00dfern Sie echte Besucherkommentare zu Ihrer Produktion. Zeigen Sie nur die besten oder bedeutungsvollsten Gedanken an und organisieren Sie sie so, wie Sie es ben\u00f6tigen. Sammeln Sie soziale Beweise, indem Sie Ihrem Publikum zeigen, dass Sie ein zuverl\u00e4ssiger Partner sind.<\/p><p><b>Bringen Sie Benutzer dazu, neue Kommentare zu Ihren Waren zu posten und verbessern Sie die Kundengespr\u00e4che!<\/b><\/p><\/div> <div class=\"application-platform-content-item-features application-platform-content-item\" id=\"features\" data-nav-section=\"features\"><h2>Hauptfunktionen des Bewertungen von Amazon-Widgets<\/h2><p>Um sich ein klares Bild vom Plugin zu machen, k\u00f6nnen Sie einen Blick auf die Liste seiner Hauptmerkmale werfen. Sie machen das Widget f\u00fcr Sie wirklich effizient:<\/p><ul><li>Drei verf\u00fcgbare Filter: nach Typ, Ausschlie\u00dfen nach und Anzahl der Bewertungen;<\/li><li>4 Arten von Layouts: Liste, Raster, Masonry und Slider;<\/li><li>Umschaltbarer Header des Widgets;<\/li><li>Die aktive Schaltfl\u00e4che zum Hinzuf\u00fcgen einer neuen Rezension leitet Leute zu Ihrer Amazon-Seite;<\/li><li>6 anpassbare Elemente der Rezensionen: Name und Foto des Autors, Empfehlung, Datum, Amazon-Symbol und Sternebewertung;<\/li><li>Zwei Szenariooptionen nach der Ablehnung einer Rezensionsanfrage: eine benutzerdefinierte Nachricht anzeigen oder die Schaltfl\u00e4che entfernen;<\/li><\/ul><p><a href=\"#demo\">Unsere Live-Demo zeigt Ihnen weitere Funktionen<\/a><\/p><\/div><div class=\"application-platform-content-item-installation application-platform-content-item\" id=\"installation\" data-nav-section=\"installation\"><h2>So f\u00fcgen Sie hinzu Bewertungen von Amazon-Plugin zur Squarespace-Website<\/h2><p>Die folgenden Aktionen sind das Einzige, was Sie ben\u00f6tigen, um das Widget zum Laufen zu bringen.<\/p><ol><li><b>Erstellen Sie Ihr eigenes Amazon-Plugin<\/b><br>Verwalten Sie unseren kostenlosen Editor und erhalten Sie ein Widget mit einem bevorzugten Layout und funktionalen Merkmalen.<\/li><li><b>Kopieren Sie den individuellen Code, um das Plugin einzubetten<\/b><br>Nachdem Sie Ihr Widget eingerichtet haben, erhalten Sie Ihren Installationscode \u00fcber die Popup-Benachrichtigung auf Elfsight Apps. Kopieren Sie den Code zur weiteren Verwendung.<\/li><li><b>Betten Sie das Amazon-Plugin auf Ihrer Squarespace-Website ein<\/b><br>Suchen Sie den Bereich, in dem Sie das Widget anzeigen m\u00f6chten, und f\u00fcgen Sie den kopierten Code dort ein. Speichern Sie die \u00c4nderungen.<\/li><li><b>Fertig!<\/b><br>Gehen Sie auf Ihre Website, um Ihre Arbeit zu \u00fcberpr\u00fcfen.<\/li><\/ol><p>Sie haben noch etwas Das macht dich unsicher? Oder haben Sie Probleme? Mit nur einer einzigen Anfrage an unseren Kundenservice l\u00e4sst sich jedes Problem l\u00f6sen.<\/p><\/div><div class=\"faq\" data-component=\"FAQ\"><div class=\"faq-item\">\r\n\t\t\t\t\t<div class=\"faq-item-question\">\r\n\t\t\t\t\t\t<h3 class=\"faq-item-question-text\">Wie kann ich Amazon-Kundenrezensionen auf meiner Squarespace-Website einbetten? ?<\/h3>\r\n\r\n\t\t\t\t\t\t<div class=\"faq-item-question-icon\"><\/div>\r\n\t\t\t\t\t<\/div>\r\n\r\n\t\t\t\t\t<div class=\"faq-item-answer\">\r\n\t\t\t\t\t\t<div class=\"faq-item-answer-text\"><p>Erstellen Sie einfach Ihr Widget, \u00e4ndern Sie dann das Design und speichern Sie Ihre Anpassungen. Kopieren Sie den Code Ihres Tools und betten Sie ihn in Ihr Layout ein. <\/p><\/div>\r\n\t\t\t\t\t<\/div>\r\n\t\t\t\t<\/div><div class=\"faq-item\">\r\n\t\t\t\t\t<div class=\"faq-item-question\">\r\n\t\t\t\t\t\t<h3 class=\"faq-item-question-text\">Wie erhalte ich Amazon-Benutzerbewertungen f\u00fcr meine Produktseiten?<\/h3>\r\n\r\n\t\t\t\t\t\t<div class=\"faq-item-question-icon\"><\/div>\r\n\t\t\t\t\t<\/div>\r\n\r\n\t\t\t\t\t<div class=\"faq-item-answer\">\r\n\t\t\t\t\t\t<div class=\"faq-item-answer-text\"><p>Sie k\u00f6nnen dies ganz einfach tun, indem Sie die CTA-Schaltfl\u00e4che anwenden. Durch Dr\u00fccken der Schaltfl\u00e4che erh\u00e4lt das Publikum sofortigen Zugriff auf Ihr Profil. <\/p><\/div>\r\n\t\t\t\t\t<\/div>\r\n\t\t\t\t<\/div><div class=\"faq-item\">\r\n\t\t\t\t\t<div class=\"faq-item-question\">\r\n\t\t\t\t\t\t<h3 class=\"faq-item-question-text\">Wie erstelle ich meine Amazon-Bewertungs-App\/Badge-Vorlage?<\/h3>\r\n\r\n\t\t\t\t\t\t<div class=\"faq-item-question-icon\"><\/div>\r\n\t\t\t\t\t<\/div>\r\n\r\n\t\t\t\t\t<div class=\"faq-item-answer\">\r\n\t\t\t\t\t\t<div class=\"faq-item-answer-text\"><p>Sehen Sie sich die Punkte aus der einfachen Richtlinie an: <\/p><ol> <li>Verwalten Sie den Elfsight-Konfigurator und beginnen Sie mit der Gestaltung Ihres benutzerdefinierten Widgets. <\/li> <li>Passen Sie die Funktionsmerkmale des Widgets an und speichern Sie die erforderlichen \u00c4nderungen. <\/li><li>Kopieren Sie Ihren im Fenster angezeigten pers\u00f6nlichen Code. <\/li> <li>Betten Sie den Plugin-Code in Ihre Webseite ein und speichern Sie ihn. <\/li><li>Gut gemacht! Sie haben das Widget auf der Seite eingebettet. <\/li><\/div>\r\n\t\t\t\t\t<\/div>\r\n\t\t\t\t<\/div><\/div><\/ol>\n","protected":false},"excerpt":{"rendered":"","protected":false},"author":9,"featured_media":0,"parent":1614,"menu_order":0,"comment_status":"closed","ping_status":"closed","template":"templates\/template-application-platform.php","meta":{"publish_to_discourse":"","publish_post_category":"","wpdc_auto_publish_overridden":"","wpdc_topic_tags":"","wpdc_pin_topic":"","wpdc_pin_until":"","discourse_post_id":"","discourse_permalink":"","wpdc_publishing_response":"","wpdc_publishing_error":"","footnotes":""},"class_list":["post-16746","page","type-page","status-publish","hentry"],"yoast_head":"<!-- This site is optimized with the Yoast SEO plugin v25.3.1 - https:\/\/yoast.com\/wordpress\/plugins\/seo\/ -->\n<title>Bewertungen von Amazon | F\u00fcgen Sie das Amazon-Plugin auf der Squarespace-Website hinzu<\/title>\n<meta name=\"description\" content=\"Erstellen Sie Ihr Bewertungen von Amazon-Plugin und platzieren Sie es schnell auf der Squarespace-Website. Wir bieten kostenlosen Kundensupport und weitere Boni.\" \/>\n<meta name=\"robots\" content=\"index, follow, max-snippet:-1, max-image-preview:large, max-video-preview:-1\" \/>\n<link rel=\"canonical\" href=\"https:\/\/elfsight.com\/de\/amazon-reviews-widget\/squarespace\/\" \/>\n<meta property=\"og:locale\" content=\"de_DE\" \/>\n<meta property=\"og:type\" content=\"article\" \/>\n<meta property=\"og:title\" content=\"Bewertungen von Amazon | F\u00fcgen Sie das Amazon-Plugin auf der Squarespace-Website hinzu\" \/>\n<meta property=\"og:description\" content=\"Erstellen Sie Ihr Bewertungen von Amazon-Plugin und platzieren Sie es schnell auf der Squarespace-Website. Wir bieten kostenlosen Kundensupport und weitere Boni.\" \/>\n<meta property=\"og:url\" content=\"https:\/\/elfsight.com\/de\/amazon-reviews-widget\/squarespace\/\" \/>\n<meta property=\"og:site_name\" content=\"Elfsight DE\" \/>\n<meta property=\"article:modified_time\" content=\"2025-02-18T11:00:21+00:00\" \/>\n<meta name=\"twitter:card\" content=\"summary_large_image\" \/>\n<meta name=\"twitter:label1\" content=\"Gesch\u00e4tzte Lesezeit\" \/>\n\t<meta name=\"twitter:data1\" content=\"3\u00a0Minuten\" \/>\n<!-- \/ Yoast SEO plugin. -->","yoast_head_json":{"title":"Bewertungen von Amazon | F\u00fcgen Sie das Amazon-Plugin auf der Squarespace-Website hinzu","description":"Erstellen Sie Ihr Bewertungen von Amazon-Plugin und platzieren Sie es schnell auf der Squarespace-Website. Wir bieten kostenlosen Kundensupport und weitere Boni.","robots":{"index":"index","follow":"follow","max-snippet":"max-snippet:-1","max-image-preview":"max-image-preview:large","max-video-preview":"max-video-preview:-1"},"canonical":"https:\/\/elfsight.com\/de\/amazon-reviews-widget\/squarespace\/","og_locale":"de_DE","og_type":"article","og_title":"Bewertungen von Amazon | F\u00fcgen Sie das Amazon-Plugin auf der Squarespace-Website hinzu","og_description":"Erstellen Sie Ihr Bewertungen von Amazon-Plugin und platzieren Sie es schnell auf der Squarespace-Website. Wir bieten kostenlosen Kundensupport und weitere Boni.","og_url":"https:\/\/elfsight.com\/de\/amazon-reviews-widget\/squarespace\/","og_site_name":"Elfsight DE","article_modified_time":"2025-02-18T11:00:21+00:00","twitter_card":"summary_large_image","twitter_misc":{"Gesch\u00e4tzte Lesezeit":"3\u00a0Minuten"},"schema":{"@context":"https:\/\/schema.org","@graph":[{"@type":"WebPage","@id":"https:\/\/elfsight.com\/de\/amazon-reviews-widget\/squarespace\/","url":"https:\/\/elfsight.com\/de\/amazon-reviews-widget\/squarespace\/","name":"Bewertungen von Amazon | F\u00fcgen Sie das Amazon-Plugin auf der Squarespace-Website hinzu","isPartOf":{"@id":"https:\/\/elfsight.com\/de\/#website"},"datePublished":"2024-05-03T06:27:41+00:00","dateModified":"2025-02-18T11:00:21+00:00","description":"Erstellen Sie Ihr Bewertungen von Amazon-Plugin und platzieren Sie es schnell auf der Squarespace-Website. Wir bieten kostenlosen Kundensupport und weitere Boni.","breadcrumb":{"@id":"https:\/\/elfsight.com\/de\/amazon-reviews-widget\/squarespace\/#breadcrumb"},"inLanguage":"de","potentialAction":[{"@type":"ReadAction","target":["https:\/\/elfsight.com\/de\/amazon-reviews-widget\/squarespace\/"]}]},{"@type":"BreadcrumbList","@id":"https:\/\/elfsight.com\/de\/amazon-reviews-widget\/squarespace\/#breadcrumb","itemListElement":[{"@type":"ListItem","position":1,"name":"Home","item":"https:\/\/elfsight.com\/de\/"},{"@type":"ListItem","position":2,"name":"Amazon Reviews","item":"https:\/\/elfsight.com\/de\/amazon-reviews-widget\/"},{"@type":"ListItem","position":3,"name":"Amazon Reviews &#8211; Squarespace"}]},{"@type":"WebSite","@id":"https:\/\/elfsight.com\/de\/#website","url":"https:\/\/elfsight.com\/de\/","name":"Elfsight DE","description":"Just another Elfsight Sites site","potentialAction":[{"@type":"SearchAction","target":{"@type":"EntryPoint","urlTemplate":"https:\/\/elfsight.com\/de\/?s={search_term_string}"},"query-input":{"@type":"PropertyValueSpecification","valueRequired":true,"valueName":"search_term_string"}}],"inLanguage":"de"}]}},"meta_box":{"industry":"","seo_heading":"","heading":"","description":"","cta_heading":"","cta_description":"","application":"496","h1":"Bewertungen von Amazon-Plugin f\u00fcr Squarespace","h1_caption":"Zeigen Sie Produktbewertungen von Amazon an, um Ihren Website-Besuchern m\u00fchelos zus\u00e4tzliche soziale Beweise f\u00fcr Ihre Squarespace-Website zu bieten.","application_category":[],"applications_title":"","applications_request_title":"","applications_request_button_text":"","hero_text":"","hero_video":"","hero_video_schema_markup":"","selling_points_title":"","selling_points_caption":"","selling_points":[],"selling_points_cta_text":"","features_title":"","features":"","ed_cta_examples_text":"","ed_cta_examples_hidden":"","ed_cta_demo_text":"","ed_cta_demo_hidden":"","why_caption":"","why_editor_title":"","why_editor_text":"","why_team_title":"","why_team_text":"","why_service_title":"","why_service_text":"","template_catalog_visible":"0","template_catalog_title":"","template_catalog_text":"","template_catalog_categories_visible":"","demo_title":"Erstellen Sie Ihr Bewertungen von Amazon-Plugin","demo_caption":"Konfigurieren Sie Ihre Bewertungen von Amazon und f\u00fcgen Sie sie kostenlos zu Ihrer Squarespace-Website hinzu!","default_faq_hidden":"","app_template_category":[],"platform":"252","template_public_id":"","codecanyon_url":"","codecanyon_item_id":"","codecanyon_price":"","pricing_caption":"","pricing_elfsight_apps_hide_column":"","pricing_elfsight_apps_url":"","pricing_codecanyon_price_caption":"","integration_category":[],"integration_request_title":"","integration_request_cta":"","integration_platform":"","integrations":[],"platform_category":[],"video_schema_markup":"","price":"ab 0 $ \/ Monat","trial":"","benefits":[{"text":"Kostenlose Installationsunterst\u00fctzung"},{"text":"Au\u00dfergew\u00f6hnlicher Support"},{"text":"14-t\u00e4gige Geld-zur\u00fcck-Garantie"},{"text":"Lebenslange kostenlose Updates"}],"button_url":"#demo","button_target_blank":"0","button_nofollow":"0","attributes":[{"name":"Installiert","content":"10,000 - 100,000"},{"name":"Reaktionsfreudig","content":"Ja"},{"name":"Kompatible Browser","content":"Firefox, Safari, Opera, Chrome, Edge"}],"tags":[],"tags_disable_links":"0","hide_more_platforms":"0","video_object":"","demo_hide_cta":"0","demo_hide_cloud_options":"0","pricing_title":"","pricing":[{"pricing_icon":"platform","pricing_title":"Elfsight Apps","pricing_title_caption":"Plattform\u00fcbergreifende digitale L\u00f6sung","pricing_price":"ab 0 $ \/ Monat","pricing_price_caption":"Beginnen Sie mit einem kostenlosen Plan","pricing_benefits":[{"text":"Unbegrenzte Websites"},{"text":"Kostenloser Unternehmenssupport und gut dokumentiert"},{"text":"Kostenloser Installationsservice"},{"text":"Flexibles Design"}],"pricing_button_text":"Zur Website hinzuf\u00fcgen","pricing_button_url":"#demo"}],"related_apps_title":"","related_apps_hidden":"0","author":"","image":[],"title":"","job":"","social_networks":[]},"_links":{"self":[{"href":"https:\/\/elfsight.com\/de\/wp-json\/wp\/v2\/pages\/16746","targetHints":{"allow":["GET"]}}],"collection":[{"href":"https:\/\/elfsight.com\/de\/wp-json\/wp\/v2\/pages"}],"about":[{"href":"https:\/\/elfsight.com\/de\/wp-json\/wp\/v2\/types\/page"}],"author":[{"embeddable":true,"href":"https:\/\/elfsight.com\/de\/wp-json\/wp\/v2\/users\/9"}],"replies":[{"embeddable":true,"href":"https:\/\/elfsight.com\/de\/wp-json\/wp\/v2\/comments?post=16746"}],"version-history":[{"count":4,"href":"https:\/\/elfsight.com\/de\/wp-json\/wp\/v2\/pages\/16746\/revisions"}],"predecessor-version":[{"id":24331,"href":"https:\/\/elfsight.com\/de\/wp-json\/wp\/v2\/pages\/16746\/revisions\/24331"}],"up":[{"embeddable":true,"href":"https:\/\/elfsight.com\/de\/wp-json\/wp\/v2\/pages\/1614"}],"wp:attachment":[{"href":"https:\/\/elfsight.com\/de\/wp-json\/wp\/v2\/media?parent=16746"}],"curies":[{"name":"wp","href":"https:\/\/api.w.org\/{rel}","templated":true}]}}