{"id":16745,"date":"2024-05-03T06:27:40","date_gmt":"2024-05-03T06:27:40","guid":{"rendered":"https:\/\/elfsight.com\/de\/?page_id=16745"},"modified":"2025-02-18T11:01:26","modified_gmt":"2025-02-18T11:01:26","slug":"webflow","status":"publish","type":"page","link":"https:\/\/elfsight.com\/de\/amazon-reviews-widget\/webflow\/","title":{"rendered":"Amazon Reviews &#8211; Webflow"},"content":{"rendered":"\n<div class=\"application-platform-content-item-description application-platform-content-item\" id=\"description\" data-nav-section=\"description\"><h2>Bewertungen von Amazon in Webflow mit dem Elfsight-Widget einbetten<\/h2><p>Das Elfsight-Amazon-Widget ist die einfachste Methode, um Ihr Markenimage aufzubauen Zeigen Sie die Kommentare echter Kunden zu Ihren Produkten. Pr\u00e4sentieren Sie nur die besten oder bedeutungsvollsten Reaktionen und ordnen Sie sie nach Ihren W\u00fcnschen an. Sammeln Sie soziale Beweise, indem Sie Ihrem Publikum zeigen, dass Sie ein zuverl\u00e4ssiger Partner sind.<\/p><p><b>Bringen Sie Benutzer dazu, neue Bewertungen zu Ihren Produkten zu schreiben, und regen Sie Kundengespr\u00e4che an!<\/b><\/p><\/div> <div class=\"application-platform-content-item-features application-platform-content-item\" id=\"features\" data-nav-section=\"features\"><h2>Hauptfunktionen des Bewertungen von Amazon-Widgets<\/h2><p>Um eine klarere Vorstellung von Bewertungen von Amazon zu erhalten, sehen Sie sich die Liste der wichtigsten Funktionen an. Sie machen das Widget f\u00fcr Ihren Shop unglaublich n\u00fctzlich:<\/p><ul><li>3 gebrauchsfertige Filter: nach Typ, Ausschlie\u00dfen nach und Anzahl der Bewertungen;<\/li><li>4 gebrauchsfertig -Layouts verwenden: Liste, Raster, Mauerwerk und Schieberegler;<\/li><li>Eine Option zum Steuern der Anzeige der Kopfzeile des Widgets;<\/li><li>\u00dcberpr\u00fcfungsanfrage-Schaltfl\u00e4che f\u00fchrt Benutzer zur Amazon-Seite;<\/li><li>6 anpassbare Elemente der Rezensionen: Name und Foto des Autors, Empfehlung, Datum der Ver\u00f6ffentlichung, Amazon-Symbol und Sternebewertung;<\/li><li>Zwei m\u00f6gliche Szenarien der Ablehnung von Rezensionsanfragen: Ihre Botschaft demonstrieren oder verbergen die Schaltfl\u00e4che;<\/li><\/ul><p><a href=\"#demo\">Sehen Sie sich die vollst\u00e4ndige Liste der Funktionen in der Demo an<\/a><\/p><\/div><div class=\"application-platform-content-item-installation application-platform-content-item\" id=\"installation\" data-nav-section=\"installation\"><h2>So f\u00fcgen Sie das Bewertungen von Amazon-Widget zur Webflow-Website hinzu<\/h2><p>Die folgenden Aktionen sind das Einzige, was Sie zum Einbetten des Widgets ben\u00f6tigen.<\/p><ol><li><b>Erstellen Sie Ihr eigenes Amazon-Plugin<\/b><br>In unserem kostenlosen Editor erhalten Sie ein Plugin mit einer bevorzugten Benutzeroberfl\u00e4che und funktionalen Merkmalen.<\/li><li><b>Erhalten Sie den pers\u00f6nlichen Code um das Plugin zu integrieren<\/b><br>Nachdem Sie Ihr Widget angepasst haben, erhalten Sie Ihren Installationscode aus der erscheinenden Benachrichtigung auf Elfsight Apps. Kopieren Sie diesen Code zur weiteren Verwendung.<\/li><li><b>Integrieren Sie das Plugin auf Ihrer Webflow-Website<\/b><br>W\u00e4hlen Sie den Ort aus, an dem Sie das Plugin ver\u00f6ffentlichen m\u00f6chten, und f\u00fcgen Sie dort den gespeicherten Code hinzu. Speichern Sie die Ergebnisse.<\/li><li><b>Sie haben die Installation vollst\u00e4ndig abgeschlossen.<\/b><br>Betreten Sie Ihren Shop, um Ihre Arbeit zu \u00fcberpr\u00fcfen.<\/li><\/ol><p>Es geht immer noch nicht Entscheide dich? Oder Probleme haben? Richten Sie einfach eine Anfrage an unsere Kundendienstabteilung.<\/p><div class=\"faq\" data-component=\"FAQ\"> <div class=\"faq-item\">\r\n\t\t\t\t\t<div class=\"faq-item-question\">\r\n\t\t\t\t\t\t<h3 class=\"faq-item-question-text\">Wie f\u00fcge ich Bewertungen von Amazon ohne Programmierkenntnisse zu meiner Webflow-Website hinzu?<\/h3>\r\n\r\n\t\t\t\t\t\t<div class=\"faq-item-question-icon\"><\/div>\r\n\t\t\t\t\t<\/div>\r\n\r\n\t\t\t\t\t<div class=\"faq-item-answer\">\r\n\t\t\t\t\t\t<div class=\"faq-item-answer-text\"> <p>Elfsight bietet eine SaaS-L\u00f6sung, mit der Sie eine erstellen k\u00f6nnen Erstellen Sie selbst ein Bewertungen von Amazon-Widget und sehen Sie, wie einfach der Vorgang ist: Arbeiten Sie direkt im Online-Editor, um ein Bewertungen von Amazon-Widget zu erstellen, das Sie gerne auf Ihrer Webflow-Website sehen w\u00fcrden. W\u00e4hlen Sie eine der vorgefertigten Vorlagen aus und passen Sie die Amazon-Bewertungseinstellungen an, f\u00fcgen Sie Ihre Inhalte hinzu, \u00e4ndern Sie das Layout und das Farbschema ohne Programmierkenntnisse. Speichern Sie die Bewertungen von Amazon und kopieren Sie den Installationscode, den Sie einfach in Ihre Webflow-Website einbetten k\u00f6nnen, ohne ein kostenpflichtiges Abonnement kaufen zu m\u00fcssen. Mit unserem intuitiven Editor kann jeder Internetnutzer online ein Amazon-Bewertungs-Widget erstellen und es einfach in seine Webflow-Website einbetten. Sie m\u00fcssen weder bezahlen noch Ihre Kartendaten eingeben, um auf den Service zuzugreifen. Sollten bei irgendeinem Schritt Probleme auftreten, wenden Sie sich bitte an unser technisches Support-Team.<\/p> <\/div>\r\n\t\t\t\t\t<\/div>\r\n\t\t\t\t<\/div> <\/div> <\/div>\n","protected":false},"excerpt":{"rendered":"","protected":false},"author":9,"featured_media":0,"parent":1614,"menu_order":0,"comment_status":"closed","ping_status":"closed","template":"templates\/template-application-platform.php","meta":{"publish_to_discourse":"","publish_post_category":"","wpdc_auto_publish_overridden":"","wpdc_topic_tags":"","wpdc_pin_topic":"","wpdc_pin_until":"","discourse_post_id":"","discourse_permalink":"","wpdc_publishing_response":"","wpdc_publishing_error":"","footnotes":""},"class_list":["post-16745","page","type-page","status-publish","hentry"],"yoast_head":"<!-- This site is optimized with the Yoast SEO plugin v25.3.1 - https:\/\/yoast.com\/wordpress\/plugins\/seo\/ -->\n<title>Einbetten des Bewertungen von Amazon-Widgets auf der Webflow-Website (kostenlos und schnell)<\/title>\n<meta name=\"description\" content=\"Gestalten Sie mit Elfsight Ihr Amazon-Bewertungs-Widget und f\u00fcgen Sie es schnell und einfach auf Ihrer Webflow-Website hinzu. Wir bieten kostenlosen Kundensupport und andere Boni.\" \/>\n<meta name=\"robots\" content=\"index, follow, max-snippet:-1, max-image-preview:large, max-video-preview:-1\" \/>\n<link rel=\"canonical\" href=\"https:\/\/elfsight.com\/de\/amazon-reviews-widget\/webflow\/\" \/>\n<meta property=\"og:locale\" content=\"de_DE\" \/>\n<meta property=\"og:type\" content=\"article\" \/>\n<meta property=\"og:title\" content=\"Einbetten des Bewertungen von Amazon-Widgets auf der Webflow-Website (kostenlos und schnell)\" \/>\n<meta property=\"og:description\" content=\"Gestalten Sie mit Elfsight Ihr Amazon-Bewertungs-Widget und f\u00fcgen Sie es schnell und einfach auf Ihrer Webflow-Website hinzu. Wir bieten kostenlosen Kundensupport und andere Boni.\" \/>\n<meta property=\"og:url\" content=\"https:\/\/elfsight.com\/de\/amazon-reviews-widget\/webflow\/\" \/>\n<meta property=\"og:site_name\" content=\"Elfsight DE\" \/>\n<meta property=\"article:modified_time\" content=\"2025-02-18T11:01:26+00:00\" \/>\n<meta name=\"twitter:card\" content=\"summary_large_image\" \/>\n<meta name=\"twitter:label1\" content=\"Gesch\u00e4tzte Lesezeit\" \/>\n\t<meta name=\"twitter:data1\" content=\"3\u00a0Minuten\" \/>\n<!-- \/ Yoast SEO plugin. -->","yoast_head_json":{"title":"Einbetten des Bewertungen von Amazon-Widgets auf der Webflow-Website (kostenlos und schnell)","description":"Gestalten Sie mit Elfsight Ihr Amazon-Bewertungs-Widget und f\u00fcgen Sie es schnell und einfach auf Ihrer Webflow-Website hinzu. Wir bieten kostenlosen Kundensupport und andere Boni.","robots":{"index":"index","follow":"follow","max-snippet":"max-snippet:-1","max-image-preview":"max-image-preview:large","max-video-preview":"max-video-preview:-1"},"canonical":"https:\/\/elfsight.com\/de\/amazon-reviews-widget\/webflow\/","og_locale":"de_DE","og_type":"article","og_title":"Einbetten des Bewertungen von Amazon-Widgets auf der Webflow-Website (kostenlos und schnell)","og_description":"Gestalten Sie mit Elfsight Ihr Amazon-Bewertungs-Widget und f\u00fcgen Sie es schnell und einfach auf Ihrer Webflow-Website hinzu. Wir bieten kostenlosen Kundensupport und andere Boni.","og_url":"https:\/\/elfsight.com\/de\/amazon-reviews-widget\/webflow\/","og_site_name":"Elfsight DE","article_modified_time":"2025-02-18T11:01:26+00:00","twitter_card":"summary_large_image","twitter_misc":{"Gesch\u00e4tzte Lesezeit":"3\u00a0Minuten"},"schema":{"@context":"https:\/\/schema.org","@graph":[{"@type":"WebPage","@id":"https:\/\/elfsight.com\/de\/amazon-reviews-widget\/webflow\/","url":"https:\/\/elfsight.com\/de\/amazon-reviews-widget\/webflow\/","name":"Einbetten des Bewertungen von Amazon-Widgets auf der Webflow-Website (kostenlos und schnell)","isPartOf":{"@id":"https:\/\/elfsight.com\/de\/#website"},"datePublished":"2024-05-03T06:27:40+00:00","dateModified":"2025-02-18T11:01:26+00:00","description":"Gestalten Sie mit Elfsight Ihr Amazon-Bewertungs-Widget und f\u00fcgen Sie es schnell und einfach auf Ihrer Webflow-Website hinzu. Wir bieten kostenlosen Kundensupport und andere Boni.","breadcrumb":{"@id":"https:\/\/elfsight.com\/de\/amazon-reviews-widget\/webflow\/#breadcrumb"},"inLanguage":"de","potentialAction":[{"@type":"ReadAction","target":["https:\/\/elfsight.com\/de\/amazon-reviews-widget\/webflow\/"]}]},{"@type":"BreadcrumbList","@id":"https:\/\/elfsight.com\/de\/amazon-reviews-widget\/webflow\/#breadcrumb","itemListElement":[{"@type":"ListItem","position":1,"name":"Home","item":"https:\/\/elfsight.com\/de\/"},{"@type":"ListItem","position":2,"name":"Amazon Reviews","item":"https:\/\/elfsight.com\/de\/amazon-reviews-widget\/"},{"@type":"ListItem","position":3,"name":"Amazon Reviews &#8211; Webflow"}]},{"@type":"WebSite","@id":"https:\/\/elfsight.com\/de\/#website","url":"https:\/\/elfsight.com\/de\/","name":"Elfsight DE","description":"Just another Elfsight Sites site","potentialAction":[{"@type":"SearchAction","target":{"@type":"EntryPoint","urlTemplate":"https:\/\/elfsight.com\/de\/?s={search_term_string}"},"query-input":{"@type":"PropertyValueSpecification","valueRequired":true,"valueName":"search_term_string"}}],"inLanguage":"de"}]}},"meta_box":{"industry":"","seo_heading":"","heading":"","description":"","cta_heading":"","cta_description":"","application":"496","h1":"Bewertungen von Amazon-Widget f\u00fcr Webflow","h1_caption":"Zeigen Sie Produktbewertungen von Amazon an, um Ihren Website-Besuchern m\u00fchelos zus\u00e4tzliche soziale Beweise f\u00fcr Ihre Webflow-Website zu bieten.","application_category":[],"applications_title":"","applications_request_title":"","applications_request_button_text":"","hero_text":"","hero_video":"","hero_video_schema_markup":"","selling_points_title":"","selling_points_caption":"","selling_points":[],"selling_points_cta_text":"","features_title":"","features":"","ed_cta_examples_text":"","ed_cta_examples_hidden":"","ed_cta_demo_text":"","ed_cta_demo_hidden":"","why_caption":"","why_editor_title":"","why_editor_text":"","why_team_title":"","why_team_text":"","why_service_title":"","why_service_text":"","template_catalog_visible":"0","template_catalog_title":"","template_catalog_text":"","template_catalog_categories_visible":"","demo_title":"Erstellen Sie Ihr Bewertungen von Amazon-Widget","demo_caption":"Konfigurieren Sie Ihre Bewertungen von Amazon und f\u00fcgen Sie sie kostenlos zu Ihrer Webflow-Website hinzu!","default_faq_hidden":"","app_template_category":[],"platform":"250","template_public_id":"","codecanyon_url":"","codecanyon_item_id":"","codecanyon_price":"","pricing_caption":"","pricing_elfsight_apps_hide_column":"","pricing_elfsight_apps_url":"","pricing_codecanyon_price_caption":"","integration_category":[],"integration_request_title":"","integration_request_cta":"","integration_platform":"","integrations":[],"platform_category":[],"video_schema_markup":"","price":"ab 0 $ \/ Monat","trial":"","benefits":[{"text":"Kostenlose Installationsunterst\u00fctzung"},{"text":"Kompetentes Support-Team"},{"text":"14-t\u00e4gige R\u00fcckerstattungsgarantie"},{"text":"St\u00e4ndige Aktualisierung"}],"button_url":"#demo","button_target_blank":"0","button_nofollow":"0","attributes":[{"name":"Installiert","content":"10,000 - 100,000"},{"name":"Reaktionsfreudig","content":"Ja"},{"name":"Kompatible Browser","content":"Edge, Opera, Firefox, Chrome, Safari"}],"tags":[],"tags_disable_links":"0","hide_more_platforms":"0","video_object":"","demo_hide_cta":"0","demo_hide_cloud_options":"0","pricing_title":"","pricing":[{"pricing_icon":"platform","pricing_title":"Elfsight Apps","pricing_title_caption":"Plattform\u00fcbergreifende Software","pricing_price":"ab 0 $ \/ Monat","pricing_price_caption":"Beginnen Sie mit einem kostenlosen Plan","pricing_benefits":[{"text":"Unbegrenzte Websites"},{"text":"Schnelle Unterst\u00fctzung"},{"text":"Kostenloser Installationssupport"},{"text":"Sonderpreis f\u00fcr mehrere Apps"}],"pricing_button_text":"Zur Website hinzuf\u00fcgen","pricing_button_url":"#demo"}],"related_apps_title":"","related_apps_hidden":"0","author":"","image":[],"title":"","job":"","social_networks":[]},"_links":{"self":[{"href":"https:\/\/elfsight.com\/de\/wp-json\/wp\/v2\/pages\/16745","targetHints":{"allow":["GET"]}}],"collection":[{"href":"https:\/\/elfsight.com\/de\/wp-json\/wp\/v2\/pages"}],"about":[{"href":"https:\/\/elfsight.com\/de\/wp-json\/wp\/v2\/types\/page"}],"author":[{"embeddable":true,"href":"https:\/\/elfsight.com\/de\/wp-json\/wp\/v2\/users\/9"}],"replies":[{"embeddable":true,"href":"https:\/\/elfsight.com\/de\/wp-json\/wp\/v2\/comments?post=16745"}],"version-history":[{"count":4,"href":"https:\/\/elfsight.com\/de\/wp-json\/wp\/v2\/pages\/16745\/revisions"}],"predecessor-version":[{"id":24332,"href":"https:\/\/elfsight.com\/de\/wp-json\/wp\/v2\/pages\/16745\/revisions\/24332"}],"up":[{"embeddable":true,"href":"https:\/\/elfsight.com\/de\/wp-json\/wp\/v2\/pages\/1614"}],"wp:attachment":[{"href":"https:\/\/elfsight.com\/de\/wp-json\/wp\/v2\/media?parent=16745"}],"curies":[{"name":"wp","href":"https:\/\/api.w.org\/{rel}","templated":true}]}}