{"id":16743,"date":"2024-05-03T06:27:38","date_gmt":"2024-05-03T06:27:38","guid":{"rendered":"https:\/\/elfsight.com\/de\/?page_id=16743"},"modified":"2025-02-18T11:03:09","modified_gmt":"2025-02-18T11:03:09","slug":"weebly","status":"publish","type":"page","link":"https:\/\/elfsight.com\/de\/amazon-reviews-widget\/weebly\/","title":{"rendered":"Amazon Reviews &#8211; Weebly"},"content":{"rendered":"\n<div class=\"application-platform-content-item-description application-platform-content-item\" id=\"description\" data-nav-section=\"description\"><h2>Beschreibung<\/h2><p>Unsere Amazon-App ist die praktischste Methode, Ihre Markenrepr\u00e4sentation zu verbessern, indem sie echte Besucherbewertungen zu Ihren Waren anzeigt . Zeigen Sie nur die besten oder bedeutungsvollsten Gedanken auf und ordnen Sie sie so an, wie Sie es ben\u00f6tigen. Erhalten Sie soziale Beweise, indem Sie Ihren Kunden zeigen, dass Sie glaubw\u00fcrdig sind.<\/p><p><b>Bringen Sie Benutzer dazu, neue Bewertungen zu Ihrem Unternehmen zu ver\u00f6ffentlichen und verbessern Sie die Kundengespr\u00e4che!<\/b><\/p><\/div><div class=\"application-platform-content-item-features application-platform-content-item\" id=\"features\" data-nav-section=\"features\"><h2>Funktionen<\/h2><p>Um mehr \u00fcber Bewertungen von Amazon zu erfahren, sehen Sie sich die Liste der wichtigsten Funktionen an. Sie machen das Widget f\u00fcr Sie wirklich n\u00fctzlich:<\/p><ul><li>3 verf\u00fcgbare Filter: nach Typ, Ausschlie\u00dfen nach und Anzahl der anzuzeigenden Bewertungen;<\/li><li>4 vordefinierte Layouts: Liste, Raster , Masonry und Slider;<\/li><li>Eine Option zum Ein-\/Ausschalten der Kopfzeile des Widgets;<\/li><li>Die aktive Schaltfl\u00e4che zum Ver\u00f6ffentlichen einer weiteren Bewertung f\u00fchrt Benutzer zu Ihrer Amazon-Seite;<\/li><li>6 einstellbare Elemente der Rezensionen: Name des Autors und Bild, Empfehlung, Abgangsdatum, Amazon-Symbol und Sternebewertung;<\/li><li>Zwei Optionen f\u00fcr Szenarien der Ablehnung von Rezensionsanfragen: Offenlegung Ihre Nachricht oder entfernen Sie die Schaltfl\u00e4che;<\/li><\/ul><p><a href=\"#demo\">Demo \u00f6ffnet Ihnen weitere Funktionen<\/a><\/p><\/div><div class=\"application-platform-content-item-Installation application-platform-content-item\" id=\"Installation\" data-nav-section=\"Installation\"><h2>So f\u00fcgen Sie die Bewertungen von Amazon-App zur Weebly-Website hinzu<\/h2><p>Die folgenden Schritte sind das Einzige, was Sie ben\u00f6tigen, um es ohne Codierung zu verwenden.<\/p><ol><li><b>Verwalten Sie unseren kostenlosen Konfigurator und beginnen Sie mit der Erstellung Ihrer ma\u00dfgeschneiderten App. <\/b><br> W\u00e4hlen Sie das gew\u00fcnschte Design und die gew\u00fcnschten Eigenschaften der App und \u00fcbernehmen Sie alle \u00c4nderungen. <\/li> <li><b>Holen Sie sich Ihren einzigartigen Code, der im Feld von Elfsight Apps angezeigt wird. <\/b><br> Nachdem die Konfiguration Ihrer App abgeschlossen ist, kopieren Sie Ihren Code in das erscheinende Fenster und speichern Sie ihn zur sp\u00e4teren Verwendung. <\/li> <li><b>Initiieren Sie den Einsatz der App auf Ihrer Weebly-Website. <\/b><br> Geben Sie den zuvor kopierten Code in Ihre Seite ein und speichern Sie die Verbesserungen. <\/li> <li><b>Fertig! Das Setup ist vollst\u00e4ndig beendet. <\/b><br> \u00d6ffnen Sie Ihre Webseite, um die Arbeit der App zu beobachten. <\/li><\/ol><p>Sie k\u00f6nnen immer noch keine Entscheidung treffen? Oder Probleme haben? Senden Sie einfach eine Anfrage an unser Kundensupport-Team.<\/p><div class=\"faq\" data-component=\"FAQ\"> <div class=\"faq-item\">\r\n\t\t\t\t\t<div class=\"faq-item-question\">\r\n\t\t\t\t\t\t<h3 class=\"faq-item-question-text\">Wie kann ich ohne Programmierkenntnisse Bewertungen von Amazon zu meiner Weebly-Website hinzuf\u00fcgen?<\/h3>\r\n\r\n\t\t\t\t\t\t<div class=\"faq-item-question-icon\"><\/div>\r\n\t\t\t\t\t<\/div>\r\n\r\n\t\t\t\t\t<div class=\"faq-item-answer\">\r\n\t\t\t\t\t\t<div class=\"faq-item-answer-text\"> <p>Elfsight bietet eine SaaS-L\u00f6sung, mit der Sie erstellen k\u00f6nnen Wenn Sie selbst ein Bewertungen von Amazon-Widget erstellen, sehen Sie, wie einfach der Vorgang ist: Arbeiten Sie direkt im Online-Editor, um ein Bewertungen von Amazon-Widget zu erstellen, das Sie gerne auf Ihrer Weebly-Website sehen w\u00fcrden. W\u00e4hlen Sie eine der vorgefertigten Vorlagen aus und passen Sie die Amazon-Rezensionseinstellungen an, f\u00fcgen Sie Ihre Inhalte hinzu, \u00e4ndern Sie das Layout und die Farben ohne Programmierkenntnisse. Speichern Sie die Bewertungen von Amazon und kopieren Sie den Installationscode, den Sie ganz einfach in Ihre Weebly-Website einbinden k\u00f6nnen, ohne ein kostenpflichtiges Abonnement zu kaufen. Mit unserem intuitiven Editor kann jeder Internetnutzer online ein Amazon-Bewertungs-Widget erstellen und es einfach in seine Weebly-Website einbetten. Sie m\u00fcssen weder bezahlen noch Ihre Kartendaten eingeben, um auf den Service zuzugreifen. Sollten bei irgendeinem Schritt Probleme auftreten, wenden Sie sich bitte an unser technisches Support-Team.<\/p> <\/div>\r\n\t\t\t\t\t<\/div>\r\n\t\t\t\t<\/div> <\/div> <\/div>\n","protected":false},"excerpt":{"rendered":"","protected":false},"author":9,"featured_media":0,"parent":1614,"menu_order":0,"comment_status":"closed","ping_status":"closed","template":"templates\/template-application-platform.php","meta":{"publish_to_discourse":"","publish_post_category":"","wpdc_auto_publish_overridden":"","wpdc_topic_tags":"","wpdc_pin_topic":"","wpdc_pin_until":"","discourse_post_id":"","discourse_permalink":"","wpdc_publishing_response":"","wpdc_publishing_error":"","footnotes":""},"class_list":["post-16743","page","type-page","status-publish","hentry"],"yoast_head":"<!-- This site is optimized with the Yoast SEO plugin v25.3.1 - https:\/\/yoast.com\/wordpress\/plugins\/seo\/ -->\n<title>Bewertungen von Amazon | Amazon-App auf der Weebly-Website hinzuf\u00fcgen (kostenlos und schnell)<\/title>\n<meta name=\"description\" content=\"Es ist ganz einfach, Ihre Bewertungen von Amazon-App zu erstellen und auf Ihrer Weebly-Website zu platzieren. Der Elfsight-Kundendienst ist kostenlos.\" \/>\n<meta name=\"robots\" content=\"index, follow, max-snippet:-1, max-image-preview:large, max-video-preview:-1\" \/>\n<link rel=\"canonical\" href=\"https:\/\/elfsight.com\/de\/amazon-reviews-widget\/weebly\/\" \/>\n<meta property=\"og:locale\" content=\"de_DE\" \/>\n<meta property=\"og:type\" content=\"article\" \/>\n<meta property=\"og:title\" content=\"Bewertungen von Amazon | Amazon-App auf der Weebly-Website hinzuf\u00fcgen (kostenlos und schnell)\" \/>\n<meta property=\"og:description\" content=\"Es ist ganz einfach, Ihre Bewertungen von Amazon-App zu erstellen und auf Ihrer Weebly-Website zu platzieren. Der Elfsight-Kundendienst ist kostenlos.\" \/>\n<meta property=\"og:url\" content=\"https:\/\/elfsight.com\/de\/amazon-reviews-widget\/weebly\/\" \/>\n<meta property=\"og:site_name\" content=\"Elfsight DE\" \/>\n<meta property=\"article:modified_time\" content=\"2025-02-18T11:03:09+00:00\" \/>\n<meta name=\"twitter:card\" content=\"summary_large_image\" \/>\n<meta name=\"twitter:label1\" content=\"Gesch\u00e4tzte Lesezeit\" \/>\n\t<meta name=\"twitter:data1\" content=\"3\u00a0Minuten\" \/>\n<!-- \/ Yoast SEO plugin. -->","yoast_head_json":{"title":"Bewertungen von Amazon | Amazon-App auf der Weebly-Website hinzuf\u00fcgen (kostenlos und schnell)","description":"Es ist ganz einfach, Ihre Bewertungen von Amazon-App zu erstellen und auf Ihrer Weebly-Website zu platzieren. Der Elfsight-Kundendienst ist kostenlos.","robots":{"index":"index","follow":"follow","max-snippet":"max-snippet:-1","max-image-preview":"max-image-preview:large","max-video-preview":"max-video-preview:-1"},"canonical":"https:\/\/elfsight.com\/de\/amazon-reviews-widget\/weebly\/","og_locale":"de_DE","og_type":"article","og_title":"Bewertungen von Amazon | Amazon-App auf der Weebly-Website hinzuf\u00fcgen (kostenlos und schnell)","og_description":"Es ist ganz einfach, Ihre Bewertungen von Amazon-App zu erstellen und auf Ihrer Weebly-Website zu platzieren. Der Elfsight-Kundendienst ist kostenlos.","og_url":"https:\/\/elfsight.com\/de\/amazon-reviews-widget\/weebly\/","og_site_name":"Elfsight DE","article_modified_time":"2025-02-18T11:03:09+00:00","twitter_card":"summary_large_image","twitter_misc":{"Gesch\u00e4tzte Lesezeit":"3\u00a0Minuten"},"schema":{"@context":"https:\/\/schema.org","@graph":[{"@type":"WebPage","@id":"https:\/\/elfsight.com\/de\/amazon-reviews-widget\/weebly\/","url":"https:\/\/elfsight.com\/de\/amazon-reviews-widget\/weebly\/","name":"Bewertungen von Amazon | Amazon-App auf der Weebly-Website hinzuf\u00fcgen (kostenlos und schnell)","isPartOf":{"@id":"https:\/\/elfsight.com\/de\/#website"},"datePublished":"2024-05-03T06:27:38+00:00","dateModified":"2025-02-18T11:03:09+00:00","description":"Es ist ganz einfach, Ihre Bewertungen von Amazon-App zu erstellen und auf Ihrer Weebly-Website zu platzieren. Der Elfsight-Kundendienst ist kostenlos.","breadcrumb":{"@id":"https:\/\/elfsight.com\/de\/amazon-reviews-widget\/weebly\/#breadcrumb"},"inLanguage":"de","potentialAction":[{"@type":"ReadAction","target":["https:\/\/elfsight.com\/de\/amazon-reviews-widget\/weebly\/"]}]},{"@type":"BreadcrumbList","@id":"https:\/\/elfsight.com\/de\/amazon-reviews-widget\/weebly\/#breadcrumb","itemListElement":[{"@type":"ListItem","position":1,"name":"Home","item":"https:\/\/elfsight.com\/de\/"},{"@type":"ListItem","position":2,"name":"Amazon Reviews","item":"https:\/\/elfsight.com\/de\/amazon-reviews-widget\/"},{"@type":"ListItem","position":3,"name":"Amazon Reviews &#8211; Weebly"}]},{"@type":"WebSite","@id":"https:\/\/elfsight.com\/de\/#website","url":"https:\/\/elfsight.com\/de\/","name":"Elfsight DE","description":"Just another Elfsight Sites site","potentialAction":[{"@type":"SearchAction","target":{"@type":"EntryPoint","urlTemplate":"https:\/\/elfsight.com\/de\/?s={search_term_string}"},"query-input":{"@type":"PropertyValueSpecification","valueRequired":true,"valueName":"search_term_string"}}],"inLanguage":"de"}]}},"meta_box":{"industry":"","seo_heading":"","heading":"","description":"","cta_heading":"","cta_description":"","application":"496","h1":"Bewertungen von Amazon-App f\u00fcr Weebly","h1_caption":"Zeigen Sie Produktbewertungen von Amazon an, um Ihren Website-Besuchern m\u00fchelos zus\u00e4tzliche soziale Beweise f\u00fcr Ihre Weebly-Website zu bieten.","application_category":[],"applications_title":"","applications_request_title":"","applications_request_button_text":"","hero_text":"","hero_video":"","hero_video_schema_markup":"","selling_points_title":"","selling_points_caption":"","selling_points":[],"selling_points_cta_text":"","features_title":"","features":"","ed_cta_examples_text":"","ed_cta_examples_hidden":"","ed_cta_demo_text":"","ed_cta_demo_hidden":"","why_caption":"","why_editor_title":"","why_editor_text":"","why_team_title":"","why_team_text":"","why_service_title":"","why_service_text":"","template_catalog_visible":"0","template_catalog_title":"","template_catalog_text":"","template_catalog_categories_visible":"","demo_title":"Erstellen Sie Ihre Bewertungen von Amazon-App","demo_caption":"Konfigurieren Sie Ihre Bewertungen von Amazon und f\u00fcgen Sie sie kostenlos zu Ihrer Weebly-Website hinzu!","default_faq_hidden":"","app_template_category":[],"platform":"249","template_public_id":"","codecanyon_url":"","codecanyon_item_id":"","codecanyon_price":"","pricing_caption":"","pricing_elfsight_apps_hide_column":"","pricing_elfsight_apps_url":"","pricing_codecanyon_price_caption":"","integration_category":[],"integration_request_title":"","integration_request_cta":"","integration_platform":"","integrations":[],"platform_category":[],"video_schema_markup":"","price":"ab 0 $ \/ Monat","trial":"","benefits":[{"text":"Kostenlose Installationsunterst\u00fctzung"},{"text":"Effektiver Kundenservice"},{"text":"14-t\u00e4gige Geld-zur\u00fcck-Garantie"},{"text":"Kontinuierliche Updates"}],"button_url":"#demo","button_target_blank":"0","button_nofollow":"0","attributes":[{"name":"Installiert","content":"10,000 - 100,000"},{"name":"Reaktionsfreudig","content":"Ja"},{"name":"Kompatible Browser","content":"Firefox, Safari, Opera, Chrome, Edge"}],"tags":[],"tags_disable_links":"0","hide_more_platforms":"0","video_object":"","demo_hide_cta":"0","demo_hide_cloud_options":"0","pricing_title":"","pricing":[{"pricing_icon":"platform","pricing_title":"Elfsight Apps","pricing_title_caption":"Plattform\u00fcbergreifende digitale L\u00f6sung, die f\u00fcr jede Website geeignet ist","pricing_price":"ab 0 $ \/ Monat","pricing_price_caption":"Beginnen Sie mit einem kostenlosen Plan","pricing_benefits":[{"text":"Unbegrenzte Domains"},{"text":"Schnelle Unterst\u00fctzung"},{"text":"Kostenlose Installationsunterst\u00fctzung"},{"text":"Flexibles Design"}],"pricing_button_text":"Zur Website hinzuf\u00fcgen","pricing_button_url":"#demo"}],"related_apps_title":"","related_apps_hidden":"0","author":"","image":[],"title":"","job":"","social_networks":[]},"_links":{"self":[{"href":"https:\/\/elfsight.com\/de\/wp-json\/wp\/v2\/pages\/16743","targetHints":{"allow":["GET"]}}],"collection":[{"href":"https:\/\/elfsight.com\/de\/wp-json\/wp\/v2\/pages"}],"about":[{"href":"https:\/\/elfsight.com\/de\/wp-json\/wp\/v2\/types\/page"}],"author":[{"embeddable":true,"href":"https:\/\/elfsight.com\/de\/wp-json\/wp\/v2\/users\/9"}],"replies":[{"embeddable":true,"href":"https:\/\/elfsight.com\/de\/wp-json\/wp\/v2\/comments?post=16743"}],"version-history":[{"count":5,"href":"https:\/\/elfsight.com\/de\/wp-json\/wp\/v2\/pages\/16743\/revisions"}],"predecessor-version":[{"id":24333,"href":"https:\/\/elfsight.com\/de\/wp-json\/wp\/v2\/pages\/16743\/revisions\/24333"}],"up":[{"embeddable":true,"href":"https:\/\/elfsight.com\/de\/wp-json\/wp\/v2\/pages\/1614"}],"wp:attachment":[{"href":"https:\/\/elfsight.com\/de\/wp-json\/wp\/v2\/media?parent=16743"}],"curies":[{"name":"wp","href":"https:\/\/api.w.org\/{rel}","templated":true}]}}