{"id":16738,"date":"2024-05-03T06:27:37","date_gmt":"2024-05-03T06:27:37","guid":{"rendered":"https:\/\/elfsight.com\/de\/?page_id=16738"},"modified":"2025-02-18T11:04:18","modified_gmt":"2025-02-18T11:04:18","slug":"wix","status":"publish","type":"page","link":"https:\/\/elfsight.com\/de\/amazon-reviews-widget\/wix\/","title":{"rendered":"Amazon Reviews &#8211; Wix"},"content":{"rendered":"\n<div class=\"application-platform-content-item-description application-platform-content-item\" id=\"description\" data-nav-section=\"description\"><h2>Beschreibung<\/h2><p>Die Amazon-App von Elfsight ist der einfachste Weg, das Image Ihres Unternehmens zu pr\u00e4gen, indem Sie echte Besucherbewertungen zu Ihren Produkten abgeben . Zeigen Sie nur die besten oder aussagekr\u00e4ftigsten Kommentare an und ordnen Sie sie nach Ihren W\u00fcnschen an. Schaffen Sie sozialen Beweis, indem Sie Ihren Kunden zeigen, dass Sie glaubw\u00fcrdig sind.<\/p><p><b>Inspirieren Sie Benutzer dazu, neue Bewertungen zu Ihren Waren zu ver\u00f6ffentlichen und regen Sie Kundengespr\u00e4che an!<\/b><\/p><\/div><div class=\"application-platform-content-item-features application-platform-content-item\" id=\"features\" data-nav-section=\"features\"><h2>Funktionen<\/h2><p>Um ein umfassendes Verst\u00e4ndnis des Widgets zu entwickeln, schauen Sie sich die Liste der wichtigsten Merkmale an. Sie machen dieses Widget f\u00fcr Sie wirklich effizient:<\/p><ul><li>3 Filtervarianten: nach Typ, Ausschlie\u00dfen nach und Anzahl der anzuzeigenden Bewertungen;<\/li><li>4 verf\u00fcgbare Layouts: Liste, Raster, Mauerwerk und Schieberegler;<\/li><li>Umschaltbarer Header des Widgets;<\/li><li>Bewertungsanfrage-Button f\u00fchrt Kunden zur Amazon-Seite;<\/li><li>6 flexible Elemente der Bewertungen : Name des Autors und Bild, Empfehlung, Datum, Amazon-Symbol und Sternebewertung;<\/li><li>Zwei Varianten von Szenarios der Ablehnung einer Rezensionsanfrage: Zeigen Sie Ihre Nachricht oder verbergen Sie die Schaltfl\u00e4che;<\/li><\/ul><p><a href=\"#demo\">Entdecken Sie alle Funktionen in unserer Live-Demo<\/a><\/p><\/div><div class=\"application-platform-content-item-installation application-platform-content-item\" id=\"installation\" data-nav-section=\"installation\"><h2>So f\u00fcgen Sie die Bewertungen von Amazon-App hinzu zur Wix-Website<\/h2><p>Diese verschiedenen Aktionen sind das Einzige, was Sie ben\u00f6tigen, um das Widget auf Ihrer Website hinzuzuf\u00fcgen.<\/p><ol><li><b>Design Ihr pers\u00f6nliches Amazon-Plugin<\/b><br>In unserem kostenlosen Konfigurator richten Sie eine App mit Ihrem bevorzugten Design und Funktionalit\u00e4t ein.<\/li><li><b>Holen Sie sich den pers\u00f6nlichen Code zum Hinzuf\u00fcgen des Plugins<\/b><br>Nachdem Sie Ihre App konfiguriert haben, erhalten Sie den Installationscode \u00fcber die Popup-Benachrichtigung auf Elfsight Apps. Kopieren Sie den Code.<\/li><li><b>F\u00fcgen Sie das Plugin auf Ihrer Website von Wix hinzu<\/b><br>Suchen Sie den Ort, an dem Sie die App platzieren m\u00f6chten, und f\u00fcgen Sie den kopierten Code dort ein. Speichern Sie die \u00c4nderungen.<\/li> <li><b>Herzlichen Gl\u00fcckwunsch! Sie haben das Plugin gerade integriert!<\/b><br>Besuchen Sie die Website, um einen Blick auf Ihre Erfahrungsberichte zu werfen.<\/li><\/ol><p>Sie k\u00f6nnen sich immer noch nicht entscheiden? Oder haben Sie Anfragen? Nur eine einzige Anfrage an unseren Kundenservice l\u00f6st jedes Problem.<\/p><div class=\"faq\" data-component=\"FAQ\"> <div class=\"faq-item\">\r\n\t\t\t\t\t<div class=\"faq-item-question\">\r\n\t\t\t\t\t\t<h3 class=\"faq-item-question-text\">Wie f\u00fcge ich Bewertungen von Amazon ohne Programmierkenntnisse zu meiner Wix-Website hinzu?<\/h3>\r\n\r\n\t\t\t\t\t\t<div class=\"faq-item-question-icon\"><\/div>\r\n\t\t\t\t\t<\/div>\r\n\r\n\t\t\t\t\t<div class=\"faq-item-answer\">\r\n\t\t\t\t\t\t<div class=\"faq-item-answer-text\"> <p>Elfsight bietet eine SaaS-L\u00f6sung, die dies erm\u00f6glicht Wenn Sie selbst ein Amazon-Rezensions-Widget erstellen, sehen Sie, wie einfach der Vorgang ist: Arbeiten Sie direkt im Online-Editor, um ein Bewertungen von Amazon-Widget zu erstellen, das Sie gerne auf Ihrer Website von Wix sehen w\u00fcrden. W\u00e4hlen Sie eine der vorgefertigten Vorlagen aus und passen Sie die Amazon-Rezensionseinstellungen an, f\u00fcgen Sie Ihre Inhalte hinzu, \u00e4ndern Sie das Layout und das Farbschema ohne Programmierkenntnisse. Speichern Sie die Bewertungen von Amazon und kopieren Sie den Installationscode, den Sie m\u00fchelos in Ihre Wix-Website einf\u00fcgen k\u00f6nnen, ohne einen kostenpflichtigen Plan kaufen zu m\u00fcssen. Mit unserem intuitiven Editor kann jeder Internetnutzer online ein Amazon-Rezensions-Widget erstellen und es ganz einfach in seine Wix-Website einbetten. Sie m\u00fcssen weder bezahlen noch Ihre Kartendaten eingeben, um auf den Service zuzugreifen. Sollten bei irgendeinem Schritt Probleme auftreten, wenden Sie sich bitte an unser technisches Support-Team.<\/p> <\/div>\r\n\t\t\t\t\t<\/div>\r\n\t\t\t\t<\/div> <\/div> <\/div>\n","protected":false},"excerpt":{"rendered":"","protected":false},"author":9,"featured_media":0,"parent":1614,"menu_order":0,"comment_status":"closed","ping_status":"closed","template":"templates\/template-application-platform.php","meta":{"publish_to_discourse":"","publish_post_category":"","wpdc_auto_publish_overridden":"","wpdc_topic_tags":"","wpdc_pin_topic":"","wpdc_pin_until":"","discourse_post_id":"","discourse_permalink":"","wpdc_publishing_response":"","wpdc_publishing_error":"","footnotes":""},"class_list":["post-16738","page","type-page","status-publish","hentry"],"yoast_head":"<!-- This site is optimized with the Yoast SEO plugin v25.3.1 - https:\/\/yoast.com\/wordpress\/plugins\/seo\/ -->\n<title>Bewertungen von Amazon | Amazon-App auf der Website von Wix hinzuf\u00fcgen (kostenlos und schnell)<\/title>\n<meta name=\"description\" content=\"Erstellen Sie ein kostenloses und schnelles Amazon-Bewertungs-Widget f\u00fcr Ihre Wix-Website. Ohne Code und in nur wenigen Schritten hinzuf\u00fcgen!\" \/>\n<meta name=\"robots\" content=\"index, follow, max-snippet:-1, max-image-preview:large, max-video-preview:-1\" \/>\n<link rel=\"canonical\" href=\"https:\/\/elfsight.com\/de\/amazon-reviews-widget\/wix\/\" \/>\n<meta property=\"og:locale\" content=\"de_DE\" \/>\n<meta property=\"og:type\" content=\"article\" \/>\n<meta property=\"og:title\" content=\"Bewertungen von Amazon | Amazon-App auf der Website von Wix hinzuf\u00fcgen (kostenlos und schnell)\" \/>\n<meta property=\"og:description\" content=\"Erstellen Sie ein kostenloses und schnelles Amazon-Bewertungs-Widget f\u00fcr Ihre Wix-Website. Ohne Code und in nur wenigen Schritten hinzuf\u00fcgen!\" \/>\n<meta property=\"og:url\" content=\"https:\/\/elfsight.com\/de\/amazon-reviews-widget\/wix\/\" \/>\n<meta property=\"og:site_name\" content=\"Elfsight DE\" \/>\n<meta property=\"article:modified_time\" content=\"2025-02-18T11:04:18+00:00\" \/>\n<meta name=\"twitter:card\" content=\"summary_large_image\" \/>\n<meta name=\"twitter:label1\" content=\"Gesch\u00e4tzte Lesezeit\" \/>\n\t<meta name=\"twitter:data1\" content=\"3\u00a0Minuten\" \/>\n<!-- \/ Yoast SEO plugin. -->","yoast_head_json":{"title":"Bewertungen von Amazon | Amazon-App auf der Website von Wix hinzuf\u00fcgen (kostenlos und schnell)","description":"Erstellen Sie ein kostenloses und schnelles Amazon-Bewertungs-Widget f\u00fcr Ihre Wix-Website. Ohne Code und in nur wenigen Schritten hinzuf\u00fcgen!","robots":{"index":"index","follow":"follow","max-snippet":"max-snippet:-1","max-image-preview":"max-image-preview:large","max-video-preview":"max-video-preview:-1"},"canonical":"https:\/\/elfsight.com\/de\/amazon-reviews-widget\/wix\/","og_locale":"de_DE","og_type":"article","og_title":"Bewertungen von Amazon | Amazon-App auf der Website von Wix hinzuf\u00fcgen (kostenlos und schnell)","og_description":"Erstellen Sie ein kostenloses und schnelles Amazon-Bewertungs-Widget f\u00fcr Ihre Wix-Website. Ohne Code und in nur wenigen Schritten hinzuf\u00fcgen!","og_url":"https:\/\/elfsight.com\/de\/amazon-reviews-widget\/wix\/","og_site_name":"Elfsight DE","article_modified_time":"2025-02-18T11:04:18+00:00","twitter_card":"summary_large_image","twitter_misc":{"Gesch\u00e4tzte Lesezeit":"3\u00a0Minuten"},"schema":{"@context":"https:\/\/schema.org","@graph":[{"@type":"WebPage","@id":"https:\/\/elfsight.com\/de\/amazon-reviews-widget\/wix\/","url":"https:\/\/elfsight.com\/de\/amazon-reviews-widget\/wix\/","name":"Bewertungen von Amazon | Amazon-App auf der Website von Wix hinzuf\u00fcgen (kostenlos und schnell)","isPartOf":{"@id":"https:\/\/elfsight.com\/de\/#website"},"datePublished":"2024-05-03T06:27:37+00:00","dateModified":"2025-02-18T11:04:18+00:00","description":"Erstellen Sie ein kostenloses und schnelles Amazon-Bewertungs-Widget f\u00fcr Ihre Wix-Website. Ohne Code und in nur wenigen Schritten hinzuf\u00fcgen!","breadcrumb":{"@id":"https:\/\/elfsight.com\/de\/amazon-reviews-widget\/wix\/#breadcrumb"},"inLanguage":"de","potentialAction":[{"@type":"ReadAction","target":["https:\/\/elfsight.com\/de\/amazon-reviews-widget\/wix\/"]}]},{"@type":"BreadcrumbList","@id":"https:\/\/elfsight.com\/de\/amazon-reviews-widget\/wix\/#breadcrumb","itemListElement":[{"@type":"ListItem","position":1,"name":"Home","item":"https:\/\/elfsight.com\/de\/"},{"@type":"ListItem","position":2,"name":"Amazon Reviews","item":"https:\/\/elfsight.com\/de\/amazon-reviews-widget\/"},{"@type":"ListItem","position":3,"name":"Amazon Reviews &#8211; Wix"}]},{"@type":"WebSite","@id":"https:\/\/elfsight.com\/de\/#website","url":"https:\/\/elfsight.com\/de\/","name":"Elfsight DE","description":"Just another Elfsight Sites site","potentialAction":[{"@type":"SearchAction","target":{"@type":"EntryPoint","urlTemplate":"https:\/\/elfsight.com\/de\/?s={search_term_string}"},"query-input":{"@type":"PropertyValueSpecification","valueRequired":true,"valueName":"search_term_string"}}],"inLanguage":"de"}]}},"meta_box":{"industry":"","seo_heading":"","heading":"","description":"","cta_heading":"","cta_description":"","application":"496","h1":"Bewertungen von Amazon-App f\u00fcr Wix","h1_caption":"Zeigen Sie Produktbewertungen von Amazon an, um Ihren Website-Besuchern m\u00fchelos zus\u00e4tzliche soziale Beweise f\u00fcr Ihre Wix-Website zu bieten.","application_category":[],"applications_title":"","applications_request_title":"","applications_request_button_text":"","hero_text":"","hero_video":"","hero_video_schema_markup":"","selling_points_title":"","selling_points_caption":"","selling_points":[],"selling_points_cta_text":"","features_title":"","features":"","ed_cta_examples_text":"","ed_cta_examples_hidden":"","ed_cta_demo_text":"","ed_cta_demo_hidden":"","why_caption":"","why_editor_title":"","why_editor_text":"","why_team_title":"","why_team_text":"","why_service_title":"","why_service_text":"","template_catalog_visible":"0","template_catalog_title":"","template_catalog_text":"","template_catalog_categories_visible":"","demo_title":"Erstellen Sie Ihre Bewertungen von Amazon-App","demo_caption":"Konfigurieren Sie Ihre Bewertungen von Amazon und f\u00fcgen Sie sie kostenlos zu Ihrer Wix-Website hinzu!","default_faq_hidden":"","app_template_category":[],"platform":"265","template_public_id":"","codecanyon_url":"","codecanyon_item_id":"","codecanyon_price":"","pricing_caption":"","pricing_elfsight_apps_hide_column":"","pricing_elfsight_apps_url":"","pricing_codecanyon_price_caption":"","integration_category":[],"integration_request_title":"","integration_request_cta":"","integration_platform":"","integrations":[],"platform_category":[],"video_schema_markup":"","price":"ab 0 $ \/ Monat","trial":"","benefits":[{"text":"Kostenlose Installationshilfe"},{"text":"Au\u00dfergew\u00f6hnliche Unterst\u00fctzung"},{"text":"14-t\u00e4gige Geld-zur\u00fcck-Garantie"},{"text":"Lebenslange Updates"}],"button_url":"#demo","button_target_blank":"0","button_nofollow":"0","attributes":[{"name":"Installiert","content":"10,000 - 100,000"},{"name":"Reaktionsfreudig","content":"Ja"},{"name":"Kompatible Browser","content":"Safari, Edge, Opera, Chrome, Firefox"}],"tags":[],"tags_disable_links":"0","hide_more_platforms":"0","video_object":"","demo_hide_cta":"0","demo_hide_cloud_options":"0","pricing_title":"","pricing":[{"pricing_icon":"platform","pricing_title":"Elfsight Apps","pricing_title_caption":"Plattform\u00fcbergreifende Software","pricing_price":"ab 0 $ \/ Monat","pricing_price_caption":"Beginnen Sie mit einem kostenlosen Plan","pricing_benefits":[{"text":"Unbegrenzte Websites"},{"text":"Kostenloser Support"},{"text":"Kostenloser Installationsservice"},{"text":"Flexibles Design"}],"pricing_button_text":"Zur Website hinzuf\u00fcgen","pricing_button_url":"#demo"}],"related_apps_title":"","related_apps_hidden":"0","author":"","image":[],"title":"","job":"","social_networks":[]},"_links":{"self":[{"href":"https:\/\/elfsight.com\/de\/wp-json\/wp\/v2\/pages\/16738","targetHints":{"allow":["GET"]}}],"collection":[{"href":"https:\/\/elfsight.com\/de\/wp-json\/wp\/v2\/pages"}],"about":[{"href":"https:\/\/elfsight.com\/de\/wp-json\/wp\/v2\/types\/page"}],"author":[{"embeddable":true,"href":"https:\/\/elfsight.com\/de\/wp-json\/wp\/v2\/users\/9"}],"replies":[{"embeddable":true,"href":"https:\/\/elfsight.com\/de\/wp-json\/wp\/v2\/comments?post=16738"}],"version-history":[{"count":4,"href":"https:\/\/elfsight.com\/de\/wp-json\/wp\/v2\/pages\/16738\/revisions"}],"predecessor-version":[{"id":24334,"href":"https:\/\/elfsight.com\/de\/wp-json\/wp\/v2\/pages\/16738\/revisions\/24334"}],"up":[{"embeddable":true,"href":"https:\/\/elfsight.com\/de\/wp-json\/wp\/v2\/pages\/1614"}],"wp:attachment":[{"href":"https:\/\/elfsight.com\/de\/wp-json\/wp\/v2\/media?parent=16738"}],"curies":[{"name":"wp","href":"https:\/\/api.w.org\/{rel}","templated":true}]}}