{"id":16737,"date":"2024-05-03T06:27:35","date_gmt":"2024-05-03T06:27:35","guid":{"rendered":"https:\/\/elfsight.com\/de\/?page_id=16737"},"modified":"2025-02-18T09:38:15","modified_gmt":"2025-02-18T09:38:15","slug":"facebook","status":"publish","type":"page","link":"https:\/\/elfsight.com\/de\/amazon-reviews-widget\/facebook\/","title":{"rendered":"Amazon Reviews &#8211; Facebook Page"},"content":{"rendered":"<div class=\"application-platform-content-item-description application-platform-content-item\" id=\"description\" data-nav-section=\"description\">\n\nZeigen Sie nur die besten oder bedeutungsvollsten Reaktionen an und ordnen Sie sie nach Ihren W\u00fcnschen an. Sammeln Sie soziale Beweise, indem Sie Ihren Kunden zeigen, dass Sie vertrauensw\u00fcrdig sind.\n\n<b>Motivieren Sie Benutzer, neue Bewertungen zu Ihrer Marke zu ver\u00f6ffentlichen und regen Sie Kundengespr\u00e4che an!<\/b>\n\n<\/div> <div class=\"application-platform-content-item-features application-platform-content-item\" id=\"features\" data-nav-section=\"features\">\n<h2>Funktionen<\/h2>\nUntersuchen Sie die Liste der Funktionen des Widgets. Sie machen es f\u00fcr Ihre Werbung unglaublich effektiv:\n<ul>\n \t<li>Drei vordefinierte Filter: nach Typ, Ausschlie\u00dfen nach und Anzahl der Bewertungen;<\/li>\n \t<li>Vier verf\u00fcgbare Layouts: Liste, Raster, Mauerwerk , und Slider;<\/li>\n \t<li>Vollst\u00e4ndig flexibler Header des Widgets;<\/li>\n \t<li>Die aktive Schaltfl\u00e4che zum Teilen einer weiteren Bewertung f\u00fchrt die Leute zu Ihrer Amazon-Seite;<\/li>\n \t<li>Sechs anpassbare Elemente des Widgets: Name und Bild des Autors, Empfehlung, Datum, Amazon-Symbol und Sternebewertung;<\/li>\n \t<li>Zwei m\u00f6gliche Szenarien der Ablehnung einer Rezensionsanfrage: Zeigen Sie eine benutzerdefinierte Nachricht an oder verbergen Sie die Schaltfl\u00e4che;<\/li>\n<\/ul>\n<a href=\"#demo\">Live-Demo zeigt Ihnen weitere Funktionen<\/a>\n\n<\/div> <div class=\"application-platform-content-item-installation application-platform-content-item\" id=\"installation\" data-nav-section=\"installation\">\n<h2>So f\u00fcgen Sie Bewertungen von Amazon hinzu Tab zur Facebook-Unternehmensseite<\/h2>\nDiese Schritte sind das Einzige, was Sie brauchen, um Amazon auf Ihrer Seite einzurichten. Es wird eine Minute Zeit und keine Zeile Programmieren in Anspruch nehmen.\n<ol>\n \t<li><b>Entwerfen Sie Ihr individuelles Amazon-Widget<\/b>\nMit Hilfe unseres kostenlosen Konfigurators richten Sie ein ein Plugin mit einem ausgew\u00e4hlten Design und w\u00e4hlen Sie die Bewertungen aus, die angezeigt werden sollen.<\/li>\n \t<li><b>Erwerben Sie den individuellen Code, um das Plugin hinzuzuf\u00fcgen<\/b>\nNachdem Sie Ihr Widget erstellt haben, erhalten Sie Ihren pers\u00f6nlichen Code aus der erschienenen Benachrichtigung auf Elfsight Apps. Kopieren Sie es zur weiteren Verwendung.<\/li>\n \t<li><b>F\u00fcgen Sie den Amazon-Tab zur Facebook-Seite hinzu<\/b>\nErstellen Sie Ihren benutzerdefinierten Facebook-Tab. F\u00fcgen Sie den Code, den Sie bei elfsight apps erhalten haben, in die Registerkarte ein. Wenn Sie Probleme haben, lesen Sie einfach unseren Leitfaden unter <a href=\"https:\/\/elfsight.com\/blog\/how-to-add-custom-tab-to-facebook-page\/\" target=\"_blank\" rel=\"noopener noreferrer\">Benutzerdefinierten Facebook-Tab erstellen<\/a><\/li>\n \t<li><b>Du bist fertig!<\/b>\nBetreten Sie Ihre Seite, um Ihre Arbeit zu sehen.<\/li>\n<\/ol>\nImmer noch unruhig? Oder \u00fcber irgendetwas gestolpert? Richten Sie einfach eine Anfrage an unser Support-Team, wir helfen Ihnen bei jedem Problem weiter.\n\n<\/div><div class=\"faq\" data-component=\"FAQ\"><div class=\"faq-item\">\r\n\t\t\t\t\t<div class=\"faq-item-question\">\r\n\t\t\t\t\t\t<h3 class=\"faq-item-question-text\">Kann ich Bewertungen von Amazon auf meiner Facebook-Seite einbetten?<\/h3>\r\n\r\n\t\t\t\t\t\t<div class=\"faq-item-question-icon\"><\/div>\r\n\t\t\t\t\t<\/div>\r\n\r\n\t\t\t\t\t<div class=\"faq-item-answer\">\r\n\t\t\t\t\t\t<div class=\"faq-item-answer-text\">\n\nAlles, was Sie tun m\u00fcssen, ist, Ihr Tool zu erstellen, dann sein Design zu \u00e4ndern und Ihre \u00c4nderungen zu speichern. Nehmen Sie dann den Code Ihres Widgets und integrieren Sie ihn in die Vorlage, die Sie aktuell haben.\n\n<\/div>\r\n\t\t\t\t\t<\/div>\r\n\t\t\t\t<\/div><div class=\"faq-item\">\r\n\t\t\t\t\t<div class=\"faq-item-question\">\r\n\t\t\t\t\t\t<h3 class=\"faq-item-question-text\">Wie bekomme ich Bewertungen von Amazon-Kunden f\u00fcr Produktseiten?<\/h3>\r\n\r\n\t\t\t\t\t\t<div class=\"faq-item-question-icon\"><\/div>\r\n\t\t\t\t\t<\/div>\r\n\r\n\t\t\t\t\t<div class=\"faq-item-answer\">\r\n\t\t\t\t\t\t<div class=\"faq-item-answer-text\">\n\nAlles, was Sie tun m\u00fcssen, ist die Schaltfl\u00e4che \u201eBewertung schreiben\u201c zu verwenden. Wenn Sie darauf klicken, wird das Website-Publikum direkt zu Ihrem Profil weitergeleitet.\n\n<\/div>\r\n\t\t\t\t\t<\/div>\r\n\t\t\t\t<\/div><div class=\"faq-item\">\r\n\t\t\t\t\t<div class=\"faq-item-question\">\r\n\t\t\t\t\t\t<h3 class=\"faq-item-question-text\">Wie erstelle ich mein Amazon-Bewertungs-Widget \/ meine Badge-Vorlage?<\/h3>\r\n\r\n\t\t\t\t\t\t<div class=\"faq-item-question-icon\"><\/div>\r\n\t\t\t\t\t<\/div>\r\n\r\n\t\t\t\t\t<div class=\"faq-item-answer\">\r\n\t\t\t\t\t\t<div class=\"faq-item-answer-text\">\n\nWenden Sie die Punkte aus der unkomplizierten Anleitung unten an:\n<ol>\n \t<li style=\"list-style-type: none\">\n<ol>\n \t<li>Besch\u00e4ftigen Nutzen Sie unseren Konfigurator und beginnen Sie mit dem Aufbau Ihres ma\u00dfgeschneiderten Werkzeugs.<\/li>\n \t<li>Passen Sie die Widget-Aspekte an und speichern Sie die Anpassungen.<\/li>\n \t<li>Erhalten Sie den individuellen Code, der in der Benachrichtigung angezeigt wird.<\/li>\n \t<li>F\u00fcgen Sie den eindeutigen Code in Ihre Homepage ein und speichern Sie die Seite.<\/li>\n \t<li>Sie haben die Elfsight-App ordnungsgem\u00e4\u00df auf Ihrer Website eingebettet.<\/li>\n<\/ol>\n<\/li>\n<\/ol>\n<\/div>\r\n\t\t\t\t\t<\/div>\r\n\t\t\t\t<\/div><\/div>\n\n<!-- \/wp:html -->","protected":false},"excerpt":{"rendered":"","protected":false},"author":9,"featured_media":0,"parent":1614,"menu_order":0,"comment_status":"closed","ping_status":"closed","template":"templates\/template-application-platform.php","meta":{"publish_to_discourse":"","publish_post_category":"","wpdc_auto_publish_overridden":"","wpdc_topic_tags":"","wpdc_pin_topic":"","wpdc_pin_until":"","discourse_post_id":"","discourse_permalink":"","wpdc_publishing_response":"","wpdc_publishing_error":"","footnotes":""},"class_list":["post-16737","page","type-page","status-publish","hentry"],"yoast_head":"<!-- This site is optimized with the Yoast SEO plugin v25.3.1 - https:\/\/yoast.com\/wordpress\/plugins\/seo\/ -->\n<title>Bewertungen von Amazon | Amazon-Plugin auf Facebook-Seite hinzuf\u00fcgen [2026]<\/title>\n<meta name=\"description\" content=\"Erstellen Sie mit Elfsight Ihren Bewertungen von Amazon-Tab und f\u00fcgen Sie ihn ganz einfach Ihrer Facebook-Unternehmensseite hinzu. Wir bieten kostenlosen Kundensupport und weitere Boni.\" \/>\n<meta name=\"robots\" content=\"index, follow, max-snippet:-1, max-image-preview:large, max-video-preview:-1\" \/>\n<link rel=\"canonical\" href=\"https:\/\/elfsight.com\/de\/amazon-reviews-widget\/facebook\/\" \/>\n<meta property=\"og:locale\" content=\"de_DE\" \/>\n<meta property=\"og:type\" content=\"article\" \/>\n<meta property=\"og:title\" content=\"Bewertungen von Amazon | Amazon-Plugin auf Facebook-Seite hinzuf\u00fcgen [2026]\" \/>\n<meta property=\"og:description\" content=\"Erstellen Sie mit Elfsight Ihren Bewertungen von Amazon-Tab und f\u00fcgen Sie ihn ganz einfach Ihrer Facebook-Unternehmensseite hinzu. Wir bieten kostenlosen Kundensupport und weitere Boni.\" \/>\n<meta property=\"og:url\" content=\"https:\/\/elfsight.com\/de\/amazon-reviews-widget\/facebook\/\" \/>\n<meta property=\"og:site_name\" content=\"Elfsight DE\" \/>\n<meta property=\"article:modified_time\" content=\"2025-02-18T09:38:15+00:00\" \/>\n<meta name=\"twitter:card\" content=\"summary_large_image\" \/>\n<meta name=\"twitter:label1\" content=\"Gesch\u00e4tzte Lesezeit\" \/>\n\t<meta name=\"twitter:data1\" content=\"3\u00a0Minuten\" \/>\n<!-- \/ Yoast SEO plugin. -->","yoast_head_json":{"title":"Bewertungen von Amazon | Amazon-Plugin auf Facebook-Seite hinzuf\u00fcgen [2026]","description":"Erstellen Sie mit Elfsight Ihren Bewertungen von Amazon-Tab und f\u00fcgen Sie ihn ganz einfach Ihrer Facebook-Unternehmensseite hinzu. Wir bieten kostenlosen Kundensupport und weitere Boni.","robots":{"index":"index","follow":"follow","max-snippet":"max-snippet:-1","max-image-preview":"max-image-preview:large","max-video-preview":"max-video-preview:-1"},"canonical":"https:\/\/elfsight.com\/de\/amazon-reviews-widget\/facebook\/","og_locale":"de_DE","og_type":"article","og_title":"Bewertungen von Amazon | Amazon-Plugin auf Facebook-Seite hinzuf\u00fcgen [2026]","og_description":"Erstellen Sie mit Elfsight Ihren Bewertungen von Amazon-Tab und f\u00fcgen Sie ihn ganz einfach Ihrer Facebook-Unternehmensseite hinzu. Wir bieten kostenlosen Kundensupport und weitere Boni.","og_url":"https:\/\/elfsight.com\/de\/amazon-reviews-widget\/facebook\/","og_site_name":"Elfsight DE","article_modified_time":"2025-02-18T09:38:15+00:00","twitter_card":"summary_large_image","twitter_misc":{"Gesch\u00e4tzte Lesezeit":"3\u00a0Minuten"},"schema":{"@context":"https:\/\/schema.org","@graph":[{"@type":"WebPage","@id":"https:\/\/elfsight.com\/de\/amazon-reviews-widget\/facebook\/","url":"https:\/\/elfsight.com\/de\/amazon-reviews-widget\/facebook\/","name":"Bewertungen von Amazon | Amazon-Plugin auf Facebook-Seite hinzuf\u00fcgen [2026]","isPartOf":{"@id":"https:\/\/elfsight.com\/de\/#website"},"datePublished":"2024-05-03T06:27:35+00:00","dateModified":"2025-02-18T09:38:15+00:00","description":"Erstellen Sie mit Elfsight Ihren Bewertungen von Amazon-Tab und f\u00fcgen Sie ihn ganz einfach Ihrer Facebook-Unternehmensseite hinzu. Wir bieten kostenlosen Kundensupport und weitere Boni.","breadcrumb":{"@id":"https:\/\/elfsight.com\/de\/amazon-reviews-widget\/facebook\/#breadcrumb"},"inLanguage":"de","potentialAction":[{"@type":"ReadAction","target":["https:\/\/elfsight.com\/de\/amazon-reviews-widget\/facebook\/"]}]},{"@type":"BreadcrumbList","@id":"https:\/\/elfsight.com\/de\/amazon-reviews-widget\/facebook\/#breadcrumb","itemListElement":[{"@type":"ListItem","position":1,"name":"Home","item":"https:\/\/elfsight.com\/de\/"},{"@type":"ListItem","position":2,"name":"Amazon Reviews","item":"https:\/\/elfsight.com\/de\/amazon-reviews-widget\/"},{"@type":"ListItem","position":3,"name":"Amazon Reviews &#8211; Facebook Page"}]},{"@type":"WebSite","@id":"https:\/\/elfsight.com\/de\/#website","url":"https:\/\/elfsight.com\/de\/","name":"Elfsight DE","description":"Just another Elfsight Sites site","potentialAction":[{"@type":"SearchAction","target":{"@type":"EntryPoint","urlTemplate":"https:\/\/elfsight.com\/de\/?s={search_term_string}"},"query-input":{"@type":"PropertyValueSpecification","valueRequired":true,"valueName":"search_term_string"}}],"inLanguage":"de"}]}},"meta_box":{"industry":"","seo_heading":"","heading":"","description":"","cta_heading":"","cta_description":"","application":"496","h1":"Bewertungen von Amazon f\u00fcr Facebook-Seite","h1_caption":"Zeigen Sie Produktbewertungen von Amazon an, um Ihren Website-Besuchern m\u00fchelos zus\u00e4tzliche soziale Beweise auf Ihrer Facebook-Seite zu bieten.","application_category":[],"applications_title":"","applications_request_title":"","applications_request_button_text":"","hero_text":"","hero_video":"","hero_video_schema_markup":"","selling_points_title":"","selling_points_caption":"","selling_points":[],"selling_points_cta_text":"","features_title":"","features":"","ed_cta_examples_text":"","ed_cta_examples_hidden":"","ed_cta_demo_text":"","ed_cta_demo_hidden":"","why_caption":"","why_editor_title":"","why_editor_text":"","why_team_title":"","why_team_text":"","why_service_title":"","why_service_text":"","template_catalog_visible":"0","template_catalog_title":"","template_catalog_text":"","template_catalog_categories_visible":"","demo_title":"Erstellen Sie Ihr Bewertungen von Amazon-Widget","demo_caption":"Konfigurieren Sie Ihre Bewertungen von Amazon und f\u00fcgen Sie sie kostenlos zu Ihrer Facebook-Seite hinzu!","default_faq_hidden":"","app_template_category":[],"platform":"216","template_public_id":"","codecanyon_url":"","codecanyon_item_id":"","codecanyon_price":"","pricing_caption":"","pricing_elfsight_apps_hide_column":"","pricing_elfsight_apps_url":"","pricing_codecanyon_price_caption":"","integration_category":[],"integration_request_title":"","integration_request_cta":"","integration_platform":"","integrations":[],"platform_category":[],"video_schema_markup":"","price":"ab 0 $ \/ Monat","trial":"","benefits":[{"text":"Kostenlose Installationsunterst\u00fctzung"},{"text":"Professioneller Kundenservice"},{"text":"14-t\u00e4gige Geld-zur\u00fcck-Garantie"},{"text":"Lebenslange Updates"}],"button_url":"#demo","button_target_blank":"0","button_nofollow":"0","attributes":[{"name":"Installiert","content":"10,000 - 100,000"},{"name":"Reaktionsfreudig","content":"Ja"},{"name":"Kompatible Browser","content":"Chrome, Opera, Edge, Safari, Firefox"}],"tags":[],"tags_disable_links":"0","hide_more_platforms":"0","video_object":"","demo_hide_cta":"0","demo_hide_cloud_options":"0","pricing_title":"","pricing":[{"pricing_icon":"platform","pricing_title":"Elfsight Apps","pricing_title_caption":"Plattformunabh\u00e4ngige digitale L\u00f6sung","pricing_price":"ab 0 $ \/ Monat","pricing_price_caption":"Beginnen Sie mit einem kostenlosen Plan","pricing_benefits":[{"text":"Unbegrenzte Domains"},{"text":"Engagierter Kundensupport"},{"text":"Kostenloser Installationssupport"},{"text":"Flexibles Design"}],"pricing_button_text":"Zur Website hinzuf\u00fcgen","pricing_button_url":"#demo"}],"related_apps_title":"","related_apps_hidden":"0","author":"","image":[],"title":"","job":"","social_networks":[]},"_links":{"self":[{"href":"https:\/\/elfsight.com\/de\/wp-json\/wp\/v2\/pages\/16737","targetHints":{"allow":["GET"]}}],"collection":[{"href":"https:\/\/elfsight.com\/de\/wp-json\/wp\/v2\/pages"}],"about":[{"href":"https:\/\/elfsight.com\/de\/wp-json\/wp\/v2\/types\/page"}],"author":[{"embeddable":true,"href":"https:\/\/elfsight.com\/de\/wp-json\/wp\/v2\/users\/9"}],"replies":[{"embeddable":true,"href":"https:\/\/elfsight.com\/de\/wp-json\/wp\/v2\/comments?post=16737"}],"version-history":[{"count":4,"href":"https:\/\/elfsight.com\/de\/wp-json\/wp\/v2\/pages\/16737\/revisions"}],"predecessor-version":[{"id":24322,"href":"https:\/\/elfsight.com\/de\/wp-json\/wp\/v2\/pages\/16737\/revisions\/24322"}],"up":[{"embeddable":true,"href":"https:\/\/elfsight.com\/de\/wp-json\/wp\/v2\/pages\/1614"}],"wp:attachment":[{"href":"https:\/\/elfsight.com\/de\/wp-json\/wp\/v2\/media?parent=16737"}],"curies":[{"name":"wp","href":"https:\/\/api.w.org\/{rel}","templated":true}]}}