{"id":16736,"date":"2024-05-03T06:27:34","date_gmt":"2024-05-03T06:27:34","guid":{"rendered":"https:\/\/elfsight.com\/de\/?page_id=16736"},"modified":"2025-01-15T16:08:27","modified_gmt":"2025-01-15T16:08:27","slug":"woocommerce","status":"publish","type":"page","link":"https:\/\/elfsight.com\/de\/amazon-reviews-widget\/woocommerce\/","title":{"rendered":"Amazon Reviews &#8211; WooCommerce"},"content":{"rendered":"\n<div class=\"application-platform-content-item-description application-platform-content-item\" id=\"description\" data-nav-section=\"description\"><h2>Beschreibung<\/h2><p>Das Elfsight Bewertungen von Amazon-Plugin ist die unkomplizierteste M\u00f6glichkeit, Ihre Markenrepr\u00e4sentation durch die Darstellung echter Besucherbewertungen zu gestalten Ihre Produktion. Pr\u00e4sentieren Sie nur die besten oder bedeutungsvollsten Gedanken und ordnen Sie sie so an, wie Sie es brauchen. Erzielen Sie Ergebnisse mit Social Proof, indem Sie Ihrem Publikum zeigen, dass Sie vertrauensw\u00fcrdig sind.<\/p><p>Motivieren Sie Benutzer, neue Kommentare zu Ihren Produkten zu schreiben und regen Sie Kundengespr\u00e4che an!<\/p><\/div> <div class=\"application-platform-content-item-features  application-platform-content-item\" id=\"features \" data-nav-section=\"features \"><h2>Hier finden Sie die grundlegenden Funktionen des Widgets:<\/h2><ul><li>Drei vordefinierte Filter: nach Typ, Ausschlie\u00dfen nach und Anzahl der anzuzeigenden Bewertungen;<\/li><li>4 fertige- Zu verwendende Layouts: Liste, Raster, Mauerwerk und Schieberegler;<\/li><li>Umschaltbarer Header des Widgets;<\/li><li>Die aktive Schaltfl\u00e4che zum Teilen einer neuen Rezension f\u00fchrt zur Amazon-Seite;<\/li><li>6 flexible Elemente des Widgets: Name und Bild des Autors, Empfehlungstext, Datum, Amazon-Symbol und Sternebewertung;<\/li><li>Zwei Alternativen f\u00fcr Szenarien der Ablehnung einer Rezensionsanfrage: Zeigen Sie Ihre Nachricht oder Blenden Sie die Schaltfl\u00e4che aus.<\/li><\/ul><p><a href=\"#demo\">Testen Sie alle Anpassungsoptionen in der voll ausgestatteten Demo<\/a><\/p><\/div><div class=\"application-platform-content-item-Installation application-platform-content-item\" id=\"Installation\" data-nav-section=\"Installation\"><h2>Wie bette ich Bewertungen von Amazon auf meiner WooCommerce-Website ein?<\/h2><p>Befolgen Sie einfach die unten aufgef\u00fchrten Schritte, um das Widget einzubetten.<\/p><ol><li><b>Make Nutzen Sie unseren kostenlosen Editor und beginnen Sie mit der Erstellung Ihres individuellen Widgets.<\/b><br>Bestimmen Sie das gew\u00fcnschte Layout und die Eigenschaften des Plugins und wenden Sie die \u00c4nderungen an.<\/li><li><b>Sie erhalten Ihren individuellen Code, der im angezeigt wird Widow auf Elfsight Apps.<\/b><br>Nachdem die Konfiguration Ihres Plugins abgeschlossen ist, kopieren Sie den einzelnen Code im angezeigten Popup und bewahren Sie ihn f\u00fcr sp\u00e4ter auf.<\/li><li><b>Beginnen Sie mit der Anwendung des Widget auf der WooCommerce-Website.<\/b><br>Integrieren Sie den k\u00fcrzlich in Ihrer Website gespeicherten Code und \u00fcbernehmen Sie die \u00c4nderungen.<\/li><li><b>Das Setup wurde erfolgreich durchgef\u00fchrt.<\/b><br>Gehen Sie zu Besuchen Sie Ihre Website, um die Funktion des Tools zu \u00fcberpr\u00fcfen.<\/li><\/ol><p>Wenn Sie Fragen haben oder auf Schwierigkeiten sto\u00dfen, wenden Sie sich jederzeit an unser Support-Team. Unsere Berater helfen Ihnen gerne bei allen Fragen, die Sie zum Produkt haben.<\/p><div class=\"faq\" data-component=\"FAQ\"> <div class=\"faq-item\">\r\n\t\t\t\t\t<div class=\"faq-item-question\">\r\n\t\t\t\t\t\t<h3 class=\"faq-item-question-text\">Wie f\u00fcge ich Bewertungen von Amazon ohne Programmierkenntnisse zu meiner WooCommerce-Website hinzu?<\/h3>\r\n\r\n\t\t\t\t\t\t<div class=\"faq-item-question-icon\"><\/div>\r\n\t\t\t\t\t<\/div>\r\n\r\n\t\t\t\t\t<div class=\"faq-item-answer\">\r\n\t\t\t\t\t\t<div class=\"faq-item-answer-text\"> <p>Elfsight bietet Eine SaaS-L\u00f6sung, mit der Sie selbst ein Amazon-Bewertungs-Widget erstellen k\u00f6nnen. Sehen Sie, wie einfach der Vorgang ist: Arbeiten Sie direkt im Online-Editor, um ein Amazon-Bewertungs-Widget zu erstellen, das Sie gerne auf Ihrer WooCommerce-Website sehen w\u00fcrden. W\u00e4hlen Sie eine der vorgefertigten Vorlagen aus und passen Sie die Amazon-Rezensionseinstellungen an, f\u00fcgen Sie Ihre Inhalte hinzu, \u00e4ndern Sie das Layout und die Farben ohne Programmierkenntnisse. Speichern Sie die Bewertungen von Amazon und kopieren Sie den Installationscode, den Sie einfach in Ihre WooCommerce-Website einf\u00fcgen k\u00f6nnen, ohne ein kostenpflichtiges Abonnement zu kaufen. Mit unserem intuitiven Editor kann jeder Internetnutzer online ein Amazon-Bewertungs-Widget erstellen und es einfach in seine WooCommerce-Website einbetten. Sie m\u00fcssen weder bezahlen noch Ihre Kartendaten eingeben, um auf den Service zuzugreifen. Sollten bei irgendeinem Schritt Probleme auftreten, wenden Sie sich bitte an unser technisches Support-Team.<\/p> <\/div>\r\n\t\t\t\t\t<\/div>\r\n\t\t\t\t<\/div> <\/div> <\/div>\n","protected":false},"excerpt":{"rendered":"","protected":false},"author":9,"featured_media":0,"parent":1614,"menu_order":0,"comment_status":"closed","ping_status":"closed","template":"templates\/template-application-platform.php","meta":{"publish_to_discourse":"","publish_post_category":"","wpdc_auto_publish_overridden":"","wpdc_topic_tags":"","wpdc_pin_topic":"","wpdc_pin_until":"","discourse_post_id":"","discourse_permalink":"","wpdc_publishing_response":"","wpdc_publishing_error":"","footnotes":""},"class_list":["post-16736","page","type-page","status-publish","hentry"],"yoast_head":"<!-- This site is optimized with the Yoast SEO plugin v25.3.1 - https:\/\/yoast.com\/wordpress\/plugins\/seo\/ -->\n<title>WooCommerce Bewertungen von Amazon-Plugin f\u00fcr Ihre Website (2026)<\/title>\n<meta name=\"description\" content=\"Nutzen Sie die Chance, das Bewertungen von Amazon-Plugin gleich anzupassen und direkt aus der Demo auf Ihrer WooCommerce-Website einzubetten.\" \/>\n<meta name=\"robots\" content=\"index, follow, max-snippet:-1, max-image-preview:large, max-video-preview:-1\" \/>\n<link rel=\"canonical\" href=\"https:\/\/elfsight.com\/de\/amazon-reviews-widget\/woocommerce\/\" \/>\n<meta property=\"og:locale\" content=\"de_DE\" \/>\n<meta property=\"og:type\" content=\"article\" \/>\n<meta property=\"og:title\" content=\"WooCommerce Bewertungen von Amazon-Plugin f\u00fcr Ihre Website (2026)\" \/>\n<meta property=\"og:description\" content=\"Nutzen Sie die Chance, das Bewertungen von Amazon-Plugin gleich anzupassen und direkt aus der Demo auf Ihrer WooCommerce-Website einzubetten.\" \/>\n<meta property=\"og:url\" content=\"https:\/\/elfsight.com\/de\/amazon-reviews-widget\/woocommerce\/\" \/>\n<meta property=\"og:site_name\" content=\"Elfsight DE\" \/>\n<meta property=\"article:modified_time\" content=\"2025-01-15T16:08:27+00:00\" \/>\n<meta name=\"twitter:card\" content=\"summary_large_image\" \/>\n<meta name=\"twitter:label1\" content=\"Gesch\u00e4tzte Lesezeit\" \/>\n\t<meta name=\"twitter:data1\" content=\"3\u00a0Minuten\" \/>\n<!-- \/ Yoast SEO plugin. -->","yoast_head_json":{"title":"WooCommerce Bewertungen von Amazon-Plugin f\u00fcr Ihre Website (2026)","description":"Nutzen Sie die Chance, das Bewertungen von Amazon-Plugin gleich anzupassen und direkt aus der Demo auf Ihrer WooCommerce-Website einzubetten.","robots":{"index":"index","follow":"follow","max-snippet":"max-snippet:-1","max-image-preview":"max-image-preview:large","max-video-preview":"max-video-preview:-1"},"canonical":"https:\/\/elfsight.com\/de\/amazon-reviews-widget\/woocommerce\/","og_locale":"de_DE","og_type":"article","og_title":"WooCommerce Bewertungen von Amazon-Plugin f\u00fcr Ihre Website (2026)","og_description":"Nutzen Sie die Chance, das Bewertungen von Amazon-Plugin gleich anzupassen und direkt aus der Demo auf Ihrer WooCommerce-Website einzubetten.","og_url":"https:\/\/elfsight.com\/de\/amazon-reviews-widget\/woocommerce\/","og_site_name":"Elfsight DE","article_modified_time":"2025-01-15T16:08:27+00:00","twitter_card":"summary_large_image","twitter_misc":{"Gesch\u00e4tzte Lesezeit":"3\u00a0Minuten"},"schema":{"@context":"https:\/\/schema.org","@graph":[{"@type":"WebPage","@id":"https:\/\/elfsight.com\/de\/amazon-reviews-widget\/woocommerce\/","url":"https:\/\/elfsight.com\/de\/amazon-reviews-widget\/woocommerce\/","name":"WooCommerce Bewertungen von Amazon-Plugin f\u00fcr Ihre Website (2026)","isPartOf":{"@id":"https:\/\/elfsight.com\/de\/#website"},"datePublished":"2024-05-03T06:27:34+00:00","dateModified":"2025-01-15T16:08:27+00:00","description":"Nutzen Sie die Chance, das Bewertungen von Amazon-Plugin gleich anzupassen und direkt aus der Demo auf Ihrer WooCommerce-Website einzubetten.","breadcrumb":{"@id":"https:\/\/elfsight.com\/de\/amazon-reviews-widget\/woocommerce\/#breadcrumb"},"inLanguage":"de","potentialAction":[{"@type":"ReadAction","target":["https:\/\/elfsight.com\/de\/amazon-reviews-widget\/woocommerce\/"]}]},{"@type":"BreadcrumbList","@id":"https:\/\/elfsight.com\/de\/amazon-reviews-widget\/woocommerce\/#breadcrumb","itemListElement":[{"@type":"ListItem","position":1,"name":"Home","item":"https:\/\/elfsight.com\/de\/"},{"@type":"ListItem","position":2,"name":"Amazon Reviews","item":"https:\/\/elfsight.com\/de\/amazon-reviews-widget\/"},{"@type":"ListItem","position":3,"name":"Amazon Reviews &#8211; WooCommerce"}]},{"@type":"WebSite","@id":"https:\/\/elfsight.com\/de\/#website","url":"https:\/\/elfsight.com\/de\/","name":"Elfsight DE","description":"Just another Elfsight Sites site","potentialAction":[{"@type":"SearchAction","target":{"@type":"EntryPoint","urlTemplate":"https:\/\/elfsight.com\/de\/?s={search_term_string}"},"query-input":{"@type":"PropertyValueSpecification","valueRequired":true,"valueName":"search_term_string"}}],"inLanguage":"de"}]}},"meta_box":{"industry":"","seo_heading":"","heading":"","description":"","cta_heading":"","cta_description":"","application":"496","h1":"WooCommerce Bewertungen von Amazon-Plugin","h1_caption":"Zeigen Sie Produktbewertungen von Amazon an, um Ihren Website-Besuchern m\u00fchelos zus\u00e4tzliche soziale Beweise f\u00fcr Ihre WooCommerce-Website zu bieten.","application_category":[],"applications_title":"","applications_request_title":"","applications_request_button_text":"","hero_text":"","hero_video":"","hero_video_schema_markup":"","selling_points_title":"","selling_points_caption":"","selling_points":[],"selling_points_cta_text":"","features_title":"","features":"","ed_cta_examples_text":"","ed_cta_examples_hidden":"","ed_cta_demo_text":"","ed_cta_demo_hidden":"","why_caption":"","why_editor_title":"","why_editor_text":"","why_team_title":"","why_team_text":"","why_service_title":"","why_service_text":"","template_catalog_visible":"0","template_catalog_title":"","template_catalog_text":"","template_catalog_categories_visible":"","demo_title":"Erstellen Sie Ihre Bewertungen von Amazon-App","demo_caption":"Konfigurieren Sie Ihre Bewertungen von Amazon und f\u00fcgen Sie sie kostenlos zu Ihrer WooCommerce-Website hinzu!","default_faq_hidden":"","app_template_category":[],"platform":"200","template_public_id":"","codecanyon_url":"","codecanyon_item_id":"","codecanyon_price":"","pricing_caption":"","pricing_elfsight_apps_hide_column":"","pricing_elfsight_apps_url":"","pricing_codecanyon_price_caption":"","integration_category":[],"integration_request_title":"","integration_request_cta":"","integration_platform":"","integrations":[],"platform_category":[],"video_schema_markup":"","price":"ab 0 $ \/ Monat","trial":"","benefits":[{"text":"Kostenloser Installationsservice"},{"text":"Kompetenter Kundenservice"},{"text":"14-t\u00e4gige Geld-zur\u00fcck-Garantie"},{"text":"Laufende Updates"}],"button_url":"#demo","button_target_blank":"0","button_nofollow":"0","attributes":[{"name":"Installiert","content":"10,000 - 100,000"},{"name":"Reaktionsfreudig","content":"Funktioniert auf mobilen Websites"},{"name":"Kompatible Browser","content":"Firefox, Safari, Opera, Chrome, Edge"}],"tags":[],"tags_disable_links":"0","hide_more_platforms":"","video_object":"","demo_hide_cta":"0","demo_hide_cloud_options":"0","pricing_title":"","pricing":[{"pricing_icon":"platform","pricing_title":"Elfsight Apps","pricing_title_caption":"Plattform\u00fcbergreifende digitale L\u00f6sung, die f\u00fcr jede Website geeignet ist","pricing_price":"ab 0 $ \/ Monat","pricing_price_caption":"Beginnen Sie mit einem kostenlosen Plan","pricing_benefits":[{"text":"Unbegrenzte Domains"},{"text":"Kostenloser Kundensupport und gut dokumentiert"},{"text":"Kostenlose Installationshilfe"},{"text":"100 % anpassbar"}],"pricing_button_text":"Zur Website hinzuf\u00fcgen","pricing_button_url":"#demo"}],"related_apps_title":"","related_apps_hidden":"0","author":"","image":[],"title":"","job":"","social_networks":[]},"_links":{"self":[{"href":"https:\/\/elfsight.com\/de\/wp-json\/wp\/v2\/pages\/16736","targetHints":{"allow":["GET"]}}],"collection":[{"href":"https:\/\/elfsight.com\/de\/wp-json\/wp\/v2\/pages"}],"about":[{"href":"https:\/\/elfsight.com\/de\/wp-json\/wp\/v2\/types\/page"}],"author":[{"embeddable":true,"href":"https:\/\/elfsight.com\/de\/wp-json\/wp\/v2\/users\/9"}],"replies":[{"embeddable":true,"href":"https:\/\/elfsight.com\/de\/wp-json\/wp\/v2\/comments?post=16736"}],"version-history":[{"count":2,"href":"https:\/\/elfsight.com\/de\/wp-json\/wp\/v2\/pages\/16736\/revisions"}],"predecessor-version":[{"id":23869,"href":"https:\/\/elfsight.com\/de\/wp-json\/wp\/v2\/pages\/16736\/revisions\/23869"}],"up":[{"embeddable":true,"href":"https:\/\/elfsight.com\/de\/wp-json\/wp\/v2\/pages\/1614"}],"wp:attachment":[{"href":"https:\/\/elfsight.com\/de\/wp-json\/wp\/v2\/media?parent=16736"}],"curies":[{"name":"wp","href":"https:\/\/api.w.org\/{rel}","templated":true}]}}