{"id":16730,"date":"2024-05-03T06:27:32","date_gmt":"2024-05-03T06:27:32","guid":{"rendered":"https:\/\/elfsight.com\/de\/?page_id=16730"},"modified":"2025-02-18T12:44:00","modified_gmt":"2025-02-18T12:44:00","slug":"google-sites","status":"publish","type":"page","link":"https:\/\/elfsight.com\/de\/amazon-reviews-widget\/google-sites\/","title":{"rendered":"Amazon Reviews &#8211; Google Sites"},"content":{"rendered":"\n<div class=\"application-platform-content-item-description application-platform-content-item\" id=\"description\" data-nav-section=\"description\"><h2>Einbetten von Bewertungen von Amazon auf Google Sites mit dem Elfsight-Widget<\/h2><p>Das Elfsight-Bewertungen von Amazon-Gadget f\u00fcr Google Sites ist die praktischste Methode dazu Verbessern Sie Ihr Markenimage, indem Sie echten Besuchern Kommentare zu Ihren Produkten zeigen. Pr\u00e4sentieren Sie nur die besten oder bedeutungsvollsten Reaktionen und ordnen Sie sie nach Ihren W\u00fcnschen an. Sammeln Sie soziale Beweise, indem Sie Ihren Website-Besuchern zeigen, dass Sie ein zuverl\u00e4ssiger Partner sind.<\/p><p>Motivieren Sie Benutzer, neue Bewertungen zu Ihrer Marke zu ver\u00f6ffentlichen und verbessern Sie die Kundengespr\u00e4che!<\/p><\/div><div class=\"application-platform-content-item-features  application-platform-content-item\" id=\"features \" data-nav-section=\"features \"><h2>Hauptfunktionen des Bewertungen von Amazon-Widgets<\/h2><p>Um eine klare Vorstellung von Amazon-Testimonials zu erhalten, sehen Sie sich die Liste der Hauptfunktionen an. Sie machen dieses Widget f\u00fcr Sie unglaublich effizient:<\/p><ul><li>3 gebrauchsfertige Filter: nach Typ, Ausschlie\u00dfen nach und Anzahl der Bewertungen;<\/li><li>Vier vordefinierte Layouts: Liste , Raster, Mauerwerk und Schieberegler;<\/li><li>Vollst\u00e4ndig flexible Kopfzeile des Widgets;<\/li><li>\u00dcberpr\u00fcfungsanfrage-Schaltfl\u00e4che leitet Besucher auf Ihre Amazon-Seite;<\/li><li>Sechs anpassbare Elemente von die Rezensionen: Name des Autors und Foto, Empfehlung, Datum der Ver\u00f6ffentlichung, Amazon-Symbol und Sternebewertung;<\/li><li>Zwei m\u00f6gliche Szenarien nach der Ablehnung einer Rezensionsanfrage: eine benutzerdefinierte Nachricht anzeigen oder die Schaltfl\u00e4che ausblenden;<\/li><\/ul><p><a href=\"#demo\">Weitere Funktionen in der Demo erfahren<\/a><\/p><\/div><div class=\"application-platform-content-item-installation application-platform-content-item\" id=\"installation\" data-nav-section=\"installation\"><h2>So f\u00fcgen Sie Amazon hinzu Rezensionen-Widget zur Google-Website<\/h2><p>Die folgenden Schritte sind das Einzige, was Sie zum Einrichten des Widgets ben\u00f6tigen. Befolgen Sie einfach die nachstehenden Richtlinien, um das Gadget einzuf\u00fcgen.<\/p><ol><li><b>F\u00fchren Sie unseren kostenlosen Konfigurator aus und beginnen Sie mit der Erstellung Ihres einzigartigen Widgets. <\/b><br> Suchen Sie die ausgew\u00e4hlte Schnittstelle und die Spezifikationen des Widgets und \u00fcbernehmen Sie die \u00c4nderungen. <\/li> <li><b>Sie erhalten Ihren pers\u00f6nlichen Code, der im speziellen Formular auf Elfsight Apps angezeigt wird. <\/b><br> Wenn die Erstellung Ihres Plugins abgeschlossen ist, kopieren Sie den pers\u00f6nlichen Code aus dem angezeigten Popup und bewahren Sie ihn f\u00fcr die zuk\u00fcnftige Verwendung auf. <\/li> <li><b>Initiieren Sie die Anwendung auf der Google Sites-Webseite. <\/b><br> F\u00fcgen Sie den zuvor kopierten Code in Ihre Website ein und wenden Sie die Verbesserungen an. <\/li> <li><b>Du bist fertig! Das Setup ist vollst\u00e4ndig durchgef\u00fchrt. <\/b><br> Besuchen Sie Ihre Webseite, um in Aktion zu sehen, wie das Plugin funktioniert. <\/li><\/ol><div class=\"tip-yellow tip\"><b>Aufgrund der Besonderheiten der Google Sites-Funktion sieht das Widget m\u00f6glicherweise anders aus als die Online-Demo. Wir entschuldigen uns f\u00fcr etwaige Unannehmlichkeiten.<\/b><\/div><p>Wenn Sie Fragen haben oder auf Komplikationen sto\u00dfen, z\u00f6gern Sie nicht, sich an unseren Kundendienst zu wenden. Unsere Berater beantworten gerne alle Fragen, die Sie m\u00f6glicherweise zum Produkt haben.<\/p> <div class=\"faq\" data-component=\"FAQ\"> <div class=\"faq-item\">\r\n\t\t\t\t\t<div class=\"faq-item-question\">\r\n\t\t\t\t\t\t<h3 class=\"faq-item-question-text\">Wie f\u00fcge ich Bewertungen von Amazon ohne Programmierkenntnisse zu meiner Google Sites-Website hinzu?<\/h3>\r\n\r\n\t\t\t\t\t\t<div class=\"faq-item-question-icon\"><\/div>\r\n\t\t\t\t\t<\/div>\r\n\r\n\t\t\t\t\t<div class=\"faq-item-answer\">\r\n\t\t\t\t\t\t<div class=\"faq-item-answer-text\"> <p>Elfsight bietet Eine SaaS-L\u00f6sung, mit der Sie selbst ein Amazon-Rezensions-Widget erstellen k\u00f6nnen. Sehen Sie, wie einfach der Vorgang ist: Arbeiten Sie direkt im Online-Editor, um ein Bewertungen von Amazon-Widget zu erstellen, das Sie gerne auf Ihrer Google Sites-Website sehen w\u00fcrden. W\u00e4hlen Sie eine der vorgefertigten Vorlagen aus und passen Sie die Einstellungen f\u00fcr Bewertungen von Amazon an, f\u00fcgen Sie Ihre Inhalte hinzu, \u00e4ndern Sie das Layout und die Farbe der Elemente, ohne dass Sie Programmierkenntnisse ben\u00f6tigen. Speichern Sie die Bewertungen von Amazon und kopieren Sie den Installationscode, den Sie problemlos in Ihre Google Sites-Website einf\u00fcgen k\u00f6nnen, ohne einen kostenpflichtigen Plan zu kaufen. Mit unserem intuitiven Editor kann jeder Internetnutzer das Widget Bewertungen von Amazon online erstellen und es ganz einfach in seine Google Sites-Website einbetten. Sie m\u00fcssen weder bezahlen noch Ihre Kartendaten eingeben, um auf den Service zuzugreifen. Sollten bei irgendeinem Schritt Probleme auftreten, wenden Sie sich bitte an unser technisches Support-Team.<\/p> <\/div>\r\n\t\t\t\t\t<\/div>\r\n\t\t\t\t<\/div> <\/div> <\/div>\n","protected":false},"excerpt":{"rendered":"","protected":false},"author":9,"featured_media":0,"parent":1614,"menu_order":0,"comment_status":"closed","ping_status":"closed","template":"templates\/template-application-platform.php","meta":{"publish_to_discourse":"","publish_post_category":"","wpdc_auto_publish_overridden":"","wpdc_topic_tags":"","wpdc_pin_topic":"","wpdc_pin_until":"","discourse_post_id":"","discourse_permalink":"","wpdc_publishing_response":"","wpdc_publishing_error":"","footnotes":""},"class_list":["post-16730","page","type-page","status-publish","hentry"],"yoast_head":"<!-- This site is optimized with the Yoast SEO plugin v25.3.1 - https:\/\/yoast.com\/wordpress\/plugins\/seo\/ -->\n<title>Bewertungen von Amazon \u2013 Amazon-Widget zu Google Sites hinzuf\u00fcgen (2025)<\/title>\n<meta name=\"description\" content=\"Betten Sie ein responsives Bewertungen von Amazon-Widget in Ihre Google Sites-Seite ein und schaffen Sie volles Vertrauen. Nutzen Sie die Elfsight-Demo, um Ihr einzigartiges Feature zu erstellen.\" \/>\n<meta name=\"robots\" content=\"index, follow, max-snippet:-1, max-image-preview:large, max-video-preview:-1\" \/>\n<link rel=\"canonical\" href=\"https:\/\/elfsight.com\/de\/amazon-reviews-widget\/google-sites\/\" \/>\n<meta property=\"og:locale\" content=\"de_DE\" \/>\n<meta property=\"og:type\" content=\"article\" \/>\n<meta property=\"og:title\" content=\"Bewertungen von Amazon \u2013 Amazon-Widget zu Google Sites hinzuf\u00fcgen (2025)\" \/>\n<meta property=\"og:description\" content=\"Betten Sie ein responsives Bewertungen von Amazon-Widget in Ihre Google Sites-Seite ein und schaffen Sie volles Vertrauen. Nutzen Sie die Elfsight-Demo, um Ihr einzigartiges Feature zu erstellen.\" \/>\n<meta property=\"og:url\" content=\"https:\/\/elfsight.com\/de\/amazon-reviews-widget\/google-sites\/\" \/>\n<meta property=\"og:site_name\" content=\"Elfsight DE\" \/>\n<meta property=\"article:modified_time\" content=\"2025-02-18T12:44:00+00:00\" \/>\n<meta name=\"twitter:card\" content=\"summary_large_image\" \/>\n<meta name=\"twitter:label1\" content=\"Gesch\u00e4tzte Lesezeit\" \/>\n\t<meta name=\"twitter:data1\" content=\"4\u00a0Minuten\" \/>\n<!-- \/ Yoast SEO plugin. -->","yoast_head_json":{"title":"Bewertungen von Amazon \u2013 Amazon-Widget zu Google Sites hinzuf\u00fcgen (2025)","description":"Betten Sie ein responsives Bewertungen von Amazon-Widget in Ihre Google Sites-Seite ein und schaffen Sie volles Vertrauen. Nutzen Sie die Elfsight-Demo, um Ihr einzigartiges Feature zu erstellen.","robots":{"index":"index","follow":"follow","max-snippet":"max-snippet:-1","max-image-preview":"max-image-preview:large","max-video-preview":"max-video-preview:-1"},"canonical":"https:\/\/elfsight.com\/de\/amazon-reviews-widget\/google-sites\/","og_locale":"de_DE","og_type":"article","og_title":"Bewertungen von Amazon \u2013 Amazon-Widget zu Google Sites hinzuf\u00fcgen (2025)","og_description":"Betten Sie ein responsives Bewertungen von Amazon-Widget in Ihre Google Sites-Seite ein und schaffen Sie volles Vertrauen. Nutzen Sie die Elfsight-Demo, um Ihr einzigartiges Feature zu erstellen.","og_url":"https:\/\/elfsight.com\/de\/amazon-reviews-widget\/google-sites\/","og_site_name":"Elfsight DE","article_modified_time":"2025-02-18T12:44:00+00:00","twitter_card":"summary_large_image","twitter_misc":{"Gesch\u00e4tzte Lesezeit":"4\u00a0Minuten"},"schema":{"@context":"https:\/\/schema.org","@graph":[{"@type":"WebPage","@id":"https:\/\/elfsight.com\/de\/amazon-reviews-widget\/google-sites\/","url":"https:\/\/elfsight.com\/de\/amazon-reviews-widget\/google-sites\/","name":"Bewertungen von Amazon \u2013 Amazon-Widget zu Google Sites hinzuf\u00fcgen (2025)","isPartOf":{"@id":"https:\/\/elfsight.com\/de\/#website"},"datePublished":"2024-05-03T06:27:32+00:00","dateModified":"2025-02-18T12:44:00+00:00","description":"Betten Sie ein responsives Bewertungen von Amazon-Widget in Ihre Google Sites-Seite ein und schaffen Sie volles Vertrauen. Nutzen Sie die Elfsight-Demo, um Ihr einzigartiges Feature zu erstellen.","breadcrumb":{"@id":"https:\/\/elfsight.com\/de\/amazon-reviews-widget\/google-sites\/#breadcrumb"},"inLanguage":"de","potentialAction":[{"@type":"ReadAction","target":["https:\/\/elfsight.com\/de\/amazon-reviews-widget\/google-sites\/"]}]},{"@type":"BreadcrumbList","@id":"https:\/\/elfsight.com\/de\/amazon-reviews-widget\/google-sites\/#breadcrumb","itemListElement":[{"@type":"ListItem","position":1,"name":"Home","item":"https:\/\/elfsight.com\/de\/"},{"@type":"ListItem","position":2,"name":"Amazon Reviews","item":"https:\/\/elfsight.com\/de\/amazon-reviews-widget\/"},{"@type":"ListItem","position":3,"name":"Amazon Reviews &#8211; Google Sites"}]},{"@type":"WebSite","@id":"https:\/\/elfsight.com\/de\/#website","url":"https:\/\/elfsight.com\/de\/","name":"Elfsight DE","description":"Just another Elfsight Sites site","potentialAction":[{"@type":"SearchAction","target":{"@type":"EntryPoint","urlTemplate":"https:\/\/elfsight.com\/de\/?s={search_term_string}"},"query-input":{"@type":"PropertyValueSpecification","valueRequired":true,"valueName":"search_term_string"}}],"inLanguage":"de"}]}},"meta_box":{"industry":"","seo_heading":"","heading":"","description":"","cta_heading":"","cta_description":"","application":"496","h1":"Google Sites Bewertungen von Amazon-Widget","h1_caption":"Zeigen Sie Produktbewertungen von Amazon an, um Ihren Website-Besuchern m\u00fchelos zus\u00e4tzliche soziale Beweise auf Ihren Google Sites zu bieten.","application_category":[],"applications_title":"","applications_request_title":"","applications_request_button_text":"","hero_text":"","hero_video":"","hero_video_schema_markup":"","selling_points_title":"","selling_points_caption":"","selling_points":[],"selling_points_cta_text":"","features_title":"","features":"","ed_cta_examples_text":"","ed_cta_examples_hidden":"","ed_cta_demo_text":"","ed_cta_demo_hidden":"","why_caption":"","why_editor_title":"","why_editor_text":"","why_team_title":"","why_team_text":"","why_service_title":"","why_service_text":"","template_catalog_visible":"0","template_catalog_title":"","template_catalog_text":"","template_catalog_categories_visible":"","demo_title":"Erstellen Sie Ihr Bewertungen von Amazon-Widget","demo_caption":"Konfigurieren Sie Ihre Bewertungen von Amazon und f\u00fcgen Sie sie kostenlos zu Ihrer Google Sites-Website hinzu!","default_faq_hidden":"","app_template_category":[],"platform":"3000","template_public_id":"","codecanyon_url":"","codecanyon_item_id":"","codecanyon_price":"","pricing_caption":"","pricing_elfsight_apps_hide_column":"","pricing_elfsight_apps_url":"","pricing_codecanyon_price_caption":"","integration_category":[],"integration_request_title":"","integration_request_cta":"","integration_platform":"","integrations":[],"platform_category":[],"video_schema_markup":"","price":"ab 0 $ \/ Monat","trial":"","benefits":[{"text":"Kostenlose Installationsunterst\u00fctzung"},{"text":"Premium-Support"},{"text":"14-t\u00e4gige Geld-zur\u00fcck-Garantie"},{"text":"Kontinuierliche Verbesserungen"}],"button_url":"#demo","button_target_blank":"0","button_nofollow":"0","attributes":[{"name":"Installiert","content":"10,000 - 100,000"},{"name":"Reaktionsfreudig","content":"Ja"},{"name":"Kompatible Browser","content":"Edge, Opera, Safari, Chrome, Firefox"}],"tags":[],"tags_disable_links":"0","hide_more_platforms":"0","video_object":"","demo_hide_cta":"0","demo_hide_cloud_options":"0","pricing_title":"","pricing":[{"pricing_icon":"platform","pricing_title":"Elfsight Apps","pricing_title_caption":"Plattform\u00fcbergreifende Version","pricing_price":"ab 0 $ \/ Monat","pricing_price_caption":"Beginnen Sie mit einem kostenlosen Plan","pricing_benefits":[{"text":"Unbegrenzte Websites"},{"text":"Kostenloser und p\u00fcnktlicher Support"},{"text":"Kostenloser Installationsservice"},{"text":"Sonderpreis f\u00fcr mehrere Apps"}],"pricing_button_text":"Zur Website hinzuf\u00fcgen","pricing_button_url":"#demo"}],"related_apps_title":"","related_apps_hidden":"0","author":"","image":[],"title":"","job":"","social_networks":[]},"_links":{"self":[{"href":"https:\/\/elfsight.com\/de\/wp-json\/wp\/v2\/pages\/16730","targetHints":{"allow":["GET"]}}],"collection":[{"href":"https:\/\/elfsight.com\/de\/wp-json\/wp\/v2\/pages"}],"about":[{"href":"https:\/\/elfsight.com\/de\/wp-json\/wp\/v2\/types\/page"}],"author":[{"embeddable":true,"href":"https:\/\/elfsight.com\/de\/wp-json\/wp\/v2\/users\/9"}],"replies":[{"embeddable":true,"href":"https:\/\/elfsight.com\/de\/wp-json\/wp\/v2\/comments?post=16730"}],"version-history":[{"count":4,"href":"https:\/\/elfsight.com\/de\/wp-json\/wp\/v2\/pages\/16730\/revisions"}],"predecessor-version":[{"id":24336,"href":"https:\/\/elfsight.com\/de\/wp-json\/wp\/v2\/pages\/16730\/revisions\/24336"}],"up":[{"embeddable":true,"href":"https:\/\/elfsight.com\/de\/wp-json\/wp\/v2\/pages\/1614"}],"wp:attachment":[{"href":"https:\/\/elfsight.com\/de\/wp-json\/wp\/v2\/media?parent=16730"}],"curies":[{"name":"wp","href":"https:\/\/api.w.org\/{rel}","templated":true}]}}