{"id":16729,"date":"2024-05-03T06:27:31","date_gmt":"2024-05-03T06:27:31","guid":{"rendered":"https:\/\/elfsight.com\/de\/?page_id=16729"},"modified":"2025-02-18T13:03:07","modified_gmt":"2025-02-18T13:03:07","slug":"godaddy","status":"publish","type":"page","link":"https:\/\/elfsight.com\/de\/amazon-reviews-widget\/godaddy\/","title":{"rendered":"Amazon Reviews &#8211; GoDaddy"},"content":{"rendered":"\n<div class=\"application-platform-content-item-description application-platform-content-item\" id=\"description\" data-nav-section=\"description\"><h2>Bewertungen von Amazon auf GoDaddy mit dem Elfsight-Widget einbetten<\/h2><p>Das Elfsight Bewertungen von Amazon-Plugin ist die praktischste Methode, um Ihr Markenimage zu verbessern indem Sie echte Besucherkommentare zu Ihren Waren anzeigen. Pr\u00e4sentieren Sie nur die besten oder bedeutungsvollsten Reaktionen und ordnen Sie sie nach Ihren W\u00fcnschen an. Sammeln Sie soziale Beweise, indem Sie Ihren Website-Besuchern zeigen, dass Sie ein zuverl\u00e4ssiger Partner sind.<\/p><p>Motivieren Sie Benutzer, neue Bewertungen zu Ihrer Marke zu ver\u00f6ffentlichen und verbessern Sie die Kundengespr\u00e4che!<\/p><\/div><div class=\"application-platform-content-item-features  application-platform-content-item\" id=\"features \" data-nav-section=\"features \"><h2>Hauptfunktionen des Bewertungen von Amazon-Widgets<\/h2><p>Um eine klare Vorstellung von Bewertungen von Amazon zu erhalten, sehen Sie sich die Liste der Hauptfunktionen an. Sie machen dieses Plugin f\u00fcr Sie unglaublich effizient:<\/p><ul><li>3 gebrauchsfertige Filter: nach Typ, Ausschlie\u00dfen nach und Anzahl der Bewertungen;<\/li><li>Vier vordefinierte Layouts: Liste , Raster, Mauerwerk und Schieberegler;<\/li><li>Vollst\u00e4ndig flexibler Header des Plugins;<\/li><li>\u00dcberpr\u00fcfungsanfrage-Schaltfl\u00e4che leitet Besucher auf Ihre Amazon-Seite;<\/li><li>Sechs anpassbare Elemente von die Rezensionen: Name des Autors und Foto, Empfehlung, Datum der Ver\u00f6ffentlichung, Amazon-Symbol und Sternebewertung;<\/li><li>Zwei m\u00f6gliche Szenarien nach der Ablehnung einer Rezensionsanfrage: eine benutzerdefinierte Nachricht anzeigen oder die Schaltfl\u00e4che ausblenden;<\/li><\/ul><p><a href=\"#demo\">Weitere Funktionen in der Demo erfahren<\/a><\/p><\/div><div class=\"application-platform-content-item-installation application-platform-content-item\" id=\"installation\" data-nav-section=\"installation\"><h2>So f\u00fcgen Sie Amazon hinzu Rezensionen zur Website<\/h2><p>Die folgenden Schritte sind das Einzige, was Sie brauchen, um das Plugin einzurichten.<\/p>\n<ol>\n<li><b>Nutzen Sie unseren kostenlosen Konfigurator und beginnen Sie, Ihr individuelles Widget zu erstellen.<\/b><br>W\u00e4hlen Sie die gew\u00fcnschten Funktionen und Einstellungen f\u00fcr Ihr Widget aus und nehmen Sie die Anpassungen vor.<\/li>\n<li><b>Sobald die Konfiguration abgeschlossen ist, erhalten Sie Ihren pers\u00f6nlichen Code.<\/b><br>Kopieren Sie den Code aus dem angezeigten Popup und speichern Sie ihn f\u00fcr die sp\u00e4tere Verwendung.<\/li>\n<li><b>Starten Sie nun die Anwendung auf Ihrer GoDaddy-Website.<\/b><br>\nF\u00fcgen Sie den kopierten Code an der entsprechenden Stelle in Ihre Website ein und \u00fcbernehmen Sie die \u00c4nderungen.<\/li>\n<li><b>Fertig! Das Setup ist erfolgreich abgeschlossen.<\/b><br>\nBesuchen Sie Ihre Webseite, um das Widget in Aktion zu sehen und zu pr\u00fcfen, wie es funktioniert.<\/li>\n<\/ol>\n<p>Sie haben immer noch Zweifel? Oder Probleme haben? Mit nur einer einzigen Anfrage an unser Support-Team k\u00f6nnen alle Probleme gel\u00f6st werden.<\/p><div class=\"faq\" data-component=\"FAQ\"> <div class=\"faq-item\">\r\n\t\t\t\t\t<div class=\"faq-item-question\">\r\n\t\t\t\t\t\t<h3 class=\"faq-item-question-text\">Wie kann ich ohne Programmierkenntnisse Bewertungen von Amazon zu meiner GoDaddy-Website hinzuf\u00fcgen?<\/h3>\r\n\r\n\t\t\t\t\t\t<div class=\"faq-item-question-icon\"><\/div>\r\n\t\t\t\t\t<\/div>\r\n\r\n\t\t\t\t\t<div class=\"faq-item-answer\">\r\n\t\t\t\t\t\t<div class=\"faq-item-answer-text\"> <p>Elfsight bietet eine SaaS-L\u00f6sung daf\u00fcr k\u00f6nnen Sie selbst ein Amazon-Rezensions-Widget erstellen. Sehen Sie, wie einfach der Vorgang ist: Arbeiten Sie direkt im Online-Editor, um ein Amazon-Rezensions-Widget zu erstellen, das Sie gerne auf Ihrer GoDaddy-Website sehen w\u00fcrden. W\u00e4hlen Sie eine der vorgefertigten Vorlagen aus und passen Sie die Amazon-Rezensionseinstellungen an, f\u00fcgen Sie Ihre Inhalte hinzu, \u00e4ndern Sie das Layout und das Farbschema ohne Programmierkenntnisse. Speichern Sie die Bewertungen von Amazon und kopieren Sie den Installationscode, den Sie ganz einfach in Ihre GoDaddy-Website einf\u00fcgen k\u00f6nnen, ohne ein kostenpflichtiges Abonnement kaufen zu m\u00fcssen. Mit unserem intuitiven Editor kann jeder Internetnutzer online ein Amazon-Rezensions-Widget erstellen und es ganz einfach in seine GoDaddy-Website einbetten. Sie m\u00fcssen weder bezahlen noch Ihre Kartendaten eingeben, um auf den Service zuzugreifen. Sollten bei irgendeinem Schritt Probleme auftreten, wenden Sie sich bitte an unser technisches Support-Team.<\/p> <\/div>\r\n\t\t\t\t\t<\/div>\r\n\t\t\t\t<\/div> <\/div> <\/div>\n","protected":false},"excerpt":{"rendered":"","protected":false},"author":9,"featured_media":0,"parent":1614,"menu_order":0,"comment_status":"closed","ping_status":"closed","template":"templates\/template-application-platform.php","meta":{"publish_to_discourse":"","publish_post_category":"","wpdc_auto_publish_overridden":"","wpdc_topic_tags":"","wpdc_pin_topic":"","wpdc_pin_until":"","discourse_post_id":"","discourse_permalink":"","wpdc_publishing_response":"","wpdc_publishing_error":"","footnotes":""},"class_list":["post-16729","page","type-page","status-publish","hentry"],"yoast_head":"<!-- This site is optimized with the Yoast SEO plugin v25.3.1 - https:\/\/yoast.com\/wordpress\/plugins\/seo\/ -->\n<title>Bewertungen von Amazon \u2013 F\u00fcgen Sie das Bewertungs-Plugin zur GoDaddy-Website hinzu!<\/title>\n<meta name=\"description\" content=\"Werten Sie Ihre Website mit einem fantastischen Rezensionsbereich auf, indem Sie das Bewertungen von Amazon-Plugin f\u00fcr GoDaddy verwenden! Erstellen Sie Ihr Werkzeug in wenigen einfachen Schritten!\" \/>\n<meta name=\"robots\" content=\"index, follow, max-snippet:-1, max-image-preview:large, max-video-preview:-1\" \/>\n<link rel=\"canonical\" href=\"https:\/\/elfsight.com\/de\/amazon-reviews-widget\/godaddy\/\" \/>\n<meta property=\"og:locale\" content=\"de_DE\" \/>\n<meta property=\"og:type\" content=\"article\" \/>\n<meta property=\"og:title\" content=\"Bewertungen von Amazon \u2013 F\u00fcgen Sie das Bewertungs-Plugin zur GoDaddy-Website hinzu!\" \/>\n<meta property=\"og:description\" content=\"Werten Sie Ihre Website mit einem fantastischen Rezensionsbereich auf, indem Sie das Bewertungen von Amazon-Plugin f\u00fcr GoDaddy verwenden! Erstellen Sie Ihr Werkzeug in wenigen einfachen Schritten!\" \/>\n<meta property=\"og:url\" content=\"https:\/\/elfsight.com\/de\/amazon-reviews-widget\/godaddy\/\" \/>\n<meta property=\"og:site_name\" content=\"Elfsight DE\" \/>\n<meta property=\"article:modified_time\" content=\"2025-02-18T13:03:07+00:00\" \/>\n<meta name=\"twitter:card\" content=\"summary_large_image\" \/>\n<meta name=\"twitter:label1\" content=\"Gesch\u00e4tzte Lesezeit\" \/>\n\t<meta name=\"twitter:data1\" content=\"3\u00a0Minuten\" \/>\n<!-- \/ Yoast SEO plugin. -->","yoast_head_json":{"title":"Bewertungen von Amazon \u2013 F\u00fcgen Sie das Bewertungs-Plugin zur GoDaddy-Website hinzu!","description":"Werten Sie Ihre Website mit einem fantastischen Rezensionsbereich auf, indem Sie das Bewertungen von Amazon-Plugin f\u00fcr GoDaddy verwenden! Erstellen Sie Ihr Werkzeug in wenigen einfachen Schritten!","robots":{"index":"index","follow":"follow","max-snippet":"max-snippet:-1","max-image-preview":"max-image-preview:large","max-video-preview":"max-video-preview:-1"},"canonical":"https:\/\/elfsight.com\/de\/amazon-reviews-widget\/godaddy\/","og_locale":"de_DE","og_type":"article","og_title":"Bewertungen von Amazon \u2013 F\u00fcgen Sie das Bewertungs-Plugin zur GoDaddy-Website hinzu!","og_description":"Werten Sie Ihre Website mit einem fantastischen Rezensionsbereich auf, indem Sie das Bewertungen von Amazon-Plugin f\u00fcr GoDaddy verwenden! Erstellen Sie Ihr Werkzeug in wenigen einfachen Schritten!","og_url":"https:\/\/elfsight.com\/de\/amazon-reviews-widget\/godaddy\/","og_site_name":"Elfsight DE","article_modified_time":"2025-02-18T13:03:07+00:00","twitter_card":"summary_large_image","twitter_misc":{"Gesch\u00e4tzte Lesezeit":"3\u00a0Minuten"},"schema":{"@context":"https:\/\/schema.org","@graph":[{"@type":"WebPage","@id":"https:\/\/elfsight.com\/de\/amazon-reviews-widget\/godaddy\/","url":"https:\/\/elfsight.com\/de\/amazon-reviews-widget\/godaddy\/","name":"Bewertungen von Amazon \u2013 F\u00fcgen Sie das Bewertungs-Plugin zur GoDaddy-Website hinzu!","isPartOf":{"@id":"https:\/\/elfsight.com\/de\/#website"},"datePublished":"2024-05-03T06:27:31+00:00","dateModified":"2025-02-18T13:03:07+00:00","description":"Werten Sie Ihre Website mit einem fantastischen Rezensionsbereich auf, indem Sie das Bewertungen von Amazon-Plugin f\u00fcr GoDaddy verwenden! Erstellen Sie Ihr Werkzeug in wenigen einfachen Schritten!","breadcrumb":{"@id":"https:\/\/elfsight.com\/de\/amazon-reviews-widget\/godaddy\/#breadcrumb"},"inLanguage":"de","potentialAction":[{"@type":"ReadAction","target":["https:\/\/elfsight.com\/de\/amazon-reviews-widget\/godaddy\/"]}]},{"@type":"BreadcrumbList","@id":"https:\/\/elfsight.com\/de\/amazon-reviews-widget\/godaddy\/#breadcrumb","itemListElement":[{"@type":"ListItem","position":1,"name":"Home","item":"https:\/\/elfsight.com\/de\/"},{"@type":"ListItem","position":2,"name":"Amazon Reviews","item":"https:\/\/elfsight.com\/de\/amazon-reviews-widget\/"},{"@type":"ListItem","position":3,"name":"Amazon Reviews &#8211; GoDaddy"}]},{"@type":"WebSite","@id":"https:\/\/elfsight.com\/de\/#website","url":"https:\/\/elfsight.com\/de\/","name":"Elfsight DE","description":"Just another Elfsight Sites site","potentialAction":[{"@type":"SearchAction","target":{"@type":"EntryPoint","urlTemplate":"https:\/\/elfsight.com\/de\/?s={search_term_string}"},"query-input":{"@type":"PropertyValueSpecification","valueRequired":true,"valueName":"search_term_string"}}],"inLanguage":"de"}]}},"meta_box":{"industry":"","seo_heading":"","heading":"","description":"","cta_heading":"","cta_description":"","application":"496","h1":"GoDaddy Bewertungen von Amazon-Plugin","h1_caption":"Zeigen Sie Produktbewertungen von Amazon an, um Ihren Website-Besuchern m\u00fchelos zus\u00e4tzliche soziale Beweise auf Ihrer GoDaddy-Website zu bieten.","application_category":[],"applications_title":"","applications_request_title":"","applications_request_button_text":"","hero_text":"","hero_video":"","hero_video_schema_markup":"","selling_points_title":"","selling_points_caption":"","selling_points":[],"selling_points_cta_text":"","features_title":"","features":"","ed_cta_examples_text":"","ed_cta_examples_hidden":"","ed_cta_demo_text":"","ed_cta_demo_hidden":"","why_caption":"","why_editor_title":"","why_editor_text":"","why_team_title":"","why_team_text":"","why_service_title":"","why_service_text":"","template_catalog_visible":"0","template_catalog_title":"","template_catalog_text":"","template_catalog_categories_visible":"","demo_title":"Erstellen Sie Ihr Bewertungen von Amazon-Plugin","demo_caption":"Konfigurieren Sie Ihre Bewertungen von Amazon und f\u00fcgen Sie sie kostenlos zu Ihrer GoDaddy-Website hinzu!","default_faq_hidden":"","app_template_category":[],"platform":"241","template_public_id":"","codecanyon_url":"","codecanyon_item_id":"","codecanyon_price":"","pricing_caption":"","pricing_elfsight_apps_hide_column":"","pricing_elfsight_apps_url":"","pricing_codecanyon_price_caption":"","integration_category":[],"integration_request_title":"","integration_request_cta":"","integration_platform":"","integrations":[],"platform_category":[],"video_schema_markup":"","price":"ab 0 $ \/ Monat","trial":"","benefits":[{"text":"Kostenlose Installationsunterst\u00fctzung"},{"text":"Kompetenter Kundenservice"},{"text":"14-t\u00e4gige R\u00fcckerstattungsgarantie"},{"text":"Fortlaufende Entwicklung"}],"button_url":"#demo","button_target_blank":"0","button_nofollow":"0","attributes":[{"name":"Installiert","content":"10,000 - 100,000"},{"name":"Reaktionsfreudig","content":"Ja"},{"name":"Kompatible Browser","content":"IE11, Firefox, Safari, Opera, Chrome, Edge"}],"tags":[],"tags_disable_links":"0","hide_more_platforms":"0","video_object":"","demo_hide_cta":"0","demo_hide_cloud_options":"0","pricing_title":"","pricing":[{"pricing_icon":"platform","pricing_title":"Elfsight Apps","pricing_title_caption":"Plattform\u00fcbergreifende digitale L\u00f6sung, die auf jeder Website funktioniert","pricing_price":"ab 0 $ \/ Monat","pricing_price_caption":"Beginnen Sie mit einem kostenlosen Plan","pricing_benefits":[{"text":"Unbegrenzte Domains"},{"text":"Unternehmenssupport rund um die Uhr und gut dokumentiert"},{"text":"Kostenlose Installationsunterst\u00fctzung"},{"text":"Flexibles Design"}],"pricing_button_text":"Zur Website hinzuf\u00fcgen","pricing_button_url":"#demo"}],"related_apps_title":"","related_apps_hidden":"0","author":"","image":[],"title":"","job":"","social_networks":[]},"_links":{"self":[{"href":"https:\/\/elfsight.com\/de\/wp-json\/wp\/v2\/pages\/16729","targetHints":{"allow":["GET"]}}],"collection":[{"href":"https:\/\/elfsight.com\/de\/wp-json\/wp\/v2\/pages"}],"about":[{"href":"https:\/\/elfsight.com\/de\/wp-json\/wp\/v2\/types\/page"}],"author":[{"embeddable":true,"href":"https:\/\/elfsight.com\/de\/wp-json\/wp\/v2\/users\/9"}],"replies":[{"embeddable":true,"href":"https:\/\/elfsight.com\/de\/wp-json\/wp\/v2\/comments?post=16729"}],"version-history":[{"count":4,"href":"https:\/\/elfsight.com\/de\/wp-json\/wp\/v2\/pages\/16729\/revisions"}],"predecessor-version":[{"id":24339,"href":"https:\/\/elfsight.com\/de\/wp-json\/wp\/v2\/pages\/16729\/revisions\/24339"}],"up":[{"embeddable":true,"href":"https:\/\/elfsight.com\/de\/wp-json\/wp\/v2\/pages\/1614"}],"wp:attachment":[{"href":"https:\/\/elfsight.com\/de\/wp-json\/wp\/v2\/media?parent=16729"}],"curies":[{"name":"wp","href":"https:\/\/api.w.org\/{rel}","templated":true}]}}