{"id":16727,"date":"2024-05-03T06:27:29","date_gmt":"2024-05-03T06:27:29","guid":{"rendered":"https:\/\/elfsight.com\/de\/?page_id=16727"},"modified":"2025-01-15T14:57:11","modified_gmt":"2025-01-15T14:57:11","slug":"jimdo","status":"publish","type":"page","link":"https:\/\/elfsight.com\/de\/amazon-reviews-widget\/jimdo\/","title":{"rendered":"Amazon Reviews &#8211; Jimdo"},"content":{"rendered":"\n<div class=\"application-platform-content-item-description application-platform-content-item\" id=\"description\" data-nav-section=\"description\"> <h2>Beschreibung<\/h2> <p>Bewertungen von Amazon ist ein praktisches Jimdo-Tool, das Ihnen die M\u00f6glichkeit bietet, die Erfahrungsberichte zu Ihren Waren direkt auf Ihrem Ger\u00e4t zu pr\u00e4sentieren Website von allen g\u00e4ngigen Unternehmensbewertungsseiten. Wenn Sie unser Tool verwenden, haben Sie die M\u00f6glichkeit, Filter zum Ausblenden unerw\u00fcnschter Testimonials zu verwenden, Ihre Sterne- und Quantit\u00e4tsbewertung direkt von Ihrem Konto aus auf jeder Bewertungsseite anzuzeigen, Informationen zu den Erstellern der Bewertungen hinzuzuf\u00fcgen und einen Call-to-Action hinzuzuf\u00fcgen Dies motiviert Benutzer, ihre Meinung zu hinterlassen. Unser Amazon-Bewertungstool wird Sie dazu anspornen, Ihren wunderbaren sozialen Beweis direkt auf der Webseite zu demonstrieren und mehr neue Verk\u00e4ufe zu erzielen. <\/p><p><b>Erzielen Sie mit Bewertungen von Amazon ein schnelleres Gesch\u00e4ftswachstum und steigern Sie den Umsatz <\/b><\/p> <\/div> <div class=\"application-platform-content-item-features application-platform-content-item\" id=\"features\" data-nav-section=\"features\"> <h2>Dies sind nur einige davon Umfangreiche Widget-Funktionen: <\/h2> <ul><li>Kundenrezensionen von der Amazon-Seite integrieren<\/li><li>3 Arten von Filtern: nach Typ, Anzahl der Rezensionen und Ausschluss nach<\/li><li>Vier Sortierungen des Layouts: Mauerwerk, Raster, Slider und Liste<\/li><li>Zieht Navigations- und Pfeiltypen im Slider-Layout<\/li><li>Autoplay-Geschwindigkeit und Slide-Geschwindigkeit festlegen<\/li><li>W\u00e4hlen Sie den Paginierungstyp im Slider aus Layout<\/li><li>CTA-Schaltfl\u00e4che, um Bewertungen neuer Benutzer auf der Amazon-Seite zu erhalten<\/li><li>3 Bewertungsvorlagen: Bubble, Classic, Spotlight<\/li><li>Sechs flexible Elemente der Bewertungen: Foto und Name des Autors, Amazon-Symbol, Empfehlung, Datum und Sternebewertung<\/li><li>Eine Option zum \u00c4ndern der Schriftgr\u00f6\u00dfe des Rezensionstextes<\/li><\/ul><p><a href=\"#demo\">Das ist m\u00f6glich Probieren Sie die Angebote des Widgets anhand der Demo aus<\/a><\/p> <\/div> <div class=\"application-platform-content-item-installation application-platform-content-item\" id=\"installation\" data-nav-section=\"installation\"> <h2>Wie bette ich Bewertungen von Amazon auf meiner Jimdo-Website ein? <\/h2> <p>Befolgen Sie einfach die folgenden Richtlinien, um mit der Arbeit mit dem Tool zu beginnen. <\/p> <ol><li><b>Nutzen Sie unsere kostenlose Demo und beginnen Sie mit der Erstellung Ihres personalisierten Widgets. <\/b><br> W\u00e4hlen Sie die bevorzugten Design- und Funktionsmerkmale des Widgets und speichern Sie die \u00c4nderungen. <\/li> <li><b>Holen Sie sich Ihren einzigartigen Code, der in der speziellen Form auf Elfsight Apps angezeigt wird. <\/b><br> Sobald die Erstellung Ihres Widgets abgeschlossen ist, kopieren Sie den einzelnen Code im angezeigten Popup und bewahren Sie ihn zur weiteren Verwendung auf. <\/li> <li><b>Initiieren Sie die Nutzung des Widgets auf der Jimdo-Webseite. <\/b><br> Betten Sie den k\u00fcrzlich gespeicherten Code in Ihre Homepage ein und speichern Sie die \u00c4nderungen. <\/li> <li><b>Fertig! Das Setup wurde erfolgreich durchgef\u00fchrt. <\/b><br> Besuchen Sie Ihre Website, um die Leistung des Widgets zu sehen. <\/li><\/ol> <p>Bei Komplikationen k\u00f6nnen Sie sich gerne an unser Support-Team wenden. Unsere Spezialisten helfen Ihnen gerne bei allen Problemen mit dem Widget weiter. <\/p> <div class=\"faq\" data-component=\"FAQ\"> <div class=\"faq-item\">\r\n\t\t\t\t\t<div class=\"faq-item-question\">\r\n\t\t\t\t\t\t<h3 class=\"faq-item-question-text\">Wie kann ich ohne Programmierkenntnisse Bewertungen von Amazon zu meiner Jimdo-Website hinzuf\u00fcgen?<\/h3>\r\n\r\n\t\t\t\t\t\t<div class=\"faq-item-question-icon\"><\/div>\r\n\t\t\t\t\t<\/div>\r\n\r\n\t\t\t\t\t<div class=\"faq-item-answer\">\r\n\t\t\t\t\t\t<div class=\"faq-item-answer-text\"> <p>Elfsight bietet eine SaaS-L\u00f6sung, mit der Sie selbst ein Amazon-Bewertungs-Widget erstellen k\u00f6nnen. Sehen Sie, wie einfach das ist Der Vorgang ist: Arbeiten Sie direkt im Online-Editor, um ein Amazon-Rezensions-Widget zu erstellen, das Sie gerne auf Ihrer Jimdo-Website sehen w\u00fcrden. W\u00e4hlen Sie eine der vorgefertigten Vorlagen aus und passen Sie die Amazon-Rezensionseinstellungen an, f\u00fcgen Sie Ihre Inhalte hinzu, \u00e4ndern Sie das Layout und das Farbschema ohne Programmierkenntnisse. Speichern Sie die Bewertungen von Amazon und kopieren Sie den Installationscode, den Sie einfach in Ihre Jimdo-Website einf\u00fcgen k\u00f6nnen, ohne ein kostenpflichtiges Abonnement zu kaufen. Mit unserem intuitiven Editor kann jeder Internetnutzer online ein Amazon-Bewertungs-Widget erstellen und es ganz einfach in seine Jimdo-Website einbetten. Sie m\u00fcssen weder bezahlen noch Ihre Kartendaten eingeben, um auf den Service zuzugreifen. Sollten bei irgendeinem Schritt Probleme auftreten, wenden Sie sich bitte an unser technisches Support-Team.<\/p> <\/div>\r\n\t\t\t\t\t<\/div>\r\n\t\t\t\t<\/div> <\/div> <\/div>\n","protected":false},"excerpt":{"rendered":"","protected":false},"author":9,"featured_media":0,"parent":1614,"menu_order":0,"comment_status":"closed","ping_status":"closed","template":"templates\/template-application-platform.php","meta":{"publish_to_discourse":"","publish_post_category":"","wpdc_auto_publish_overridden":"","wpdc_topic_tags":"","wpdc_pin_topic":"","wpdc_pin_until":"","discourse_post_id":"","discourse_permalink":"","wpdc_publishing_response":"","wpdc_publishing_error":"","footnotes":""},"class_list":["post-16727","page","type-page","status-publish","hentry"],"yoast_head":"<!-- This site is optimized with the Yoast SEO plugin v25.3.1 - https:\/\/yoast.com\/wordpress\/plugins\/seo\/ -->\n<title>Bewertungen von Amazon | Amazon-Widget auf der Jimdo-Website hinzuf\u00fcgen<\/title>\n<meta name=\"description\" content=\"Erstellen Sie Ihr Bewertungen von Amazon Widget und platzieren Sie es schnell auf der Jimdo-Website. Wir bieten kostenlosen Kundensupport und weitere Boni.\" \/>\n<meta name=\"robots\" content=\"index, follow, max-snippet:-1, max-image-preview:large, max-video-preview:-1\" \/>\n<link rel=\"canonical\" href=\"https:\/\/elfsight.com\/de\/amazon-reviews-widget\/jimdo\/\" \/>\n<meta property=\"og:locale\" content=\"de_DE\" \/>\n<meta property=\"og:type\" content=\"article\" \/>\n<meta property=\"og:title\" content=\"Bewertungen von Amazon | Amazon-Widget auf der Jimdo-Website hinzuf\u00fcgen\" \/>\n<meta property=\"og:description\" content=\"Erstellen Sie Ihr Bewertungen von Amazon Widget und platzieren Sie es schnell auf der Jimdo-Website. Wir bieten kostenlosen Kundensupport und weitere Boni.\" \/>\n<meta property=\"og:url\" content=\"https:\/\/elfsight.com\/de\/amazon-reviews-widget\/jimdo\/\" \/>\n<meta property=\"og:site_name\" content=\"Elfsight DE\" \/>\n<meta property=\"article:modified_time\" content=\"2025-01-15T14:57:11+00:00\" \/>\n<meta name=\"twitter:card\" content=\"summary_large_image\" \/>\n<meta name=\"twitter:label1\" content=\"Gesch\u00e4tzte Lesezeit\" \/>\n\t<meta name=\"twitter:data1\" content=\"3\u00a0Minuten\" \/>\n<!-- \/ Yoast SEO plugin. -->","yoast_head_json":{"title":"Bewertungen von Amazon | Amazon-Widget auf der Jimdo-Website hinzuf\u00fcgen","description":"Erstellen Sie Ihr Bewertungen von Amazon Widget und platzieren Sie es schnell auf der Jimdo-Website. Wir bieten kostenlosen Kundensupport und weitere Boni.","robots":{"index":"index","follow":"follow","max-snippet":"max-snippet:-1","max-image-preview":"max-image-preview:large","max-video-preview":"max-video-preview:-1"},"canonical":"https:\/\/elfsight.com\/de\/amazon-reviews-widget\/jimdo\/","og_locale":"de_DE","og_type":"article","og_title":"Bewertungen von Amazon | Amazon-Widget auf der Jimdo-Website hinzuf\u00fcgen","og_description":"Erstellen Sie Ihr Bewertungen von Amazon Widget und platzieren Sie es schnell auf der Jimdo-Website. Wir bieten kostenlosen Kundensupport und weitere Boni.","og_url":"https:\/\/elfsight.com\/de\/amazon-reviews-widget\/jimdo\/","og_site_name":"Elfsight DE","article_modified_time":"2025-01-15T14:57:11+00:00","twitter_card":"summary_large_image","twitter_misc":{"Gesch\u00e4tzte Lesezeit":"3\u00a0Minuten"},"schema":{"@context":"https:\/\/schema.org","@graph":[{"@type":"WebPage","@id":"https:\/\/elfsight.com\/de\/amazon-reviews-widget\/jimdo\/","url":"https:\/\/elfsight.com\/de\/amazon-reviews-widget\/jimdo\/","name":"Bewertungen von Amazon | Amazon-Widget auf der Jimdo-Website hinzuf\u00fcgen","isPartOf":{"@id":"https:\/\/elfsight.com\/de\/#website"},"datePublished":"2024-05-03T06:27:29+00:00","dateModified":"2025-01-15T14:57:11+00:00","description":"Erstellen Sie Ihr Bewertungen von Amazon Widget und platzieren Sie es schnell auf der Jimdo-Website. Wir bieten kostenlosen Kundensupport und weitere Boni.","breadcrumb":{"@id":"https:\/\/elfsight.com\/de\/amazon-reviews-widget\/jimdo\/#breadcrumb"},"inLanguage":"de","potentialAction":[{"@type":"ReadAction","target":["https:\/\/elfsight.com\/de\/amazon-reviews-widget\/jimdo\/"]}]},{"@type":"BreadcrumbList","@id":"https:\/\/elfsight.com\/de\/amazon-reviews-widget\/jimdo\/#breadcrumb","itemListElement":[{"@type":"ListItem","position":1,"name":"Home","item":"https:\/\/elfsight.com\/de\/"},{"@type":"ListItem","position":2,"name":"Amazon Reviews","item":"https:\/\/elfsight.com\/de\/amazon-reviews-widget\/"},{"@type":"ListItem","position":3,"name":"Amazon Reviews &#8211; Jimdo"}]},{"@type":"WebSite","@id":"https:\/\/elfsight.com\/de\/#website","url":"https:\/\/elfsight.com\/de\/","name":"Elfsight DE","description":"Just another Elfsight Sites site","potentialAction":[{"@type":"SearchAction","target":{"@type":"EntryPoint","urlTemplate":"https:\/\/elfsight.com\/de\/?s={search_term_string}"},"query-input":{"@type":"PropertyValueSpecification","valueRequired":true,"valueName":"search_term_string"}}],"inLanguage":"de"}]}},"meta_box":{"industry":"","seo_heading":"","heading":"","description":"","cta_heading":"","cta_description":"","application":"496","h1":"Bewertungen von Amazon Widget f\u00fcr Jimdo","h1_caption":"Zeigen Sie Produktbewertungen von Amazon an, um Ihren Website-Besuchern m\u00fchelos zus\u00e4tzliche soziale Beweise f\u00fcr Ihre Jimdo-Website zu bieten.","application_category":[],"applications_title":"","applications_request_title":"","applications_request_button_text":"","hero_text":"","hero_video":"","hero_video_schema_markup":"","selling_points_title":"","selling_points_caption":"","selling_points":[],"selling_points_cta_text":"","features_title":"","features":"","ed_cta_examples_text":"","ed_cta_examples_hidden":"","ed_cta_demo_text":"","ed_cta_demo_hidden":"","why_caption":"","why_editor_title":"","why_editor_text":"","why_team_title":"","why_team_text":"","why_service_title":"","why_service_text":"","template_catalog_visible":"0","template_catalog_title":"","template_catalog_text":"","template_catalog_categories_visible":"","demo_title":"Erstellen Sie Ihr Bewertungen von Amazon Widget","demo_caption":"Konfigurieren Sie Ihre Bewertungen von Amazon und f\u00fcgen Sie sie kostenlos zu Ihrer Jimdo-Website hinzu!","default_faq_hidden":"","app_template_category":[],"platform":"239","template_public_id":"","codecanyon_url":"","codecanyon_item_id":"","codecanyon_price":"","pricing_caption":"","pricing_elfsight_apps_hide_column":"","pricing_elfsight_apps_url":"","pricing_codecanyon_price_caption":"","integration_category":[],"integration_request_title":"","integration_request_cta":"","integration_platform":"","integrations":[],"platform_category":[],"video_schema_markup":"","price":"ab 0 $ \/ Monat","trial":"","benefits":[{"text":"Kostenlose Installationshilfe"},{"text":"Au\u00dfergew\u00f6hnliche Unterst\u00fctzung"},{"text":"14-t\u00e4gige Geld-zur\u00fcck-Garantie"},{"text":"St\u00e4ndige Aktualisierung"}],"button_url":"#demo","button_target_blank":"0","button_nofollow":"0","attributes":[{"name":"Installiert","content":"10,000 - 100,000"},{"name":"Reaktionsfreudig","content":"Ja"},{"name":"Kompatible Browser","content":"Firefox, Safari, Opera, Chrome, Edge"}],"tags":[],"tags_disable_links":"0","hide_more_platforms":"","video_object":"","demo_hide_cta":"0","demo_hide_cloud_options":"0","pricing_title":"","pricing":[{"pricing_icon":"platform","pricing_title":"Elfsight Apps","pricing_title_caption":"Multiplattform-Version, die auf jeder Site funktioniert","pricing_price":"ab 0 $ \/ Monat","pricing_price_caption":"Beginnen Sie mit einem kostenlosen Plan","pricing_benefits":[{"text":"Unbegrenzte Domains"},{"text":"Engagierte Unternehmensunterst\u00fctzung"},{"text":"Kostenlose Installationshilfe"},{"text":"Flexibles Design"}],"pricing_button_text":"Zur Website hinzuf\u00fcgen","pricing_button_url":"#demo"}],"related_apps_title":"","related_apps_hidden":"0","author":"","image":[],"title":"","job":"","social_networks":[]},"_links":{"self":[{"href":"https:\/\/elfsight.com\/de\/wp-json\/wp\/v2\/pages\/16727","targetHints":{"allow":["GET"]}}],"collection":[{"href":"https:\/\/elfsight.com\/de\/wp-json\/wp\/v2\/pages"}],"about":[{"href":"https:\/\/elfsight.com\/de\/wp-json\/wp\/v2\/types\/page"}],"author":[{"embeddable":true,"href":"https:\/\/elfsight.com\/de\/wp-json\/wp\/v2\/users\/9"}],"replies":[{"embeddable":true,"href":"https:\/\/elfsight.com\/de\/wp-json\/wp\/v2\/comments?post=16727"}],"version-history":[{"count":3,"href":"https:\/\/elfsight.com\/de\/wp-json\/wp\/v2\/pages\/16727\/revisions"}],"predecessor-version":[{"id":23841,"href":"https:\/\/elfsight.com\/de\/wp-json\/wp\/v2\/pages\/16727\/revisions\/23841"}],"up":[{"embeddable":true,"href":"https:\/\/elfsight.com\/de\/wp-json\/wp\/v2\/pages\/1614"}],"wp:attachment":[{"href":"https:\/\/elfsight.com\/de\/wp-json\/wp\/v2\/media?parent=16727"}],"curies":[{"name":"wp","href":"https:\/\/api.w.org\/{rel}","templated":true}]}}