{"id":16721,"date":"2024-05-03T06:27:27","date_gmt":"2024-05-03T06:27:27","guid":{"rendered":"https:\/\/elfsight.com\/de\/?page_id=16721"},"modified":"2025-07-08T09:45:02","modified_gmt":"2025-07-08T09:45:02","slug":"bigcommerce","status":"publish","type":"page","link":"https:\/\/elfsight.com\/de\/all-in-one-reviews-widget\/bigcommerce\/","title":{"rendered":"All-in-One Reviews &#8211; BigCommerce"},"content":{"rendered":"<div class=\"application-platform-content-item-description application-platform-content-item\" id=\"description\" data-nav-section=\"description\"> <h2>Beschreibung<\/h2> <p>Elfsight All-in-One Reviews ist eine benutzerfreundliche App f\u00fcr BigCommerce, die Ihnen Folgendes bietet: M\u00f6glichkeit, alle Kommentare zu Ihrem Unternehmen von allen g\u00e4ngigen Websites mit Unternehmensbewertungen direkt auf Ihrer Website anzuzeigen. Mit unserem Plugin k\u00f6nnen Sie Filter zum Ausblenden unerw\u00fcnschter Kommentare verwenden, Ihre Sternebewertung und Zahlen aus Ihrem Konto auf jeder Website f\u00fcr Unternehmensbewertungen anzeigen, Informationen zu den Autoren der Bewertungen hinzuf\u00fcgen und eine faszinierende Call-to-Action-Schaltfl\u00e4che hinzuf\u00fcgen Das wird Benutzer dazu inspirieren, ihre Bewertung zu schreiben. Das Elfsight-Bewertungs-Widget hilft Ihnen dabei, Ihren bemerkenswerten Social Proof auf der Webseite zu demonstrieren und mehr Verk\u00e4ufe zu erzielen. <\/p> <p><b>Bewertungen von Google, Airbnb, Facebook, Amazon und vielen anderen in einem Tool f\u00fcr ultimativen Conversion-Boost und Kundenglaubw\u00fcrdigkeit!<\/b><\/p> <p><b>Steigern Sie die Anzahl der Verk\u00e4ufe mithilfe von Social Proof<\/b><br>Mithilfe der Bewertungen-App k\u00f6nnen Sie Ihr bestes Feedback von Google, Facebook, Airbnb, Amazon und anderen f\u00fchrenden Bewertungsseiten f\u00fcr Unternehmen abgeben und erhalten Mehr Neukunden.<\/p><p><b>Erhalten Sie mehr Kundenfeedback<\/b><br>Die attraktive Schaltfl\u00e4che \u201eBewertung abgeben\u201c motiviert Menschen dazu, ihre Meinung zu Ihren Produkten und Dienstleistungen mitzuteilen, was zu einem h\u00f6heren Ergebnis f\u00fchrt m\u00f6gliche Kundeneinsch\u00e4tzung.<\/b><p><b>Negative Bewertungen minimieren<\/b><br>Das Widget \u201eKundenbewertungen\u201c bietet Ihnen mehrere Filterm\u00f6glichkeiten, mit denen Sie negative Bewertungen kontrollieren und nur die positiven Bewertungen anzeigen k\u00f6nnen .<\/b><\/div> <div class=\"application-platform-content-item-features application-platform-content-item\" id=\"features\" data-nav-section=\"features\"> <h2>Sehen Sie sich die Liste der leistungsst\u00e4rksten Funktionen an: <\/h2> <ul><li>Eine Option zum Ein-\/Ausschalten des Headers von die App<\/li><li>Review-Anfrage-Schaltfl\u00e4che, um Benutzer auf Ihre Seite zu bringen<\/li><li>Exzellentes Design ist nur einen Klick entfernt<\/li><li>Malbare Elemente der App-Oberfl\u00e4che<\/li><li>Maximale Details f\u00fcr die Vertrauensbildung<\/li><\/ul><p><a href=\"#demo\">Untersuchen Sie alle Anpassungsoptionen in der voll ausgestatteten Demo<\/a><\/p> <\/div> <div class=\"application-platform-content-item-installation application-platform-content-item\" id=\"installation\" data-nav-section=\"installation\"> <h2>Wie f\u00fcge ich All-in-One-Bewertungen zu meiner BigCommerce-Website hinzu? <\/h2> <p>Befolgen Sie einfach die nachstehenden Anweisungen, um mit der Nutzung der App zu beginnen. <\/p> <ol><li><b>\u00d6ffnen Sie unsere kostenlose Demo und beginnen Sie mit der Erstellung Ihres eigenen Widgets. <\/b><br> W\u00e4hlen Sie die ausgew\u00e4hlte Benutzeroberfl\u00e4che und Aspekte des Widgets aus und speichern Sie alle Korrekturen. <\/li> <li><b>Kopieren Sie Ihren pers\u00f6nlichen Code, der im Feld auf Elfsight Apps angezeigt wird. <\/b><br> Wenn die Konfiguration Ihres pers\u00f6nlichen Widgets abgeschlossen ist, kopieren Sie den exklusiven Code im angezeigten Popup und speichern Sie ihn f\u00fcr eine sp\u00e4tere Gelegenheit. <\/li> <li><b>Initiieren Sie die Nutzung des Widgets auf der BigCommerce-Website. <\/b><br> F\u00fcgen Sie den zuvor gespeicherten Code in Ihre Website ein und speichern Sie die Anpassungen. <\/li> <li><b>Die Installation ist vollst\u00e4ndig durchgef\u00fchrt. <\/b><br> \u00d6ffnen Sie Ihre Webseite, um die Funktion des Widgets zu \u00fcberpr\u00fcfen. <\/li><\/ol><p>Wenn Sie auf Schwierigkeiten sto\u00dfen, z\u00f6gern Sie nicht, die Hilfe unseres Support-Teams in Anspruch zu nehmen. Unsere Berater sind bestrebt, alle Probleme zu l\u00f6sen, die Sie m\u00f6glicherweise mit dem Tool haben. <\/p> <div class=\"faq\" data-component=\"FAQ\"> <div class=\"faq-item\">\r\n\t\t\t\t\t<div class=\"faq-item-question\">\r\n\t\t\t\t\t\t<h3 class=\"faq-item-question-text\">Wie f\u00fcge ich All-in-one-Bewertungen ohne Programmierkenntnisse zu meiner BigCommerce-Website hinzu?<\/h3>\r\n\r\n\t\t\t\t\t\t<div class=\"faq-item-question-icon\"><\/div>\r\n\t\t\t\t\t<\/div>\r\n\r\n\t\t\t\t\t<div class=\"faq-item-answer\">\r\n\t\t\t\t\t\t<div class=\"faq-item-answer-text\"> <p>Elfsight bietet eine SaaS-L\u00f6sung, mit der Sie All-in-one-Bewertungen erstellen k\u00f6nnen Widget selbst erstellen, sehen Sie, wie einfach der Vorgang ist: Arbeiten Sie direkt im Online-Editor, um ein All-in-One-Bewertungs-Widget zu erstellen, das Sie gerne auf Ihrer BigCommerce-Website sehen w\u00fcrden. W\u00e4hlen Sie eine der vorgefertigten Vorlagen aus und passen Sie die Einstellungen f\u00fcr All-in-One-Bewertungen an, f\u00fcgen Sie Ihre Inhalte hinzu, \u00e4ndern Sie das Layout und die Farben ohne Programmierkenntnisse. Speichern Sie die All-in-One-Rezensionen und kopieren Sie den Installationscode, den Sie problemlos in Ihre BigCommerce-Website einbetten k\u00f6nnen, ohne ein kostenpflichtiges Abonnement zu kaufen. Mit unserem intuitiven Editor kann jeder Internetnutzer online ein All-in-One-Bewertungs-Widget erstellen und es einfach in seine BigCommerce-Website einbetten. Sie m\u00fcssen weder bezahlen noch Ihre Kartendaten eingeben, um auf den Service zuzugreifen. Sollten bei irgendeinem Schritt Probleme auftreten, wenden Sie sich bitte an unser technisches Support-Team.<\/p> <\/div>\r\n\t\t\t\t\t<\/div>\r\n\t\t\t\t<\/div> <\/div> <\/div>","protected":false},"excerpt":{"rendered":"","protected":false},"author":9,"featured_media":0,"parent":1450,"menu_order":0,"comment_status":"closed","ping_status":"closed","template":"templates\/template-application-platform.php","meta":{"publish_to_discourse":"","publish_post_category":"","wpdc_auto_publish_overridden":"","wpdc_topic_tags":"","wpdc_pin_topic":"","wpdc_pin_until":"","discourse_post_id":"","discourse_permalink":"","wpdc_publishing_response":"","wpdc_publishing_error":"","footnotes":""},"class_list":["post-16721","page","type-page","status-publish","hentry"],"yoast_head":"<!-- This site is optimized with the Yoast SEO plugin v25.3.1 - https:\/\/yoast.com\/wordpress\/plugins\/seo\/ -->\n<title>F\u00fcgen Sie Ihrer BigCommerce-Website ein responsives All-in-One-Bewertungs-Widget hinzu<\/title>\n<meta name=\"description\" content=\"F\u00fcgen Sie Ihrer BigCommerce-Webseite eine reaktionsf\u00e4hige All-in-One-Bewertungs-App hinzu und erhalten Sie volles Vertrauen. Nutzen Sie die n\u00fctzliche Elfsight-Demo, um Ihr einzigartiges Feature zu erstellen.\" \/>\n<meta name=\"robots\" content=\"index, follow, max-snippet:-1, max-image-preview:large, max-video-preview:-1\" \/>\n<link rel=\"canonical\" href=\"https:\/\/elfsight.com\/de\/all-in-one-reviews-widget\/bigcommerce\/\" \/>\n<meta property=\"og:locale\" content=\"de_DE\" \/>\n<meta property=\"og:type\" content=\"article\" \/>\n<meta property=\"og:title\" content=\"F\u00fcgen Sie Ihrer BigCommerce-Website ein responsives All-in-One-Bewertungs-Widget hinzu\" \/>\n<meta property=\"og:description\" content=\"F\u00fcgen Sie Ihrer BigCommerce-Webseite eine reaktionsf\u00e4hige All-in-One-Bewertungs-App hinzu und erhalten Sie volles Vertrauen. Nutzen Sie die n\u00fctzliche Elfsight-Demo, um Ihr einzigartiges Feature zu erstellen.\" \/>\n<meta property=\"og:url\" content=\"https:\/\/elfsight.com\/de\/all-in-one-reviews-widget\/bigcommerce\/\" \/>\n<meta property=\"og:site_name\" content=\"Elfsight DE\" \/>\n<meta property=\"article:modified_time\" content=\"2025-07-08T09:45:02+00:00\" \/>\n<meta name=\"twitter:card\" content=\"summary_large_image\" \/>\n<meta name=\"twitter:label1\" content=\"Gesch\u00e4tzte Lesezeit\" \/>\n\t<meta name=\"twitter:data1\" content=\"3\u00a0Minuten\" \/>\n<!-- \/ Yoast SEO plugin. -->","yoast_head_json":{"title":"F\u00fcgen Sie Ihrer BigCommerce-Website ein responsives All-in-One-Bewertungs-Widget hinzu","description":"F\u00fcgen Sie Ihrer BigCommerce-Webseite eine reaktionsf\u00e4hige All-in-One-Bewertungs-App hinzu und erhalten Sie volles Vertrauen. Nutzen Sie die n\u00fctzliche Elfsight-Demo, um Ihr einzigartiges Feature zu erstellen.","robots":{"index":"index","follow":"follow","max-snippet":"max-snippet:-1","max-image-preview":"max-image-preview:large","max-video-preview":"max-video-preview:-1"},"canonical":"https:\/\/elfsight.com\/de\/all-in-one-reviews-widget\/bigcommerce\/","og_locale":"de_DE","og_type":"article","og_title":"F\u00fcgen Sie Ihrer BigCommerce-Website ein responsives All-in-One-Bewertungs-Widget hinzu","og_description":"F\u00fcgen Sie Ihrer BigCommerce-Webseite eine reaktionsf\u00e4hige All-in-One-Bewertungs-App hinzu und erhalten Sie volles Vertrauen. Nutzen Sie die n\u00fctzliche Elfsight-Demo, um Ihr einzigartiges Feature zu erstellen.","og_url":"https:\/\/elfsight.com\/de\/all-in-one-reviews-widget\/bigcommerce\/","og_site_name":"Elfsight DE","article_modified_time":"2025-07-08T09:45:02+00:00","twitter_card":"summary_large_image","twitter_misc":{"Gesch\u00e4tzte Lesezeit":"3\u00a0Minuten"},"schema":{"@context":"https:\/\/schema.org","@graph":[{"@type":"WebPage","@id":"https:\/\/elfsight.com\/de\/all-in-one-reviews-widget\/bigcommerce\/","url":"https:\/\/elfsight.com\/de\/all-in-one-reviews-widget\/bigcommerce\/","name":"F\u00fcgen Sie Ihrer BigCommerce-Website ein responsives All-in-One-Bewertungs-Widget hinzu","isPartOf":{"@id":"https:\/\/elfsight.com\/de\/#website"},"datePublished":"2024-05-03T06:27:27+00:00","dateModified":"2025-07-08T09:45:02+00:00","description":"F\u00fcgen Sie Ihrer BigCommerce-Webseite eine reaktionsf\u00e4hige All-in-One-Bewertungs-App hinzu und erhalten Sie volles Vertrauen. Nutzen Sie die n\u00fctzliche Elfsight-Demo, um Ihr einzigartiges Feature zu erstellen.","breadcrumb":{"@id":"https:\/\/elfsight.com\/de\/all-in-one-reviews-widget\/bigcommerce\/#breadcrumb"},"inLanguage":"de","potentialAction":[{"@type":"ReadAction","target":["https:\/\/elfsight.com\/de\/all-in-one-reviews-widget\/bigcommerce\/"]}]},{"@type":"BreadcrumbList","@id":"https:\/\/elfsight.com\/de\/all-in-one-reviews-widget\/bigcommerce\/#breadcrumb","itemListElement":[{"@type":"ListItem","position":1,"name":"Home","item":"https:\/\/elfsight.com\/de\/"},{"@type":"ListItem","position":2,"name":"All-in-One Reviews","item":"https:\/\/elfsight.com\/de\/all-in-one-reviews-widget\/"},{"@type":"ListItem","position":3,"name":"All-in-One Reviews &#8211; BigCommerce"}]},{"@type":"WebSite","@id":"https:\/\/elfsight.com\/de\/#website","url":"https:\/\/elfsight.com\/de\/","name":"Elfsight DE","description":"Just another Elfsight Sites site","potentialAction":[{"@type":"SearchAction","target":{"@type":"EntryPoint","urlTemplate":"https:\/\/elfsight.com\/de\/?s={search_term_string}"},"query-input":{"@type":"PropertyValueSpecification","valueRequired":true,"valueName":"search_term_string"}}],"inLanguage":"de"}]}},"meta_box":{"industry":"","seo_heading":"","heading":"","description":"","cta_heading":"","cta_description":"","application":"517","h1":"BigCommerce All-in-One Reviews-App","h1_caption":"Sammeln und pr\u00e4sentieren Sie Bewertungen von mehreren Plattformen wie Google, Facebook und Yelp in einer einzigen App, um m\u00fchelos Vertrauen und Glaubw\u00fcrdigkeit auf Ihrer BigCommerce-Website aufzubauen.","application_category":[],"applications_title":"","applications_request_title":"","applications_request_button_text":"","hero_text":"","hero_video":"","hero_video_schema_markup":"","selling_points_title":"","selling_points_caption":"","selling_points":[],"selling_points_cta_text":"","features_title":"","features":"","ed_cta_examples_text":"","ed_cta_examples_hidden":"","ed_cta_demo_text":"","ed_cta_demo_hidden":"","why_caption":"","why_editor_title":"","why_editor_text":"","why_team_title":"","why_team_text":"","why_service_title":"","why_service_text":"","template_catalog_visible":"","template_catalog_title":"","template_catalog_text":"","template_catalog_categories_visible":"","demo_title":"Erstellen Sie Ihre All-in-One-Bewertungs-App","demo_caption":"Konfigurieren Sie Ihre All-in-One-Bewertungen und f\u00fcgen Sie sie kostenlos zu Ihrer BigCommerce-Website hinzu!","default_faq_hidden":"","app_template_category":[],"platform":"268","template_public_id":"","codecanyon_url":"","codecanyon_item_id":"","codecanyon_price":"","pricing_caption":"","pricing_elfsight_apps_hide_column":"","pricing_elfsight_apps_url":"","pricing_codecanyon_price_caption":"","integration_category":[],"integration_request_title":"","integration_request_cta":"","integration_platform":"","integrations":[],"platform_category":[],"video_schema_markup":"","price":"ab 0 $ \/ Monat","trial":"","benefits":[{"text":"Kostenlose Installationsunterst\u00fctzung"},{"text":"Erfahrener Kundensupport"},{"text":"14-t\u00e4gige R\u00fcckerstattungsgarantie"},{"text":"St\u00e4ndige Aktualisierung"}],"button_url":"#demo","button_target_blank":"","button_nofollow":"","attributes":[{"name":"Installiert","content":"100,000 - 500,000"},{"name":"Reaktionsfreudig","content":"Ja"},{"name":"Kompatible Browser","content":"IE 11, Firefox, Safari, Opera, Chrome, Edge"}],"tags":[],"tags_disable_links":"","hide_more_platforms":"","video_object":"","demo_hide_cta":"","demo_hide_cloud_options":"","pricing_title":"","pricing":[{"pricing_icon":"platform","pricing_title":"Elfsight Apps","pricing_title_caption":"Multiplattform-Software","pricing_price":"ab 0 $ \/ Monat","pricing_price_caption":"Beginnen Sie mit einem kostenlosen Plan","pricing_benefits":[{"text":"Unbegrenzte Websites"},{"text":"Professionelle Kundenbetreuung und gut dokumentiert"},{"text":"Kostenloser Installationsservice"},{"text":"Tolles Angebot f\u00fcr mehrere Apps"}],"pricing_button_text":"Zur Website hinzuf\u00fcgen","pricing_button_url":"#demo"}],"related_apps_title":"","related_apps_hidden":"","author":"","image":[],"title":"","job":"","social_networks":[]},"_links":{"self":[{"href":"https:\/\/elfsight.com\/de\/wp-json\/wp\/v2\/pages\/16721","targetHints":{"allow":["GET"]}}],"collection":[{"href":"https:\/\/elfsight.com\/de\/wp-json\/wp\/v2\/pages"}],"about":[{"href":"https:\/\/elfsight.com\/de\/wp-json\/wp\/v2\/types\/page"}],"author":[{"embeddable":true,"href":"https:\/\/elfsight.com\/de\/wp-json\/wp\/v2\/users\/9"}],"replies":[{"embeddable":true,"href":"https:\/\/elfsight.com\/de\/wp-json\/wp\/v2\/comments?post=16721"}],"version-history":[{"count":2,"href":"https:\/\/elfsight.com\/de\/wp-json\/wp\/v2\/pages\/16721\/revisions"}],"predecessor-version":[{"id":21224,"href":"https:\/\/elfsight.com\/de\/wp-json\/wp\/v2\/pages\/16721\/revisions\/21224"}],"up":[{"embeddable":true,"href":"https:\/\/elfsight.com\/de\/wp-json\/wp\/v2\/pages\/1450"}],"wp:attachment":[{"href":"https:\/\/elfsight.com\/de\/wp-json\/wp\/v2\/media?parent=16721"}],"curies":[{"name":"wp","href":"https:\/\/api.w.org\/{rel}","templated":true}]}}