{"id":16719,"date":"2024-05-03T06:27:25","date_gmt":"2024-05-03T06:27:25","guid":{"rendered":"https:\/\/elfsight.com\/de\/?page_id=16719"},"modified":"2025-07-08T09:45:15","modified_gmt":"2025-07-08T09:45:15","slug":"drupal","status":"publish","type":"page","link":"https:\/\/elfsight.com\/de\/all-in-one-reviews-widget\/drupal\/","title":{"rendered":"All-in-One Reviews &#8211; Drupal"},"content":{"rendered":"<div class=\"application-platform-content-item-description application-platform-content-item\" id=\"description\" data-nav-section=\"description\"> <h2>Beschreibung<\/h2> <p>Elfsight All-in-One Reviews ist ein praktisches Modul f\u00fcr Drupal, das Ihnen die M\u00f6glichkeit gibt, alle anzuzeigen Bewertungen zu Ihrem Unternehmen direkt auf Ihrer Website von allen g\u00e4ngigen Bewertungsseiten f\u00fcr Unternehmen. Mit unserem Widget k\u00f6nnen Sie Filter zum Ausblenden unerw\u00fcnschter Kommentare verwenden, Ihre Bewertung und Bewertung aus Ihrem Profil auf jeder Bewertungsseite angeben, Informationen zu den Autoren der Testimonials hinzuf\u00fcgen und eine interessante CTA-Schaltfl\u00e4che hinzuf\u00fcgen, die Benutzer anspricht um einen neuen Kommentar zu posten. Unser Bewertungs-Widget soll Ihnen dabei helfen, Ihren gro\u00dfartigen Social Proof auf Ihrer Webseite zu pr\u00e4sentieren und mehr Verk\u00e4ufe zu erzielen. <\/p> <p><b>Feedback von Facebook, Google, Amazon, Airbnb und vielen anderen Websites f\u00fcr Unternehmensbewertungen in einem Widget f\u00fcr h\u00f6chstm\u00f6gliche Conversion-Rate und Kundenglaubw\u00fcrdigkeit!<\/b><\/p> <p><b>Steigern Sie Ihre Verk\u00e4ufe mithilfe von Social Proof<\/b><br>Mithilfe des Moduls \u201eBewertungen\u201c pr\u00e4sentieren Sie Ihre erstklassigen Bewertungen von Google, Facebook, Airbnb, Amazon und anderen beliebten Bewertungsseiten f\u00fcr Unternehmen und erhalten immer mehr Neuigkeiten Kunden.<\/p><p><b>Erhalten Sie mehr Feedback<\/b><br>Die verlockende Schaltfl\u00e4che \u201eBewertung abgeben\u201c motiviert Menschen dazu, ihre Gedanken zu Ihren Produkten und Dienstleistungen mitzuteilen, was zu einer maximalen Kundenbewertung f\u00fchrt. <\/b><p><b>Negative Bewertungen reduzieren<\/b><br>Das Kundenbewertungs-Plugin bietet Ihnen mehrere Filterm\u00f6glichkeiten, die Ihnen die M\u00f6glichkeit geben, negative Bewertungen auszublenden und nur die positiven Bewertungen anzuzeigen.<\/b><\/div> <div class=\"application-platform-content-item-features application-platform-content-item\" id=\"features\" data-nav-section=\"features\"> <h2>Im Folgenden sind zentrale Funktionen des Widgets aufgef\u00fchrt: <\/h2> <ul><li>Umschaltbarer Header des Moduls<\/li><li>\u201eRezension schreiben\u201c Schaltfl\u00e4che zum Weiterleiten auf Ihre Seite<\/li><li>Tolles Styling ist nur einen Klick entfernt<\/li><li>Malbare Komponenten der Benutzeroberfl\u00e4che<\/li><li>Maximale Details f\u00fcr den Aufbau von Vertrauen<\/li><\/ul><p><a href=\"#demo\">Sie k\u00f6nnen sp\u00fcren, wie das Widget funktioniert, indem Sie die Demo ausprobieren<\/a><\/p> <\/div> <div class=\"application-platform-content-item-installation application-platform-content-item\" id=\"installation\" data-nav-section=\"installation\"> <h2>Wie kann ich All-in-One-Bewertungen in meine Drupal-Webseite einbetten? <\/h2> <p>F\u00fchren Sie einfach die folgenden Richtlinien aus, um das Modul zu integrieren. <\/p> <ol><li><b>Verwalten Sie unseren kostenlosen Konfigurator und beginnen Sie mit der Gestaltung Ihres ma\u00dfgeschneiderten Moduls. <\/b><br> W\u00e4hlen Sie das ausgew\u00e4hlte Aussehen und die Funktionalit\u00e4t des Moduls und \u00fcbernehmen Sie alle \u00c4nderungen. <\/li> <li><b>Erhalten Sie Ihren pers\u00f6nlichen Code, der im speziellen Formular auf Elfsight Apps angezeigt wird. <\/b><br> Nachdem die Einrichtung Ihres Moduls abgeschlossen ist, kopieren Sie den exklusiven Code im angezeigten Popup und speichern Sie ihn f\u00fcr einen sp\u00e4teren Anlass. <\/li> <li><b>Beginnen Sie mit der Verwendung des Moduls auf Ihrer Drupal-Website. <\/b><br> Geben Sie den zuvor gespeicherten Code auf Ihrer Webseite ein und \u00fcbernehmen Sie die \u00c4nderungen. <\/li> <li><b>Fertig! Die Einbettung ist vollst\u00e4ndig durchgef\u00fchrt. <\/b><br> Sehen Sie sich auf Ihrer Website an, wie das Modul funktioniert. <\/li><\/ol><p>Angenommen, Sie haben mit Komplikationen zu k\u00e4mpfen, scheuen Sie sich nicht, sich bei unserem Support-Team zu bewerben. Unsere Mitarbeiter helfen Ihnen gerne bei allen Fragen, die Sie zum Tool haben. <\/p> <div class=\"faq\" data-component=\"FAQ\"> <div class=\"faq-item\">\r\n\t\t\t\t\t<div class=\"faq-item-question\">\r\n\t\t\t\t\t\t<h3 class=\"faq-item-question-text\">Wie f\u00fcge ich All-in-One-Bewertungen ohne Programmierkenntnisse zu meiner Drupal-Website hinzu?<\/h3>\r\n\r\n\t\t\t\t\t\t<div class=\"faq-item-question-icon\"><\/div>\r\n\t\t\t\t\t<\/div>\r\n\r\n\t\t\t\t\t<div class=\"faq-item-answer\">\r\n\t\t\t\t\t\t<div class=\"faq-item-answer-text\"> <p>Elfsight bietet eine SaaS-L\u00f6sung, mit der Sie All-in-One-Bewertungen erstellen k\u00f6nnen Widget selbst erstellen, sehen Sie, wie einfach der Vorgang ist: Arbeiten Sie direkt im Online-Editor, um ein All-in-one-Bewertungs-Widget zu erstellen, das Sie gerne auf Ihrer Drupal-Website sehen w\u00fcrden. W\u00e4hlen Sie eine der vorgefertigten Vorlagen aus und passen Sie die Einstellungen f\u00fcr All-in-One-Bewertungen an, f\u00fcgen Sie Ihre Inhalte hinzu, \u00e4ndern Sie das Layout und das Farbschema ohne Programmierkenntnisse. Speichern Sie die All-in-One-Bewertungen und kopieren Sie den Installationscode, den Sie problemlos in Ihre Drupal-Website einf\u00fcgen k\u00f6nnen, ohne einen kostenpflichtigen Plan kaufen zu m\u00fcssen. Mit unserem intuitiven Editor kann jeder Internetnutzer online ein All-in-One-Bewertungs-Widget erstellen und es einfach in seine Drupal-Website einbetten. Sie m\u00fcssen weder bezahlen noch Ihre Kartendaten eingeben, um auf den Service zuzugreifen. Sollten bei irgendeinem Schritt Probleme auftreten, wenden Sie sich bitte an unser technisches Support-Team.<\/p> <\/div>\r\n\t\t\t\t\t<\/div>\r\n\t\t\t\t<\/div> <\/div> <\/div>","protected":false},"excerpt":{"rendered":"","protected":false},"author":9,"featured_media":0,"parent":1450,"menu_order":0,"comment_status":"closed","ping_status":"closed","template":"templates\/template-application-platform.php","meta":{"publish_to_discourse":"","publish_post_category":"","wpdc_auto_publish_overridden":"","wpdc_topic_tags":"","wpdc_pin_topic":"","wpdc_pin_until":"","discourse_post_id":"","discourse_permalink":"","wpdc_publishing_response":"","wpdc_publishing_error":"","footnotes":""},"class_list":["post-16719","page","type-page","status-publish","hentry"],"yoast_head":"<!-- This site is optimized with the Yoast SEO plugin v25.3.1 - https:\/\/yoast.com\/wordpress\/plugins\/seo\/ -->\n<title>F\u00fcgen Sie Ihrer Drupal-Website ein reaktionsf\u00e4higes All-in-One-Bewertungsmodul hinzu<\/title>\n<meta name=\"description\" content=\"Integrieren Sie ein reaktionsf\u00e4higes All-in-One-Bewertungsmodul in Ihre Drupal-Website und erreichen Sie volles Vertrauen. Nutzen Sie die Elfsight-Demo, um Ihr einzigartiges Feature zu konstruieren.\" \/>\n<meta name=\"robots\" content=\"index, follow, max-snippet:-1, max-image-preview:large, max-video-preview:-1\" \/>\n<link rel=\"canonical\" href=\"https:\/\/elfsight.com\/de\/all-in-one-reviews-widget\/drupal\/\" \/>\n<meta property=\"og:locale\" content=\"de_DE\" \/>\n<meta property=\"og:type\" content=\"article\" \/>\n<meta property=\"og:title\" content=\"F\u00fcgen Sie Ihrer Drupal-Website ein reaktionsf\u00e4higes All-in-One-Bewertungsmodul hinzu\" \/>\n<meta property=\"og:description\" content=\"Integrieren Sie ein reaktionsf\u00e4higes All-in-One-Bewertungsmodul in Ihre Drupal-Website und erreichen Sie volles Vertrauen. Nutzen Sie die Elfsight-Demo, um Ihr einzigartiges Feature zu konstruieren.\" \/>\n<meta property=\"og:url\" content=\"https:\/\/elfsight.com\/de\/all-in-one-reviews-widget\/drupal\/\" \/>\n<meta property=\"og:site_name\" content=\"Elfsight DE\" \/>\n<meta property=\"article:modified_time\" content=\"2025-07-08T09:45:15+00:00\" \/>\n<meta name=\"twitter:card\" content=\"summary_large_image\" \/>\n<meta name=\"twitter:label1\" content=\"Gesch\u00e4tzte Lesezeit\" \/>\n\t<meta name=\"twitter:data1\" content=\"3\u00a0Minuten\" \/>\n<!-- \/ Yoast SEO plugin. -->","yoast_head_json":{"title":"F\u00fcgen Sie Ihrer Drupal-Website ein reaktionsf\u00e4higes All-in-One-Bewertungsmodul hinzu","description":"Integrieren Sie ein reaktionsf\u00e4higes All-in-One-Bewertungsmodul in Ihre Drupal-Website und erreichen Sie volles Vertrauen. Nutzen Sie die Elfsight-Demo, um Ihr einzigartiges Feature zu konstruieren.","robots":{"index":"index","follow":"follow","max-snippet":"max-snippet:-1","max-image-preview":"max-image-preview:large","max-video-preview":"max-video-preview:-1"},"canonical":"https:\/\/elfsight.com\/de\/all-in-one-reviews-widget\/drupal\/","og_locale":"de_DE","og_type":"article","og_title":"F\u00fcgen Sie Ihrer Drupal-Website ein reaktionsf\u00e4higes All-in-One-Bewertungsmodul hinzu","og_description":"Integrieren Sie ein reaktionsf\u00e4higes All-in-One-Bewertungsmodul in Ihre Drupal-Website und erreichen Sie volles Vertrauen. Nutzen Sie die Elfsight-Demo, um Ihr einzigartiges Feature zu konstruieren.","og_url":"https:\/\/elfsight.com\/de\/all-in-one-reviews-widget\/drupal\/","og_site_name":"Elfsight DE","article_modified_time":"2025-07-08T09:45:15+00:00","twitter_card":"summary_large_image","twitter_misc":{"Gesch\u00e4tzte Lesezeit":"3\u00a0Minuten"},"schema":{"@context":"https:\/\/schema.org","@graph":[{"@type":"WebPage","@id":"https:\/\/elfsight.com\/de\/all-in-one-reviews-widget\/drupal\/","url":"https:\/\/elfsight.com\/de\/all-in-one-reviews-widget\/drupal\/","name":"F\u00fcgen Sie Ihrer Drupal-Website ein reaktionsf\u00e4higes All-in-One-Bewertungsmodul hinzu","isPartOf":{"@id":"https:\/\/elfsight.com\/de\/#website"},"datePublished":"2024-05-03T06:27:25+00:00","dateModified":"2025-07-08T09:45:15+00:00","description":"Integrieren Sie ein reaktionsf\u00e4higes All-in-One-Bewertungsmodul in Ihre Drupal-Website und erreichen Sie volles Vertrauen. Nutzen Sie die Elfsight-Demo, um Ihr einzigartiges Feature zu konstruieren.","breadcrumb":{"@id":"https:\/\/elfsight.com\/de\/all-in-one-reviews-widget\/drupal\/#breadcrumb"},"inLanguage":"de","potentialAction":[{"@type":"ReadAction","target":["https:\/\/elfsight.com\/de\/all-in-one-reviews-widget\/drupal\/"]}]},{"@type":"BreadcrumbList","@id":"https:\/\/elfsight.com\/de\/all-in-one-reviews-widget\/drupal\/#breadcrumb","itemListElement":[{"@type":"ListItem","position":1,"name":"Home","item":"https:\/\/elfsight.com\/de\/"},{"@type":"ListItem","position":2,"name":"All-in-One Reviews","item":"https:\/\/elfsight.com\/de\/all-in-one-reviews-widget\/"},{"@type":"ListItem","position":3,"name":"All-in-One Reviews &#8211; Drupal"}]},{"@type":"WebSite","@id":"https:\/\/elfsight.com\/de\/#website","url":"https:\/\/elfsight.com\/de\/","name":"Elfsight DE","description":"Just another Elfsight Sites site","potentialAction":[{"@type":"SearchAction","target":{"@type":"EntryPoint","urlTemplate":"https:\/\/elfsight.com\/de\/?s={search_term_string}"},"query-input":{"@type":"PropertyValueSpecification","valueRequired":true,"valueName":"search_term_string"}}],"inLanguage":"de"}]}},"meta_box":{"industry":"","seo_heading":"","heading":"","description":"","cta_heading":"","cta_description":"","application":"517","h1":"Drupal All-in-One Reviews-Modul","h1_caption":"Sammeln und pr\u00e4sentieren Sie Bewertungen von mehreren Plattformen wie Google, Facebook und Yelp in einem einzigen Modul, um m\u00fchelos Vertrauen und Glaubw\u00fcrdigkeit in Ihre Drupal-Website aufzubauen.","application_category":[],"applications_title":"","applications_request_title":"","applications_request_button_text":"","hero_text":"","hero_video":"","hero_video_schema_markup":"","selling_points_title":"","selling_points_caption":"","selling_points":[],"selling_points_cta_text":"","features_title":"","features":"","ed_cta_examples_text":"","ed_cta_examples_hidden":"","ed_cta_demo_text":"","ed_cta_demo_hidden":"","why_caption":"","why_editor_title":"","why_editor_text":"","why_team_title":"","why_team_text":"","why_service_title":"","why_service_text":"","template_catalog_visible":"","template_catalog_title":"","template_catalog_text":"","template_catalog_categories_visible":"","demo_title":"Erstellen Sie Ihr All-in-One-Bewertungsmodul","demo_caption":"Konfigurieren Sie Ihre All-in-One-Bewertungen und f\u00fcgen Sie sie kostenlos zu Ihrer Drupal-Website hinzu!","default_faq_hidden":"","app_template_category":[],"platform":"261","template_public_id":"","codecanyon_url":"","codecanyon_item_id":"","codecanyon_price":"","pricing_caption":"","pricing_elfsight_apps_hide_column":"","pricing_elfsight_apps_url":"","pricing_codecanyon_price_caption":"","integration_category":[],"integration_request_title":"","integration_request_cta":"","integration_platform":"","integrations":[],"platform_category":[],"video_schema_markup":"","price":"ab 0 $ \/ Monat","trial":"","benefits":[{"text":"Kostenlose Installationsunterst\u00fctzung"},{"text":"Erfahrener Kundensupport"},{"text":"14-t\u00e4gige R\u00fcckerstattungsgarantie"},{"text":"Zuk\u00fcnftige Updates"}],"button_url":"#demo","button_target_blank":"","button_nofollow":"","attributes":[{"name":"Installiert","content":"100,000 - 500,000"},{"name":"Reaktionsfreudig","content":"Ja"},{"name":"Kompatible Browser","content":"IE 11, Firefox, Safari, Opera, Chrome, Edge"}],"tags":[],"tags_disable_links":"","hide_more_platforms":"","video_object":"","demo_hide_cta":"","demo_hide_cloud_options":"","pricing_title":"","pricing":[{"pricing_icon":"platform","pricing_title":"Elfsight Apps","pricing_title_caption":"Multiplattform-Software, die auf jeder Website funktioniert","pricing_price":"ab 0 $ \/ Monat","pricing_price_caption":"Beginnen Sie mit einem kostenlosen Plan","pricing_benefits":[{"text":"Unbegrenzte Websites"},{"text":"Schneller Support und gut dokumentiert"},{"text":"Kostenlose Installationsunterst\u00fctzung"},{"text":"Sonderpreis f\u00fcr mehrere Apps"}],"pricing_button_text":"Zur Website hinzuf\u00fcgen","pricing_button_url":"#demo"}],"related_apps_title":"","related_apps_hidden":"","author":"","image":[],"title":"","job":"","social_networks":[]},"_links":{"self":[{"href":"https:\/\/elfsight.com\/de\/wp-json\/wp\/v2\/pages\/16719","targetHints":{"allow":["GET"]}}],"collection":[{"href":"https:\/\/elfsight.com\/de\/wp-json\/wp\/v2\/pages"}],"about":[{"href":"https:\/\/elfsight.com\/de\/wp-json\/wp\/v2\/types\/page"}],"author":[{"embeddable":true,"href":"https:\/\/elfsight.com\/de\/wp-json\/wp\/v2\/users\/9"}],"replies":[{"embeddable":true,"href":"https:\/\/elfsight.com\/de\/wp-json\/wp\/v2\/comments?post=16719"}],"version-history":[{"count":2,"href":"https:\/\/elfsight.com\/de\/wp-json\/wp\/v2\/pages\/16719\/revisions"}],"predecessor-version":[{"id":21223,"href":"https:\/\/elfsight.com\/de\/wp-json\/wp\/v2\/pages\/16719\/revisions\/21223"}],"up":[{"embeddable":true,"href":"https:\/\/elfsight.com\/de\/wp-json\/wp\/v2\/pages\/1450"}],"wp:attachment":[{"href":"https:\/\/elfsight.com\/de\/wp-json\/wp\/v2\/media?parent=16719"}],"curies":[{"name":"wp","href":"https:\/\/api.w.org\/{rel}","templated":true}]}}