{"id":16714,"date":"2024-05-03T06:27:24","date_gmt":"2024-05-03T06:27:24","guid":{"rendered":"https:\/\/elfsight.com\/de\/?page_id=16714"},"modified":"2025-07-08T09:45:26","modified_gmt":"2025-07-08T09:45:26","slug":"facebook","status":"publish","type":"page","link":"https:\/\/elfsight.com\/de\/all-in-one-reviews-widget\/facebook\/","title":{"rendered":"All-in-One Reviews &#8211; Facebook"},"content":{"rendered":"<div class=\"application-platform-content-item-description application-platform-content-item\" id=\"description\" data-nav-section=\"description\"> <h2>Beschreibung<\/h2> <p>Elfsight All-in-One Reviews ist ein benutzerfreundliches Tool f\u00fcr Facebook-Seiten eine M\u00f6glichkeit, alle Erfahrungsberichte zu Ihrem Unternehmen direkt auf Ihrer Webseite von allen am h\u00e4ufigsten verwendeten Bewertungsseiten anzuzeigen. Mit unserem Tool haben Sie die M\u00f6glichkeit, Filter zum Ausblenden unerw\u00fcnschter Kommentare zu verwenden, Ihre Bewertung und Zahlen aus Ihrem Konto auf einer beliebigen Bewertungsplattform anzuzeigen, Informationen zu den Erstellern der Bewertungen hinzuzuf\u00fcgen und einen faszinierenden Call-to-Action-Button hinzuzuf\u00fcgen wird Website-Besucher dazu inspirieren, neue Kommentare zu schreiben. Unser Tool soll Ihnen dabei helfen, Ihren gro\u00dfartigen Social Proof auf der Website zu pr\u00e4sentieren und mehr Neuk\u00e4ufe zu t\u00e4tigen. <\/p> <p><b>Steigern Sie Ihren Umsatz mit Ihrer hervorragenden Bewertung<\/b><\/p> <\/div> <div class=\"application-platform-content-item-features application-platform-content-item\" id=\"features\" data-nav-section=\"features\"> <h2>Sehen Sie sich die Liste der besten Funktionen an: <\/h2> <ul><li>Umschaltbarer Header des Widgets<\/li><li>Schaltfl\u00e4che \u201eBewertung schreiben\u201c zur Weiterleitung auf Ihre Seite<\/li><li>Bemerkenswertes Styling ist nur einen Klick entfernt<\/li><li>Malbar Komponenten der Benutzeroberfl\u00e4che des Widgets<\/li><li>Maximale Details f\u00fcr den Vertrauensaufbau<\/li><\/ul><p><a href=\"#demo\">In der Demo unten k\u00f6nnen Sie die volle Funktionalit\u00e4t des Widgets ausprobieren <\/a><\/p> <\/div> <div class=\"application-platform-content-item-installation application-platform-content-item\" id=\"installation\" data-nav-section=\"installation\"> <h2>Wie bette ich All-in-One-Bewertungen auf meiner Facebook-Webseite ein? <\/h2> <p>Erf\u00fcllen Sie einfach die folgenden Richtlinien, um das Plugin zu aktivieren. <\/p> <ol><li><b>Nutzen Sie unsere kostenlose Demo und beginnen Sie mit der Gestaltung Ihres einzigartigen Instruments. <\/b><br> Bestimmen Sie das bevorzugte Design und die Spezifikationen des Werkzeugs und nehmen Sie die \u00c4nderungen vor. <\/li> <li><b>Erhalten Sie Ihren einzigartigen Code, der in der speziellen Form auf Elfsight Apps angezeigt wird. <\/b><br> Wenn die Einrichtung Ihres pers\u00f6nlichen Plugins abgeschlossen ist, kopieren Sie den exklusiven Code im angezeigten Fenster und bewahren Sie ihn zur weiteren Verwendung auf. <\/li> <li><b>Beginnen Sie mit der Nutzung des Tools auf Ihrer Facebook-Website. <\/b><br> F\u00fcgen Sie den zuvor kopierten Code in Ihre Webseite ein und wenden Sie die Verbesserungen an. <\/li> <li><b>Das Setup wurde erfolgreich abgeschlossen. <\/b><br> Besuchen Sie Ihre Website, um zu pr\u00fcfen, wie das Plugin funktioniert. <\/li><\/ol> <p>Wenn Sie Fragen haben oder auf Komplikationen sto\u00dfen, z\u00f6gern Sie nicht, sich an unser Support-Team zu wenden. Unsere Mitarbeiter helfen Ihnen gerne bei allen Schwierigkeiten, die Sie mit dem Tool haben k\u00f6nnten. <\/p> <div class=\"faq\" data-component=\"FAQ\"> <div class=\"faq-item\">\r\n\t\t\t\t\t<div class=\"faq-item-question\">\r\n\t\t\t\t\t\t<h3 class=\"faq-item-question-text\">Wie f\u00fcge ich All-in-one-Bewertungen ohne Programmierkenntnisse zu meiner Facebook-Seite hinzu?<\/h3>\r\n\r\n\t\t\t\t\t\t<div class=\"faq-item-question-icon\"><\/div>\r\n\t\t\t\t\t<\/div>\r\n\r\n\t\t\t\t\t<div class=\"faq-item-answer\">\r\n\t\t\t\t\t\t<div class=\"faq-item-answer-text\"> <p>Elfsight bietet eine SaaS-L\u00f6sung, mit der Sie eine All-in-one-Bewertung erstellen k\u00f6nnen Erstellen Sie selbst ein Bewertungs-Widget und sehen Sie, wie einfach der Vorgang ist: Erstellen Sie direkt im Online-Editor ein All-in-One-Bewertungs-Widget, das Sie gerne auf Ihrer Facebook-Seite sehen m\u00f6chten. W\u00e4hlen Sie eine der vorgefertigten Vorlagen aus und passen Sie die Einstellungen f\u00fcr All-in-One-Bewertungen an, f\u00fcgen Sie Ihre Inhalte hinzu, \u00e4ndern Sie das Layout und das Farbschema ohne Programmierkenntnisse. Speichern Sie die All-in-One-Rezensionen und kopieren Sie den Installationscode, den Sie ganz einfach zu Ihrer Facebook-Seite hinzuf\u00fcgen k\u00f6nnen, ohne einen kostenpflichtigen Plan kaufen zu m\u00fcssen. Mit unserem intuitiven Editor kann jeder Internetnutzer online ein All-in-One-Bewertungs-Widget erstellen und es ganz einfach in seine Facebook-Seite einbetten. Sie m\u00fcssen weder bezahlen noch Ihre Kartendaten eingeben, um auf den Service zuzugreifen. Sollten bei irgendeinem Schritt Probleme auftreten, wenden Sie sich bitte an unser technisches Support-Team.<\/p> <\/div>\r\n\t\t\t\t\t<\/div>\r\n\t\t\t\t<\/div> <\/div> <\/div>","protected":false},"excerpt":{"rendered":"","protected":false},"author":9,"featured_media":0,"parent":1450,"menu_order":0,"comment_status":"closed","ping_status":"closed","template":"templates\/template-application-platform.php","meta":{"publish_to_discourse":"","publish_post_category":"","wpdc_auto_publish_overridden":"","wpdc_topic_tags":"","wpdc_pin_topic":"","wpdc_pin_until":"","discourse_post_id":"","discourse_permalink":"","wpdc_publishing_response":"","wpdc_publishing_error":"","footnotes":""},"class_list":["post-16714","page","type-page","status-publish","hentry"],"yoast_head":"<!-- This site is optimized with the Yoast SEO plugin v25.3.1 - https:\/\/yoast.com\/wordpress\/plugins\/seo\/ -->\n<title>F\u00fcgen Sie Ihrer Facebook-Website ein responsives All-in-One-Bewertungs-Widget hinzu<\/title>\n<meta name=\"description\" content=\"Implementieren Sie ein responsives Bewertungs-Widget auf Ihrer Facebook-Seite und gewinnen Sie volles Vertrauen. Nutzen Sie die n\u00fctzliche Demo von Elfsight, um Ihr einzigartiges Werkzeug zu gestalten.\" \/>\n<meta name=\"robots\" content=\"index, follow, max-snippet:-1, max-image-preview:large, max-video-preview:-1\" \/>\n<link rel=\"canonical\" href=\"https:\/\/elfsight.com\/de\/all-in-one-reviews-widget\/facebook\/\" \/>\n<meta property=\"og:locale\" content=\"de_DE\" \/>\n<meta property=\"og:type\" content=\"article\" \/>\n<meta property=\"og:title\" content=\"F\u00fcgen Sie Ihrer Facebook-Website ein responsives All-in-One-Bewertungs-Widget hinzu\" \/>\n<meta property=\"og:description\" content=\"Implementieren Sie ein responsives Bewertungs-Widget auf Ihrer Facebook-Seite und gewinnen Sie volles Vertrauen. Nutzen Sie die n\u00fctzliche Demo von Elfsight, um Ihr einzigartiges Werkzeug zu gestalten.\" \/>\n<meta property=\"og:url\" content=\"https:\/\/elfsight.com\/de\/all-in-one-reviews-widget\/facebook\/\" \/>\n<meta property=\"og:site_name\" content=\"Elfsight DE\" \/>\n<meta property=\"article:modified_time\" content=\"2025-07-08T09:45:26+00:00\" \/>\n<meta name=\"twitter:card\" content=\"summary_large_image\" \/>\n<meta name=\"twitter:label1\" content=\"Gesch\u00e4tzte Lesezeit\" \/>\n\t<meta name=\"twitter:data1\" content=\"3\u00a0Minuten\" \/>\n<!-- \/ Yoast SEO plugin. -->","yoast_head_json":{"title":"F\u00fcgen Sie Ihrer Facebook-Website ein responsives All-in-One-Bewertungs-Widget hinzu","description":"Implementieren Sie ein responsives Bewertungs-Widget auf Ihrer Facebook-Seite und gewinnen Sie volles Vertrauen. Nutzen Sie die n\u00fctzliche Demo von Elfsight, um Ihr einzigartiges Werkzeug zu gestalten.","robots":{"index":"index","follow":"follow","max-snippet":"max-snippet:-1","max-image-preview":"max-image-preview:large","max-video-preview":"max-video-preview:-1"},"canonical":"https:\/\/elfsight.com\/de\/all-in-one-reviews-widget\/facebook\/","og_locale":"de_DE","og_type":"article","og_title":"F\u00fcgen Sie Ihrer Facebook-Website ein responsives All-in-One-Bewertungs-Widget hinzu","og_description":"Implementieren Sie ein responsives Bewertungs-Widget auf Ihrer Facebook-Seite und gewinnen Sie volles Vertrauen. Nutzen Sie die n\u00fctzliche Demo von Elfsight, um Ihr einzigartiges Werkzeug zu gestalten.","og_url":"https:\/\/elfsight.com\/de\/all-in-one-reviews-widget\/facebook\/","og_site_name":"Elfsight DE","article_modified_time":"2025-07-08T09:45:26+00:00","twitter_card":"summary_large_image","twitter_misc":{"Gesch\u00e4tzte Lesezeit":"3\u00a0Minuten"},"schema":{"@context":"https:\/\/schema.org","@graph":[{"@type":"WebPage","@id":"https:\/\/elfsight.com\/de\/all-in-one-reviews-widget\/facebook\/","url":"https:\/\/elfsight.com\/de\/all-in-one-reviews-widget\/facebook\/","name":"F\u00fcgen Sie Ihrer Facebook-Website ein responsives All-in-One-Bewertungs-Widget hinzu","isPartOf":{"@id":"https:\/\/elfsight.com\/de\/#website"},"datePublished":"2024-05-03T06:27:24+00:00","dateModified":"2025-07-08T09:45:26+00:00","description":"Implementieren Sie ein responsives Bewertungs-Widget auf Ihrer Facebook-Seite und gewinnen Sie volles Vertrauen. Nutzen Sie die n\u00fctzliche Demo von Elfsight, um Ihr einzigartiges Werkzeug zu gestalten.","breadcrumb":{"@id":"https:\/\/elfsight.com\/de\/all-in-one-reviews-widget\/facebook\/#breadcrumb"},"inLanguage":"de","potentialAction":[{"@type":"ReadAction","target":["https:\/\/elfsight.com\/de\/all-in-one-reviews-widget\/facebook\/"]}]},{"@type":"BreadcrumbList","@id":"https:\/\/elfsight.com\/de\/all-in-one-reviews-widget\/facebook\/#breadcrumb","itemListElement":[{"@type":"ListItem","position":1,"name":"Home","item":"https:\/\/elfsight.com\/de\/"},{"@type":"ListItem","position":2,"name":"All-in-One Reviews","item":"https:\/\/elfsight.com\/de\/all-in-one-reviews-widget\/"},{"@type":"ListItem","position":3,"name":"All-in-One Reviews &#8211; Facebook"}]},{"@type":"WebSite","@id":"https:\/\/elfsight.com\/de\/#website","url":"https:\/\/elfsight.com\/de\/","name":"Elfsight DE","description":"Just another Elfsight Sites site","potentialAction":[{"@type":"SearchAction","target":{"@type":"EntryPoint","urlTemplate":"https:\/\/elfsight.com\/de\/?s={search_term_string}"},"query-input":{"@type":"PropertyValueSpecification","valueRequired":true,"valueName":"search_term_string"}}],"inLanguage":"de"}]}},"meta_box":{"industry":"","seo_heading":"","heading":"","description":"","cta_heading":"","cta_description":"","application":"517","h1":"Facebook-All-in-One-Bewertungs-Widget","h1_caption":"St\u00e4rken Sie das Vertrauen, indem Sie echte Benutzerkommentare mit Autoreninformationen anzeigen","application_category":[],"applications_title":"","applications_request_title":"","applications_request_button_text":"","hero_text":"","hero_video":"","hero_video_schema_markup":"","selling_points_title":"","selling_points_caption":"","selling_points":[],"selling_points_cta_text":"","features_title":"","features":"","ed_cta_examples_text":"","ed_cta_examples_hidden":"","ed_cta_demo_text":"","ed_cta_demo_hidden":"","why_caption":"","why_editor_title":"","why_editor_text":"","why_team_title":"","why_team_text":"","why_service_title":"","why_service_text":"","template_catalog_visible":"","template_catalog_title":"","template_catalog_text":"","template_catalog_categories_visible":"","demo_title":"Z\u00f6gern Sie nicht, individuelle Facebook-All-in-One-Bewertungen zu entwerfen","demo_caption":"Personalisieren Sie es und integrieren Sie das Plugin per Demo auf Ihrer Webseite","default_faq_hidden":"","app_template_category":[],"platform":"216","template_public_id":"","codecanyon_url":"","codecanyon_item_id":"","codecanyon_price":"","pricing_caption":"","pricing_elfsight_apps_hide_column":"","pricing_elfsight_apps_url":"","pricing_codecanyon_price_caption":"","integration_category":[],"integration_request_title":"","integration_request_cta":"","integration_platform":"","integrations":[],"platform_category":[],"video_schema_markup":"","price":"ab 0 $ \/ Monat","trial":"","benefits":[{"text":"Kostenlose Installationsunterst\u00fctzung"},{"text":"Erfahrener Kundensupport"},{"text":"14-t\u00e4gige Geld-zur\u00fcck-Garantie"},{"text":"Kontinuierliche Updates"}],"button_url":"#demo","button_target_blank":"","button_nofollow":"","attributes":[{"name":"Installiert","content":"100,000 - 500,000"},{"name":"Reaktionsfreudig","content":"Ja"},{"name":"Kompatible Browser","content":"Chrome, Safari, Opera, Firefox, Edge"}],"tags":[],"tags_disable_links":"","hide_more_platforms":"","video_object":"","demo_hide_cta":"","demo_hide_cloud_options":"","pricing_title":"","pricing":[{"pricing_icon":"platform","pricing_title":"Elfsight Apps","pricing_title_caption":"Plattformunabh\u00e4ngige digitale L\u00f6sung, die auf jeder Website funktioniert","pricing_price":"ab 0 $ \/ Monat","pricing_price_caption":"Beginnen Sie mit einem kostenlosen Plan","pricing_benefits":[{"text":"Unbegrenzte Domains"},{"text":"Professionelle und p\u00fcnktliche Unterst\u00fctzung"},{"text":"Kostenlose Installationshilfe"},{"text":"Flexibles Design"}],"pricing_button_text":"Zur Website hinzuf\u00fcgen","pricing_button_url":"#demo"}],"related_apps_title":"","related_apps_hidden":"","author":"","image":[],"title":"","job":"","social_networks":[]},"_links":{"self":[{"href":"https:\/\/elfsight.com\/de\/wp-json\/wp\/v2\/pages\/16714","targetHints":{"allow":["GET"]}}],"collection":[{"href":"https:\/\/elfsight.com\/de\/wp-json\/wp\/v2\/pages"}],"about":[{"href":"https:\/\/elfsight.com\/de\/wp-json\/wp\/v2\/types\/page"}],"author":[{"embeddable":true,"href":"https:\/\/elfsight.com\/de\/wp-json\/wp\/v2\/users\/9"}],"replies":[{"embeddable":true,"href":"https:\/\/elfsight.com\/de\/wp-json\/wp\/v2\/comments?post=16714"}],"version-history":[{"count":2,"href":"https:\/\/elfsight.com\/de\/wp-json\/wp\/v2\/pages\/16714\/revisions"}],"predecessor-version":[{"id":21222,"href":"https:\/\/elfsight.com\/de\/wp-json\/wp\/v2\/pages\/16714\/revisions\/21222"}],"up":[{"embeddable":true,"href":"https:\/\/elfsight.com\/de\/wp-json\/wp\/v2\/pages\/1450"}],"wp:attachment":[{"href":"https:\/\/elfsight.com\/de\/wp-json\/wp\/v2\/media?parent=16714"}],"curies":[{"name":"wp","href":"https:\/\/api.w.org\/{rel}","templated":true}]}}