{"id":16713,"date":"2024-05-03T06:27:23","date_gmt":"2024-05-03T06:27:23","guid":{"rendered":"https:\/\/elfsight.com\/de\/?page_id=16713"},"modified":"2025-07-08T09:45:21","modified_gmt":"2025-07-08T09:45:21","slug":"elementor","status":"publish","type":"page","link":"https:\/\/elfsight.com\/de\/all-in-one-reviews-widget\/elementor\/","title":{"rendered":"All-in-One Reviews &#8211; Elementor"},"content":{"rendered":"<div class=\"application-platform-content-item-description application-platform-content-item\" id=\"description\" data-nav-section=\"description\"> <h2>All-in-One-Rezensionen auf Elementor mit dem Elfsight-Widget einbetten<\/h2> <p>Elfsight All-in-One Reviews ist ein Ein benutzerfreundliches Widget f\u00fcr Elementor, mit dem Sie alle Erfahrungsberichte zu Ihren Angeboten direkt auf Ihrer Website von allen bekannten Bewertungsseiten anzeigen k\u00f6nnen. Wenn Sie unser Widget nutzen, haben Sie die M\u00f6glichkeit, Filter zum Ausblenden unerw\u00fcnschter Kommentare zu verwenden, Ihre Bewertungen und Zahlen aus Ihrem Konto auf einer beliebigen Plattform f\u00fcr Gesch\u00e4ftsbewertungen anzuzeigen, Informationen \u00fcber die Ersteller der Testimonials hinzuzuf\u00fcgen und einen \u00fcberzeugenden Call-to&#8212; hinzuzuf\u00fcgen. Aktionsschaltfl\u00e4che, die Website-Besucher dazu bringt, einen neuen Kommentar zu schreiben. Das Elfsight-Bewertungs-Widget hilft Ihnen dabei, Ihren beeindruckenden Social Proof auf der Website zu pr\u00e4sentieren und mehr Verk\u00e4ufe zu erzielen. <\/p> <p><b>Feedback von Facebook, Amazon, Airbnb, Google und vielen mehr in einem Plugin f\u00fcr h\u00f6chstm\u00f6gliche Conversion-Rate und Kundenglaubw\u00fcrdigkeit!<\/b><\/p> <p><b>Steigerung die Anzahl der Verk\u00e4ufe mithilfe von Social Proof<\/b><br>Mithilfe unseres Bewertungs-Plugins k\u00f6nnen Sie Ihre einpr\u00e4gsamsten Bewertungen von Google, Airbnb, Facebook, Amazon und anderen bekannten Bewertungsseiten f\u00fcr Unternehmen ver\u00f6ffentlichen Mehr neue Kunden.<\/p><p><b>Erhalten Sie mehr Feedback<\/b><br>Die attraktive Schaltfl\u00e4che \u201eBewertung abgeben\u201c wird mehr Menschen dazu anregen, darauf zu klicken, um ihre Meinung zu Ihren Produkten und Dienstleistungen zu \u00e4u\u00dfern, was zu einem maximalen Ergebnis f\u00fchrt Kundeneinsch\u00e4tzung.<\/p><p><b>Reduzieren Sie negative Bewertungen<\/b><br>Das Widget \u201eKundenbewertungen\u201c bietet Ihnen mehrere Filterm\u00f6glichkeiten, mit denen Sie negative Bewertungen unter Kontrolle halten und nur die positiven Bewertungen anzeigen k\u00f6nnen diejenigen.<\/div> <div class=\"application-platform-content-item-features application-platform-content-item\" id=\"features\" data-nav-section=\"features\"> <\/p><h2>Wir bieten wertvolle und einfache Funktionen, hier sind einige davon: <\/h2> <ul><li>Eine Option zum Ein-\/ aus der Kopfzeile des Widgets<\/li><li>Schaltfl\u00e4che \u201e\u00dcberpr\u00fcfungsanfrage\u201c zur Weiterleitung auf Ihre Seite<\/li><li>Hervorragendes Design ist nur einen Klick entfernt<\/li><li>Malbare Elemente der Widget-Oberfl\u00e4che<\/li> li&gt;<li>Maximale Details zur Vertrauensgenerierung<\/li><\/ul><p><a href=\"#demo\">In der Demo unten k\u00f6nnen Sie sich die volle Funktionalit\u00e4t des Widgets ansehen<\/a><\/p> <\/div> <div class=\"application-platform-content-item-installation application-platform-content-item\" id=\"installation\" data-nav-section=\"installation\"> <h2>Wie kann ich All-in-One-Bewertungen auf meiner Elementor-Site hinzuf\u00fcgen? <\/h2> <p>Befolgen Sie einfach die nachstehenden Anweisungen, um das Plugin hinzuzuf\u00fcgen. <\/p> <ol><li><b>F\u00fchren Sie unseren kostenlosen Editor aus und beginnen Sie mit der Erstellung Ihres eigenen Widgets. <\/b><br> Suchen Sie das ausgew\u00e4hlte Layout und die Parameter des Tools und speichern Sie die \u00c4nderungen. <\/li> <li><b>Erhalten Sie den einzigartigen Code, der im speziellen Formular auf Elfsight Apps erscheint. <\/b><br> Wenn die Anpassung Ihres pers\u00f6nlichen Widgets abgeschlossen ist, kopieren Sie den pers\u00f6nlichen Code im angezeigten Fenster und bewahren Sie ihn f\u00fcr einen sp\u00e4teren Bedarf auf. <\/li> <li><b>Geben Sie Informationen zur Verwendung des Tools auf der Elementor-Webseite ein. <\/b><br> Integrieren Sie den Code, den Sie k\u00fcrzlich gespeichert haben, in Ihre Webseite und speichern Sie die \u00c4nderungen. <\/li> <li><b>Fertig! Die Einrichtung ist erfolgreich abgeschlossen. <\/b><br> Besuchen Sie Ihre Seite, um die Funktion des Tools zu \u00fcberpr\u00fcfen. <\/li><\/ol> <p>Wenn Sie Fragen haben oder auf Hindernisse sto\u00dfen, z\u00f6gern Sie nicht, sich an unser Support-Team zu wenden. Unsere Spezialisten sind bestrebt, alle Ihre Fragen zum Plugin zu beantworten. <\/p> <div class=\"faq\" data-component=\"FAQ\"> <div class=\"faq-item\">\r\n\t\t\t\t\t<div class=\"faq-item-question\">\r\n\t\t\t\t\t\t<h3 class=\"faq-item-question-text\">Wie f\u00fcge ich All-in-One-Bewertungen ohne Programmierkenntnisse zu meiner Elementor-Website hinzu?<\/h3>\r\n\r\n\t\t\t\t\t\t<div class=\"faq-item-question-icon\"><\/div>\r\n\t\t\t\t\t<\/div>\r\n\r\n\t\t\t\t\t<div class=\"faq-item-answer\">\r\n\t\t\t\t\t\t<div class=\"faq-item-answer-text\"> <p>Elfsight bietet eine SaaS-L\u00f6sung, mit der Sie All-in-One-Bewertungen erstellen k\u00f6nnen Widget selbst erstellen, sehen Sie, wie einfach der Vorgang ist: Arbeiten Sie direkt im Online-Editor, um ein All-in-One-Bewertungs-Widget zu erstellen, das Sie gerne auf Ihrer Elementor-Website sehen w\u00fcrden. W\u00e4hlen Sie eine der vorgefertigten Vorlagen aus und passen Sie die Einstellungen f\u00fcr All-in-One-Bewertungen an, f\u00fcgen Sie Ihre Inhalte hinzu, \u00e4ndern Sie das Layout und die Farben ohne Programmierkenntnisse. Speichern Sie die All-in-One-Rezensionen und kopieren Sie den Installationscode, den Sie problemlos in Ihre Elementor-Website einbetten k\u00f6nnen, ohne einen kostenpflichtigen Plan zu kaufen. Mit unserem intuitiven Editor kann jeder Internetnutzer online ein All-in-One-Bewertungs-Widget erstellen und es einfach in seine Elementor-Website einbetten. Sie m\u00fcssen weder bezahlen noch Ihre Kartendaten eingeben, um auf den Service zuzugreifen. Sollten bei irgendeinem Schritt Probleme auftreten, wenden Sie sich bitte an unser technisches Support-Team.<\/p> <\/div>\r\n\t\t\t\t\t<\/div>\r\n\t\t\t\t<\/div> <\/div> <\/div>","protected":false},"excerpt":{"rendered":"","protected":false},"author":9,"featured_media":0,"parent":1450,"menu_order":0,"comment_status":"closed","ping_status":"closed","template":"templates\/template-application-platform.php","meta":{"publish_to_discourse":"","publish_post_category":"","wpdc_auto_publish_overridden":"","wpdc_topic_tags":"","wpdc_pin_topic":"","wpdc_pin_until":"","discourse_post_id":"","discourse_permalink":"","wpdc_publishing_response":"","wpdc_publishing_error":"","footnotes":""},"class_list":["post-16713","page","type-page","status-publish","hentry"],"yoast_head":"<!-- This site is optimized with the Yoast SEO plugin v25.3.1 - https:\/\/yoast.com\/wordpress\/plugins\/seo\/ -->\n<title>F\u00fcgen Sie Ihrer Elementor-Website ein responsives All-in-One-Bewertungs-Widget hinzu<\/title>\n<meta name=\"description\" content=\"Implementieren Sie eine reaktionsf\u00e4hige All-in-One-Bewertungs-App auf Ihrer Elementor-Webseite und gewinnen Sie volles Vertrauen. Nutzen Sie die n\u00fctzliche Elfsight-Demo, um Ihr einzigartiges Feature zu erstellen.\" \/>\n<meta name=\"robots\" content=\"index, follow, max-snippet:-1, max-image-preview:large, max-video-preview:-1\" \/>\n<link rel=\"canonical\" href=\"https:\/\/elfsight.com\/de\/all-in-one-reviews-widget\/elementor\/\" \/>\n<meta property=\"og:locale\" content=\"de_DE\" \/>\n<meta property=\"og:type\" content=\"article\" \/>\n<meta property=\"og:title\" content=\"F\u00fcgen Sie Ihrer Elementor-Website ein responsives All-in-One-Bewertungs-Widget hinzu\" \/>\n<meta property=\"og:description\" content=\"Implementieren Sie eine reaktionsf\u00e4hige All-in-One-Bewertungs-App auf Ihrer Elementor-Webseite und gewinnen Sie volles Vertrauen. Nutzen Sie die n\u00fctzliche Elfsight-Demo, um Ihr einzigartiges Feature zu erstellen.\" \/>\n<meta property=\"og:url\" content=\"https:\/\/elfsight.com\/de\/all-in-one-reviews-widget\/elementor\/\" \/>\n<meta property=\"og:site_name\" content=\"Elfsight DE\" \/>\n<meta property=\"article:modified_time\" content=\"2025-07-08T09:45:21+00:00\" \/>\n<meta name=\"twitter:card\" content=\"summary_large_image\" \/>\n<meta name=\"twitter:label1\" content=\"Gesch\u00e4tzte Lesezeit\" \/>\n\t<meta name=\"twitter:data1\" content=\"3\u00a0Minuten\" \/>\n<!-- \/ Yoast SEO plugin. -->","yoast_head_json":{"title":"F\u00fcgen Sie Ihrer Elementor-Website ein responsives All-in-One-Bewertungs-Widget hinzu","description":"Implementieren Sie eine reaktionsf\u00e4hige All-in-One-Bewertungs-App auf Ihrer Elementor-Webseite und gewinnen Sie volles Vertrauen. Nutzen Sie die n\u00fctzliche Elfsight-Demo, um Ihr einzigartiges Feature zu erstellen.","robots":{"index":"index","follow":"follow","max-snippet":"max-snippet:-1","max-image-preview":"max-image-preview:large","max-video-preview":"max-video-preview:-1"},"canonical":"https:\/\/elfsight.com\/de\/all-in-one-reviews-widget\/elementor\/","og_locale":"de_DE","og_type":"article","og_title":"F\u00fcgen Sie Ihrer Elementor-Website ein responsives All-in-One-Bewertungs-Widget hinzu","og_description":"Implementieren Sie eine reaktionsf\u00e4hige All-in-One-Bewertungs-App auf Ihrer Elementor-Webseite und gewinnen Sie volles Vertrauen. Nutzen Sie die n\u00fctzliche Elfsight-Demo, um Ihr einzigartiges Feature zu erstellen.","og_url":"https:\/\/elfsight.com\/de\/all-in-one-reviews-widget\/elementor\/","og_site_name":"Elfsight DE","article_modified_time":"2025-07-08T09:45:21+00:00","twitter_card":"summary_large_image","twitter_misc":{"Gesch\u00e4tzte Lesezeit":"3\u00a0Minuten"},"schema":{"@context":"https:\/\/schema.org","@graph":[{"@type":"WebPage","@id":"https:\/\/elfsight.com\/de\/all-in-one-reviews-widget\/elementor\/","url":"https:\/\/elfsight.com\/de\/all-in-one-reviews-widget\/elementor\/","name":"F\u00fcgen Sie Ihrer Elementor-Website ein responsives All-in-One-Bewertungs-Widget hinzu","isPartOf":{"@id":"https:\/\/elfsight.com\/de\/#website"},"datePublished":"2024-05-03T06:27:23+00:00","dateModified":"2025-07-08T09:45:21+00:00","description":"Implementieren Sie eine reaktionsf\u00e4hige All-in-One-Bewertungs-App auf Ihrer Elementor-Webseite und gewinnen Sie volles Vertrauen. Nutzen Sie die n\u00fctzliche Elfsight-Demo, um Ihr einzigartiges Feature zu erstellen.","breadcrumb":{"@id":"https:\/\/elfsight.com\/de\/all-in-one-reviews-widget\/elementor\/#breadcrumb"},"inLanguage":"de","potentialAction":[{"@type":"ReadAction","target":["https:\/\/elfsight.com\/de\/all-in-one-reviews-widget\/elementor\/"]}]},{"@type":"BreadcrumbList","@id":"https:\/\/elfsight.com\/de\/all-in-one-reviews-widget\/elementor\/#breadcrumb","itemListElement":[{"@type":"ListItem","position":1,"name":"Home","item":"https:\/\/elfsight.com\/de\/"},{"@type":"ListItem","position":2,"name":"All-in-One Reviews","item":"https:\/\/elfsight.com\/de\/all-in-one-reviews-widget\/"},{"@type":"ListItem","position":3,"name":"All-in-One Reviews &#8211; Elementor"}]},{"@type":"WebSite","@id":"https:\/\/elfsight.com\/de\/#website","url":"https:\/\/elfsight.com\/de\/","name":"Elfsight DE","description":"Just another Elfsight Sites site","potentialAction":[{"@type":"SearchAction","target":{"@type":"EntryPoint","urlTemplate":"https:\/\/elfsight.com\/de\/?s={search_term_string}"},"query-input":{"@type":"PropertyValueSpecification","valueRequired":true,"valueName":"search_term_string"}}],"inLanguage":"de"}]}},"meta_box":{"industry":"","seo_heading":"","heading":"","description":"","cta_heading":"","cta_description":"","application":"517","h1":"Elementor All-in-One-Bewertungs-Widget","h1_caption":"Sammeln und pr\u00e4sentieren Sie Bewertungen von mehreren Plattformen wie Google, Facebook und Yelp in einem einzigen Widget, um m\u00fchelos Vertrauen und Glaubw\u00fcrdigkeit in Ihre Elementor-Website aufzubauen.","application_category":[],"applications_title":"","applications_request_title":"","applications_request_button_text":"","hero_text":"","hero_video":"","hero_video_schema_markup":"","selling_points_title":"","selling_points_caption":"","selling_points":[],"selling_points_cta_text":"","features_title":"","features":"","ed_cta_examples_text":"","ed_cta_examples_hidden":"","ed_cta_demo_text":"","ed_cta_demo_hidden":"","why_caption":"","why_editor_title":"","why_editor_text":"","why_team_title":"","why_team_text":"","why_service_title":"","why_service_text":"","template_catalog_visible":"","template_catalog_title":"","template_catalog_text":"","template_catalog_categories_visible":"","demo_title":"Erstellen Sie Ihr All-in-One-Bewertungs-Widget","demo_caption":"Konfigurieren Sie Ihre All-in-One-Bewertungen und f\u00fcgen Sie sie kostenlos zu Ihrer Elementor-Website hinzu!","default_faq_hidden":"","app_template_category":[],"platform":"223","template_public_id":"","codecanyon_url":"","codecanyon_item_id":"","codecanyon_price":"","pricing_caption":"","pricing_elfsight_apps_hide_column":"","pricing_elfsight_apps_url":"","pricing_codecanyon_price_caption":"","integration_category":[],"integration_request_title":"","integration_request_cta":"","integration_platform":"","integrations":[],"platform_category":[],"video_schema_markup":"","price":"ab 0 $ \/ Monat","trial":"","benefits":[{"text":"Kostenlose Installationsunterst\u00fctzung"},{"text":"Erfahrener Kundensupport"},{"text":"14-t\u00e4gige Geld-zur\u00fcck-Garantie"},{"text":"St\u00e4ndige Aktualisierung"}],"button_url":"#demo","button_target_blank":"","button_nofollow":"","attributes":[{"name":"Installiert","content":"100,000 - 500,000"},{"name":"Reaktionsfreudig","content":"Ja"},{"name":"Kompatible Browser","content":"IE 11, Firefox, Safari, Opera, Chrome, Edge"}],"tags":[],"tags_disable_links":"","hide_more_platforms":"","video_object":"","demo_hide_cta":"","demo_hide_cloud_options":"","pricing_title":"","pricing":[{"pricing_icon":"platform","pricing_title":"Elfsight Apps","pricing_title_caption":"Multiplattform-Software","pricing_price":"ab 0 $ \/ Monat","pricing_price_caption":"Beginnen Sie mit einem kostenlosen Plan","pricing_benefits":[{"text":"Unbegrenzte Domains"},{"text":"Kostenloser Kundensupport"},{"text":"Kostenloser Installationsservice"},{"text":"Preis f\u00fcr mehrere Apps"}],"pricing_button_text":"Zur Website hinzuf\u00fcgen","pricing_button_url":"#demo"}],"related_apps_title":"","related_apps_hidden":"","author":"","image":[],"title":"","job":"","social_networks":[]},"_links":{"self":[{"href":"https:\/\/elfsight.com\/de\/wp-json\/wp\/v2\/pages\/16713","targetHints":{"allow":["GET"]}}],"collection":[{"href":"https:\/\/elfsight.com\/de\/wp-json\/wp\/v2\/pages"}],"about":[{"href":"https:\/\/elfsight.com\/de\/wp-json\/wp\/v2\/types\/page"}],"author":[{"embeddable":true,"href":"https:\/\/elfsight.com\/de\/wp-json\/wp\/v2\/users\/9"}],"replies":[{"embeddable":true,"href":"https:\/\/elfsight.com\/de\/wp-json\/wp\/v2\/comments?post=16713"}],"version-history":[{"count":2,"href":"https:\/\/elfsight.com\/de\/wp-json\/wp\/v2\/pages\/16713\/revisions"}],"predecessor-version":[{"id":21221,"href":"https:\/\/elfsight.com\/de\/wp-json\/wp\/v2\/pages\/16713\/revisions\/21221"}],"up":[{"embeddable":true,"href":"https:\/\/elfsight.com\/de\/wp-json\/wp\/v2\/pages\/1450"}],"wp:attachment":[{"href":"https:\/\/elfsight.com\/de\/wp-json\/wp\/v2\/media?parent=16713"}],"curies":[{"name":"wp","href":"https:\/\/api.w.org\/{rel}","templated":true}]}}