{"id":16712,"date":"2024-05-03T06:27:22","date_gmt":"2024-05-03T06:27:22","guid":{"rendered":"https:\/\/elfsight.com\/de\/?page_id=16712"},"modified":"2025-01-13T04:16:39","modified_gmt":"2025-01-13T04:16:39","slug":"joomla","status":"publish","type":"page","link":"https:\/\/elfsight.com\/de\/all-in-one-reviews-widget\/joomla\/","title":{"rendered":"All-in-One Reviews &#8211; Joomla"},"content":{"rendered":"\n<div class=\"application-platform-content-item-description application-platform-content-item\" id=\"description\" data-nav-section=\"description\"> <h2>Beschreibung<\/h2> <p>Elfsight All-in-One Reviews ist eine praktische Erweiterung f\u00fcr Joomla, die Ihnen die M\u00f6glichkeit bietet, alle Kommentare anzuzeigen auf Ihrem Unternehmen direkt auf Ihrer Website von allen bekannten Bewertungsplattformen. Wenn Sie unser Tool anwenden, k\u00f6nnen Sie Filter zum Ausblenden unerw\u00fcnschter Bewertungen verwenden, Ihre Sterne- und Zahlenbewertung in Ihrem Konto auf jeder Bewertungsplattform angeben, Informationen zu den Erstellern der Bewertungen hinzuf\u00fcgen und eine \u00fcberzeugende CTA-Schaltfl\u00e4che hinzuf\u00fcgen, die die Website vorantreibt Besucher k\u00f6nnen neue Kommentare posten. Das Elfsight-Bewertungs-Widget kann Ihnen dabei helfen, Ihre beeindruckenden sozialen Beweise auf der Website zu pr\u00e4sentieren und mehr Neuk\u00e4ufe zu t\u00e4tigen. <\/p> <p><b>Feedback von Google, Airbnb, Amazon, Facebook und vielen anderen in einer App f\u00fcr ultimative Conversion-Rate und Kundenvertrauen!<\/b><\/p> <p><b>Steigern Sie Ihr Feedback Verk\u00e4ufe unter Nutzung sozialer Beweise<\/b><br>Mit der Rezensionserweiterung pr\u00e4sentieren Sie Ihr bestes Feedback von Airbnb, Google, Facebook, Amazon und anderen beliebten Websites f\u00fcr Unternehmensbewertungen und gewinnen so mehr neue Kunden.<\/p><p><b>Mehr Bewertungen erhalten<\/b><br>Wenn Sie auf die Schaltfl\u00e4che \u201eBewertung schreiben\u201c klicken, werden mehr Menschen darauf klicken, um ihre Meinung zu Ihren Produkten und Dienstleistungen mitzuteilen, was zu einer h\u00f6chstm\u00f6glichen Kundenbewertung f\u00fchrt.<\/b><p><b>Negative Bewertungen herunterspielen<\/b><br>Das Kundenbewertungs-Plugin bietet Ihnen mehrere Filterm\u00f6glichkeiten, die Ihnen die M\u00f6glichkeit bieten, negative Bewertungen anzuzeigen und nur die positiven anzuzeigen.<\/b><\/div> <div class=\"application-platform-content-item-features application-platform-content-item\" id=\"features\" data-nav-section=\"features\"> <h2>\u00dcberpr\u00fcfen Sie die Liste der leistungsst\u00e4rksten Funktionen: <\/h2> <ul><li>Umschaltbarer Header des Widgets<\/li><li>Eine Option zum Anzeigen von \u201e Schaltfl\u00e4che \u201eBewertung schreiben\u201c, um auf Ihre Seite weiterzuleiten<\/li><li>Tolles Styling ist nur einen Klick entfernt<\/li><li>Malbare Elemente der Widget-Oberfl\u00e4che<\/li><li>Maximale Details zur Vertrauensbildung<\/li><\/ul><p><a href=\"#demo\">Entdecken Sie alle Einstellungen in der Demo mit vollem Funktionsumfang<\/a><\/p> <\/div> <div class=\"application-platform-content-item-installation application-platform-content-item\" id=\"installation\" data-nav-section=\"installation\"> <h2> Wie kann ich All-in-One-Bewertungen zu meiner Joomla-Webseite hinzuf\u00fcgen? <\/h2> <p>Befolgen Sie einfach die unten aufgef\u00fchrten Schritte, um die Erweiterung einzubetten<\/p> <ol><li><b>\u00d6ffnen Sie unseren kostenlosen Editor und beginnen Sie mit der Arbeit mit Ihrer benutzerdefinierten Erweiterung. <\/b><br> Geben Sie die bevorzugte Form und Funktionen der Erweiterung an und speichern Sie alle \u00c4nderungen. <\/li> <li><b>Erhalten Sie den einzigartigen Code, der im speziellen Formular auf Elfsight Apps angezeigt wird. <\/b><br> Wenn die Anpassung Ihrer Erweiterung abgeschlossen ist, kopieren Sie Ihren Code aus dem angezeigten Feld und speichern Sie ihn zur sp\u00e4teren Verwendung. <\/li> <li><b>Beginnen Sie mit der Nutzung der Erweiterung auf der Joomla-Site. <\/b><br> Implementieren Sie den zuvor gespeicherten Code auf Ihrer Seite und \u00fcbernehmen Sie die \u00c4nderungen. <\/li> <li><b>Die Einrichtung wurde erfolgreich abgeschlossen. <\/b><br> Besuchen Sie Ihre Website, um einen Blick auf die Funktionsweise der Erweiterung zu werfen. <\/li><\/ol><p>Wenn Sie Fragen haben oder auf Schwierigkeiten sto\u00dfen, k\u00f6nnen Sie sich gerne an unser Kundendienstteam wenden. Unsere Mitarbeiter helfen Ihnen gerne bei allen Schwierigkeiten, die Sie mit dem Tool haben k\u00f6nnten. <\/p> <div class=\"faq\" data-component=\"FAQ\"> <div class=\"faq-item\">\r\n\t\t\t\t\t<div class=\"faq-item-question\">\r\n\t\t\t\t\t\t<h3 class=\"faq-item-question-text\">Wie f\u00fcge ich All-in-One-Bewertungen ohne Programmierkenntnisse zu meiner Joomla-Website hinzu?<\/h3>\r\n\r\n\t\t\t\t\t\t<div class=\"faq-item-question-icon\"><\/div>\r\n\t\t\t\t\t<\/div>\r\n\r\n\t\t\t\t\t<div class=\"faq-item-answer\">\r\n\t\t\t\t\t\t<div class=\"faq-item-answer-text\"> <p>Elfsight bietet eine SaaS-L\u00f6sung, mit der Sie All-in-One-Bewertungen erstellen k\u00f6nnen Wenn Sie das Widget selbst erstellen, sehen Sie, wie einfach der Vorgang ist: Arbeiten Sie direkt im Online-Editor, um ein All-in-One-Bewertungs-Widget zu erstellen, das Sie gerne auf Ihrer Joomla-Website sehen w\u00fcrden. W\u00e4hlen Sie eine der vorgefertigten Vorlagen aus und passen Sie die Einstellungen f\u00fcr All-in-One-Bewertungen an, f\u00fcgen Sie Ihre Inhalte hinzu, \u00e4ndern Sie das Layout und die Farbe der Elemente, ohne dass Sie Programmierkenntnisse ben\u00f6tigen. Speichern Sie die All-in-one-Bewertungen und kopieren Sie den Installationscode, damit Sie ihn problemlos zu Ihrer Joomla-Website hinzuf\u00fcgen k\u00f6nnen, ohne einen kostenpflichtigen Plan kaufen zu m\u00fcssen. Mit unserem intuitiven Editor kann jeder Internetnutzer online ein All-in-One-Bewertungs-Widget erstellen und es einfach in seine Joomla-Website einbetten. Sie m\u00fcssen weder bezahlen noch Ihre Kartendaten eingeben, um auf den Service zuzugreifen. Sollten bei irgendeinem Schritt Probleme auftreten, wenden Sie sich bitte an unser technisches Support-Team.<\/p> <\/div>\r\n\t\t\t\t\t<\/div>\r\n\t\t\t\t<\/div> <\/div> <\/div>\n","protected":false},"excerpt":{"rendered":"","protected":false},"author":9,"featured_media":0,"parent":1450,"menu_order":0,"comment_status":"closed","ping_status":"closed","template":"templates\/template-application-platform.php","meta":{"publish_to_discourse":"","publish_post_category":"","wpdc_auto_publish_overridden":"","wpdc_topic_tags":"","wpdc_pin_topic":"","wpdc_pin_until":"","discourse_post_id":"","discourse_permalink":"","wpdc_publishing_response":"","wpdc_publishing_error":"","footnotes":""},"class_list":["post-16712","page","type-page","status-publish","hentry"],"yoast_head":"<!-- This site is optimized with the Yoast SEO plugin v25.3.1 - https:\/\/yoast.com\/wordpress\/plugins\/seo\/ -->\n<title>F\u00fcgen Sie Ihrer Joomla-Website ein adaptives All-in-One-Bewertungs-Widget hinzu<\/title>\n<meta name=\"description\" content=\"Implementieren Sie eine reaktionsf\u00e4hige All-in-One-Reviews-Erweiterung auf Ihrer Joomla-Site und erreichen Sie volles Vertrauen. Nutzen Sie die n\u00fctzliche Elfsight-Demo, um Ihr Werkzeug zu erstellen.\" \/>\n<meta name=\"robots\" content=\"index, follow, max-snippet:-1, max-image-preview:large, max-video-preview:-1\" \/>\n<link rel=\"canonical\" href=\"https:\/\/elfsight.com\/de\/all-in-one-reviews-widget\/joomla\/\" \/>\n<meta property=\"og:locale\" content=\"de_DE\" \/>\n<meta property=\"og:type\" content=\"article\" \/>\n<meta property=\"og:title\" content=\"F\u00fcgen Sie Ihrer Joomla-Website ein adaptives All-in-One-Bewertungs-Widget hinzu\" \/>\n<meta property=\"og:description\" content=\"Implementieren Sie eine reaktionsf\u00e4hige All-in-One-Reviews-Erweiterung auf Ihrer Joomla-Site und erreichen Sie volles Vertrauen. Nutzen Sie die n\u00fctzliche Elfsight-Demo, um Ihr Werkzeug zu erstellen.\" \/>\n<meta property=\"og:url\" content=\"https:\/\/elfsight.com\/de\/all-in-one-reviews-widget\/joomla\/\" \/>\n<meta property=\"og:site_name\" content=\"Elfsight DE\" \/>\n<meta property=\"article:modified_time\" content=\"2025-01-13T04:16:39+00:00\" \/>\n<meta name=\"twitter:card\" content=\"summary_large_image\" \/>\n<meta name=\"twitter:label1\" content=\"Gesch\u00e4tzte Lesezeit\" \/>\n\t<meta name=\"twitter:data1\" content=\"4\u00a0Minuten\" \/>\n<!-- \/ Yoast SEO plugin. -->","yoast_head_json":{"title":"F\u00fcgen Sie Ihrer Joomla-Website ein adaptives All-in-One-Bewertungs-Widget hinzu","description":"Implementieren Sie eine reaktionsf\u00e4hige All-in-One-Reviews-Erweiterung auf Ihrer Joomla-Site und erreichen Sie volles Vertrauen. Nutzen Sie die n\u00fctzliche Elfsight-Demo, um Ihr Werkzeug zu erstellen.","robots":{"index":"index","follow":"follow","max-snippet":"max-snippet:-1","max-image-preview":"max-image-preview:large","max-video-preview":"max-video-preview:-1"},"canonical":"https:\/\/elfsight.com\/de\/all-in-one-reviews-widget\/joomla\/","og_locale":"de_DE","og_type":"article","og_title":"F\u00fcgen Sie Ihrer Joomla-Website ein adaptives All-in-One-Bewertungs-Widget hinzu","og_description":"Implementieren Sie eine reaktionsf\u00e4hige All-in-One-Reviews-Erweiterung auf Ihrer Joomla-Site und erreichen Sie volles Vertrauen. Nutzen Sie die n\u00fctzliche Elfsight-Demo, um Ihr Werkzeug zu erstellen.","og_url":"https:\/\/elfsight.com\/de\/all-in-one-reviews-widget\/joomla\/","og_site_name":"Elfsight DE","article_modified_time":"2025-01-13T04:16:39+00:00","twitter_card":"summary_large_image","twitter_misc":{"Gesch\u00e4tzte Lesezeit":"4\u00a0Minuten"},"schema":{"@context":"https:\/\/schema.org","@graph":[{"@type":"WebPage","@id":"https:\/\/elfsight.com\/de\/all-in-one-reviews-widget\/joomla\/","url":"https:\/\/elfsight.com\/de\/all-in-one-reviews-widget\/joomla\/","name":"F\u00fcgen Sie Ihrer Joomla-Website ein adaptives All-in-One-Bewertungs-Widget hinzu","isPartOf":{"@id":"https:\/\/elfsight.com\/de\/#website"},"datePublished":"2024-05-03T06:27:22+00:00","dateModified":"2025-01-13T04:16:39+00:00","description":"Implementieren Sie eine reaktionsf\u00e4hige All-in-One-Reviews-Erweiterung auf Ihrer Joomla-Site und erreichen Sie volles Vertrauen. Nutzen Sie die n\u00fctzliche Elfsight-Demo, um Ihr Werkzeug zu erstellen.","breadcrumb":{"@id":"https:\/\/elfsight.com\/de\/all-in-one-reviews-widget\/joomla\/#breadcrumb"},"inLanguage":"de","potentialAction":[{"@type":"ReadAction","target":["https:\/\/elfsight.com\/de\/all-in-one-reviews-widget\/joomla\/"]}]},{"@type":"BreadcrumbList","@id":"https:\/\/elfsight.com\/de\/all-in-one-reviews-widget\/joomla\/#breadcrumb","itemListElement":[{"@type":"ListItem","position":1,"name":"Home","item":"https:\/\/elfsight.com\/de\/"},{"@type":"ListItem","position":2,"name":"All-in-One Reviews","item":"https:\/\/elfsight.com\/de\/all-in-one-reviews-widget\/"},{"@type":"ListItem","position":3,"name":"All-in-One Reviews &#8211; Joomla"}]},{"@type":"WebSite","@id":"https:\/\/elfsight.com\/de\/#website","url":"https:\/\/elfsight.com\/de\/","name":"Elfsight DE","description":"Just another Elfsight Sites site","potentialAction":[{"@type":"SearchAction","target":{"@type":"EntryPoint","urlTemplate":"https:\/\/elfsight.com\/de\/?s={search_term_string}"},"query-input":{"@type":"PropertyValueSpecification","valueRequired":true,"valueName":"search_term_string"}}],"inLanguage":"de"}]}},"meta_box":{"industry":"","seo_heading":"","heading":"","description":"","cta_heading":"","cta_description":"","application":"517","h1":"Joomla All-in-One Reviews-Erweiterung","h1_caption":"Sammeln und pr\u00e4sentieren Sie Bewertungen von mehreren Plattformen wie Google, Facebook und Yelp in einer einzigen Erweiterung, um m\u00fchelos Vertrauen und Glaubw\u00fcrdigkeit in Ihre Joomla-Website aufzubauen.","application_category":[],"applications_title":"","applications_request_title":"","applications_request_button_text":"","hero_text":"","hero_video":"","hero_video_schema_markup":"","selling_points_title":"","selling_points_caption":"","selling_points":[],"selling_points_cta_text":"","features_title":"","features":"","ed_cta_examples_text":"","ed_cta_examples_hidden":"","ed_cta_demo_text":"","ed_cta_demo_hidden":"","why_caption":"","why_editor_title":"","why_editor_text":"","why_team_title":"","why_team_text":"","why_service_title":"","why_service_text":"","template_catalog_visible":"0","template_catalog_title":"","template_catalog_text":"","template_catalog_categories_visible":"","demo_title":"Erstellen Sie Ihr All-in-One-Bewertungs-Plugin","demo_caption":"Konfigurieren Sie Ihre All-in-One-Bewertungen und f\u00fcgen Sie sie kostenlos zu Ihrer Joomla-Website hinzu!","default_faq_hidden":"","app_template_category":[],"platform":"259","template_public_id":"","codecanyon_url":"","codecanyon_item_id":"","codecanyon_price":"","pricing_caption":"","pricing_elfsight_apps_hide_column":"","pricing_elfsight_apps_url":"","pricing_codecanyon_price_caption":"","integration_category":[],"integration_request_title":"","integration_request_cta":"","integration_platform":"","integrations":[],"platform_category":[],"video_schema_markup":"","price":"ab 0 $ \/ Monat","trial":"","benefits":[{"text":"Kostenlose Installationsunterst\u00fctzung"},{"text":"Au\u00dfergew\u00f6hnlicher Support"},{"text":"14-t\u00e4gige R\u00fcckerstattungsgarantie"},{"text":"Laufende Verbesserungen"}],"button_url":"#demo","button_target_blank":"0","button_nofollow":"0","attributes":[{"name":"Installiert","content":"100,000 - 500,000"},{"name":"Reaktionsfreudig","content":"Ja"},{"name":"Kompatible Browser","content":"IE 11, Firefox, Safari, Opera, Chrome, Edge"}],"tags":[],"tags_disable_links":"0","hide_more_platforms":"","video_object":"","demo_hide_cta":"0","demo_hide_cloud_options":"0","pricing_title":"","pricing":[{"pricing_icon":"platform","pricing_title":"Elfsight Apps","pricing_title_caption":"Plattform\u00fcbergreifende digitale L\u00f6sung, die f\u00fcr jede Website geeignet ist","pricing_price":"ab 0 $ \/ Monat","pricing_price_caption":"Beginnen Sie mit einem kostenlosen Plan","pricing_benefits":[{"text":"Unbegrenzte Domains"},{"text":"Engagierter und p\u00fcnktlicher Support"},{"text":"Kostenloser Installationssupport"},{"text":"Tolles Angebot f\u00fcr mehrere Apps"}],"pricing_button_text":"Zur Website hinzuf\u00fcgen","pricing_button_url":"#demo"}],"related_apps_title":"","related_apps_hidden":"0","author":"","image":[],"title":"","job":"","social_networks":[]},"_links":{"self":[{"href":"https:\/\/elfsight.com\/de\/wp-json\/wp\/v2\/pages\/16712","targetHints":{"allow":["GET"]}}],"collection":[{"href":"https:\/\/elfsight.com\/de\/wp-json\/wp\/v2\/pages"}],"about":[{"href":"https:\/\/elfsight.com\/de\/wp-json\/wp\/v2\/types\/page"}],"author":[{"embeddable":true,"href":"https:\/\/elfsight.com\/de\/wp-json\/wp\/v2\/users\/9"}],"replies":[{"embeddable":true,"href":"https:\/\/elfsight.com\/de\/wp-json\/wp\/v2\/comments?post=16712"}],"version-history":[{"count":3,"href":"https:\/\/elfsight.com\/de\/wp-json\/wp\/v2\/pages\/16712\/revisions"}],"predecessor-version":[{"id":23474,"href":"https:\/\/elfsight.com\/de\/wp-json\/wp\/v2\/pages\/16712\/revisions\/23474"}],"up":[{"embeddable":true,"href":"https:\/\/elfsight.com\/de\/wp-json\/wp\/v2\/pages\/1450"}],"wp:attachment":[{"href":"https:\/\/elfsight.com\/de\/wp-json\/wp\/v2\/media?parent=16712"}],"curies":[{"name":"wp","href":"https:\/\/api.w.org\/{rel}","templated":true}]}}