{"id":16711,"date":"2024-05-03T06:27:21","date_gmt":"2024-05-03T06:27:21","guid":{"rendered":"https:\/\/elfsight.com\/de\/?page_id=16711"},"modified":"2025-07-08T09:45:45","modified_gmt":"2025-07-08T09:45:45","slug":"jquery","status":"publish","type":"page","link":"https:\/\/elfsight.com\/de\/all-in-one-reviews-widget\/jquery\/","title":{"rendered":"All-in-One Reviews &#8211; jQuery"},"content":{"rendered":"<div class=\"application-platform-content-item-description application-platform-content-item\" id=\"description\" data-nav-section=\"description\"> <h2>Beschreibung<\/h2> <p>Elfsight All-in-One Reviews ist ein benutzerfreundliches Plugin f\u00fcr jQuery, das Ihnen eine M\u00f6glichkeit, alle Erfahrungsberichte zu Ihrem Unternehmen direkt auf Ihrer Webseite von allen beliebten Bewertungswebsites anzuzeigen. Mit unserem Widget haben Sie die M\u00f6glichkeit, Filter zum Ausblenden unerw\u00fcnschter Bewertungen zu verwenden, Ihre Bewertung und Bewertung aus Ihrem Konto auf jeder Website f\u00fcr Unternehmensbewertungen anzuzeigen, Informationen zu den Autoren der Bewertungen hinzuzuf\u00fcgen und eine interessante CTA-Schaltfl\u00e4che hinzuzuf\u00fcgen Inspirieren Sie Benutzer, ihren Kommentar zu schreiben. Das Elfsight-Widget soll Ihnen dabei helfen, Ihren beeindruckenden Social Proof auf Ihrer Webseite zu pr\u00e4sentieren und mehr Neuk\u00e4ufe zu t\u00e4tigen. <\/p> <p><b>Bewertungen von Facebook, Amazon, Airbnb, Google und vielen anderen Websites f\u00fcr Unternehmensbewertungen in einem Tool f\u00fcr maximale Conversion-Rate und Kundenvertrauen!<\/b><\/p> <p><b>Erh\u00f6hen Sie die Anzahl der Verk\u00e4ufe mithilfe von Social Proof<\/b><br>Mithilfe des Bewertungen-Plugins k\u00f6nnen Sie Ihre besten Bewertungen von Amazon, Airbnb, Google, Facebook und anderen bekannten Websites f\u00fcr Unternehmensbewertungen ver\u00f6ffentlichen. Gewinnen Sie mehr neue Kunden.<\/p><p><b>Erhalten Sie mehr Bewertungen<\/b><br>Das Einladen der Schaltfl\u00e4che \u201eBewertung abgeben\u201c motiviert mehr Menschen, ihre Meinung zu Ihren Produkten und Dienstleistungen mitzuteilen, was dazu f\u00fchrt H\u00f6chstm\u00f6gliche Kundenbewertung.<\/b><p><b>Negative Bewertungen minimieren<\/b><br>Das Widget \u201eKundenbewertungen\u201c bietet Ihnen mehrere Filteroptionen, mit denen Sie negative Bewertungen anzeigen und nur die Vorteile hervorheben k\u00f6nnen diejenigen.<\/b><\/div> <div class=\"application-platform-content-item-features application-platform-content-item\" id=\"features\" data-nav-section=\"features\"> <h2>Hier finden Sie die wichtigsten Funktionen des Plugins: <\/h2> <ul><li>Umschaltbarer Header des Widgets<\/li><li>Eine Option zum Anzeigen der Anforderungsschaltfl\u00e4che, um Benutzer auf Ihre Seite zu bringen<\/li><li>Hervorragendes Design ist nur einen Klick entfernt<\/li><li>Malbare Komponenten der Benutzeroberfl\u00e4che<\/li><li>Maximale Details f\u00fcr Vertrauen Geb\u00e4ude<\/li><\/ul><p><a href=\"#demo\">Testen Sie alle Einstellungen in einer voll funktionsf\u00e4higen Demo<\/a><\/p> <\/div> <div class=\"application-platform-content-item-installation application-platform-content-item\" id=\"installation\" data-nav-section=\"installation\"> <h2>Wie bette ich All-in-One-Bewertungen in meine jQuery-Webseite ein? <\/h2> <p>F\u00fchren Sie einfach die unten beschriebenen Schritte aus, um das Plugin zu aktivieren. <\/p> <ol><li><b>\u00d6ffnen Sie unsere kostenlose Demo und beginnen Sie mit der Erstellung Ihres ma\u00dfgeschneiderten Widgets. <\/b><br> W\u00e4hlen Sie das ausgew\u00e4hlte Design und die Optionen des Tools aus und wenden Sie die Korrekturen an. <\/li> <li><b>Sie erhalten Ihren pers\u00f6nlichen Code, der in der Box von Elfsight Apps angezeigt wird. <\/b><br> Nachdem Sie Ihr pers\u00f6nliches Widget eingerichtet haben, kopieren Sie den individuellen Code im angezeigten Fenster und speichern Sie ihn f\u00fcr die zuk\u00fcnftige Verwendung. <\/li> <li><b>Geben Sie Informationen zur Verwendung des Tools auf der jQuery-Homepage ein. <\/b><br> Implementieren Sie den Code, den Sie zuvor kopiert haben, in Ihre Webseite und wenden Sie die \u00c4nderungen an. <\/li> <li><b>Das Setup ist vollst\u00e4ndig durchgef\u00fchrt. <\/b><br> Besuchen Sie Ihre Website, um zu sehen, wie das Plugin funktioniert. <\/li><\/ol> <p>Wenn Sie mit Fragen oder Problemen konfrontiert werden, scheuen Sie sich nicht, unserem Kundenservice-Team zu schreiben. Unsere Mitarbeiter helfen Ihnen gerne bei allen Fragen, die Sie zum Produkt haben k\u00f6nnten. <\/p> <div class=\"faq\" data-component=\"FAQ\"> <div class=\"faq-item\">\r\n\t\t\t\t\t<div class=\"faq-item-question\">\r\n\t\t\t\t\t\t<h3 class=\"faq-item-question-text\">Wie f\u00fcge ich All-in-One-Bewertungen ohne Programmierkenntnisse zu meiner jQuery-Website hinzu?<\/h3>\r\n\r\n\t\t\t\t\t\t<div class=\"faq-item-question-icon\"><\/div>\r\n\t\t\t\t\t<\/div>\r\n\r\n\t\t\t\t\t<div class=\"faq-item-answer\">\r\n\t\t\t\t\t\t<div class=\"faq-item-answer-text\"> <p>Elfsight bietet eine SaaS-L\u00f6sung, mit der Sie All-in-One-Bewertungen erstellen k\u00f6nnen Wenn Sie das Widget selbst erstellen, sehen Sie, wie einfach der Vorgang ist: Arbeiten Sie direkt im Online-Editor, um ein All-in-one-Bewertungs-Widget zu erstellen, das Sie gerne auf Ihrer jQuery-Website sehen w\u00fcrden. W\u00e4hlen Sie eine der vorgefertigten Vorlagen aus und passen Sie die Einstellungen f\u00fcr All-in-One-Bewertungen an, f\u00fcgen Sie Ihre Inhalte hinzu, \u00e4ndern Sie das Layout und das Farbschema ohne Programmierkenntnisse. Speichern Sie die All-in-One-Bewertungen und kopieren Sie den Installationscode, den Sie problemlos in Ihre jQuery-Website einf\u00fcgen k\u00f6nnen, ohne ein kostenpflichtiges Abonnement erwerben zu m\u00fcssen. Mit unserem intuitiven Editor kann jeder Internetnutzer online ein All-in-One-Bewertungs-Widget erstellen und es einfach in seine jQuery-Website einbetten. Sie m\u00fcssen weder bezahlen noch Ihre Kartendaten eingeben, um auf den Service zuzugreifen. Sollten bei irgendeinem Schritt Probleme auftreten, wenden Sie sich bitte an unser technisches Support-Team.<\/p> <\/div>\r\n\t\t\t\t\t<\/div>\r\n\t\t\t\t<\/div> <\/div> <\/div>","protected":false},"excerpt":{"rendered":"","protected":false},"author":9,"featured_media":0,"parent":1450,"menu_order":0,"comment_status":"closed","ping_status":"closed","template":"templates\/template-application-platform.php","meta":{"publish_to_discourse":"","publish_post_category":"","wpdc_auto_publish_overridden":"","wpdc_topic_tags":"","wpdc_pin_topic":"","wpdc_pin_until":"","discourse_post_id":"","discourse_permalink":"","wpdc_publishing_response":"","wpdc_publishing_error":"","footnotes":""},"class_list":["post-16711","page","type-page","status-publish","hentry"],"yoast_head":"<!-- This site is optimized with the Yoast SEO plugin v25.3.1 - https:\/\/yoast.com\/wordpress\/plugins\/seo\/ -->\n<title>F\u00fcgen Sie Ihrer jQuery-Website ein responsives All-in-One-Bewertungs-Widget hinzu<\/title>\n<meta name=\"description\" content=\"Betten Sie ein responsives Rezensions-Plugin in Ihre jQuery-Site ein und erhalten Sie volles Vertrauen. Nutzen Sie die praktische Elfsight-Demo, um Ihr einzigartiges Feature zu erstellen.\" \/>\n<meta name=\"robots\" content=\"index, follow, max-snippet:-1, max-image-preview:large, max-video-preview:-1\" \/>\n<link rel=\"canonical\" href=\"https:\/\/elfsight.com\/de\/all-in-one-reviews-widget\/jquery\/\" \/>\n<meta property=\"og:locale\" content=\"de_DE\" \/>\n<meta property=\"og:type\" content=\"article\" \/>\n<meta property=\"og:title\" content=\"F\u00fcgen Sie Ihrer jQuery-Website ein responsives All-in-One-Bewertungs-Widget hinzu\" \/>\n<meta property=\"og:description\" content=\"Betten Sie ein responsives Rezensions-Plugin in Ihre jQuery-Site ein und erhalten Sie volles Vertrauen. Nutzen Sie die praktische Elfsight-Demo, um Ihr einzigartiges Feature zu erstellen.\" \/>\n<meta property=\"og:url\" content=\"https:\/\/elfsight.com\/de\/all-in-one-reviews-widget\/jquery\/\" \/>\n<meta property=\"og:site_name\" content=\"Elfsight DE\" \/>\n<meta property=\"article:modified_time\" content=\"2025-07-08T09:45:45+00:00\" \/>\n<meta name=\"twitter:card\" content=\"summary_large_image\" \/>\n<meta name=\"twitter:label1\" content=\"Gesch\u00e4tzte Lesezeit\" \/>\n\t<meta name=\"twitter:data1\" content=\"3\u00a0Minuten\" \/>\n<!-- \/ Yoast SEO plugin. -->","yoast_head_json":{"title":"F\u00fcgen Sie Ihrer jQuery-Website ein responsives All-in-One-Bewertungs-Widget hinzu","description":"Betten Sie ein responsives Rezensions-Plugin in Ihre jQuery-Site ein und erhalten Sie volles Vertrauen. Nutzen Sie die praktische Elfsight-Demo, um Ihr einzigartiges Feature zu erstellen.","robots":{"index":"index","follow":"follow","max-snippet":"max-snippet:-1","max-image-preview":"max-image-preview:large","max-video-preview":"max-video-preview:-1"},"canonical":"https:\/\/elfsight.com\/de\/all-in-one-reviews-widget\/jquery\/","og_locale":"de_DE","og_type":"article","og_title":"F\u00fcgen Sie Ihrer jQuery-Website ein responsives All-in-One-Bewertungs-Widget hinzu","og_description":"Betten Sie ein responsives Rezensions-Plugin in Ihre jQuery-Site ein und erhalten Sie volles Vertrauen. Nutzen Sie die praktische Elfsight-Demo, um Ihr einzigartiges Feature zu erstellen.","og_url":"https:\/\/elfsight.com\/de\/all-in-one-reviews-widget\/jquery\/","og_site_name":"Elfsight DE","article_modified_time":"2025-07-08T09:45:45+00:00","twitter_card":"summary_large_image","twitter_misc":{"Gesch\u00e4tzte Lesezeit":"3\u00a0Minuten"},"schema":{"@context":"https:\/\/schema.org","@graph":[{"@type":"WebPage","@id":"https:\/\/elfsight.com\/de\/all-in-one-reviews-widget\/jquery\/","url":"https:\/\/elfsight.com\/de\/all-in-one-reviews-widget\/jquery\/","name":"F\u00fcgen Sie Ihrer jQuery-Website ein responsives All-in-One-Bewertungs-Widget hinzu","isPartOf":{"@id":"https:\/\/elfsight.com\/de\/#website"},"datePublished":"2024-05-03T06:27:21+00:00","dateModified":"2025-07-08T09:45:45+00:00","description":"Betten Sie ein responsives Rezensions-Plugin in Ihre jQuery-Site ein und erhalten Sie volles Vertrauen. Nutzen Sie die praktische Elfsight-Demo, um Ihr einzigartiges Feature zu erstellen.","breadcrumb":{"@id":"https:\/\/elfsight.com\/de\/all-in-one-reviews-widget\/jquery\/#breadcrumb"},"inLanguage":"de","potentialAction":[{"@type":"ReadAction","target":["https:\/\/elfsight.com\/de\/all-in-one-reviews-widget\/jquery\/"]}]},{"@type":"BreadcrumbList","@id":"https:\/\/elfsight.com\/de\/all-in-one-reviews-widget\/jquery\/#breadcrumb","itemListElement":[{"@type":"ListItem","position":1,"name":"Home","item":"https:\/\/elfsight.com\/de\/"},{"@type":"ListItem","position":2,"name":"All-in-One Reviews","item":"https:\/\/elfsight.com\/de\/all-in-one-reviews-widget\/"},{"@type":"ListItem","position":3,"name":"All-in-One Reviews &#8211; jQuery"}]},{"@type":"WebSite","@id":"https:\/\/elfsight.com\/de\/#website","url":"https:\/\/elfsight.com\/de\/","name":"Elfsight DE","description":"Just another Elfsight Sites site","potentialAction":[{"@type":"SearchAction","target":{"@type":"EntryPoint","urlTemplate":"https:\/\/elfsight.com\/de\/?s={search_term_string}"},"query-input":{"@type":"PropertyValueSpecification","valueRequired":true,"valueName":"search_term_string"}}],"inLanguage":"de"}]}},"meta_box":{"industry":"","seo_heading":"","heading":"","description":"","cta_heading":"","cta_description":"","application":"517","h1":"jQuery All-in-One Reviews-Plugin","h1_caption":"Sammeln und pr\u00e4sentieren Sie Bewertungen von mehreren Plattformen wie Google, Facebook und Yelp in einem einzigen Plugin, um m\u00fchelos Vertrauen und Glaubw\u00fcrdigkeit in Ihre jQuery-Website aufzubauen.","application_category":[],"applications_title":"","applications_request_title":"","applications_request_button_text":"","hero_text":"","hero_video":"","hero_video_schema_markup":"","selling_points_title":"","selling_points_caption":"","selling_points":[],"selling_points_cta_text":"","features_title":"","features":"","ed_cta_examples_text":"","ed_cta_examples_hidden":"","ed_cta_demo_text":"","ed_cta_demo_hidden":"","why_caption":"","why_editor_title":"","why_editor_text":"","why_team_title":"","why_team_text":"","why_service_title":"","why_service_text":"","template_catalog_visible":"","template_catalog_title":"","template_catalog_text":"","template_catalog_categories_visible":"","demo_title":"Erstellen Sie Ihr All-in-One-Bewertungs-Plugin","demo_caption":"Konfigurieren Sie Ihre All-in-One-Bewertungen und f\u00fcgen Sie sie kostenlos zu Ihrer jQuery-Website hinzu!","default_faq_hidden":"","app_template_category":[],"platform":"258","template_public_id":"","codecanyon_url":"","codecanyon_item_id":"","codecanyon_price":"","pricing_caption":"","pricing_elfsight_apps_hide_column":"","pricing_elfsight_apps_url":"","pricing_codecanyon_price_caption":"","integration_category":[],"integration_request_title":"","integration_request_cta":"","integration_platform":"","integrations":[],"platform_category":[],"video_schema_markup":"","price":"ab 0 $ \/ Monat","trial":"","benefits":[{"text":"Kostenlose Installationshilfe"},{"text":"Erfahrener Kundensupport"},{"text":"14-t\u00e4gige Geld-zur\u00fcck-Garantie"},{"text":"Regelm\u00e4\u00dfige Updates"}],"button_url":"#demo","button_target_blank":"","button_nofollow":"","attributes":[{"name":"Installiert","content":"100,000 - 500,000"},{"name":"Reaktionsfreudig","content":"Ja"},{"name":"Kompatible Browser","content":"Firefox, Safari, Opera, Chrome, Edge"}],"tags":[],"tags_disable_links":"","hide_more_platforms":"","video_object":"","demo_hide_cta":"","demo_hide_cloud_options":"","pricing_title":"","pricing":[{"pricing_icon":"platform","pricing_title":"Elfsight Apps","pricing_title_caption":"Plattform\u00fcbergreifende Version, die auf jeder Website funktioniert","pricing_price":"ab 0 $ \/ Monat","pricing_price_caption":"Beginnen Sie mit einem kostenlosen Plan","pricing_benefits":[{"text":"Unbegrenzte Websites"},{"text":"Professionelle und p\u00fcnktliche Unterst\u00fctzung"},{"text":"Kostenlose Installationsunterst\u00fctzung"},{"text":"Vollst\u00e4ndig anpassbar"}],"pricing_button_text":"Zur Website hinzuf\u00fcgen","pricing_button_url":"#demo"}],"related_apps_title":"","related_apps_hidden":"","author":"","image":[],"title":"","job":"","social_networks":[]},"_links":{"self":[{"href":"https:\/\/elfsight.com\/de\/wp-json\/wp\/v2\/pages\/16711","targetHints":{"allow":["GET"]}}],"collection":[{"href":"https:\/\/elfsight.com\/de\/wp-json\/wp\/v2\/pages"}],"about":[{"href":"https:\/\/elfsight.com\/de\/wp-json\/wp\/v2\/types\/page"}],"author":[{"embeddable":true,"href":"https:\/\/elfsight.com\/de\/wp-json\/wp\/v2\/users\/9"}],"replies":[{"embeddable":true,"href":"https:\/\/elfsight.com\/de\/wp-json\/wp\/v2\/comments?post=16711"}],"version-history":[{"count":2,"href":"https:\/\/elfsight.com\/de\/wp-json\/wp\/v2\/pages\/16711\/revisions"}],"predecessor-version":[{"id":21219,"href":"https:\/\/elfsight.com\/de\/wp-json\/wp\/v2\/pages\/16711\/revisions\/21219"}],"up":[{"embeddable":true,"href":"https:\/\/elfsight.com\/de\/wp-json\/wp\/v2\/pages\/1450"}],"wp:attachment":[{"href":"https:\/\/elfsight.com\/de\/wp-json\/wp\/v2\/media?parent=16711"}],"curies":[{"name":"wp","href":"https:\/\/api.w.org\/{rel}","templated":true}]}}