{"id":16704,"date":"2024-05-03T06:27:18","date_gmt":"2024-05-03T06:27:18","guid":{"rendered":"https:\/\/elfsight.com\/de\/?page_id=16704"},"modified":"2025-07-08T09:46:01","modified_gmt":"2025-07-08T09:46:01","slug":"magento","status":"publish","type":"page","link":"https:\/\/elfsight.com\/de\/all-in-one-reviews-widget\/magento\/","title":{"rendered":"All-in-One Reviews &#8211; Magento"},"content":{"rendered":"<div class=\"application-platform-content-item-description application-platform-content-item\" id=\"description\" data-nav-section=\"description\"> <h2>Beschreibung<\/h2> <p>Elfsight All-in-One Reviews ist eine n\u00fctzliche Erweiterung f\u00fcr Magento, die Ihnen die M\u00f6glichkeit gibt, alles zu demonstrieren Bewertungen zu Ihren Angeboten direkt auf Ihrer Website von allen am h\u00e4ufigsten verwendeten Bewertungswebsites. Wenn Sie unser Plugin anwenden, haben Sie die M\u00f6glichkeit, Filter zum Ausblenden unerw\u00fcnschter Kommentare zu verwenden, Ihre Sternebewertung und Zahlen auf Ihrer Seite auf jeder Bewertungswebsite anzuzeigen, Informationen zu den Erstellern der Testimonials hinzuzuf\u00fcgen und eine \u00fcberzeugende Call-to-Action-Schaltfl\u00e4che hinzuzuf\u00fcgen Das wird Website-Besucher dazu inspirieren, ihre Bewertung zu schreiben. Das Elfsight Reviews-Tool kann Ihnen dabei helfen, Ihren beeindruckenden Social Proof auf Ihrer Website zu demonstrieren und mehr Verk\u00e4ufe zu erzielen. <\/p> <p><b>Steigern Sie den Umsatz, indem Sie Ihre Kundenbewertung demonstrieren<\/b><\/p> <\/div> <div class=\"application-platform-content-item-features application-platform-content-item\" id=\"features\" data-nav-section=\"features\"> <h2>Hier finden Sie die Grundfunktionen der Erweiterung: <\/h2> <ul><li>Umschaltbarer Header der Erweiterung<\/li><li>Eine Option zum Anzeigen der Anfrageschaltfl\u00e4che, um Benutzer auf Ihre Seite zu bringen<\/li><li>Hervorragendes Styling ist nur einen Klick entfernt<\/li><li>Malbare Komponenten der Widget-Oberfl\u00e4che<\/li><li>Maximale Details zur Vertrauensbildung<\/li><\/ul><p><a href=\"#demo\">Die vollst\u00e4ndigen Funktionen des Widgets finden Sie in die Demo unten<\/a><\/p> <\/div> <div class=\"application-platform-content-item-installation application-platform-content-item\" id=\"installation\" data-nav-section=\"installation\"> <h2>Wie bette ich All-in-One-Bewertungen auf meiner Magento-Website ein? <\/h2> <p>F\u00fchren Sie einfach die unten aufgef\u00fchrten Schritte aus, um das Widget zu integrieren. <\/p> <ol><li><b>\u00d6ffnen Sie unseren kostenlosen Konfigurator und beginnen Sie mit der Gestaltung Ihrer individuellen Erweiterung. <\/b><br> Finden Sie das benutzerdefinierte Layout und die Funktionen der Erweiterung und speichern Sie alle \u00c4nderungen. <\/li> <li><b>Erhalten Sie den eindeutigen Code, der im Feld von Elfsight Apps angezeigt wird. <\/b><br> Sobald die Generierung Ihrer pers\u00f6nlichen Erweiterung abgeschlossen ist, kopieren Sie den exklusiven Code in das angezeigte Feld und bewahren Sie ihn zur weiteren Verwendung auf. <\/li> <li><b>Beginnen Sie mit der Nutzung der Erweiterung auf Ihrer Magento-Website. <\/b><br> Platzieren Sie den k\u00fcrzlich gespeicherten Code auf Ihrer Seite und speichern Sie die Anpassungen. <\/li> <li><b>Fertig! Die Integration wurde erfolgreich beendet. <\/b><br> \u00d6ffnen Sie Ihre Website, um einen Blick auf die Leistung der Erweiterung zu werfen. <\/li><\/ol><p>Wenn Sie Fragen haben oder auf Komplikationen sto\u00dfen, z\u00f6gern Sie nicht, unserem Support-Team zu schreiben. Unsere Berater werden sich freuen, alle Probleme zu l\u00f6sen, die Sie mit dem Produkt haben k\u00f6nnten. <\/p> <div class=\"faq\" data-component=\"FAQ\"> <div class=\"faq-item\">\r\n\t\t\t\t\t<div class=\"faq-item-question\">\r\n\t\t\t\t\t\t<h3 class=\"faq-item-question-text\">Wie kann ich ohne Programmierkenntnisse All-in-one-Bewertungen zu meiner Magento-Website hinzuf\u00fcgen?<\/h3>\r\n\r\n\t\t\t\t\t\t<div class=\"faq-item-question-icon\"><\/div>\r\n\t\t\t\t\t<\/div>\r\n\r\n\t\t\t\t\t<div class=\"faq-item-answer\">\r\n\t\t\t\t\t\t<div class=\"faq-item-answer-text\"> <p>Elfsight bietet eine SaaS-L\u00f6sung, mit der Sie eine All-in-one-Bewertung erstellen k\u00f6nnen Sehen Sie selbst, wie einfach der Prozess ist: Erstellen Sie direkt im Online-Editor ein All-in-One-Bewertungs-Widget, das Sie gerne auf Ihrer Magento-Website sehen w\u00fcrden. W\u00e4hlen Sie eine der vorgefertigten Vorlagen aus und passen Sie die Einstellungen f\u00fcr All-in-One-Bewertungen an, f\u00fcgen Sie Ihre Inhalte hinzu, \u00e4ndern Sie das Layout und das Farbschema ohne Programmierkenntnisse. Speichern Sie die All-in-One-Rezensionen und kopieren Sie den Installationscode, den Sie m\u00fchelos in Ihre Magento-Website integrieren k\u00f6nnen, ohne einen kostenpflichtigen Plan kaufen zu m\u00fcssen. Mit unserem intuitiven Editor kann jeder Internetnutzer online ein All-in-One-Bewertungs-Widget erstellen und es einfach in seine Magento-Website einbetten. Sie m\u00fcssen weder bezahlen noch Ihre Kartendaten eingeben, um auf den Service zuzugreifen. Sollten bei irgendeinem Schritt Probleme auftreten, wenden Sie sich bitte an unser technisches Support-Team.<\/p> <\/div>\r\n\t\t\t\t\t<\/div>\r\n\t\t\t\t<\/div> <\/div> <\/div>","protected":false},"excerpt":{"rendered":"","protected":false},"author":9,"featured_media":0,"parent":1450,"menu_order":0,"comment_status":"closed","ping_status":"closed","template":"templates\/template-application-platform.php","meta":{"publish_to_discourse":"","publish_post_category":"","wpdc_auto_publish_overridden":"","wpdc_topic_tags":"","wpdc_pin_topic":"","wpdc_pin_until":"","discourse_post_id":"","discourse_permalink":"","wpdc_publishing_response":"","wpdc_publishing_error":"","footnotes":""},"class_list":["post-16704","page","type-page","status-publish","hentry"],"yoast_head":"<!-- This site is optimized with the Yoast SEO plugin v25.3.1 - https:\/\/yoast.com\/wordpress\/plugins\/seo\/ -->\n<title>F\u00fcgen Sie Ihrer Magento-Website eine responsive All-in-One-Reviews-Erweiterung hinzu<\/title>\n<meta name=\"description\" content=\"Implementieren Sie ein responsives Rezensions-Plugin auf Ihrer Magento-Website und gewinnen Sie volles Vertrauen. Nutzen Sie die benutzerfreundliche Demo von Elfsight, um Ihr pers\u00f6nliches Feature zu gestalten.\" \/>\n<meta name=\"robots\" content=\"index, follow, max-snippet:-1, max-image-preview:large, max-video-preview:-1\" \/>\n<link rel=\"canonical\" href=\"https:\/\/elfsight.com\/de\/all-in-one-reviews-widget\/magento\/\" \/>\n<meta property=\"og:locale\" content=\"de_DE\" \/>\n<meta property=\"og:type\" content=\"article\" \/>\n<meta property=\"og:title\" content=\"F\u00fcgen Sie Ihrer Magento-Website eine responsive All-in-One-Reviews-Erweiterung hinzu\" \/>\n<meta property=\"og:description\" content=\"Implementieren Sie ein responsives Rezensions-Plugin auf Ihrer Magento-Website und gewinnen Sie volles Vertrauen. Nutzen Sie die benutzerfreundliche Demo von Elfsight, um Ihr pers\u00f6nliches Feature zu gestalten.\" \/>\n<meta property=\"og:url\" content=\"https:\/\/elfsight.com\/de\/all-in-one-reviews-widget\/magento\/\" \/>\n<meta property=\"og:site_name\" content=\"Elfsight DE\" \/>\n<meta property=\"article:modified_time\" content=\"2025-07-08T09:46:01+00:00\" \/>\n<meta name=\"twitter:card\" content=\"summary_large_image\" \/>\n<meta name=\"twitter:label1\" content=\"Gesch\u00e4tzte Lesezeit\" \/>\n\t<meta name=\"twitter:data1\" content=\"3\u00a0Minuten\" \/>\n<!-- \/ Yoast SEO plugin. -->","yoast_head_json":{"title":"F\u00fcgen Sie Ihrer Magento-Website eine responsive All-in-One-Reviews-Erweiterung hinzu","description":"Implementieren Sie ein responsives Rezensions-Plugin auf Ihrer Magento-Website und gewinnen Sie volles Vertrauen. Nutzen Sie die benutzerfreundliche Demo von Elfsight, um Ihr pers\u00f6nliches Feature zu gestalten.","robots":{"index":"index","follow":"follow","max-snippet":"max-snippet:-1","max-image-preview":"max-image-preview:large","max-video-preview":"max-video-preview:-1"},"canonical":"https:\/\/elfsight.com\/de\/all-in-one-reviews-widget\/magento\/","og_locale":"de_DE","og_type":"article","og_title":"F\u00fcgen Sie Ihrer Magento-Website eine responsive All-in-One-Reviews-Erweiterung hinzu","og_description":"Implementieren Sie ein responsives Rezensions-Plugin auf Ihrer Magento-Website und gewinnen Sie volles Vertrauen. Nutzen Sie die benutzerfreundliche Demo von Elfsight, um Ihr pers\u00f6nliches Feature zu gestalten.","og_url":"https:\/\/elfsight.com\/de\/all-in-one-reviews-widget\/magento\/","og_site_name":"Elfsight DE","article_modified_time":"2025-07-08T09:46:01+00:00","twitter_card":"summary_large_image","twitter_misc":{"Gesch\u00e4tzte Lesezeit":"3\u00a0Minuten"},"schema":{"@context":"https:\/\/schema.org","@graph":[{"@type":"WebPage","@id":"https:\/\/elfsight.com\/de\/all-in-one-reviews-widget\/magento\/","url":"https:\/\/elfsight.com\/de\/all-in-one-reviews-widget\/magento\/","name":"F\u00fcgen Sie Ihrer Magento-Website eine responsive All-in-One-Reviews-Erweiterung hinzu","isPartOf":{"@id":"https:\/\/elfsight.com\/de\/#website"},"datePublished":"2024-05-03T06:27:18+00:00","dateModified":"2025-07-08T09:46:01+00:00","description":"Implementieren Sie ein responsives Rezensions-Plugin auf Ihrer Magento-Website und gewinnen Sie volles Vertrauen. Nutzen Sie die benutzerfreundliche Demo von Elfsight, um Ihr pers\u00f6nliches Feature zu gestalten.","breadcrumb":{"@id":"https:\/\/elfsight.com\/de\/all-in-one-reviews-widget\/magento\/#breadcrumb"},"inLanguage":"de","potentialAction":[{"@type":"ReadAction","target":["https:\/\/elfsight.com\/de\/all-in-one-reviews-widget\/magento\/"]}]},{"@type":"BreadcrumbList","@id":"https:\/\/elfsight.com\/de\/all-in-one-reviews-widget\/magento\/#breadcrumb","itemListElement":[{"@type":"ListItem","position":1,"name":"Home","item":"https:\/\/elfsight.com\/de\/"},{"@type":"ListItem","position":2,"name":"All-in-One Reviews","item":"https:\/\/elfsight.com\/de\/all-in-one-reviews-widget\/"},{"@type":"ListItem","position":3,"name":"All-in-One Reviews &#8211; Magento"}]},{"@type":"WebSite","@id":"https:\/\/elfsight.com\/de\/#website","url":"https:\/\/elfsight.com\/de\/","name":"Elfsight DE","description":"Just another Elfsight Sites site","potentialAction":[{"@type":"SearchAction","target":{"@type":"EntryPoint","urlTemplate":"https:\/\/elfsight.com\/de\/?s={search_term_string}"},"query-input":{"@type":"PropertyValueSpecification","valueRequired":true,"valueName":"search_term_string"}}],"inLanguage":"de"}]}},"meta_box":{"industry":"","seo_heading":"","heading":"","description":"","cta_heading":"","cta_description":"","application":"517","h1":"Magento All-in-One Reviews-Erweiterung","h1_caption":"Sammeln und pr\u00e4sentieren Sie Bewertungen von mehreren Plattformen wie Google, Facebook und Yelp in einer einzigen Erweiterung, um m\u00fchelos Vertrauen und Glaubw\u00fcrdigkeit in Ihre Magento-Website aufzubauen.","application_category":[],"applications_title":"","applications_request_title":"","applications_request_button_text":"","hero_text":"","hero_video":"","hero_video_schema_markup":"","selling_points_title":"","selling_points_caption":"","selling_points":[],"selling_points_cta_text":"","features_title":"","features":"","ed_cta_examples_text":"","ed_cta_examples_hidden":"","ed_cta_demo_text":"","ed_cta_demo_hidden":"","why_caption":"","why_editor_title":"","why_editor_text":"","why_team_title":"","why_team_text":"","why_service_title":"","why_service_text":"","template_catalog_visible":"","template_catalog_title":"","template_catalog_text":"","template_catalog_categories_visible":"","demo_title":"Erstellen Sie Ihre All-in-One-Reviews-Erweiterung","demo_caption":"Konfigurieren Sie Ihre All-in-One-Bewertungen und f\u00fcgen Sie sie kostenlos zu Ihrer Magento-Website hinzu!","default_faq_hidden":"","app_template_category":[],"platform":"256","template_public_id":"","codecanyon_url":"","codecanyon_item_id":"","codecanyon_price":"","pricing_caption":"","pricing_elfsight_apps_hide_column":"","pricing_elfsight_apps_url":"","pricing_codecanyon_price_caption":"","integration_category":[],"integration_request_title":"","integration_request_cta":"","integration_platform":"","integrations":[],"platform_category":[],"video_schema_markup":"","price":"ab 0 $ \/ Monat","trial":"","benefits":[{"text":"Kostenlose Installationsunterst\u00fctzung"},{"text":"Effektiver Kundenservice"},{"text":"14-t\u00e4gige Geld-zur\u00fcck-Garantie"},{"text":"Laufende Updates"}],"button_url":"#demo","button_target_blank":"","button_nofollow":"","attributes":[{"name":"Installiert","content":"100,000 - 500,000"},{"name":"Reaktionsfreudig","content":"Ja"},{"name":"Kompatible Browser","content":"Firefox, Safari, Opera, Chrome, Edge"}],"tags":[],"tags_disable_links":"","hide_more_platforms":"","video_object":"","demo_hide_cta":"","demo_hide_cloud_options":"","pricing_title":"","pricing":[{"pricing_icon":"platform","pricing_title":"Elfsight Apps","pricing_title_caption":"Multiplattform-L\u00f6sung, die f\u00fcr jeden Standort geeignet ist","pricing_price":"ab 0 $ \/ Monat","pricing_price_caption":"Beginnen Sie mit einem kostenlosen Plan","pricing_benefits":[{"text":"Unbegrenzte Domains"},{"text":"Kostenloser Kundensupport und gut dokumentiert"},{"text":"Kostenlose Installationshilfe"},{"text":"Flexibles Design"}],"pricing_button_text":"Zur Website hinzuf\u00fcgen","pricing_button_url":"#demo"}],"related_apps_title":"","related_apps_hidden":"","author":"","image":[],"title":"","job":"","social_networks":[]},"_links":{"self":[{"href":"https:\/\/elfsight.com\/de\/wp-json\/wp\/v2\/pages\/16704","targetHints":{"allow":["GET"]}}],"collection":[{"href":"https:\/\/elfsight.com\/de\/wp-json\/wp\/v2\/pages"}],"about":[{"href":"https:\/\/elfsight.com\/de\/wp-json\/wp\/v2\/types\/page"}],"author":[{"embeddable":true,"href":"https:\/\/elfsight.com\/de\/wp-json\/wp\/v2\/users\/9"}],"replies":[{"embeddable":true,"href":"https:\/\/elfsight.com\/de\/wp-json\/wp\/v2\/comments?post=16704"}],"version-history":[{"count":2,"href":"https:\/\/elfsight.com\/de\/wp-json\/wp\/v2\/pages\/16704\/revisions"}],"predecessor-version":[{"id":21216,"href":"https:\/\/elfsight.com\/de\/wp-json\/wp\/v2\/pages\/16704\/revisions\/21216"}],"up":[{"embeddable":true,"href":"https:\/\/elfsight.com\/de\/wp-json\/wp\/v2\/pages\/1450"}],"wp:attachment":[{"href":"https:\/\/elfsight.com\/de\/wp-json\/wp\/v2\/media?parent=16704"}],"curies":[{"name":"wp","href":"https:\/\/api.w.org\/{rel}","templated":true}]}}