{"id":16703,"date":"2024-05-03T06:27:17","date_gmt":"2024-05-03T06:27:17","guid":{"rendered":"https:\/\/elfsight.com\/de\/?page_id=16703"},"modified":"2025-07-08T09:45:32","modified_gmt":"2025-07-08T09:45:32","slug":"html","status":"publish","type":"page","link":"https:\/\/elfsight.com\/de\/all-in-one-reviews-widget\/html\/","title":{"rendered":"All-in-One Reviews &#8211; HTML"},"content":{"rendered":"<div class=\"application-platform-content-item-description application-platform-content-item\" id=\"description\" data-nav-section=\"description\"> <h2>Beschreibung<\/h2> <p>Elfsight All-in-One Reviews ist ein n\u00fctzliches Widget f\u00fcr HTML, das Ihnen die M\u00f6glichkeit bietet, alle anzuzeigen Bewertungen zu Ihrem Unternehmen direkt auf Ihrer Website von den meistgenutzten Unternehmensbewertungsseiten. Mit unserem Tool k\u00f6nnen Sie Filter verwenden, um unerw\u00fcnschte Kommentare zu verbergen, Ihre Bewertung und Zahlen aus Ihrem Profil auf einer beliebigen Plattform f\u00fcr Gesch\u00e4ftsbewertungen anzuzeigen, Informationen zu den Erstellern der Bewertungen hinzuzuf\u00fcgen und einen interessanten Call-to-Action-Button hinzuzuf\u00fcgen Motivieren Sie Benutzer, eine neue Bewertung abzugeben. Das Elfsight-Bewertungs-Widget soll Ihnen dabei helfen, Ihre bemerkenswerten sozialen Beweise auf der Webseite zu offenbaren und mehr Verk\u00e4ufe zu erzielen. <\/p> <p><b>Steigern Sie den Umsatz und zeigen Sie so Ihre hohe Bewertung<\/b><\/p> <\/div> <div class=\"application-platform-content-item-features application-platform-content-item\" id=\"features\" data-nav-section=\"features\"> <h2>Dies sind nur einige der vielen Widget-Funktionen: <\/h2> <ul><li>Eine Option zum Ein-\/Ausschalten der Kopfzeile des Widgets<\/li><li>Eine Option zum Anzeigen der Schaltfl\u00e4che \u201eBewertung schreiben\u201c zur Weiterleitung auf Ihrer Seite<\/li><li>Bewundernswert Das Styling ist nur einen Klick entfernt<\/li><li>Malbare Elemente der Widget-Oberfl\u00e4che<\/li><li>Maximale Details f\u00fcr den Vertrauensaufbau<\/li><\/ul><p><a href=\"#demo\">Schauen Sie sich einfach diese Demo an, um zu sehen, was das Widget wert ist<\/a><\/p> <\/div> <div class=\"application-platform-content-item-installation application-platform-content-item\" id=\"installation\" data-nav-section=\"installation\"> <h2>Wie bette ich All-in-One-Bewertungen in meine HTML-Site ein? <\/h2> <p>Erf\u00fcllen Sie einfach die folgenden Richtlinien, um das Tool zu integrieren. <\/p> <ol><li><b>Nutzen Sie unseren kostenlosen Editor und beginnen Sie mit der Erstellung Ihres einzigartigen Widgets. <\/b><br> Finden Sie die bevorzugte Form und die funktionalen Merkmale des Werkzeugs und wenden Sie die \u00c4nderungen an. <\/li> <li><b>Holen Sie sich den einzigartigen Code, der im speziellen Formular auf Elfsight Apps angezeigt wird. <\/b><br> Sobald die Erstellung Ihres Plugins abgeschlossen ist, kopieren Sie den einzelnen Code aus dem angezeigten Popup und bewahren Sie ihn f\u00fcr zuk\u00fcnftige Gelegenheiten auf. <\/li> <li><b>Initiieren Sie die Nutzung des Plugins auf Ihrer HTML-Site. <\/b><br> Platzieren Sie den Code, den Sie k\u00fcrzlich gespeichert haben, auf Ihrer Website und wenden Sie die Verbesserungen an. <\/li> <li><b>Das Setup ist vollst\u00e4ndig durchgef\u00fchrt. <\/b><br> Besuchen Sie Ihre Website, um zu sehen, wie das Widget funktioniert. <\/li><\/ol> <p>Wenn Sie Komplikationen haben, scheuen Sie sich nicht, sich an unser Support-Team zu wenden. Unsere Spezialisten beantworten gerne alle Fragen, die Sie zum Tool haben. <\/p> <div class=\"faq\" data-component=\"FAQ\"> <div class=\"faq-item\">\r\n\t\t\t\t\t<div class=\"faq-item-question\">\r\n\t\t\t\t\t\t<h3 class=\"faq-item-question-text\">Wie f\u00fcge ich All-in-One-Bewertungen ohne Programmierkenntnisse zu meiner HTML-Website hinzu?<\/h3>\r\n\r\n\t\t\t\t\t\t<div class=\"faq-item-question-icon\"><\/div>\r\n\t\t\t\t\t<\/div>\r\n\r\n\t\t\t\t\t<div class=\"faq-item-answer\">\r\n\t\t\t\t\t\t<div class=\"faq-item-answer-text\"> <p>Elfsight bietet eine SaaS-L\u00f6sung, mit der Sie All-in-One-Bewertungen erstellen k\u00f6nnen Wenn Sie das Widget selbst erstellen, sehen Sie, wie einfach der Vorgang ist: Erstellen Sie direkt im Online-Editor ein All-in-One-Bewertungs-Widget, das Sie gerne auf Ihrer HTML-Website sehen m\u00f6chten. W\u00e4hlen Sie eine der vorgefertigten Vorlagen aus und passen Sie die Einstellungen f\u00fcr All-in-One-Bewertungen an, f\u00fcgen Sie Ihre Inhalte hinzu, \u00e4ndern Sie das Layout und das Farbschema ohne Programmierkenntnisse. Speichern Sie die All-in-One-Rezensionen und kopieren Sie den Installationscode, den Sie problemlos in Ihre HTML-Website integrieren k\u00f6nnen, ohne einen kostenpflichtigen Plan zu kaufen. Mit unserem intuitiven Editor kann jeder Internetnutzer online ein All-in-One-Bewertungs-Widget erstellen und es einfach in seine HTML-Website einbetten. Sie m\u00fcssen weder bezahlen noch Ihre Kartendaten eingeben, um auf den Service zuzugreifen. Sollten bei irgendeinem Schritt Probleme auftreten, wenden Sie sich bitte an unser technisches Support-Team.<\/p> <\/div>\r\n\t\t\t\t\t<\/div>\r\n\t\t\t\t<\/div> <\/div> <\/div>","protected":false},"excerpt":{"rendered":"","protected":false},"author":9,"featured_media":0,"parent":1450,"menu_order":0,"comment_status":"closed","ping_status":"closed","template":"templates\/template-application-platform.php","meta":{"publish_to_discourse":"","publish_post_category":"","wpdc_auto_publish_overridden":"","wpdc_topic_tags":"","wpdc_pin_topic":"","wpdc_pin_until":"","discourse_post_id":"","discourse_permalink":"","wpdc_publishing_response":"","wpdc_publishing_error":"","footnotes":""},"class_list":["post-16703","page","type-page","status-publish","hentry"],"yoast_head":"<!-- This site is optimized with the Yoast SEO plugin v25.3.1 - https:\/\/yoast.com\/wordpress\/plugins\/seo\/ -->\n<title>F\u00fcgen Sie Ihrer HTML-Website ein responsives All-in-One-Bewertungs-Widget hinzu<\/title>\n<meta name=\"description\" content=\"Implementieren Sie ein responsives All-in-One-Rezensions-Plugin auf Ihrer HTML-Website und gewinnen Sie volles Vertrauen. Nutzen Sie die praktische Elfsight-Demo, um Ihr einzigartiges Feature zu erstellen.\" \/>\n<meta name=\"robots\" content=\"index, follow, max-snippet:-1, max-image-preview:large, max-video-preview:-1\" \/>\n<link rel=\"canonical\" href=\"https:\/\/elfsight.com\/de\/all-in-one-reviews-widget\/html\/\" \/>\n<meta property=\"og:locale\" content=\"de_DE\" \/>\n<meta property=\"og:type\" content=\"article\" \/>\n<meta property=\"og:title\" content=\"F\u00fcgen Sie Ihrer HTML-Website ein responsives All-in-One-Bewertungs-Widget hinzu\" \/>\n<meta property=\"og:description\" content=\"Implementieren Sie ein responsives All-in-One-Rezensions-Plugin auf Ihrer HTML-Website und gewinnen Sie volles Vertrauen. Nutzen Sie die praktische Elfsight-Demo, um Ihr einzigartiges Feature zu erstellen.\" \/>\n<meta property=\"og:url\" content=\"https:\/\/elfsight.com\/de\/all-in-one-reviews-widget\/html\/\" \/>\n<meta property=\"og:site_name\" content=\"Elfsight DE\" \/>\n<meta property=\"article:modified_time\" content=\"2025-07-08T09:45:32+00:00\" \/>\n<meta name=\"twitter:card\" content=\"summary_large_image\" \/>\n<meta name=\"twitter:label1\" content=\"Gesch\u00e4tzte Lesezeit\" \/>\n\t<meta name=\"twitter:data1\" content=\"3\u00a0Minuten\" \/>\n<!-- \/ Yoast SEO plugin. -->","yoast_head_json":{"title":"F\u00fcgen Sie Ihrer HTML-Website ein responsives All-in-One-Bewertungs-Widget hinzu","description":"Implementieren Sie ein responsives All-in-One-Rezensions-Plugin auf Ihrer HTML-Website und gewinnen Sie volles Vertrauen. Nutzen Sie die praktische Elfsight-Demo, um Ihr einzigartiges Feature zu erstellen.","robots":{"index":"index","follow":"follow","max-snippet":"max-snippet:-1","max-image-preview":"max-image-preview:large","max-video-preview":"max-video-preview:-1"},"canonical":"https:\/\/elfsight.com\/de\/all-in-one-reviews-widget\/html\/","og_locale":"de_DE","og_type":"article","og_title":"F\u00fcgen Sie Ihrer HTML-Website ein responsives All-in-One-Bewertungs-Widget hinzu","og_description":"Implementieren Sie ein responsives All-in-One-Rezensions-Plugin auf Ihrer HTML-Website und gewinnen Sie volles Vertrauen. Nutzen Sie die praktische Elfsight-Demo, um Ihr einzigartiges Feature zu erstellen.","og_url":"https:\/\/elfsight.com\/de\/all-in-one-reviews-widget\/html\/","og_site_name":"Elfsight DE","article_modified_time":"2025-07-08T09:45:32+00:00","twitter_card":"summary_large_image","twitter_misc":{"Gesch\u00e4tzte Lesezeit":"3\u00a0Minuten"},"schema":{"@context":"https:\/\/schema.org","@graph":[{"@type":"WebPage","@id":"https:\/\/elfsight.com\/de\/all-in-one-reviews-widget\/html\/","url":"https:\/\/elfsight.com\/de\/all-in-one-reviews-widget\/html\/","name":"F\u00fcgen Sie Ihrer HTML-Website ein responsives All-in-One-Bewertungs-Widget hinzu","isPartOf":{"@id":"https:\/\/elfsight.com\/de\/#website"},"datePublished":"2024-05-03T06:27:17+00:00","dateModified":"2025-07-08T09:45:32+00:00","description":"Implementieren Sie ein responsives All-in-One-Rezensions-Plugin auf Ihrer HTML-Website und gewinnen Sie volles Vertrauen. Nutzen Sie die praktische Elfsight-Demo, um Ihr einzigartiges Feature zu erstellen.","breadcrumb":{"@id":"https:\/\/elfsight.com\/de\/all-in-one-reviews-widget\/html\/#breadcrumb"},"inLanguage":"de","potentialAction":[{"@type":"ReadAction","target":["https:\/\/elfsight.com\/de\/all-in-one-reviews-widget\/html\/"]}]},{"@type":"BreadcrumbList","@id":"https:\/\/elfsight.com\/de\/all-in-one-reviews-widget\/html\/#breadcrumb","itemListElement":[{"@type":"ListItem","position":1,"name":"Home","item":"https:\/\/elfsight.com\/de\/"},{"@type":"ListItem","position":2,"name":"All-in-One Reviews","item":"https:\/\/elfsight.com\/de\/all-in-one-reviews-widget\/"},{"@type":"ListItem","position":3,"name":"All-in-One Reviews &#8211; HTML"}]},{"@type":"WebSite","@id":"https:\/\/elfsight.com\/de\/#website","url":"https:\/\/elfsight.com\/de\/","name":"Elfsight DE","description":"Just another Elfsight Sites site","potentialAction":[{"@type":"SearchAction","target":{"@type":"EntryPoint","urlTemplate":"https:\/\/elfsight.com\/de\/?s={search_term_string}"},"query-input":{"@type":"PropertyValueSpecification","valueRequired":true,"valueName":"search_term_string"}}],"inLanguage":"de"}]}},"meta_box":{"industry":"","seo_heading":"","heading":"","description":"","cta_heading":"","cta_description":"","application":"517","h1":"HTML-All-in-One-Bewertungs-Widget","h1_caption":"Sammeln und pr\u00e4sentieren Sie Bewertungen von mehreren Plattformen wie Google, Facebook und Yelp in einem einzigen Widget, um m\u00fchelos Vertrauen und Glaubw\u00fcrdigkeit in Ihre HTML-Website aufzubauen.","application_category":[],"applications_title":"","applications_request_title":"","applications_request_button_text":"","hero_text":"","hero_video":"","hero_video_schema_markup":"","selling_points_title":"","selling_points_caption":"","selling_points":[],"selling_points_cta_text":"","features_title":"","features":"","ed_cta_examples_text":"","ed_cta_examples_hidden":"","ed_cta_demo_text":"","ed_cta_demo_hidden":"","why_caption":"","why_editor_title":"","why_editor_text":"","why_team_title":"","why_team_text":"","why_service_title":"","why_service_text":"","template_catalog_visible":"","template_catalog_title":"","template_catalog_text":"","template_catalog_categories_visible":"","demo_title":"Erstellen Sie Ihr All-in-One-Bewertungs-Widget","demo_caption":"Konfigurieren Sie Ihre All-in-One-Bewertungen und f\u00fcgen Sie sie kostenlos zu Ihrer HTML-Website hinzu!","default_faq_hidden":"","app_template_category":[],"platform":"260","template_public_id":"","codecanyon_url":"","codecanyon_item_id":"","codecanyon_price":"","pricing_caption":"","pricing_elfsight_apps_hide_column":"","pricing_elfsight_apps_url":"","pricing_codecanyon_price_caption":"","integration_category":[],"integration_request_title":"","integration_request_cta":"","integration_platform":"","integrations":[],"platform_category":[],"video_schema_markup":"","price":"ab 0 $ \/ Monat","trial":"","benefits":[{"text":"Kostenloser Installationsservice"},{"text":"Au\u00dfergew\u00f6hnlicher Support"},{"text":"14-t\u00e4gige R\u00fcckerstattungsgarantie"},{"text":"St\u00e4ndige Aktualisierung"}],"button_url":"#demo","button_target_blank":"","button_nofollow":"","attributes":[{"name":"Installiert","content":"100,000 - 500,000"},{"name":"Reaktionsfreudig","content":"Ja"},{"name":"Kompatible Browser","content":"Firefox, Safari, Opera, Chrome, Edge"}],"tags":[],"tags_disable_links":"","hide_more_platforms":"","video_object":"","demo_hide_cta":"","demo_hide_cloud_options":"","pricing_title":"","pricing":[{"pricing_icon":"platform","pricing_title":"Elfsight Apps","pricing_title_caption":"Plattform\u00fcbergreifende L\u00f6sung, die auf jeder Website funktioniert","pricing_price":"ab 0 $ \/ Monat","pricing_price_caption":"Beginnen Sie mit einem kostenlosen Plan","pricing_benefits":[{"text":"Unbegrenzte Domains"},{"text":"Kundensupport rund um die Uhr"},{"text":"Kostenlose Installationshilfe"},{"text":"Tolles Angebot f\u00fcr mehrere Apps"}],"pricing_button_text":"Zur Website hinzuf\u00fcgen","pricing_button_url":"#demo"}],"related_apps_title":"","related_apps_hidden":"","author":"","image":[],"title":"","job":"","social_networks":[]},"_links":{"self":[{"href":"https:\/\/elfsight.com\/de\/wp-json\/wp\/v2\/pages\/16703","targetHints":{"allow":["GET"]}}],"collection":[{"href":"https:\/\/elfsight.com\/de\/wp-json\/wp\/v2\/pages"}],"about":[{"href":"https:\/\/elfsight.com\/de\/wp-json\/wp\/v2\/types\/page"}],"author":[{"embeddable":true,"href":"https:\/\/elfsight.com\/de\/wp-json\/wp\/v2\/users\/9"}],"replies":[{"embeddable":true,"href":"https:\/\/elfsight.com\/de\/wp-json\/wp\/v2\/comments?post=16703"}],"version-history":[{"count":2,"href":"https:\/\/elfsight.com\/de\/wp-json\/wp\/v2\/pages\/16703\/revisions"}],"predecessor-version":[{"id":21215,"href":"https:\/\/elfsight.com\/de\/wp-json\/wp\/v2\/pages\/16703\/revisions\/21215"}],"up":[{"embeddable":true,"href":"https:\/\/elfsight.com\/de\/wp-json\/wp\/v2\/pages\/1450"}],"wp:attachment":[{"href":"https:\/\/elfsight.com\/de\/wp-json\/wp\/v2\/media?parent=16703"}],"curies":[{"name":"wp","href":"https:\/\/api.w.org\/{rel}","templated":true}]}}